{"id":9966,"date":"2021-05-11T13:55:24","date_gmt":"2021-09-16T09:28:05","guid":{"rendered":"https:\/\/naturalpoland.pl\/produkty\/Ei-luokiteltu\/luonnollinen-e-vitamiinijauhe-30\/"},"modified":"2021-09-16T12:32:49","modified_gmt":"2021-09-16T10:32:49","slug":"luonnollinen-vitamiini-e-30-jauhe","status":"publish","type":"product","link":"https:\/\/naturalpoland.com\/fi\/tuotteet\/laaketeollisuuden-tuotteet\/vitamiinit\/luonnollinen-vitamiini-e-30-jauhe\/","title":{"rendered":"Luonnollinen E -vitamiinijauhe 30%"},"content":{"rendered":"<p>Se vaikuttaa koko kehoon:<br \/>\nE -vitamiinia voidaan k\u00e4ytt\u00e4\u00e4 maksan tukemiseen. Sit\u00e4 k\u00e4ytet\u00e4\u00e4n my\u00f6s ehk\u00e4isem\u00e4\u00e4n n\u00e4k\u00f6h\u00e4iri\u00f6it\u00e4 ja ik\u00e4\u00e4n liittyv\u00e4\u00e4 silm\u00e4npohjan rappeutumista. Koska se on voimakas antioksidantti, se suojaa aivoja ja verisuonia vapailta radikaaleilta. Sit\u00e4 voidaan k\u00e4ytt\u00e4\u00e4 my\u00f6s alkoholittoman rasvasairauden v\u00e4hent\u00e4miseen. E -vitamiinin puute voi johtaa keskittymis- ja tasapaino -ongelmiin.<\/p>\n","protected":false},"excerpt":{"rendered":"<p><strong>Luonnollinen E -vitamiinijauhe 30%<\/strong> on erinomainen ravintolis\u00e4 ja lis\u00e4 ihonhoitotuotteisiin. E -vitamiini antaa sille syv\u00e4n nesteytyksen. Se auttaa my\u00f6s varmistamaan, ett\u00e4 iho on voideltu oikein ja muodostaa suojaavan pinnoitteen s\u00e4\u00e4olosuhteita vastaan.<\/p>\n","protected":false},"featured_media":9968,"template":"","meta":[],"product_brand":[],"product_cat":[537],"product_tag":[],"class_list":{"0":"post-9966","1":"product","2":"type-product","3":"status-publish","4":"has-post-thumbnail","6":"product_cat-vitamiinit","8":"first","9":"instock","10":"shipping-taxable","11":"product-type-simple"},"yoast_head":"<!-- This site is optimized with the Yoast SEO plugin v27.4 - https:\/\/yoast.com\/product\/yoast-seo-wordpress\/ -->\n<title>Luonnollinen E -vitamiinijauhe 30% - Tukkudistribuutio<\/title>\n<meta name=\"robots\" content=\"index, follow, max-snippet:-1, max-image-preview:large, max-video-preview:-1\" \/>\n<link rel=\"canonical\" href=\"https:\/\/naturalpoland.com\/fi\/tuotteet\/laaketeollisuuden-tuotteet\/vitamiinit\/luonnollinen-vitamiini-e-30-jauhe\/\" \/>\n<meta property=\"og:locale\" content=\"fi_FI\" \/>\n<meta property=\"og:type\" content=\"article\" \/>\n<meta property=\"og:title\" content=\"Luonnollinen E -vitamiinijauhe 30% - Tukkudistribuutio\" \/>\n<meta property=\"og:description\" content=\"Luonnollinen E -vitamiinijauhe 30% on erinomainen ravintolis\u00e4 ja lis\u00e4 ihonhoitotuotteisiin. E -vitamiini antaa sille syv\u00e4n nesteytyksen. Se auttaa my\u00f6s varmistamaan, ett\u00e4 iho on voideltu oikein ja muodostaa suojaavan pinnoitteen s\u00e4\u00e4olosuhteita vastaan.\" \/>\n<meta property=\"og:url\" content=\"https:\/\/naturalpoland.com\/fi\/tuotteet\/laaketeollisuuden-tuotteet\/vitamiinit\/luonnollinen-vitamiini-e-30-jauhe\/\" \/>\n<meta property=\"og:site_name\" content=\"NATURAL POLAND - RAAKA-AINEIDEN TUKKUJAKELIJA\" \/>\n<meta property=\"article:publisher\" content=\"https:\/\/www.facebook.com\/naturalpoland.b2b\" \/>\n<meta property=\"article:modified_time\" content=\"2021-09-16T10:32:49+00:00\" \/>\n<meta property=\"og:image\" content=\"https:\/\/naturalpoland.com\/wp-content\/uploads\/2021\/05\/natural-poland-icon.png\" \/>\n\t<meta property=\"og:image:width\" content=\"512\" \/>\n\t<meta property=\"og:image:height\" content=\"512\" \/>\n\t<meta property=\"og:image:type\" content=\"image\/png\" \/>\n<script type=\"application\/ld+json\" class=\"yoast-schema-graph\">{\"@context\":\"https:\\\/\\\/schema.org\",\"@graph\":[{\"@type\":\"WebPage\",\"@id\":\"https:\\\/\\\/naturalpoland.com\\\/fi\\\/tuotteet\\\/laaketeollisuuden-tuotteet\\\/vitamiinit\\\/luonnollinen-vitamiini-e-30-jauhe\\\/\",\"url\":\"https:\\\/\\\/naturalpoland.com\\\/fi\\\/tuotteet\\\/laaketeollisuuden-tuotteet\\\/vitamiinit\\\/luonnollinen-vitamiini-e-30-jauhe\\\/\",\"name\":\"Luonnollinen E -vitamiinijauhe 30% - Tukkudistribuutio\",\"isPartOf\":{\"@id\":\"https:\\\/\\\/naturalpoland.com\\\/fi\\\/#website\"},\"primaryImageOfPage\":{\"@id\":\"https:\\\/\\\/naturalpoland.com\\\/fi\\\/tuotteet\\\/laaketeollisuuden-tuotteet\\\/vitamiinit\\\/luonnollinen-vitamiini-e-30-jauhe\\\/#primaryimage\"},\"image\":{\"@id\":\"https:\\\/\\\/naturalpoland.com\\\/fi\\\/tuotteet\\\/laaketeollisuuden-tuotteet\\\/vitamiinit\\\/luonnollinen-vitamiini-e-30-jauhe\\\/#primaryimage\"},\"thumbnailUrl\":\"\",\"datePublished\":\"2021-09-16T09:28:05+00:00\",\"dateModified\":\"2021-09-16T10:32:49+00:00\",\"breadcrumb\":{\"@id\":\"https:\\\/\\\/naturalpoland.com\\\/fi\\\/tuotteet\\\/laaketeollisuuden-tuotteet\\\/vitamiinit\\\/luonnollinen-vitamiini-e-30-jauhe\\\/#breadcrumb\"},\"inLanguage\":\"fi\",\"potentialAction\":[{\"@type\":\"ReadAction\",\"target\":[\"https:\\\/\\\/naturalpoland.com\\\/fi\\\/tuotteet\\\/laaketeollisuuden-tuotteet\\\/vitamiinit\\\/luonnollinen-vitamiini-e-30-jauhe\\\/\"]}]},{\"@type\":\"ImageObject\",\"inLanguage\":\"fi\",\"@id\":\"https:\\\/\\\/naturalpoland.com\\\/fi\\\/tuotteet\\\/laaketeollisuuden-tuotteet\\\/vitamiinit\\\/luonnollinen-vitamiini-e-30-jauhe\\\/#primaryimage\",\"url\":\"\",\"contentUrl\":\"\",\"width\":2560,\"height\":2560},{\"@type\":\"BreadcrumbList\",\"@id\":\"https:\\\/\\\/naturalpoland.com\\\/fi\\\/tuotteet\\\/laaketeollisuuden-tuotteet\\\/vitamiinit\\\/luonnollinen-vitamiini-e-30-jauhe\\\/#breadcrumb\",\"itemListElement\":[{\"@type\":\"ListItem\",\"position\":1,\"name\":\"Etusivu\",\"item\":\"https:\\\/\\\/naturalpoland.com\\\/fi\\\/\"},{\"@type\":\"ListItem\",\"position\":2,\"name\":\"Tuotteet\",\"item\":\"https:\\\/\\\/naturalpoland.com\\\/fi\\\/tuotteet\\\/\"},{\"@type\":\"ListItem\",\"position\":3,\"name\":\"Luonnollinen E -vitamiinijauhe 30%\"}]},{\"@type\":\"WebSite\",\"@id\":\"https:\\\/\\\/naturalpoland.com\\\/fi\\\/#website\",\"url\":\"https:\\\/\\\/naturalpoland.com\\\/fi\\\/\",\"name\":\"NATURAL POLAND - RAAKA-AINEIDEN TUKKUJAKELIJA\",\"description\":\"Surowce dla przemys\u0142u spo\u017cywczego, kosmetycznego i farmaceutycznego\",\"publisher\":{\"@id\":\"https:\\\/\\\/naturalpoland.com\\\/fi\\\/#organization\"},\"potentialAction\":[{\"@type\":\"SearchAction\",\"target\":{\"@type\":\"EntryPoint\",\"urlTemplate\":\"https:\\\/\\\/naturalpoland.com\\\/fi\\\/?s={search_term_string}\"},\"query-input\":{\"@type\":\"PropertyValueSpecification\",\"valueRequired\":true,\"valueName\":\"search_term_string\"}}],\"inLanguage\":\"fi\"},{\"@type\":\"Organization\",\"@id\":\"https:\\\/\\\/naturalpoland.com\\\/fi\\\/#organization\",\"name\":\"Natural Poland\",\"url\":\"https:\\\/\\\/naturalpoland.com\\\/fi\\\/\",\"logo\":{\"@type\":\"ImageObject\",\"inLanguage\":\"fi\",\"@id\":\"https:\\\/\\\/naturalpoland.com\\\/fi\\\/#\\\/schema\\\/logo\\\/image\\\/\",\"url\":\"https:\\\/\\\/naturalpoland.com\\\/wp-content\\\/uploads\\\/2021\\\/05\\\/natural-poland-icon.png\",\"contentUrl\":\"https:\\\/\\\/naturalpoland.com\\\/wp-content\\\/uploads\\\/2021\\\/05\\\/natural-poland-icon.png\",\"width\":512,\"height\":512,\"caption\":\"Natural Poland\"},\"image\":{\"@id\":\"https:\\\/\\\/naturalpoland.com\\\/fi\\\/#\\\/schema\\\/logo\\\/image\\\/\"},\"sameAs\":[\"https:\\\/\\\/www.facebook.com\\\/naturalpoland.b2b\",\"https:\\\/\\\/pl.linkedin.com\\\/company\\\/natural-poland\",\"https:\\\/\\\/www.youtube.com\\\/channel\\\/UCgeGGkvOMahZo-xu_MSEWxg\"]}]}<\/script>\n<!-- \/ Yoast SEO plugin. -->","yoast_head_json":{"title":"Luonnollinen E -vitamiinijauhe 30% - Tukkudistribuutio","robots":{"index":"index","follow":"follow","max-snippet":"max-snippet:-1","max-image-preview":"max-image-preview:large","max-video-preview":"max-video-preview:-1"},"canonical":"https:\/\/naturalpoland.com\/fi\/tuotteet\/laaketeollisuuden-tuotteet\/vitamiinit\/luonnollinen-vitamiini-e-30-jauhe\/","og_locale":"fi_FI","og_type":"article","og_title":"Luonnollinen E -vitamiinijauhe 30% - Tukkudistribuutio","og_description":"Luonnollinen E -vitamiinijauhe 30% on erinomainen ravintolis\u00e4 ja lis\u00e4 ihonhoitotuotteisiin. E -vitamiini antaa sille syv\u00e4n nesteytyksen. Se auttaa my\u00f6s varmistamaan, ett\u00e4 iho on voideltu oikein ja muodostaa suojaavan pinnoitteen s\u00e4\u00e4olosuhteita vastaan.","og_url":"https:\/\/naturalpoland.com\/fi\/tuotteet\/laaketeollisuuden-tuotteet\/vitamiinit\/luonnollinen-vitamiini-e-30-jauhe\/","og_site_name":"NATURAL POLAND - RAAKA-AINEIDEN TUKKUJAKELIJA","article_publisher":"https:\/\/www.facebook.com\/naturalpoland.b2b","article_modified_time":"2021-09-16T10:32:49+00:00","og_image":[{"width":512,"height":512,"url":"https:\/\/naturalpoland.com\/wp-content\/uploads\/2021\/05\/natural-poland-icon.png","type":"image\/png"}],"schema":{"@context":"https:\/\/schema.org","@graph":[{"@type":"WebPage","@id":"https:\/\/naturalpoland.com\/fi\/tuotteet\/laaketeollisuuden-tuotteet\/vitamiinit\/luonnollinen-vitamiini-e-30-jauhe\/","url":"https:\/\/naturalpoland.com\/fi\/tuotteet\/laaketeollisuuden-tuotteet\/vitamiinit\/luonnollinen-vitamiini-e-30-jauhe\/","name":"Luonnollinen E -vitamiinijauhe 30% - Tukkudistribuutio","isPartOf":{"@id":"https:\/\/naturalpoland.com\/fi\/#website"},"primaryImageOfPage":{"@id":"https:\/\/naturalpoland.com\/fi\/tuotteet\/laaketeollisuuden-tuotteet\/vitamiinit\/luonnollinen-vitamiini-e-30-jauhe\/#primaryimage"},"image":{"@id":"https:\/\/naturalpoland.com\/fi\/tuotteet\/laaketeollisuuden-tuotteet\/vitamiinit\/luonnollinen-vitamiini-e-30-jauhe\/#primaryimage"},"thumbnailUrl":"","datePublished":"2021-09-16T09:28:05+00:00","dateModified":"2021-09-16T10:32:49+00:00","breadcrumb":{"@id":"https:\/\/naturalpoland.com\/fi\/tuotteet\/laaketeollisuuden-tuotteet\/vitamiinit\/luonnollinen-vitamiini-e-30-jauhe\/#breadcrumb"},"inLanguage":"fi","potentialAction":[{"@type":"ReadAction","target":["https:\/\/naturalpoland.com\/fi\/tuotteet\/laaketeollisuuden-tuotteet\/vitamiinit\/luonnollinen-vitamiini-e-30-jauhe\/"]}]},{"@type":"ImageObject","inLanguage":"fi","@id":"https:\/\/naturalpoland.com\/fi\/tuotteet\/laaketeollisuuden-tuotteet\/vitamiinit\/luonnollinen-vitamiini-e-30-jauhe\/#primaryimage","url":"","contentUrl":"","width":2560,"height":2560},{"@type":"BreadcrumbList","@id":"https:\/\/naturalpoland.com\/fi\/tuotteet\/laaketeollisuuden-tuotteet\/vitamiinit\/luonnollinen-vitamiini-e-30-jauhe\/#breadcrumb","itemListElement":[{"@type":"ListItem","position":1,"name":"Etusivu","item":"https:\/\/naturalpoland.com\/fi\/"},{"@type":"ListItem","position":2,"name":"Tuotteet","item":"https:\/\/naturalpoland.com\/fi\/tuotteet\/"},{"@type":"ListItem","position":3,"name":"Luonnollinen E -vitamiinijauhe 30%"}]},{"@type":"WebSite","@id":"https:\/\/naturalpoland.com\/fi\/#website","url":"https:\/\/naturalpoland.com\/fi\/","name":"NATURAL POLAND - RAAKA-AINEIDEN TUKKUJAKELIJA","description":"Surowce dla przemys\u0142u spo\u017cywczego, kosmetycznego i farmaceutycznego","publisher":{"@id":"https:\/\/naturalpoland.com\/fi\/#organization"},"potentialAction":[{"@type":"SearchAction","target":{"@type":"EntryPoint","urlTemplate":"https:\/\/naturalpoland.com\/fi\/?s={search_term_string}"},"query-input":{"@type":"PropertyValueSpecification","valueRequired":true,"valueName":"search_term_string"}}],"inLanguage":"fi"},{"@type":"Organization","@id":"https:\/\/naturalpoland.com\/fi\/#organization","name":"Natural Poland","url":"https:\/\/naturalpoland.com\/fi\/","logo":{"@type":"ImageObject","inLanguage":"fi","@id":"https:\/\/naturalpoland.com\/fi\/#\/schema\/logo\/image\/","url":"https:\/\/naturalpoland.com\/wp-content\/uploads\/2021\/05\/natural-poland-icon.png","contentUrl":"https:\/\/naturalpoland.com\/wp-content\/uploads\/2021\/05\/natural-poland-icon.png","width":512,"height":512,"caption":"Natural Poland"},"image":{"@id":"https:\/\/naturalpoland.com\/fi\/#\/schema\/logo\/image\/"},"sameAs":["https:\/\/www.facebook.com\/naturalpoland.b2b","https:\/\/pl.linkedin.com\/company\/natural-poland","https:\/\/www.youtube.com\/channel\/UCgeGGkvOMahZo-xu_MSEWxg"]}]}},"_links":{"self":[{"href":"https:\/\/naturalpoland.com\/fi\/wp-json\/wp\/v2\/product\/9966","targetHints":{"allow":["GET"]}}],"collection":[{"href":"https:\/\/naturalpoland.com\/fi\/wp-json\/wp\/v2\/product"}],"about":[{"href":"https:\/\/naturalpoland.com\/fi\/wp-json\/wp\/v2\/types\/product"}],"wp:featuredmedia":[{"embeddable":true,"href":"https:\/\/naturalpoland.com\/fi\/wp-json\/wp\/v2\/media\/9968"}],"wp:attachment":[{"href":"https:\/\/naturalpoland.com\/fi\/wp-json\/wp\/v2\/media?parent=9966"}],"wp:term":[{"taxonomy":"product_brand","embeddable":true,"href":"https:\/\/naturalpoland.com\/fi\/wp-json\/wp\/v2\/product_brand?post=9966"},{"taxonomy":"product_cat","embeddable":true,"href":"https:\/\/naturalpoland.com\/fi\/wp-json\/wp\/v2\/product_cat?post=9966"},{"taxonomy":"product_tag","embeddable":true,"href":"https:\/\/naturalpoland.com\/fi\/wp-json\/wp\/v2\/product_tag?post=9966"}],"curies":[{"name":"wp","href":"https:\/\/api.w.org\/{rel}","templated":true}]}}