{"id":20825,"date":"2023-02-08T10:36:41","date_gmt":"2023-02-08T09:36:41","guid":{"rendered":"https:\/\/naturalpoland.pl\/pour-les-fabricants-et-les-fournisseurs\/"},"modified":"2023-07-05T14:00:06","modified_gmt":"2023-07-05T12:00:06","slug":"pour-les-fabricants-et-les-fournisseurs","status":"publish","type":"page","link":"https:\/\/naturalpoland.com\/fr\/pour-les-fabricants-et-les-fournisseurs\/","title":{"rendered":"POUR LES FABRICANTS ET LES FOURNISSEURS"},"content":{"rendered":"\n\n  <div class=\"banner has-hover\" id=\"banner-476178986\">\n          <div class=\"banner-inner fill\">\n        <div class=\"banner-bg fill\" >\n            <img decoding=\"async\" width=\"1020\" height=\"680\" src=\"https:\/\/naturalpoland.com\/wp-content\/uploads\/2011\/07\/Fotolia_84309657_Subscription_Monthly_M_shadow.jpg\" class=\"bg attachment-large size-large\" alt=\"Global Spread NATURAL POLAND\" \/>                        <div class=\"overlay\"><\/div>            \n                    <\/div>\n\t\t\n        <div class=\"banner-layers container\">\n            <div class=\"fill banner-link\"><\/div>            \n\n   <div id=\"text-box-1765153124\" class=\"text-box banner-layer x50 md-x50 lg-x50 y50 md-y50 lg-y50 res-text\">\n                                <div class=\"text-box-content text dark\">\n              \n              <div class=\"text-inner text-center\">\n                  \n\n<h1 class=\"uppercase\">POUR LES FABRICANTS ET LES FOURNISSEURS<\/h1>\n\n              <\/div>\n           <\/div>\n                            \n<style>\n#text-box-1765153124 {\n  width: 89%;\n}\n#text-box-1765153124 .text-box-content {\n  font-size: 100%;\n}\n<\/style>\n    <\/div>\n \n\n        <\/div>\n      <\/div>\n\n            \n<style>\n#banner-476178986 {\n  padding-top: 350px;\n}\n#banner-476178986 .overlay {\n  background-color: rgba(0, 0, 0, 0.5);\n}\n#banner-476178986 .banner-bg img {\n  object-position: 77% 24%;\n}\n<\/style>\n  <\/div>\n\n\n\n\t<section class=\"section\" id=\"section_256575709\">\n\t\t<div class=\"section-bg fill\" >\n\t\t\t\t\t\t\t\t\t\n\t\t\t\n\n\t\t<\/div>\n\n\t\t\n\n\t\t<div class=\"section-content relative\">\n\t\t\t\n\n\t<div id=\"gap-79509983\" class=\"gap-element clearfix\" style=\"display:block; height:auto;\">\n\t\t\n<style>\n#gap-79509983 {\n  padding-top: 40px;\n}\n<\/style>\n\t<\/div>\n\t\n\n<div class=\"row\"  id=\"row-1904571083\">\n\n\n\t<div id=\"col-1335259963\" class=\"col medium-8 small-12 large-8\"  >\n\t\t\t\t<div class=\"col-inner\"  >\n\t\t\t\n\t\t\t\n\n<p><span style=\"font-size:150%\"><strong>La marque Natural Poland est connue dans le monde entier comme un fournisseur de confiance et fiable de mati\u00e8res premi\u00e8res alimentaires, cosm\u00e9tiques et pharmaceutiques. Nous poss\u00e9dons une solide base de nos clients r\u00e9guliers et recherchons constamment de nouveaux collaborateurs. <\/strong><\/span><\/p>\n<p style=\"font-size:120%\">Nos clients sont des fabricants d&rsquo;aliments, de cosm\u00e9tiques et de compl\u00e9ments alimentaires, principalement issus de pays asiatiques et europ\u00e9ens. Notre exp\u00e9rience avec les entreprises du monde entier, m\u00eame sur les march\u00e9s mondiaux les plus difficiles, prouve que les diversit\u00e9s culturelles et linguistiques ne sont pas contraignantes dans la collaboration avec nos clients. <\/p>\n<p style=\"font-size:120%\">Notre position de leader construit au fil des ann\u00e9es nous a permis d\u2019acqu\u00e9rir un large \u00e9ventail d\u2019expertise et r\u00e9pondre au mieux aux attentes des entreprises du monde entier en mati\u00e8re d\u2019approvisionnement de mati\u00e8res premi\u00e8res et de produits, y compris des produits rares.<\/p>\n\n\t\t<\/div>\n\t\t\t\t\t<\/div>\n\n\t\n\n\t<div id=\"col-5100856\" class=\"col medium-4 small-12 large-4\"  >\n\t\t\t\t<div class=\"col-inner\"  >\n\t\t\t\n\t\t\t\n\n\t<div class=\"img has-hover x md-x lg-x y md-y lg-y\" id=\"image_2115313837\">\n\t\t\t\t\t\t\t\t<div class=\"img-inner dark\" >\n\t\t\t<img decoding=\"async\" width=\"627\" height=\"1024\" src=\"https:\/\/naturalpoland.com\/wp-content\/uploads\/wspolpraca-natural-poland-627x1024.jpg\" class=\"attachment-large size-large\" alt=\"\" srcset=\"https:\/\/naturalpoland.com\/wp-content\/uploads\/wspolpraca-natural-poland-627x1024.jpg 627w, https:\/\/naturalpoland.com\/wp-content\/uploads\/wspolpraca-natural-poland-510x833.jpg 510w, https:\/\/naturalpoland.com\/wp-content\/uploads\/wspolpraca-natural-poland-184x300.jpg 184w, https:\/\/naturalpoland.com\/wp-content\/uploads\/wspolpraca-natural-poland.jpg 700w\" sizes=\"(max-width: 627px) 100vw, 627px\" \/>\t\t\t\t\t\t\n\t\t\t\t\t<\/div>\n\t\t\t\t\t\t\t\t\n<style>\n#image_2115313837 {\n  width: 100%;\n}\n<\/style>\n\t<\/div>\n\t\n\n\n\t\t<\/div>\n\t\t\t\t\t<\/div>\n\n\t\n\n<\/div>\n<div class=\"container section-title-container\" ><h3 class=\"section-title section-title-normal\"><b aria-hidden=\"true\"><\/b><span class=\"section-title-main\" >Nous sommes ouverts \u00e0 toute collaboration avec les fabricants et les fournisseurs de mati\u00e8res premi\u00e8res<\/span><b aria-hidden=\"true\"><\/b><\/h3><\/div>\n\n  <div class=\"banner-grid-wrapper\">\n  <div id=\"banner-grid-361878249\" class=\"banner-grid row row-grid row-small\" data-packery-options=\"\">\n                      \n\n<div class=\"col grid-col large-6 grid-col-1\" ><div class=\"col-inner\">\n\n\n  <div class=\"banner has-hover\" id=\"banner-294496819\">\n          <div class=\"banner-inner fill\">\n        <div class=\"banner-bg fill\" >\n                                    <div class=\"overlay\"><\/div>            \n                    <\/div>\n\t\t\n        <div class=\"banner-layers container\">\n            <div class=\"fill banner-link\"><\/div>            \n\n   <div id=\"text-box-972701046\" class=\"text-box banner-layer x50 md-x50 lg-x50 y50 md-y50 lg-y50 res-text\">\n                                <div class=\"text-box-content text dark\">\n              \n              <div class=\"text-inner text-center\">\n                  \n\n\n\n<div class=\"pipedriveWebForms\" data-pd-webforms=\"https:\/\/webforms.pipedrive.com\/f\/63msvdiKLTTwbOWlbyKYR04WY7CpEzBibMQGUEfuwGlpPM1BFQkvjsgGVjrh1sQnXd\"><script src=\"https:\/\/webforms.pipedrive.com\/f\/loader\"><\/script><\/div>\n\n\n              <\/div>\n           <\/div>\n                            \n<style>\n#text-box-972701046 {\n  width: 88%;\n}\n#text-box-972701046 .text-box-content {\n  font-size: 100%;\n}\n<\/style>\n    <\/div>\n \n\n        <\/div>\n      <\/div>\n\n            \n<style>\n#banner-294496819 {\n  padding-top: 700px;\n  background-color: rgb(255,255,255);\n}\n#banner-294496819 .overlay {\n  background-color: rgba(0, 0, 0, 0.17);\n}\n<\/style>\n  <\/div>\n\n\n\n<\/div><\/div>\n<div class=\"col grid-col large-6 grid-col-1\" ><div class=\"col-inner\">\n\n\n  <div class=\"banner has-hover\" id=\"banner-1541722026\">\n          <div class=\"banner-inner fill\">\n        <div class=\"banner-bg fill\" >\n                                    <div class=\"overlay\"><\/div>            \n                    <\/div>\n\t\t\n        <div class=\"banner-layers container\">\n            <div class=\"fill banner-link\"><\/div>            \n\n   <div id=\"text-box-1018627801\" class=\"text-box banner-layer x5 md-x5 lg-x5 y50 md-y50 lg-y50 res-text\">\n                                <div class=\"text-box-content text \">\n              \n              <div class=\"text-inner text-left\">\n                  \n\n\t<div id=\"text-2418536982\" class=\"text\">\n\t\t\n\n<ul>\n<li><strong>Notre \u00e9quipe est compos\u00e9e de sp\u00e9cialistes comp\u00e9tents<\/strong> et qualifi\u00e9s en biotechnologie, en pharmacie, en cosm\u00e9tique et en nutrition. Ce sont nos connaissances et notre exp\u00e9rience qui nous a permis de gagner la confiance de nos clients. Nous nous effor\u00e7ons d\u2019apporter un v\u00e9ritable conseil dans le choix de composants les plus adapt\u00e9s \u00e0 leurs formulations. <\/li>\n<li><strong>Nous poss\u00e9dons notre propre entrep\u00f4t en Pologne<\/strong>, ce qui nous permet de commander de plus grandes quantit\u00e9s de mati\u00e8res premi\u00e8res \u00e0 la fois.<\/li>\n<li><strong>Nous collaborons avec diff\u00e9rents transporteurs<\/strong> sp\u00e9cialis\u00e9s dans les services de transport terrestre, a\u00e9rien et maritime.<\/li>\n<li><strong>Nous b\u00e9n\u00e9ficions du soutien d&rsquo;avocats<\/strong> afin de r\u00e9pondre aux exigences juridiques, douani\u00e8res et fiscales applicables en mati\u00e8re de transport de mati\u00e8res premi\u00e8res dans des pays \u00e9trangers.<\/li>\n<li><strong>Nous investissons r\u00e9guli\u00e8rement dans les campagnes publicitaires<\/strong>. Nous disposons des connaissances, des outils et des ressources n\u00e9cessaires qui nous permettent de mener des actions de marketing \u00e0 l&rsquo;\u00e9chelle mondiale. Nous participons r\u00e9guli\u00e8rement dans les foires commerciales tant au niveau local qu\u2019international. Dans le cas de contrats d&rsquo;exclusivit\u00e9, nous proposons \u00e0 nos clients des supports marketing et des campagnes publicitaires d\u00e9di\u00e9s aux groupes de produits s\u00e9lectionn\u00e9s.   <\/li>\n<\/ul>\n\t\t\n<style>\n#text-2418536982 {\n  font-size: 1rem;\n  line-height: 1.4;\n  color: rgb(255, 255, 255);\n}\n#text-2418536982 > * {\n  color: rgb(255, 255, 255);\n}\n<\/style>\n\t<\/div>\n\t\n\n              <\/div>\n           <\/div>\n                            \n<style>\n#text-box-1018627801 {\n  width: 60%;\n}\n#text-box-1018627801 .text-box-content {\n  font-size: 100%;\n}\n@media (min-width:550px) {\n  #text-box-1018627801 {\n    width: 93%;\n  }\n}\n<\/style>\n    <\/div>\n \n\n        <\/div>\n      <\/div>\n\n            \n<style>\n#banner-1541722026 {\n  padding-top: 500px;\n  background-color: #204a4f;\n}\n#banner-1541722026 .overlay {\n  background-color: rgba(190, 190, 190, 0.2);\n}\n<\/style>\n  <\/div>\n\n\n\n<\/div><\/div>\n\n            <\/div>\n    <style>\n    #banner-grid-361878249 .grid-col-1{height: 600px}\n    #banner-grid-361878249 .grid-col-1-2{height: 300px}\n    #banner-grid-361878249 .grid-col-1-3{height:200px}\n    #banner-grid-361878249 .grid-col-2-3{height: 400px}\n    #banner-grid-361878249 .grid-col-1-4{height: 150px}\n    #banner-grid-361878249 .grid-col-3-4{height: 450px}\n\n\n    \n    \n\n  <\/style>\n    <\/div>\n  \n\n\t\t<\/div>\n\n\t\t\n<style>\n#section_256575709 {\n  padding-top: 30px;\n  padding-bottom: 30px;\n}\n<\/style>\n\t<\/section>\n\t\n\n","protected":false},"excerpt":{"rendered":"","protected":false},"author":1,"featured_media":0,"parent":0,"menu_order":0,"comment_status":"closed","ping_status":"closed","template":"page-blank.php","meta":{"_acf_changed":false,"footnotes":""},"class_list":["post-20825","page","type-page","status-publish","hentry"],"acf":[],"yoast_head":"<!-- This site is optimized with the Yoast SEO plugin v27.5 - https:\/\/yoast.com\/product\/yoast-seo-wordpress\/ -->\n<title>POUR LES FABRICANTS ET LES FOURNISSEURS - NATURAL POLAND - Distributeur de mati\u00e8res premi\u00e8res en gros<\/title>\n<meta name=\"robots\" content=\"index, follow, max-snippet:-1, max-image-preview:large, max-video-preview:-1\" \/>\n<link rel=\"canonical\" href=\"https:\/\/naturalpoland.com\/fr\/pour-les-fabricants-et-les-fournisseurs\/\" \/>\n<meta property=\"og:locale\" content=\"fr_FR\" \/>\n<meta property=\"og:type\" content=\"article\" \/>\n<meta property=\"og:title\" content=\"POUR LES FABRICANTS ET LES FOURNISSEURS - NATURAL POLAND - Distributeur de mati\u00e8res premi\u00e8res en gros\" \/>\n<meta property=\"og:url\" content=\"https:\/\/naturalpoland.com\/fr\/pour-les-fabricants-et-les-fournisseurs\/\" \/>\n<meta property=\"og:site_name\" content=\"NATURAL POLAND - Distributeur de mati\u00e8res premi\u00e8res en gros\" \/>\n<meta property=\"article:publisher\" content=\"https:\/\/www.facebook.com\/naturalpoland.b2b\" \/>\n<meta property=\"article:modified_time\" content=\"2023-07-05T12:00:06+00:00\" \/>\n<meta property=\"og:image\" content=\"https:\/\/naturalpoland.com\/wp-content\/uploads\/2021\/05\/natural-poland-icon.png\" \/>\n\t<meta property=\"og:image:width\" content=\"512\" \/>\n\t<meta property=\"og:image:height\" content=\"512\" \/>\n\t<meta property=\"og:image:type\" content=\"image\/png\" \/>\n<script type=\"application\/ld+json\" class=\"yoast-schema-graph\">{\"@context\":\"https:\\\/\\\/schema.org\",\"@graph\":[{\"@type\":\"WebPage\",\"@id\":\"https:\\\/\\\/naturalpoland.com\\\/fr\\\/pour-les-fabricants-et-les-fournisseurs\\\/\",\"url\":\"https:\\\/\\\/naturalpoland.com\\\/fr\\\/pour-les-fabricants-et-les-fournisseurs\\\/\",\"name\":\"POUR LES FABRICANTS ET LES FOURNISSEURS - NATURAL POLAND - Distributeur de mati\u00e8res premi\u00e8res en gros\",\"isPartOf\":{\"@id\":\"https:\\\/\\\/naturalpoland.com\\\/fr\\\/#website\"},\"datePublished\":\"2023-02-08T09:36:41+00:00\",\"dateModified\":\"2023-07-05T12:00:06+00:00\",\"breadcrumb\":{\"@id\":\"https:\\\/\\\/naturalpoland.com\\\/fr\\\/pour-les-fabricants-et-les-fournisseurs\\\/#breadcrumb\"},\"inLanguage\":\"fr-FR\",\"potentialAction\":[{\"@type\":\"ReadAction\",\"target\":[\"https:\\\/\\\/naturalpoland.com\\\/fr\\\/pour-les-fabricants-et-les-fournisseurs\\\/\"]}]},{\"@type\":\"BreadcrumbList\",\"@id\":\"https:\\\/\\\/naturalpoland.com\\\/fr\\\/pour-les-fabricants-et-les-fournisseurs\\\/#breadcrumb\",\"itemListElement\":[{\"@type\":\"ListItem\",\"position\":1,\"name\":\"Accueil\",\"item\":\"https:\\\/\\\/naturalpoland.com\\\/fr\\\/\"},{\"@type\":\"ListItem\",\"position\":2,\"name\":\"POUR LES FABRICANTS ET LES FOURNISSEURS\"}]},{\"@type\":\"WebSite\",\"@id\":\"https:\\\/\\\/naturalpoland.com\\\/fr\\\/#website\",\"url\":\"https:\\\/\\\/naturalpoland.com\\\/fr\\\/\",\"name\":\"NATURAL POLAND - Distributeur de mati\u00e8res premi\u00e8res en gros\",\"description\":\"Surowce dla przemys\u0142u spo\u017cywczego, kosmetycznego i farmaceutycznego\",\"publisher\":{\"@id\":\"https:\\\/\\\/naturalpoland.com\\\/fr\\\/#organization\"},\"potentialAction\":[{\"@type\":\"SearchAction\",\"target\":{\"@type\":\"EntryPoint\",\"urlTemplate\":\"https:\\\/\\\/naturalpoland.com\\\/fr\\\/?s={search_term_string}\"},\"query-input\":{\"@type\":\"PropertyValueSpecification\",\"valueRequired\":true,\"valueName\":\"search_term_string\"}}],\"inLanguage\":\"fr-FR\"},{\"@type\":\"Organization\",\"@id\":\"https:\\\/\\\/naturalpoland.com\\\/fr\\\/#organization\",\"name\":\"Natural Poland\",\"url\":\"https:\\\/\\\/naturalpoland.com\\\/fr\\\/\",\"logo\":{\"@type\":\"ImageObject\",\"inLanguage\":\"fr-FR\",\"@id\":\"https:\\\/\\\/naturalpoland.com\\\/fr\\\/#\\\/schema\\\/logo\\\/image\\\/\",\"url\":\"https:\\\/\\\/naturalpoland.com\\\/wp-content\\\/uploads\\\/2021\\\/05\\\/natural-poland-icon.png\",\"contentUrl\":\"https:\\\/\\\/naturalpoland.com\\\/wp-content\\\/uploads\\\/2021\\\/05\\\/natural-poland-icon.png\",\"width\":512,\"height\":512,\"caption\":\"Natural Poland\"},\"image\":{\"@id\":\"https:\\\/\\\/naturalpoland.com\\\/fr\\\/#\\\/schema\\\/logo\\\/image\\\/\"},\"sameAs\":[\"https:\\\/\\\/www.facebook.com\\\/naturalpoland.b2b\",\"https:\\\/\\\/pl.linkedin.com\\\/company\\\/natural-poland\",\"https:\\\/\\\/www.youtube.com\\\/channel\\\/UCgeGGkvOMahZo-xu_MSEWxg\"]}]}<\/script>\n<!-- \/ Yoast SEO plugin. -->","yoast_head_json":{"title":"POUR LES FABRICANTS ET LES FOURNISSEURS - NATURAL POLAND - Distributeur de mati\u00e8res premi\u00e8res en gros","robots":{"index":"index","follow":"follow","max-snippet":"max-snippet:-1","max-image-preview":"max-image-preview:large","max-video-preview":"max-video-preview:-1"},"canonical":"https:\/\/naturalpoland.com\/fr\/pour-les-fabricants-et-les-fournisseurs\/","og_locale":"fr_FR","og_type":"article","og_title":"POUR LES FABRICANTS ET LES FOURNISSEURS - NATURAL POLAND - Distributeur de mati\u00e8res premi\u00e8res en gros","og_url":"https:\/\/naturalpoland.com\/fr\/pour-les-fabricants-et-les-fournisseurs\/","og_site_name":"NATURAL POLAND - Distributeur de mati\u00e8res premi\u00e8res en gros","article_publisher":"https:\/\/www.facebook.com\/naturalpoland.b2b","article_modified_time":"2023-07-05T12:00:06+00:00","og_image":[{"width":512,"height":512,"url":"https:\/\/naturalpoland.com\/wp-content\/uploads\/2021\/05\/natural-poland-icon.png","type":"image\/png"}],"schema":{"@context":"https:\/\/schema.org","@graph":[{"@type":"WebPage","@id":"https:\/\/naturalpoland.com\/fr\/pour-les-fabricants-et-les-fournisseurs\/","url":"https:\/\/naturalpoland.com\/fr\/pour-les-fabricants-et-les-fournisseurs\/","name":"POUR LES FABRICANTS ET LES FOURNISSEURS - NATURAL POLAND - Distributeur de mati\u00e8res premi\u00e8res en gros","isPartOf":{"@id":"https:\/\/naturalpoland.com\/fr\/#website"},"datePublished":"2023-02-08T09:36:41+00:00","dateModified":"2023-07-05T12:00:06+00:00","breadcrumb":{"@id":"https:\/\/naturalpoland.com\/fr\/pour-les-fabricants-et-les-fournisseurs\/#breadcrumb"},"inLanguage":"fr-FR","potentialAction":[{"@type":"ReadAction","target":["https:\/\/naturalpoland.com\/fr\/pour-les-fabricants-et-les-fournisseurs\/"]}]},{"@type":"BreadcrumbList","@id":"https:\/\/naturalpoland.com\/fr\/pour-les-fabricants-et-les-fournisseurs\/#breadcrumb","itemListElement":[{"@type":"ListItem","position":1,"name":"Accueil","item":"https:\/\/naturalpoland.com\/fr\/"},{"@type":"ListItem","position":2,"name":"POUR LES FABRICANTS ET LES FOURNISSEURS"}]},{"@type":"WebSite","@id":"https:\/\/naturalpoland.com\/fr\/#website","url":"https:\/\/naturalpoland.com\/fr\/","name":"NATURAL POLAND - Distributeur de mati\u00e8res premi\u00e8res en gros","description":"Surowce dla przemys\u0142u spo\u017cywczego, kosmetycznego i farmaceutycznego","publisher":{"@id":"https:\/\/naturalpoland.com\/fr\/#organization"},"potentialAction":[{"@type":"SearchAction","target":{"@type":"EntryPoint","urlTemplate":"https:\/\/naturalpoland.com\/fr\/?s={search_term_string}"},"query-input":{"@type":"PropertyValueSpecification","valueRequired":true,"valueName":"search_term_string"}}],"inLanguage":"fr-FR"},{"@type":"Organization","@id":"https:\/\/naturalpoland.com\/fr\/#organization","name":"Natural Poland","url":"https:\/\/naturalpoland.com\/fr\/","logo":{"@type":"ImageObject","inLanguage":"fr-FR","@id":"https:\/\/naturalpoland.com\/fr\/#\/schema\/logo\/image\/","url":"https:\/\/naturalpoland.com\/wp-content\/uploads\/2021\/05\/natural-poland-icon.png","contentUrl":"https:\/\/naturalpoland.com\/wp-content\/uploads\/2021\/05\/natural-poland-icon.png","width":512,"height":512,"caption":"Natural Poland"},"image":{"@id":"https:\/\/naturalpoland.com\/fr\/#\/schema\/logo\/image\/"},"sameAs":["https:\/\/www.facebook.com\/naturalpoland.b2b","https:\/\/pl.linkedin.com\/company\/natural-poland","https:\/\/www.youtube.com\/channel\/UCgeGGkvOMahZo-xu_MSEWxg"]}]}},"_links":{"self":[{"href":"https:\/\/naturalpoland.com\/fr\/wp-json\/wp\/v2\/pages\/20825","targetHints":{"allow":["GET"]}}],"collection":[{"href":"https:\/\/naturalpoland.com\/fr\/wp-json\/wp\/v2\/pages"}],"about":[{"href":"https:\/\/naturalpoland.com\/fr\/wp-json\/wp\/v2\/types\/page"}],"author":[{"embeddable":true,"href":"https:\/\/naturalpoland.com\/fr\/wp-json\/wp\/v2\/users\/1"}],"replies":[{"embeddable":true,"href":"https:\/\/naturalpoland.com\/fr\/wp-json\/wp\/v2\/comments?post=20825"}],"version-history":[{"count":0,"href":"https:\/\/naturalpoland.com\/fr\/wp-json\/wp\/v2\/pages\/20825\/revisions"}],"wp:attachment":[{"href":"https:\/\/naturalpoland.com\/fr\/wp-json\/wp\/v2\/media?parent=20825"}],"curies":[{"name":"wp","href":"https:\/\/api.w.org\/{rel}","templated":true}]}}