{"id":9465,"date":"2021-09-13T14:53:01","date_gmt":"2021-09-13T12:53:01","guid":{"rendered":"https:\/\/naturalpoland.pl\/notre-entreprise\/"},"modified":"2025-12-03T10:57:09","modified_gmt":"2025-12-03T09:57:09","slug":"notre-entreprise","status":"publish","type":"page","link":"https:\/\/naturalpoland.com\/fr\/notre-entreprise\/","title":{"rendered":"\u00c0 propos de nous"},"content":{"rendered":"\n\n\n\n  <div class=\"banner has-hover\" id=\"banner-580739648\">\n          <div class=\"banner-inner fill\">\n        <div class=\"banner-bg fill\" >\n            <img decoding=\"async\" width=\"1020\" height=\"680\" src=\"https:\/\/naturalpoland.com\/wp-content\/uploads\/2011\/07\/Fotolia_84309657_Subscription_Monthly_M_shadow.jpg\" class=\"bg attachment-large size-large\" alt=\"\" \/>                        <div class=\"overlay\"><\/div>            \n                    <\/div>\n\t\t\n        <div class=\"banner-layers container\">\n            <div class=\"fill banner-link\"><\/div>            \n\n   <div id=\"text-box-1494877364\" class=\"text-box banner-layer x50 md-x50 lg-x50 y50 md-y50 lg-y50 res-text\">\n                                <div class=\"text-box-content text dark\">\n              \n              <div class=\"text-inner text-center\">\n                  \n\n<h1 class=\"uppercase\">\u00e0 propos de nous<\/h1>\n\n              <\/div>\n           <\/div>\n                            \n<style>\n#text-box-1494877364 {\n  width: 60%;\n}\n#text-box-1494877364 .text-box-content {\n  font-size: 100%;\n}\n@media (min-width:550px) {\n  #text-box-1494877364 {\n    width: 60%;\n  }\n}\n<\/style>\n    <\/div>\n \n\n        <\/div>\n      <\/div>\n\n            \n<style>\n#banner-580739648 {\n  padding-top: 350px;\n}\n#banner-580739648 .overlay {\n  background-color: rgba(0,0,0,.5);\n}\n#banner-580739648 .banner-bg img {\n  object-position: 77% 24%;\n}\n<\/style>\n  <\/div>\n\n\n\n\t<section class=\"section\" id=\"section_567256627\">\n\t\t<div class=\"section-bg fill\" >\n\t\t\t\t\t\t\t\t\t\n\t\t\t\n\n\t\t<\/div>\n\n\t\t\n\n\t\t<div class=\"section-content relative\">\n\t\t\t\n\n\t<div id=\"gap-333654945\" class=\"gap-element clearfix\" style=\"display:block; height:auto;\">\n\t\t\n<style>\n#gap-333654945 {\n  padding-top: 40px;\n}\n<\/style>\n\t<\/div>\n\t\n\n<div class=\"row align-center\"  id=\"row-1855685157\">\n\n\n\t<div id=\"col-1363437052\" class=\"col medium-4 small-10 large-4\"  >\n\t\t\t\t<div class=\"col-inner\"  >\n\t\t\t\n\t\t\t\n\n\t<div id=\"text-4289279425\" class=\"text\">\n\t\t\n\n<h2 class=\"uppercase\"><span style=\"font-size: 150%;\">Natural Poland<\/h2>\n<p>STRZELCZYK SP. Z O.O. <\/p>\n<p><\/span><\/p>\n\t\t\n<style>\n#text-4289279425 {\n  color: rgb(0,0,0);\n}\n#text-4289279425 > * {\n  color: rgb(0,0,0);\n}\n<\/style>\n\t<\/div>\n\t\n<a href=\"https:\/\/naturalpoland.com\/fr\/contact\/\" class=\"button primary is-link\" >\n\t\t<span>Nous vous invitons \u00e0 collaborer avec nous<\/span>\n\t<i class=\"icon-angle-right\" aria-hidden=\"true\"><\/i><\/a>\n\n\n\t<div id=\"gap-1738772884\" class=\"gap-element clearfix\" style=\"display:block; height:auto;\">\n\t\t\n<style>\n#gap-1738772884 {\n  padding-top: 100px;\n}\n<\/style>\n\t<\/div>\n\t\n\n<h3><strong>La qualit\u00e9 avant tout<\/strong><\/h3>\n<p>La qualit\u00e9 constitue le pilier de nos activit\u00e9s, comme en t\u00e9moigne notre certification ISO 9001:2015, garantissant la conformit\u00e9 de notre syst\u00e8me de gestion de la qualit\u00e9 aux standards internationaux les plus \u00e9lev\u00e9s.<\/p>\n<p>\n    <img decoding=\"async\" src=\"\/wp-content\/uploads\/iso-209x300.png\" alt=\"Marque du Centre de Certification de la Qualit\u00e9 WAT pour Strzelczyk Sp. z o.o.\" width=\"150\" height=\"230\" style=\"margin: 3px;\">   <a href=\"\/wp-content\/uploads\/certyfikat-iso-strzelczyk.jpg\" target=\"_blank\"> <img decoding=\"async\" src=\"\/wp-content\/uploads\/certyfikat-iso-strzelczyk.jpg\" width=\"150\" style=\"margin: 3px;\"><\/a><\/p>\n\n\t<div id=\"gap-1509617638\" class=\"gap-element clearfix\" style=\"display:block; height:auto;\">\n\t\t\n<style>\n#gap-1509617638 {\n  padding-top: 50px;\n}\n<\/style>\n\t<\/div>\n\t\n\n<h3><strong>Certification BIO<\/strong><\/h3>\n<p>Nous disposons \u00e9galement d\u2019une <b>certification BIO<\/b> couvrant la distribution, le stockage, l\u2019importation et l\u2019exportation de mati\u00e8res premi\u00e8res biologiques. Ces distinctions refl\u00e8tent notre engagement envers des produits s\u00fbrs, fiables et respectueux de l\u2019environnement.<\/p>\n\n\t<div class=\"img has-hover x md-x lg-x y md-y lg-y\" id=\"image_162397898\">\n\t\t\t\t\t\t\t\t<div class=\"img-inner dark\" >\n\t\t\t<img decoding=\"async\" width=\"543\" height=\"533\" src=\"https:\/\/naturalpoland.com\/wp-content\/uploads\/eko.jpg\" class=\"attachment-large size-large\" alt=\"certyfikat eko\" srcset=\"https:\/\/naturalpoland.com\/wp-content\/uploads\/eko.jpg 543w, https:\/\/naturalpoland.com\/wp-content\/uploads\/eko-300x294.jpg 300w, https:\/\/naturalpoland.com\/wp-content\/uploads\/eko-510x501.jpg 510w\" sizes=\"(max-width: 543px) 100vw, 543px\" \/>\t\t\t\t\t\t\n\t\t\t\t\t<\/div>\n\t\t\t\t\t\t\t\t\n<style>\n#image_162397898 {\n  width: 100%;\n}\n<\/style>\n\t<\/div>\n\t\n\n<p>Nous sommes sp\u00e9cialis\u00e9s dans le commerce de substances actives, de mati\u00e8res premi\u00e8res chimiques et d\u2019additifs fonctionnels destin\u00e9s aux industries alimentaire, pharmaceutique et cosm\u00e9tique.<\/p>\n<p>La confiance de nos clients et la reconnaissance dont nous b\u00e9n\u00e9ficions sur le march\u00e9 sont au c\u0153ur de nos priorit\u00e9s. Nous vous remercions pour votre collaboration et vous assurons que chez Natural Poland, <b>la qualit\u00e9 va toujours de pair avec le professionnalisme<\/b>.<\/p>\n\n\n\t\t<\/div>\n\t\t\t\t\t<\/div>\n\n\t\n\n\t<div id=\"col-1743860985\" class=\"col medium-8 small-10 large-8\"  >\n\t\t\t\t<div class=\"col-inner\"  >\n\t\t\t\n\t\t\t\n\n\t<div id=\"text-1820840723\" class=\"text\">\n\t\t\n\n<p><strong data-start=\"214\" data-end=\"232\">Natural Poland<\/strong> est une entreprise polonaise sp\u00e9cialis\u00e9e dans la distribution d\u2019une large gamme de mati\u00e8res premi\u00e8res destin\u00e9es aux secteurs alimentaire, cosm\u00e9tique et pharmaceutique. Reconnue pour la qualit\u00e9 irr\u00e9prochable de ses produits \u2013 y compris des solutions innovantes \u2013 Natural Poland s\u2019est impos\u00e9e comme l\u2019un des principaux distributeurs europ\u00e9ens de mati\u00e8res premi\u00e8res sp\u00e9cialis\u00e9es.<\/p>\n<h3>Histoire<\/h3>\n<p><span style=\"font-weight: 400;\">Fond\u00e9e en 1986, <strong><a href=\"https:\/\/www.strzelczyk.pl\">l&rsquo;agence immobili\u00e8re Strzelczyk Sp. z o.o. (anciennement Bracia Strzelczyk Witold Strzelczyk)<\/a><\/strong> a \u00e9largi ses activit\u00e9s en 2014, amor\u00e7ant un tournant strat\u00e9gique qui a conduit \u00e0 la cr\u00e9ation de <strong data-start=\"832\" data-end=\"850\">Natural Poland<\/strong>. Cette nouvelle entit\u00e9 s\u2019est consacr\u00e9e au commerce international de mati\u00e8res premi\u00e8res alimentaires, cosm\u00e9tiques et pharmaceutiques de haute qualit\u00e9. Depuis, gr\u00e2ce \u00e0 des partenariats solides avec des fabricants de premier plan, Natural Poland est devenue un acteur majeur sur le march\u00e9 des mati\u00e8res premi\u00e8res.<\/span><\/p>\n<h3>Portefeuille de produits<\/h3>\n<p>Le portefeuille de Natural Poland repose en grande partie sur les<b><a href=\"https:\/\/naturalpoland.com\/en\/category\/food-and-cosmetic-oils\/\">huiles v\u00e9g\u00e9tales naturelles press\u00e9es \u00e0 froid<\/a>,<\/b>principalement originaires de Pologne et d\u2019Ukraine. Ces huiles r\u00e9pondent aux normes europ\u00e9ennes les plus strictes, ce qui garantit leur qualit\u00e9 et leur fiabilit\u00e9.<\/p>\n<p>Cependant, l\u2019offre de l\u2019entreprise va bien au-del\u00e0 : extraits, mac\u00e9rats, hydrolats, argiles cosm\u00e9tiques, cires, cellules souches v\u00e9g\u00e9tales, semi-finis cosm\u00e9tiques, ainsi qu\u2019une large s\u00e9lection d\u2019autres mati\u00e8res premi\u00e8res compl\u00e8tent son catalogue.<\/p>\n<h3>Pr\u00e9sence internationale<\/h3>\n<p>Natural Poland occupe une position solide sur la sc\u00e8ne mondiale. Ses produits sont distribu\u00e9s dans plus de <strong data-start=\"1859\" data-end=\"1880\">20 pays europ\u00e9ens<\/strong>, ainsi qu\u2019en Chine, en Cor\u00e9e du Sud, aux \u00c9tats-Unis et sur plusieurs autres march\u00e9s internationaux.<\/p>\n<p>Dans le cadre de son expansion mondiale, l\u2019entreprise participe r\u00e9guli\u00e8rement aux principaux salons professionnels tels que <strong data-start=\"2107\" data-end=\"2115\">SIAL<\/strong>, <strong data-start=\"2117\" data-end=\"2132\">Food Taipei<\/strong>, <strong data-start=\"2134\" data-end=\"2157\">Hong Kong Food Expo<\/strong>, <strong data-start=\"2159\" data-end=\"2172\">Fi Europe<\/strong>, o\u00f9 elle pr\u00e9sente ses produits et renforce ses relations commerciales.<br \/><br \/><\/p>\n<p><img decoding=\"async\" class=\"aligncenter wp-image-30769 \" src=\"https:\/\/naturalpoland.com\/wp-content\/uploads\/\/cosmoprof1-300x197.jpg\" alt=\"\" width=\"370\" height=\"243\" srcset=\"https:\/\/naturalpoland.com\/wp-content\/uploads\/cosmoprof1-300x197.jpg 300w, https:\/\/naturalpoland.com\/wp-content\/uploads\/cosmoprof1-1024x672.jpg 1024w, https:\/\/naturalpoland.com\/wp-content\/uploads\/cosmoprof1-768x504.jpg 768w, https:\/\/naturalpoland.com\/wp-content\/uploads\/cosmoprof1-510x335.jpg 510w, https:\/\/naturalpoland.com\/wp-content\/uploads\/cosmoprof1.jpg 1200w\" sizes=\"(max-width: 370px) 100vw, 370px\" \/><\/p>\n<p>\u00a0<\/p>\n<p>Gr\u00e2ce \u00e0 une \u00e9quipe multilingue ma\u00eetrisant l\u2019anglais, l\u2019allemand, le fran\u00e7ais, le polonais, l\u2019ukrainien, le russe et le chinois, Natural Poland excelle dans le d\u00e9veloppement de relations internationales. Pour le march\u00e9 chinois, l\u2019entreprise s\u2019appuie sur des collaborateurs sinophones ainsi que sur un repr\u00e9sentant d\u00e9di\u00e9 en Chine, facilitant des \u00e9changes fluides et des partenariats durables.<\/p>\n<h3>Engagement qualit\u00e9<\/h3>\n<p>Natural Poland attache une importance essentielle \u00e0 la qualit\u00e9 et \u00e0 la conformit\u00e9 aux normes de l\u2019industrie. L\u2019\u00e9quipe visite r\u00e9guli\u00e8rement les plantations et les sites de production de ses partenaires afin de garantir que chaque \u00e9tape respecte des crit\u00e8res stricts.<\/p>\n<p>L\u2019entreprise collabore exclusivement avec des fournisseurs rigoureusement v\u00e9rifi\u00e9s, et l\u2019ensemble des mati\u00e8res premi\u00e8res propos\u00e9es dispose de toutes les certifications n\u00e9cessaires, assurant fiabilit\u00e9, s\u00e9curit\u00e9 et tra\u00e7abilit\u00e9.<\/p>\n<h3>Recherche et d\u00e9veloppement<\/h3>\n<p>L\u2019innovation est au c\u0153ur de la strat\u00e9gie de Natural Poland. L\u2019entreprise suit de pr\u00e8s les derni\u00e8res avanc\u00e9es dans le domaine des mati\u00e8res premi\u00e8res alimentaires et cosm\u00e9tiques.<\/p>\n<p>Si un produit recherch\u00e9 n\u2019est pas disponible dans son offre actuelle, l&rsquo;\u00e9quipe r\u00e9alise une recherche approfondie sur les march\u00e9s mondiaux afin de le trouver et de l\u2019int\u00e9grer \u00e0 son catalogue. Cette approche proactive permet \u00e0 Natural Poland de rester \u00e0 la pointe du secteur.<\/p>\n\t\t\n<style>\n#text-1820840723 {\n  color: rgb(0,0,0);\n}\n#text-1820840723 > * {\n  color: rgb(0,0,0);\n}\n<\/style>\n\t<\/div>\n\t\n\n\t\t<\/div>\n\t\t\t\t\t<\/div>\n\n\t\n\n<\/div>\n\n\t\t<\/div>\n\n\t\t\n<style>\n#section_567256627 {\n  padding-top: 30px;\n  padding-bottom: 30px;\n}\n<\/style>\n\t<\/section>\n\t\n<div class=\"row\"  id=\"row-276290502\">\n\n\n<\/div>\n\n","protected":false},"excerpt":{"rendered":"","protected":false},"author":1,"featured_media":0,"parent":0,"menu_order":1,"comment_status":"closed","ping_status":"open","template":"page-blank.php","meta":{"_acf_changed":false,"footnotes":""},"class_list":["post-9465","page","type-page","status-publish","hentry"],"acf":[],"yoast_head":"<!-- This site is optimized with the Yoast SEO plugin v27.5 - https:\/\/yoast.com\/product\/yoast-seo-wordpress\/ -->\n<title>\u00c0 propos de nous - NATURAL POLAND - Distributeur de mati\u00e8res premi\u00e8res en gros<\/title>\n<meta name=\"robots\" content=\"index, follow, max-snippet:-1, max-image-preview:large, max-video-preview:-1\" \/>\n<link rel=\"canonical\" href=\"https:\/\/naturalpoland.com\/fr\/notre-entreprise\/\" \/>\n<meta property=\"og:locale\" content=\"fr_FR\" \/>\n<meta property=\"og:type\" content=\"article\" \/>\n<meta property=\"og:title\" content=\"\u00c0 propos de nous - NATURAL POLAND - Distributeur de mati\u00e8res premi\u00e8res en gros\" \/>\n<meta property=\"og:url\" content=\"https:\/\/naturalpoland.com\/fr\/notre-entreprise\/\" \/>\n<meta property=\"og:site_name\" content=\"NATURAL POLAND - Distributeur de mati\u00e8res premi\u00e8res en gros\" \/>\n<meta property=\"article:publisher\" content=\"https:\/\/www.facebook.com\/naturalpoland.b2b\" \/>\n<meta property=\"article:modified_time\" content=\"2025-12-03T09:57:09+00:00\" \/>\n<meta property=\"og:image\" content=\"https:\/\/naturalpoland.com\/wp-content\/uploads\/\/cosmoprof1-300x197.jpg\" \/>\n<script type=\"application\/ld+json\" class=\"yoast-schema-graph\">{\"@context\":\"https:\\\/\\\/schema.org\",\"@graph\":[{\"@type\":\"WebPage\",\"@id\":\"https:\\\/\\\/naturalpoland.com\\\/fr\\\/notre-entreprise\\\/\",\"url\":\"https:\\\/\\\/naturalpoland.com\\\/fr\\\/notre-entreprise\\\/\",\"name\":\"\u00c0 propos de nous - NATURAL POLAND - Distributeur de mati\u00e8res premi\u00e8res en gros\",\"isPartOf\":{\"@id\":\"https:\\\/\\\/naturalpoland.com\\\/fr\\\/#website\"},\"primaryImageOfPage\":{\"@id\":\"https:\\\/\\\/naturalpoland.com\\\/fr\\\/notre-entreprise\\\/#primaryimage\"},\"image\":{\"@id\":\"https:\\\/\\\/naturalpoland.com\\\/fr\\\/notre-entreprise\\\/#primaryimage\"},\"thumbnailUrl\":\"https:\\\/\\\/naturalpoland.com\\\/wp-content\\\/uploads\\\/\\\/cosmoprof1-300x197.jpg\",\"datePublished\":\"2021-09-13T12:53:01+00:00\",\"dateModified\":\"2025-12-03T09:57:09+00:00\",\"breadcrumb\":{\"@id\":\"https:\\\/\\\/naturalpoland.com\\\/fr\\\/notre-entreprise\\\/#breadcrumb\"},\"inLanguage\":\"fr-FR\",\"potentialAction\":[{\"@type\":\"ReadAction\",\"target\":[\"https:\\\/\\\/naturalpoland.com\\\/fr\\\/notre-entreprise\\\/\"]}]},{\"@type\":\"ImageObject\",\"inLanguage\":\"fr-FR\",\"@id\":\"https:\\\/\\\/naturalpoland.com\\\/fr\\\/notre-entreprise\\\/#primaryimage\",\"url\":\"https:\\\/\\\/naturalpoland.com\\\/wp-content\\\/uploads\\\/\\\/cosmoprof1-300x197.jpg\",\"contentUrl\":\"https:\\\/\\\/naturalpoland.com\\\/wp-content\\\/uploads\\\/\\\/cosmoprof1-300x197.jpg\"},{\"@type\":\"BreadcrumbList\",\"@id\":\"https:\\\/\\\/naturalpoland.com\\\/fr\\\/notre-entreprise\\\/#breadcrumb\",\"itemListElement\":[{\"@type\":\"ListItem\",\"position\":1,\"name\":\"Accueil\",\"item\":\"https:\\\/\\\/naturalpoland.com\\\/fr\\\/\"},{\"@type\":\"ListItem\",\"position\":2,\"name\":\"\u00c0 propos de nous\"}]},{\"@type\":\"WebSite\",\"@id\":\"https:\\\/\\\/naturalpoland.com\\\/fr\\\/#website\",\"url\":\"https:\\\/\\\/naturalpoland.com\\\/fr\\\/\",\"name\":\"NATURAL POLAND - Distributeur de mati\u00e8res premi\u00e8res en gros\",\"description\":\"Surowce dla przemys\u0142u spo\u017cywczego, kosmetycznego i farmaceutycznego\",\"publisher\":{\"@id\":\"https:\\\/\\\/naturalpoland.com\\\/fr\\\/#organization\"},\"potentialAction\":[{\"@type\":\"SearchAction\",\"target\":{\"@type\":\"EntryPoint\",\"urlTemplate\":\"https:\\\/\\\/naturalpoland.com\\\/fr\\\/?s={search_term_string}\"},\"query-input\":{\"@type\":\"PropertyValueSpecification\",\"valueRequired\":true,\"valueName\":\"search_term_string\"}}],\"inLanguage\":\"fr-FR\"},{\"@type\":\"Organization\",\"@id\":\"https:\\\/\\\/naturalpoland.com\\\/fr\\\/#organization\",\"name\":\"Natural Poland\",\"url\":\"https:\\\/\\\/naturalpoland.com\\\/fr\\\/\",\"logo\":{\"@type\":\"ImageObject\",\"inLanguage\":\"fr-FR\",\"@id\":\"https:\\\/\\\/naturalpoland.com\\\/fr\\\/#\\\/schema\\\/logo\\\/image\\\/\",\"url\":\"https:\\\/\\\/naturalpoland.com\\\/wp-content\\\/uploads\\\/2021\\\/05\\\/natural-poland-icon.png\",\"contentUrl\":\"https:\\\/\\\/naturalpoland.com\\\/wp-content\\\/uploads\\\/2021\\\/05\\\/natural-poland-icon.png\",\"width\":512,\"height\":512,\"caption\":\"Natural Poland\"},\"image\":{\"@id\":\"https:\\\/\\\/naturalpoland.com\\\/fr\\\/#\\\/schema\\\/logo\\\/image\\\/\"},\"sameAs\":[\"https:\\\/\\\/www.facebook.com\\\/naturalpoland.b2b\",\"https:\\\/\\\/pl.linkedin.com\\\/company\\\/natural-poland\",\"https:\\\/\\\/www.youtube.com\\\/channel\\\/UCgeGGkvOMahZo-xu_MSEWxg\"]}]}<\/script>\n<!-- \/ Yoast SEO plugin. -->","yoast_head_json":{"title":"\u00c0 propos de nous - NATURAL POLAND - Distributeur de mati\u00e8res premi\u00e8res en gros","robots":{"index":"index","follow":"follow","max-snippet":"max-snippet:-1","max-image-preview":"max-image-preview:large","max-video-preview":"max-video-preview:-1"},"canonical":"https:\/\/naturalpoland.com\/fr\/notre-entreprise\/","og_locale":"fr_FR","og_type":"article","og_title":"\u00c0 propos de nous - NATURAL POLAND - Distributeur de mati\u00e8res premi\u00e8res en gros","og_url":"https:\/\/naturalpoland.com\/fr\/notre-entreprise\/","og_site_name":"NATURAL POLAND - Distributeur de mati\u00e8res premi\u00e8res en gros","article_publisher":"https:\/\/www.facebook.com\/naturalpoland.b2b","article_modified_time":"2025-12-03T09:57:09+00:00","og_image":[{"url":"https:\/\/naturalpoland.com\/wp-content\/uploads\/\/cosmoprof1-300x197.jpg","type":"","width":"","height":""}],"schema":{"@context":"https:\/\/schema.org","@graph":[{"@type":"WebPage","@id":"https:\/\/naturalpoland.com\/fr\/notre-entreprise\/","url":"https:\/\/naturalpoland.com\/fr\/notre-entreprise\/","name":"\u00c0 propos de nous - NATURAL POLAND - Distributeur de mati\u00e8res premi\u00e8res en gros","isPartOf":{"@id":"https:\/\/naturalpoland.com\/fr\/#website"},"primaryImageOfPage":{"@id":"https:\/\/naturalpoland.com\/fr\/notre-entreprise\/#primaryimage"},"image":{"@id":"https:\/\/naturalpoland.com\/fr\/notre-entreprise\/#primaryimage"},"thumbnailUrl":"https:\/\/naturalpoland.com\/wp-content\/uploads\/\/cosmoprof1-300x197.jpg","datePublished":"2021-09-13T12:53:01+00:00","dateModified":"2025-12-03T09:57:09+00:00","breadcrumb":{"@id":"https:\/\/naturalpoland.com\/fr\/notre-entreprise\/#breadcrumb"},"inLanguage":"fr-FR","potentialAction":[{"@type":"ReadAction","target":["https:\/\/naturalpoland.com\/fr\/notre-entreprise\/"]}]},{"@type":"ImageObject","inLanguage":"fr-FR","@id":"https:\/\/naturalpoland.com\/fr\/notre-entreprise\/#primaryimage","url":"https:\/\/naturalpoland.com\/wp-content\/uploads\/\/cosmoprof1-300x197.jpg","contentUrl":"https:\/\/naturalpoland.com\/wp-content\/uploads\/\/cosmoprof1-300x197.jpg"},{"@type":"BreadcrumbList","@id":"https:\/\/naturalpoland.com\/fr\/notre-entreprise\/#breadcrumb","itemListElement":[{"@type":"ListItem","position":1,"name":"Accueil","item":"https:\/\/naturalpoland.com\/fr\/"},{"@type":"ListItem","position":2,"name":"\u00c0 propos de nous"}]},{"@type":"WebSite","@id":"https:\/\/naturalpoland.com\/fr\/#website","url":"https:\/\/naturalpoland.com\/fr\/","name":"NATURAL POLAND - Distributeur de mati\u00e8res premi\u00e8res en gros","description":"Surowce dla przemys\u0142u spo\u017cywczego, kosmetycznego i farmaceutycznego","publisher":{"@id":"https:\/\/naturalpoland.com\/fr\/#organization"},"potentialAction":[{"@type":"SearchAction","target":{"@type":"EntryPoint","urlTemplate":"https:\/\/naturalpoland.com\/fr\/?s={search_term_string}"},"query-input":{"@type":"PropertyValueSpecification","valueRequired":true,"valueName":"search_term_string"}}],"inLanguage":"fr-FR"},{"@type":"Organization","@id":"https:\/\/naturalpoland.com\/fr\/#organization","name":"Natural Poland","url":"https:\/\/naturalpoland.com\/fr\/","logo":{"@type":"ImageObject","inLanguage":"fr-FR","@id":"https:\/\/naturalpoland.com\/fr\/#\/schema\/logo\/image\/","url":"https:\/\/naturalpoland.com\/wp-content\/uploads\/2021\/05\/natural-poland-icon.png","contentUrl":"https:\/\/naturalpoland.com\/wp-content\/uploads\/2021\/05\/natural-poland-icon.png","width":512,"height":512,"caption":"Natural Poland"},"image":{"@id":"https:\/\/naturalpoland.com\/fr\/#\/schema\/logo\/image\/"},"sameAs":["https:\/\/www.facebook.com\/naturalpoland.b2b","https:\/\/pl.linkedin.com\/company\/natural-poland","https:\/\/www.youtube.com\/channel\/UCgeGGkvOMahZo-xu_MSEWxg"]}]}},"_links":{"self":[{"href":"https:\/\/naturalpoland.com\/fr\/wp-json\/wp\/v2\/pages\/9465","targetHints":{"allow":["GET"]}}],"collection":[{"href":"https:\/\/naturalpoland.com\/fr\/wp-json\/wp\/v2\/pages"}],"about":[{"href":"https:\/\/naturalpoland.com\/fr\/wp-json\/wp\/v2\/types\/page"}],"author":[{"embeddable":true,"href":"https:\/\/naturalpoland.com\/fr\/wp-json\/wp\/v2\/users\/1"}],"replies":[{"embeddable":true,"href":"https:\/\/naturalpoland.com\/fr\/wp-json\/wp\/v2\/comments?post=9465"}],"version-history":[{"count":7,"href":"https:\/\/naturalpoland.com\/fr\/wp-json\/wp\/v2\/pages\/9465\/revisions"}],"predecessor-version":[{"id":43936,"href":"https:\/\/naturalpoland.com\/fr\/wp-json\/wp\/v2\/pages\/9465\/revisions\/43936"}],"wp:attachment":[{"href":"https:\/\/naturalpoland.com\/fr\/wp-json\/wp\/v2\/media?parent=9465"}],"curies":[{"name":"wp","href":"https:\/\/api.w.org\/{rel}","templated":true}]}}