{"id":10577,"date":"2021-05-11T13:37:44","date_gmt":"2021-05-11T11:37:44","guid":{"rendered":"https:\/\/naturalpoland.pl\/produkty\/non class\u00e9\/d-ribose\/"},"modified":"2021-09-16T15:45:53","modified_gmt":"2021-09-16T13:45:53","slug":"d-ribose","status":"publish","type":"product","link":"https:\/\/naturalpoland.com\/fr\/produkty\/produits-pour-les-industries-pharmaceutiques-et-medicales\/additifs-de-complements-alimentaires\/d-ribose\/","title":{"rendered":"D-ribose"},"content":{"rendered":"<p>Une personne d\u00e9ficiente en d-ribose est l\u00e9thargique, sans volont\u00e9 de vivre et d&rsquo;agir, montrant des signes de faiblesse. De plus, il convient de mentionner que sa quantit\u00e9 appropri\u00e9e dans le corps humain lui permet de pr\u00e9venir des maladies ou de lutter contre un \u00e9tat pathologique d\u00e9j\u00e0 d\u00e9velopp\u00e9.<\/p>\n<p>Le D-Ribose prend soin du bon \u00e9tat du c\u0153ur et de la peau, aide \u00e0 soulager les sympt\u00f4mes d&rsquo;une maladie appel\u00e9e fibromyalgie, att\u00e9nue \u00e9galement les effets du syndrome de fatigue chronique, soutient l&rsquo;activit\u00e9 physique et soutient le traitement des maladies m\u00e9taboliques des muscles.<\/p>\n","protected":false},"excerpt":{"rendered":"<p>Le D-Ribose est un sucre simple, dont le niveau correct dans le corps est responsable de sa fonctionnalit\u00e9 et de sa vitalit\u00e9. Le manque de ce sucre dans le corps, ou sa quantit\u00e9 incorrecte, affecte n\u00e9gativement la vitalit\u00e9 du corps.<\/p>\n","protected":false},"featured_media":42640,"template":"","meta":[],"product_brand":[],"product_cat":[1300],"product_tag":[],"class_list":{"0":"post-10577","1":"product","2":"type-product","3":"status-publish","4":"has-post-thumbnail","6":"product_cat-additifs-de-complements-alimentaires","7":"pa_grupa-substancji-glucides","9":"first","10":"instock","11":"shipping-taxable","12":"product-type-simple"},"yoast_head":"<!-- This site is optimized with the Yoast SEO plugin v27.3 - https:\/\/yoast.com\/product\/yoast-seo-wordpress\/ -->\n<title>D-ribose - Distributeur en gros<\/title>\n<meta name=\"robots\" content=\"index, follow, max-snippet:-1, max-image-preview:large, max-video-preview:-1\" \/>\n<link rel=\"canonical\" href=\"https:\/\/naturalpoland.com\/fr\/produkty\/produits-pour-les-industries-pharmaceutiques-et-medicales\/additifs-de-complements-alimentaires\/d-ribose\/\" \/>\n<meta property=\"og:locale\" content=\"fr_FR\" \/>\n<meta property=\"og:type\" content=\"article\" \/>\n<meta property=\"og:title\" content=\"D-ribose - Distributeur en gros\" \/>\n<meta property=\"og:description\" content=\"Le D-Ribose est un sucre simple, dont le niveau correct dans le corps est responsable de sa fonctionnalit\u00e9 et de sa vitalit\u00e9. Le manque de ce sucre dans le corps, ou sa quantit\u00e9 incorrecte, affecte n\u00e9gativement la vitalit\u00e9 du corps.\" \/>\n<meta property=\"og:url\" content=\"https:\/\/naturalpoland.com\/fr\/produkty\/produits-pour-les-industries-pharmaceutiques-et-medicales\/additifs-de-complements-alimentaires\/d-ribose\/\" \/>\n<meta property=\"og:site_name\" content=\"NATURAL POLAND - Distributeur de mati\u00e8res premi\u00e8res en gros\" \/>\n<meta property=\"article:publisher\" content=\"https:\/\/www.facebook.com\/naturalpoland.b2b\" \/>\n<meta property=\"article:modified_time\" content=\"2021-09-16T13:45:53+00:00\" \/>\n<meta property=\"og:image\" content=\"https:\/\/naturalpoland.com\/wp-content\/uploads\/2021\/05\/d-ribose.jpg\" \/>\n\t<meta property=\"og:image:width\" content=\"1129\" \/>\n\t<meta property=\"og:image:height\" content=\"559\" \/>\n\t<meta property=\"og:image:type\" content=\"image\/jpeg\" \/>\n<script type=\"application\/ld+json\" class=\"yoast-schema-graph\">{\"@context\":\"https:\\\/\\\/schema.org\",\"@graph\":[{\"@type\":\"WebPage\",\"@id\":\"https:\\\/\\\/naturalpoland.com\\\/fr\\\/produkty\\\/produits-pour-les-industries-pharmaceutiques-et-medicales\\\/additifs-de-complements-alimentaires\\\/d-ribose\\\/\",\"url\":\"https:\\\/\\\/naturalpoland.com\\\/fr\\\/produkty\\\/produits-pour-les-industries-pharmaceutiques-et-medicales\\\/additifs-de-complements-alimentaires\\\/d-ribose\\\/\",\"name\":\"D-ribose - Distributeur en gros\",\"isPartOf\":{\"@id\":\"https:\\\/\\\/naturalpoland.com\\\/fr\\\/#website\"},\"primaryImageOfPage\":{\"@id\":\"https:\\\/\\\/naturalpoland.com\\\/fr\\\/produkty\\\/produits-pour-les-industries-pharmaceutiques-et-medicales\\\/additifs-de-complements-alimentaires\\\/d-ribose\\\/#primaryimage\"},\"image\":{\"@id\":\"https:\\\/\\\/naturalpoland.com\\\/fr\\\/produkty\\\/produits-pour-les-industries-pharmaceutiques-et-medicales\\\/additifs-de-complements-alimentaires\\\/d-ribose\\\/#primaryimage\"},\"thumbnailUrl\":\"https:\\\/\\\/naturalpoland.com\\\/wp-content\\\/uploads\\\/d-ryboza.webp\",\"datePublished\":\"2021-05-11T11:37:44+00:00\",\"dateModified\":\"2021-09-16T13:45:53+00:00\",\"breadcrumb\":{\"@id\":\"https:\\\/\\\/naturalpoland.com\\\/fr\\\/produkty\\\/produits-pour-les-industries-pharmaceutiques-et-medicales\\\/additifs-de-complements-alimentaires\\\/d-ribose\\\/#breadcrumb\"},\"inLanguage\":\"fr-FR\",\"potentialAction\":[{\"@type\":\"ReadAction\",\"target\":[\"https:\\\/\\\/naturalpoland.com\\\/fr\\\/produkty\\\/produits-pour-les-industries-pharmaceutiques-et-medicales\\\/additifs-de-complements-alimentaires\\\/d-ribose\\\/\"]}]},{\"@type\":\"ImageObject\",\"inLanguage\":\"fr-FR\",\"@id\":\"https:\\\/\\\/naturalpoland.com\\\/fr\\\/produkty\\\/produits-pour-les-industries-pharmaceutiques-et-medicales\\\/additifs-de-complements-alimentaires\\\/d-ribose\\\/#primaryimage\",\"url\":\"https:\\\/\\\/naturalpoland.com\\\/wp-content\\\/uploads\\\/d-ryboza.webp\",\"contentUrl\":\"https:\\\/\\\/naturalpoland.com\\\/wp-content\\\/uploads\\\/d-ryboza.webp\",\"width\":1024,\"height\":1024,\"caption\":\"d-ryboza w postaci bia\u0142ego krystalicznego proszku\"},{\"@type\":\"BreadcrumbList\",\"@id\":\"https:\\\/\\\/naturalpoland.com\\\/fr\\\/produkty\\\/produits-pour-les-industries-pharmaceutiques-et-medicales\\\/additifs-de-complements-alimentaires\\\/d-ribose\\\/#breadcrumb\",\"itemListElement\":[{\"@type\":\"ListItem\",\"position\":1,\"name\":\"Accueil\",\"item\":\"https:\\\/\\\/naturalpoland.com\\\/fr\\\/\"},{\"@type\":\"ListItem\",\"position\":2,\"name\":\"Produits\",\"item\":\"https:\\\/\\\/naturalpoland.com\\\/fr\\\/produits\\\/\"},{\"@type\":\"ListItem\",\"position\":3,\"name\":\"D-ribose\"}]},{\"@type\":\"WebSite\",\"@id\":\"https:\\\/\\\/naturalpoland.com\\\/fr\\\/#website\",\"url\":\"https:\\\/\\\/naturalpoland.com\\\/fr\\\/\",\"name\":\"NATURAL POLAND - Distributeur de mati\u00e8res premi\u00e8res en gros\",\"description\":\"Surowce dla przemys\u0142u spo\u017cywczego, kosmetycznego i farmaceutycznego\",\"publisher\":{\"@id\":\"https:\\\/\\\/naturalpoland.com\\\/fr\\\/#organization\"},\"potentialAction\":[{\"@type\":\"SearchAction\",\"target\":{\"@type\":\"EntryPoint\",\"urlTemplate\":\"https:\\\/\\\/naturalpoland.com\\\/fr\\\/?s={search_term_string}\"},\"query-input\":{\"@type\":\"PropertyValueSpecification\",\"valueRequired\":true,\"valueName\":\"search_term_string\"}}],\"inLanguage\":\"fr-FR\"},{\"@type\":\"Organization\",\"@id\":\"https:\\\/\\\/naturalpoland.com\\\/fr\\\/#organization\",\"name\":\"Natural Poland\",\"url\":\"https:\\\/\\\/naturalpoland.com\\\/fr\\\/\",\"logo\":{\"@type\":\"ImageObject\",\"inLanguage\":\"fr-FR\",\"@id\":\"https:\\\/\\\/naturalpoland.com\\\/fr\\\/#\\\/schema\\\/logo\\\/image\\\/\",\"url\":\"https:\\\/\\\/naturalpoland.com\\\/wp-content\\\/uploads\\\/2021\\\/05\\\/natural-poland-icon.png\",\"contentUrl\":\"https:\\\/\\\/naturalpoland.com\\\/wp-content\\\/uploads\\\/2021\\\/05\\\/natural-poland-icon.png\",\"width\":512,\"height\":512,\"caption\":\"Natural Poland\"},\"image\":{\"@id\":\"https:\\\/\\\/naturalpoland.com\\\/fr\\\/#\\\/schema\\\/logo\\\/image\\\/\"},\"sameAs\":[\"https:\\\/\\\/www.facebook.com\\\/naturalpoland.b2b\",\"https:\\\/\\\/pl.linkedin.com\\\/company\\\/natural-poland\",\"https:\\\/\\\/www.youtube.com\\\/channel\\\/UCgeGGkvOMahZo-xu_MSEWxg\"]}]}<\/script>\n<!-- \/ Yoast SEO plugin. -->","yoast_head_json":{"title":"D-ribose - Distributeur en gros","robots":{"index":"index","follow":"follow","max-snippet":"max-snippet:-1","max-image-preview":"max-image-preview:large","max-video-preview":"max-video-preview:-1"},"canonical":"https:\/\/naturalpoland.com\/fr\/produkty\/produits-pour-les-industries-pharmaceutiques-et-medicales\/additifs-de-complements-alimentaires\/d-ribose\/","og_locale":"fr_FR","og_type":"article","og_title":"D-ribose - Distributeur en gros","og_description":"Le D-Ribose est un sucre simple, dont le niveau correct dans le corps est responsable de sa fonctionnalit\u00e9 et de sa vitalit\u00e9. Le manque de ce sucre dans le corps, ou sa quantit\u00e9 incorrecte, affecte n\u00e9gativement la vitalit\u00e9 du corps.","og_url":"https:\/\/naturalpoland.com\/fr\/produkty\/produits-pour-les-industries-pharmaceutiques-et-medicales\/additifs-de-complements-alimentaires\/d-ribose\/","og_site_name":"NATURAL POLAND - Distributeur de mati\u00e8res premi\u00e8res en gros","article_publisher":"https:\/\/www.facebook.com\/naturalpoland.b2b","article_modified_time":"2021-09-16T13:45:53+00:00","og_image":[{"width":1129,"height":559,"url":"https:\/\/naturalpoland.com\/wp-content\/uploads\/2021\/05\/d-ribose.jpg","type":"image\/jpeg"}],"schema":{"@context":"https:\/\/schema.org","@graph":[{"@type":"WebPage","@id":"https:\/\/naturalpoland.com\/fr\/produkty\/produits-pour-les-industries-pharmaceutiques-et-medicales\/additifs-de-complements-alimentaires\/d-ribose\/","url":"https:\/\/naturalpoland.com\/fr\/produkty\/produits-pour-les-industries-pharmaceutiques-et-medicales\/additifs-de-complements-alimentaires\/d-ribose\/","name":"D-ribose - Distributeur en gros","isPartOf":{"@id":"https:\/\/naturalpoland.com\/fr\/#website"},"primaryImageOfPage":{"@id":"https:\/\/naturalpoland.com\/fr\/produkty\/produits-pour-les-industries-pharmaceutiques-et-medicales\/additifs-de-complements-alimentaires\/d-ribose\/#primaryimage"},"image":{"@id":"https:\/\/naturalpoland.com\/fr\/produkty\/produits-pour-les-industries-pharmaceutiques-et-medicales\/additifs-de-complements-alimentaires\/d-ribose\/#primaryimage"},"thumbnailUrl":"https:\/\/naturalpoland.com\/wp-content\/uploads\/d-ryboza.webp","datePublished":"2021-05-11T11:37:44+00:00","dateModified":"2021-09-16T13:45:53+00:00","breadcrumb":{"@id":"https:\/\/naturalpoland.com\/fr\/produkty\/produits-pour-les-industries-pharmaceutiques-et-medicales\/additifs-de-complements-alimentaires\/d-ribose\/#breadcrumb"},"inLanguage":"fr-FR","potentialAction":[{"@type":"ReadAction","target":["https:\/\/naturalpoland.com\/fr\/produkty\/produits-pour-les-industries-pharmaceutiques-et-medicales\/additifs-de-complements-alimentaires\/d-ribose\/"]}]},{"@type":"ImageObject","inLanguage":"fr-FR","@id":"https:\/\/naturalpoland.com\/fr\/produkty\/produits-pour-les-industries-pharmaceutiques-et-medicales\/additifs-de-complements-alimentaires\/d-ribose\/#primaryimage","url":"https:\/\/naturalpoland.com\/wp-content\/uploads\/d-ryboza.webp","contentUrl":"https:\/\/naturalpoland.com\/wp-content\/uploads\/d-ryboza.webp","width":1024,"height":1024,"caption":"d-ryboza w postaci bia\u0142ego krystalicznego proszku"},{"@type":"BreadcrumbList","@id":"https:\/\/naturalpoland.com\/fr\/produkty\/produits-pour-les-industries-pharmaceutiques-et-medicales\/additifs-de-complements-alimentaires\/d-ribose\/#breadcrumb","itemListElement":[{"@type":"ListItem","position":1,"name":"Accueil","item":"https:\/\/naturalpoland.com\/fr\/"},{"@type":"ListItem","position":2,"name":"Produits","item":"https:\/\/naturalpoland.com\/fr\/produits\/"},{"@type":"ListItem","position":3,"name":"D-ribose"}]},{"@type":"WebSite","@id":"https:\/\/naturalpoland.com\/fr\/#website","url":"https:\/\/naturalpoland.com\/fr\/","name":"NATURAL POLAND - Distributeur de mati\u00e8res premi\u00e8res en gros","description":"Surowce dla przemys\u0142u spo\u017cywczego, kosmetycznego i farmaceutycznego","publisher":{"@id":"https:\/\/naturalpoland.com\/fr\/#organization"},"potentialAction":[{"@type":"SearchAction","target":{"@type":"EntryPoint","urlTemplate":"https:\/\/naturalpoland.com\/fr\/?s={search_term_string}"},"query-input":{"@type":"PropertyValueSpecification","valueRequired":true,"valueName":"search_term_string"}}],"inLanguage":"fr-FR"},{"@type":"Organization","@id":"https:\/\/naturalpoland.com\/fr\/#organization","name":"Natural Poland","url":"https:\/\/naturalpoland.com\/fr\/","logo":{"@type":"ImageObject","inLanguage":"fr-FR","@id":"https:\/\/naturalpoland.com\/fr\/#\/schema\/logo\/image\/","url":"https:\/\/naturalpoland.com\/wp-content\/uploads\/2021\/05\/natural-poland-icon.png","contentUrl":"https:\/\/naturalpoland.com\/wp-content\/uploads\/2021\/05\/natural-poland-icon.png","width":512,"height":512,"caption":"Natural Poland"},"image":{"@id":"https:\/\/naturalpoland.com\/fr\/#\/schema\/logo\/image\/"},"sameAs":["https:\/\/www.facebook.com\/naturalpoland.b2b","https:\/\/pl.linkedin.com\/company\/natural-poland","https:\/\/www.youtube.com\/channel\/UCgeGGkvOMahZo-xu_MSEWxg"]}]}},"_links":{"self":[{"href":"https:\/\/naturalpoland.com\/fr\/wp-json\/wp\/v2\/product\/10577","targetHints":{"allow":["GET"]}}],"collection":[{"href":"https:\/\/naturalpoland.com\/fr\/wp-json\/wp\/v2\/product"}],"about":[{"href":"https:\/\/naturalpoland.com\/fr\/wp-json\/wp\/v2\/types\/product"}],"wp:featuredmedia":[{"embeddable":true,"href":"https:\/\/naturalpoland.com\/fr\/wp-json\/wp\/v2\/media\/42640"}],"wp:attachment":[{"href":"https:\/\/naturalpoland.com\/fr\/wp-json\/wp\/v2\/media?parent=10577"}],"wp:term":[{"taxonomy":"product_brand","embeddable":true,"href":"https:\/\/naturalpoland.com\/fr\/wp-json\/wp\/v2\/product_brand?post=10577"},{"taxonomy":"product_cat","embeddable":true,"href":"https:\/\/naturalpoland.com\/fr\/wp-json\/wp\/v2\/product_cat?post=10577"},{"taxonomy":"product_tag","embeddable":true,"href":"https:\/\/naturalpoland.com\/fr\/wp-json\/wp\/v2\/product_tag?post=10577"}],"curies":[{"name":"wp","href":"https:\/\/api.w.org\/{rel}","templated":true}]}}