{"id":10784,"date":"2021-05-11T13:44:34","date_gmt":"2021-05-11T11:44:34","guid":{"rendered":"https:\/\/naturalpoland.pl\/produkty\/non%20class\u00e9\/complexe-de-cuivre-chlorophylle\/"},"modified":"2025-11-03T09:38:58","modified_gmt":"2025-11-03T08:38:58","slug":"complexe-cuivre-chlorophylle","status":"publish","type":"product","link":"https:\/\/naturalpoland.com\/fr\/produkty\/produits-pour-les-industries-pharmaceutiques-et-medicales\/additifs-de-complements-alimentaires\/complexe-cuivre-chlorophylle\/","title":{"rendered":"Complexe de cuivre chlorophylle"},"content":{"rendered":"<p>Dans le processus d&rsquo;obtention du complexe cuivrique de chlorophylle, le magn\u00e9sium naturel pr\u00e9sent dans la chlorophylle est remplac\u00e9 par des ions de cuivre. Cela assure une plus grande stabilit\u00e9 et une solubilit\u00e9 dans l&rsquo;eau. Dans le cas de la mati\u00e8re premi\u00e8re propos\u00e9e, le mat\u00e9riau de d\u00e9part est <g id=\"gid_0\">Morus alba L<\/g>. (m\u00fbrier blanc), et la forme du produit est une poudre finement moulue vert fonc\u00e9 avec une odeur caract\u00e9ristique et un pH dans la plage de 9,5\u201310,7.   <\/p>\n<h2>Caract\u00e9ristiques et avantages<\/h2>\n<p>Le complexe cuivrique de chlorophylle se caract\u00e9rise par une teneur \u00e9lev\u00e9e en cuivre ch\u00e9lat\u00e9 (min. 4 %) et en cuivre total (min. 4,25 %). Le produit pr\u00e9sente de fortes propri\u00e9t\u00e9s antioxydantes, agit de mani\u00e8re favorable sur <g id=\"gid_0\">la d\u00e9toxification de l&rsquo;organisme<\/g> et soutient les m\u00e9canismes de protection naturels de la peau. Gr\u00e2ce \u00e0 sa teneur en cuivre, il peut participer aux processus de r\u00e9g\u00e9n\u00e9ration de la peau, ainsi que favoriser la production de collag\u00e8ne et d&rsquo;\u00e9lastine.  <\/p>\n<p>De plus, il pr\u00e9sente une action d\u00e9sodorisante \u2013 <strong>neutralise les odeurs corporelles d\u00e9sagr\u00e9ables<\/strong>, c&rsquo;est pourquoi il est souvent utilis\u00e9 chez les personnes ayant des probl\u00e8mes de stomie, d&rsquo;incontinence urinaire ou de transpiration excessive. Dans les compl\u00e9ments alimentaires, il peut agir de mani\u00e8re favorable dans l&rsquo;\u00e9limination des toxines et l&rsquo;am\u00e9lioration de la condition g\u00e9n\u00e9rale de l&rsquo;organisme. <\/p>\n<h2>Application<\/h2>\n<ul>\n<li><strong>Cosm\u00e9tiques<\/strong> : colorant et ingr\u00e9dient actif dans les produits nettoyants, d\u00e9toxifiants et r\u00e9g\u00e9n\u00e9rants pour la peau.<\/li>\n<li><strong>Compl\u00e9ments alimentaires<\/strong> : comme ingr\u00e9dient d\u00e9toxifiant, antioxydant, soutenant la microflore intestinale et neutralisant les odeurs corporelles d\u00e9sagr\u00e9ables.<\/li>\n<li><strong>Industrie alimentaire<\/strong> : utilis\u00e9 comme <strong>colorant vert E141<\/strong>, particuli\u00e8rement dans les produits destin\u00e9s aux enfants, les boissons, les confiseries ou les suppl\u00e9ments \u00e0 dissoudre.<\/li>\n<li><strong>Produits pharmaceutiques et d&rsquo;hygi\u00e8ne<\/strong> : favorise la cicatrisation, \u00e9limine les odeurs d\u00e9sagr\u00e9ables et poss\u00e8de des propri\u00e9t\u00e9s apaisantes.<\/li>\n<\/ul>\n","protected":false},"excerpt":{"rendered":"<p>Le complexe cuivrique de chlorophylle est un compos\u00e9 semi-synth\u00e9tique d&rsquo;origine naturelle, obtenu \u00e0 partir de la chlorophylle \u2013 le <a href=\"https:\/\/naturalpoland.com\/fr\/produkty\/produits-pour-lindustrie-cosmetique\/colorants-cosmetiques\/colorants-dorigine-naturelle\/\">pigment<\/a> vert pr\u00e9sent dans les plantes.<\/p>\n","protected":false},"featured_media":42239,"template":"","meta":{"_acf_changed":false},"product_brand":[],"product_cat":[1300],"product_tag":[],"class_list":{"0":"post-10784","1":"product","2":"type-product","3":"status-publish","4":"has-post-thumbnail","6":"product_cat-additifs-de-complements-alimentaires","8":"first","9":"instock","10":"shipping-taxable","11":"product-type-simple"},"acf":[],"yoast_head":"<!-- This site is optimized with the Yoast SEO plugin v27.5 - https:\/\/yoast.com\/product\/yoast-seo-wordpress\/ -->\n<title>Complexe de cuivre chlorophylle - Distributeur en gros<\/title>\n<meta name=\"description\" content=\"Le complexe cuivrique de chlorophylle est un compos\u00e9 semi-synth\u00e9tique d&#039;origine naturelle, obtenu \u00e0 partir de la chlorophylle \u2013 le pigment vert pr\u00e9sent dans les plantes.\" \/>\n<meta name=\"robots\" content=\"index, follow, max-snippet:-1, max-image-preview:large, max-video-preview:-1\" \/>\n<link rel=\"canonical\" href=\"https:\/\/naturalpoland.com\/fr\/produkty\/produits-pour-les-industries-pharmaceutiques-et-medicales\/additifs-de-complements-alimentaires\/complexe-cuivre-chlorophylle\/\" \/>\n<meta property=\"og:locale\" content=\"fr_FR\" \/>\n<meta property=\"og:type\" content=\"article\" \/>\n<meta property=\"og:title\" content=\"Complexe de cuivre chlorophylle - Distributeur en gros\" \/>\n<meta property=\"og:description\" content=\"Le complexe cuivrique de chlorophylle est un compos\u00e9 semi-synth\u00e9tique d&#039;origine naturelle, obtenu \u00e0 partir de la chlorophylle \u2013 le pigment vert pr\u00e9sent dans les plantes.\" \/>\n<meta property=\"og:url\" content=\"https:\/\/naturalpoland.com\/fr\/produkty\/produits-pour-les-industries-pharmaceutiques-et-medicales\/additifs-de-complements-alimentaires\/complexe-cuivre-chlorophylle\/\" \/>\n<meta property=\"og:site_name\" content=\"NATURAL POLAND - Distributeur de mati\u00e8res premi\u00e8res en gros\" \/>\n<meta property=\"article:publisher\" content=\"https:\/\/www.facebook.com\/naturalpoland.b2b\" \/>\n<meta property=\"article:modified_time\" content=\"2025-11-03T08:38:58+00:00\" \/>\n<meta property=\"og:image\" content=\"https:\/\/naturalpoland.com\/wp-content\/uploads\/kompleks-miedziowy-chlorofilu.webp\" \/>\n\t<meta property=\"og:image:width\" content=\"1024\" \/>\n\t<meta property=\"og:image:height\" content=\"1024\" \/>\n\t<meta property=\"og:image:type\" content=\"image\/webp\" \/>\n<script type=\"application\/ld+json\" class=\"yoast-schema-graph\">{\"@context\":\"https:\\\/\\\/schema.org\",\"@graph\":[{\"@type\":\"WebPage\",\"@id\":\"https:\\\/\\\/naturalpoland.com\\\/fr\\\/produkty\\\/produits-pour-les-industries-pharmaceutiques-et-medicales\\\/additifs-de-complements-alimentaires\\\/complexe-cuivre-chlorophylle\\\/\",\"url\":\"https:\\\/\\\/naturalpoland.com\\\/fr\\\/produkty\\\/produits-pour-les-industries-pharmaceutiques-et-medicales\\\/additifs-de-complements-alimentaires\\\/complexe-cuivre-chlorophylle\\\/\",\"name\":\"Complexe de cuivre chlorophylle - Distributeur en gros\",\"isPartOf\":{\"@id\":\"https:\\\/\\\/naturalpoland.com\\\/fr\\\/#website\"},\"primaryImageOfPage\":{\"@id\":\"https:\\\/\\\/naturalpoland.com\\\/fr\\\/produkty\\\/produits-pour-les-industries-pharmaceutiques-et-medicales\\\/additifs-de-complements-alimentaires\\\/complexe-cuivre-chlorophylle\\\/#primaryimage\"},\"image\":{\"@id\":\"https:\\\/\\\/naturalpoland.com\\\/fr\\\/produkty\\\/produits-pour-les-industries-pharmaceutiques-et-medicales\\\/additifs-de-complements-alimentaires\\\/complexe-cuivre-chlorophylle\\\/#primaryimage\"},\"thumbnailUrl\":\"https:\\\/\\\/naturalpoland.com\\\/wp-content\\\/uploads\\\/kompleks-miedziowy-chlorofilu.webp\",\"datePublished\":\"2021-05-11T11:44:34+00:00\",\"dateModified\":\"2025-11-03T08:38:58+00:00\",\"description\":\"Le complexe cuivrique de chlorophylle est un compos\u00e9 semi-synth\u00e9tique d'origine naturelle, obtenu \u00e0 partir de la chlorophylle \u2013 le pigment vert pr\u00e9sent dans les plantes.\",\"breadcrumb\":{\"@id\":\"https:\\\/\\\/naturalpoland.com\\\/fr\\\/produkty\\\/produits-pour-les-industries-pharmaceutiques-et-medicales\\\/additifs-de-complements-alimentaires\\\/complexe-cuivre-chlorophylle\\\/#breadcrumb\"},\"inLanguage\":\"fr-FR\",\"potentialAction\":[{\"@type\":\"ReadAction\",\"target\":[\"https:\\\/\\\/naturalpoland.com\\\/fr\\\/produkty\\\/produits-pour-les-industries-pharmaceutiques-et-medicales\\\/additifs-de-complements-alimentaires\\\/complexe-cuivre-chlorophylle\\\/\"]}]},{\"@type\":\"ImageObject\",\"inLanguage\":\"fr-FR\",\"@id\":\"https:\\\/\\\/naturalpoland.com\\\/fr\\\/produkty\\\/produits-pour-les-industries-pharmaceutiques-et-medicales\\\/additifs-de-complements-alimentaires\\\/complexe-cuivre-chlorophylle\\\/#primaryimage\",\"url\":\"https:\\\/\\\/naturalpoland.com\\\/wp-content\\\/uploads\\\/kompleks-miedziowy-chlorofilu.webp\",\"contentUrl\":\"https:\\\/\\\/naturalpoland.com\\\/wp-content\\\/uploads\\\/kompleks-miedziowy-chlorofilu.webp\",\"width\":1024,\"height\":1024,\"caption\":\"Complexe de cuivre chlorophylle\"},{\"@type\":\"BreadcrumbList\",\"@id\":\"https:\\\/\\\/naturalpoland.com\\\/fr\\\/produkty\\\/produits-pour-les-industries-pharmaceutiques-et-medicales\\\/additifs-de-complements-alimentaires\\\/complexe-cuivre-chlorophylle\\\/#breadcrumb\",\"itemListElement\":[{\"@type\":\"ListItem\",\"position\":1,\"name\":\"Accueil\",\"item\":\"https:\\\/\\\/naturalpoland.com\\\/fr\\\/\"},{\"@type\":\"ListItem\",\"position\":2,\"name\":\"Produits\",\"item\":\"https:\\\/\\\/naturalpoland.com\\\/fr\\\/produits\\\/\"},{\"@type\":\"ListItem\",\"position\":3,\"name\":\"Complexe de cuivre chlorophylle\"}]},{\"@type\":\"WebSite\",\"@id\":\"https:\\\/\\\/naturalpoland.com\\\/fr\\\/#website\",\"url\":\"https:\\\/\\\/naturalpoland.com\\\/fr\\\/\",\"name\":\"NATURAL POLAND - Distributeur de mati\u00e8res premi\u00e8res en gros\",\"description\":\"Surowce dla przemys\u0142u spo\u017cywczego, kosmetycznego i farmaceutycznego\",\"publisher\":{\"@id\":\"https:\\\/\\\/naturalpoland.com\\\/fr\\\/#organization\"},\"potentialAction\":[{\"@type\":\"SearchAction\",\"target\":{\"@type\":\"EntryPoint\",\"urlTemplate\":\"https:\\\/\\\/naturalpoland.com\\\/fr\\\/?s={search_term_string}\"},\"query-input\":{\"@type\":\"PropertyValueSpecification\",\"valueRequired\":true,\"valueName\":\"search_term_string\"}}],\"inLanguage\":\"fr-FR\"},{\"@type\":\"Organization\",\"@id\":\"https:\\\/\\\/naturalpoland.com\\\/fr\\\/#organization\",\"name\":\"Natural Poland\",\"url\":\"https:\\\/\\\/naturalpoland.com\\\/fr\\\/\",\"logo\":{\"@type\":\"ImageObject\",\"inLanguage\":\"fr-FR\",\"@id\":\"https:\\\/\\\/naturalpoland.com\\\/fr\\\/#\\\/schema\\\/logo\\\/image\\\/\",\"url\":\"https:\\\/\\\/naturalpoland.com\\\/wp-content\\\/uploads\\\/2021\\\/05\\\/natural-poland-icon.png\",\"contentUrl\":\"https:\\\/\\\/naturalpoland.com\\\/wp-content\\\/uploads\\\/2021\\\/05\\\/natural-poland-icon.png\",\"width\":512,\"height\":512,\"caption\":\"Natural Poland\"},\"image\":{\"@id\":\"https:\\\/\\\/naturalpoland.com\\\/fr\\\/#\\\/schema\\\/logo\\\/image\\\/\"},\"sameAs\":[\"https:\\\/\\\/www.facebook.com\\\/naturalpoland.b2b\",\"https:\\\/\\\/pl.linkedin.com\\\/company\\\/natural-poland\",\"https:\\\/\\\/www.youtube.com\\\/channel\\\/UCgeGGkvOMahZo-xu_MSEWxg\"]}]}<\/script>\n<!-- \/ Yoast SEO plugin. -->","yoast_head_json":{"title":"Complexe de cuivre chlorophylle - Distributeur en gros","description":"Le complexe cuivrique de chlorophylle est un compos\u00e9 semi-synth\u00e9tique d'origine naturelle, obtenu \u00e0 partir de la chlorophylle \u2013 le pigment vert pr\u00e9sent dans les plantes.","robots":{"index":"index","follow":"follow","max-snippet":"max-snippet:-1","max-image-preview":"max-image-preview:large","max-video-preview":"max-video-preview:-1"},"canonical":"https:\/\/naturalpoland.com\/fr\/produkty\/produits-pour-les-industries-pharmaceutiques-et-medicales\/additifs-de-complements-alimentaires\/complexe-cuivre-chlorophylle\/","og_locale":"fr_FR","og_type":"article","og_title":"Complexe de cuivre chlorophylle - Distributeur en gros","og_description":"Le complexe cuivrique de chlorophylle est un compos\u00e9 semi-synth\u00e9tique d'origine naturelle, obtenu \u00e0 partir de la chlorophylle \u2013 le pigment vert pr\u00e9sent dans les plantes.","og_url":"https:\/\/naturalpoland.com\/fr\/produkty\/produits-pour-les-industries-pharmaceutiques-et-medicales\/additifs-de-complements-alimentaires\/complexe-cuivre-chlorophylle\/","og_site_name":"NATURAL POLAND - Distributeur de mati\u00e8res premi\u00e8res en gros","article_publisher":"https:\/\/www.facebook.com\/naturalpoland.b2b","article_modified_time":"2025-11-03T08:38:58+00:00","og_image":[{"width":1024,"height":1024,"url":"https:\/\/naturalpoland.com\/wp-content\/uploads\/kompleks-miedziowy-chlorofilu.webp","type":"image\/webp"}],"schema":{"@context":"https:\/\/schema.org","@graph":[{"@type":"WebPage","@id":"https:\/\/naturalpoland.com\/fr\/produkty\/produits-pour-les-industries-pharmaceutiques-et-medicales\/additifs-de-complements-alimentaires\/complexe-cuivre-chlorophylle\/","url":"https:\/\/naturalpoland.com\/fr\/produkty\/produits-pour-les-industries-pharmaceutiques-et-medicales\/additifs-de-complements-alimentaires\/complexe-cuivre-chlorophylle\/","name":"Complexe de cuivre chlorophylle - Distributeur en gros","isPartOf":{"@id":"https:\/\/naturalpoland.com\/fr\/#website"},"primaryImageOfPage":{"@id":"https:\/\/naturalpoland.com\/fr\/produkty\/produits-pour-les-industries-pharmaceutiques-et-medicales\/additifs-de-complements-alimentaires\/complexe-cuivre-chlorophylle\/#primaryimage"},"image":{"@id":"https:\/\/naturalpoland.com\/fr\/produkty\/produits-pour-les-industries-pharmaceutiques-et-medicales\/additifs-de-complements-alimentaires\/complexe-cuivre-chlorophylle\/#primaryimage"},"thumbnailUrl":"https:\/\/naturalpoland.com\/wp-content\/uploads\/kompleks-miedziowy-chlorofilu.webp","datePublished":"2021-05-11T11:44:34+00:00","dateModified":"2025-11-03T08:38:58+00:00","description":"Le complexe cuivrique de chlorophylle est un compos\u00e9 semi-synth\u00e9tique d'origine naturelle, obtenu \u00e0 partir de la chlorophylle \u2013 le pigment vert pr\u00e9sent dans les plantes.","breadcrumb":{"@id":"https:\/\/naturalpoland.com\/fr\/produkty\/produits-pour-les-industries-pharmaceutiques-et-medicales\/additifs-de-complements-alimentaires\/complexe-cuivre-chlorophylle\/#breadcrumb"},"inLanguage":"fr-FR","potentialAction":[{"@type":"ReadAction","target":["https:\/\/naturalpoland.com\/fr\/produkty\/produits-pour-les-industries-pharmaceutiques-et-medicales\/additifs-de-complements-alimentaires\/complexe-cuivre-chlorophylle\/"]}]},{"@type":"ImageObject","inLanguage":"fr-FR","@id":"https:\/\/naturalpoland.com\/fr\/produkty\/produits-pour-les-industries-pharmaceutiques-et-medicales\/additifs-de-complements-alimentaires\/complexe-cuivre-chlorophylle\/#primaryimage","url":"https:\/\/naturalpoland.com\/wp-content\/uploads\/kompleks-miedziowy-chlorofilu.webp","contentUrl":"https:\/\/naturalpoland.com\/wp-content\/uploads\/kompleks-miedziowy-chlorofilu.webp","width":1024,"height":1024,"caption":"Complexe de cuivre chlorophylle"},{"@type":"BreadcrumbList","@id":"https:\/\/naturalpoland.com\/fr\/produkty\/produits-pour-les-industries-pharmaceutiques-et-medicales\/additifs-de-complements-alimentaires\/complexe-cuivre-chlorophylle\/#breadcrumb","itemListElement":[{"@type":"ListItem","position":1,"name":"Accueil","item":"https:\/\/naturalpoland.com\/fr\/"},{"@type":"ListItem","position":2,"name":"Produits","item":"https:\/\/naturalpoland.com\/fr\/produits\/"},{"@type":"ListItem","position":3,"name":"Complexe de cuivre chlorophylle"}]},{"@type":"WebSite","@id":"https:\/\/naturalpoland.com\/fr\/#website","url":"https:\/\/naturalpoland.com\/fr\/","name":"NATURAL POLAND - Distributeur de mati\u00e8res premi\u00e8res en gros","description":"Surowce dla przemys\u0142u spo\u017cywczego, kosmetycznego i farmaceutycznego","publisher":{"@id":"https:\/\/naturalpoland.com\/fr\/#organization"},"potentialAction":[{"@type":"SearchAction","target":{"@type":"EntryPoint","urlTemplate":"https:\/\/naturalpoland.com\/fr\/?s={search_term_string}"},"query-input":{"@type":"PropertyValueSpecification","valueRequired":true,"valueName":"search_term_string"}}],"inLanguage":"fr-FR"},{"@type":"Organization","@id":"https:\/\/naturalpoland.com\/fr\/#organization","name":"Natural Poland","url":"https:\/\/naturalpoland.com\/fr\/","logo":{"@type":"ImageObject","inLanguage":"fr-FR","@id":"https:\/\/naturalpoland.com\/fr\/#\/schema\/logo\/image\/","url":"https:\/\/naturalpoland.com\/wp-content\/uploads\/2021\/05\/natural-poland-icon.png","contentUrl":"https:\/\/naturalpoland.com\/wp-content\/uploads\/2021\/05\/natural-poland-icon.png","width":512,"height":512,"caption":"Natural Poland"},"image":{"@id":"https:\/\/naturalpoland.com\/fr\/#\/schema\/logo\/image\/"},"sameAs":["https:\/\/www.facebook.com\/naturalpoland.b2b","https:\/\/pl.linkedin.com\/company\/natural-poland","https:\/\/www.youtube.com\/channel\/UCgeGGkvOMahZo-xu_MSEWxg"]}]}},"_links":{"self":[{"href":"https:\/\/naturalpoland.com\/fr\/wp-json\/wp\/v2\/product\/10784","targetHints":{"allow":["GET"]}}],"collection":[{"href":"https:\/\/naturalpoland.com\/fr\/wp-json\/wp\/v2\/product"}],"about":[{"href":"https:\/\/naturalpoland.com\/fr\/wp-json\/wp\/v2\/types\/product"}],"wp:featuredmedia":[{"embeddable":true,"href":"https:\/\/naturalpoland.com\/fr\/wp-json\/wp\/v2\/media\/42239"}],"wp:attachment":[{"href":"https:\/\/naturalpoland.com\/fr\/wp-json\/wp\/v2\/media?parent=10784"}],"wp:term":[{"taxonomy":"product_brand","embeddable":true,"href":"https:\/\/naturalpoland.com\/fr\/wp-json\/wp\/v2\/product_brand?post=10784"},{"taxonomy":"product_cat","embeddable":true,"href":"https:\/\/naturalpoland.com\/fr\/wp-json\/wp\/v2\/product_cat?post=10784"},{"taxonomy":"product_tag","embeddable":true,"href":"https:\/\/naturalpoland.com\/fr\/wp-json\/wp\/v2\/product_tag?post=10784"}],"curies":[{"name":"wp","href":"https:\/\/api.w.org\/{rel}","templated":true}]}}