{"id":10935,"date":"2021-06-09T14:16:29","date_gmt":"2021-06-09T12:16:29","guid":{"rendered":"https:\/\/naturalpoland.pl\/produkty\/non%20class\u00e9\/extrait-dacerola\/"},"modified":"2024-01-23T11:32:52","modified_gmt":"2024-01-23T10:32:52","slug":"extrait-dacerola","status":"publish","type":"product","link":"https:\/\/naturalpoland.com\/fr\/produkty\/extraits-de-plantes\/extrait-dacerola\/","title":{"rendered":"Extrait d&rsquo;ac\u00e9rola"},"content":{"rendered":"<p>L&rsquo;extrait d&rsquo;ac\u00e9rola se caract\u00e9rise par sa tr\u00e8s forte teneur en vitamine C, l&rsquo;un des antioxydants les plus puissants de la nature, bien sup\u00e9rieure aux sources classiques de cette vitamine telles que les agrumes.<\/p>\n<p><strong>Application :<\/strong><\/p>\n<p>L&rsquo;utilisation de l&rsquo;extrait d&rsquo;ac\u00e9rola est polyvalente. Il renforce le syst\u00e8me immunitaire et aide l&rsquo;organisme \u00e0 lutter contre les infections et \u00e0 faire de l&rsquo;exercice. Sa pr\u00e9sence dans les produits cosm\u00e9tiques contribue \u00e0 am\u00e9liorer l&rsquo;\u00e9tat de la peau en stimulant la production de collag\u00e8ne, essentiel au maintien de l&rsquo;\u00e9lasticit\u00e9 et de la fermet\u00e9. En outre, gr\u00e2ce \u00e0 ses propri\u00e9t\u00e9s antioxydantes, l&rsquo;extrait d&rsquo;ac\u00e9rola prot\u00e8ge efficacement la peau des dommages caus\u00e9s par les radicaux libres et favorise la r\u00e9g\u00e9n\u00e9ration des cellules endommag\u00e9es.<\/p>\n<p><strong>Sp\u00e9cification :<\/strong><\/p>\n<p>L&rsquo;analyse de la composition de l&rsquo;extrait d&rsquo;ac\u00e9rola a montr\u00e9 qu&rsquo;il contient 17,8 % de vitamine C, ce qui confirme sa haute valeur nutritionnelle et son efficacit\u00e9. Le produit est enti\u00e8rement soluble dans l&rsquo;eau, ce qui le rend facile \u00e0 utiliser dans une vari\u00e9t\u00e9 de formulations de suppl\u00e9ments et de cosm\u00e9tiques. En outre, l&rsquo;extrait r\u00e9pond \u00e0 des normes de qualit\u00e9 strictes, notamment en ce qui concerne la faible teneur en m\u00e9taux lourds et l&rsquo;absence d&rsquo;OGM, comme le confirment les tests microbiologiques et chimiques effectu\u00e9s.<\/p>\n","protected":false},"excerpt":{"rendered":"<p>L&rsquo;extrait d&rsquo;ac\u00e9rola, extrait du fruit de <strong>Malpighia glabra Linn<\/strong> (\u00e9galement connu sous le nom de cerise de la <strong>Barbade<\/strong>), est un ingr\u00e9dient appr\u00e9ci\u00e9 dans l&rsquo;industrie des compl\u00e9ments alimentaires et des cosm\u00e9tiques pour ses propri\u00e9t\u00e9s uniques.<\/p>\n","protected":false},"featured_media":29840,"template":"","meta":[],"product_brand":[],"product_cat":[1293],"product_tag":[],"class_list":{"0":"post-10935","1":"product","2":"type-product","3":"status-publish","4":"has-post-thumbnail","6":"product_cat-extraits-de-plantes","7":"pa_certyfikaty-certification-cachere","8":"pa_certyfikaty-halal-fr","9":"pa_czesc-rosliny-fruits","10":"pa_grupa-substancji-antioxydants","12":"first","13":"instock","14":"shipping-taxable","15":"product-type-simple"},"yoast_head":"<!-- This site is optimized with the Yoast SEO plugin v27.4 - https:\/\/yoast.com\/product\/yoast-seo-wordpress\/ -->\n<title>Extrait d&#039;ac\u00e9rola - Distributeur en gros<\/title>\n<meta name=\"description\" content=\"L&#039;extrait d&#039;ac\u00e9rola est un ingr\u00e9dient pr\u00e9cieux dans l&#039;industrie de la sant\u00e9 et de la beaut\u00e9, offrant de nombreux avantages pour la sant\u00e9 et la beaut\u00e9.\" \/>\n<meta name=\"robots\" content=\"index, follow, max-snippet:-1, max-image-preview:large, max-video-preview:-1\" \/>\n<link rel=\"canonical\" href=\"https:\/\/naturalpoland.com\/fr\/produkty\/extraits-de-plantes\/extrait-dacerola\/\" \/>\n<meta property=\"og:locale\" content=\"fr_FR\" \/>\n<meta property=\"og:type\" content=\"article\" \/>\n<meta property=\"og:title\" content=\"Extrait d&#039;ac\u00e9rola - Distributeur en gros\" \/>\n<meta property=\"og:description\" content=\"L&#039;extrait d&#039;ac\u00e9rola est un ingr\u00e9dient pr\u00e9cieux dans l&#039;industrie de la sant\u00e9 et de la beaut\u00e9, offrant de nombreux avantages pour la sant\u00e9 et la beaut\u00e9.\" \/>\n<meta property=\"og:url\" content=\"https:\/\/naturalpoland.com\/fr\/produkty\/extraits-de-plantes\/extrait-dacerola\/\" \/>\n<meta property=\"og:site_name\" content=\"NATURAL POLAND - Distributeur de mati\u00e8res premi\u00e8res en gros\" \/>\n<meta property=\"article:publisher\" content=\"https:\/\/www.facebook.com\/naturalpoland.b2b\" \/>\n<meta property=\"article:modified_time\" content=\"2024-01-23T10:32:52+00:00\" \/>\n<meta property=\"og:image\" content=\"https:\/\/naturalpoland.com\/wp-content\/uploads\/acerola_extract.webp\" \/>\n\t<meta property=\"og:image:width\" content=\"614\" \/>\n\t<meta property=\"og:image:height\" content=\"614\" \/>\n\t<meta property=\"og:image:type\" content=\"image\/webp\" \/>\n<script type=\"application\/ld+json\" class=\"yoast-schema-graph\">{\"@context\":\"https:\\\/\\\/schema.org\",\"@graph\":[{\"@type\":\"WebPage\",\"@id\":\"https:\\\/\\\/naturalpoland.com\\\/fr\\\/produkty\\\/extraits-de-plantes\\\/extrait-dacerola\\\/\",\"url\":\"https:\\\/\\\/naturalpoland.com\\\/fr\\\/produkty\\\/extraits-de-plantes\\\/extrait-dacerola\\\/\",\"name\":\"Extrait d'ac\u00e9rola - Distributeur en gros\",\"isPartOf\":{\"@id\":\"https:\\\/\\\/naturalpoland.com\\\/fr\\\/#website\"},\"primaryImageOfPage\":{\"@id\":\"https:\\\/\\\/naturalpoland.com\\\/fr\\\/produkty\\\/extraits-de-plantes\\\/extrait-dacerola\\\/#primaryimage\"},\"image\":{\"@id\":\"https:\\\/\\\/naturalpoland.com\\\/fr\\\/produkty\\\/extraits-de-plantes\\\/extrait-dacerola\\\/#primaryimage\"},\"thumbnailUrl\":\"https:\\\/\\\/naturalpoland.com\\\/wp-content\\\/uploads\\\/acerola_extract.webp\",\"datePublished\":\"2021-06-09T12:16:29+00:00\",\"dateModified\":\"2024-01-23T10:32:52+00:00\",\"description\":\"L'extrait d'ac\u00e9rola est un ingr\u00e9dient pr\u00e9cieux dans l'industrie de la sant\u00e9 et de la beaut\u00e9, offrant de nombreux avantages pour la sant\u00e9 et la beaut\u00e9.\",\"breadcrumb\":{\"@id\":\"https:\\\/\\\/naturalpoland.com\\\/fr\\\/produkty\\\/extraits-de-plantes\\\/extrait-dacerola\\\/#breadcrumb\"},\"inLanguage\":\"fr-FR\",\"potentialAction\":[{\"@type\":\"ReadAction\",\"target\":[\"https:\\\/\\\/naturalpoland.com\\\/fr\\\/produkty\\\/extraits-de-plantes\\\/extrait-dacerola\\\/\"]}]},{\"@type\":\"ImageObject\",\"inLanguage\":\"fr-FR\",\"@id\":\"https:\\\/\\\/naturalpoland.com\\\/fr\\\/produkty\\\/extraits-de-plantes\\\/extrait-dacerola\\\/#primaryimage\",\"url\":\"https:\\\/\\\/naturalpoland.com\\\/wp-content\\\/uploads\\\/acerola_extract.webp\",\"contentUrl\":\"https:\\\/\\\/naturalpoland.com\\\/wp-content\\\/uploads\\\/acerola_extract.webp\",\"width\":614,\"height\":614,\"caption\":\"ekstrakt z aceroli\"},{\"@type\":\"BreadcrumbList\",\"@id\":\"https:\\\/\\\/naturalpoland.com\\\/fr\\\/produkty\\\/extraits-de-plantes\\\/extrait-dacerola\\\/#breadcrumb\",\"itemListElement\":[{\"@type\":\"ListItem\",\"position\":1,\"name\":\"Accueil\",\"item\":\"https:\\\/\\\/naturalpoland.com\\\/fr\\\/\"},{\"@type\":\"ListItem\",\"position\":2,\"name\":\"Produits\",\"item\":\"https:\\\/\\\/naturalpoland.com\\\/fr\\\/produits\\\/\"},{\"@type\":\"ListItem\",\"position\":3,\"name\":\"Extrait d&rsquo;ac\u00e9rola\"}]},{\"@type\":\"WebSite\",\"@id\":\"https:\\\/\\\/naturalpoland.com\\\/fr\\\/#website\",\"url\":\"https:\\\/\\\/naturalpoland.com\\\/fr\\\/\",\"name\":\"NATURAL POLAND - Distributeur de mati\u00e8res premi\u00e8res en gros\",\"description\":\"Surowce dla przemys\u0142u spo\u017cywczego, kosmetycznego i farmaceutycznego\",\"publisher\":{\"@id\":\"https:\\\/\\\/naturalpoland.com\\\/fr\\\/#organization\"},\"potentialAction\":[{\"@type\":\"SearchAction\",\"target\":{\"@type\":\"EntryPoint\",\"urlTemplate\":\"https:\\\/\\\/naturalpoland.com\\\/fr\\\/?s={search_term_string}\"},\"query-input\":{\"@type\":\"PropertyValueSpecification\",\"valueRequired\":true,\"valueName\":\"search_term_string\"}}],\"inLanguage\":\"fr-FR\"},{\"@type\":\"Organization\",\"@id\":\"https:\\\/\\\/naturalpoland.com\\\/fr\\\/#organization\",\"name\":\"Natural Poland\",\"url\":\"https:\\\/\\\/naturalpoland.com\\\/fr\\\/\",\"logo\":{\"@type\":\"ImageObject\",\"inLanguage\":\"fr-FR\",\"@id\":\"https:\\\/\\\/naturalpoland.com\\\/fr\\\/#\\\/schema\\\/logo\\\/image\\\/\",\"url\":\"https:\\\/\\\/naturalpoland.com\\\/wp-content\\\/uploads\\\/2021\\\/05\\\/natural-poland-icon.png\",\"contentUrl\":\"https:\\\/\\\/naturalpoland.com\\\/wp-content\\\/uploads\\\/2021\\\/05\\\/natural-poland-icon.png\",\"width\":512,\"height\":512,\"caption\":\"Natural Poland\"},\"image\":{\"@id\":\"https:\\\/\\\/naturalpoland.com\\\/fr\\\/#\\\/schema\\\/logo\\\/image\\\/\"},\"sameAs\":[\"https:\\\/\\\/www.facebook.com\\\/naturalpoland.b2b\",\"https:\\\/\\\/pl.linkedin.com\\\/company\\\/natural-poland\",\"https:\\\/\\\/www.youtube.com\\\/channel\\\/UCgeGGkvOMahZo-xu_MSEWxg\"]}]}<\/script>\n<!-- \/ Yoast SEO plugin. -->","yoast_head_json":{"title":"Extrait d'ac\u00e9rola - Distributeur en gros","description":"L'extrait d'ac\u00e9rola est un ingr\u00e9dient pr\u00e9cieux dans l'industrie de la sant\u00e9 et de la beaut\u00e9, offrant de nombreux avantages pour la sant\u00e9 et la beaut\u00e9.","robots":{"index":"index","follow":"follow","max-snippet":"max-snippet:-1","max-image-preview":"max-image-preview:large","max-video-preview":"max-video-preview:-1"},"canonical":"https:\/\/naturalpoland.com\/fr\/produkty\/extraits-de-plantes\/extrait-dacerola\/","og_locale":"fr_FR","og_type":"article","og_title":"Extrait d'ac\u00e9rola - Distributeur en gros","og_description":"L'extrait d'ac\u00e9rola est un ingr\u00e9dient pr\u00e9cieux dans l'industrie de la sant\u00e9 et de la beaut\u00e9, offrant de nombreux avantages pour la sant\u00e9 et la beaut\u00e9.","og_url":"https:\/\/naturalpoland.com\/fr\/produkty\/extraits-de-plantes\/extrait-dacerola\/","og_site_name":"NATURAL POLAND - Distributeur de mati\u00e8res premi\u00e8res en gros","article_publisher":"https:\/\/www.facebook.com\/naturalpoland.b2b","article_modified_time":"2024-01-23T10:32:52+00:00","og_image":[{"width":614,"height":614,"url":"https:\/\/naturalpoland.com\/wp-content\/uploads\/acerola_extract.webp","type":"image\/webp"}],"schema":{"@context":"https:\/\/schema.org","@graph":[{"@type":"WebPage","@id":"https:\/\/naturalpoland.com\/fr\/produkty\/extraits-de-plantes\/extrait-dacerola\/","url":"https:\/\/naturalpoland.com\/fr\/produkty\/extraits-de-plantes\/extrait-dacerola\/","name":"Extrait d'ac\u00e9rola - Distributeur en gros","isPartOf":{"@id":"https:\/\/naturalpoland.com\/fr\/#website"},"primaryImageOfPage":{"@id":"https:\/\/naturalpoland.com\/fr\/produkty\/extraits-de-plantes\/extrait-dacerola\/#primaryimage"},"image":{"@id":"https:\/\/naturalpoland.com\/fr\/produkty\/extraits-de-plantes\/extrait-dacerola\/#primaryimage"},"thumbnailUrl":"https:\/\/naturalpoland.com\/wp-content\/uploads\/acerola_extract.webp","datePublished":"2021-06-09T12:16:29+00:00","dateModified":"2024-01-23T10:32:52+00:00","description":"L'extrait d'ac\u00e9rola est un ingr\u00e9dient pr\u00e9cieux dans l'industrie de la sant\u00e9 et de la beaut\u00e9, offrant de nombreux avantages pour la sant\u00e9 et la beaut\u00e9.","breadcrumb":{"@id":"https:\/\/naturalpoland.com\/fr\/produkty\/extraits-de-plantes\/extrait-dacerola\/#breadcrumb"},"inLanguage":"fr-FR","potentialAction":[{"@type":"ReadAction","target":["https:\/\/naturalpoland.com\/fr\/produkty\/extraits-de-plantes\/extrait-dacerola\/"]}]},{"@type":"ImageObject","inLanguage":"fr-FR","@id":"https:\/\/naturalpoland.com\/fr\/produkty\/extraits-de-plantes\/extrait-dacerola\/#primaryimage","url":"https:\/\/naturalpoland.com\/wp-content\/uploads\/acerola_extract.webp","contentUrl":"https:\/\/naturalpoland.com\/wp-content\/uploads\/acerola_extract.webp","width":614,"height":614,"caption":"ekstrakt z aceroli"},{"@type":"BreadcrumbList","@id":"https:\/\/naturalpoland.com\/fr\/produkty\/extraits-de-plantes\/extrait-dacerola\/#breadcrumb","itemListElement":[{"@type":"ListItem","position":1,"name":"Accueil","item":"https:\/\/naturalpoland.com\/fr\/"},{"@type":"ListItem","position":2,"name":"Produits","item":"https:\/\/naturalpoland.com\/fr\/produits\/"},{"@type":"ListItem","position":3,"name":"Extrait d&rsquo;ac\u00e9rola"}]},{"@type":"WebSite","@id":"https:\/\/naturalpoland.com\/fr\/#website","url":"https:\/\/naturalpoland.com\/fr\/","name":"NATURAL POLAND - Distributeur de mati\u00e8res premi\u00e8res en gros","description":"Surowce dla przemys\u0142u spo\u017cywczego, kosmetycznego i farmaceutycznego","publisher":{"@id":"https:\/\/naturalpoland.com\/fr\/#organization"},"potentialAction":[{"@type":"SearchAction","target":{"@type":"EntryPoint","urlTemplate":"https:\/\/naturalpoland.com\/fr\/?s={search_term_string}"},"query-input":{"@type":"PropertyValueSpecification","valueRequired":true,"valueName":"search_term_string"}}],"inLanguage":"fr-FR"},{"@type":"Organization","@id":"https:\/\/naturalpoland.com\/fr\/#organization","name":"Natural Poland","url":"https:\/\/naturalpoland.com\/fr\/","logo":{"@type":"ImageObject","inLanguage":"fr-FR","@id":"https:\/\/naturalpoland.com\/fr\/#\/schema\/logo\/image\/","url":"https:\/\/naturalpoland.com\/wp-content\/uploads\/2021\/05\/natural-poland-icon.png","contentUrl":"https:\/\/naturalpoland.com\/wp-content\/uploads\/2021\/05\/natural-poland-icon.png","width":512,"height":512,"caption":"Natural Poland"},"image":{"@id":"https:\/\/naturalpoland.com\/fr\/#\/schema\/logo\/image\/"},"sameAs":["https:\/\/www.facebook.com\/naturalpoland.b2b","https:\/\/pl.linkedin.com\/company\/natural-poland","https:\/\/www.youtube.com\/channel\/UCgeGGkvOMahZo-xu_MSEWxg"]}]}},"_links":{"self":[{"href":"https:\/\/naturalpoland.com\/fr\/wp-json\/wp\/v2\/product\/10935","targetHints":{"allow":["GET"]}}],"collection":[{"href":"https:\/\/naturalpoland.com\/fr\/wp-json\/wp\/v2\/product"}],"about":[{"href":"https:\/\/naturalpoland.com\/fr\/wp-json\/wp\/v2\/types\/product"}],"wp:featuredmedia":[{"embeddable":true,"href":"https:\/\/naturalpoland.com\/fr\/wp-json\/wp\/v2\/media\/29840"}],"wp:attachment":[{"href":"https:\/\/naturalpoland.com\/fr\/wp-json\/wp\/v2\/media?parent=10935"}],"wp:term":[{"taxonomy":"product_brand","embeddable":true,"href":"https:\/\/naturalpoland.com\/fr\/wp-json\/wp\/v2\/product_brand?post=10935"},{"taxonomy":"product_cat","embeddable":true,"href":"https:\/\/naturalpoland.com\/fr\/wp-json\/wp\/v2\/product_cat?post=10935"},{"taxonomy":"product_tag","embeddable":true,"href":"https:\/\/naturalpoland.com\/fr\/wp-json\/wp\/v2\/product_tag?post=10935"}],"curies":[{"name":"wp","href":"https:\/\/api.w.org\/{rel}","templated":true}]}}