{"id":10969,"date":"2021-05-11T13:48:32","date_gmt":"2021-09-20T10:38:49","guid":{"rendered":"https:\/\/naturalpoland.pl\/produkty\/non%20class\u00e9\/n-acetylglucosamine\/"},"modified":"2025-01-28T15:38:49","modified_gmt":"2025-01-28T14:38:49","slug":"n-acetylglucosamine","status":"publish","type":"product","link":"https:\/\/naturalpoland.com\/fr\/produkty\/produits-pour-les-industries-pharmaceutiques-et-medicales\/additifs-de-complements-alimentaires\/n-acetylglucosamine\/","title":{"rendered":"N-ac\u00e9tylglucosamine"},"content":{"rendered":"<h2>Propri\u00e9t\u00e9s de la N-ac\u00e9tylglucosamine pour la sant\u00e9<\/h2>\n<p>Le NAG, ou N-ac\u00e9tylglucosamine, a la <strong>capacit\u00e9 d&rsquo;inhiber la glycosylation de la tyrosinase<\/strong>. En cons\u00e9quence, il r\u00e9duit les changements de pigmentation de la peau, les \u00e9claircit et rend la peau plus \u00e9lastique. Le NAG <strong>stimule \u00e9galement le renouvellement cellulaire<\/strong>, ce qui acc\u00e9l\u00e8re la cicatrisation des petites plaies et peut contribuer \u00e0 r\u00e9duire l&rsquo;apparence des cicatrices. Il vaut \u00e9galement la peine de l&rsquo;utiliser dans le traitement de l&rsquo;acn\u00e9, car il poss\u00e8de des propri\u00e9t\u00e9s anti-inflammatoires et peut en m\u00eame temps r\u00e9duire les marques apr\u00e8s les l\u00e9sions.<\/p>\n<p>Le NAG joue un r\u00f4le important dans la <strong>r\u00e9g\u00e9n\u00e9ration des articulations<\/strong>. Il est pr\u00e9sent dans le liquide synovial, o\u00f9 il r\u00e9duit la friction entre les cartilages articulaires. Dans le tube digestif, il est un composant de sa couche protectrice, le glycocalyx. Sa pr\u00e9sence dans l&rsquo;organisme am\u00e9liore le maintien de la sant\u00e9 intestinale. <\/p>\n","protected":false},"excerpt":{"rendered":"<p>La <strong>N-ac\u00e9tylglucosamine<\/strong> (N-ac\u00e9tyl-D-Glucosamine, NAG) est un compos\u00e9 appartenant au groupe des sucres amin\u00e9s, synth\u00e9tis\u00e9 \u00e0 partir du glucose et de l&rsquo;acide amin\u00e9 L-glutamine. Il s&rsquo;agit d&rsquo;un amide de glucosamine et d&rsquo;acide ac\u00e9tique.  C&rsquo;est un stimulateur tr\u00e8s important de la production d&rsquo;acide hyaluronique dans la peau. En cons\u00e9quence, cela affecte efficacement son apparence jeune et, dans certains cas, peut m\u00eame r\u00e9duire les signes de vieillissement d\u00e9j\u00e0 existants.<\/p>\n","protected":false},"featured_media":38902,"template":"","meta":[],"product_brand":[],"product_cat":[1300],"product_tag":[],"class_list":{"0":"post-10969","1":"product","2":"type-product","3":"status-publish","4":"has-post-thumbnail","6":"product_cat-additifs-de-complements-alimentaires","8":"first","9":"instock","10":"shipping-taxable","11":"product-type-simple"},"yoast_head":"<!-- This site is optimized with the Yoast SEO plugin v27.3 - https:\/\/yoast.com\/product\/yoast-seo-wordpress\/ -->\n<title>N-ac\u00e9tylglucosamine - Distributeur en gros de mati\u00e8res premi\u00e8res NATURAL POLAND - Distributeur de mati\u00e8res premi\u00e8res en gros<\/title>\n<meta name=\"description\" content=\"La N-ac\u00e9tylglucosamine a la capacit\u00e9 de favoriser la r\u00e9g\u00e9n\u00e9ration et le renouvellement des cellules. Stimule la production d&#039;acide hyaluronique dans la peau, am\u00e9liorant ainsi son \u00e9lasticit\u00e9.\" \/>\n<meta name=\"robots\" content=\"index, follow, max-snippet:-1, max-image-preview:large, max-video-preview:-1\" \/>\n<link rel=\"canonical\" href=\"https:\/\/naturalpoland.com\/fr\/produkty\/produits-pour-les-industries-pharmaceutiques-et-medicales\/additifs-de-complements-alimentaires\/n-acetylglucosamine\/\" \/>\n<meta property=\"og:locale\" content=\"fr_FR\" \/>\n<meta property=\"og:type\" content=\"article\" \/>\n<meta property=\"og:title\" content=\"N-ac\u00e9tylglucosamine - Distributeur en gros de mati\u00e8res premi\u00e8res NATURAL POLAND - Distributeur de mati\u00e8res premi\u00e8res en gros\" \/>\n<meta property=\"og:description\" content=\"La N-ac\u00e9tylglucosamine a la capacit\u00e9 de favoriser la r\u00e9g\u00e9n\u00e9ration et le renouvellement des cellules. Stimule la production d&#039;acide hyaluronique dans la peau, am\u00e9liorant ainsi son \u00e9lasticit\u00e9.\" \/>\n<meta property=\"og:url\" content=\"https:\/\/naturalpoland.com\/fr\/produkty\/produits-pour-les-industries-pharmaceutiques-et-medicales\/additifs-de-complements-alimentaires\/n-acetylglucosamine\/\" \/>\n<meta property=\"og:site_name\" content=\"NATURAL POLAND - Distributeur de mati\u00e8res premi\u00e8res en gros\" \/>\n<meta property=\"article:publisher\" content=\"https:\/\/www.facebook.com\/naturalpoland.b2b\" \/>\n<meta property=\"article:modified_time\" content=\"2025-01-28T14:38:49+00:00\" \/>\n<meta property=\"og:image\" content=\"https:\/\/naturalpoland.com\/wp-content\/uploads\/n-acetyloglukozamina.webp\" \/>\n\t<meta property=\"og:image:width\" content=\"590\" \/>\n\t<meta property=\"og:image:height\" content=\"590\" \/>\n\t<meta property=\"og:image:type\" content=\"image\/webp\" \/>\n<script type=\"application\/ld+json\" class=\"yoast-schema-graph\">{\"@context\":\"https:\\\/\\\/schema.org\",\"@graph\":[{\"@type\":\"WebPage\",\"@id\":\"https:\\\/\\\/naturalpoland.com\\\/fr\\\/produkty\\\/produits-pour-les-industries-pharmaceutiques-et-medicales\\\/additifs-de-complements-alimentaires\\\/n-acetylglucosamine\\\/\",\"url\":\"https:\\\/\\\/naturalpoland.com\\\/fr\\\/produkty\\\/produits-pour-les-industries-pharmaceutiques-et-medicales\\\/additifs-de-complements-alimentaires\\\/n-acetylglucosamine\\\/\",\"name\":\"N-ac\u00e9tylglucosamine - Distributeur en gros de mati\u00e8res premi\u00e8res NATURAL POLAND - Distributeur de mati\u00e8res premi\u00e8res en gros\",\"isPartOf\":{\"@id\":\"https:\\\/\\\/naturalpoland.com\\\/fr\\\/#website\"},\"primaryImageOfPage\":{\"@id\":\"https:\\\/\\\/naturalpoland.com\\\/fr\\\/produkty\\\/produits-pour-les-industries-pharmaceutiques-et-medicales\\\/additifs-de-complements-alimentaires\\\/n-acetylglucosamine\\\/#primaryimage\"},\"image\":{\"@id\":\"https:\\\/\\\/naturalpoland.com\\\/fr\\\/produkty\\\/produits-pour-les-industries-pharmaceutiques-et-medicales\\\/additifs-de-complements-alimentaires\\\/n-acetylglucosamine\\\/#primaryimage\"},\"thumbnailUrl\":\"https:\\\/\\\/naturalpoland.com\\\/wp-content\\\/uploads\\\/n-acetyloglukozamina.webp\",\"datePublished\":\"2021-09-20T10:38:49+00:00\",\"dateModified\":\"2025-01-28T14:38:49+00:00\",\"description\":\"La N-ac\u00e9tylglucosamine a la capacit\u00e9 de favoriser la r\u00e9g\u00e9n\u00e9ration et le renouvellement des cellules. Stimule la production d'acide hyaluronique dans la peau, am\u00e9liorant ainsi son \u00e9lasticit\u00e9.\",\"breadcrumb\":{\"@id\":\"https:\\\/\\\/naturalpoland.com\\\/fr\\\/produkty\\\/produits-pour-les-industries-pharmaceutiques-et-medicales\\\/additifs-de-complements-alimentaires\\\/n-acetylglucosamine\\\/#breadcrumb\"},\"inLanguage\":\"fr-FR\",\"potentialAction\":[{\"@type\":\"ReadAction\",\"target\":[\"https:\\\/\\\/naturalpoland.com\\\/fr\\\/produkty\\\/produits-pour-les-industries-pharmaceutiques-et-medicales\\\/additifs-de-complements-alimentaires\\\/n-acetylglucosamine\\\/\"]}]},{\"@type\":\"ImageObject\",\"inLanguage\":\"fr-FR\",\"@id\":\"https:\\\/\\\/naturalpoland.com\\\/fr\\\/produkty\\\/produits-pour-les-industries-pharmaceutiques-et-medicales\\\/additifs-de-complements-alimentaires\\\/n-acetylglucosamine\\\/#primaryimage\",\"url\":\"https:\\\/\\\/naturalpoland.com\\\/wp-content\\\/uploads\\\/n-acetyloglukozamina.webp\",\"contentUrl\":\"https:\\\/\\\/naturalpoland.com\\\/wp-content\\\/uploads\\\/n-acetyloglukozamina.webp\",\"width\":590,\"height\":590,\"caption\":\"N-Acetyl-D-Glucosamine\"},{\"@type\":\"BreadcrumbList\",\"@id\":\"https:\\\/\\\/naturalpoland.com\\\/fr\\\/produkty\\\/produits-pour-les-industries-pharmaceutiques-et-medicales\\\/additifs-de-complements-alimentaires\\\/n-acetylglucosamine\\\/#breadcrumb\",\"itemListElement\":[{\"@type\":\"ListItem\",\"position\":1,\"name\":\"Accueil\",\"item\":\"https:\\\/\\\/naturalpoland.com\\\/fr\\\/\"},{\"@type\":\"ListItem\",\"position\":2,\"name\":\"Produits\",\"item\":\"https:\\\/\\\/naturalpoland.com\\\/fr\\\/produits\\\/\"},{\"@type\":\"ListItem\",\"position\":3,\"name\":\"N-ac\u00e9tylglucosamine\"}]},{\"@type\":\"WebSite\",\"@id\":\"https:\\\/\\\/naturalpoland.com\\\/fr\\\/#website\",\"url\":\"https:\\\/\\\/naturalpoland.com\\\/fr\\\/\",\"name\":\"NATURAL POLAND - Distributeur de mati\u00e8res premi\u00e8res en gros\",\"description\":\"Surowce dla przemys\u0142u spo\u017cywczego, kosmetycznego i farmaceutycznego\",\"publisher\":{\"@id\":\"https:\\\/\\\/naturalpoland.com\\\/fr\\\/#organization\"},\"potentialAction\":[{\"@type\":\"SearchAction\",\"target\":{\"@type\":\"EntryPoint\",\"urlTemplate\":\"https:\\\/\\\/naturalpoland.com\\\/fr\\\/?s={search_term_string}\"},\"query-input\":{\"@type\":\"PropertyValueSpecification\",\"valueRequired\":true,\"valueName\":\"search_term_string\"}}],\"inLanguage\":\"fr-FR\"},{\"@type\":\"Organization\",\"@id\":\"https:\\\/\\\/naturalpoland.com\\\/fr\\\/#organization\",\"name\":\"Natural Poland\",\"url\":\"https:\\\/\\\/naturalpoland.com\\\/fr\\\/\",\"logo\":{\"@type\":\"ImageObject\",\"inLanguage\":\"fr-FR\",\"@id\":\"https:\\\/\\\/naturalpoland.com\\\/fr\\\/#\\\/schema\\\/logo\\\/image\\\/\",\"url\":\"https:\\\/\\\/naturalpoland.com\\\/wp-content\\\/uploads\\\/2021\\\/05\\\/natural-poland-icon.png\",\"contentUrl\":\"https:\\\/\\\/naturalpoland.com\\\/wp-content\\\/uploads\\\/2021\\\/05\\\/natural-poland-icon.png\",\"width\":512,\"height\":512,\"caption\":\"Natural Poland\"},\"image\":{\"@id\":\"https:\\\/\\\/naturalpoland.com\\\/fr\\\/#\\\/schema\\\/logo\\\/image\\\/\"},\"sameAs\":[\"https:\\\/\\\/www.facebook.com\\\/naturalpoland.b2b\",\"https:\\\/\\\/pl.linkedin.com\\\/company\\\/natural-poland\",\"https:\\\/\\\/www.youtube.com\\\/channel\\\/UCgeGGkvOMahZo-xu_MSEWxg\"]}]}<\/script>\n<!-- \/ Yoast SEO plugin. -->","yoast_head_json":{"title":"N-ac\u00e9tylglucosamine - Distributeur en gros de mati\u00e8res premi\u00e8res NATURAL POLAND - Distributeur de mati\u00e8res premi\u00e8res en gros","description":"La N-ac\u00e9tylglucosamine a la capacit\u00e9 de favoriser la r\u00e9g\u00e9n\u00e9ration et le renouvellement des cellules. Stimule la production d'acide hyaluronique dans la peau, am\u00e9liorant ainsi son \u00e9lasticit\u00e9.","robots":{"index":"index","follow":"follow","max-snippet":"max-snippet:-1","max-image-preview":"max-image-preview:large","max-video-preview":"max-video-preview:-1"},"canonical":"https:\/\/naturalpoland.com\/fr\/produkty\/produits-pour-les-industries-pharmaceutiques-et-medicales\/additifs-de-complements-alimentaires\/n-acetylglucosamine\/","og_locale":"fr_FR","og_type":"article","og_title":"N-ac\u00e9tylglucosamine - Distributeur en gros de mati\u00e8res premi\u00e8res NATURAL POLAND - Distributeur de mati\u00e8res premi\u00e8res en gros","og_description":"La N-ac\u00e9tylglucosamine a la capacit\u00e9 de favoriser la r\u00e9g\u00e9n\u00e9ration et le renouvellement des cellules. Stimule la production d'acide hyaluronique dans la peau, am\u00e9liorant ainsi son \u00e9lasticit\u00e9.","og_url":"https:\/\/naturalpoland.com\/fr\/produkty\/produits-pour-les-industries-pharmaceutiques-et-medicales\/additifs-de-complements-alimentaires\/n-acetylglucosamine\/","og_site_name":"NATURAL POLAND - Distributeur de mati\u00e8res premi\u00e8res en gros","article_publisher":"https:\/\/www.facebook.com\/naturalpoland.b2b","article_modified_time":"2025-01-28T14:38:49+00:00","og_image":[{"width":590,"height":590,"url":"https:\/\/naturalpoland.com\/wp-content\/uploads\/n-acetyloglukozamina.webp","type":"image\/webp"}],"schema":{"@context":"https:\/\/schema.org","@graph":[{"@type":"WebPage","@id":"https:\/\/naturalpoland.com\/fr\/produkty\/produits-pour-les-industries-pharmaceutiques-et-medicales\/additifs-de-complements-alimentaires\/n-acetylglucosamine\/","url":"https:\/\/naturalpoland.com\/fr\/produkty\/produits-pour-les-industries-pharmaceutiques-et-medicales\/additifs-de-complements-alimentaires\/n-acetylglucosamine\/","name":"N-ac\u00e9tylglucosamine - Distributeur en gros de mati\u00e8res premi\u00e8res NATURAL POLAND - Distributeur de mati\u00e8res premi\u00e8res en gros","isPartOf":{"@id":"https:\/\/naturalpoland.com\/fr\/#website"},"primaryImageOfPage":{"@id":"https:\/\/naturalpoland.com\/fr\/produkty\/produits-pour-les-industries-pharmaceutiques-et-medicales\/additifs-de-complements-alimentaires\/n-acetylglucosamine\/#primaryimage"},"image":{"@id":"https:\/\/naturalpoland.com\/fr\/produkty\/produits-pour-les-industries-pharmaceutiques-et-medicales\/additifs-de-complements-alimentaires\/n-acetylglucosamine\/#primaryimage"},"thumbnailUrl":"https:\/\/naturalpoland.com\/wp-content\/uploads\/n-acetyloglukozamina.webp","datePublished":"2021-09-20T10:38:49+00:00","dateModified":"2025-01-28T14:38:49+00:00","description":"La N-ac\u00e9tylglucosamine a la capacit\u00e9 de favoriser la r\u00e9g\u00e9n\u00e9ration et le renouvellement des cellules. Stimule la production d'acide hyaluronique dans la peau, am\u00e9liorant ainsi son \u00e9lasticit\u00e9.","breadcrumb":{"@id":"https:\/\/naturalpoland.com\/fr\/produkty\/produits-pour-les-industries-pharmaceutiques-et-medicales\/additifs-de-complements-alimentaires\/n-acetylglucosamine\/#breadcrumb"},"inLanguage":"fr-FR","potentialAction":[{"@type":"ReadAction","target":["https:\/\/naturalpoland.com\/fr\/produkty\/produits-pour-les-industries-pharmaceutiques-et-medicales\/additifs-de-complements-alimentaires\/n-acetylglucosamine\/"]}]},{"@type":"ImageObject","inLanguage":"fr-FR","@id":"https:\/\/naturalpoland.com\/fr\/produkty\/produits-pour-les-industries-pharmaceutiques-et-medicales\/additifs-de-complements-alimentaires\/n-acetylglucosamine\/#primaryimage","url":"https:\/\/naturalpoland.com\/wp-content\/uploads\/n-acetyloglukozamina.webp","contentUrl":"https:\/\/naturalpoland.com\/wp-content\/uploads\/n-acetyloglukozamina.webp","width":590,"height":590,"caption":"N-Acetyl-D-Glucosamine"},{"@type":"BreadcrumbList","@id":"https:\/\/naturalpoland.com\/fr\/produkty\/produits-pour-les-industries-pharmaceutiques-et-medicales\/additifs-de-complements-alimentaires\/n-acetylglucosamine\/#breadcrumb","itemListElement":[{"@type":"ListItem","position":1,"name":"Accueil","item":"https:\/\/naturalpoland.com\/fr\/"},{"@type":"ListItem","position":2,"name":"Produits","item":"https:\/\/naturalpoland.com\/fr\/produits\/"},{"@type":"ListItem","position":3,"name":"N-ac\u00e9tylglucosamine"}]},{"@type":"WebSite","@id":"https:\/\/naturalpoland.com\/fr\/#website","url":"https:\/\/naturalpoland.com\/fr\/","name":"NATURAL POLAND - Distributeur de mati\u00e8res premi\u00e8res en gros","description":"Surowce dla przemys\u0142u spo\u017cywczego, kosmetycznego i farmaceutycznego","publisher":{"@id":"https:\/\/naturalpoland.com\/fr\/#organization"},"potentialAction":[{"@type":"SearchAction","target":{"@type":"EntryPoint","urlTemplate":"https:\/\/naturalpoland.com\/fr\/?s={search_term_string}"},"query-input":{"@type":"PropertyValueSpecification","valueRequired":true,"valueName":"search_term_string"}}],"inLanguage":"fr-FR"},{"@type":"Organization","@id":"https:\/\/naturalpoland.com\/fr\/#organization","name":"Natural Poland","url":"https:\/\/naturalpoland.com\/fr\/","logo":{"@type":"ImageObject","inLanguage":"fr-FR","@id":"https:\/\/naturalpoland.com\/fr\/#\/schema\/logo\/image\/","url":"https:\/\/naturalpoland.com\/wp-content\/uploads\/2021\/05\/natural-poland-icon.png","contentUrl":"https:\/\/naturalpoland.com\/wp-content\/uploads\/2021\/05\/natural-poland-icon.png","width":512,"height":512,"caption":"Natural Poland"},"image":{"@id":"https:\/\/naturalpoland.com\/fr\/#\/schema\/logo\/image\/"},"sameAs":["https:\/\/www.facebook.com\/naturalpoland.b2b","https:\/\/pl.linkedin.com\/company\/natural-poland","https:\/\/www.youtube.com\/channel\/UCgeGGkvOMahZo-xu_MSEWxg"]}]}},"_links":{"self":[{"href":"https:\/\/naturalpoland.com\/fr\/wp-json\/wp\/v2\/product\/10969","targetHints":{"allow":["GET"]}}],"collection":[{"href":"https:\/\/naturalpoland.com\/fr\/wp-json\/wp\/v2\/product"}],"about":[{"href":"https:\/\/naturalpoland.com\/fr\/wp-json\/wp\/v2\/types\/product"}],"wp:featuredmedia":[{"embeddable":true,"href":"https:\/\/naturalpoland.com\/fr\/wp-json\/wp\/v2\/media\/38902"}],"wp:attachment":[{"href":"https:\/\/naturalpoland.com\/fr\/wp-json\/wp\/v2\/media?parent=10969"}],"wp:term":[{"taxonomy":"product_brand","embeddable":true,"href":"https:\/\/naturalpoland.com\/fr\/wp-json\/wp\/v2\/product_brand?post=10969"},{"taxonomy":"product_cat","embeddable":true,"href":"https:\/\/naturalpoland.com\/fr\/wp-json\/wp\/v2\/product_cat?post=10969"},{"taxonomy":"product_tag","embeddable":true,"href":"https:\/\/naturalpoland.com\/fr\/wp-json\/wp\/v2\/product_tag?post=10969"}],"curies":[{"name":"wp","href":"https:\/\/api.w.org\/{rel}","templated":true}]}}