{"id":11101,"date":"2021-06-14T16:56:14","date_gmt":"2021-09-20T10:40:46","guid":{"rendered":"https:\/\/naturalpoland.pl\/produkty\/non%20class\u00e9\/extrait-de-graviola\/"},"modified":"2024-10-07T12:01:35","modified_gmt":"2024-10-07T10:01:35","slug":"extrait-de-graviola","status":"publish","type":"product","link":"https:\/\/naturalpoland.com\/fr\/produkty\/extraits-de-plantes\/extrait-de-graviola\/","title":{"rendered":"Extrait de graviola"},"content":{"rendered":"<h2>Propri\u00e9t\u00e9s de l&rsquo;extrait de graviola<\/h2>\n<p>  L&rsquo;extrait de Graviola contient des compos\u00e9s biologiquement actifs tels que les <strong>ac\u00e9tog\u00e9nines des annonac\u00e9es<\/strong> et des vitamines, notamment les vitamines C, B, E et K.<br \/>\nVitamines C, B, E et K, ainsi que des min\u00e9raux tels que le magn\u00e9sium, le phosphore, le potassium, le fer et le zinc.<br \/>\nCes compos\u00e9s soutiennent le fonctionnement de l&rsquo;organisme \u00e0 de nombreux niveaux, du renforcement de l&rsquo;immunit\u00e9 \u00e0 la protection contre les infections.    <\/p>\n<h2>Effet de l&rsquo;extrait de graviola<\/h2>\n<p>  La caract\u00e9ristique la plus importante de l&rsquo;extrait de graviola est sa capacit\u00e9 <strong>\u00e0 lutter contre le cancer<\/strong>.<br \/>\nLes ac\u00e9tog\u00e9nines, qui sont pr\u00e9sentes en grandes quantit\u00e9s dans l&rsquo;extrait, ont la capacit\u00e9 de d\u00e9truire s\u00e9lectivement les cellules canc\u00e9reuses sans nuire aux cellules saines.<br \/>\nLe graviola a montr\u00e9 une grande efficacit\u00e9 contre des cancers tels que le cancer du sein, de la prostate, du pancr\u00e9as, du poumon et du c\u00f4lon.<br \/>\nLe m\u00e9canisme d&rsquo;action consiste \u00e0 inhiber les enzymes pr\u00e9sentes dans les membranes des cellules canc\u00e9reuses, ce qui emp\u00eache leur d\u00e9veloppement.<br \/>\nToutefois, des recherches sont toujours en cours pour utiliser le graviola afin de d\u00e9velopper un nouveau m\u00e9dicament efficace contre le cancer.<br \/>\nL&rsquo;extrait de graviola poss\u00e8de \u00e9galement de fortes <strong>propri\u00e9t\u00e9s antibact\u00e9riennes et antiparasitaires<\/strong>.<br \/>\nLes graines de graviola sont traditionnellement utilis\u00e9es pour lutter contre les parasites, tandis que les extraits de fruits et de feuilles sont utilis\u00e9s pour lutter contre les infections bact\u00e9riennes, les infections fongiques et pour traiter les affections cutan\u00e9es telles que le psoriasis et l&rsquo;ecz\u00e9ma.<br \/>\nL&rsquo;utilisation de l&rsquo;extrait aide \u00e0 \u00e9liminer les infections internes et externes et renforce le syst\u00e8me immunitaire.<br \/>\nLa graviola a \u00e9galement un effet b\u00e9n\u00e9fique sur le <strong>syst\u00e8me cardiovasculaire<\/strong>, en abaissant la tension art\u00e9rielle et en soutenant la fonction cardiaque.<br \/>\nLes compos\u00e9s de la plante dilatent les vaisseaux sanguins, r\u00e9duisant ainsi le rythme cardiaque.<br \/>\nL&rsquo;extrait pr\u00e9sente \u00e9galement des <strong>effets antidiab\u00e9tiques<\/strong>, favorisant la r\u00e9gulation du taux de glucose dans le sang.<br \/>\nGr\u00e2ce aux propri\u00e9t\u00e9s <strong>s\u00e9datives et anti-anxi\u00e9t\u00e9<\/strong> de la graviola, l&rsquo;extrait peut \u00eatre utilis\u00e9 comme soutien naturel contre le stress, la tension nerveuse et l&rsquo;insomnie.<br \/>\nUne utilisation r\u00e9guli\u00e8re permet d&rsquo;am\u00e9liorer la qualit\u00e9 du sommeil, de soulager la nervosit\u00e9 et de calmer.<br \/>\nIl peut \u00eatre utilis\u00e9 comme une alternative naturelle aux m\u00e9dicaments anti-inflammatoires, offrant un soulagement sans effets secondaires puisqu&rsquo;il pr\u00e9sente des effets <strong>anti-inflammatoires et analg\u00e9siques<\/strong>.               &nbsp;<\/p>\n","protected":false},"excerpt":{"rendered":"<p>L&rsquo;<strong>extrait de graviola<\/strong> est extrait du fruit du graviola<em>(Annona muricata<\/em>), \u00e9galement connu sous le nom de ch\u00e9rimole \u00e0 bois tendre.<br \/>\nIl s&rsquo;agit d&rsquo;un arbre tropical aux propri\u00e9t\u00e9s exceptionnelles pour la sant\u00e9, originaire d&rsquo;Am\u00e9rique centrale et d&rsquo;Am\u00e9rique du Sud. <\/p>\n","protected":false},"featured_media":35833,"template":"","meta":{"_acf_changed":false},"product_brand":[],"product_cat":[1293],"product_tag":[],"class_list":{"0":"post-11101","1":"product","2":"type-product","3":"status-publish","4":"has-post-thumbnail","6":"product_cat-extraits-de-plantes","7":"pa_czesc-rosliny-fruits","9":"first","10":"instock","11":"shipping-taxable","12":"product-type-simple"},"acf":[],"yoast_head":"<!-- This site is optimized with the Yoast SEO plugin v27.5 - https:\/\/yoast.com\/product\/yoast-seo-wordpress\/ -->\n<title>Extrait de graviola - NATURAL POLAND - Distributeur de mati\u00e8res premi\u00e8res en gros<\/title>\n<meta name=\"description\" content=\"L&#039;extrait de graviola est un produit unique au large spectre d&#039;action - il poss\u00e8de des propri\u00e9t\u00e9s anticanc\u00e9reuses, antibact\u00e9riennes, calmantes et fortifiantes.\" \/>\n<meta name=\"robots\" content=\"index, follow, max-snippet:-1, max-image-preview:large, max-video-preview:-1\" \/>\n<link rel=\"canonical\" href=\"https:\/\/naturalpoland.com\/fr\/produkty\/extraits-de-plantes\/extrait-de-graviola\/\" \/>\n<meta property=\"og:locale\" content=\"fr_FR\" \/>\n<meta property=\"og:type\" content=\"article\" \/>\n<meta property=\"og:title\" content=\"Extrait de graviola - NATURAL POLAND - Distributeur de mati\u00e8res premi\u00e8res en gros\" \/>\n<meta property=\"og:description\" content=\"L&#039;extrait de graviola est un produit unique au large spectre d&#039;action - il poss\u00e8de des propri\u00e9t\u00e9s anticanc\u00e9reuses, antibact\u00e9riennes, calmantes et fortifiantes.\" \/>\n<meta property=\"og:url\" content=\"https:\/\/naturalpoland.com\/fr\/produkty\/extraits-de-plantes\/extrait-de-graviola\/\" \/>\n<meta property=\"og:site_name\" content=\"NATURAL POLAND - Distributeur de mati\u00e8res premi\u00e8res en gros\" \/>\n<meta property=\"article:publisher\" content=\"https:\/\/www.facebook.com\/naturalpoland.b2b\" \/>\n<meta property=\"article:modified_time\" content=\"2024-10-07T10:01:35+00:00\" \/>\n<meta property=\"og:image\" content=\"https:\/\/naturalpoland.com\/wp-content\/uploads\/ekstrakt-z-gravioli.webp\" \/>\n\t<meta property=\"og:image:width\" content=\"619\" \/>\n\t<meta property=\"og:image:height\" content=\"619\" \/>\n\t<meta property=\"og:image:type\" content=\"image\/webp\" \/>\n<script type=\"application\/ld+json\" class=\"yoast-schema-graph\">{\"@context\":\"https:\\\/\\\/schema.org\",\"@graph\":[{\"@type\":\"WebPage\",\"@id\":\"https:\\\/\\\/naturalpoland.com\\\/fr\\\/produkty\\\/extraits-de-plantes\\\/extrait-de-graviola\\\/\",\"url\":\"https:\\\/\\\/naturalpoland.com\\\/fr\\\/produkty\\\/extraits-de-plantes\\\/extrait-de-graviola\\\/\",\"name\":\"Extrait de graviola - NATURAL POLAND - Distributeur de mati\u00e8res premi\u00e8res en gros\",\"isPartOf\":{\"@id\":\"https:\\\/\\\/naturalpoland.com\\\/fr\\\/#website\"},\"primaryImageOfPage\":{\"@id\":\"https:\\\/\\\/naturalpoland.com\\\/fr\\\/produkty\\\/extraits-de-plantes\\\/extrait-de-graviola\\\/#primaryimage\"},\"image\":{\"@id\":\"https:\\\/\\\/naturalpoland.com\\\/fr\\\/produkty\\\/extraits-de-plantes\\\/extrait-de-graviola\\\/#primaryimage\"},\"thumbnailUrl\":\"https:\\\/\\\/naturalpoland.com\\\/wp-content\\\/uploads\\\/ekstrakt-z-gravioli.webp\",\"datePublished\":\"2021-09-20T10:40:46+00:00\",\"dateModified\":\"2024-10-07T10:01:35+00:00\",\"description\":\"L'extrait de graviola est un produit unique au large spectre d'action - il poss\u00e8de des propri\u00e9t\u00e9s anticanc\u00e9reuses, antibact\u00e9riennes, calmantes et fortifiantes.\",\"breadcrumb\":{\"@id\":\"https:\\\/\\\/naturalpoland.com\\\/fr\\\/produkty\\\/extraits-de-plantes\\\/extrait-de-graviola\\\/#breadcrumb\"},\"inLanguage\":\"fr-FR\",\"potentialAction\":[{\"@type\":\"ReadAction\",\"target\":[\"https:\\\/\\\/naturalpoland.com\\\/fr\\\/produkty\\\/extraits-de-plantes\\\/extrait-de-graviola\\\/\"]}]},{\"@type\":\"ImageObject\",\"inLanguage\":\"fr-FR\",\"@id\":\"https:\\\/\\\/naturalpoland.com\\\/fr\\\/produkty\\\/extraits-de-plantes\\\/extrait-de-graviola\\\/#primaryimage\",\"url\":\"https:\\\/\\\/naturalpoland.com\\\/wp-content\\\/uploads\\\/ekstrakt-z-gravioli.webp\",\"contentUrl\":\"https:\\\/\\\/naturalpoland.com\\\/wp-content\\\/uploads\\\/ekstrakt-z-gravioli.webp\",\"width\":619,\"height\":619,\"caption\":\"ekstrakt z owocu gravioli w postaci \u017c\u00f3\u0142to-br\u0105zowego proszku\"},{\"@type\":\"BreadcrumbList\",\"@id\":\"https:\\\/\\\/naturalpoland.com\\\/fr\\\/produkty\\\/extraits-de-plantes\\\/extrait-de-graviola\\\/#breadcrumb\",\"itemListElement\":[{\"@type\":\"ListItem\",\"position\":1,\"name\":\"Accueil\",\"item\":\"https:\\\/\\\/naturalpoland.com\\\/fr\\\/\"},{\"@type\":\"ListItem\",\"position\":2,\"name\":\"Produits\",\"item\":\"https:\\\/\\\/naturalpoland.com\\\/fr\\\/produits\\\/\"},{\"@type\":\"ListItem\",\"position\":3,\"name\":\"Extrait de graviola\"}]},{\"@type\":\"WebSite\",\"@id\":\"https:\\\/\\\/naturalpoland.com\\\/fr\\\/#website\",\"url\":\"https:\\\/\\\/naturalpoland.com\\\/fr\\\/\",\"name\":\"NATURAL POLAND - Distributeur de mati\u00e8res premi\u00e8res en gros\",\"description\":\"Surowce dla przemys\u0142u spo\u017cywczego, kosmetycznego i farmaceutycznego\",\"publisher\":{\"@id\":\"https:\\\/\\\/naturalpoland.com\\\/fr\\\/#organization\"},\"potentialAction\":[{\"@type\":\"SearchAction\",\"target\":{\"@type\":\"EntryPoint\",\"urlTemplate\":\"https:\\\/\\\/naturalpoland.com\\\/fr\\\/?s={search_term_string}\"},\"query-input\":{\"@type\":\"PropertyValueSpecification\",\"valueRequired\":true,\"valueName\":\"search_term_string\"}}],\"inLanguage\":\"fr-FR\"},{\"@type\":\"Organization\",\"@id\":\"https:\\\/\\\/naturalpoland.com\\\/fr\\\/#organization\",\"name\":\"Natural Poland\",\"url\":\"https:\\\/\\\/naturalpoland.com\\\/fr\\\/\",\"logo\":{\"@type\":\"ImageObject\",\"inLanguage\":\"fr-FR\",\"@id\":\"https:\\\/\\\/naturalpoland.com\\\/fr\\\/#\\\/schema\\\/logo\\\/image\\\/\",\"url\":\"https:\\\/\\\/naturalpoland.com\\\/wp-content\\\/uploads\\\/2021\\\/05\\\/natural-poland-icon.png\",\"contentUrl\":\"https:\\\/\\\/naturalpoland.com\\\/wp-content\\\/uploads\\\/2021\\\/05\\\/natural-poland-icon.png\",\"width\":512,\"height\":512,\"caption\":\"Natural Poland\"},\"image\":{\"@id\":\"https:\\\/\\\/naturalpoland.com\\\/fr\\\/#\\\/schema\\\/logo\\\/image\\\/\"},\"sameAs\":[\"https:\\\/\\\/www.facebook.com\\\/naturalpoland.b2b\",\"https:\\\/\\\/pl.linkedin.com\\\/company\\\/natural-poland\",\"https:\\\/\\\/www.youtube.com\\\/channel\\\/UCgeGGkvOMahZo-xu_MSEWxg\"]}]}<\/script>\n<!-- \/ Yoast SEO plugin. -->","yoast_head_json":{"title":"Extrait de graviola - NATURAL POLAND - Distributeur de mati\u00e8res premi\u00e8res en gros","description":"L'extrait de graviola est un produit unique au large spectre d'action - il poss\u00e8de des propri\u00e9t\u00e9s anticanc\u00e9reuses, antibact\u00e9riennes, calmantes et fortifiantes.","robots":{"index":"index","follow":"follow","max-snippet":"max-snippet:-1","max-image-preview":"max-image-preview:large","max-video-preview":"max-video-preview:-1"},"canonical":"https:\/\/naturalpoland.com\/fr\/produkty\/extraits-de-plantes\/extrait-de-graviola\/","og_locale":"fr_FR","og_type":"article","og_title":"Extrait de graviola - NATURAL POLAND - Distributeur de mati\u00e8res premi\u00e8res en gros","og_description":"L'extrait de graviola est un produit unique au large spectre d'action - il poss\u00e8de des propri\u00e9t\u00e9s anticanc\u00e9reuses, antibact\u00e9riennes, calmantes et fortifiantes.","og_url":"https:\/\/naturalpoland.com\/fr\/produkty\/extraits-de-plantes\/extrait-de-graviola\/","og_site_name":"NATURAL POLAND - Distributeur de mati\u00e8res premi\u00e8res en gros","article_publisher":"https:\/\/www.facebook.com\/naturalpoland.b2b","article_modified_time":"2024-10-07T10:01:35+00:00","og_image":[{"width":619,"height":619,"url":"https:\/\/naturalpoland.com\/wp-content\/uploads\/ekstrakt-z-gravioli.webp","type":"image\/webp"}],"schema":{"@context":"https:\/\/schema.org","@graph":[{"@type":"WebPage","@id":"https:\/\/naturalpoland.com\/fr\/produkty\/extraits-de-plantes\/extrait-de-graviola\/","url":"https:\/\/naturalpoland.com\/fr\/produkty\/extraits-de-plantes\/extrait-de-graviola\/","name":"Extrait de graviola - NATURAL POLAND - Distributeur de mati\u00e8res premi\u00e8res en gros","isPartOf":{"@id":"https:\/\/naturalpoland.com\/fr\/#website"},"primaryImageOfPage":{"@id":"https:\/\/naturalpoland.com\/fr\/produkty\/extraits-de-plantes\/extrait-de-graviola\/#primaryimage"},"image":{"@id":"https:\/\/naturalpoland.com\/fr\/produkty\/extraits-de-plantes\/extrait-de-graviola\/#primaryimage"},"thumbnailUrl":"https:\/\/naturalpoland.com\/wp-content\/uploads\/ekstrakt-z-gravioli.webp","datePublished":"2021-09-20T10:40:46+00:00","dateModified":"2024-10-07T10:01:35+00:00","description":"L'extrait de graviola est un produit unique au large spectre d'action - il poss\u00e8de des propri\u00e9t\u00e9s anticanc\u00e9reuses, antibact\u00e9riennes, calmantes et fortifiantes.","breadcrumb":{"@id":"https:\/\/naturalpoland.com\/fr\/produkty\/extraits-de-plantes\/extrait-de-graviola\/#breadcrumb"},"inLanguage":"fr-FR","potentialAction":[{"@type":"ReadAction","target":["https:\/\/naturalpoland.com\/fr\/produkty\/extraits-de-plantes\/extrait-de-graviola\/"]}]},{"@type":"ImageObject","inLanguage":"fr-FR","@id":"https:\/\/naturalpoland.com\/fr\/produkty\/extraits-de-plantes\/extrait-de-graviola\/#primaryimage","url":"https:\/\/naturalpoland.com\/wp-content\/uploads\/ekstrakt-z-gravioli.webp","contentUrl":"https:\/\/naturalpoland.com\/wp-content\/uploads\/ekstrakt-z-gravioli.webp","width":619,"height":619,"caption":"ekstrakt z owocu gravioli w postaci \u017c\u00f3\u0142to-br\u0105zowego proszku"},{"@type":"BreadcrumbList","@id":"https:\/\/naturalpoland.com\/fr\/produkty\/extraits-de-plantes\/extrait-de-graviola\/#breadcrumb","itemListElement":[{"@type":"ListItem","position":1,"name":"Accueil","item":"https:\/\/naturalpoland.com\/fr\/"},{"@type":"ListItem","position":2,"name":"Produits","item":"https:\/\/naturalpoland.com\/fr\/produits\/"},{"@type":"ListItem","position":3,"name":"Extrait de graviola"}]},{"@type":"WebSite","@id":"https:\/\/naturalpoland.com\/fr\/#website","url":"https:\/\/naturalpoland.com\/fr\/","name":"NATURAL POLAND - Distributeur de mati\u00e8res premi\u00e8res en gros","description":"Surowce dla przemys\u0142u spo\u017cywczego, kosmetycznego i farmaceutycznego","publisher":{"@id":"https:\/\/naturalpoland.com\/fr\/#organization"},"potentialAction":[{"@type":"SearchAction","target":{"@type":"EntryPoint","urlTemplate":"https:\/\/naturalpoland.com\/fr\/?s={search_term_string}"},"query-input":{"@type":"PropertyValueSpecification","valueRequired":true,"valueName":"search_term_string"}}],"inLanguage":"fr-FR"},{"@type":"Organization","@id":"https:\/\/naturalpoland.com\/fr\/#organization","name":"Natural Poland","url":"https:\/\/naturalpoland.com\/fr\/","logo":{"@type":"ImageObject","inLanguage":"fr-FR","@id":"https:\/\/naturalpoland.com\/fr\/#\/schema\/logo\/image\/","url":"https:\/\/naturalpoland.com\/wp-content\/uploads\/2021\/05\/natural-poland-icon.png","contentUrl":"https:\/\/naturalpoland.com\/wp-content\/uploads\/2021\/05\/natural-poland-icon.png","width":512,"height":512,"caption":"Natural Poland"},"image":{"@id":"https:\/\/naturalpoland.com\/fr\/#\/schema\/logo\/image\/"},"sameAs":["https:\/\/www.facebook.com\/naturalpoland.b2b","https:\/\/pl.linkedin.com\/company\/natural-poland","https:\/\/www.youtube.com\/channel\/UCgeGGkvOMahZo-xu_MSEWxg"]}]}},"_links":{"self":[{"href":"https:\/\/naturalpoland.com\/fr\/wp-json\/wp\/v2\/product\/11101","targetHints":{"allow":["GET"]}}],"collection":[{"href":"https:\/\/naturalpoland.com\/fr\/wp-json\/wp\/v2\/product"}],"about":[{"href":"https:\/\/naturalpoland.com\/fr\/wp-json\/wp\/v2\/types\/product"}],"wp:featuredmedia":[{"embeddable":true,"href":"https:\/\/naturalpoland.com\/fr\/wp-json\/wp\/v2\/media\/35833"}],"wp:attachment":[{"href":"https:\/\/naturalpoland.com\/fr\/wp-json\/wp\/v2\/media?parent=11101"}],"wp:term":[{"taxonomy":"product_brand","embeddable":true,"href":"https:\/\/naturalpoland.com\/fr\/wp-json\/wp\/v2\/product_brand?post=11101"},{"taxonomy":"product_cat","embeddable":true,"href":"https:\/\/naturalpoland.com\/fr\/wp-json\/wp\/v2\/product_cat?post=11101"},{"taxonomy":"product_tag","embeddable":true,"href":"https:\/\/naturalpoland.com\/fr\/wp-json\/wp\/v2\/product_tag?post=11101"}],"curies":[{"name":"wp","href":"https:\/\/api.w.org\/{rel}","templated":true}]}}