{"id":11134,"date":"2021-07-08T13:01:59","date_gmt":"2021-09-20T10:41:14","guid":{"rendered":"https:\/\/naturalpoland.pl\/produkty\/non class\u00e9\/l-theanine\/"},"modified":"2021-09-20T12:41:14","modified_gmt":"2021-09-20T10:41:14","slug":"l-theanine","status":"publish","type":"product","link":"https:\/\/naturalpoland.com\/fr\/produkty\/produits-pour-les-industries-pharmaceutiques-et-medicales\/acides-amines\/l-theanine\/","title":{"rendered":"L-Th\u00e9anine"},"content":{"rendered":"<p>La L-th\u00e9anine r\u00e9duit le niveau de stress et d&rsquo;anxi\u00e9t\u00e9, mais ce n&rsquo;est pas son seul effet. Il am\u00e9liore \u00e9galement le bien-\u00eatre et r\u00e9duit les tensions corporelles, facilitant ainsi la d\u00e9tente et le sommeil. La L-th\u00e9anine a un effet calmant &#8211; elle augmente \u00e9galement le niveau de neurotransmetteurs (s\u00e9rotonine et dopamine), ce qui facilite la m\u00e9morisation de nouvelles informations. L&rsquo;augmentation des niveaux de s\u00e9rotonine abaisse \u00e9galement la pression art\u00e9rielle.   <\/p>\n<p>De plus, la L-th\u00e9anine ne provoque pas d&rsquo;effets secondaires chez les personnes en bonne sant\u00e9, mais les personnes qui traitent l&rsquo;hypertension doivent la combiner soigneusement avec des m\u00e9dicaments.<\/p>\n","protected":false},"excerpt":{"rendered":"<p>Distribution en gros de L-Th\u00e9anine, un acide amin\u00e9 sous forme de poudre cristalline blanche.<\/p>\n<p>La L-th\u00e9anine est un acide amin\u00e9 non prot\u00e9ique pr\u00e9sent dans les feuilles de th\u00e9 vert et certains champignons. Il poss\u00e8de de nombreuses propri\u00e9t\u00e9s b\u00e9n\u00e9fiques. <\/p>\n","protected":false},"featured_media":37415,"template":"","meta":{"_acf_changed":false},"product_brand":[],"product_cat":[1299,1300],"product_tag":[],"class_list":{"0":"post-11134","1":"product","2":"type-product","3":"status-publish","4":"has-post-thumbnail","6":"product_cat-acides-amines","7":"product_cat-additifs-de-complements-alimentaires","9":"first","10":"instock","11":"shipping-taxable","12":"product-type-simple"},"acf":[],"yoast_head":"<!-- This site is optimized with the Yoast SEO plugin v27.5 - https:\/\/yoast.com\/product\/yoast-seo-wordpress\/ -->\n<title>L-Th\u00e9anine - Distributeur en gros<\/title>\n<meta name=\"robots\" content=\"index, follow, max-snippet:-1, max-image-preview:large, max-video-preview:-1\" \/>\n<link rel=\"canonical\" href=\"https:\/\/naturalpoland.com\/fr\/produkty\/produits-pour-les-industries-pharmaceutiques-et-medicales\/acides-amines\/l-theanine\/\" \/>\n<meta property=\"og:locale\" content=\"fr_FR\" \/>\n<meta property=\"og:type\" content=\"article\" \/>\n<meta property=\"og:title\" content=\"L-Th\u00e9anine - Distributeur en gros\" \/>\n<meta property=\"og:description\" content=\"Distribution en gros de L-Th\u00e9anine, un acide amin\u00e9 sous forme de poudre cristalline blanche. La L-th\u00e9anine est un acide amin\u00e9 non prot\u00e9ique pr\u00e9sent dans les feuilles de th\u00e9 vert et certains champignons. Il poss\u00e8de de nombreuses propri\u00e9t\u00e9s b\u00e9n\u00e9fiques.\" \/>\n<meta property=\"og:url\" content=\"https:\/\/naturalpoland.com\/fr\/produkty\/produits-pour-les-industries-pharmaceutiques-et-medicales\/acides-amines\/l-theanine\/\" \/>\n<meta property=\"og:site_name\" content=\"NATURAL POLAND - Distributeur de mati\u00e8res premi\u00e8res en gros\" \/>\n<meta property=\"article:publisher\" content=\"https:\/\/www.facebook.com\/naturalpoland.b2b\" \/>\n<meta property=\"og:image\" content=\"https:\/\/naturalpoland.com\/wp-content\/uploads\/l-teanina-suplement.webp\" \/>\n\t<meta property=\"og:image:width\" content=\"614\" \/>\n\t<meta property=\"og:image:height\" content=\"614\" \/>\n\t<meta property=\"og:image:type\" content=\"image\/webp\" \/>\n<script type=\"application\/ld+json\" class=\"yoast-schema-graph\">{\"@context\":\"https:\\\/\\\/schema.org\",\"@graph\":[{\"@type\":\"WebPage\",\"@id\":\"https:\\\/\\\/naturalpoland.com\\\/fr\\\/produkty\\\/produits-pour-les-industries-pharmaceutiques-et-medicales\\\/acides-amines\\\/l-theanine\\\/\",\"url\":\"https:\\\/\\\/naturalpoland.com\\\/fr\\\/produkty\\\/produits-pour-les-industries-pharmaceutiques-et-medicales\\\/acides-amines\\\/l-theanine\\\/\",\"name\":\"L-Th\u00e9anine - Distributeur en gros\",\"isPartOf\":{\"@id\":\"https:\\\/\\\/naturalpoland.com\\\/fr\\\/#website\"},\"primaryImageOfPage\":{\"@id\":\"https:\\\/\\\/naturalpoland.com\\\/fr\\\/produkty\\\/produits-pour-les-industries-pharmaceutiques-et-medicales\\\/acides-amines\\\/l-theanine\\\/#primaryimage\"},\"image\":{\"@id\":\"https:\\\/\\\/naturalpoland.com\\\/fr\\\/produkty\\\/produits-pour-les-industries-pharmaceutiques-et-medicales\\\/acides-amines\\\/l-theanine\\\/#primaryimage\"},\"thumbnailUrl\":\"https:\\\/\\\/naturalpoland.com\\\/wp-content\\\/uploads\\\/l-teanina-suplement.webp\",\"datePublished\":\"2021-09-20T10:41:14+00:00\",\"breadcrumb\":{\"@id\":\"https:\\\/\\\/naturalpoland.com\\\/fr\\\/produkty\\\/produits-pour-les-industries-pharmaceutiques-et-medicales\\\/acides-amines\\\/l-theanine\\\/#breadcrumb\"},\"inLanguage\":\"fr-FR\",\"potentialAction\":[{\"@type\":\"ReadAction\",\"target\":[\"https:\\\/\\\/naturalpoland.com\\\/fr\\\/produkty\\\/produits-pour-les-industries-pharmaceutiques-et-medicales\\\/acides-amines\\\/l-theanine\\\/\"]}]},{\"@type\":\"ImageObject\",\"inLanguage\":\"fr-FR\",\"@id\":\"https:\\\/\\\/naturalpoland.com\\\/fr\\\/produkty\\\/produits-pour-les-industries-pharmaceutiques-et-medicales\\\/acides-amines\\\/l-theanine\\\/#primaryimage\",\"url\":\"https:\\\/\\\/naturalpoland.com\\\/wp-content\\\/uploads\\\/l-teanina-suplement.webp\",\"contentUrl\":\"https:\\\/\\\/naturalpoland.com\\\/wp-content\\\/uploads\\\/l-teanina-suplement.webp\",\"width\":614,\"height\":614,\"caption\":\"L-teanina w proszku\"},{\"@type\":\"BreadcrumbList\",\"@id\":\"https:\\\/\\\/naturalpoland.com\\\/fr\\\/produkty\\\/produits-pour-les-industries-pharmaceutiques-et-medicales\\\/acides-amines\\\/l-theanine\\\/#breadcrumb\",\"itemListElement\":[{\"@type\":\"ListItem\",\"position\":1,\"name\":\"Accueil\",\"item\":\"https:\\\/\\\/naturalpoland.com\\\/fr\\\/\"},{\"@type\":\"ListItem\",\"position\":2,\"name\":\"Produits\",\"item\":\"https:\\\/\\\/naturalpoland.com\\\/fr\\\/produits\\\/\"},{\"@type\":\"ListItem\",\"position\":3,\"name\":\"L-Th\u00e9anine\"}]},{\"@type\":\"WebSite\",\"@id\":\"https:\\\/\\\/naturalpoland.com\\\/fr\\\/#website\",\"url\":\"https:\\\/\\\/naturalpoland.com\\\/fr\\\/\",\"name\":\"NATURAL POLAND - Distributeur de mati\u00e8res premi\u00e8res en gros\",\"description\":\"Surowce dla przemys\u0142u spo\u017cywczego, kosmetycznego i farmaceutycznego\",\"publisher\":{\"@id\":\"https:\\\/\\\/naturalpoland.com\\\/fr\\\/#organization\"},\"potentialAction\":[{\"@type\":\"SearchAction\",\"target\":{\"@type\":\"EntryPoint\",\"urlTemplate\":\"https:\\\/\\\/naturalpoland.com\\\/fr\\\/?s={search_term_string}\"},\"query-input\":{\"@type\":\"PropertyValueSpecification\",\"valueRequired\":true,\"valueName\":\"search_term_string\"}}],\"inLanguage\":\"fr-FR\"},{\"@type\":\"Organization\",\"@id\":\"https:\\\/\\\/naturalpoland.com\\\/fr\\\/#organization\",\"name\":\"Natural Poland\",\"url\":\"https:\\\/\\\/naturalpoland.com\\\/fr\\\/\",\"logo\":{\"@type\":\"ImageObject\",\"inLanguage\":\"fr-FR\",\"@id\":\"https:\\\/\\\/naturalpoland.com\\\/fr\\\/#\\\/schema\\\/logo\\\/image\\\/\",\"url\":\"https:\\\/\\\/naturalpoland.com\\\/wp-content\\\/uploads\\\/2021\\\/05\\\/natural-poland-icon.png\",\"contentUrl\":\"https:\\\/\\\/naturalpoland.com\\\/wp-content\\\/uploads\\\/2021\\\/05\\\/natural-poland-icon.png\",\"width\":512,\"height\":512,\"caption\":\"Natural Poland\"},\"image\":{\"@id\":\"https:\\\/\\\/naturalpoland.com\\\/fr\\\/#\\\/schema\\\/logo\\\/image\\\/\"},\"sameAs\":[\"https:\\\/\\\/www.facebook.com\\\/naturalpoland.b2b\",\"https:\\\/\\\/pl.linkedin.com\\\/company\\\/natural-poland\",\"https:\\\/\\\/www.youtube.com\\\/channel\\\/UCgeGGkvOMahZo-xu_MSEWxg\"]}]}<\/script>\n<!-- \/ Yoast SEO plugin. -->","yoast_head_json":{"title":"L-Th\u00e9anine - Distributeur en gros","robots":{"index":"index","follow":"follow","max-snippet":"max-snippet:-1","max-image-preview":"max-image-preview:large","max-video-preview":"max-video-preview:-1"},"canonical":"https:\/\/naturalpoland.com\/fr\/produkty\/produits-pour-les-industries-pharmaceutiques-et-medicales\/acides-amines\/l-theanine\/","og_locale":"fr_FR","og_type":"article","og_title":"L-Th\u00e9anine - Distributeur en gros","og_description":"Distribution en gros de L-Th\u00e9anine, un acide amin\u00e9 sous forme de poudre cristalline blanche. La L-th\u00e9anine est un acide amin\u00e9 non prot\u00e9ique pr\u00e9sent dans les feuilles de th\u00e9 vert et certains champignons. Il poss\u00e8de de nombreuses propri\u00e9t\u00e9s b\u00e9n\u00e9fiques.","og_url":"https:\/\/naturalpoland.com\/fr\/produkty\/produits-pour-les-industries-pharmaceutiques-et-medicales\/acides-amines\/l-theanine\/","og_site_name":"NATURAL POLAND - Distributeur de mati\u00e8res premi\u00e8res en gros","article_publisher":"https:\/\/www.facebook.com\/naturalpoland.b2b","og_image":[{"width":614,"height":614,"url":"https:\/\/naturalpoland.com\/wp-content\/uploads\/l-teanina-suplement.webp","type":"image\/webp"}],"schema":{"@context":"https:\/\/schema.org","@graph":[{"@type":"WebPage","@id":"https:\/\/naturalpoland.com\/fr\/produkty\/produits-pour-les-industries-pharmaceutiques-et-medicales\/acides-amines\/l-theanine\/","url":"https:\/\/naturalpoland.com\/fr\/produkty\/produits-pour-les-industries-pharmaceutiques-et-medicales\/acides-amines\/l-theanine\/","name":"L-Th\u00e9anine - Distributeur en gros","isPartOf":{"@id":"https:\/\/naturalpoland.com\/fr\/#website"},"primaryImageOfPage":{"@id":"https:\/\/naturalpoland.com\/fr\/produkty\/produits-pour-les-industries-pharmaceutiques-et-medicales\/acides-amines\/l-theanine\/#primaryimage"},"image":{"@id":"https:\/\/naturalpoland.com\/fr\/produkty\/produits-pour-les-industries-pharmaceutiques-et-medicales\/acides-amines\/l-theanine\/#primaryimage"},"thumbnailUrl":"https:\/\/naturalpoland.com\/wp-content\/uploads\/l-teanina-suplement.webp","datePublished":"2021-09-20T10:41:14+00:00","breadcrumb":{"@id":"https:\/\/naturalpoland.com\/fr\/produkty\/produits-pour-les-industries-pharmaceutiques-et-medicales\/acides-amines\/l-theanine\/#breadcrumb"},"inLanguage":"fr-FR","potentialAction":[{"@type":"ReadAction","target":["https:\/\/naturalpoland.com\/fr\/produkty\/produits-pour-les-industries-pharmaceutiques-et-medicales\/acides-amines\/l-theanine\/"]}]},{"@type":"ImageObject","inLanguage":"fr-FR","@id":"https:\/\/naturalpoland.com\/fr\/produkty\/produits-pour-les-industries-pharmaceutiques-et-medicales\/acides-amines\/l-theanine\/#primaryimage","url":"https:\/\/naturalpoland.com\/wp-content\/uploads\/l-teanina-suplement.webp","contentUrl":"https:\/\/naturalpoland.com\/wp-content\/uploads\/l-teanina-suplement.webp","width":614,"height":614,"caption":"L-teanina w proszku"},{"@type":"BreadcrumbList","@id":"https:\/\/naturalpoland.com\/fr\/produkty\/produits-pour-les-industries-pharmaceutiques-et-medicales\/acides-amines\/l-theanine\/#breadcrumb","itemListElement":[{"@type":"ListItem","position":1,"name":"Accueil","item":"https:\/\/naturalpoland.com\/fr\/"},{"@type":"ListItem","position":2,"name":"Produits","item":"https:\/\/naturalpoland.com\/fr\/produits\/"},{"@type":"ListItem","position":3,"name":"L-Th\u00e9anine"}]},{"@type":"WebSite","@id":"https:\/\/naturalpoland.com\/fr\/#website","url":"https:\/\/naturalpoland.com\/fr\/","name":"NATURAL POLAND - Distributeur de mati\u00e8res premi\u00e8res en gros","description":"Surowce dla przemys\u0142u spo\u017cywczego, kosmetycznego i farmaceutycznego","publisher":{"@id":"https:\/\/naturalpoland.com\/fr\/#organization"},"potentialAction":[{"@type":"SearchAction","target":{"@type":"EntryPoint","urlTemplate":"https:\/\/naturalpoland.com\/fr\/?s={search_term_string}"},"query-input":{"@type":"PropertyValueSpecification","valueRequired":true,"valueName":"search_term_string"}}],"inLanguage":"fr-FR"},{"@type":"Organization","@id":"https:\/\/naturalpoland.com\/fr\/#organization","name":"Natural Poland","url":"https:\/\/naturalpoland.com\/fr\/","logo":{"@type":"ImageObject","inLanguage":"fr-FR","@id":"https:\/\/naturalpoland.com\/fr\/#\/schema\/logo\/image\/","url":"https:\/\/naturalpoland.com\/wp-content\/uploads\/2021\/05\/natural-poland-icon.png","contentUrl":"https:\/\/naturalpoland.com\/wp-content\/uploads\/2021\/05\/natural-poland-icon.png","width":512,"height":512,"caption":"Natural Poland"},"image":{"@id":"https:\/\/naturalpoland.com\/fr\/#\/schema\/logo\/image\/"},"sameAs":["https:\/\/www.facebook.com\/naturalpoland.b2b","https:\/\/pl.linkedin.com\/company\/natural-poland","https:\/\/www.youtube.com\/channel\/UCgeGGkvOMahZo-xu_MSEWxg"]}]}},"_links":{"self":[{"href":"https:\/\/naturalpoland.com\/fr\/wp-json\/wp\/v2\/product\/11134","targetHints":{"allow":["GET"]}}],"collection":[{"href":"https:\/\/naturalpoland.com\/fr\/wp-json\/wp\/v2\/product"}],"about":[{"href":"https:\/\/naturalpoland.com\/fr\/wp-json\/wp\/v2\/types\/product"}],"wp:featuredmedia":[{"embeddable":true,"href":"https:\/\/naturalpoland.com\/fr\/wp-json\/wp\/v2\/media\/37415"}],"wp:attachment":[{"href":"https:\/\/naturalpoland.com\/fr\/wp-json\/wp\/v2\/media?parent=11134"}],"wp:term":[{"taxonomy":"product_brand","embeddable":true,"href":"https:\/\/naturalpoland.com\/fr\/wp-json\/wp\/v2\/product_brand?post=11134"},{"taxonomy":"product_cat","embeddable":true,"href":"https:\/\/naturalpoland.com\/fr\/wp-json\/wp\/v2\/product_cat?post=11134"},{"taxonomy":"product_tag","embeddable":true,"href":"https:\/\/naturalpoland.com\/fr\/wp-json\/wp\/v2\/product_tag?post=11134"}],"curies":[{"name":"wp","href":"https:\/\/api.w.org\/{rel}","templated":true}]}}