{"id":11315,"date":"2021-05-11T13:40:34","date_gmt":"2021-09-20T13:20:55","guid":{"rendered":"https:\/\/naturalpoland.pl\/produkty\/non class\u00e9\/extrait-de-graine-de-cassia-fistule\/"},"modified":"2021-09-20T15:20:55","modified_gmt":"2021-09-20T13:20:55","slug":"extrait-de-graine-de-fistule-de-cassie","status":"publish","type":"product","link":"https:\/\/naturalpoland.com\/fr\/produkty\/extraits-de-plantes\/extrait-de-graine-de-fistule-de-cassie\/","title":{"rendered":"Extrait de graine de cassia fistule"},"content":{"rendered":"<p>L&rsquo;extrait de graines de Cassia fistula peut \u00e9galement \u00eatre utilis\u00e9 comme ingr\u00e9dient dans des lotions et des cr\u00e8mes. C&rsquo;est un ajout pr\u00e9cieux qui a un bon effet sur la peau. Il l&rsquo;hydrate, le tonifie et le nourrit en profondeur. Lorsqu&rsquo;il est appliqu\u00e9 sur les cheveux, il peut les \u00e9paissir, mais il peut \u00e9galement affecter leur couleur et les \u00e9claircir l\u00e9g\u00e8rement.<\/p>\n","protected":false},"excerpt":{"rendered":"<p>L&rsquo;extrait de graines de Cassia fistula est obtenu \u00e0 partir des graines de la l\u00e9gumineuse tubulaire, une plante indienne utilis\u00e9e en m\u00e9decine depuis des si\u00e8cles. Il est utilis\u00e9 pour renforcer les vaisseaux sanguins et am\u00e9liorer leur fonctionnement. Gr\u00e2ce \u00e0 cet extrait, vous pouvez contrecarrer la formation de varices et de varicosit\u00e9s. Il peut \u00e9galement \u00eatre utilis\u00e9 pour am\u00e9liorer la digestion et le travail du syst\u00e8me digestif.<\/p>\n","protected":false},"featured_media":11319,"template":"","meta":{"_acf_changed":false},"product_brand":[],"product_cat":[1293],"product_tag":[],"class_list":{"0":"post-11315","1":"product","2":"type-product","3":"status-publish","4":"has-post-thumbnail","6":"product_cat-extraits-de-plantes","8":"first","9":"instock","10":"shipping-taxable","11":"product-type-simple"},"acf":[],"yoast_head":"<!-- This site is optimized with the Yoast SEO plugin v27.4 - https:\/\/yoast.com\/product\/yoast-seo-wordpress\/ -->\n<title>Extrait de graine de cassia fistule - Distributeur en gros<\/title>\n<meta name=\"robots\" content=\"index, follow, max-snippet:-1, max-image-preview:large, max-video-preview:-1\" \/>\n<link rel=\"canonical\" href=\"https:\/\/naturalpoland.com\/fr\/produkty\/extraits-de-plantes\/extrait-de-graine-de-fistule-de-cassie\/\" \/>\n<meta property=\"og:locale\" content=\"fr_FR\" \/>\n<meta property=\"og:type\" content=\"article\" \/>\n<meta property=\"og:title\" content=\"Extrait de graine de cassia fistule - Distributeur en gros\" \/>\n<meta property=\"og:description\" content=\"L&#039;extrait de graines de Cassia fistula est obtenu \u00e0 partir des graines de la l\u00e9gumineuse tubulaire, une plante indienne utilis\u00e9e en m\u00e9decine depuis des si\u00e8cles. Il est utilis\u00e9 pour renforcer les vaisseaux sanguins et am\u00e9liorer leur fonctionnement. Gr\u00e2ce \u00e0 cet extrait, vous pouvez contrecarrer la formation de varices et de varicosit\u00e9s. Il peut \u00e9galement \u00eatre utilis\u00e9 pour am\u00e9liorer la digestion et le travail du syst\u00e8me digestif.\" \/>\n<meta property=\"og:url\" content=\"https:\/\/naturalpoland.com\/fr\/produkty\/extraits-de-plantes\/extrait-de-graine-de-fistule-de-cassie\/\" \/>\n<meta property=\"og:site_name\" content=\"NATURAL POLAND - Distributeur de mati\u00e8res premi\u00e8res en gros\" \/>\n<meta property=\"article:publisher\" content=\"https:\/\/www.facebook.com\/naturalpoland.b2b\" \/>\n<meta property=\"og:image\" content=\"https:\/\/naturalpoland.com\/wp-content\/uploads\/2021\/05\/cassia-fistula-seed-extract.jpg\" \/>\n\t<meta property=\"og:image:width\" content=\"280\" \/>\n\t<meta property=\"og:image:height\" content=\"280\" \/>\n\t<meta property=\"og:image:type\" content=\"image\/jpeg\" \/>\n<script type=\"application\/ld+json\" class=\"yoast-schema-graph\">{\"@context\":\"https:\\\/\\\/schema.org\",\"@graph\":[{\"@type\":\"WebPage\",\"@id\":\"https:\\\/\\\/naturalpoland.com\\\/fr\\\/produkty\\\/extraits-de-plantes\\\/extrait-de-graine-de-fistule-de-cassie\\\/\",\"url\":\"https:\\\/\\\/naturalpoland.com\\\/fr\\\/produkty\\\/extraits-de-plantes\\\/extrait-de-graine-de-fistule-de-cassie\\\/\",\"name\":\"Extrait de graine de cassia fistule - Distributeur en gros\",\"isPartOf\":{\"@id\":\"https:\\\/\\\/naturalpoland.com\\\/fr\\\/#website\"},\"primaryImageOfPage\":{\"@id\":\"https:\\\/\\\/naturalpoland.com\\\/fr\\\/produkty\\\/extraits-de-plantes\\\/extrait-de-graine-de-fistule-de-cassie\\\/#primaryimage\"},\"image\":{\"@id\":\"https:\\\/\\\/naturalpoland.com\\\/fr\\\/produkty\\\/extraits-de-plantes\\\/extrait-de-graine-de-fistule-de-cassie\\\/#primaryimage\"},\"thumbnailUrl\":\"https:\\\/\\\/naturalpoland.com\\\/wp-content\\\/uploads\\\/2021\\\/05\\\/cassia-fistula-seed-extract.jpg\",\"datePublished\":\"2021-09-20T13:20:55+00:00\",\"breadcrumb\":{\"@id\":\"https:\\\/\\\/naturalpoland.com\\\/fr\\\/produkty\\\/extraits-de-plantes\\\/extrait-de-graine-de-fistule-de-cassie\\\/#breadcrumb\"},\"inLanguage\":\"fr-FR\",\"potentialAction\":[{\"@type\":\"ReadAction\",\"target\":[\"https:\\\/\\\/naturalpoland.com\\\/fr\\\/produkty\\\/extraits-de-plantes\\\/extrait-de-graine-de-fistule-de-cassie\\\/\"]}]},{\"@type\":\"ImageObject\",\"inLanguage\":\"fr-FR\",\"@id\":\"https:\\\/\\\/naturalpoland.com\\\/fr\\\/produkty\\\/extraits-de-plantes\\\/extrait-de-graine-de-fistule-de-cassie\\\/#primaryimage\",\"url\":\"https:\\\/\\\/naturalpoland.com\\\/wp-content\\\/uploads\\\/2021\\\/05\\\/cassia-fistula-seed-extract.jpg\",\"contentUrl\":\"https:\\\/\\\/naturalpoland.com\\\/wp-content\\\/uploads\\\/2021\\\/05\\\/cassia-fistula-seed-extract.jpg\",\"width\":280,\"height\":280},{\"@type\":\"BreadcrumbList\",\"@id\":\"https:\\\/\\\/naturalpoland.com\\\/fr\\\/produkty\\\/extraits-de-plantes\\\/extrait-de-graine-de-fistule-de-cassie\\\/#breadcrumb\",\"itemListElement\":[{\"@type\":\"ListItem\",\"position\":1,\"name\":\"Accueil\",\"item\":\"https:\\\/\\\/naturalpoland.com\\\/fr\\\/\"},{\"@type\":\"ListItem\",\"position\":2,\"name\":\"Produits\",\"item\":\"https:\\\/\\\/naturalpoland.com\\\/fr\\\/produits\\\/\"},{\"@type\":\"ListItem\",\"position\":3,\"name\":\"Extrait de graine de cassia fistule\"}]},{\"@type\":\"WebSite\",\"@id\":\"https:\\\/\\\/naturalpoland.com\\\/fr\\\/#website\",\"url\":\"https:\\\/\\\/naturalpoland.com\\\/fr\\\/\",\"name\":\"NATURAL POLAND - Distributeur de mati\u00e8res premi\u00e8res en gros\",\"description\":\"Surowce dla przemys\u0142u spo\u017cywczego, kosmetycznego i farmaceutycznego\",\"publisher\":{\"@id\":\"https:\\\/\\\/naturalpoland.com\\\/fr\\\/#organization\"},\"potentialAction\":[{\"@type\":\"SearchAction\",\"target\":{\"@type\":\"EntryPoint\",\"urlTemplate\":\"https:\\\/\\\/naturalpoland.com\\\/fr\\\/?s={search_term_string}\"},\"query-input\":{\"@type\":\"PropertyValueSpecification\",\"valueRequired\":true,\"valueName\":\"search_term_string\"}}],\"inLanguage\":\"fr-FR\"},{\"@type\":\"Organization\",\"@id\":\"https:\\\/\\\/naturalpoland.com\\\/fr\\\/#organization\",\"name\":\"Natural Poland\",\"url\":\"https:\\\/\\\/naturalpoland.com\\\/fr\\\/\",\"logo\":{\"@type\":\"ImageObject\",\"inLanguage\":\"fr-FR\",\"@id\":\"https:\\\/\\\/naturalpoland.com\\\/fr\\\/#\\\/schema\\\/logo\\\/image\\\/\",\"url\":\"https:\\\/\\\/naturalpoland.com\\\/wp-content\\\/uploads\\\/2021\\\/05\\\/natural-poland-icon.png\",\"contentUrl\":\"https:\\\/\\\/naturalpoland.com\\\/wp-content\\\/uploads\\\/2021\\\/05\\\/natural-poland-icon.png\",\"width\":512,\"height\":512,\"caption\":\"Natural Poland\"},\"image\":{\"@id\":\"https:\\\/\\\/naturalpoland.com\\\/fr\\\/#\\\/schema\\\/logo\\\/image\\\/\"},\"sameAs\":[\"https:\\\/\\\/www.facebook.com\\\/naturalpoland.b2b\",\"https:\\\/\\\/pl.linkedin.com\\\/company\\\/natural-poland\",\"https:\\\/\\\/www.youtube.com\\\/channel\\\/UCgeGGkvOMahZo-xu_MSEWxg\"]}]}<\/script>\n<!-- \/ Yoast SEO plugin. -->","yoast_head_json":{"title":"Extrait de graine de cassia fistule - Distributeur en gros","robots":{"index":"index","follow":"follow","max-snippet":"max-snippet:-1","max-image-preview":"max-image-preview:large","max-video-preview":"max-video-preview:-1"},"canonical":"https:\/\/naturalpoland.com\/fr\/produkty\/extraits-de-plantes\/extrait-de-graine-de-fistule-de-cassie\/","og_locale":"fr_FR","og_type":"article","og_title":"Extrait de graine de cassia fistule - Distributeur en gros","og_description":"L'extrait de graines de Cassia fistula est obtenu \u00e0 partir des graines de la l\u00e9gumineuse tubulaire, une plante indienne utilis\u00e9e en m\u00e9decine depuis des si\u00e8cles. Il est utilis\u00e9 pour renforcer les vaisseaux sanguins et am\u00e9liorer leur fonctionnement. Gr\u00e2ce \u00e0 cet extrait, vous pouvez contrecarrer la formation de varices et de varicosit\u00e9s. Il peut \u00e9galement \u00eatre utilis\u00e9 pour am\u00e9liorer la digestion et le travail du syst\u00e8me digestif.","og_url":"https:\/\/naturalpoland.com\/fr\/produkty\/extraits-de-plantes\/extrait-de-graine-de-fistule-de-cassie\/","og_site_name":"NATURAL POLAND - Distributeur de mati\u00e8res premi\u00e8res en gros","article_publisher":"https:\/\/www.facebook.com\/naturalpoland.b2b","og_image":[{"width":280,"height":280,"url":"https:\/\/naturalpoland.com\/wp-content\/uploads\/2021\/05\/cassia-fistula-seed-extract.jpg","type":"image\/jpeg"}],"schema":{"@context":"https:\/\/schema.org","@graph":[{"@type":"WebPage","@id":"https:\/\/naturalpoland.com\/fr\/produkty\/extraits-de-plantes\/extrait-de-graine-de-fistule-de-cassie\/","url":"https:\/\/naturalpoland.com\/fr\/produkty\/extraits-de-plantes\/extrait-de-graine-de-fistule-de-cassie\/","name":"Extrait de graine de cassia fistule - Distributeur en gros","isPartOf":{"@id":"https:\/\/naturalpoland.com\/fr\/#website"},"primaryImageOfPage":{"@id":"https:\/\/naturalpoland.com\/fr\/produkty\/extraits-de-plantes\/extrait-de-graine-de-fistule-de-cassie\/#primaryimage"},"image":{"@id":"https:\/\/naturalpoland.com\/fr\/produkty\/extraits-de-plantes\/extrait-de-graine-de-fistule-de-cassie\/#primaryimage"},"thumbnailUrl":"https:\/\/naturalpoland.com\/wp-content\/uploads\/2021\/05\/cassia-fistula-seed-extract.jpg","datePublished":"2021-09-20T13:20:55+00:00","breadcrumb":{"@id":"https:\/\/naturalpoland.com\/fr\/produkty\/extraits-de-plantes\/extrait-de-graine-de-fistule-de-cassie\/#breadcrumb"},"inLanguage":"fr-FR","potentialAction":[{"@type":"ReadAction","target":["https:\/\/naturalpoland.com\/fr\/produkty\/extraits-de-plantes\/extrait-de-graine-de-fistule-de-cassie\/"]}]},{"@type":"ImageObject","inLanguage":"fr-FR","@id":"https:\/\/naturalpoland.com\/fr\/produkty\/extraits-de-plantes\/extrait-de-graine-de-fistule-de-cassie\/#primaryimage","url":"https:\/\/naturalpoland.com\/wp-content\/uploads\/2021\/05\/cassia-fistula-seed-extract.jpg","contentUrl":"https:\/\/naturalpoland.com\/wp-content\/uploads\/2021\/05\/cassia-fistula-seed-extract.jpg","width":280,"height":280},{"@type":"BreadcrumbList","@id":"https:\/\/naturalpoland.com\/fr\/produkty\/extraits-de-plantes\/extrait-de-graine-de-fistule-de-cassie\/#breadcrumb","itemListElement":[{"@type":"ListItem","position":1,"name":"Accueil","item":"https:\/\/naturalpoland.com\/fr\/"},{"@type":"ListItem","position":2,"name":"Produits","item":"https:\/\/naturalpoland.com\/fr\/produits\/"},{"@type":"ListItem","position":3,"name":"Extrait de graine de cassia fistule"}]},{"@type":"WebSite","@id":"https:\/\/naturalpoland.com\/fr\/#website","url":"https:\/\/naturalpoland.com\/fr\/","name":"NATURAL POLAND - Distributeur de mati\u00e8res premi\u00e8res en gros","description":"Surowce dla przemys\u0142u spo\u017cywczego, kosmetycznego i farmaceutycznego","publisher":{"@id":"https:\/\/naturalpoland.com\/fr\/#organization"},"potentialAction":[{"@type":"SearchAction","target":{"@type":"EntryPoint","urlTemplate":"https:\/\/naturalpoland.com\/fr\/?s={search_term_string}"},"query-input":{"@type":"PropertyValueSpecification","valueRequired":true,"valueName":"search_term_string"}}],"inLanguage":"fr-FR"},{"@type":"Organization","@id":"https:\/\/naturalpoland.com\/fr\/#organization","name":"Natural Poland","url":"https:\/\/naturalpoland.com\/fr\/","logo":{"@type":"ImageObject","inLanguage":"fr-FR","@id":"https:\/\/naturalpoland.com\/fr\/#\/schema\/logo\/image\/","url":"https:\/\/naturalpoland.com\/wp-content\/uploads\/2021\/05\/natural-poland-icon.png","contentUrl":"https:\/\/naturalpoland.com\/wp-content\/uploads\/2021\/05\/natural-poland-icon.png","width":512,"height":512,"caption":"Natural Poland"},"image":{"@id":"https:\/\/naturalpoland.com\/fr\/#\/schema\/logo\/image\/"},"sameAs":["https:\/\/www.facebook.com\/naturalpoland.b2b","https:\/\/pl.linkedin.com\/company\/natural-poland","https:\/\/www.youtube.com\/channel\/UCgeGGkvOMahZo-xu_MSEWxg"]}]}},"_links":{"self":[{"href":"https:\/\/naturalpoland.com\/fr\/wp-json\/wp\/v2\/product\/11315","targetHints":{"allow":["GET"]}}],"collection":[{"href":"https:\/\/naturalpoland.com\/fr\/wp-json\/wp\/v2\/product"}],"about":[{"href":"https:\/\/naturalpoland.com\/fr\/wp-json\/wp\/v2\/types\/product"}],"wp:featuredmedia":[{"embeddable":true,"href":"https:\/\/naturalpoland.com\/fr\/wp-json\/wp\/v2\/media\/11319"}],"wp:attachment":[{"href":"https:\/\/naturalpoland.com\/fr\/wp-json\/wp\/v2\/media?parent=11315"}],"wp:term":[{"taxonomy":"product_brand","embeddable":true,"href":"https:\/\/naturalpoland.com\/fr\/wp-json\/wp\/v2\/product_brand?post=11315"},{"taxonomy":"product_cat","embeddable":true,"href":"https:\/\/naturalpoland.com\/fr\/wp-json\/wp\/v2\/product_cat?post=11315"},{"taxonomy":"product_tag","embeddable":true,"href":"https:\/\/naturalpoland.com\/fr\/wp-json\/wp\/v2\/product_tag?post=11315"}],"curies":[{"name":"wp","href":"https:\/\/api.w.org\/{rel}","templated":true}]}}