{"id":11390,"date":"2021-05-11T13:47:00","date_gmt":"2021-05-11T11:47:00","guid":{"rendered":"https:\/\/naturalpoland.pl\/produkty\/non%20class\u00e9\/le-beurre-de-cacao\/"},"modified":"2025-07-21T12:47:29","modified_gmt":"2025-07-21T10:47:29","slug":"le-beurre-de-cacao","status":"publish","type":"product","link":"https:\/\/naturalpoland.com\/fr\/produkty\/produits-pour-lindustrie-cosmetique\/beurres-cosmetiques\/le-beurre-de-cacao\/","title":{"rendered":"Le beurre de cacao"},"content":{"rendered":"<h2>Composition du beurre de cacao<\/h2>\n<p>Le beurre contient des acides gras satur\u00e9s et insatur\u00e9s, tels que l&rsquo;acide ol\u00e9ique, st\u00e9arique et palmitique, qui font du beurre de cacao un excellent \u00e9mollient aux propri\u00e9t\u00e9s hydratantes et r\u00e9g\u00e9n\u00e9rantes. Gr\u00e2ce \u00e0 sa haute teneur en antioxydants naturels, notamment les polyph\u00e9nols et la vitamine E, il agit fortement comme antioxydant, retardant les processus de vieillissement de la peau en neutralisant les radicaux libres. <\/p>\n<h3>Teneur en acides gras<\/h3>\n<table>\n<tbody>\n<tr>\n<th>NOM DE L&rsquo;ACIDE<\/th>\n<th>CHA\u00ceNE C<\/th>\n<th>PLAGE (%)<\/th>\n<\/tr>\n<tr>\n<td>PALMITIQUE<\/td>\n<td>C16:0<\/td>\n<td>23,0 \u2013 30,0<\/td>\n<\/tr>\n<tr>\n<td>ST\u00c9ARIQUE<\/td>\n<td>C18:0<\/td>\n<td>30,0 \u2013 37,0<\/td>\n<\/tr>\n<tr>\n<td>OL\u00c9IQUE<\/td>\n<td>C18:1<\/td>\n<td>31,0 \u2013 39,0<\/td>\n<\/tr>\n<tr>\n<td>LINOL\u00c9IQUE<\/td>\n<td>C18:2<\/td>\n<td>1,5 \u2013 4,5<\/td>\n<\/tr>\n<\/tbody>\n<\/table>\n<p>&nbsp;<\/p>\n<h2>Propri\u00e9t\u00e9s et applications :<\/h2>\n<p><strong>dans l&rsquo;industrie cosm\u00e9tique :<\/strong><\/p>\n<p>L&rsquo;utilisation r\u00e9guli\u00e8re du beurre de cacao augmente l&rsquo;\u00e9lasticit\u00e9 de la peau, aide \u00e0 lutter contre les vergetures et les cicatrices, unifie le teint et prot\u00e8ge contre la perte d&rsquo;humidit\u00e9. En tant que cosm\u00e9tique, il est recommand\u00e9 pour les peaux s\u00e8ches, matures et ab\u00eem\u00e9es, avec des probl\u00e8mes comme l&rsquo;ecz\u00e9ma, le psoriasis ou les crevasses de l&rsquo;\u00e9piderme. <\/p>\n<p>Le beurre poss\u00e8de un filtre UV naturel (SPF environ 4), offrant ainsi une protection d\u00e9licate contre les rayons solaires. Il convient \u00e9galement comme produit pour les massages relaxants, aidant \u00e0 r\u00e9duire les tensions et le stress. <\/p>\n<p>Il peut \u00e9galement \u00eatre utilis\u00e9 dans les soins capillaires comme masque apportant douceur, \u00e9lasticit\u00e9 et brillance.<\/p>\n<p><strong>Dans l&rsquo;industrie alimentaire :<\/strong><\/p>\n<p>Le beurre de cacao, gr\u00e2ce \u00e0 son point de fusion bas (30-35 \u00b0C), convient parfaitement \u00e0 la production de chocolat, lui conf\u00e9rant un go\u00fbt riche et une consistance cr\u00e9meuse qui fond facilement en bouche.<\/p>\n<p>Il se caract\u00e9rise par une tr\u00e8s faible teneur en acides gras libres (0,5 %), une faible valeur de peroxyde (1,17 meq O2\/kg) et une humidit\u00e9 minimale (0,29 %). C&rsquo;est donc une graisse v\u00e9g\u00e9tale stable et durable, r\u00e9sistante au rancissement pendant une p\u00e9riode allant jusqu&rsquo;\u00e0 deux ans avec un stockage appropri\u00e9 dans un endroit sombre et frais. <\/p>\n","protected":false},"excerpt":{"rendered":"<p>Le beurre de cacao est produit par pressage \u00e0 froid des f\u00e8ves de cacaoyer (<em>Theobroma cacao<\/em>). Le beurre est connu pour son parfum caract\u00e9ristique et sucr\u00e9 et sa couleur jaune clair. <\/p>\n","protected":false},"featured_media":36140,"template":"","meta":[],"product_brand":[],"product_cat":[1306],"product_tag":[],"class_list":{"0":"post-11390","1":"product","2":"type-product","3":"status-publish","4":"has-post-thumbnail","6":"product_cat-beurres-cosmetiques","7":"pa_grupa-substancji-emollients-fr","9":"first","10":"instock","11":"shipping-taxable","12":"product-type-simple"},"yoast_head":"<!-- This site is optimized with the Yoast SEO plugin v27.3 - https:\/\/yoast.com\/product\/yoast-seo-wordpress\/ -->\n<title>Le beurre de cacao - NATURAL POLAND - Distributeur de mati\u00e8res premi\u00e8res en gros<\/title>\n<meta name=\"description\" content=\"Le beurre de cacao est un produit cosm\u00e9tique et alimentaire. Il a une teneur \u00e9lev\u00e9e en mati\u00e8res grasses, il fonctionne donc tr\u00e8s bien comme produit nourrissant et r\u00e9g\u00e9n\u00e9rant.\" \/>\n<meta name=\"robots\" content=\"index, follow, max-snippet:-1, max-image-preview:large, max-video-preview:-1\" \/>\n<link rel=\"canonical\" href=\"https:\/\/naturalpoland.com\/fr\/produkty\/produits-pour-lindustrie-cosmetique\/beurres-cosmetiques\/le-beurre-de-cacao\/\" \/>\n<meta property=\"og:locale\" content=\"fr_FR\" \/>\n<meta property=\"og:type\" content=\"article\" \/>\n<meta property=\"og:title\" content=\"Le beurre de cacao - NATURAL POLAND - Distributeur de mati\u00e8res premi\u00e8res en gros\" \/>\n<meta property=\"og:description\" content=\"Le beurre de cacao est un produit cosm\u00e9tique et alimentaire. Il a une teneur \u00e9lev\u00e9e en mati\u00e8res grasses, il fonctionne donc tr\u00e8s bien comme produit nourrissant et r\u00e9g\u00e9n\u00e9rant.\" \/>\n<meta property=\"og:url\" content=\"https:\/\/naturalpoland.com\/fr\/produkty\/produits-pour-lindustrie-cosmetique\/beurres-cosmetiques\/le-beurre-de-cacao\/\" \/>\n<meta property=\"og:site_name\" content=\"NATURAL POLAND - Distributeur de mati\u00e8res premi\u00e8res en gros\" \/>\n<meta property=\"article:publisher\" content=\"https:\/\/www.facebook.com\/naturalpoland.b2b\" \/>\n<meta property=\"article:modified_time\" content=\"2025-07-21T10:47:29+00:00\" \/>\n<meta property=\"og:image\" content=\"https:\/\/naturalpoland.com\/wp-content\/uploads\/maslo-kakaowe.webp\" \/>\n\t<meta property=\"og:image:width\" content=\"619\" \/>\n\t<meta property=\"og:image:height\" content=\"619\" \/>\n\t<meta property=\"og:image:type\" content=\"image\/webp\" \/>\n<script type=\"application\/ld+json\" class=\"yoast-schema-graph\">{\"@context\":\"https:\\\/\\\/schema.org\",\"@graph\":[{\"@type\":\"WebPage\",\"@id\":\"https:\\\/\\\/naturalpoland.com\\\/fr\\\/produkty\\\/produits-pour-lindustrie-cosmetique\\\/beurres-cosmetiques\\\/le-beurre-de-cacao\\\/\",\"url\":\"https:\\\/\\\/naturalpoland.com\\\/fr\\\/produkty\\\/produits-pour-lindustrie-cosmetique\\\/beurres-cosmetiques\\\/le-beurre-de-cacao\\\/\",\"name\":\"Le beurre de cacao - NATURAL POLAND - Distributeur de mati\u00e8res premi\u00e8res en gros\",\"isPartOf\":{\"@id\":\"https:\\\/\\\/naturalpoland.com\\\/fr\\\/#website\"},\"primaryImageOfPage\":{\"@id\":\"https:\\\/\\\/naturalpoland.com\\\/fr\\\/produkty\\\/produits-pour-lindustrie-cosmetique\\\/beurres-cosmetiques\\\/le-beurre-de-cacao\\\/#primaryimage\"},\"image\":{\"@id\":\"https:\\\/\\\/naturalpoland.com\\\/fr\\\/produkty\\\/produits-pour-lindustrie-cosmetique\\\/beurres-cosmetiques\\\/le-beurre-de-cacao\\\/#primaryimage\"},\"thumbnailUrl\":\"https:\\\/\\\/naturalpoland.com\\\/wp-content\\\/uploads\\\/maslo-kakaowe.webp\",\"datePublished\":\"2021-05-11T11:47:00+00:00\",\"dateModified\":\"2025-07-21T10:47:29+00:00\",\"description\":\"Le beurre de cacao est un produit cosm\u00e9tique et alimentaire. Il a une teneur \u00e9lev\u00e9e en mati\u00e8res grasses, il fonctionne donc tr\u00e8s bien comme produit nourrissant et r\u00e9g\u00e9n\u00e9rant.\",\"breadcrumb\":{\"@id\":\"https:\\\/\\\/naturalpoland.com\\\/fr\\\/produkty\\\/produits-pour-lindustrie-cosmetique\\\/beurres-cosmetiques\\\/le-beurre-de-cacao\\\/#breadcrumb\"},\"inLanguage\":\"fr-FR\",\"potentialAction\":[{\"@type\":\"ReadAction\",\"target\":[\"https:\\\/\\\/naturalpoland.com\\\/fr\\\/produkty\\\/produits-pour-lindustrie-cosmetique\\\/beurres-cosmetiques\\\/le-beurre-de-cacao\\\/\"]}]},{\"@type\":\"ImageObject\",\"inLanguage\":\"fr-FR\",\"@id\":\"https:\\\/\\\/naturalpoland.com\\\/fr\\\/produkty\\\/produits-pour-lindustrie-cosmetique\\\/beurres-cosmetiques\\\/le-beurre-de-cacao\\\/#primaryimage\",\"url\":\"https:\\\/\\\/naturalpoland.com\\\/wp-content\\\/uploads\\\/maslo-kakaowe.webp\",\"contentUrl\":\"https:\\\/\\\/naturalpoland.com\\\/wp-content\\\/uploads\\\/maslo-kakaowe.webp\",\"width\":619,\"height\":619,\"caption\":\"mas\u0142o kakaowe\"},{\"@type\":\"BreadcrumbList\",\"@id\":\"https:\\\/\\\/naturalpoland.com\\\/fr\\\/produkty\\\/produits-pour-lindustrie-cosmetique\\\/beurres-cosmetiques\\\/le-beurre-de-cacao\\\/#breadcrumb\",\"itemListElement\":[{\"@type\":\"ListItem\",\"position\":1,\"name\":\"Accueil\",\"item\":\"https:\\\/\\\/naturalpoland.com\\\/fr\\\/\"},{\"@type\":\"ListItem\",\"position\":2,\"name\":\"Produits\",\"item\":\"https:\\\/\\\/naturalpoland.com\\\/fr\\\/produits\\\/\"},{\"@type\":\"ListItem\",\"position\":3,\"name\":\"Le beurre de cacao\"}]},{\"@type\":\"WebSite\",\"@id\":\"https:\\\/\\\/naturalpoland.com\\\/fr\\\/#website\",\"url\":\"https:\\\/\\\/naturalpoland.com\\\/fr\\\/\",\"name\":\"NATURAL POLAND - Distributeur de mati\u00e8res premi\u00e8res en gros\",\"description\":\"Surowce dla przemys\u0142u spo\u017cywczego, kosmetycznego i farmaceutycznego\",\"publisher\":{\"@id\":\"https:\\\/\\\/naturalpoland.com\\\/fr\\\/#organization\"},\"potentialAction\":[{\"@type\":\"SearchAction\",\"target\":{\"@type\":\"EntryPoint\",\"urlTemplate\":\"https:\\\/\\\/naturalpoland.com\\\/fr\\\/?s={search_term_string}\"},\"query-input\":{\"@type\":\"PropertyValueSpecification\",\"valueRequired\":true,\"valueName\":\"search_term_string\"}}],\"inLanguage\":\"fr-FR\"},{\"@type\":\"Organization\",\"@id\":\"https:\\\/\\\/naturalpoland.com\\\/fr\\\/#organization\",\"name\":\"Natural Poland\",\"url\":\"https:\\\/\\\/naturalpoland.com\\\/fr\\\/\",\"logo\":{\"@type\":\"ImageObject\",\"inLanguage\":\"fr-FR\",\"@id\":\"https:\\\/\\\/naturalpoland.com\\\/fr\\\/#\\\/schema\\\/logo\\\/image\\\/\",\"url\":\"https:\\\/\\\/naturalpoland.com\\\/wp-content\\\/uploads\\\/2021\\\/05\\\/natural-poland-icon.png\",\"contentUrl\":\"https:\\\/\\\/naturalpoland.com\\\/wp-content\\\/uploads\\\/2021\\\/05\\\/natural-poland-icon.png\",\"width\":512,\"height\":512,\"caption\":\"Natural Poland\"},\"image\":{\"@id\":\"https:\\\/\\\/naturalpoland.com\\\/fr\\\/#\\\/schema\\\/logo\\\/image\\\/\"},\"sameAs\":[\"https:\\\/\\\/www.facebook.com\\\/naturalpoland.b2b\",\"https:\\\/\\\/pl.linkedin.com\\\/company\\\/natural-poland\",\"https:\\\/\\\/www.youtube.com\\\/channel\\\/UCgeGGkvOMahZo-xu_MSEWxg\"]}]}<\/script>\n<!-- \/ Yoast SEO plugin. -->","yoast_head_json":{"title":"Le beurre de cacao - NATURAL POLAND - Distributeur de mati\u00e8res premi\u00e8res en gros","description":"Le beurre de cacao est un produit cosm\u00e9tique et alimentaire. Il a une teneur \u00e9lev\u00e9e en mati\u00e8res grasses, il fonctionne donc tr\u00e8s bien comme produit nourrissant et r\u00e9g\u00e9n\u00e9rant.","robots":{"index":"index","follow":"follow","max-snippet":"max-snippet:-1","max-image-preview":"max-image-preview:large","max-video-preview":"max-video-preview:-1"},"canonical":"https:\/\/naturalpoland.com\/fr\/produkty\/produits-pour-lindustrie-cosmetique\/beurres-cosmetiques\/le-beurre-de-cacao\/","og_locale":"fr_FR","og_type":"article","og_title":"Le beurre de cacao - NATURAL POLAND - Distributeur de mati\u00e8res premi\u00e8res en gros","og_description":"Le beurre de cacao est un produit cosm\u00e9tique et alimentaire. Il a une teneur \u00e9lev\u00e9e en mati\u00e8res grasses, il fonctionne donc tr\u00e8s bien comme produit nourrissant et r\u00e9g\u00e9n\u00e9rant.","og_url":"https:\/\/naturalpoland.com\/fr\/produkty\/produits-pour-lindustrie-cosmetique\/beurres-cosmetiques\/le-beurre-de-cacao\/","og_site_name":"NATURAL POLAND - Distributeur de mati\u00e8res premi\u00e8res en gros","article_publisher":"https:\/\/www.facebook.com\/naturalpoland.b2b","article_modified_time":"2025-07-21T10:47:29+00:00","og_image":[{"width":619,"height":619,"url":"https:\/\/naturalpoland.com\/wp-content\/uploads\/maslo-kakaowe.webp","type":"image\/webp"}],"schema":{"@context":"https:\/\/schema.org","@graph":[{"@type":"WebPage","@id":"https:\/\/naturalpoland.com\/fr\/produkty\/produits-pour-lindustrie-cosmetique\/beurres-cosmetiques\/le-beurre-de-cacao\/","url":"https:\/\/naturalpoland.com\/fr\/produkty\/produits-pour-lindustrie-cosmetique\/beurres-cosmetiques\/le-beurre-de-cacao\/","name":"Le beurre de cacao - NATURAL POLAND - Distributeur de mati\u00e8res premi\u00e8res en gros","isPartOf":{"@id":"https:\/\/naturalpoland.com\/fr\/#website"},"primaryImageOfPage":{"@id":"https:\/\/naturalpoland.com\/fr\/produkty\/produits-pour-lindustrie-cosmetique\/beurres-cosmetiques\/le-beurre-de-cacao\/#primaryimage"},"image":{"@id":"https:\/\/naturalpoland.com\/fr\/produkty\/produits-pour-lindustrie-cosmetique\/beurres-cosmetiques\/le-beurre-de-cacao\/#primaryimage"},"thumbnailUrl":"https:\/\/naturalpoland.com\/wp-content\/uploads\/maslo-kakaowe.webp","datePublished":"2021-05-11T11:47:00+00:00","dateModified":"2025-07-21T10:47:29+00:00","description":"Le beurre de cacao est un produit cosm\u00e9tique et alimentaire. Il a une teneur \u00e9lev\u00e9e en mati\u00e8res grasses, il fonctionne donc tr\u00e8s bien comme produit nourrissant et r\u00e9g\u00e9n\u00e9rant.","breadcrumb":{"@id":"https:\/\/naturalpoland.com\/fr\/produkty\/produits-pour-lindustrie-cosmetique\/beurres-cosmetiques\/le-beurre-de-cacao\/#breadcrumb"},"inLanguage":"fr-FR","potentialAction":[{"@type":"ReadAction","target":["https:\/\/naturalpoland.com\/fr\/produkty\/produits-pour-lindustrie-cosmetique\/beurres-cosmetiques\/le-beurre-de-cacao\/"]}]},{"@type":"ImageObject","inLanguage":"fr-FR","@id":"https:\/\/naturalpoland.com\/fr\/produkty\/produits-pour-lindustrie-cosmetique\/beurres-cosmetiques\/le-beurre-de-cacao\/#primaryimage","url":"https:\/\/naturalpoland.com\/wp-content\/uploads\/maslo-kakaowe.webp","contentUrl":"https:\/\/naturalpoland.com\/wp-content\/uploads\/maslo-kakaowe.webp","width":619,"height":619,"caption":"mas\u0142o kakaowe"},{"@type":"BreadcrumbList","@id":"https:\/\/naturalpoland.com\/fr\/produkty\/produits-pour-lindustrie-cosmetique\/beurres-cosmetiques\/le-beurre-de-cacao\/#breadcrumb","itemListElement":[{"@type":"ListItem","position":1,"name":"Accueil","item":"https:\/\/naturalpoland.com\/fr\/"},{"@type":"ListItem","position":2,"name":"Produits","item":"https:\/\/naturalpoland.com\/fr\/produits\/"},{"@type":"ListItem","position":3,"name":"Le beurre de cacao"}]},{"@type":"WebSite","@id":"https:\/\/naturalpoland.com\/fr\/#website","url":"https:\/\/naturalpoland.com\/fr\/","name":"NATURAL POLAND - Distributeur de mati\u00e8res premi\u00e8res en gros","description":"Surowce dla przemys\u0142u spo\u017cywczego, kosmetycznego i farmaceutycznego","publisher":{"@id":"https:\/\/naturalpoland.com\/fr\/#organization"},"potentialAction":[{"@type":"SearchAction","target":{"@type":"EntryPoint","urlTemplate":"https:\/\/naturalpoland.com\/fr\/?s={search_term_string}"},"query-input":{"@type":"PropertyValueSpecification","valueRequired":true,"valueName":"search_term_string"}}],"inLanguage":"fr-FR"},{"@type":"Organization","@id":"https:\/\/naturalpoland.com\/fr\/#organization","name":"Natural Poland","url":"https:\/\/naturalpoland.com\/fr\/","logo":{"@type":"ImageObject","inLanguage":"fr-FR","@id":"https:\/\/naturalpoland.com\/fr\/#\/schema\/logo\/image\/","url":"https:\/\/naturalpoland.com\/wp-content\/uploads\/2021\/05\/natural-poland-icon.png","contentUrl":"https:\/\/naturalpoland.com\/wp-content\/uploads\/2021\/05\/natural-poland-icon.png","width":512,"height":512,"caption":"Natural Poland"},"image":{"@id":"https:\/\/naturalpoland.com\/fr\/#\/schema\/logo\/image\/"},"sameAs":["https:\/\/www.facebook.com\/naturalpoland.b2b","https:\/\/pl.linkedin.com\/company\/natural-poland","https:\/\/www.youtube.com\/channel\/UCgeGGkvOMahZo-xu_MSEWxg"]}]}},"_links":{"self":[{"href":"https:\/\/naturalpoland.com\/fr\/wp-json\/wp\/v2\/product\/11390","targetHints":{"allow":["GET"]}}],"collection":[{"href":"https:\/\/naturalpoland.com\/fr\/wp-json\/wp\/v2\/product"}],"about":[{"href":"https:\/\/naturalpoland.com\/fr\/wp-json\/wp\/v2\/types\/product"}],"wp:featuredmedia":[{"embeddable":true,"href":"https:\/\/naturalpoland.com\/fr\/wp-json\/wp\/v2\/media\/36140"}],"wp:attachment":[{"href":"https:\/\/naturalpoland.com\/fr\/wp-json\/wp\/v2\/media?parent=11390"}],"wp:term":[{"taxonomy":"product_brand","embeddable":true,"href":"https:\/\/naturalpoland.com\/fr\/wp-json\/wp\/v2\/product_brand?post=11390"},{"taxonomy":"product_cat","embeddable":true,"href":"https:\/\/naturalpoland.com\/fr\/wp-json\/wp\/v2\/product_cat?post=11390"},{"taxonomy":"product_tag","embeddable":true,"href":"https:\/\/naturalpoland.com\/fr\/wp-json\/wp\/v2\/product_tag?post=11390"}],"curies":[{"name":"wp","href":"https:\/\/api.w.org\/{rel}","templated":true}]}}