{"id":11407,"date":"2021-05-11T13:47:23","date_gmt":"2021-05-11T11:47:23","guid":{"rendered":"https:\/\/naturalpoland.pl\/produkty\/non%20class\u00e9\/beurre-de-karite-beurre-de-karite\/"},"modified":"2025-07-21T12:49:18","modified_gmt":"2025-07-21T10:49:18","slug":"beurre-karite","status":"publish","type":"product","link":"https:\/\/naturalpoland.com\/fr\/produkty\/produits-pour-lindustrie-cosmetique\/beurres-cosmetiques\/beurre-karite\/","title":{"rendered":"Beurre de Karit\u00e9 (Beurre de Karit\u00e9)"},"content":{"rendered":"<p><strong>Beurre de Karit\u00e9 (Beurre de Karit\u00e9)<\/strong> a un large \u00e9ventail d&rsquo;utilisations. L&rsquo;un d&rsquo;eux est de prot\u00e9ger la peau contre les intemp\u00e9ries et d&rsquo;apaiser les irritations.<\/p>\n<p>Le beurre de karit\u00e9 peut \u00eatre utilis\u00e9 comme ingr\u00e9dient dans les cosm\u00e9tiques pour le visage et le corps, les soins des l\u00e8vres et les cosm\u00e9tiques hydratants et les produits capillaires. Ce produit est \u00e9galement utilis\u00e9 dans la fabrication de cr\u00e8mes nettoyantes pour peaux tr\u00e8s sensibles.<\/p>\n<h3>Teneur en acides gras<\/h3>\n<p>&nbsp;<\/p>\n<table>\n<tbody>\n<tr>\n<th>NOM DE L&rsquo;ACIDE<\/th>\n<th>CHA\u00ceNE C<\/th>\n<th>PLAGE (%)<\/th>\n<\/tr>\n<tr>\n<td>PALMITIQUE<\/td>\n<td>C16:0<\/td>\n<td>2,0 \u2013 6,0<\/td>\n<\/tr>\n<tr>\n<td>ST\u00c9ARIQUE<\/td>\n<td>C18:0<\/td>\n<td>38,0 \u2013 47,0<\/td>\n<\/tr>\n<tr>\n<td>OL\u00c9IQUE<\/td>\n<td>C18:1<\/td>\n<td>42,0 \u2013 49,0<\/td>\n<\/tr>\n<tr>\n<td>LINOL\u00c9IQUE<\/td>\n<td>C18:2<\/td>\n<td>4,0 \u2013 8,0<\/td>\n<\/tr>\n<tr>\n<td>LINOL\u00c9NIQUE<\/td>\n<td>C18:3<\/td>\n<td>&lt;1,0<\/td>\n<\/tr>\n<tr>\n<td>ARACHIDIQUE<\/td>\n<td>C20:0<\/td>\n<td>1,0 \u2013 2,0<\/td>\n<\/tr>\n<tr>\n<td>GADOL\u00c9IQUE<\/td>\n<td>C20:1<\/td>\n<td>&lt;1,0<\/td>\n<\/tr>\n<tr>\n<td>B\u00c9H\u00c9NIQUE<\/td>\n<td>C22:0<\/td>\n<td>&lt;1,0<\/td>\n<\/tr>\n<tr>\n<td>LIGNOC\u00c9RIQUE<\/td>\n<td>C24:0<\/td>\n<td>&lt;1,0<\/td>\n<\/tr>\n<\/tbody>\n<\/table>\n","protected":false},"excerpt":{"rendered":"<p>Beurre de karit\u00e9 pur et sain \u00e0 usage cosm\u00e9tique. A<strong> Frais<\/strong> et<strong> composition originale,<\/strong> qui garantit une teneur \u00e9lev\u00e9e en vitamines A et E responsables de retarder le processus de vieillissement de la peau. Le beurre de karit\u00e9 de notre offre a la bonne odeur, la bonne couleur et la bonne texture car<strong> il n&rsquo;est pas dilu\u00e9 avec d&rsquo;autres huiles<\/strong> .  <\/p>\n","protected":false},"featured_media":15283,"template":"","meta":{"_acf_changed":false},"product_brand":[],"product_cat":[1306],"product_tag":[],"class_list":{"0":"post-11407","1":"product","2":"type-product","3":"status-publish","4":"has-post-thumbnail","6":"product_cat-beurres-cosmetiques","7":"pa_grupa-substancji-emollients-fr","8":"pa_metoda-pozyskiwania-tourteau-presse","10":"first","11":"instock","12":"shipping-taxable","13":"product-type-simple"},"acf":[],"yoast_head":"<!-- This site is optimized with the Yoast SEO plugin v27.6 - https:\/\/yoast.com\/product\/yoast-seo-wordpress\/ -->\n<title>Beurre de Karit\u00e9 (Beurre de Karit\u00e9) - Distributeur en gros<\/title>\n<meta name=\"description\" content=\"Beurre de karit\u00e9 pur et de qualit\u00e9 sup\u00e9rieure destin\u00e9 \u00e0 un usage cosm\u00e9tique. Sa fra\u00eecheur garantit une teneur \u00e9lev\u00e9e en vitamines A et E.\" \/>\n<meta name=\"robots\" content=\"index, follow, max-snippet:-1, max-image-preview:large, max-video-preview:-1\" \/>\n<link rel=\"canonical\" href=\"https:\/\/naturalpoland.com\/fr\/produkty\/produits-pour-lindustrie-cosmetique\/beurres-cosmetiques\/beurre-karite\/\" \/>\n<meta property=\"og:locale\" content=\"fr_FR\" \/>\n<meta property=\"og:type\" content=\"article\" \/>\n<meta property=\"og:title\" content=\"Beurre de Karit\u00e9 (Beurre de Karit\u00e9) - Distributeur en gros\" \/>\n<meta property=\"og:description\" content=\"Beurre de karit\u00e9 pur et de qualit\u00e9 sup\u00e9rieure destin\u00e9 \u00e0 un usage cosm\u00e9tique. Sa fra\u00eecheur garantit une teneur \u00e9lev\u00e9e en vitamines A et E.\" \/>\n<meta property=\"og:url\" content=\"https:\/\/naturalpoland.com\/fr\/produkty\/produits-pour-lindustrie-cosmetique\/beurres-cosmetiques\/beurre-karite\/\" \/>\n<meta property=\"og:site_name\" content=\"NATURAL POLAND - Distributeur de mati\u00e8res premi\u00e8res en gros\" \/>\n<meta property=\"article:publisher\" content=\"https:\/\/www.facebook.com\/naturalpoland.b2b\" \/>\n<meta property=\"article:modified_time\" content=\"2025-07-21T10:49:18+00:00\" \/>\n<meta property=\"og:image\" content=\"https:\/\/naturalpoland.com\/wp-content\/uploads\/maslo-shea.jpg\" \/>\n\t<meta property=\"og:image:width\" content=\"650\" \/>\n\t<meta property=\"og:image:height\" content=\"650\" \/>\n\t<meta property=\"og:image:type\" content=\"image\/jpeg\" \/>\n<script type=\"application\/ld+json\" class=\"yoast-schema-graph\">{\"@context\":\"https:\\\/\\\/schema.org\",\"@graph\":[{\"@type\":\"WebPage\",\"@id\":\"https:\\\/\\\/naturalpoland.com\\\/fr\\\/produkty\\\/produits-pour-lindustrie-cosmetique\\\/beurres-cosmetiques\\\/beurre-karite\\\/\",\"url\":\"https:\\\/\\\/naturalpoland.com\\\/fr\\\/produkty\\\/produits-pour-lindustrie-cosmetique\\\/beurres-cosmetiques\\\/beurre-karite\\\/\",\"name\":\"Beurre de Karit\u00e9 (Beurre de Karit\u00e9) - Distributeur en gros\",\"isPartOf\":{\"@id\":\"https:\\\/\\\/naturalpoland.com\\\/fr\\\/#website\"},\"primaryImageOfPage\":{\"@id\":\"https:\\\/\\\/naturalpoland.com\\\/fr\\\/produkty\\\/produits-pour-lindustrie-cosmetique\\\/beurres-cosmetiques\\\/beurre-karite\\\/#primaryimage\"},\"image\":{\"@id\":\"https:\\\/\\\/naturalpoland.com\\\/fr\\\/produkty\\\/produits-pour-lindustrie-cosmetique\\\/beurres-cosmetiques\\\/beurre-karite\\\/#primaryimage\"},\"thumbnailUrl\":\"https:\\\/\\\/naturalpoland.com\\\/wp-content\\\/uploads\\\/maslo-shea.jpg\",\"datePublished\":\"2021-05-11T11:47:23+00:00\",\"dateModified\":\"2025-07-21T10:49:18+00:00\",\"description\":\"Beurre de karit\u00e9 pur et de qualit\u00e9 sup\u00e9rieure destin\u00e9 \u00e0 un usage cosm\u00e9tique. Sa fra\u00eecheur garantit une teneur \u00e9lev\u00e9e en vitamines A et E.\",\"breadcrumb\":{\"@id\":\"https:\\\/\\\/naturalpoland.com\\\/fr\\\/produkty\\\/produits-pour-lindustrie-cosmetique\\\/beurres-cosmetiques\\\/beurre-karite\\\/#breadcrumb\"},\"inLanguage\":\"fr-FR\",\"potentialAction\":[{\"@type\":\"ReadAction\",\"target\":[\"https:\\\/\\\/naturalpoland.com\\\/fr\\\/produkty\\\/produits-pour-lindustrie-cosmetique\\\/beurres-cosmetiques\\\/beurre-karite\\\/\"]}]},{\"@type\":\"ImageObject\",\"inLanguage\":\"fr-FR\",\"@id\":\"https:\\\/\\\/naturalpoland.com\\\/fr\\\/produkty\\\/produits-pour-lindustrie-cosmetique\\\/beurres-cosmetiques\\\/beurre-karite\\\/#primaryimage\",\"url\":\"https:\\\/\\\/naturalpoland.com\\\/wp-content\\\/uploads\\\/maslo-shea.jpg\",\"contentUrl\":\"https:\\\/\\\/naturalpoland.com\\\/wp-content\\\/uploads\\\/maslo-shea.jpg\",\"width\":650,\"height\":650,\"caption\":\"mas\u0142o shea\"},{\"@type\":\"BreadcrumbList\",\"@id\":\"https:\\\/\\\/naturalpoland.com\\\/fr\\\/produkty\\\/produits-pour-lindustrie-cosmetique\\\/beurres-cosmetiques\\\/beurre-karite\\\/#breadcrumb\",\"itemListElement\":[{\"@type\":\"ListItem\",\"position\":1,\"name\":\"Accueil\",\"item\":\"https:\\\/\\\/naturalpoland.com\\\/fr\\\/\"},{\"@type\":\"ListItem\",\"position\":2,\"name\":\"Produits\",\"item\":\"https:\\\/\\\/naturalpoland.com\\\/fr\\\/produits\\\/\"},{\"@type\":\"ListItem\",\"position\":3,\"name\":\"Beurre de Karit\u00e9 (Beurre de Karit\u00e9)\"}]},{\"@type\":\"WebSite\",\"@id\":\"https:\\\/\\\/naturalpoland.com\\\/fr\\\/#website\",\"url\":\"https:\\\/\\\/naturalpoland.com\\\/fr\\\/\",\"name\":\"NATURAL POLAND - Distributeur de mati\u00e8res premi\u00e8res en gros\",\"description\":\"Surowce dla przemys\u0142u spo\u017cywczego, kosmetycznego i farmaceutycznego\",\"publisher\":{\"@id\":\"https:\\\/\\\/naturalpoland.com\\\/fr\\\/#organization\"},\"potentialAction\":[{\"@type\":\"SearchAction\",\"target\":{\"@type\":\"EntryPoint\",\"urlTemplate\":\"https:\\\/\\\/naturalpoland.com\\\/fr\\\/?s={search_term_string}\"},\"query-input\":{\"@type\":\"PropertyValueSpecification\",\"valueRequired\":true,\"valueName\":\"search_term_string\"}}],\"inLanguage\":\"fr-FR\"},{\"@type\":\"Organization\",\"@id\":\"https:\\\/\\\/naturalpoland.com\\\/fr\\\/#organization\",\"name\":\"Natural Poland\",\"url\":\"https:\\\/\\\/naturalpoland.com\\\/fr\\\/\",\"logo\":{\"@type\":\"ImageObject\",\"inLanguage\":\"fr-FR\",\"@id\":\"https:\\\/\\\/naturalpoland.com\\\/fr\\\/#\\\/schema\\\/logo\\\/image\\\/\",\"url\":\"https:\\\/\\\/naturalpoland.com\\\/wp-content\\\/uploads\\\/2021\\\/05\\\/natural-poland-icon.png\",\"contentUrl\":\"https:\\\/\\\/naturalpoland.com\\\/wp-content\\\/uploads\\\/2021\\\/05\\\/natural-poland-icon.png\",\"width\":512,\"height\":512,\"caption\":\"Natural Poland\"},\"image\":{\"@id\":\"https:\\\/\\\/naturalpoland.com\\\/fr\\\/#\\\/schema\\\/logo\\\/image\\\/\"},\"sameAs\":[\"https:\\\/\\\/www.facebook.com\\\/naturalpoland.b2b\",\"https:\\\/\\\/pl.linkedin.com\\\/company\\\/natural-poland\",\"https:\\\/\\\/www.youtube.com\\\/channel\\\/UCgeGGkvOMahZo-xu_MSEWxg\"]}]}<\/script>\n<!-- \/ Yoast SEO plugin. -->","yoast_head_json":{"title":"Beurre de Karit\u00e9 (Beurre de Karit\u00e9) - Distributeur en gros","description":"Beurre de karit\u00e9 pur et de qualit\u00e9 sup\u00e9rieure destin\u00e9 \u00e0 un usage cosm\u00e9tique. Sa fra\u00eecheur garantit une teneur \u00e9lev\u00e9e en vitamines A et E.","robots":{"index":"index","follow":"follow","max-snippet":"max-snippet:-1","max-image-preview":"max-image-preview:large","max-video-preview":"max-video-preview:-1"},"canonical":"https:\/\/naturalpoland.com\/fr\/produkty\/produits-pour-lindustrie-cosmetique\/beurres-cosmetiques\/beurre-karite\/","og_locale":"fr_FR","og_type":"article","og_title":"Beurre de Karit\u00e9 (Beurre de Karit\u00e9) - Distributeur en gros","og_description":"Beurre de karit\u00e9 pur et de qualit\u00e9 sup\u00e9rieure destin\u00e9 \u00e0 un usage cosm\u00e9tique. Sa fra\u00eecheur garantit une teneur \u00e9lev\u00e9e en vitamines A et E.","og_url":"https:\/\/naturalpoland.com\/fr\/produkty\/produits-pour-lindustrie-cosmetique\/beurres-cosmetiques\/beurre-karite\/","og_site_name":"NATURAL POLAND - Distributeur de mati\u00e8res premi\u00e8res en gros","article_publisher":"https:\/\/www.facebook.com\/naturalpoland.b2b","article_modified_time":"2025-07-21T10:49:18+00:00","og_image":[{"width":650,"height":650,"url":"https:\/\/naturalpoland.com\/wp-content\/uploads\/maslo-shea.jpg","type":"image\/jpeg"}],"schema":{"@context":"https:\/\/schema.org","@graph":[{"@type":"WebPage","@id":"https:\/\/naturalpoland.com\/fr\/produkty\/produits-pour-lindustrie-cosmetique\/beurres-cosmetiques\/beurre-karite\/","url":"https:\/\/naturalpoland.com\/fr\/produkty\/produits-pour-lindustrie-cosmetique\/beurres-cosmetiques\/beurre-karite\/","name":"Beurre de Karit\u00e9 (Beurre de Karit\u00e9) - Distributeur en gros","isPartOf":{"@id":"https:\/\/naturalpoland.com\/fr\/#website"},"primaryImageOfPage":{"@id":"https:\/\/naturalpoland.com\/fr\/produkty\/produits-pour-lindustrie-cosmetique\/beurres-cosmetiques\/beurre-karite\/#primaryimage"},"image":{"@id":"https:\/\/naturalpoland.com\/fr\/produkty\/produits-pour-lindustrie-cosmetique\/beurres-cosmetiques\/beurre-karite\/#primaryimage"},"thumbnailUrl":"https:\/\/naturalpoland.com\/wp-content\/uploads\/maslo-shea.jpg","datePublished":"2021-05-11T11:47:23+00:00","dateModified":"2025-07-21T10:49:18+00:00","description":"Beurre de karit\u00e9 pur et de qualit\u00e9 sup\u00e9rieure destin\u00e9 \u00e0 un usage cosm\u00e9tique. Sa fra\u00eecheur garantit une teneur \u00e9lev\u00e9e en vitamines A et E.","breadcrumb":{"@id":"https:\/\/naturalpoland.com\/fr\/produkty\/produits-pour-lindustrie-cosmetique\/beurres-cosmetiques\/beurre-karite\/#breadcrumb"},"inLanguage":"fr-FR","potentialAction":[{"@type":"ReadAction","target":["https:\/\/naturalpoland.com\/fr\/produkty\/produits-pour-lindustrie-cosmetique\/beurres-cosmetiques\/beurre-karite\/"]}]},{"@type":"ImageObject","inLanguage":"fr-FR","@id":"https:\/\/naturalpoland.com\/fr\/produkty\/produits-pour-lindustrie-cosmetique\/beurres-cosmetiques\/beurre-karite\/#primaryimage","url":"https:\/\/naturalpoland.com\/wp-content\/uploads\/maslo-shea.jpg","contentUrl":"https:\/\/naturalpoland.com\/wp-content\/uploads\/maslo-shea.jpg","width":650,"height":650,"caption":"mas\u0142o shea"},{"@type":"BreadcrumbList","@id":"https:\/\/naturalpoland.com\/fr\/produkty\/produits-pour-lindustrie-cosmetique\/beurres-cosmetiques\/beurre-karite\/#breadcrumb","itemListElement":[{"@type":"ListItem","position":1,"name":"Accueil","item":"https:\/\/naturalpoland.com\/fr\/"},{"@type":"ListItem","position":2,"name":"Produits","item":"https:\/\/naturalpoland.com\/fr\/produits\/"},{"@type":"ListItem","position":3,"name":"Beurre de Karit\u00e9 (Beurre de Karit\u00e9)"}]},{"@type":"WebSite","@id":"https:\/\/naturalpoland.com\/fr\/#website","url":"https:\/\/naturalpoland.com\/fr\/","name":"NATURAL POLAND - Distributeur de mati\u00e8res premi\u00e8res en gros","description":"Surowce dla przemys\u0142u spo\u017cywczego, kosmetycznego i farmaceutycznego","publisher":{"@id":"https:\/\/naturalpoland.com\/fr\/#organization"},"potentialAction":[{"@type":"SearchAction","target":{"@type":"EntryPoint","urlTemplate":"https:\/\/naturalpoland.com\/fr\/?s={search_term_string}"},"query-input":{"@type":"PropertyValueSpecification","valueRequired":true,"valueName":"search_term_string"}}],"inLanguage":"fr-FR"},{"@type":"Organization","@id":"https:\/\/naturalpoland.com\/fr\/#organization","name":"Natural Poland","url":"https:\/\/naturalpoland.com\/fr\/","logo":{"@type":"ImageObject","inLanguage":"fr-FR","@id":"https:\/\/naturalpoland.com\/fr\/#\/schema\/logo\/image\/","url":"https:\/\/naturalpoland.com\/wp-content\/uploads\/2021\/05\/natural-poland-icon.png","contentUrl":"https:\/\/naturalpoland.com\/wp-content\/uploads\/2021\/05\/natural-poland-icon.png","width":512,"height":512,"caption":"Natural Poland"},"image":{"@id":"https:\/\/naturalpoland.com\/fr\/#\/schema\/logo\/image\/"},"sameAs":["https:\/\/www.facebook.com\/naturalpoland.b2b","https:\/\/pl.linkedin.com\/company\/natural-poland","https:\/\/www.youtube.com\/channel\/UCgeGGkvOMahZo-xu_MSEWxg"]}]}},"_links":{"self":[{"href":"https:\/\/naturalpoland.com\/fr\/wp-json\/wp\/v2\/product\/11407","targetHints":{"allow":["GET"]}}],"collection":[{"href":"https:\/\/naturalpoland.com\/fr\/wp-json\/wp\/v2\/product"}],"about":[{"href":"https:\/\/naturalpoland.com\/fr\/wp-json\/wp\/v2\/types\/product"}],"wp:featuredmedia":[{"embeddable":true,"href":"https:\/\/naturalpoland.com\/fr\/wp-json\/wp\/v2\/media\/15283"}],"wp:attachment":[{"href":"https:\/\/naturalpoland.com\/fr\/wp-json\/wp\/v2\/media?parent=11407"}],"wp:term":[{"taxonomy":"product_brand","embeddable":true,"href":"https:\/\/naturalpoland.com\/fr\/wp-json\/wp\/v2\/product_brand?post=11407"},{"taxonomy":"product_cat","embeddable":true,"href":"https:\/\/naturalpoland.com\/fr\/wp-json\/wp\/v2\/product_cat?post=11407"},{"taxonomy":"product_tag","embeddable":true,"href":"https:\/\/naturalpoland.com\/fr\/wp-json\/wp\/v2\/product_tag?post=11407"}],"curies":[{"name":"wp","href":"https:\/\/api.w.org\/{rel}","templated":true}]}}