{"id":11784,"date":"2021-05-11T13:58:31","date_gmt":"2021-09-21T12:23:01","guid":{"rendered":"https:\/\/naturalpoland.pl\/produkty\/non class\u00e9\/cire-dabeille\/"},"modified":"2021-09-21T14:23:01","modified_gmt":"2021-09-21T12:23:01","slug":"cire-dabeille","status":"publish","type":"product","link":"https:\/\/naturalpoland.com\/fr\/produkty\/cires\/cire-dabeille\/","title":{"rendered":"cire d&rsquo;abeille"},"content":{"rendered":"<p>La cire d&rsquo;abeille est utilis\u00e9e de diff\u00e9rentes mani\u00e8res. C&rsquo;est un composant de m\u00e9dicaments (ex. pastilles pour la gorge qui apaisent les irritations), cr\u00e8mes, onguents, lotions, rouges \u00e0 l\u00e8vres et mascaras. Il est utilis\u00e9 comme \u00e9mulsifiant dans la production de beaucoup d&rsquo;entre eux, car il facilite la combinaison des ingr\u00e9dients individuels du cosm\u00e9tique. C&rsquo;est \u00e9galement un ingr\u00e9dient important dans les bougies d&rsquo;aromath\u00e9rapie.<\/p>\n","protected":false},"excerpt":{"rendered":"<p>La cire d&rsquo;abeille est un sous-produit de la production de miel. Il est utilis\u00e9 depuis tr\u00e8s longtemps en cosm\u00e9tique et en m\u00e9decine. La composition riche du produit assure une r\u00e9g\u00e9n\u00e9ration profonde de la peau et des cheveux. Il peut \u00e9galement am\u00e9liorer l&rsquo;immunit\u00e9 du corps et prot\u00e9ger contre les infections, et m\u00eame soutenir leur traitement.<\/p>\n","protected":false},"featured_media":33641,"template":"","meta":[],"product_brand":[],"product_cat":[1315],"product_tag":[],"class_list":{"0":"post-11784","1":"product","2":"type-product","3":"status-publish","4":"has-post-thumbnail","6":"product_cat-cires","7":"pa_grupa-substancji-emollients-fr","9":"first","10":"instock","11":"shipping-taxable","12":"product-type-simple"},"yoast_head":"<!-- This site is optimized with the Yoast SEO plugin v27.3 - https:\/\/yoast.com\/product\/yoast-seo-wordpress\/ -->\n<title>cire d&#039;abeille - Distributeur en gros<\/title>\n<meta name=\"robots\" content=\"index, follow, max-snippet:-1, max-image-preview:large, max-video-preview:-1\" \/>\n<link rel=\"canonical\" href=\"https:\/\/naturalpoland.com\/fr\/produkty\/cires\/cire-dabeille\/\" \/>\n<meta property=\"og:locale\" content=\"fr_FR\" \/>\n<meta property=\"og:type\" content=\"article\" \/>\n<meta property=\"og:title\" content=\"cire d&#039;abeille - Distributeur en gros\" \/>\n<meta property=\"og:description\" content=\"La cire d&#039;abeille est un sous-produit de la production de miel. Il est utilis\u00e9 depuis tr\u00e8s longtemps en cosm\u00e9tique et en m\u00e9decine. La composition riche du produit assure une r\u00e9g\u00e9n\u00e9ration profonde de la peau et des cheveux. Il peut \u00e9galement am\u00e9liorer l&#039;immunit\u00e9 du corps et prot\u00e9ger contre les infections, et m\u00eame soutenir leur traitement.\" \/>\n<meta property=\"og:url\" content=\"https:\/\/naturalpoland.com\/fr\/produkty\/cires\/cire-dabeille\/\" \/>\n<meta property=\"og:site_name\" content=\"NATURAL POLAND - Distributeur de mati\u00e8res premi\u00e8res en gros\" \/>\n<meta property=\"article:publisher\" content=\"https:\/\/www.facebook.com\/naturalpoland.b2b\" \/>\n<meta property=\"og:image\" content=\"https:\/\/naturalpoland.com\/wp-content\/uploads\/wosk-pszczeli-bialy-w-perelkach.webp\" \/>\n\t<meta property=\"og:image:width\" content=\"613\" \/>\n\t<meta property=\"og:image:height\" content=\"613\" \/>\n\t<meta property=\"og:image:type\" content=\"image\/webp\" \/>\n<script type=\"application\/ld+json\" class=\"yoast-schema-graph\">{\"@context\":\"https:\\\/\\\/schema.org\",\"@graph\":[{\"@type\":\"WebPage\",\"@id\":\"https:\\\/\\\/naturalpoland.com\\\/fr\\\/produkty\\\/cires\\\/cire-dabeille\\\/\",\"url\":\"https:\\\/\\\/naturalpoland.com\\\/fr\\\/produkty\\\/cires\\\/cire-dabeille\\\/\",\"name\":\"cire d'abeille - Distributeur en gros\",\"isPartOf\":{\"@id\":\"https:\\\/\\\/naturalpoland.com\\\/fr\\\/#website\"},\"primaryImageOfPage\":{\"@id\":\"https:\\\/\\\/naturalpoland.com\\\/fr\\\/produkty\\\/cires\\\/cire-dabeille\\\/#primaryimage\"},\"image\":{\"@id\":\"https:\\\/\\\/naturalpoland.com\\\/fr\\\/produkty\\\/cires\\\/cire-dabeille\\\/#primaryimage\"},\"thumbnailUrl\":\"https:\\\/\\\/naturalpoland.com\\\/wp-content\\\/uploads\\\/wosk-pszczeli-bialy-w-perelkach.webp\",\"datePublished\":\"2021-09-21T12:23:01+00:00\",\"breadcrumb\":{\"@id\":\"https:\\\/\\\/naturalpoland.com\\\/fr\\\/produkty\\\/cires\\\/cire-dabeille\\\/#breadcrumb\"},\"inLanguage\":\"fr-FR\",\"potentialAction\":[{\"@type\":\"ReadAction\",\"target\":[\"https:\\\/\\\/naturalpoland.com\\\/fr\\\/produkty\\\/cires\\\/cire-dabeille\\\/\"]}]},{\"@type\":\"ImageObject\",\"inLanguage\":\"fr-FR\",\"@id\":\"https:\\\/\\\/naturalpoland.com\\\/fr\\\/produkty\\\/cires\\\/cire-dabeille\\\/#primaryimage\",\"url\":\"https:\\\/\\\/naturalpoland.com\\\/wp-content\\\/uploads\\\/wosk-pszczeli-bialy-w-perelkach.webp\",\"contentUrl\":\"https:\\\/\\\/naturalpoland.com\\\/wp-content\\\/uploads\\\/wosk-pszczeli-bialy-w-perelkach.webp\",\"width\":613,\"height\":613,\"caption\":\"Wosk pszczeli bia\u0142y w pere\u0142kach\"},{\"@type\":\"BreadcrumbList\",\"@id\":\"https:\\\/\\\/naturalpoland.com\\\/fr\\\/produkty\\\/cires\\\/cire-dabeille\\\/#breadcrumb\",\"itemListElement\":[{\"@type\":\"ListItem\",\"position\":1,\"name\":\"Accueil\",\"item\":\"https:\\\/\\\/naturalpoland.com\\\/fr\\\/\"},{\"@type\":\"ListItem\",\"position\":2,\"name\":\"Produits\",\"item\":\"https:\\\/\\\/naturalpoland.com\\\/fr\\\/produits\\\/\"},{\"@type\":\"ListItem\",\"position\":3,\"name\":\"cire d&#8217;abeille\"}]},{\"@type\":\"WebSite\",\"@id\":\"https:\\\/\\\/naturalpoland.com\\\/fr\\\/#website\",\"url\":\"https:\\\/\\\/naturalpoland.com\\\/fr\\\/\",\"name\":\"NATURAL POLAND - Distributeur de mati\u00e8res premi\u00e8res en gros\",\"description\":\"Surowce dla przemys\u0142u spo\u017cywczego, kosmetycznego i farmaceutycznego\",\"publisher\":{\"@id\":\"https:\\\/\\\/naturalpoland.com\\\/fr\\\/#organization\"},\"potentialAction\":[{\"@type\":\"SearchAction\",\"target\":{\"@type\":\"EntryPoint\",\"urlTemplate\":\"https:\\\/\\\/naturalpoland.com\\\/fr\\\/?s={search_term_string}\"},\"query-input\":{\"@type\":\"PropertyValueSpecification\",\"valueRequired\":true,\"valueName\":\"search_term_string\"}}],\"inLanguage\":\"fr-FR\"},{\"@type\":\"Organization\",\"@id\":\"https:\\\/\\\/naturalpoland.com\\\/fr\\\/#organization\",\"name\":\"Natural Poland\",\"url\":\"https:\\\/\\\/naturalpoland.com\\\/fr\\\/\",\"logo\":{\"@type\":\"ImageObject\",\"inLanguage\":\"fr-FR\",\"@id\":\"https:\\\/\\\/naturalpoland.com\\\/fr\\\/#\\\/schema\\\/logo\\\/image\\\/\",\"url\":\"https:\\\/\\\/naturalpoland.com\\\/wp-content\\\/uploads\\\/2021\\\/05\\\/natural-poland-icon.png\",\"contentUrl\":\"https:\\\/\\\/naturalpoland.com\\\/wp-content\\\/uploads\\\/2021\\\/05\\\/natural-poland-icon.png\",\"width\":512,\"height\":512,\"caption\":\"Natural Poland\"},\"image\":{\"@id\":\"https:\\\/\\\/naturalpoland.com\\\/fr\\\/#\\\/schema\\\/logo\\\/image\\\/\"},\"sameAs\":[\"https:\\\/\\\/www.facebook.com\\\/naturalpoland.b2b\",\"https:\\\/\\\/pl.linkedin.com\\\/company\\\/natural-poland\",\"https:\\\/\\\/www.youtube.com\\\/channel\\\/UCgeGGkvOMahZo-xu_MSEWxg\"]}]}<\/script>\n<!-- \/ Yoast SEO plugin. -->","yoast_head_json":{"title":"cire d'abeille - Distributeur en gros","robots":{"index":"index","follow":"follow","max-snippet":"max-snippet:-1","max-image-preview":"max-image-preview:large","max-video-preview":"max-video-preview:-1"},"canonical":"https:\/\/naturalpoland.com\/fr\/produkty\/cires\/cire-dabeille\/","og_locale":"fr_FR","og_type":"article","og_title":"cire d'abeille - Distributeur en gros","og_description":"La cire d'abeille est un sous-produit de la production de miel. Il est utilis\u00e9 depuis tr\u00e8s longtemps en cosm\u00e9tique et en m\u00e9decine. La composition riche du produit assure une r\u00e9g\u00e9n\u00e9ration profonde de la peau et des cheveux. Il peut \u00e9galement am\u00e9liorer l'immunit\u00e9 du corps et prot\u00e9ger contre les infections, et m\u00eame soutenir leur traitement.","og_url":"https:\/\/naturalpoland.com\/fr\/produkty\/cires\/cire-dabeille\/","og_site_name":"NATURAL POLAND - Distributeur de mati\u00e8res premi\u00e8res en gros","article_publisher":"https:\/\/www.facebook.com\/naturalpoland.b2b","og_image":[{"width":613,"height":613,"url":"https:\/\/naturalpoland.com\/wp-content\/uploads\/wosk-pszczeli-bialy-w-perelkach.webp","type":"image\/webp"}],"schema":{"@context":"https:\/\/schema.org","@graph":[{"@type":"WebPage","@id":"https:\/\/naturalpoland.com\/fr\/produkty\/cires\/cire-dabeille\/","url":"https:\/\/naturalpoland.com\/fr\/produkty\/cires\/cire-dabeille\/","name":"cire d'abeille - Distributeur en gros","isPartOf":{"@id":"https:\/\/naturalpoland.com\/fr\/#website"},"primaryImageOfPage":{"@id":"https:\/\/naturalpoland.com\/fr\/produkty\/cires\/cire-dabeille\/#primaryimage"},"image":{"@id":"https:\/\/naturalpoland.com\/fr\/produkty\/cires\/cire-dabeille\/#primaryimage"},"thumbnailUrl":"https:\/\/naturalpoland.com\/wp-content\/uploads\/wosk-pszczeli-bialy-w-perelkach.webp","datePublished":"2021-09-21T12:23:01+00:00","breadcrumb":{"@id":"https:\/\/naturalpoland.com\/fr\/produkty\/cires\/cire-dabeille\/#breadcrumb"},"inLanguage":"fr-FR","potentialAction":[{"@type":"ReadAction","target":["https:\/\/naturalpoland.com\/fr\/produkty\/cires\/cire-dabeille\/"]}]},{"@type":"ImageObject","inLanguage":"fr-FR","@id":"https:\/\/naturalpoland.com\/fr\/produkty\/cires\/cire-dabeille\/#primaryimage","url":"https:\/\/naturalpoland.com\/wp-content\/uploads\/wosk-pszczeli-bialy-w-perelkach.webp","contentUrl":"https:\/\/naturalpoland.com\/wp-content\/uploads\/wosk-pszczeli-bialy-w-perelkach.webp","width":613,"height":613,"caption":"Wosk pszczeli bia\u0142y w pere\u0142kach"},{"@type":"BreadcrumbList","@id":"https:\/\/naturalpoland.com\/fr\/produkty\/cires\/cire-dabeille\/#breadcrumb","itemListElement":[{"@type":"ListItem","position":1,"name":"Accueil","item":"https:\/\/naturalpoland.com\/fr\/"},{"@type":"ListItem","position":2,"name":"Produits","item":"https:\/\/naturalpoland.com\/fr\/produits\/"},{"@type":"ListItem","position":3,"name":"cire d&#8217;abeille"}]},{"@type":"WebSite","@id":"https:\/\/naturalpoland.com\/fr\/#website","url":"https:\/\/naturalpoland.com\/fr\/","name":"NATURAL POLAND - Distributeur de mati\u00e8res premi\u00e8res en gros","description":"Surowce dla przemys\u0142u spo\u017cywczego, kosmetycznego i farmaceutycznego","publisher":{"@id":"https:\/\/naturalpoland.com\/fr\/#organization"},"potentialAction":[{"@type":"SearchAction","target":{"@type":"EntryPoint","urlTemplate":"https:\/\/naturalpoland.com\/fr\/?s={search_term_string}"},"query-input":{"@type":"PropertyValueSpecification","valueRequired":true,"valueName":"search_term_string"}}],"inLanguage":"fr-FR"},{"@type":"Organization","@id":"https:\/\/naturalpoland.com\/fr\/#organization","name":"Natural Poland","url":"https:\/\/naturalpoland.com\/fr\/","logo":{"@type":"ImageObject","inLanguage":"fr-FR","@id":"https:\/\/naturalpoland.com\/fr\/#\/schema\/logo\/image\/","url":"https:\/\/naturalpoland.com\/wp-content\/uploads\/2021\/05\/natural-poland-icon.png","contentUrl":"https:\/\/naturalpoland.com\/wp-content\/uploads\/2021\/05\/natural-poland-icon.png","width":512,"height":512,"caption":"Natural Poland"},"image":{"@id":"https:\/\/naturalpoland.com\/fr\/#\/schema\/logo\/image\/"},"sameAs":["https:\/\/www.facebook.com\/naturalpoland.b2b","https:\/\/pl.linkedin.com\/company\/natural-poland","https:\/\/www.youtube.com\/channel\/UCgeGGkvOMahZo-xu_MSEWxg"]}]}},"_links":{"self":[{"href":"https:\/\/naturalpoland.com\/fr\/wp-json\/wp\/v2\/product\/11784","targetHints":{"allow":["GET"]}}],"collection":[{"href":"https:\/\/naturalpoland.com\/fr\/wp-json\/wp\/v2\/product"}],"about":[{"href":"https:\/\/naturalpoland.com\/fr\/wp-json\/wp\/v2\/types\/product"}],"wp:featuredmedia":[{"embeddable":true,"href":"https:\/\/naturalpoland.com\/fr\/wp-json\/wp\/v2\/media\/33641"}],"wp:attachment":[{"href":"https:\/\/naturalpoland.com\/fr\/wp-json\/wp\/v2\/media?parent=11784"}],"wp:term":[{"taxonomy":"product_brand","embeddable":true,"href":"https:\/\/naturalpoland.com\/fr\/wp-json\/wp\/v2\/product_brand?post=11784"},{"taxonomy":"product_cat","embeddable":true,"href":"https:\/\/naturalpoland.com\/fr\/wp-json\/wp\/v2\/product_cat?post=11784"},{"taxonomy":"product_tag","embeddable":true,"href":"https:\/\/naturalpoland.com\/fr\/wp-json\/wp\/v2\/product_tag?post=11784"}],"curies":[{"name":"wp","href":"https:\/\/api.w.org\/{rel}","templated":true}]}}