{"id":11895,"date":"2021-05-11T13:51:43","date_gmt":"2021-09-21T12:35:42","guid":{"rendered":"https:\/\/naturalpoland.pl\/produkty\/non%20class\u00e9\/huile-de-loption-fig\/"},"modified":"2024-12-16T13:25:56","modified_gmt":"2024-12-16T12:25:56","slug":"huile-de-loption-fig","status":"publish","type":"product","link":"https:\/\/naturalpoland.com\/fr\/produkty\/produits-pour-lindustrie-cosmetique\/huiles-cosmetiques\/huile-de-loption-fig\/","title":{"rendered":"Huile de figue de Barbarie"},"content":{"rendered":"<p>L&rsquo;extraction de cette huile est extr\u00eamement laborieuse et co\u00fbteuse, car il faut pr\u00e8s d&rsquo;une demi-tonne de graines de figue de Barbarie pour produire un litre d&rsquo;huile. Ces proportions font de cette huile un produit de luxe et rare.<\/p>\n<p>L&rsquo;huile de figue de Barbarie contient le plus de <a href=\"https:\/\/naturalpoland.com\/fr\/produkty\/produits-pour-les-industries-pharmaceutiques-et-medicales\/vitamines\/vitamine-e\/\">vitamine E<\/a> parmi toutes les huiles cosm\u00e9tiques disponibles sur le march\u00e9 (150 % de plus que l&rsquo;<a href=\"https:\/\/naturalpoland.com\/fr\/produkty\/produits-pour-lindustrie-cosmetique\/huiles-cosmetiques\/huile-dargan\/\">huile d&rsquo;argan<\/a>). L&rsquo;huile de graines de figue de Barbarie contient \u00e9galement jusqu&rsquo;\u00e0 88 % d&rsquo;acides gras insatur\u00e9s (le plus \u00e9lev\u00e9 parmi toutes les huiles).<\/p>\n<h2>Utilisation de l&rsquo;huile de figue de Barbarie<\/h2>\n<p>Gr\u00e2ce \u00e0 ses propri\u00e9t\u00e9s uniques, l&rsquo;huile de figue de Barbarie est largement utilis\u00e9e dans des formules cosm\u00e9tiques avanc\u00e9es visant \u00e0 <strong>r\u00e9g\u00e9n\u00e9rer intens\u00e9ment, nourrir et hydrater profond\u00e9ment la peau<\/strong>. L&rsquo;utilisation r\u00e9guli\u00e8re de cette huile peut produire des r\u00e9sultats visibles en seulement deux semaines, am\u00e9liorant consid\u00e9rablement l&rsquo;\u00e9lasticit\u00e9 de la peau, r\u00e9duisant les rides et am\u00e9liorant l&rsquo;aspect g\u00e9n\u00e9ral et la condition de la peau. Cette huile est particuli\u00e8rement recommand\u00e9e pour les personnes ayant une peau s\u00e8che, mature ou endommag\u00e9e, mais en raison de ses propri\u00e9t\u00e9s douces et de sa haute tol\u00e9rance, elle convient \u00e0 tous les types de peau.<\/p>\n<p>Cette huile n&rsquo;est pas seulement b\u00e9n\u00e9fique pour la peau. Ses propri\u00e9t\u00e9s nutritives en font \u00e9galement un ingr\u00e9dient pr\u00e9cieux dans les produits de soins capillaires. L&rsquo;huile de graines de figue de Barbarie hydrate intens\u00e9ment, renforce les cheveux et restaure leur \u00e9clat naturel. Elle est un ingr\u00e9dient id\u00e9al dans les traitements pour cheveux secs, endommag\u00e9s et ternes.<\/p>\n<p>&nbsp;<\/p>\n<h3>Profil d&rsquo;acides gras\u00a0:<\/h3>\n<table>\n<tbody>\n<tr>\n<th>ACIDE GRAS<\/th>\n<th>LIAISON<\/th>\n<th>NORME (%)<\/th>\n<th>R\u00c9SULTAT (%)<\/th>\n<\/tr>\n<tr>\n<td>L&rsquo;acide palmitique<\/td>\n<td>C16:0<\/td>\n<td>10.00-14.00<\/td>\n<td>10.50<\/td>\n<\/tr>\n<tr>\n<td>Acide st\u00e9arique<\/td>\n<td>C18:0<\/td>\n<td>2.50-5.50<\/td>\n<td>2.90<\/td>\n<\/tr>\n<tr>\n<td>L&rsquo;acide ol\u00e9ique<\/td>\n<td>C18\u00a0: 1 (n-9)<\/td>\n<td>18.00-30.00<\/td>\n<td>23.40<\/td>\n<\/tr>\n<tr>\n<td>L&rsquo;acide linol\u00e9ique<\/td>\n<td>C18\u00a0: 2 (n-6)<\/td>\n<td>55.00-65.00<\/td>\n<td>62.20<\/td>\n<\/tr>\n<tr>\n<td>Acide alphalinol\u00e9nique<\/td>\n<td>C18\u00a0: 3 (n-3)<\/td>\n<td>Max 1.00<\/td>\n<td>0.50<\/td>\n<\/tr>\n<\/tbody>\n<\/table>\n","protected":false},"excerpt":{"rendered":"<p>Nous sommes un distributeur en gros d&rsquo;huile naturelle de graines de figue de Barbarie (<em>Prickly Pear Cactus Seed Oil<\/em>). C&rsquo;est l&rsquo;une des mati\u00e8res premi\u00e8res les plus appr\u00e9ci\u00e9es dans l&rsquo;industrie cosm\u00e9tique, reconnue pour son efficacit\u00e9 exceptionnelle.<\/p>\n","protected":false},"featured_media":11898,"template":"","meta":[],"product_brand":[],"product_cat":[1296,1307],"product_tag":[],"class_list":{"0":"post-11895","1":"product","2":"type-product","3":"status-publish","4":"has-post-thumbnail","6":"product_cat-huiles-alimentaires-et-cosmetiques","7":"product_cat-huiles-cosmetiques","8":"pa_czesc-rosliny-des-graines","9":"pa_metoda-pozyskiwania-pressage-a-froid","11":"first","12":"instock","13":"shipping-taxable","14":"product-type-simple"},"yoast_head":"<!-- This site is optimized with the Yoast SEO plugin v27.3 - https:\/\/yoast.com\/product\/yoast-seo-wordpress\/ -->\n<title>Huile de figue de Barbarie - Distributeur en gros<\/title>\n<meta name=\"description\" content=\"L&#039;huile de figue de barbarie est utilis\u00e9e dans les proc\u00e9dures cosm\u00e9tiques comme un botox naturel. Un litre est compos\u00e9 de pr\u00e8s d&#039;une demi-tonne de graines.\" \/>\n<meta name=\"robots\" content=\"index, follow, max-snippet:-1, max-image-preview:large, max-video-preview:-1\" \/>\n<link rel=\"canonical\" href=\"https:\/\/naturalpoland.com\/fr\/produkty\/produits-pour-lindustrie-cosmetique\/huiles-cosmetiques\/huile-de-loption-fig\/\" \/>\n<meta property=\"og:locale\" content=\"fr_FR\" \/>\n<meta property=\"og:type\" content=\"article\" \/>\n<meta property=\"og:title\" content=\"Huile de figue de Barbarie - Distributeur en gros\" \/>\n<meta property=\"og:description\" content=\"L&#039;huile de figue de barbarie est utilis\u00e9e dans les proc\u00e9dures cosm\u00e9tiques comme un botox naturel. Un litre est compos\u00e9 de pr\u00e8s d&#039;une demi-tonne de graines.\" \/>\n<meta property=\"og:url\" content=\"https:\/\/naturalpoland.com\/fr\/produkty\/produits-pour-lindustrie-cosmetique\/huiles-cosmetiques\/huile-de-loption-fig\/\" \/>\n<meta property=\"og:site_name\" content=\"NATURAL POLAND - Distributeur de mati\u00e8res premi\u00e8res en gros\" \/>\n<meta property=\"article:publisher\" content=\"https:\/\/www.facebook.com\/naturalpoland.b2b\" \/>\n<meta property=\"article:modified_time\" content=\"2024-12-16T12:25:56+00:00\" \/>\n<meta property=\"og:image\" content=\"https:\/\/naturalpoland.com\/wp-content\/uploads\/2021\/05\/prickly-pear-seed-oil.jpg\" \/>\n\t<meta property=\"og:image:width\" content=\"800\" \/>\n\t<meta property=\"og:image:height\" content=\"800\" \/>\n\t<meta property=\"og:image:type\" content=\"image\/jpeg\" \/>\n<script type=\"application\/ld+json\" class=\"yoast-schema-graph\">{\"@context\":\"https:\\\/\\\/schema.org\",\"@graph\":[{\"@type\":\"WebPage\",\"@id\":\"https:\\\/\\\/naturalpoland.com\\\/fr\\\/produkty\\\/produits-pour-lindustrie-cosmetique\\\/huiles-cosmetiques\\\/huile-de-loption-fig\\\/\",\"url\":\"https:\\\/\\\/naturalpoland.com\\\/fr\\\/produkty\\\/produits-pour-lindustrie-cosmetique\\\/huiles-cosmetiques\\\/huile-de-loption-fig\\\/\",\"name\":\"Huile de figue de Barbarie - Distributeur en gros\",\"isPartOf\":{\"@id\":\"https:\\\/\\\/naturalpoland.com\\\/fr\\\/#website\"},\"primaryImageOfPage\":{\"@id\":\"https:\\\/\\\/naturalpoland.com\\\/fr\\\/produkty\\\/produits-pour-lindustrie-cosmetique\\\/huiles-cosmetiques\\\/huile-de-loption-fig\\\/#primaryimage\"},\"image\":{\"@id\":\"https:\\\/\\\/naturalpoland.com\\\/fr\\\/produkty\\\/produits-pour-lindustrie-cosmetique\\\/huiles-cosmetiques\\\/huile-de-loption-fig\\\/#primaryimage\"},\"thumbnailUrl\":\"https:\\\/\\\/naturalpoland.com\\\/wp-content\\\/uploads\\\/2021\\\/05\\\/prickly-pear-seed-oil.jpg\",\"datePublished\":\"2021-09-21T12:35:42+00:00\",\"dateModified\":\"2024-12-16T12:25:56+00:00\",\"description\":\"L'huile de figue de barbarie est utilis\u00e9e dans les proc\u00e9dures cosm\u00e9tiques comme un botox naturel. Un litre est compos\u00e9 de pr\u00e8s d'une demi-tonne de graines.\",\"breadcrumb\":{\"@id\":\"https:\\\/\\\/naturalpoland.com\\\/fr\\\/produkty\\\/produits-pour-lindustrie-cosmetique\\\/huiles-cosmetiques\\\/huile-de-loption-fig\\\/#breadcrumb\"},\"inLanguage\":\"fr-FR\",\"potentialAction\":[{\"@type\":\"ReadAction\",\"target\":[\"https:\\\/\\\/naturalpoland.com\\\/fr\\\/produkty\\\/produits-pour-lindustrie-cosmetique\\\/huiles-cosmetiques\\\/huile-de-loption-fig\\\/\"]}]},{\"@type\":\"ImageObject\",\"inLanguage\":\"fr-FR\",\"@id\":\"https:\\\/\\\/naturalpoland.com\\\/fr\\\/produkty\\\/produits-pour-lindustrie-cosmetique\\\/huiles-cosmetiques\\\/huile-de-loption-fig\\\/#primaryimage\",\"url\":\"https:\\\/\\\/naturalpoland.com\\\/wp-content\\\/uploads\\\/2021\\\/05\\\/prickly-pear-seed-oil.jpg\",\"contentUrl\":\"https:\\\/\\\/naturalpoland.com\\\/wp-content\\\/uploads\\\/2021\\\/05\\\/prickly-pear-seed-oil.jpg\",\"width\":800,\"height\":800},{\"@type\":\"BreadcrumbList\",\"@id\":\"https:\\\/\\\/naturalpoland.com\\\/fr\\\/produkty\\\/produits-pour-lindustrie-cosmetique\\\/huiles-cosmetiques\\\/huile-de-loption-fig\\\/#breadcrumb\",\"itemListElement\":[{\"@type\":\"ListItem\",\"position\":1,\"name\":\"Accueil\",\"item\":\"https:\\\/\\\/naturalpoland.com\\\/fr\\\/\"},{\"@type\":\"ListItem\",\"position\":2,\"name\":\"Produits\",\"item\":\"https:\\\/\\\/naturalpoland.com\\\/fr\\\/produits\\\/\"},{\"@type\":\"ListItem\",\"position\":3,\"name\":\"Huile de figue de Barbarie\"}]},{\"@type\":\"WebSite\",\"@id\":\"https:\\\/\\\/naturalpoland.com\\\/fr\\\/#website\",\"url\":\"https:\\\/\\\/naturalpoland.com\\\/fr\\\/\",\"name\":\"NATURAL POLAND - Distributeur de mati\u00e8res premi\u00e8res en gros\",\"description\":\"Surowce dla przemys\u0142u spo\u017cywczego, kosmetycznego i farmaceutycznego\",\"publisher\":{\"@id\":\"https:\\\/\\\/naturalpoland.com\\\/fr\\\/#organization\"},\"potentialAction\":[{\"@type\":\"SearchAction\",\"target\":{\"@type\":\"EntryPoint\",\"urlTemplate\":\"https:\\\/\\\/naturalpoland.com\\\/fr\\\/?s={search_term_string}\"},\"query-input\":{\"@type\":\"PropertyValueSpecification\",\"valueRequired\":true,\"valueName\":\"search_term_string\"}}],\"inLanguage\":\"fr-FR\"},{\"@type\":\"Organization\",\"@id\":\"https:\\\/\\\/naturalpoland.com\\\/fr\\\/#organization\",\"name\":\"Natural Poland\",\"url\":\"https:\\\/\\\/naturalpoland.com\\\/fr\\\/\",\"logo\":{\"@type\":\"ImageObject\",\"inLanguage\":\"fr-FR\",\"@id\":\"https:\\\/\\\/naturalpoland.com\\\/fr\\\/#\\\/schema\\\/logo\\\/image\\\/\",\"url\":\"https:\\\/\\\/naturalpoland.com\\\/wp-content\\\/uploads\\\/2021\\\/05\\\/natural-poland-icon.png\",\"contentUrl\":\"https:\\\/\\\/naturalpoland.com\\\/wp-content\\\/uploads\\\/2021\\\/05\\\/natural-poland-icon.png\",\"width\":512,\"height\":512,\"caption\":\"Natural Poland\"},\"image\":{\"@id\":\"https:\\\/\\\/naturalpoland.com\\\/fr\\\/#\\\/schema\\\/logo\\\/image\\\/\"},\"sameAs\":[\"https:\\\/\\\/www.facebook.com\\\/naturalpoland.b2b\",\"https:\\\/\\\/pl.linkedin.com\\\/company\\\/natural-poland\",\"https:\\\/\\\/www.youtube.com\\\/channel\\\/UCgeGGkvOMahZo-xu_MSEWxg\"]}]}<\/script>\n<!-- \/ Yoast SEO plugin. -->","yoast_head_json":{"title":"Huile de figue de Barbarie - Distributeur en gros","description":"L'huile de figue de barbarie est utilis\u00e9e dans les proc\u00e9dures cosm\u00e9tiques comme un botox naturel. Un litre est compos\u00e9 de pr\u00e8s d'une demi-tonne de graines.","robots":{"index":"index","follow":"follow","max-snippet":"max-snippet:-1","max-image-preview":"max-image-preview:large","max-video-preview":"max-video-preview:-1"},"canonical":"https:\/\/naturalpoland.com\/fr\/produkty\/produits-pour-lindustrie-cosmetique\/huiles-cosmetiques\/huile-de-loption-fig\/","og_locale":"fr_FR","og_type":"article","og_title":"Huile de figue de Barbarie - Distributeur en gros","og_description":"L'huile de figue de barbarie est utilis\u00e9e dans les proc\u00e9dures cosm\u00e9tiques comme un botox naturel. Un litre est compos\u00e9 de pr\u00e8s d'une demi-tonne de graines.","og_url":"https:\/\/naturalpoland.com\/fr\/produkty\/produits-pour-lindustrie-cosmetique\/huiles-cosmetiques\/huile-de-loption-fig\/","og_site_name":"NATURAL POLAND - Distributeur de mati\u00e8res premi\u00e8res en gros","article_publisher":"https:\/\/www.facebook.com\/naturalpoland.b2b","article_modified_time":"2024-12-16T12:25:56+00:00","og_image":[{"width":800,"height":800,"url":"https:\/\/naturalpoland.com\/wp-content\/uploads\/2021\/05\/prickly-pear-seed-oil.jpg","type":"image\/jpeg"}],"schema":{"@context":"https:\/\/schema.org","@graph":[{"@type":"WebPage","@id":"https:\/\/naturalpoland.com\/fr\/produkty\/produits-pour-lindustrie-cosmetique\/huiles-cosmetiques\/huile-de-loption-fig\/","url":"https:\/\/naturalpoland.com\/fr\/produkty\/produits-pour-lindustrie-cosmetique\/huiles-cosmetiques\/huile-de-loption-fig\/","name":"Huile de figue de Barbarie - Distributeur en gros","isPartOf":{"@id":"https:\/\/naturalpoland.com\/fr\/#website"},"primaryImageOfPage":{"@id":"https:\/\/naturalpoland.com\/fr\/produkty\/produits-pour-lindustrie-cosmetique\/huiles-cosmetiques\/huile-de-loption-fig\/#primaryimage"},"image":{"@id":"https:\/\/naturalpoland.com\/fr\/produkty\/produits-pour-lindustrie-cosmetique\/huiles-cosmetiques\/huile-de-loption-fig\/#primaryimage"},"thumbnailUrl":"https:\/\/naturalpoland.com\/wp-content\/uploads\/2021\/05\/prickly-pear-seed-oil.jpg","datePublished":"2021-09-21T12:35:42+00:00","dateModified":"2024-12-16T12:25:56+00:00","description":"L'huile de figue de barbarie est utilis\u00e9e dans les proc\u00e9dures cosm\u00e9tiques comme un botox naturel. Un litre est compos\u00e9 de pr\u00e8s d'une demi-tonne de graines.","breadcrumb":{"@id":"https:\/\/naturalpoland.com\/fr\/produkty\/produits-pour-lindustrie-cosmetique\/huiles-cosmetiques\/huile-de-loption-fig\/#breadcrumb"},"inLanguage":"fr-FR","potentialAction":[{"@type":"ReadAction","target":["https:\/\/naturalpoland.com\/fr\/produkty\/produits-pour-lindustrie-cosmetique\/huiles-cosmetiques\/huile-de-loption-fig\/"]}]},{"@type":"ImageObject","inLanguage":"fr-FR","@id":"https:\/\/naturalpoland.com\/fr\/produkty\/produits-pour-lindustrie-cosmetique\/huiles-cosmetiques\/huile-de-loption-fig\/#primaryimage","url":"https:\/\/naturalpoland.com\/wp-content\/uploads\/2021\/05\/prickly-pear-seed-oil.jpg","contentUrl":"https:\/\/naturalpoland.com\/wp-content\/uploads\/2021\/05\/prickly-pear-seed-oil.jpg","width":800,"height":800},{"@type":"BreadcrumbList","@id":"https:\/\/naturalpoland.com\/fr\/produkty\/produits-pour-lindustrie-cosmetique\/huiles-cosmetiques\/huile-de-loption-fig\/#breadcrumb","itemListElement":[{"@type":"ListItem","position":1,"name":"Accueil","item":"https:\/\/naturalpoland.com\/fr\/"},{"@type":"ListItem","position":2,"name":"Produits","item":"https:\/\/naturalpoland.com\/fr\/produits\/"},{"@type":"ListItem","position":3,"name":"Huile de figue de Barbarie"}]},{"@type":"WebSite","@id":"https:\/\/naturalpoland.com\/fr\/#website","url":"https:\/\/naturalpoland.com\/fr\/","name":"NATURAL POLAND - Distributeur de mati\u00e8res premi\u00e8res en gros","description":"Surowce dla przemys\u0142u spo\u017cywczego, kosmetycznego i farmaceutycznego","publisher":{"@id":"https:\/\/naturalpoland.com\/fr\/#organization"},"potentialAction":[{"@type":"SearchAction","target":{"@type":"EntryPoint","urlTemplate":"https:\/\/naturalpoland.com\/fr\/?s={search_term_string}"},"query-input":{"@type":"PropertyValueSpecification","valueRequired":true,"valueName":"search_term_string"}}],"inLanguage":"fr-FR"},{"@type":"Organization","@id":"https:\/\/naturalpoland.com\/fr\/#organization","name":"Natural Poland","url":"https:\/\/naturalpoland.com\/fr\/","logo":{"@type":"ImageObject","inLanguage":"fr-FR","@id":"https:\/\/naturalpoland.com\/fr\/#\/schema\/logo\/image\/","url":"https:\/\/naturalpoland.com\/wp-content\/uploads\/2021\/05\/natural-poland-icon.png","contentUrl":"https:\/\/naturalpoland.com\/wp-content\/uploads\/2021\/05\/natural-poland-icon.png","width":512,"height":512,"caption":"Natural Poland"},"image":{"@id":"https:\/\/naturalpoland.com\/fr\/#\/schema\/logo\/image\/"},"sameAs":["https:\/\/www.facebook.com\/naturalpoland.b2b","https:\/\/pl.linkedin.com\/company\/natural-poland","https:\/\/www.youtube.com\/channel\/UCgeGGkvOMahZo-xu_MSEWxg"]}]}},"_links":{"self":[{"href":"https:\/\/naturalpoland.com\/fr\/wp-json\/wp\/v2\/product\/11895","targetHints":{"allow":["GET"]}}],"collection":[{"href":"https:\/\/naturalpoland.com\/fr\/wp-json\/wp\/v2\/product"}],"about":[{"href":"https:\/\/naturalpoland.com\/fr\/wp-json\/wp\/v2\/types\/product"}],"wp:featuredmedia":[{"embeddable":true,"href":"https:\/\/naturalpoland.com\/fr\/wp-json\/wp\/v2\/media\/11898"}],"wp:attachment":[{"href":"https:\/\/naturalpoland.com\/fr\/wp-json\/wp\/v2\/media?parent=11895"}],"wp:term":[{"taxonomy":"product_brand","embeddable":true,"href":"https:\/\/naturalpoland.com\/fr\/wp-json\/wp\/v2\/product_brand?post=11895"},{"taxonomy":"product_cat","embeddable":true,"href":"https:\/\/naturalpoland.com\/fr\/wp-json\/wp\/v2\/product_cat?post=11895"},{"taxonomy":"product_tag","embeddable":true,"href":"https:\/\/naturalpoland.com\/fr\/wp-json\/wp\/v2\/product_tag?post=11895"}],"curies":[{"name":"wp","href":"https:\/\/api.w.org\/{rel}","templated":true}]}}