{"id":11957,"date":"2021-05-11T13:52:10","date_gmt":"2021-05-11T11:52:10","guid":{"rendered":"https:\/\/naturalpoland.pl\/produkty\/non%20class\u00e9\/huile-de-noyau-dabricot\/"},"modified":"2026-01-07T11:58:32","modified_gmt":"2026-01-07T10:58:32","slug":"huile-de-noyaux-dabricot","status":"publish","type":"product","link":"https:\/\/naturalpoland.com\/fr\/produkty\/produits-pour-lindustrie-alimentaire\/huiles-alimentaires-insaturees\/huile-de-noyaux-dabricot\/","title":{"rendered":"Huile de noyaux d&rsquo;abricot"},"content":{"rendered":"<p>Les plus grandes zones de plantation d&rsquo;abricots appartiennent \u00e0 la Turquie, l&rsquo;Italie, l&rsquo;Iran et l&rsquo;Alg\u00e9rie. \u00c0 partir des fruits d&rsquo;abricot, on peut produire des confitures et des jus. Pour ne pas gaspiller les noyaux, on a commenc\u00e9 \u00e0 en produire des huiles.  <\/p>\n<p>L&rsquo;huile de noyaux d&rsquo;abricot a une couleur dor\u00e9e, et le go\u00fbt peut \u00eatre d\u00e9crit comme amand\u00e9-massepain. Les noyaux d&rsquo;abricot \u00e9taient initialement trait\u00e9s comme un d\u00e9chet, donc pour exploiter pleinement les propri\u00e9t\u00e9s du fruit, on a d\u00e9couvert que le noyau poss\u00e8de \u00e9galement une composition qui permet d&rsquo;en obtenir un produit aux propri\u00e9t\u00e9s b\u00e9n\u00e9fiques. <\/p>\n<p>&nbsp;<\/p>\n<h2>Propri\u00e9t\u00e9s de l&rsquo;huile de noyaux d&rsquo;abricot<\/h2>\n<p>L&rsquo;huile de noyaux d&rsquo;abricot lisse et hydrate avant tout la peau dess\u00e9ch\u00e9e et nourrit les pointes s\u00e8ches des cheveux. Il est l\u00e9ger et d\u00e9licat. Il p\u00e9n\u00e8tre assez rapidement et ne laisse pas de taches grasses. L&rsquo;huile est sans danger pour les personnes allergiques et les personnes ayant la peau sensible.<\/p>\n<p>Appliqu\u00e9e sur le visage, elle donne de l&rsquo;\u00e9clat \u00e0 la peau et r\u00e9duit la visibilit\u00e9 des rides mimiques qu&rsquo;elle lisse. Cette huile appartient au groupe des antioxydants \u2013 elle aide \u00e0 capturer les radicaux libres qui peuvent causer l&rsquo;apparition de rides. L&rsquo;huile de noyaux d&rsquo;abricot aide \u00e9galement \u00e0 r\u00e9duire les \u00e9tats inflammatoires. <\/p>\n<p>L&rsquo;action de base de l&rsquo;huile de noyaux d&rsquo;abricot comprend : renforcement, lissage, assouplissement de la peau, r\u00e9duction des rides, apaisement des \u00e9tats inflammatoires et acc\u00e9l\u00e9ration de la cicatrisation, aide \u00e0 uniformiser le teint de la peau.<\/p>\n<p>&nbsp;<\/p>\n<h2>Composition de l&rsquo;huile de noyaux d&rsquo;abricot :<\/h2>\n<ul class=\"wp-block-list\">\n<li>acides gras monoinsatur\u00e9s,<\/li>\n<li>vitamine E,<\/li>\n<li>acides gras polyinsatur\u00e9s,<\/li>\n<li>phytost\u00e9rols,<\/li>\n<li>acides om\u00e9ga 3 et 6,<\/li>\n<li>compos\u00e9s ph\u00e9noliques,<\/li>\n<li>sels min\u00e9raux.<\/li>\n<\/ul>\n<h3><strong>Principaux acides gras :<\/strong><\/h3>\n<ul>\n<li>Acide ol\u00e9ique (54-74%)<\/li>\n<li>Acide linol\u00e9ique (12-35%)<\/li>\n<li>Acide palmitique (3-10%)<\/li>\n<li>Acide st\u00e9arique (max. 5%)<\/li>\n<li>Acide palmitique (max. 2%)<\/li>\n<li>Acide linol\u00e9nique (max. 1%)<\/li>\n<\/ul>\n<h2><\/h2>\n<p>&nbsp;<\/p>\n<h2 class=\"wp-block-heading\">Utilisation de l&rsquo;huile de noyaux d&rsquo;abricot :<\/h2>\n<p>&nbsp;<\/p>\n<p><strong>Industrie alimentaire :<\/strong><\/p>\n<p>En cuisine, nous pouvons utiliser l&rsquo;huile de noyaux d&rsquo;abricot comme compl\u00e9ment aux flocons d&rsquo;avoine, salades, crudit\u00e9s, sauces et desserts. Il faut se rappeler de ne pas chauffer l&rsquo;huile, car \u00e0 temp\u00e9rature \u00e9lev\u00e9e elle perdra ses pr\u00e9cieuses propri\u00e9t\u00e9s. <\/p>\n<p>&nbsp;<\/p>\n<p class=\"wp-block-heading\"><strong>Industrie cosm\u00e9tique :<\/strong><\/p>\n<p>L&rsquo;huile de noyaux d&rsquo;abricot hydratera la peau dess\u00e9ch\u00e9e et les pointes de cheveux ab\u00eem\u00e9es. Elle peut \u00eatre un rem\u00e8de th\u00e9rapeutique en cas de pellicules. En ce qui concerne les cheveux, elle les aidera \u00e0 retrouver leur \u00e9clat d&rsquo;antan et renforcera les pointes.  <\/p>\n<p>Elle sera \u00e9galement un excellent compl\u00e9ment aux cr\u00e8mes d\u00e9j\u00e0 pr\u00eates, il suffit d&rsquo;ajouter quelques gouttes \u00e0 la cr\u00e8me utilis\u00e9e quotidiennement et profiter des bienfaits de l&rsquo;huile de noyaux d&rsquo;abricot.<\/p>\n<p>Cette huile pr\u00e9vient les irritations, rougeurs et dess\u00e8chement de la peau. Elle assure nutrition, apaisement et soin de la peau. Elle apaise, revitalise, nourrit et r\u00e9g\u00e9n\u00e8re la peau et les cheveux. Elle r\u00e9gule le niveau de s\u00e9bum, \u00e9limine les poches sous les yeux, peut stimuler la croissance des cheveux. Elle redonne \u00e9clat et hydratation aux cheveux \u00e0 haute porosit\u00e9.    <\/p>\n<p>Produits cosm\u00e9tiques pouvant contenir de l&rsquo;huile de noyaux d&rsquo;abricot dans leur composition :<\/p>\n<ul class=\"wp-block-list\">\n<li>Cr\u00e8mes<\/li>\n<li>Masques capillaires<\/li>\n<li>Masques pour le visage,<\/li>\n<li>S\u00e9rum pour cuticules et ongles,<\/li>\n<li>Huile de bain,<\/li>\n<li>Baume,<\/li>\n<li>Compl\u00e9ment aux gommages,<\/li>\n<li>Lotion capillaire,<\/li>\n<li>Huile pour pointes,<\/li>\n<li>Huile de massage.<\/li>\n<\/ul>\n<p>&nbsp;<\/p>\n<p class=\"wp-block-heading\"><strong>Industrie pharmaceutique :<\/strong><\/p>\n<p>L&rsquo;huile de noyaux d&rsquo;abricot convient au traitement de l&rsquo;acn\u00e9, des pellicules, de la toux, de l&rsquo;asthme et de la constipation. Elle trouve une application dans le traitement des maladies du syst\u00e8me circulatoire. Les acides gras pr\u00e9sents dans l&rsquo;huile peuvent ralentir le d\u00e9veloppement de l&rsquo;ath\u00e9roscl\u00e9rose et influencer positivement le niveau de LDL.  <\/p>\n<p>L&rsquo;huile press\u00e9e \u00e0 froid et destin\u00e9e \u00e0 la consommation ne contient pas de quantit\u00e9s significatives d&rsquo;amygdaline, qui se trouve principalement dans les noyaux d&rsquo;abricot entiers. Par cons\u00e9quent, lors de l&rsquo;utilisation de l&rsquo;huile alimentaire selon les recommandations du fabricant, il n&rsquo;y a pas de risque de lib\u00e9ration de compos\u00e9s cyanog\u00e8nes. L&rsquo;huile de noyaux d&rsquo;abricot est recommand\u00e9e \u00e0 consommer froide, \u00e0 raison de 1-2 cuill\u00e8res par jour, comme compl\u00e9ment aux salades ou plats pr\u00e9par\u00e9s.  <\/p>\n<p>&nbsp;<\/p>\n<h2 class=\"wp-block-heading\">Comment utiliser l&rsquo;huile de noyaux d&rsquo;abricot ?<\/h2>\n<p>Il faut se rappeler de la dose quotidienne recommand\u00e9e de 1-2 cuill\u00e8res, dans le cas des personnes de moins de 12 ans, cette huile ne doit pas \u00eatre utilis\u00e9e. En cosm\u00e9tique, elle peut \u00eatre utilis\u00e9e comme produit autonome ou compl\u00e9ment aux cosm\u00e9tiques d\u00e9j\u00e0 pr\u00eats. <\/p>\n<p>&nbsp;<\/p>\n<h2 class=\"wp-block-heading\">Comment conserver l&rsquo;huile de noyaux d&rsquo;abricot ?<\/h2>\n<p>Cette huile doit \u00eatre conserv\u00e9e herm\u00e9tiquement ferm\u00e9e, \u00e0 l&rsquo;abri de la chaleur et de la lumi\u00e8re, apr\u00e8s ouverture elle doit \u00eatre conserv\u00e9e au r\u00e9frig\u00e9rateur. Elle doit \u00eatre laiss\u00e9e dans un endroit invisible aux enfants. <\/p>\n<hr>\n<p><small><strong>Bibliographie<\/strong> :<\/small><\/p>\n<p><small>Olej z pestek moreli \u2013 w\u0142a\u015bciwo\u015bci lecznicze i porady | PSNT (poznajsienatluszczach.pl)<br \/>\nOlej z pestek moreli \u2013 w\u0142a\u015bciwo\u015bci i dzia\u0142anie. Jak stosowa\u0107 olej z pestek moreli? (ekologia.pl)<br \/>\nOlej z moreli \u2013 na sk\u00f3r\u0119, w\u0142osy czy do picia? W jakim celu stosowa\u0107 olej z pestek moreli? (wapteka.pl)<br \/>\nCharakterystyka olej\u00f3w t\u0142oczonych na zimno z wybranych nasion zi\u00f3\u0142 i pestek owoc\u00f3w,<br \/>\nGo\u017adzik Patrycja, Wroniak Ma\u0142gorzata, Florowska Anna, 202    <\/small><\/p>\n","protected":false},"excerpt":{"rendered":"<p><strong>L&rsquo;huile de noyaux d&rsquo;abricot<\/strong> est une mati\u00e8re premi\u00e8re naturelle, obtenue par pressage \u00e0 froid des amandes des fruits de <em>Prunus armeniaca<\/em>, c&rsquo;est-\u00e0-dire l&rsquo;abricot. Elle se caract\u00e9rise par une consistance l\u00e9g\u00e8re, une couleur jaune claire et un parfum d\u00e9licat et caract\u00e9ristique. <\/p>\n","protected":false},"featured_media":36008,"template":"","meta":[],"product_brand":[],"product_cat":[1311,1296,1307],"product_tag":[],"class_list":{"0":"post-11957","1":"product","2":"type-product","3":"status-publish","4":"has-post-thumbnail","6":"product_cat-huiles-alimentaires-insaturees","7":"product_cat-huiles-alimentaires-et-cosmetiques","8":"product_cat-huiles-cosmetiques","10":"first","11":"instock","12":"shipping-taxable","13":"product-type-simple"},"yoast_head":"<!-- This site is optimized with the Yoast SEO plugin v27.3 - https:\/\/yoast.com\/product\/yoast-seo-wordpress\/ -->\n<title>Huile de noyaux d&#039;abricot - NATURAL POLAND - Distributeur de mati\u00e8res premi\u00e8res en gros<\/title>\n<meta name=\"description\" content=\"L&#039;huile de noyaux d&#039;abricot aux propri\u00e9t\u00e9s cosm\u00e9tiques, alimentaires et pharmaceutiques convient parfaitement aux soins quotidiens, prend soin de la peau, des cheveux et des ongles.\" \/>\n<meta name=\"robots\" content=\"index, follow, max-snippet:-1, max-image-preview:large, max-video-preview:-1\" \/>\n<link rel=\"canonical\" href=\"https:\/\/naturalpoland.com\/fr\/produkty\/produits-pour-lindustrie-alimentaire\/huiles-alimentaires-insaturees\/huile-de-noyaux-dabricot\/\" \/>\n<meta property=\"og:locale\" content=\"fr_FR\" \/>\n<meta property=\"og:type\" content=\"article\" \/>\n<meta property=\"og:title\" content=\"Huile de noyaux d&#039;abricot - NATURAL POLAND - Distributeur de mati\u00e8res premi\u00e8res en gros\" \/>\n<meta property=\"og:description\" content=\"L&#039;huile de noyaux d&#039;abricot aux propri\u00e9t\u00e9s cosm\u00e9tiques, alimentaires et pharmaceutiques convient parfaitement aux soins quotidiens, prend soin de la peau, des cheveux et des ongles.\" \/>\n<meta property=\"og:url\" content=\"https:\/\/naturalpoland.com\/fr\/produkty\/produits-pour-lindustrie-alimentaire\/huiles-alimentaires-insaturees\/huile-de-noyaux-dabricot\/\" \/>\n<meta property=\"og:site_name\" content=\"NATURAL POLAND - Distributeur de mati\u00e8res premi\u00e8res en gros\" \/>\n<meta property=\"article:publisher\" content=\"https:\/\/www.facebook.com\/naturalpoland.b2b\" \/>\n<meta property=\"article:modified_time\" content=\"2026-01-07T10:58:32+00:00\" \/>\n<meta property=\"og:image\" content=\"https:\/\/naturalpoland.com\/wp-content\/uploads\/olej-z-pestek-moreli.webp\" \/>\n\t<meta property=\"og:image:width\" content=\"619\" \/>\n\t<meta property=\"og:image:height\" content=\"619\" \/>\n\t<meta property=\"og:image:type\" content=\"image\/webp\" \/>\n<script type=\"application\/ld+json\" class=\"yoast-schema-graph\">{\"@context\":\"https:\\\/\\\/schema.org\",\"@graph\":[{\"@type\":\"WebPage\",\"@id\":\"https:\\\/\\\/naturalpoland.com\\\/fr\\\/produkty\\\/produits-pour-lindustrie-alimentaire\\\/huiles-alimentaires-insaturees\\\/huile-de-noyaux-dabricot\\\/\",\"url\":\"https:\\\/\\\/naturalpoland.com\\\/fr\\\/produkty\\\/produits-pour-lindustrie-alimentaire\\\/huiles-alimentaires-insaturees\\\/huile-de-noyaux-dabricot\\\/\",\"name\":\"Huile de noyaux d'abricot - NATURAL POLAND - Distributeur de mati\u00e8res premi\u00e8res en gros\",\"isPartOf\":{\"@id\":\"https:\\\/\\\/naturalpoland.com\\\/fr\\\/#website\"},\"primaryImageOfPage\":{\"@id\":\"https:\\\/\\\/naturalpoland.com\\\/fr\\\/produkty\\\/produits-pour-lindustrie-alimentaire\\\/huiles-alimentaires-insaturees\\\/huile-de-noyaux-dabricot\\\/#primaryimage\"},\"image\":{\"@id\":\"https:\\\/\\\/naturalpoland.com\\\/fr\\\/produkty\\\/produits-pour-lindustrie-alimentaire\\\/huiles-alimentaires-insaturees\\\/huile-de-noyaux-dabricot\\\/#primaryimage\"},\"thumbnailUrl\":\"https:\\\/\\\/naturalpoland.com\\\/wp-content\\\/uploads\\\/olej-z-pestek-moreli.webp\",\"datePublished\":\"2021-05-11T11:52:10+00:00\",\"dateModified\":\"2026-01-07T10:58:32+00:00\",\"description\":\"L'huile de noyaux d'abricot aux propri\u00e9t\u00e9s cosm\u00e9tiques, alimentaires et pharmaceutiques convient parfaitement aux soins quotidiens, prend soin de la peau, des cheveux et des ongles.\",\"breadcrumb\":{\"@id\":\"https:\\\/\\\/naturalpoland.com\\\/fr\\\/produkty\\\/produits-pour-lindustrie-alimentaire\\\/huiles-alimentaires-insaturees\\\/huile-de-noyaux-dabricot\\\/#breadcrumb\"},\"inLanguage\":\"fr-FR\",\"potentialAction\":[{\"@type\":\"ReadAction\",\"target\":[\"https:\\\/\\\/naturalpoland.com\\\/fr\\\/produkty\\\/produits-pour-lindustrie-alimentaire\\\/huiles-alimentaires-insaturees\\\/huile-de-noyaux-dabricot\\\/\"]}]},{\"@type\":\"ImageObject\",\"inLanguage\":\"fr-FR\",\"@id\":\"https:\\\/\\\/naturalpoland.com\\\/fr\\\/produkty\\\/produits-pour-lindustrie-alimentaire\\\/huiles-alimentaires-insaturees\\\/huile-de-noyaux-dabricot\\\/#primaryimage\",\"url\":\"https:\\\/\\\/naturalpoland.com\\\/wp-content\\\/uploads\\\/olej-z-pestek-moreli.webp\",\"contentUrl\":\"https:\\\/\\\/naturalpoland.com\\\/wp-content\\\/uploads\\\/olej-z-pestek-moreli.webp\",\"width\":619,\"height\":619,\"caption\":\"huile de noyaux d'abricot\"},{\"@type\":\"BreadcrumbList\",\"@id\":\"https:\\\/\\\/naturalpoland.com\\\/fr\\\/produkty\\\/produits-pour-lindustrie-alimentaire\\\/huiles-alimentaires-insaturees\\\/huile-de-noyaux-dabricot\\\/#breadcrumb\",\"itemListElement\":[{\"@type\":\"ListItem\",\"position\":1,\"name\":\"Accueil\",\"item\":\"https:\\\/\\\/naturalpoland.com\\\/fr\\\/\"},{\"@type\":\"ListItem\",\"position\":2,\"name\":\"Produits\",\"item\":\"https:\\\/\\\/naturalpoland.com\\\/fr\\\/produits\\\/\"},{\"@type\":\"ListItem\",\"position\":3,\"name\":\"Huile de noyaux d&rsquo;abricot\"}]},{\"@type\":\"WebSite\",\"@id\":\"https:\\\/\\\/naturalpoland.com\\\/fr\\\/#website\",\"url\":\"https:\\\/\\\/naturalpoland.com\\\/fr\\\/\",\"name\":\"NATURAL POLAND - Distributeur de mati\u00e8res premi\u00e8res en gros\",\"description\":\"Surowce dla przemys\u0142u spo\u017cywczego, kosmetycznego i farmaceutycznego\",\"publisher\":{\"@id\":\"https:\\\/\\\/naturalpoland.com\\\/fr\\\/#organization\"},\"potentialAction\":[{\"@type\":\"SearchAction\",\"target\":{\"@type\":\"EntryPoint\",\"urlTemplate\":\"https:\\\/\\\/naturalpoland.com\\\/fr\\\/?s={search_term_string}\"},\"query-input\":{\"@type\":\"PropertyValueSpecification\",\"valueRequired\":true,\"valueName\":\"search_term_string\"}}],\"inLanguage\":\"fr-FR\"},{\"@type\":\"Organization\",\"@id\":\"https:\\\/\\\/naturalpoland.com\\\/fr\\\/#organization\",\"name\":\"Natural Poland\",\"url\":\"https:\\\/\\\/naturalpoland.com\\\/fr\\\/\",\"logo\":{\"@type\":\"ImageObject\",\"inLanguage\":\"fr-FR\",\"@id\":\"https:\\\/\\\/naturalpoland.com\\\/fr\\\/#\\\/schema\\\/logo\\\/image\\\/\",\"url\":\"https:\\\/\\\/naturalpoland.com\\\/wp-content\\\/uploads\\\/2021\\\/05\\\/natural-poland-icon.png\",\"contentUrl\":\"https:\\\/\\\/naturalpoland.com\\\/wp-content\\\/uploads\\\/2021\\\/05\\\/natural-poland-icon.png\",\"width\":512,\"height\":512,\"caption\":\"Natural Poland\"},\"image\":{\"@id\":\"https:\\\/\\\/naturalpoland.com\\\/fr\\\/#\\\/schema\\\/logo\\\/image\\\/\"},\"sameAs\":[\"https:\\\/\\\/www.facebook.com\\\/naturalpoland.b2b\",\"https:\\\/\\\/pl.linkedin.com\\\/company\\\/natural-poland\",\"https:\\\/\\\/www.youtube.com\\\/channel\\\/UCgeGGkvOMahZo-xu_MSEWxg\"]}]}<\/script>\n<!-- \/ Yoast SEO plugin. -->","yoast_head_json":{"title":"Huile de noyaux d'abricot - NATURAL POLAND - Distributeur de mati\u00e8res premi\u00e8res en gros","description":"L'huile de noyaux d'abricot aux propri\u00e9t\u00e9s cosm\u00e9tiques, alimentaires et pharmaceutiques convient parfaitement aux soins quotidiens, prend soin de la peau, des cheveux et des ongles.","robots":{"index":"index","follow":"follow","max-snippet":"max-snippet:-1","max-image-preview":"max-image-preview:large","max-video-preview":"max-video-preview:-1"},"canonical":"https:\/\/naturalpoland.com\/fr\/produkty\/produits-pour-lindustrie-alimentaire\/huiles-alimentaires-insaturees\/huile-de-noyaux-dabricot\/","og_locale":"fr_FR","og_type":"article","og_title":"Huile de noyaux d'abricot - NATURAL POLAND - Distributeur de mati\u00e8res premi\u00e8res en gros","og_description":"L'huile de noyaux d'abricot aux propri\u00e9t\u00e9s cosm\u00e9tiques, alimentaires et pharmaceutiques convient parfaitement aux soins quotidiens, prend soin de la peau, des cheveux et des ongles.","og_url":"https:\/\/naturalpoland.com\/fr\/produkty\/produits-pour-lindustrie-alimentaire\/huiles-alimentaires-insaturees\/huile-de-noyaux-dabricot\/","og_site_name":"NATURAL POLAND - Distributeur de mati\u00e8res premi\u00e8res en gros","article_publisher":"https:\/\/www.facebook.com\/naturalpoland.b2b","article_modified_time":"2026-01-07T10:58:32+00:00","og_image":[{"width":619,"height":619,"url":"https:\/\/naturalpoland.com\/wp-content\/uploads\/olej-z-pestek-moreli.webp","type":"image\/webp"}],"schema":{"@context":"https:\/\/schema.org","@graph":[{"@type":"WebPage","@id":"https:\/\/naturalpoland.com\/fr\/produkty\/produits-pour-lindustrie-alimentaire\/huiles-alimentaires-insaturees\/huile-de-noyaux-dabricot\/","url":"https:\/\/naturalpoland.com\/fr\/produkty\/produits-pour-lindustrie-alimentaire\/huiles-alimentaires-insaturees\/huile-de-noyaux-dabricot\/","name":"Huile de noyaux d'abricot - NATURAL POLAND - Distributeur de mati\u00e8res premi\u00e8res en gros","isPartOf":{"@id":"https:\/\/naturalpoland.com\/fr\/#website"},"primaryImageOfPage":{"@id":"https:\/\/naturalpoland.com\/fr\/produkty\/produits-pour-lindustrie-alimentaire\/huiles-alimentaires-insaturees\/huile-de-noyaux-dabricot\/#primaryimage"},"image":{"@id":"https:\/\/naturalpoland.com\/fr\/produkty\/produits-pour-lindustrie-alimentaire\/huiles-alimentaires-insaturees\/huile-de-noyaux-dabricot\/#primaryimage"},"thumbnailUrl":"https:\/\/naturalpoland.com\/wp-content\/uploads\/olej-z-pestek-moreli.webp","datePublished":"2021-05-11T11:52:10+00:00","dateModified":"2026-01-07T10:58:32+00:00","description":"L'huile de noyaux d'abricot aux propri\u00e9t\u00e9s cosm\u00e9tiques, alimentaires et pharmaceutiques convient parfaitement aux soins quotidiens, prend soin de la peau, des cheveux et des ongles.","breadcrumb":{"@id":"https:\/\/naturalpoland.com\/fr\/produkty\/produits-pour-lindustrie-alimentaire\/huiles-alimentaires-insaturees\/huile-de-noyaux-dabricot\/#breadcrumb"},"inLanguage":"fr-FR","potentialAction":[{"@type":"ReadAction","target":["https:\/\/naturalpoland.com\/fr\/produkty\/produits-pour-lindustrie-alimentaire\/huiles-alimentaires-insaturees\/huile-de-noyaux-dabricot\/"]}]},{"@type":"ImageObject","inLanguage":"fr-FR","@id":"https:\/\/naturalpoland.com\/fr\/produkty\/produits-pour-lindustrie-alimentaire\/huiles-alimentaires-insaturees\/huile-de-noyaux-dabricot\/#primaryimage","url":"https:\/\/naturalpoland.com\/wp-content\/uploads\/olej-z-pestek-moreli.webp","contentUrl":"https:\/\/naturalpoland.com\/wp-content\/uploads\/olej-z-pestek-moreli.webp","width":619,"height":619,"caption":"huile de noyaux d'abricot"},{"@type":"BreadcrumbList","@id":"https:\/\/naturalpoland.com\/fr\/produkty\/produits-pour-lindustrie-alimentaire\/huiles-alimentaires-insaturees\/huile-de-noyaux-dabricot\/#breadcrumb","itemListElement":[{"@type":"ListItem","position":1,"name":"Accueil","item":"https:\/\/naturalpoland.com\/fr\/"},{"@type":"ListItem","position":2,"name":"Produits","item":"https:\/\/naturalpoland.com\/fr\/produits\/"},{"@type":"ListItem","position":3,"name":"Huile de noyaux d&rsquo;abricot"}]},{"@type":"WebSite","@id":"https:\/\/naturalpoland.com\/fr\/#website","url":"https:\/\/naturalpoland.com\/fr\/","name":"NATURAL POLAND - Distributeur de mati\u00e8res premi\u00e8res en gros","description":"Surowce dla przemys\u0142u spo\u017cywczego, kosmetycznego i farmaceutycznego","publisher":{"@id":"https:\/\/naturalpoland.com\/fr\/#organization"},"potentialAction":[{"@type":"SearchAction","target":{"@type":"EntryPoint","urlTemplate":"https:\/\/naturalpoland.com\/fr\/?s={search_term_string}"},"query-input":{"@type":"PropertyValueSpecification","valueRequired":true,"valueName":"search_term_string"}}],"inLanguage":"fr-FR"},{"@type":"Organization","@id":"https:\/\/naturalpoland.com\/fr\/#organization","name":"Natural Poland","url":"https:\/\/naturalpoland.com\/fr\/","logo":{"@type":"ImageObject","inLanguage":"fr-FR","@id":"https:\/\/naturalpoland.com\/fr\/#\/schema\/logo\/image\/","url":"https:\/\/naturalpoland.com\/wp-content\/uploads\/2021\/05\/natural-poland-icon.png","contentUrl":"https:\/\/naturalpoland.com\/wp-content\/uploads\/2021\/05\/natural-poland-icon.png","width":512,"height":512,"caption":"Natural Poland"},"image":{"@id":"https:\/\/naturalpoland.com\/fr\/#\/schema\/logo\/image\/"},"sameAs":["https:\/\/www.facebook.com\/naturalpoland.b2b","https:\/\/pl.linkedin.com\/company\/natural-poland","https:\/\/www.youtube.com\/channel\/UCgeGGkvOMahZo-xu_MSEWxg"]}]}},"_links":{"self":[{"href":"https:\/\/naturalpoland.com\/fr\/wp-json\/wp\/v2\/product\/11957","targetHints":{"allow":["GET"]}}],"collection":[{"href":"https:\/\/naturalpoland.com\/fr\/wp-json\/wp\/v2\/product"}],"about":[{"href":"https:\/\/naturalpoland.com\/fr\/wp-json\/wp\/v2\/types\/product"}],"wp:featuredmedia":[{"embeddable":true,"href":"https:\/\/naturalpoland.com\/fr\/wp-json\/wp\/v2\/media\/36008"}],"wp:attachment":[{"href":"https:\/\/naturalpoland.com\/fr\/wp-json\/wp\/v2\/media?parent=11957"}],"wp:term":[{"taxonomy":"product_brand","embeddable":true,"href":"https:\/\/naturalpoland.com\/fr\/wp-json\/wp\/v2\/product_brand?post=11957"},{"taxonomy":"product_cat","embeddable":true,"href":"https:\/\/naturalpoland.com\/fr\/wp-json\/wp\/v2\/product_cat?post=11957"},{"taxonomy":"product_tag","embeddable":true,"href":"https:\/\/naturalpoland.com\/fr\/wp-json\/wp\/v2\/product_tag?post=11957"}],"curies":[{"name":"wp","href":"https:\/\/api.w.org\/{rel}","templated":true}]}}