{"id":11963,"date":"2021-05-11T13:52:32","date_gmt":"2021-09-21T12:36:48","guid":{"rendered":"https:\/\/naturalpoland.pl\/produkty\/non class\u00e9\/lhuile-de-lin\/"},"modified":"2021-09-21T14:36:48","modified_gmt":"2021-09-21T12:36:48","slug":"lhuile-de-lin","status":"publish","type":"product","link":"https:\/\/naturalpoland.com\/fr\/produkty\/produits-pour-lindustrie-alimentaire\/huiles-alimentaires-insaturees\/lhuile-de-lin\/","title":{"rendered":"L&rsquo;huile de lin"},"content":{"rendered":"<p>L&rsquo;huile de lin aide \u00e0 perdre du poids et r\u00e9duit les bouff\u00e9es de chaleur lors de probl\u00e8mes menstruels.<\/p>\n<p>Dans l&rsquo;industrie cosm\u00e9tique, l&rsquo;huile peut \u00eatre utilis\u00e9e comme additif aux produits de soin, tels que les nettoyants pour le visage, les gels douche, les cr\u00e8mes hydratantes, les cr\u00e8mes solaires, les masques faciaux. L&rsquo;huile de lin aide \u00e0 combattre les probl\u00e8mes de peau et a \u00e9galement un effet hydratant. De plus, cette huile am\u00e9liore le teint de la peau, r\u00e9duit les cernes sous les yeux et r\u00e9duit les rides. Lorsqu&rsquo;il est appliqu\u00e9 sur les cheveux, il acc\u00e9l\u00e8re leur croissance et les rend brillants et forts.<\/p>\n","protected":false},"excerpt":{"rendered":"<p>Huile de lin \u00e0 haute valeur nutritionnelle pour le corps humain. L&rsquo;huile est de qualit\u00e9 alimentaire et cosm\u00e9tique. Ce produit est un excellent ajout \u00e0 de nombreux plats. Il peut \u00e9galement \u00eatre utilis\u00e9 dans l&rsquo;industrie cosm\u00e9tique.<\/p>\n<p>Les vitamines A, B, E et K ainsi que l&rsquo;acide linol\u00e9ique dans l&rsquo;huile aident \u00e0 normaliser les processus m\u00e9taboliques, \u00e0 augmenter l&rsquo;\u00e9lasticit\u00e9 des vaisseaux sanguins et \u00e0 r\u00e9guler le syst\u00e8me digestif.<\/p>\n","protected":false},"featured_media":11967,"template":"","meta":{"_acf_changed":false},"product_brand":[],"product_cat":[1311,1296,1307],"product_tag":[],"class_list":{"0":"post-11963","1":"product","2":"type-product","3":"status-publish","4":"has-post-thumbnail","6":"product_cat-huiles-alimentaires-insaturees","7":"product_cat-huiles-alimentaires-et-cosmetiques","8":"product_cat-huiles-cosmetiques","9":"pa_grupa-substancji-emollients-fr","11":"first","12":"instock","13":"shipping-taxable","14":"product-type-simple"},"acf":[],"yoast_head":"<!-- This site is optimized with the Yoast SEO plugin v27.5 - https:\/\/yoast.com\/product\/yoast-seo-wordpress\/ -->\n<title>L&#039;huile de lin - Distributeur en gros<\/title>\n<meta name=\"description\" content=\"Huile de lin \u00e0 haute valeur nutritionnelle pour le corps humain. L&#039;huile est de qualit\u00e9 alimentaire et cosm\u00e9tique.\" \/>\n<meta name=\"robots\" content=\"index, follow, max-snippet:-1, max-image-preview:large, max-video-preview:-1\" \/>\n<link rel=\"canonical\" href=\"https:\/\/naturalpoland.com\/fr\/produkty\/produits-pour-lindustrie-alimentaire\/huiles-alimentaires-insaturees\/lhuile-de-lin\/\" \/>\n<meta property=\"og:locale\" content=\"fr_FR\" \/>\n<meta property=\"og:type\" content=\"article\" \/>\n<meta property=\"og:title\" content=\"L&#039;huile de lin - Distributeur en gros\" \/>\n<meta property=\"og:description\" content=\"Huile de lin \u00e0 haute valeur nutritionnelle pour le corps humain. L&#039;huile est de qualit\u00e9 alimentaire et cosm\u00e9tique.\" \/>\n<meta property=\"og:url\" content=\"https:\/\/naturalpoland.com\/fr\/produkty\/produits-pour-lindustrie-alimentaire\/huiles-alimentaires-insaturees\/lhuile-de-lin\/\" \/>\n<meta property=\"og:site_name\" content=\"NATURAL POLAND - Distributeur de mati\u00e8res premi\u00e8res en gros\" \/>\n<meta property=\"article:publisher\" content=\"https:\/\/www.facebook.com\/naturalpoland.b2b\" \/>\n<meta property=\"og:image\" content=\"https:\/\/naturalpoland.com\/wp-content\/uploads\/2021\/05\/flax-seed-oil.jpg\" \/>\n\t<meta property=\"og:image:width\" content=\"800\" \/>\n\t<meta property=\"og:image:height\" content=\"800\" \/>\n\t<meta property=\"og:image:type\" content=\"image\/jpeg\" \/>\n<script type=\"application\/ld+json\" class=\"yoast-schema-graph\">{\"@context\":\"https:\\\/\\\/schema.org\",\"@graph\":[{\"@type\":\"WebPage\",\"@id\":\"https:\\\/\\\/naturalpoland.com\\\/fr\\\/produkty\\\/produits-pour-lindustrie-alimentaire\\\/huiles-alimentaires-insaturees\\\/lhuile-de-lin\\\/\",\"url\":\"https:\\\/\\\/naturalpoland.com\\\/fr\\\/produkty\\\/produits-pour-lindustrie-alimentaire\\\/huiles-alimentaires-insaturees\\\/lhuile-de-lin\\\/\",\"name\":\"L'huile de lin - Distributeur en gros\",\"isPartOf\":{\"@id\":\"https:\\\/\\\/naturalpoland.com\\\/fr\\\/#website\"},\"primaryImageOfPage\":{\"@id\":\"https:\\\/\\\/naturalpoland.com\\\/fr\\\/produkty\\\/produits-pour-lindustrie-alimentaire\\\/huiles-alimentaires-insaturees\\\/lhuile-de-lin\\\/#primaryimage\"},\"image\":{\"@id\":\"https:\\\/\\\/naturalpoland.com\\\/fr\\\/produkty\\\/produits-pour-lindustrie-alimentaire\\\/huiles-alimentaires-insaturees\\\/lhuile-de-lin\\\/#primaryimage\"},\"thumbnailUrl\":\"https:\\\/\\\/naturalpoland.com\\\/wp-content\\\/uploads\\\/2021\\\/05\\\/flax-seed-oil.jpg\",\"datePublished\":\"2021-09-21T12:36:48+00:00\",\"description\":\"Huile de lin \u00e0 haute valeur nutritionnelle pour le corps humain. L'huile est de qualit\u00e9 alimentaire et cosm\u00e9tique.\",\"breadcrumb\":{\"@id\":\"https:\\\/\\\/naturalpoland.com\\\/fr\\\/produkty\\\/produits-pour-lindustrie-alimentaire\\\/huiles-alimentaires-insaturees\\\/lhuile-de-lin\\\/#breadcrumb\"},\"inLanguage\":\"fr-FR\",\"potentialAction\":[{\"@type\":\"ReadAction\",\"target\":[\"https:\\\/\\\/naturalpoland.com\\\/fr\\\/produkty\\\/produits-pour-lindustrie-alimentaire\\\/huiles-alimentaires-insaturees\\\/lhuile-de-lin\\\/\"]}]},{\"@type\":\"ImageObject\",\"inLanguage\":\"fr-FR\",\"@id\":\"https:\\\/\\\/naturalpoland.com\\\/fr\\\/produkty\\\/produits-pour-lindustrie-alimentaire\\\/huiles-alimentaires-insaturees\\\/lhuile-de-lin\\\/#primaryimage\",\"url\":\"https:\\\/\\\/naturalpoland.com\\\/wp-content\\\/uploads\\\/2021\\\/05\\\/flax-seed-oil.jpg\",\"contentUrl\":\"https:\\\/\\\/naturalpoland.com\\\/wp-content\\\/uploads\\\/2021\\\/05\\\/flax-seed-oil.jpg\",\"width\":800,\"height\":800},{\"@type\":\"BreadcrumbList\",\"@id\":\"https:\\\/\\\/naturalpoland.com\\\/fr\\\/produkty\\\/produits-pour-lindustrie-alimentaire\\\/huiles-alimentaires-insaturees\\\/lhuile-de-lin\\\/#breadcrumb\",\"itemListElement\":[{\"@type\":\"ListItem\",\"position\":1,\"name\":\"Accueil\",\"item\":\"https:\\\/\\\/naturalpoland.com\\\/fr\\\/\"},{\"@type\":\"ListItem\",\"position\":2,\"name\":\"Produits\",\"item\":\"https:\\\/\\\/naturalpoland.com\\\/fr\\\/produits\\\/\"},{\"@type\":\"ListItem\",\"position\":3,\"name\":\"L&rsquo;huile de lin\"}]},{\"@type\":\"WebSite\",\"@id\":\"https:\\\/\\\/naturalpoland.com\\\/fr\\\/#website\",\"url\":\"https:\\\/\\\/naturalpoland.com\\\/fr\\\/\",\"name\":\"NATURAL POLAND - Distributeur de mati\u00e8res premi\u00e8res en gros\",\"description\":\"Surowce dla przemys\u0142u spo\u017cywczego, kosmetycznego i farmaceutycznego\",\"publisher\":{\"@id\":\"https:\\\/\\\/naturalpoland.com\\\/fr\\\/#organization\"},\"potentialAction\":[{\"@type\":\"SearchAction\",\"target\":{\"@type\":\"EntryPoint\",\"urlTemplate\":\"https:\\\/\\\/naturalpoland.com\\\/fr\\\/?s={search_term_string}\"},\"query-input\":{\"@type\":\"PropertyValueSpecification\",\"valueRequired\":true,\"valueName\":\"search_term_string\"}}],\"inLanguage\":\"fr-FR\"},{\"@type\":\"Organization\",\"@id\":\"https:\\\/\\\/naturalpoland.com\\\/fr\\\/#organization\",\"name\":\"Natural Poland\",\"url\":\"https:\\\/\\\/naturalpoland.com\\\/fr\\\/\",\"logo\":{\"@type\":\"ImageObject\",\"inLanguage\":\"fr-FR\",\"@id\":\"https:\\\/\\\/naturalpoland.com\\\/fr\\\/#\\\/schema\\\/logo\\\/image\\\/\",\"url\":\"https:\\\/\\\/naturalpoland.com\\\/wp-content\\\/uploads\\\/2021\\\/05\\\/natural-poland-icon.png\",\"contentUrl\":\"https:\\\/\\\/naturalpoland.com\\\/wp-content\\\/uploads\\\/2021\\\/05\\\/natural-poland-icon.png\",\"width\":512,\"height\":512,\"caption\":\"Natural Poland\"},\"image\":{\"@id\":\"https:\\\/\\\/naturalpoland.com\\\/fr\\\/#\\\/schema\\\/logo\\\/image\\\/\"},\"sameAs\":[\"https:\\\/\\\/www.facebook.com\\\/naturalpoland.b2b\",\"https:\\\/\\\/pl.linkedin.com\\\/company\\\/natural-poland\",\"https:\\\/\\\/www.youtube.com\\\/channel\\\/UCgeGGkvOMahZo-xu_MSEWxg\"]}]}<\/script>\n<!-- \/ Yoast SEO plugin. -->","yoast_head_json":{"title":"L'huile de lin - Distributeur en gros","description":"Huile de lin \u00e0 haute valeur nutritionnelle pour le corps humain. L'huile est de qualit\u00e9 alimentaire et cosm\u00e9tique.","robots":{"index":"index","follow":"follow","max-snippet":"max-snippet:-1","max-image-preview":"max-image-preview:large","max-video-preview":"max-video-preview:-1"},"canonical":"https:\/\/naturalpoland.com\/fr\/produkty\/produits-pour-lindustrie-alimentaire\/huiles-alimentaires-insaturees\/lhuile-de-lin\/","og_locale":"fr_FR","og_type":"article","og_title":"L'huile de lin - Distributeur en gros","og_description":"Huile de lin \u00e0 haute valeur nutritionnelle pour le corps humain. L'huile est de qualit\u00e9 alimentaire et cosm\u00e9tique.","og_url":"https:\/\/naturalpoland.com\/fr\/produkty\/produits-pour-lindustrie-alimentaire\/huiles-alimentaires-insaturees\/lhuile-de-lin\/","og_site_name":"NATURAL POLAND - Distributeur de mati\u00e8res premi\u00e8res en gros","article_publisher":"https:\/\/www.facebook.com\/naturalpoland.b2b","og_image":[{"width":800,"height":800,"url":"https:\/\/naturalpoland.com\/wp-content\/uploads\/2021\/05\/flax-seed-oil.jpg","type":"image\/jpeg"}],"schema":{"@context":"https:\/\/schema.org","@graph":[{"@type":"WebPage","@id":"https:\/\/naturalpoland.com\/fr\/produkty\/produits-pour-lindustrie-alimentaire\/huiles-alimentaires-insaturees\/lhuile-de-lin\/","url":"https:\/\/naturalpoland.com\/fr\/produkty\/produits-pour-lindustrie-alimentaire\/huiles-alimentaires-insaturees\/lhuile-de-lin\/","name":"L'huile de lin - Distributeur en gros","isPartOf":{"@id":"https:\/\/naturalpoland.com\/fr\/#website"},"primaryImageOfPage":{"@id":"https:\/\/naturalpoland.com\/fr\/produkty\/produits-pour-lindustrie-alimentaire\/huiles-alimentaires-insaturees\/lhuile-de-lin\/#primaryimage"},"image":{"@id":"https:\/\/naturalpoland.com\/fr\/produkty\/produits-pour-lindustrie-alimentaire\/huiles-alimentaires-insaturees\/lhuile-de-lin\/#primaryimage"},"thumbnailUrl":"https:\/\/naturalpoland.com\/wp-content\/uploads\/2021\/05\/flax-seed-oil.jpg","datePublished":"2021-09-21T12:36:48+00:00","description":"Huile de lin \u00e0 haute valeur nutritionnelle pour le corps humain. L'huile est de qualit\u00e9 alimentaire et cosm\u00e9tique.","breadcrumb":{"@id":"https:\/\/naturalpoland.com\/fr\/produkty\/produits-pour-lindustrie-alimentaire\/huiles-alimentaires-insaturees\/lhuile-de-lin\/#breadcrumb"},"inLanguage":"fr-FR","potentialAction":[{"@type":"ReadAction","target":["https:\/\/naturalpoland.com\/fr\/produkty\/produits-pour-lindustrie-alimentaire\/huiles-alimentaires-insaturees\/lhuile-de-lin\/"]}]},{"@type":"ImageObject","inLanguage":"fr-FR","@id":"https:\/\/naturalpoland.com\/fr\/produkty\/produits-pour-lindustrie-alimentaire\/huiles-alimentaires-insaturees\/lhuile-de-lin\/#primaryimage","url":"https:\/\/naturalpoland.com\/wp-content\/uploads\/2021\/05\/flax-seed-oil.jpg","contentUrl":"https:\/\/naturalpoland.com\/wp-content\/uploads\/2021\/05\/flax-seed-oil.jpg","width":800,"height":800},{"@type":"BreadcrumbList","@id":"https:\/\/naturalpoland.com\/fr\/produkty\/produits-pour-lindustrie-alimentaire\/huiles-alimentaires-insaturees\/lhuile-de-lin\/#breadcrumb","itemListElement":[{"@type":"ListItem","position":1,"name":"Accueil","item":"https:\/\/naturalpoland.com\/fr\/"},{"@type":"ListItem","position":2,"name":"Produits","item":"https:\/\/naturalpoland.com\/fr\/produits\/"},{"@type":"ListItem","position":3,"name":"L&rsquo;huile de lin"}]},{"@type":"WebSite","@id":"https:\/\/naturalpoland.com\/fr\/#website","url":"https:\/\/naturalpoland.com\/fr\/","name":"NATURAL POLAND - Distributeur de mati\u00e8res premi\u00e8res en gros","description":"Surowce dla przemys\u0142u spo\u017cywczego, kosmetycznego i farmaceutycznego","publisher":{"@id":"https:\/\/naturalpoland.com\/fr\/#organization"},"potentialAction":[{"@type":"SearchAction","target":{"@type":"EntryPoint","urlTemplate":"https:\/\/naturalpoland.com\/fr\/?s={search_term_string}"},"query-input":{"@type":"PropertyValueSpecification","valueRequired":true,"valueName":"search_term_string"}}],"inLanguage":"fr-FR"},{"@type":"Organization","@id":"https:\/\/naturalpoland.com\/fr\/#organization","name":"Natural Poland","url":"https:\/\/naturalpoland.com\/fr\/","logo":{"@type":"ImageObject","inLanguage":"fr-FR","@id":"https:\/\/naturalpoland.com\/fr\/#\/schema\/logo\/image\/","url":"https:\/\/naturalpoland.com\/wp-content\/uploads\/2021\/05\/natural-poland-icon.png","contentUrl":"https:\/\/naturalpoland.com\/wp-content\/uploads\/2021\/05\/natural-poland-icon.png","width":512,"height":512,"caption":"Natural Poland"},"image":{"@id":"https:\/\/naturalpoland.com\/fr\/#\/schema\/logo\/image\/"},"sameAs":["https:\/\/www.facebook.com\/naturalpoland.b2b","https:\/\/pl.linkedin.com\/company\/natural-poland","https:\/\/www.youtube.com\/channel\/UCgeGGkvOMahZo-xu_MSEWxg"]}]}},"_links":{"self":[{"href":"https:\/\/naturalpoland.com\/fr\/wp-json\/wp\/v2\/product\/11963","targetHints":{"allow":["GET"]}}],"collection":[{"href":"https:\/\/naturalpoland.com\/fr\/wp-json\/wp\/v2\/product"}],"about":[{"href":"https:\/\/naturalpoland.com\/fr\/wp-json\/wp\/v2\/types\/product"}],"wp:featuredmedia":[{"embeddable":true,"href":"https:\/\/naturalpoland.com\/fr\/wp-json\/wp\/v2\/media\/11967"}],"wp:attachment":[{"href":"https:\/\/naturalpoland.com\/fr\/wp-json\/wp\/v2\/media?parent=11963"}],"wp:term":[{"taxonomy":"product_brand","embeddable":true,"href":"https:\/\/naturalpoland.com\/fr\/wp-json\/wp\/v2\/product_brand?post=11963"},{"taxonomy":"product_cat","embeddable":true,"href":"https:\/\/naturalpoland.com\/fr\/wp-json\/wp\/v2\/product_cat?post=11963"},{"taxonomy":"product_tag","embeddable":true,"href":"https:\/\/naturalpoland.com\/fr\/wp-json\/wp\/v2\/product_tag?post=11963"}],"curies":[{"name":"wp","href":"https:\/\/api.w.org\/{rel}","templated":true}]}}