{"id":11995,"date":"2021-05-11T13:52:33","date_gmt":"2021-09-21T12:37:19","guid":{"rendered":"https:\/\/naturalpoland.pl\/produkty\/non%20class\u00e9\/murier-blanc\/"},"modified":"2024-09-18T14:00:35","modified_gmt":"2024-09-18T12:00:35","slug":"murier-fruit-blanc","status":"publish","type":"product","link":"https:\/\/naturalpoland.com\/fr\/produkty\/produits-vegetaux\/murier-fruit-blanc\/","title":{"rendered":"M\u00fbrier blanc"},"content":{"rendered":"<h2>Propri\u00e9t\u00e9s sanitaires du m\u00fbrier blanc :<\/h2>\n<p>  Le m\u00fbrier blanc s\u00e9ch\u00e9 contient de grandes quantit\u00e9s de vitamine C, qui agit comme un puissant antioxydant, soutenant le syst\u00e8me immunitaire et prot\u00e9geant l&rsquo;organisme des radicaux libres.<br \/>\nLe fruit est \u00e9galement une source de fer, de potassium, de phosphore et de magn\u00e9sium, qui soutiennent les syst\u00e8mes circulatoire et musculaire.<br \/>\nEn outre, la m\u00fbre blanche est riche en polyph\u00e9nols, tels que le <strong>resv\u00e9ratrol<\/strong>, qui ont de puissants effets antioxydants et anti-inflammatoires.<br \/>\nLe m\u00fbrier est \u00e9galement une source de <strong>fibres alimentaires<\/strong> qui am\u00e9liorent le p\u00e9ristaltisme intestinal, facilitent la digestion et pr\u00e9viennent la constipation.<br \/>\nCependant, le m\u00fbrier blanc doit sa plus grande popularit\u00e9 \u00e0 une substance qui inhibe la d\u00e9composition des sucres.     C&rsquo;est gr\u00e2ce \u00e0 elle que ces fruits sucr\u00e9s sont utilis\u00e9s dans la lutte contre les kilos inutiles et peuvent constituer un \u00e9l\u00e9ment important de l&rsquo;alimentation des personnes atteintes de diab\u00e8te. Le m\u00fbrier aide \u00e0 abaisser le taux de sucre dans le sang et de cholest\u00e9rol. Il r\u00e9duit \u00e9galement l&rsquo;app\u00e9tit pour les sucreries.  <\/p>\n<h2>Utilisations du fruit du m\u00fbrier blanc :<\/h2>\n<p>  Le fruit du m\u00fbrier sous forme s\u00e9ch\u00e9e peut \u00eatre utilis\u00e9 pour pr\u00e9parer des infusions et des d\u00e9coctions.<br \/>\nIl a une saveur douce, l\u00e9g\u00e8rement noiset\u00e9e, qui s&rsquo;int\u00e8gre bien dans de nombreuses recettes, tant sucr\u00e9es que sal\u00e9es.<br \/>\nLes fruits s\u00e9ch\u00e9s peuvent \u00e9galement \u00eatre consomm\u00e9s seuls ou ajout\u00e9s aux flocons d&rsquo;avoine, au muesli, aux smoothies, aux p\u00e2tisseries sucr\u00e9es, aux salades ou aux desserts.    &nbsp;<\/p>\n","protected":false},"excerpt":{"rendered":"<p>Le fruit du m\u00fbrier blanc<em>(Morus alba<\/em>) ressemble \u00e0 une framboise ou \u00e0 une m\u00fbre.<br \/>\nOriginaire d&rsquo;Asie, il est aujourd&rsquo;hui \u00e9galement cultiv\u00e9 en Europe et en Am\u00e9rique.<br \/>\nIl a un go\u00fbt sucr\u00e9, l\u00e9g\u00e8rement fade.<br \/>\nLa m\u00fbre blanche s\u00e9ch\u00e9e pr\u00e9serve les nutriments : fibres, vitamine C, fer, potassium et antioxydants.   <\/p>\n","protected":false},"featured_media":35708,"template":"","meta":{"_acf_changed":false},"product_brand":[],"product_cat":[1314],"product_tag":[],"class_list":{"0":"post-11995","1":"product","2":"type-product","3":"status-publish","4":"has-post-thumbnail","6":"product_cat-produits-vegetaux","8":"first","9":"instock","10":"shipping-taxable","11":"product-type-simple"},"acf":[],"yoast_head":"<!-- This site is optimized with the Yoast SEO plugin v27.6 - https:\/\/yoast.com\/product\/yoast-seo-wordpress\/ -->\n<title>M\u00fbrier blanc - NATURAL POLAND - Distributeur de mati\u00e8res premi\u00e8res en gros<\/title>\n<meta name=\"description\" content=\"Le m\u00fbrier blanc a des effets anti-inflammatoires, aide \u00e0 lutter contre l&#039;ob\u00e9sit\u00e9 et r\u00e9gule le taux de cholest\u00e9rol et de sucre dans le sang.\" \/>\n<meta name=\"robots\" content=\"index, follow, max-snippet:-1, max-image-preview:large, max-video-preview:-1\" \/>\n<link rel=\"canonical\" href=\"https:\/\/naturalpoland.com\/fr\/produkty\/produits-vegetaux\/murier-fruit-blanc\/\" \/>\n<meta property=\"og:locale\" content=\"fr_FR\" \/>\n<meta property=\"og:type\" content=\"article\" \/>\n<meta property=\"og:title\" content=\"M\u00fbrier blanc - NATURAL POLAND - Distributeur de mati\u00e8res premi\u00e8res en gros\" \/>\n<meta property=\"og:description\" content=\"Le m\u00fbrier blanc a des effets anti-inflammatoires, aide \u00e0 lutter contre l&#039;ob\u00e9sit\u00e9 et r\u00e9gule le taux de cholest\u00e9rol et de sucre dans le sang.\" \/>\n<meta property=\"og:url\" content=\"https:\/\/naturalpoland.com\/fr\/produkty\/produits-vegetaux\/murier-fruit-blanc\/\" \/>\n<meta property=\"og:site_name\" content=\"NATURAL POLAND - Distributeur de mati\u00e8res premi\u00e8res en gros\" \/>\n<meta property=\"article:publisher\" content=\"https:\/\/www.facebook.com\/naturalpoland.b2b\" \/>\n<meta property=\"article:modified_time\" content=\"2024-09-18T12:00:35+00:00\" \/>\n<meta property=\"og:image\" content=\"https:\/\/naturalpoland.com\/wp-content\/uploads\/owoc-morwy-bialej.webp\" \/>\n\t<meta property=\"og:image:width\" content=\"700\" \/>\n\t<meta property=\"og:image:height\" content=\"700\" \/>\n\t<meta property=\"og:image:type\" content=\"image\/webp\" \/>\n<script type=\"application\/ld+json\" class=\"yoast-schema-graph\">{\"@context\":\"https:\\\/\\\/schema.org\",\"@graph\":[{\"@type\":\"WebPage\",\"@id\":\"https:\\\/\\\/naturalpoland.com\\\/fr\\\/produkty\\\/produits-vegetaux\\\/murier-fruit-blanc\\\/\",\"url\":\"https:\\\/\\\/naturalpoland.com\\\/fr\\\/produkty\\\/produits-vegetaux\\\/murier-fruit-blanc\\\/\",\"name\":\"M\u00fbrier blanc - NATURAL POLAND - Distributeur de mati\u00e8res premi\u00e8res en gros\",\"isPartOf\":{\"@id\":\"https:\\\/\\\/naturalpoland.com\\\/fr\\\/#website\"},\"primaryImageOfPage\":{\"@id\":\"https:\\\/\\\/naturalpoland.com\\\/fr\\\/produkty\\\/produits-vegetaux\\\/murier-fruit-blanc\\\/#primaryimage\"},\"image\":{\"@id\":\"https:\\\/\\\/naturalpoland.com\\\/fr\\\/produkty\\\/produits-vegetaux\\\/murier-fruit-blanc\\\/#primaryimage\"},\"thumbnailUrl\":\"https:\\\/\\\/naturalpoland.com\\\/wp-content\\\/uploads\\\/owoc-morwy-bialej.webp\",\"datePublished\":\"2021-09-21T12:37:19+00:00\",\"dateModified\":\"2024-09-18T12:00:35+00:00\",\"description\":\"Le m\u00fbrier blanc a des effets anti-inflammatoires, aide \u00e0 lutter contre l'ob\u00e9sit\u00e9 et r\u00e9gule le taux de cholest\u00e9rol et de sucre dans le sang.\",\"breadcrumb\":{\"@id\":\"https:\\\/\\\/naturalpoland.com\\\/fr\\\/produkty\\\/produits-vegetaux\\\/murier-fruit-blanc\\\/#breadcrumb\"},\"inLanguage\":\"fr-FR\",\"potentialAction\":[{\"@type\":\"ReadAction\",\"target\":[\"https:\\\/\\\/naturalpoland.com\\\/fr\\\/produkty\\\/produits-vegetaux\\\/murier-fruit-blanc\\\/\"]}]},{\"@type\":\"ImageObject\",\"inLanguage\":\"fr-FR\",\"@id\":\"https:\\\/\\\/naturalpoland.com\\\/fr\\\/produkty\\\/produits-vegetaux\\\/murier-fruit-blanc\\\/#primaryimage\",\"url\":\"https:\\\/\\\/naturalpoland.com\\\/wp-content\\\/uploads\\\/owoc-morwy-bialej.webp\",\"contentUrl\":\"https:\\\/\\\/naturalpoland.com\\\/wp-content\\\/uploads\\\/owoc-morwy-bialej.webp\",\"width\":700,\"height\":700,\"caption\":\"owoce morwy bia\u0142ej\"},{\"@type\":\"BreadcrumbList\",\"@id\":\"https:\\\/\\\/naturalpoland.com\\\/fr\\\/produkty\\\/produits-vegetaux\\\/murier-fruit-blanc\\\/#breadcrumb\",\"itemListElement\":[{\"@type\":\"ListItem\",\"position\":1,\"name\":\"Accueil\",\"item\":\"https:\\\/\\\/naturalpoland.com\\\/fr\\\/\"},{\"@type\":\"ListItem\",\"position\":2,\"name\":\"Produits\",\"item\":\"https:\\\/\\\/naturalpoland.com\\\/fr\\\/produits\\\/\"},{\"@type\":\"ListItem\",\"position\":3,\"name\":\"M\u00fbrier blanc\"}]},{\"@type\":\"WebSite\",\"@id\":\"https:\\\/\\\/naturalpoland.com\\\/fr\\\/#website\",\"url\":\"https:\\\/\\\/naturalpoland.com\\\/fr\\\/\",\"name\":\"NATURAL POLAND - Distributeur de mati\u00e8res premi\u00e8res en gros\",\"description\":\"Surowce dla przemys\u0142u spo\u017cywczego, kosmetycznego i farmaceutycznego\",\"publisher\":{\"@id\":\"https:\\\/\\\/naturalpoland.com\\\/fr\\\/#organization\"},\"potentialAction\":[{\"@type\":\"SearchAction\",\"target\":{\"@type\":\"EntryPoint\",\"urlTemplate\":\"https:\\\/\\\/naturalpoland.com\\\/fr\\\/?s={search_term_string}\"},\"query-input\":{\"@type\":\"PropertyValueSpecification\",\"valueRequired\":true,\"valueName\":\"search_term_string\"}}],\"inLanguage\":\"fr-FR\"},{\"@type\":\"Organization\",\"@id\":\"https:\\\/\\\/naturalpoland.com\\\/fr\\\/#organization\",\"name\":\"Natural Poland\",\"url\":\"https:\\\/\\\/naturalpoland.com\\\/fr\\\/\",\"logo\":{\"@type\":\"ImageObject\",\"inLanguage\":\"fr-FR\",\"@id\":\"https:\\\/\\\/naturalpoland.com\\\/fr\\\/#\\\/schema\\\/logo\\\/image\\\/\",\"url\":\"https:\\\/\\\/naturalpoland.com\\\/wp-content\\\/uploads\\\/2021\\\/05\\\/natural-poland-icon.png\",\"contentUrl\":\"https:\\\/\\\/naturalpoland.com\\\/wp-content\\\/uploads\\\/2021\\\/05\\\/natural-poland-icon.png\",\"width\":512,\"height\":512,\"caption\":\"Natural Poland\"},\"image\":{\"@id\":\"https:\\\/\\\/naturalpoland.com\\\/fr\\\/#\\\/schema\\\/logo\\\/image\\\/\"},\"sameAs\":[\"https:\\\/\\\/www.facebook.com\\\/naturalpoland.b2b\",\"https:\\\/\\\/pl.linkedin.com\\\/company\\\/natural-poland\",\"https:\\\/\\\/www.youtube.com\\\/channel\\\/UCgeGGkvOMahZo-xu_MSEWxg\"]}]}<\/script>\n<!-- \/ Yoast SEO plugin. -->","yoast_head_json":{"title":"M\u00fbrier blanc - NATURAL POLAND - Distributeur de mati\u00e8res premi\u00e8res en gros","description":"Le m\u00fbrier blanc a des effets anti-inflammatoires, aide \u00e0 lutter contre l'ob\u00e9sit\u00e9 et r\u00e9gule le taux de cholest\u00e9rol et de sucre dans le sang.","robots":{"index":"index","follow":"follow","max-snippet":"max-snippet:-1","max-image-preview":"max-image-preview:large","max-video-preview":"max-video-preview:-1"},"canonical":"https:\/\/naturalpoland.com\/fr\/produkty\/produits-vegetaux\/murier-fruit-blanc\/","og_locale":"fr_FR","og_type":"article","og_title":"M\u00fbrier blanc - NATURAL POLAND - Distributeur de mati\u00e8res premi\u00e8res en gros","og_description":"Le m\u00fbrier blanc a des effets anti-inflammatoires, aide \u00e0 lutter contre l'ob\u00e9sit\u00e9 et r\u00e9gule le taux de cholest\u00e9rol et de sucre dans le sang.","og_url":"https:\/\/naturalpoland.com\/fr\/produkty\/produits-vegetaux\/murier-fruit-blanc\/","og_site_name":"NATURAL POLAND - Distributeur de mati\u00e8res premi\u00e8res en gros","article_publisher":"https:\/\/www.facebook.com\/naturalpoland.b2b","article_modified_time":"2024-09-18T12:00:35+00:00","og_image":[{"width":700,"height":700,"url":"https:\/\/naturalpoland.com\/wp-content\/uploads\/owoc-morwy-bialej.webp","type":"image\/webp"}],"schema":{"@context":"https:\/\/schema.org","@graph":[{"@type":"WebPage","@id":"https:\/\/naturalpoland.com\/fr\/produkty\/produits-vegetaux\/murier-fruit-blanc\/","url":"https:\/\/naturalpoland.com\/fr\/produkty\/produits-vegetaux\/murier-fruit-blanc\/","name":"M\u00fbrier blanc - NATURAL POLAND - Distributeur de mati\u00e8res premi\u00e8res en gros","isPartOf":{"@id":"https:\/\/naturalpoland.com\/fr\/#website"},"primaryImageOfPage":{"@id":"https:\/\/naturalpoland.com\/fr\/produkty\/produits-vegetaux\/murier-fruit-blanc\/#primaryimage"},"image":{"@id":"https:\/\/naturalpoland.com\/fr\/produkty\/produits-vegetaux\/murier-fruit-blanc\/#primaryimage"},"thumbnailUrl":"https:\/\/naturalpoland.com\/wp-content\/uploads\/owoc-morwy-bialej.webp","datePublished":"2021-09-21T12:37:19+00:00","dateModified":"2024-09-18T12:00:35+00:00","description":"Le m\u00fbrier blanc a des effets anti-inflammatoires, aide \u00e0 lutter contre l'ob\u00e9sit\u00e9 et r\u00e9gule le taux de cholest\u00e9rol et de sucre dans le sang.","breadcrumb":{"@id":"https:\/\/naturalpoland.com\/fr\/produkty\/produits-vegetaux\/murier-fruit-blanc\/#breadcrumb"},"inLanguage":"fr-FR","potentialAction":[{"@type":"ReadAction","target":["https:\/\/naturalpoland.com\/fr\/produkty\/produits-vegetaux\/murier-fruit-blanc\/"]}]},{"@type":"ImageObject","inLanguage":"fr-FR","@id":"https:\/\/naturalpoland.com\/fr\/produkty\/produits-vegetaux\/murier-fruit-blanc\/#primaryimage","url":"https:\/\/naturalpoland.com\/wp-content\/uploads\/owoc-morwy-bialej.webp","contentUrl":"https:\/\/naturalpoland.com\/wp-content\/uploads\/owoc-morwy-bialej.webp","width":700,"height":700,"caption":"owoce morwy bia\u0142ej"},{"@type":"BreadcrumbList","@id":"https:\/\/naturalpoland.com\/fr\/produkty\/produits-vegetaux\/murier-fruit-blanc\/#breadcrumb","itemListElement":[{"@type":"ListItem","position":1,"name":"Accueil","item":"https:\/\/naturalpoland.com\/fr\/"},{"@type":"ListItem","position":2,"name":"Produits","item":"https:\/\/naturalpoland.com\/fr\/produits\/"},{"@type":"ListItem","position":3,"name":"M\u00fbrier blanc"}]},{"@type":"WebSite","@id":"https:\/\/naturalpoland.com\/fr\/#website","url":"https:\/\/naturalpoland.com\/fr\/","name":"NATURAL POLAND - Distributeur de mati\u00e8res premi\u00e8res en gros","description":"Surowce dla przemys\u0142u spo\u017cywczego, kosmetycznego i farmaceutycznego","publisher":{"@id":"https:\/\/naturalpoland.com\/fr\/#organization"},"potentialAction":[{"@type":"SearchAction","target":{"@type":"EntryPoint","urlTemplate":"https:\/\/naturalpoland.com\/fr\/?s={search_term_string}"},"query-input":{"@type":"PropertyValueSpecification","valueRequired":true,"valueName":"search_term_string"}}],"inLanguage":"fr-FR"},{"@type":"Organization","@id":"https:\/\/naturalpoland.com\/fr\/#organization","name":"Natural Poland","url":"https:\/\/naturalpoland.com\/fr\/","logo":{"@type":"ImageObject","inLanguage":"fr-FR","@id":"https:\/\/naturalpoland.com\/fr\/#\/schema\/logo\/image\/","url":"https:\/\/naturalpoland.com\/wp-content\/uploads\/2021\/05\/natural-poland-icon.png","contentUrl":"https:\/\/naturalpoland.com\/wp-content\/uploads\/2021\/05\/natural-poland-icon.png","width":512,"height":512,"caption":"Natural Poland"},"image":{"@id":"https:\/\/naturalpoland.com\/fr\/#\/schema\/logo\/image\/"},"sameAs":["https:\/\/www.facebook.com\/naturalpoland.b2b","https:\/\/pl.linkedin.com\/company\/natural-poland","https:\/\/www.youtube.com\/channel\/UCgeGGkvOMahZo-xu_MSEWxg"]}]}},"_links":{"self":[{"href":"https:\/\/naturalpoland.com\/fr\/wp-json\/wp\/v2\/product\/11995","targetHints":{"allow":["GET"]}}],"collection":[{"href":"https:\/\/naturalpoland.com\/fr\/wp-json\/wp\/v2\/product"}],"about":[{"href":"https:\/\/naturalpoland.com\/fr\/wp-json\/wp\/v2\/types\/product"}],"wp:featuredmedia":[{"embeddable":true,"href":"https:\/\/naturalpoland.com\/fr\/wp-json\/wp\/v2\/media\/35708"}],"wp:attachment":[{"href":"https:\/\/naturalpoland.com\/fr\/wp-json\/wp\/v2\/media?parent=11995"}],"wp:term":[{"taxonomy":"product_brand","embeddable":true,"href":"https:\/\/naturalpoland.com\/fr\/wp-json\/wp\/v2\/product_brand?post=11995"},{"taxonomy":"product_cat","embeddable":true,"href":"https:\/\/naturalpoland.com\/fr\/wp-json\/wp\/v2\/product_cat?post=11995"},{"taxonomy":"product_tag","embeddable":true,"href":"https:\/\/naturalpoland.com\/fr\/wp-json\/wp\/v2\/product_tag?post=11995"}],"curies":[{"name":"wp","href":"https:\/\/api.w.org\/{rel}","templated":true}]}}