{"id":12076,"date":"2021-05-11T13:47:46","date_gmt":"2021-09-21T12:54:10","guid":{"rendered":"https:\/\/naturalpoland.pl\/produkty\/non%20class\u00e9\/methylcobalamine-coenzyme-b12\/"},"modified":"2024-11-13T14:26:50","modified_gmt":"2024-11-13T13:26:50","slug":"methylcobalamine-coenzyme-b12","status":"publish","type":"product","link":"https:\/\/naturalpoland.com\/fr\/produkty\/produits-pour-les-industries-pharmaceutiques-et-medicales\/vitamines\/methylcobalamine-coenzyme-b12\/","title":{"rendered":"M\u00e9thylcobalamine (Coenzyme B12)"},"content":{"rendered":"<h2>Principales propri\u00e9t\u00e9s et fonctions de la m\u00e9thylcobalamine :<\/h2>\n<p>La vitamine B12, sous forme de m\u00e9thylcobalamine, soutient les fonctions h\u00e9matopo\u00ef\u00e9tiques, est responsable de la <strong>production d&rsquo;\u00e9rythrocytes<\/strong> (globules rouges) et soutient les processus de synth\u00e8se de l&rsquo;ADN et de l&rsquo;ARN. Elle pr\u00e9vient ainsi l&rsquo;an\u00e9mie m\u00e9galoblastique et aide \u00e0 \u00e9viter les sympt\u00f4mes tels que la faiblesse, la fatigue, les probl\u00e8mes de concentration et la p\u00e2leur de la peau. La vitamine B12 influence \u00e9galement la fonction des globules blancs, <strong>soutenant l&rsquo;immunit\u00e9<\/strong> et la capacit\u00e9 de l&rsquo;organisme \u00e0 lutter contre les infections. La vitamine B12 est \u00e9galement essentielle \u00e0 la <strong>synth\u00e8se de la my\u00e9line<\/strong>, la gaine protectrice des neurones, ce qui contribue \u00e0 am\u00e9liorer la conduction nerveuse. Elle a un effet positif sur les fonctions cognitives, am\u00e9liorant la m\u00e9moire et la concentration, et r\u00e9duit le risque de maladies neurod\u00e9g\u00e9n\u00e9ratives et de d\u00e9pression. La vitamine B12 contribue \u00e0 <strong>r\u00e9duire la fatigue<\/strong> et \u00e0 am\u00e9liorer le m\u00e9tabolisme \u00e9nerg\u00e9tique. En outre, la m\u00e9thylcobalamine contribue \u00e0 <strong>r\u00e9duire les niveaux d&rsquo;homocyst\u00e9ine<\/strong>, un acide amin\u00e9 li\u00e9 au risque de maladie cardiovasculaire. En r\u00e9gulant les niveaux d&rsquo;homocyst\u00e9ine, elle r\u00e9duit le risque d&rsquo;ath\u00e9roscl\u00e9rose, de crises cardiaques et d&rsquo;accidents vasculaires c\u00e9r\u00e9braux. Les <strong>sources naturelles de vitamine B12<\/strong> sont principalement des produits animaux tels que la viande, le poisson, les \u0153ufs et les produits laitiers. Les suppl\u00e9ments de m\u00e9thylcobalamine sont \u00e9galement recommand\u00e9s pour les personnes \u00e2g\u00e9es, car leur capacit\u00e9 \u00e0 absorber cette vitamine diminue avec l&rsquo;\u00e2ge. <strong>Posologie recommand\u00e9e et s\u00e9curit\u00e9<\/strong> &#8211; La suppl\u00e9mentation en m\u00e9thylcobalamine m\u00e9rite d&rsquo;\u00eatre adapt\u00e9e \u00e0 l&rsquo;individu, g\u00e9n\u00e9ralement \u00e0 raison de 500 \u00e0 1000 \u00b5g par jour, sous la supervision d&rsquo;un m\u00e9decin ou d&rsquo;un nutritionniste. La vitamine B12 est s\u00fbre et ne s&rsquo;accumule pas dans l&rsquo;organisme, l&rsquo;exc\u00e8s \u00e9tant excr\u00e9t\u00e9 dans l&rsquo;urine.  <\/p>\n","protected":false},"excerpt":{"rendered":"<p>La <strong>m\u00e9thylcobalamine<\/strong> (coenzyme B12) est une forme biologiquement active de la <strong>vitamine B12 <\/strong>avec une biodisponibilit\u00e9 \u00e9lev\u00e9e. C&rsquo;est un ingr\u00e9dient populaire dans les compl\u00e9ments alimentaires, en particulier pour les v\u00e9g\u00e9taliens et les v\u00e9g\u00e9tariens, les personnes \u00e2g\u00e9es et les personnes souffrant de troubles de la malabsorption qui risquent d&rsquo;avoir des carences en cette vitamine. <\/p>\n<p>&nbsp;<\/p>\n","protected":false},"featured_media":37749,"template":"","meta":{"_acf_changed":false},"product_brand":[],"product_cat":[1302],"product_tag":[],"class_list":{"0":"post-12076","1":"product","2":"type-product","3":"status-publish","4":"has-post-thumbnail","6":"product_cat-vitamines","8":"first","9":"instock","10":"shipping-taxable","11":"product-type-simple"},"acf":[],"yoast_head":"<!-- This site is optimized with the Yoast SEO plugin v27.5 - https:\/\/yoast.com\/product\/yoast-seo-wordpress\/ -->\n<title>M\u00e9thylcobalamine (Coenzyme B12) - Distributeur en gros de mati\u00e8res premi\u00e8res NATURAL POLAND - Distributeur de mati\u00e8res premi\u00e8res en gros<\/title>\n<meta name=\"description\" content=\"La m\u00e9thylcobalamine est importante pour la pr\u00e9vention et le traitement des carences en vitamine B12 et contribue \u00e0 la sant\u00e9 des syst\u00e8mes nerveux, immunitaire et circulatoire.\" \/>\n<meta name=\"robots\" content=\"index, follow, max-snippet:-1, max-image-preview:large, max-video-preview:-1\" \/>\n<link rel=\"canonical\" href=\"https:\/\/naturalpoland.com\/fr\/produkty\/produits-pour-les-industries-pharmaceutiques-et-medicales\/vitamines\/methylcobalamine-coenzyme-b12\/\" \/>\n<meta property=\"og:locale\" content=\"fr_FR\" \/>\n<meta property=\"og:type\" content=\"article\" \/>\n<meta property=\"og:title\" content=\"M\u00e9thylcobalamine (Coenzyme B12) - Distributeur en gros de mati\u00e8res premi\u00e8res NATURAL POLAND - Distributeur de mati\u00e8res premi\u00e8res en gros\" \/>\n<meta property=\"og:description\" content=\"La m\u00e9thylcobalamine est importante pour la pr\u00e9vention et le traitement des carences en vitamine B12 et contribue \u00e0 la sant\u00e9 des syst\u00e8mes nerveux, immunitaire et circulatoire.\" \/>\n<meta property=\"og:url\" content=\"https:\/\/naturalpoland.com\/fr\/produkty\/produits-pour-les-industries-pharmaceutiques-et-medicales\/vitamines\/methylcobalamine-coenzyme-b12\/\" \/>\n<meta property=\"og:site_name\" content=\"NATURAL POLAND - Distributeur de mati\u00e8res premi\u00e8res en gros\" \/>\n<meta property=\"article:publisher\" content=\"https:\/\/www.facebook.com\/naturalpoland.b2b\" \/>\n<meta property=\"article:modified_time\" content=\"2024-11-13T13:26:50+00:00\" \/>\n<meta property=\"og:image\" content=\"https:\/\/naturalpoland.com\/wp-content\/uploads\/metylokobalamina.webp\" \/>\n\t<meta property=\"og:image:width\" content=\"700\" \/>\n\t<meta property=\"og:image:height\" content=\"700\" \/>\n\t<meta property=\"og:image:type\" content=\"image\/webp\" \/>\n<script type=\"application\/ld+json\" class=\"yoast-schema-graph\">{\"@context\":\"https:\\\/\\\/schema.org\",\"@graph\":[{\"@type\":\"WebPage\",\"@id\":\"https:\\\/\\\/naturalpoland.com\\\/fr\\\/produkty\\\/produits-pour-les-industries-pharmaceutiques-et-medicales\\\/vitamines\\\/methylcobalamine-coenzyme-b12\\\/\",\"url\":\"https:\\\/\\\/naturalpoland.com\\\/fr\\\/produkty\\\/produits-pour-les-industries-pharmaceutiques-et-medicales\\\/vitamines\\\/methylcobalamine-coenzyme-b12\\\/\",\"name\":\"M\u00e9thylcobalamine (Coenzyme B12) - Distributeur en gros de mati\u00e8res premi\u00e8res NATURAL POLAND - Distributeur de mati\u00e8res premi\u00e8res en gros\",\"isPartOf\":{\"@id\":\"https:\\\/\\\/naturalpoland.com\\\/fr\\\/#website\"},\"primaryImageOfPage\":{\"@id\":\"https:\\\/\\\/naturalpoland.com\\\/fr\\\/produkty\\\/produits-pour-les-industries-pharmaceutiques-et-medicales\\\/vitamines\\\/methylcobalamine-coenzyme-b12\\\/#primaryimage\"},\"image\":{\"@id\":\"https:\\\/\\\/naturalpoland.com\\\/fr\\\/produkty\\\/produits-pour-les-industries-pharmaceutiques-et-medicales\\\/vitamines\\\/methylcobalamine-coenzyme-b12\\\/#primaryimage\"},\"thumbnailUrl\":\"https:\\\/\\\/naturalpoland.com\\\/wp-content\\\/uploads\\\/metylokobalamina.webp\",\"datePublished\":\"2021-09-21T12:54:10+00:00\",\"dateModified\":\"2024-11-13T13:26:50+00:00\",\"description\":\"La m\u00e9thylcobalamine est importante pour la pr\u00e9vention et le traitement des carences en vitamine B12 et contribue \u00e0 la sant\u00e9 des syst\u00e8mes nerveux, immunitaire et circulatoire.\",\"breadcrumb\":{\"@id\":\"https:\\\/\\\/naturalpoland.com\\\/fr\\\/produkty\\\/produits-pour-les-industries-pharmaceutiques-et-medicales\\\/vitamines\\\/methylcobalamine-coenzyme-b12\\\/#breadcrumb\"},\"inLanguage\":\"fr-FR\",\"potentialAction\":[{\"@type\":\"ReadAction\",\"target\":[\"https:\\\/\\\/naturalpoland.com\\\/fr\\\/produkty\\\/produits-pour-les-industries-pharmaceutiques-et-medicales\\\/vitamines\\\/methylcobalamine-coenzyme-b12\\\/\"]}]},{\"@type\":\"ImageObject\",\"inLanguage\":\"fr-FR\",\"@id\":\"https:\\\/\\\/naturalpoland.com\\\/fr\\\/produkty\\\/produits-pour-les-industries-pharmaceutiques-et-medicales\\\/vitamines\\\/methylcobalamine-coenzyme-b12\\\/#primaryimage\",\"url\":\"https:\\\/\\\/naturalpoland.com\\\/wp-content\\\/uploads\\\/metylokobalamina.webp\",\"contentUrl\":\"https:\\\/\\\/naturalpoland.com\\\/wp-content\\\/uploads\\\/metylokobalamina.webp\",\"width\":700,\"height\":700,\"caption\":\"Metylokobalamina, witamina B12\"},{\"@type\":\"BreadcrumbList\",\"@id\":\"https:\\\/\\\/naturalpoland.com\\\/fr\\\/produkty\\\/produits-pour-les-industries-pharmaceutiques-et-medicales\\\/vitamines\\\/methylcobalamine-coenzyme-b12\\\/#breadcrumb\",\"itemListElement\":[{\"@type\":\"ListItem\",\"position\":1,\"name\":\"Accueil\",\"item\":\"https:\\\/\\\/naturalpoland.com\\\/fr\\\/\"},{\"@type\":\"ListItem\",\"position\":2,\"name\":\"Produits\",\"item\":\"https:\\\/\\\/naturalpoland.com\\\/fr\\\/produits\\\/\"},{\"@type\":\"ListItem\",\"position\":3,\"name\":\"M\u00e9thylcobalamine (Coenzyme B12)\"}]},{\"@type\":\"WebSite\",\"@id\":\"https:\\\/\\\/naturalpoland.com\\\/fr\\\/#website\",\"url\":\"https:\\\/\\\/naturalpoland.com\\\/fr\\\/\",\"name\":\"NATURAL POLAND - Distributeur de mati\u00e8res premi\u00e8res en gros\",\"description\":\"Surowce dla przemys\u0142u spo\u017cywczego, kosmetycznego i farmaceutycznego\",\"publisher\":{\"@id\":\"https:\\\/\\\/naturalpoland.com\\\/fr\\\/#organization\"},\"potentialAction\":[{\"@type\":\"SearchAction\",\"target\":{\"@type\":\"EntryPoint\",\"urlTemplate\":\"https:\\\/\\\/naturalpoland.com\\\/fr\\\/?s={search_term_string}\"},\"query-input\":{\"@type\":\"PropertyValueSpecification\",\"valueRequired\":true,\"valueName\":\"search_term_string\"}}],\"inLanguage\":\"fr-FR\"},{\"@type\":\"Organization\",\"@id\":\"https:\\\/\\\/naturalpoland.com\\\/fr\\\/#organization\",\"name\":\"Natural Poland\",\"url\":\"https:\\\/\\\/naturalpoland.com\\\/fr\\\/\",\"logo\":{\"@type\":\"ImageObject\",\"inLanguage\":\"fr-FR\",\"@id\":\"https:\\\/\\\/naturalpoland.com\\\/fr\\\/#\\\/schema\\\/logo\\\/image\\\/\",\"url\":\"https:\\\/\\\/naturalpoland.com\\\/wp-content\\\/uploads\\\/2021\\\/05\\\/natural-poland-icon.png\",\"contentUrl\":\"https:\\\/\\\/naturalpoland.com\\\/wp-content\\\/uploads\\\/2021\\\/05\\\/natural-poland-icon.png\",\"width\":512,\"height\":512,\"caption\":\"Natural Poland\"},\"image\":{\"@id\":\"https:\\\/\\\/naturalpoland.com\\\/fr\\\/#\\\/schema\\\/logo\\\/image\\\/\"},\"sameAs\":[\"https:\\\/\\\/www.facebook.com\\\/naturalpoland.b2b\",\"https:\\\/\\\/pl.linkedin.com\\\/company\\\/natural-poland\",\"https:\\\/\\\/www.youtube.com\\\/channel\\\/UCgeGGkvOMahZo-xu_MSEWxg\"]}]}<\/script>\n<!-- \/ Yoast SEO plugin. -->","yoast_head_json":{"title":"M\u00e9thylcobalamine (Coenzyme B12) - Distributeur en gros de mati\u00e8res premi\u00e8res NATURAL POLAND - Distributeur de mati\u00e8res premi\u00e8res en gros","description":"La m\u00e9thylcobalamine est importante pour la pr\u00e9vention et le traitement des carences en vitamine B12 et contribue \u00e0 la sant\u00e9 des syst\u00e8mes nerveux, immunitaire et circulatoire.","robots":{"index":"index","follow":"follow","max-snippet":"max-snippet:-1","max-image-preview":"max-image-preview:large","max-video-preview":"max-video-preview:-1"},"canonical":"https:\/\/naturalpoland.com\/fr\/produkty\/produits-pour-les-industries-pharmaceutiques-et-medicales\/vitamines\/methylcobalamine-coenzyme-b12\/","og_locale":"fr_FR","og_type":"article","og_title":"M\u00e9thylcobalamine (Coenzyme B12) - Distributeur en gros de mati\u00e8res premi\u00e8res NATURAL POLAND - Distributeur de mati\u00e8res premi\u00e8res en gros","og_description":"La m\u00e9thylcobalamine est importante pour la pr\u00e9vention et le traitement des carences en vitamine B12 et contribue \u00e0 la sant\u00e9 des syst\u00e8mes nerveux, immunitaire et circulatoire.","og_url":"https:\/\/naturalpoland.com\/fr\/produkty\/produits-pour-les-industries-pharmaceutiques-et-medicales\/vitamines\/methylcobalamine-coenzyme-b12\/","og_site_name":"NATURAL POLAND - Distributeur de mati\u00e8res premi\u00e8res en gros","article_publisher":"https:\/\/www.facebook.com\/naturalpoland.b2b","article_modified_time":"2024-11-13T13:26:50+00:00","og_image":[{"width":700,"height":700,"url":"https:\/\/naturalpoland.com\/wp-content\/uploads\/metylokobalamina.webp","type":"image\/webp"}],"schema":{"@context":"https:\/\/schema.org","@graph":[{"@type":"WebPage","@id":"https:\/\/naturalpoland.com\/fr\/produkty\/produits-pour-les-industries-pharmaceutiques-et-medicales\/vitamines\/methylcobalamine-coenzyme-b12\/","url":"https:\/\/naturalpoland.com\/fr\/produkty\/produits-pour-les-industries-pharmaceutiques-et-medicales\/vitamines\/methylcobalamine-coenzyme-b12\/","name":"M\u00e9thylcobalamine (Coenzyme B12) - Distributeur en gros de mati\u00e8res premi\u00e8res NATURAL POLAND - Distributeur de mati\u00e8res premi\u00e8res en gros","isPartOf":{"@id":"https:\/\/naturalpoland.com\/fr\/#website"},"primaryImageOfPage":{"@id":"https:\/\/naturalpoland.com\/fr\/produkty\/produits-pour-les-industries-pharmaceutiques-et-medicales\/vitamines\/methylcobalamine-coenzyme-b12\/#primaryimage"},"image":{"@id":"https:\/\/naturalpoland.com\/fr\/produkty\/produits-pour-les-industries-pharmaceutiques-et-medicales\/vitamines\/methylcobalamine-coenzyme-b12\/#primaryimage"},"thumbnailUrl":"https:\/\/naturalpoland.com\/wp-content\/uploads\/metylokobalamina.webp","datePublished":"2021-09-21T12:54:10+00:00","dateModified":"2024-11-13T13:26:50+00:00","description":"La m\u00e9thylcobalamine est importante pour la pr\u00e9vention et le traitement des carences en vitamine B12 et contribue \u00e0 la sant\u00e9 des syst\u00e8mes nerveux, immunitaire et circulatoire.","breadcrumb":{"@id":"https:\/\/naturalpoland.com\/fr\/produkty\/produits-pour-les-industries-pharmaceutiques-et-medicales\/vitamines\/methylcobalamine-coenzyme-b12\/#breadcrumb"},"inLanguage":"fr-FR","potentialAction":[{"@type":"ReadAction","target":["https:\/\/naturalpoland.com\/fr\/produkty\/produits-pour-les-industries-pharmaceutiques-et-medicales\/vitamines\/methylcobalamine-coenzyme-b12\/"]}]},{"@type":"ImageObject","inLanguage":"fr-FR","@id":"https:\/\/naturalpoland.com\/fr\/produkty\/produits-pour-les-industries-pharmaceutiques-et-medicales\/vitamines\/methylcobalamine-coenzyme-b12\/#primaryimage","url":"https:\/\/naturalpoland.com\/wp-content\/uploads\/metylokobalamina.webp","contentUrl":"https:\/\/naturalpoland.com\/wp-content\/uploads\/metylokobalamina.webp","width":700,"height":700,"caption":"Metylokobalamina, witamina B12"},{"@type":"BreadcrumbList","@id":"https:\/\/naturalpoland.com\/fr\/produkty\/produits-pour-les-industries-pharmaceutiques-et-medicales\/vitamines\/methylcobalamine-coenzyme-b12\/#breadcrumb","itemListElement":[{"@type":"ListItem","position":1,"name":"Accueil","item":"https:\/\/naturalpoland.com\/fr\/"},{"@type":"ListItem","position":2,"name":"Produits","item":"https:\/\/naturalpoland.com\/fr\/produits\/"},{"@type":"ListItem","position":3,"name":"M\u00e9thylcobalamine (Coenzyme B12)"}]},{"@type":"WebSite","@id":"https:\/\/naturalpoland.com\/fr\/#website","url":"https:\/\/naturalpoland.com\/fr\/","name":"NATURAL POLAND - Distributeur de mati\u00e8res premi\u00e8res en gros","description":"Surowce dla przemys\u0142u spo\u017cywczego, kosmetycznego i farmaceutycznego","publisher":{"@id":"https:\/\/naturalpoland.com\/fr\/#organization"},"potentialAction":[{"@type":"SearchAction","target":{"@type":"EntryPoint","urlTemplate":"https:\/\/naturalpoland.com\/fr\/?s={search_term_string}"},"query-input":{"@type":"PropertyValueSpecification","valueRequired":true,"valueName":"search_term_string"}}],"inLanguage":"fr-FR"},{"@type":"Organization","@id":"https:\/\/naturalpoland.com\/fr\/#organization","name":"Natural Poland","url":"https:\/\/naturalpoland.com\/fr\/","logo":{"@type":"ImageObject","inLanguage":"fr-FR","@id":"https:\/\/naturalpoland.com\/fr\/#\/schema\/logo\/image\/","url":"https:\/\/naturalpoland.com\/wp-content\/uploads\/2021\/05\/natural-poland-icon.png","contentUrl":"https:\/\/naturalpoland.com\/wp-content\/uploads\/2021\/05\/natural-poland-icon.png","width":512,"height":512,"caption":"Natural Poland"},"image":{"@id":"https:\/\/naturalpoland.com\/fr\/#\/schema\/logo\/image\/"},"sameAs":["https:\/\/www.facebook.com\/naturalpoland.b2b","https:\/\/pl.linkedin.com\/company\/natural-poland","https:\/\/www.youtube.com\/channel\/UCgeGGkvOMahZo-xu_MSEWxg"]}]}},"_links":{"self":[{"href":"https:\/\/naturalpoland.com\/fr\/wp-json\/wp\/v2\/product\/12076","targetHints":{"allow":["GET"]}}],"collection":[{"href":"https:\/\/naturalpoland.com\/fr\/wp-json\/wp\/v2\/product"}],"about":[{"href":"https:\/\/naturalpoland.com\/fr\/wp-json\/wp\/v2\/types\/product"}],"wp:featuredmedia":[{"embeddable":true,"href":"https:\/\/naturalpoland.com\/fr\/wp-json\/wp\/v2\/media\/37749"}],"wp:attachment":[{"href":"https:\/\/naturalpoland.com\/fr\/wp-json\/wp\/v2\/media?parent=12076"}],"wp:term":[{"taxonomy":"product_brand","embeddable":true,"href":"https:\/\/naturalpoland.com\/fr\/wp-json\/wp\/v2\/product_brand?post=12076"},{"taxonomy":"product_cat","embeddable":true,"href":"https:\/\/naturalpoland.com\/fr\/wp-json\/wp\/v2\/product_cat?post=12076"},{"taxonomy":"product_tag","embeddable":true,"href":"https:\/\/naturalpoland.com\/fr\/wp-json\/wp\/v2\/product_tag?post=12076"}],"curies":[{"name":"wp","href":"https:\/\/api.w.org\/{rel}","templated":true}]}}