{"id":12132,"date":"2021-05-11T13:37:00","date_gmt":"2021-09-21T12:55:25","guid":{"rendered":"https:\/\/naturalpoland.pl\/produkty\/non class\u00e9\/sucre-liquide-de-dattes\/"},"modified":"2021-09-21T14:55:25","modified_gmt":"2021-09-21T12:55:25","slug":"date-du-sucre-liquide","status":"publish","type":"product","link":"https:\/\/naturalpoland.com\/fr\/produkty\/produits-pour-lindustrie-alimentaire\/matieres-premieres-pour-la-production\/date-du-sucre-liquide\/","title":{"rendered":"Sucre liquide de dattes"},"content":{"rendered":"<p>Le sucre de datte liquide contient : du magn\u00e9sium et du calcium, des vitamines A, C, B1, B2 et E. Il contient \u00e9galement des salicylates, qui assurent une protection naturelle contre les virus et les bact\u00e9ries. Ce sucre est choisi par les sportifs et les personnes suivant un r\u00e9gime strict, car il ne contient pas de \u00ab\u00a0calories vides\u00a0\u00bb. Cependant, vous devez vous rappeler qu&rsquo;il existe des personnes allergiques aux dattes.<\/p>\n","protected":false},"excerpt":{"rendered":"<p>Le sucre de datte liquide peut \u00eatre consid\u00e9r\u00e9 comme une alternative beaucoup plus saine au sucre blanc. Parfois, on l&rsquo;appelle<strong> datte miel<\/strong> car il a la consistance d&rsquo;un sirop \u00e9pais et dor\u00e9. Il a un ar\u00f4me et un go\u00fbt agr\u00e9ables, il peut donc \u00eatre utilis\u00e9 comme garniture pour la cr\u00e8me glac\u00e9e, un ajout au caf\u00e9 et aux boissons, et pour la pr\u00e9paration de desserts, y compris des g\u00e2teaux et des biscuits.<\/p>\n","protected":false},"featured_media":12134,"template":"","meta":[],"product_brand":[],"product_cat":[1312],"product_tag":[],"class_list":{"0":"post-12132","1":"product","2":"type-product","3":"status-publish","4":"has-post-thumbnail","6":"product_cat-matieres-premieres-pour-la-production","7":"pa_grupa-substancji-glucides","9":"first","10":"instock","11":"shipping-taxable","12":"product-type-simple"},"yoast_head":"<!-- This site is optimized with the Yoast SEO plugin v27.3 - https:\/\/yoast.com\/product\/yoast-seo-wordpress\/ -->\n<title>Sucre liquide de dattes - Distributeur en gros<\/title>\n<meta name=\"robots\" content=\"index, follow, max-snippet:-1, max-image-preview:large, max-video-preview:-1\" \/>\n<link rel=\"canonical\" href=\"https:\/\/naturalpoland.com\/fr\/produkty\/produits-pour-lindustrie-alimentaire\/matieres-premieres-pour-la-production\/date-du-sucre-liquide\/\" \/>\n<meta property=\"og:locale\" content=\"fr_FR\" \/>\n<meta property=\"og:type\" content=\"article\" \/>\n<meta property=\"og:title\" content=\"Sucre liquide de dattes - Distributeur en gros\" \/>\n<meta property=\"og:description\" content=\"Le sucre de datte liquide peut \u00eatre consid\u00e9r\u00e9 comme une alternative beaucoup plus saine au sucre blanc. Parfois, on l&#039;appelle datte miel car il a la consistance d&#039;un sirop \u00e9pais et dor\u00e9. Il a un ar\u00f4me et un go\u00fbt agr\u00e9ables, il peut donc \u00eatre utilis\u00e9 comme garniture pour la cr\u00e8me glac\u00e9e, un ajout au caf\u00e9 et aux boissons, et pour la pr\u00e9paration de desserts, y compris des g\u00e2teaux et des biscuits.\" \/>\n<meta property=\"og:url\" content=\"https:\/\/naturalpoland.com\/fr\/produkty\/produits-pour-lindustrie-alimentaire\/matieres-premieres-pour-la-production\/date-du-sucre-liquide\/\" \/>\n<meta property=\"og:site_name\" content=\"NATURAL POLAND - Distributeur de mati\u00e8res premi\u00e8res en gros\" \/>\n<meta property=\"article:publisher\" content=\"https:\/\/www.facebook.com\/naturalpoland.b2b\" \/>\n<meta property=\"og:image\" content=\"https:\/\/naturalpoland.com\/wp-content\/uploads\/2021\/05\/dates-liquid-sugar.jpg\" \/>\n\t<meta property=\"og:image:width\" content=\"800\" \/>\n\t<meta property=\"og:image:height\" content=\"532\" \/>\n\t<meta property=\"og:image:type\" content=\"image\/jpeg\" \/>\n<script type=\"application\/ld+json\" class=\"yoast-schema-graph\">{\"@context\":\"https:\\\/\\\/schema.org\",\"@graph\":[{\"@type\":\"WebPage\",\"@id\":\"https:\\\/\\\/naturalpoland.com\\\/fr\\\/produkty\\\/produits-pour-lindustrie-alimentaire\\\/matieres-premieres-pour-la-production\\\/date-du-sucre-liquide\\\/\",\"url\":\"https:\\\/\\\/naturalpoland.com\\\/fr\\\/produkty\\\/produits-pour-lindustrie-alimentaire\\\/matieres-premieres-pour-la-production\\\/date-du-sucre-liquide\\\/\",\"name\":\"Sucre liquide de dattes - Distributeur en gros\",\"isPartOf\":{\"@id\":\"https:\\\/\\\/naturalpoland.com\\\/fr\\\/#website\"},\"primaryImageOfPage\":{\"@id\":\"https:\\\/\\\/naturalpoland.com\\\/fr\\\/produkty\\\/produits-pour-lindustrie-alimentaire\\\/matieres-premieres-pour-la-production\\\/date-du-sucre-liquide\\\/#primaryimage\"},\"image\":{\"@id\":\"https:\\\/\\\/naturalpoland.com\\\/fr\\\/produkty\\\/produits-pour-lindustrie-alimentaire\\\/matieres-premieres-pour-la-production\\\/date-du-sucre-liquide\\\/#primaryimage\"},\"thumbnailUrl\":\"https:\\\/\\\/naturalpoland.com\\\/wp-content\\\/uploads\\\/2021\\\/05\\\/dates-liquid-sugar.jpg\",\"datePublished\":\"2021-09-21T12:55:25+00:00\",\"breadcrumb\":{\"@id\":\"https:\\\/\\\/naturalpoland.com\\\/fr\\\/produkty\\\/produits-pour-lindustrie-alimentaire\\\/matieres-premieres-pour-la-production\\\/date-du-sucre-liquide\\\/#breadcrumb\"},\"inLanguage\":\"fr-FR\",\"potentialAction\":[{\"@type\":\"ReadAction\",\"target\":[\"https:\\\/\\\/naturalpoland.com\\\/fr\\\/produkty\\\/produits-pour-lindustrie-alimentaire\\\/matieres-premieres-pour-la-production\\\/date-du-sucre-liquide\\\/\"]}]},{\"@type\":\"ImageObject\",\"inLanguage\":\"fr-FR\",\"@id\":\"https:\\\/\\\/naturalpoland.com\\\/fr\\\/produkty\\\/produits-pour-lindustrie-alimentaire\\\/matieres-premieres-pour-la-production\\\/date-du-sucre-liquide\\\/#primaryimage\",\"url\":\"https:\\\/\\\/naturalpoland.com\\\/wp-content\\\/uploads\\\/2021\\\/05\\\/dates-liquid-sugar.jpg\",\"contentUrl\":\"https:\\\/\\\/naturalpoland.com\\\/wp-content\\\/uploads\\\/2021\\\/05\\\/dates-liquid-sugar.jpg\",\"width\":800,\"height\":532},{\"@type\":\"BreadcrumbList\",\"@id\":\"https:\\\/\\\/naturalpoland.com\\\/fr\\\/produkty\\\/produits-pour-lindustrie-alimentaire\\\/matieres-premieres-pour-la-production\\\/date-du-sucre-liquide\\\/#breadcrumb\",\"itemListElement\":[{\"@type\":\"ListItem\",\"position\":1,\"name\":\"Accueil\",\"item\":\"https:\\\/\\\/naturalpoland.com\\\/fr\\\/\"},{\"@type\":\"ListItem\",\"position\":2,\"name\":\"Produits\",\"item\":\"https:\\\/\\\/naturalpoland.com\\\/fr\\\/produits\\\/\"},{\"@type\":\"ListItem\",\"position\":3,\"name\":\"Sucre liquide de dattes\"}]},{\"@type\":\"WebSite\",\"@id\":\"https:\\\/\\\/naturalpoland.com\\\/fr\\\/#website\",\"url\":\"https:\\\/\\\/naturalpoland.com\\\/fr\\\/\",\"name\":\"NATURAL POLAND - Distributeur de mati\u00e8res premi\u00e8res en gros\",\"description\":\"Surowce dla przemys\u0142u spo\u017cywczego, kosmetycznego i farmaceutycznego\",\"publisher\":{\"@id\":\"https:\\\/\\\/naturalpoland.com\\\/fr\\\/#organization\"},\"potentialAction\":[{\"@type\":\"SearchAction\",\"target\":{\"@type\":\"EntryPoint\",\"urlTemplate\":\"https:\\\/\\\/naturalpoland.com\\\/fr\\\/?s={search_term_string}\"},\"query-input\":{\"@type\":\"PropertyValueSpecification\",\"valueRequired\":true,\"valueName\":\"search_term_string\"}}],\"inLanguage\":\"fr-FR\"},{\"@type\":\"Organization\",\"@id\":\"https:\\\/\\\/naturalpoland.com\\\/fr\\\/#organization\",\"name\":\"Natural Poland\",\"url\":\"https:\\\/\\\/naturalpoland.com\\\/fr\\\/\",\"logo\":{\"@type\":\"ImageObject\",\"inLanguage\":\"fr-FR\",\"@id\":\"https:\\\/\\\/naturalpoland.com\\\/fr\\\/#\\\/schema\\\/logo\\\/image\\\/\",\"url\":\"https:\\\/\\\/naturalpoland.com\\\/wp-content\\\/uploads\\\/2021\\\/05\\\/natural-poland-icon.png\",\"contentUrl\":\"https:\\\/\\\/naturalpoland.com\\\/wp-content\\\/uploads\\\/2021\\\/05\\\/natural-poland-icon.png\",\"width\":512,\"height\":512,\"caption\":\"Natural Poland\"},\"image\":{\"@id\":\"https:\\\/\\\/naturalpoland.com\\\/fr\\\/#\\\/schema\\\/logo\\\/image\\\/\"},\"sameAs\":[\"https:\\\/\\\/www.facebook.com\\\/naturalpoland.b2b\",\"https:\\\/\\\/pl.linkedin.com\\\/company\\\/natural-poland\",\"https:\\\/\\\/www.youtube.com\\\/channel\\\/UCgeGGkvOMahZo-xu_MSEWxg\"]}]}<\/script>\n<!-- \/ Yoast SEO plugin. -->","yoast_head_json":{"title":"Sucre liquide de dattes - Distributeur en gros","robots":{"index":"index","follow":"follow","max-snippet":"max-snippet:-1","max-image-preview":"max-image-preview:large","max-video-preview":"max-video-preview:-1"},"canonical":"https:\/\/naturalpoland.com\/fr\/produkty\/produits-pour-lindustrie-alimentaire\/matieres-premieres-pour-la-production\/date-du-sucre-liquide\/","og_locale":"fr_FR","og_type":"article","og_title":"Sucre liquide de dattes - Distributeur en gros","og_description":"Le sucre de datte liquide peut \u00eatre consid\u00e9r\u00e9 comme une alternative beaucoup plus saine au sucre blanc. Parfois, on l'appelle datte miel car il a la consistance d'un sirop \u00e9pais et dor\u00e9. Il a un ar\u00f4me et un go\u00fbt agr\u00e9ables, il peut donc \u00eatre utilis\u00e9 comme garniture pour la cr\u00e8me glac\u00e9e, un ajout au caf\u00e9 et aux boissons, et pour la pr\u00e9paration de desserts, y compris des g\u00e2teaux et des biscuits.","og_url":"https:\/\/naturalpoland.com\/fr\/produkty\/produits-pour-lindustrie-alimentaire\/matieres-premieres-pour-la-production\/date-du-sucre-liquide\/","og_site_name":"NATURAL POLAND - Distributeur de mati\u00e8res premi\u00e8res en gros","article_publisher":"https:\/\/www.facebook.com\/naturalpoland.b2b","og_image":[{"width":800,"height":532,"url":"https:\/\/naturalpoland.com\/wp-content\/uploads\/2021\/05\/dates-liquid-sugar.jpg","type":"image\/jpeg"}],"schema":{"@context":"https:\/\/schema.org","@graph":[{"@type":"WebPage","@id":"https:\/\/naturalpoland.com\/fr\/produkty\/produits-pour-lindustrie-alimentaire\/matieres-premieres-pour-la-production\/date-du-sucre-liquide\/","url":"https:\/\/naturalpoland.com\/fr\/produkty\/produits-pour-lindustrie-alimentaire\/matieres-premieres-pour-la-production\/date-du-sucre-liquide\/","name":"Sucre liquide de dattes - Distributeur en gros","isPartOf":{"@id":"https:\/\/naturalpoland.com\/fr\/#website"},"primaryImageOfPage":{"@id":"https:\/\/naturalpoland.com\/fr\/produkty\/produits-pour-lindustrie-alimentaire\/matieres-premieres-pour-la-production\/date-du-sucre-liquide\/#primaryimage"},"image":{"@id":"https:\/\/naturalpoland.com\/fr\/produkty\/produits-pour-lindustrie-alimentaire\/matieres-premieres-pour-la-production\/date-du-sucre-liquide\/#primaryimage"},"thumbnailUrl":"https:\/\/naturalpoland.com\/wp-content\/uploads\/2021\/05\/dates-liquid-sugar.jpg","datePublished":"2021-09-21T12:55:25+00:00","breadcrumb":{"@id":"https:\/\/naturalpoland.com\/fr\/produkty\/produits-pour-lindustrie-alimentaire\/matieres-premieres-pour-la-production\/date-du-sucre-liquide\/#breadcrumb"},"inLanguage":"fr-FR","potentialAction":[{"@type":"ReadAction","target":["https:\/\/naturalpoland.com\/fr\/produkty\/produits-pour-lindustrie-alimentaire\/matieres-premieres-pour-la-production\/date-du-sucre-liquide\/"]}]},{"@type":"ImageObject","inLanguage":"fr-FR","@id":"https:\/\/naturalpoland.com\/fr\/produkty\/produits-pour-lindustrie-alimentaire\/matieres-premieres-pour-la-production\/date-du-sucre-liquide\/#primaryimage","url":"https:\/\/naturalpoland.com\/wp-content\/uploads\/2021\/05\/dates-liquid-sugar.jpg","contentUrl":"https:\/\/naturalpoland.com\/wp-content\/uploads\/2021\/05\/dates-liquid-sugar.jpg","width":800,"height":532},{"@type":"BreadcrumbList","@id":"https:\/\/naturalpoland.com\/fr\/produkty\/produits-pour-lindustrie-alimentaire\/matieres-premieres-pour-la-production\/date-du-sucre-liquide\/#breadcrumb","itemListElement":[{"@type":"ListItem","position":1,"name":"Accueil","item":"https:\/\/naturalpoland.com\/fr\/"},{"@type":"ListItem","position":2,"name":"Produits","item":"https:\/\/naturalpoland.com\/fr\/produits\/"},{"@type":"ListItem","position":3,"name":"Sucre liquide de dattes"}]},{"@type":"WebSite","@id":"https:\/\/naturalpoland.com\/fr\/#website","url":"https:\/\/naturalpoland.com\/fr\/","name":"NATURAL POLAND - Distributeur de mati\u00e8res premi\u00e8res en gros","description":"Surowce dla przemys\u0142u spo\u017cywczego, kosmetycznego i farmaceutycznego","publisher":{"@id":"https:\/\/naturalpoland.com\/fr\/#organization"},"potentialAction":[{"@type":"SearchAction","target":{"@type":"EntryPoint","urlTemplate":"https:\/\/naturalpoland.com\/fr\/?s={search_term_string}"},"query-input":{"@type":"PropertyValueSpecification","valueRequired":true,"valueName":"search_term_string"}}],"inLanguage":"fr-FR"},{"@type":"Organization","@id":"https:\/\/naturalpoland.com\/fr\/#organization","name":"Natural Poland","url":"https:\/\/naturalpoland.com\/fr\/","logo":{"@type":"ImageObject","inLanguage":"fr-FR","@id":"https:\/\/naturalpoland.com\/fr\/#\/schema\/logo\/image\/","url":"https:\/\/naturalpoland.com\/wp-content\/uploads\/2021\/05\/natural-poland-icon.png","contentUrl":"https:\/\/naturalpoland.com\/wp-content\/uploads\/2021\/05\/natural-poland-icon.png","width":512,"height":512,"caption":"Natural Poland"},"image":{"@id":"https:\/\/naturalpoland.com\/fr\/#\/schema\/logo\/image\/"},"sameAs":["https:\/\/www.facebook.com\/naturalpoland.b2b","https:\/\/pl.linkedin.com\/company\/natural-poland","https:\/\/www.youtube.com\/channel\/UCgeGGkvOMahZo-xu_MSEWxg"]}]}},"_links":{"self":[{"href":"https:\/\/naturalpoland.com\/fr\/wp-json\/wp\/v2\/product\/12132","targetHints":{"allow":["GET"]}}],"collection":[{"href":"https:\/\/naturalpoland.com\/fr\/wp-json\/wp\/v2\/product"}],"about":[{"href":"https:\/\/naturalpoland.com\/fr\/wp-json\/wp\/v2\/types\/product"}],"wp:featuredmedia":[{"embeddable":true,"href":"https:\/\/naturalpoland.com\/fr\/wp-json\/wp\/v2\/media\/12134"}],"wp:attachment":[{"href":"https:\/\/naturalpoland.com\/fr\/wp-json\/wp\/v2\/media?parent=12132"}],"wp:term":[{"taxonomy":"product_brand","embeddable":true,"href":"https:\/\/naturalpoland.com\/fr\/wp-json\/wp\/v2\/product_brand?post=12132"},{"taxonomy":"product_cat","embeddable":true,"href":"https:\/\/naturalpoland.com\/fr\/wp-json\/wp\/v2\/product_cat?post=12132"},{"taxonomy":"product_tag","embeddable":true,"href":"https:\/\/naturalpoland.com\/fr\/wp-json\/wp\/v2\/product_tag?post=12132"}],"curies":[{"name":"wp","href":"https:\/\/api.w.org\/{rel}","templated":true}]}}