{"id":12265,"date":"2021-05-11T13:39:46","date_gmt":"2021-09-21T12:58:08","guid":{"rendered":"https:\/\/naturalpoland.pl\/produkty\/non class\u00e9\/extrait-de-gynecologue\/"},"modified":"2021-09-21T14:58:08","modified_gmt":"2021-09-21T12:58:08","slug":"extrait-z-gynostemma-nom-chinois-jiao-gu-lan","status":"publish","type":"product","link":"https:\/\/naturalpoland.com\/fr\/produkty\/extraits-de-plantes\/extrait-z-gynostemma-nom-chinois-jiao-gu-lan\/","title":{"rendered":"Extrait de gyn\u00e9cologue"},"content":{"rendered":"<p><strong>Extrait de Gynostemma pour abaisser le cholest\u00e9rol<\/strong><\/p>\n<p>La recherche sur Gynostenma a montr\u00e9 que le prendre r\u00e9guli\u00e8rement abaisse le cholest\u00e9rol et les triglyc\u00e9rides. Par cons\u00e9quent, il est recommand\u00e9 d&rsquo;am\u00e9liorer l&rsquo;\u00e9tat du syst\u00e8me circulatoire, de r\u00e9duire le risque d&rsquo;ath\u00e9roscl\u00e9rose et de maladies du c\u0153ur lui-m\u00eame. L&rsquo;extrait peut \u00e9galement soutenir le bon fonctionnement du foie et d\u00e9toxifier le corps.<\/p>\n","protected":false},"excerpt":{"rendered":"<p><strong>Extrait de Gynostemma (nom chinois : Jiao Gu Lan)<\/strong> on l&rsquo;appelle aussi l&rsquo;herbe de la vie ou l&rsquo;herbe de la long\u00e9vit\u00e9. Dans les m\u00e9decines alternatives d&rsquo;Extr\u00eame-Orient, il joue un r\u00f4le important en tant que m\u00e9dicament pour de nombreuses maladies. Il est utilis\u00e9 pour les migraines, les probl\u00e8mes de sommeil, le diab\u00e8te, la d\u00e9pression, l&rsquo;asthme et les maladies du foie. De nombreux Chinois pensent que cela prolonge la vie.<\/p>\n","protected":false},"featured_media":34569,"template":"","meta":{"_acf_changed":false},"product_brand":[],"product_cat":[1293],"product_tag":[],"class_list":{"0":"post-12265","1":"product","2":"type-product","3":"status-publish","4":"has-post-thumbnail","6":"product_cat-extraits-de-plantes","8":"first","9":"instock","10":"shipping-taxable","11":"product-type-simple"},"acf":[],"yoast_head":"<!-- This site is optimized with the Yoast SEO plugin v27.5 - https:\/\/yoast.com\/product\/yoast-seo-wordpress\/ -->\n<title>Extrait de gyn\u00e9cologue - Distributeur en gros<\/title>\n<meta name=\"robots\" content=\"index, follow, max-snippet:-1, max-image-preview:large, max-video-preview:-1\" \/>\n<link rel=\"canonical\" href=\"https:\/\/naturalpoland.com\/fr\/produkty\/extraits-de-plantes\/extrait-z-gynostemma-nom-chinois-jiao-gu-lan\/\" \/>\n<meta property=\"og:locale\" content=\"fr_FR\" \/>\n<meta property=\"og:type\" content=\"article\" \/>\n<meta property=\"og:title\" content=\"Extrait de gyn\u00e9cologue - Distributeur en gros\" \/>\n<meta property=\"og:description\" content=\"Extrait de Gynostemma (nom chinois : Jiao Gu Lan) on l&#039;appelle aussi l&#039;herbe de la vie ou l&#039;herbe de la long\u00e9vit\u00e9. Dans les m\u00e9decines alternatives d&#039;Extr\u00eame-Orient, il joue un r\u00f4le important en tant que m\u00e9dicament pour de nombreuses maladies. Il est utilis\u00e9 pour les migraines, les probl\u00e8mes de sommeil, le diab\u00e8te, la d\u00e9pression, l&#039;asthme et les maladies du foie. De nombreux Chinois pensent que cela prolonge la vie.\" \/>\n<meta property=\"og:url\" content=\"https:\/\/naturalpoland.com\/fr\/produkty\/extraits-de-plantes\/extrait-z-gynostemma-nom-chinois-jiao-gu-lan\/\" \/>\n<meta property=\"og:site_name\" content=\"NATURAL POLAND - Distributeur de mati\u00e8res premi\u00e8res en gros\" \/>\n<meta property=\"article:publisher\" content=\"https:\/\/www.facebook.com\/naturalpoland.b2b\" \/>\n<meta property=\"og:image\" content=\"https:\/\/naturalpoland.com\/wp-content\/uploads\/ekstrakt-z-gynostemma-pentaphyllum.webp\" \/>\n\t<meta property=\"og:image:width\" content=\"612\" \/>\n\t<meta property=\"og:image:height\" content=\"612\" \/>\n\t<meta property=\"og:image:type\" content=\"image\/webp\" \/>\n<script type=\"application\/ld+json\" class=\"yoast-schema-graph\">{\"@context\":\"https:\\\/\\\/schema.org\",\"@graph\":[{\"@type\":\"WebPage\",\"@id\":\"https:\\\/\\\/naturalpoland.com\\\/fr\\\/produkty\\\/extraits-de-plantes\\\/extrait-z-gynostemma-nom-chinois-jiao-gu-lan\\\/\",\"url\":\"https:\\\/\\\/naturalpoland.com\\\/fr\\\/produkty\\\/extraits-de-plantes\\\/extrait-z-gynostemma-nom-chinois-jiao-gu-lan\\\/\",\"name\":\"Extrait de gyn\u00e9cologue - Distributeur en gros\",\"isPartOf\":{\"@id\":\"https:\\\/\\\/naturalpoland.com\\\/fr\\\/#website\"},\"primaryImageOfPage\":{\"@id\":\"https:\\\/\\\/naturalpoland.com\\\/fr\\\/produkty\\\/extraits-de-plantes\\\/extrait-z-gynostemma-nom-chinois-jiao-gu-lan\\\/#primaryimage\"},\"image\":{\"@id\":\"https:\\\/\\\/naturalpoland.com\\\/fr\\\/produkty\\\/extraits-de-plantes\\\/extrait-z-gynostemma-nom-chinois-jiao-gu-lan\\\/#primaryimage\"},\"thumbnailUrl\":\"https:\\\/\\\/naturalpoland.com\\\/wp-content\\\/uploads\\\/ekstrakt-z-gynostemma-pentaphyllum.webp\",\"datePublished\":\"2021-09-21T12:58:08+00:00\",\"breadcrumb\":{\"@id\":\"https:\\\/\\\/naturalpoland.com\\\/fr\\\/produkty\\\/extraits-de-plantes\\\/extrait-z-gynostemma-nom-chinois-jiao-gu-lan\\\/#breadcrumb\"},\"inLanguage\":\"fr-FR\",\"potentialAction\":[{\"@type\":\"ReadAction\",\"target\":[\"https:\\\/\\\/naturalpoland.com\\\/fr\\\/produkty\\\/extraits-de-plantes\\\/extrait-z-gynostemma-nom-chinois-jiao-gu-lan\\\/\"]}]},{\"@type\":\"ImageObject\",\"inLanguage\":\"fr-FR\",\"@id\":\"https:\\\/\\\/naturalpoland.com\\\/fr\\\/produkty\\\/extraits-de-plantes\\\/extrait-z-gynostemma-nom-chinois-jiao-gu-lan\\\/#primaryimage\",\"url\":\"https:\\\/\\\/naturalpoland.com\\\/wp-content\\\/uploads\\\/ekstrakt-z-gynostemma-pentaphyllum.webp\",\"contentUrl\":\"https:\\\/\\\/naturalpoland.com\\\/wp-content\\\/uploads\\\/ekstrakt-z-gynostemma-pentaphyllum.webp\",\"width\":612,\"height\":612,\"caption\":\"Ekstrakt z Gynostemma Pentaphyllum\"},{\"@type\":\"BreadcrumbList\",\"@id\":\"https:\\\/\\\/naturalpoland.com\\\/fr\\\/produkty\\\/extraits-de-plantes\\\/extrait-z-gynostemma-nom-chinois-jiao-gu-lan\\\/#breadcrumb\",\"itemListElement\":[{\"@type\":\"ListItem\",\"position\":1,\"name\":\"Accueil\",\"item\":\"https:\\\/\\\/naturalpoland.com\\\/fr\\\/\"},{\"@type\":\"ListItem\",\"position\":2,\"name\":\"Produits\",\"item\":\"https:\\\/\\\/naturalpoland.com\\\/fr\\\/produits\\\/\"},{\"@type\":\"ListItem\",\"position\":3,\"name\":\"Extrait de gyn\u00e9cologue\"}]},{\"@type\":\"WebSite\",\"@id\":\"https:\\\/\\\/naturalpoland.com\\\/fr\\\/#website\",\"url\":\"https:\\\/\\\/naturalpoland.com\\\/fr\\\/\",\"name\":\"NATURAL POLAND - Distributeur de mati\u00e8res premi\u00e8res en gros\",\"description\":\"Surowce dla przemys\u0142u spo\u017cywczego, kosmetycznego i farmaceutycznego\",\"publisher\":{\"@id\":\"https:\\\/\\\/naturalpoland.com\\\/fr\\\/#organization\"},\"potentialAction\":[{\"@type\":\"SearchAction\",\"target\":{\"@type\":\"EntryPoint\",\"urlTemplate\":\"https:\\\/\\\/naturalpoland.com\\\/fr\\\/?s={search_term_string}\"},\"query-input\":{\"@type\":\"PropertyValueSpecification\",\"valueRequired\":true,\"valueName\":\"search_term_string\"}}],\"inLanguage\":\"fr-FR\"},{\"@type\":\"Organization\",\"@id\":\"https:\\\/\\\/naturalpoland.com\\\/fr\\\/#organization\",\"name\":\"Natural Poland\",\"url\":\"https:\\\/\\\/naturalpoland.com\\\/fr\\\/\",\"logo\":{\"@type\":\"ImageObject\",\"inLanguage\":\"fr-FR\",\"@id\":\"https:\\\/\\\/naturalpoland.com\\\/fr\\\/#\\\/schema\\\/logo\\\/image\\\/\",\"url\":\"https:\\\/\\\/naturalpoland.com\\\/wp-content\\\/uploads\\\/2021\\\/05\\\/natural-poland-icon.png\",\"contentUrl\":\"https:\\\/\\\/naturalpoland.com\\\/wp-content\\\/uploads\\\/2021\\\/05\\\/natural-poland-icon.png\",\"width\":512,\"height\":512,\"caption\":\"Natural Poland\"},\"image\":{\"@id\":\"https:\\\/\\\/naturalpoland.com\\\/fr\\\/#\\\/schema\\\/logo\\\/image\\\/\"},\"sameAs\":[\"https:\\\/\\\/www.facebook.com\\\/naturalpoland.b2b\",\"https:\\\/\\\/pl.linkedin.com\\\/company\\\/natural-poland\",\"https:\\\/\\\/www.youtube.com\\\/channel\\\/UCgeGGkvOMahZo-xu_MSEWxg\"]}]}<\/script>\n<!-- \/ Yoast SEO plugin. -->","yoast_head_json":{"title":"Extrait de gyn\u00e9cologue - Distributeur en gros","robots":{"index":"index","follow":"follow","max-snippet":"max-snippet:-1","max-image-preview":"max-image-preview:large","max-video-preview":"max-video-preview:-1"},"canonical":"https:\/\/naturalpoland.com\/fr\/produkty\/extraits-de-plantes\/extrait-z-gynostemma-nom-chinois-jiao-gu-lan\/","og_locale":"fr_FR","og_type":"article","og_title":"Extrait de gyn\u00e9cologue - Distributeur en gros","og_description":"Extrait de Gynostemma (nom chinois : Jiao Gu Lan) on l'appelle aussi l'herbe de la vie ou l'herbe de la long\u00e9vit\u00e9. Dans les m\u00e9decines alternatives d'Extr\u00eame-Orient, il joue un r\u00f4le important en tant que m\u00e9dicament pour de nombreuses maladies. Il est utilis\u00e9 pour les migraines, les probl\u00e8mes de sommeil, le diab\u00e8te, la d\u00e9pression, l'asthme et les maladies du foie. De nombreux Chinois pensent que cela prolonge la vie.","og_url":"https:\/\/naturalpoland.com\/fr\/produkty\/extraits-de-plantes\/extrait-z-gynostemma-nom-chinois-jiao-gu-lan\/","og_site_name":"NATURAL POLAND - Distributeur de mati\u00e8res premi\u00e8res en gros","article_publisher":"https:\/\/www.facebook.com\/naturalpoland.b2b","og_image":[{"width":612,"height":612,"url":"https:\/\/naturalpoland.com\/wp-content\/uploads\/ekstrakt-z-gynostemma-pentaphyllum.webp","type":"image\/webp"}],"schema":{"@context":"https:\/\/schema.org","@graph":[{"@type":"WebPage","@id":"https:\/\/naturalpoland.com\/fr\/produkty\/extraits-de-plantes\/extrait-z-gynostemma-nom-chinois-jiao-gu-lan\/","url":"https:\/\/naturalpoland.com\/fr\/produkty\/extraits-de-plantes\/extrait-z-gynostemma-nom-chinois-jiao-gu-lan\/","name":"Extrait de gyn\u00e9cologue - Distributeur en gros","isPartOf":{"@id":"https:\/\/naturalpoland.com\/fr\/#website"},"primaryImageOfPage":{"@id":"https:\/\/naturalpoland.com\/fr\/produkty\/extraits-de-plantes\/extrait-z-gynostemma-nom-chinois-jiao-gu-lan\/#primaryimage"},"image":{"@id":"https:\/\/naturalpoland.com\/fr\/produkty\/extraits-de-plantes\/extrait-z-gynostemma-nom-chinois-jiao-gu-lan\/#primaryimage"},"thumbnailUrl":"https:\/\/naturalpoland.com\/wp-content\/uploads\/ekstrakt-z-gynostemma-pentaphyllum.webp","datePublished":"2021-09-21T12:58:08+00:00","breadcrumb":{"@id":"https:\/\/naturalpoland.com\/fr\/produkty\/extraits-de-plantes\/extrait-z-gynostemma-nom-chinois-jiao-gu-lan\/#breadcrumb"},"inLanguage":"fr-FR","potentialAction":[{"@type":"ReadAction","target":["https:\/\/naturalpoland.com\/fr\/produkty\/extraits-de-plantes\/extrait-z-gynostemma-nom-chinois-jiao-gu-lan\/"]}]},{"@type":"ImageObject","inLanguage":"fr-FR","@id":"https:\/\/naturalpoland.com\/fr\/produkty\/extraits-de-plantes\/extrait-z-gynostemma-nom-chinois-jiao-gu-lan\/#primaryimage","url":"https:\/\/naturalpoland.com\/wp-content\/uploads\/ekstrakt-z-gynostemma-pentaphyllum.webp","contentUrl":"https:\/\/naturalpoland.com\/wp-content\/uploads\/ekstrakt-z-gynostemma-pentaphyllum.webp","width":612,"height":612,"caption":"Ekstrakt z Gynostemma Pentaphyllum"},{"@type":"BreadcrumbList","@id":"https:\/\/naturalpoland.com\/fr\/produkty\/extraits-de-plantes\/extrait-z-gynostemma-nom-chinois-jiao-gu-lan\/#breadcrumb","itemListElement":[{"@type":"ListItem","position":1,"name":"Accueil","item":"https:\/\/naturalpoland.com\/fr\/"},{"@type":"ListItem","position":2,"name":"Produits","item":"https:\/\/naturalpoland.com\/fr\/produits\/"},{"@type":"ListItem","position":3,"name":"Extrait de gyn\u00e9cologue"}]},{"@type":"WebSite","@id":"https:\/\/naturalpoland.com\/fr\/#website","url":"https:\/\/naturalpoland.com\/fr\/","name":"NATURAL POLAND - Distributeur de mati\u00e8res premi\u00e8res en gros","description":"Surowce dla przemys\u0142u spo\u017cywczego, kosmetycznego i farmaceutycznego","publisher":{"@id":"https:\/\/naturalpoland.com\/fr\/#organization"},"potentialAction":[{"@type":"SearchAction","target":{"@type":"EntryPoint","urlTemplate":"https:\/\/naturalpoland.com\/fr\/?s={search_term_string}"},"query-input":{"@type":"PropertyValueSpecification","valueRequired":true,"valueName":"search_term_string"}}],"inLanguage":"fr-FR"},{"@type":"Organization","@id":"https:\/\/naturalpoland.com\/fr\/#organization","name":"Natural Poland","url":"https:\/\/naturalpoland.com\/fr\/","logo":{"@type":"ImageObject","inLanguage":"fr-FR","@id":"https:\/\/naturalpoland.com\/fr\/#\/schema\/logo\/image\/","url":"https:\/\/naturalpoland.com\/wp-content\/uploads\/2021\/05\/natural-poland-icon.png","contentUrl":"https:\/\/naturalpoland.com\/wp-content\/uploads\/2021\/05\/natural-poland-icon.png","width":512,"height":512,"caption":"Natural Poland"},"image":{"@id":"https:\/\/naturalpoland.com\/fr\/#\/schema\/logo\/image\/"},"sameAs":["https:\/\/www.facebook.com\/naturalpoland.b2b","https:\/\/pl.linkedin.com\/company\/natural-poland","https:\/\/www.youtube.com\/channel\/UCgeGGkvOMahZo-xu_MSEWxg"]}]}},"_links":{"self":[{"href":"https:\/\/naturalpoland.com\/fr\/wp-json\/wp\/v2\/product\/12265","targetHints":{"allow":["GET"]}}],"collection":[{"href":"https:\/\/naturalpoland.com\/fr\/wp-json\/wp\/v2\/product"}],"about":[{"href":"https:\/\/naturalpoland.com\/fr\/wp-json\/wp\/v2\/types\/product"}],"wp:featuredmedia":[{"embeddable":true,"href":"https:\/\/naturalpoland.com\/fr\/wp-json\/wp\/v2\/media\/34569"}],"wp:attachment":[{"href":"https:\/\/naturalpoland.com\/fr\/wp-json\/wp\/v2\/media?parent=12265"}],"wp:term":[{"taxonomy":"product_brand","embeddable":true,"href":"https:\/\/naturalpoland.com\/fr\/wp-json\/wp\/v2\/product_brand?post=12265"},{"taxonomy":"product_cat","embeddable":true,"href":"https:\/\/naturalpoland.com\/fr\/wp-json\/wp\/v2\/product_cat?post=12265"},{"taxonomy":"product_tag","embeddable":true,"href":"https:\/\/naturalpoland.com\/fr\/wp-json\/wp\/v2\/product_tag?post=12265"}],"curies":[{"name":"wp","href":"https:\/\/api.w.org\/{rel}","templated":true}]}}