{"id":12291,"date":"2021-05-11T13:39:48","date_gmt":"2021-05-11T11:39:48","guid":{"rendered":"https:\/\/naturalpoland.pl\/produkty\/non class\u00e9\/extrait-de-racine-de-pissenlit\/"},"modified":"2021-09-21T14:58:39","modified_gmt":"2021-09-21T12:58:39","slug":"extrait-de-racine-de-pissenlit","status":"publish","type":"product","link":"https:\/\/naturalpoland.com\/fr\/produkty\/extraits-de-plantes\/extrait-de-racine-de-pissenlit\/","title":{"rendered":"Extrait de racine de pissenlit"},"content":{"rendered":"<p>Lorsqu&rsquo;il est pris par voie orale, l&rsquo;extrait de racine de pissenlit peut stimuler l&rsquo;app\u00e9tit et minimiser les probl\u00e8mes digestifs. Il a \u00e9galement un effet positif sur le travail des reins. Il renforce l&rsquo;immunit\u00e9 globale du corps. Lorsqu&rsquo;il est pris sur la peau, il aide \u00e0 gu\u00e9rir les infections cutan\u00e9es et \u00e0 r\u00e9duire leurs nuisances, il peut donc \u00eatre un composant non seulement des cosm\u00e9tiques, mais aussi des onguents cicatrisants.<\/p>\n","protected":false},"excerpt":{"rendered":"<p>L&rsquo;extrait de racine de pissenlit est une substance utilis\u00e9e dans la production de compl\u00e9ments alimentaires et comme ingr\u00e9dient dans les cosm\u00e9tiques. Cela est d\u00fb aux effets tr\u00e8s vari\u00e9s que peut avoir cet extrait unique. C&rsquo;est une riche source de : vitamine E, vitamine C, acides gras om\u00e9ga-3, potassium, calcium, fer et flavono\u00efdes.<\/p>\n","protected":false},"featured_media":42271,"template":"","meta":[],"product_brand":[],"product_cat":[1293],"product_tag":[],"class_list":{"0":"post-12291","1":"product","2":"type-product","3":"status-publish","4":"has-post-thumbnail","6":"product_cat-extraits-de-plantes","7":"pa_czesc-rosliny-racine","9":"first","10":"instock","11":"shipping-taxable","12":"product-type-simple"},"yoast_head":"<!-- This site is optimized with the Yoast SEO plugin v27.4 - https:\/\/yoast.com\/product\/yoast-seo-wordpress\/ -->\n<title>Extrait de racine de pissenlit - Distributeur en gros<\/title>\n<meta name=\"robots\" content=\"index, follow, max-snippet:-1, max-image-preview:large, max-video-preview:-1\" \/>\n<link rel=\"canonical\" href=\"https:\/\/naturalpoland.com\/fr\/produkty\/extraits-de-plantes\/extrait-de-racine-de-pissenlit\/\" \/>\n<meta property=\"og:locale\" content=\"fr_FR\" \/>\n<meta property=\"og:type\" content=\"article\" \/>\n<meta property=\"og:title\" content=\"Extrait de racine de pissenlit - Distributeur en gros\" \/>\n<meta property=\"og:description\" content=\"L&#039;extrait de racine de pissenlit est une substance utilis\u00e9e dans la production de compl\u00e9ments alimentaires et comme ingr\u00e9dient dans les cosm\u00e9tiques. Cela est d\u00fb aux effets tr\u00e8s vari\u00e9s que peut avoir cet extrait unique. C&#039;est une riche source de : vitamine E, vitamine C, acides gras om\u00e9ga-3, potassium, calcium, fer et flavono\u00efdes.\" \/>\n<meta property=\"og:url\" content=\"https:\/\/naturalpoland.com\/fr\/produkty\/extraits-de-plantes\/extrait-de-racine-de-pissenlit\/\" \/>\n<meta property=\"og:site_name\" content=\"NATURAL POLAND - Distributeur de mati\u00e8res premi\u00e8res en gros\" \/>\n<meta property=\"article:publisher\" content=\"https:\/\/www.facebook.com\/naturalpoland.b2b\" \/>\n<meta property=\"article:modified_time\" content=\"2021-09-21T12:58:39+00:00\" \/>\n<meta property=\"og:image\" content=\"https:\/\/naturalpoland.com\/wp-content\/uploads\/2021\/05\/dandelion-root-extract.jpg\" \/>\n\t<meta property=\"og:image:width\" content=\"417\" \/>\n\t<meta property=\"og:image:height\" content=\"288\" \/>\n\t<meta property=\"og:image:type\" content=\"image\/jpeg\" \/>\n<script type=\"application\/ld+json\" class=\"yoast-schema-graph\">{\"@context\":\"https:\\\/\\\/schema.org\",\"@graph\":[{\"@type\":\"WebPage\",\"@id\":\"https:\\\/\\\/naturalpoland.com\\\/fr\\\/produkty\\\/extraits-de-plantes\\\/extrait-de-racine-de-pissenlit\\\/\",\"url\":\"https:\\\/\\\/naturalpoland.com\\\/fr\\\/produkty\\\/extraits-de-plantes\\\/extrait-de-racine-de-pissenlit\\\/\",\"name\":\"Extrait de racine de pissenlit - Distributeur en gros\",\"isPartOf\":{\"@id\":\"https:\\\/\\\/naturalpoland.com\\\/fr\\\/#website\"},\"primaryImageOfPage\":{\"@id\":\"https:\\\/\\\/naturalpoland.com\\\/fr\\\/produkty\\\/extraits-de-plantes\\\/extrait-de-racine-de-pissenlit\\\/#primaryimage\"},\"image\":{\"@id\":\"https:\\\/\\\/naturalpoland.com\\\/fr\\\/produkty\\\/extraits-de-plantes\\\/extrait-de-racine-de-pissenlit\\\/#primaryimage\"},\"thumbnailUrl\":\"https:\\\/\\\/naturalpoland.com\\\/wp-content\\\/uploads\\\/ekstrakt-z-mniszka-lekarskiego.webp\",\"datePublished\":\"2021-05-11T11:39:48+00:00\",\"dateModified\":\"2021-09-21T12:58:39+00:00\",\"breadcrumb\":{\"@id\":\"https:\\\/\\\/naturalpoland.com\\\/fr\\\/produkty\\\/extraits-de-plantes\\\/extrait-de-racine-de-pissenlit\\\/#breadcrumb\"},\"inLanguage\":\"fr-FR\",\"potentialAction\":[{\"@type\":\"ReadAction\",\"target\":[\"https:\\\/\\\/naturalpoland.com\\\/fr\\\/produkty\\\/extraits-de-plantes\\\/extrait-de-racine-de-pissenlit\\\/\"]}]},{\"@type\":\"ImageObject\",\"inLanguage\":\"fr-FR\",\"@id\":\"https:\\\/\\\/naturalpoland.com\\\/fr\\\/produkty\\\/extraits-de-plantes\\\/extrait-de-racine-de-pissenlit\\\/#primaryimage\",\"url\":\"https:\\\/\\\/naturalpoland.com\\\/wp-content\\\/uploads\\\/ekstrakt-z-mniszka-lekarskiego.webp\",\"contentUrl\":\"https:\\\/\\\/naturalpoland.com\\\/wp-content\\\/uploads\\\/ekstrakt-z-mniszka-lekarskiego.webp\",\"width\":1024,\"height\":1024,\"caption\":\"ekstrakt z korzenia mniszka lekarskiego w formie p\u0142ynnej\"},{\"@type\":\"BreadcrumbList\",\"@id\":\"https:\\\/\\\/naturalpoland.com\\\/fr\\\/produkty\\\/extraits-de-plantes\\\/extrait-de-racine-de-pissenlit\\\/#breadcrumb\",\"itemListElement\":[{\"@type\":\"ListItem\",\"position\":1,\"name\":\"Accueil\",\"item\":\"https:\\\/\\\/naturalpoland.com\\\/fr\\\/\"},{\"@type\":\"ListItem\",\"position\":2,\"name\":\"Produits\",\"item\":\"https:\\\/\\\/naturalpoland.com\\\/fr\\\/produits\\\/\"},{\"@type\":\"ListItem\",\"position\":3,\"name\":\"Extrait de racine de pissenlit\"}]},{\"@type\":\"WebSite\",\"@id\":\"https:\\\/\\\/naturalpoland.com\\\/fr\\\/#website\",\"url\":\"https:\\\/\\\/naturalpoland.com\\\/fr\\\/\",\"name\":\"NATURAL POLAND - Distributeur de mati\u00e8res premi\u00e8res en gros\",\"description\":\"Surowce dla przemys\u0142u spo\u017cywczego, kosmetycznego i farmaceutycznego\",\"publisher\":{\"@id\":\"https:\\\/\\\/naturalpoland.com\\\/fr\\\/#organization\"},\"potentialAction\":[{\"@type\":\"SearchAction\",\"target\":{\"@type\":\"EntryPoint\",\"urlTemplate\":\"https:\\\/\\\/naturalpoland.com\\\/fr\\\/?s={search_term_string}\"},\"query-input\":{\"@type\":\"PropertyValueSpecification\",\"valueRequired\":true,\"valueName\":\"search_term_string\"}}],\"inLanguage\":\"fr-FR\"},{\"@type\":\"Organization\",\"@id\":\"https:\\\/\\\/naturalpoland.com\\\/fr\\\/#organization\",\"name\":\"Natural Poland\",\"url\":\"https:\\\/\\\/naturalpoland.com\\\/fr\\\/\",\"logo\":{\"@type\":\"ImageObject\",\"inLanguage\":\"fr-FR\",\"@id\":\"https:\\\/\\\/naturalpoland.com\\\/fr\\\/#\\\/schema\\\/logo\\\/image\\\/\",\"url\":\"https:\\\/\\\/naturalpoland.com\\\/wp-content\\\/uploads\\\/2021\\\/05\\\/natural-poland-icon.png\",\"contentUrl\":\"https:\\\/\\\/naturalpoland.com\\\/wp-content\\\/uploads\\\/2021\\\/05\\\/natural-poland-icon.png\",\"width\":512,\"height\":512,\"caption\":\"Natural Poland\"},\"image\":{\"@id\":\"https:\\\/\\\/naturalpoland.com\\\/fr\\\/#\\\/schema\\\/logo\\\/image\\\/\"},\"sameAs\":[\"https:\\\/\\\/www.facebook.com\\\/naturalpoland.b2b\",\"https:\\\/\\\/pl.linkedin.com\\\/company\\\/natural-poland\",\"https:\\\/\\\/www.youtube.com\\\/channel\\\/UCgeGGkvOMahZo-xu_MSEWxg\"]}]}<\/script>\n<!-- \/ Yoast SEO plugin. -->","yoast_head_json":{"title":"Extrait de racine de pissenlit - Distributeur en gros","robots":{"index":"index","follow":"follow","max-snippet":"max-snippet:-1","max-image-preview":"max-image-preview:large","max-video-preview":"max-video-preview:-1"},"canonical":"https:\/\/naturalpoland.com\/fr\/produkty\/extraits-de-plantes\/extrait-de-racine-de-pissenlit\/","og_locale":"fr_FR","og_type":"article","og_title":"Extrait de racine de pissenlit - Distributeur en gros","og_description":"L'extrait de racine de pissenlit est une substance utilis\u00e9e dans la production de compl\u00e9ments alimentaires et comme ingr\u00e9dient dans les cosm\u00e9tiques. Cela est d\u00fb aux effets tr\u00e8s vari\u00e9s que peut avoir cet extrait unique. C'est une riche source de : vitamine E, vitamine C, acides gras om\u00e9ga-3, potassium, calcium, fer et flavono\u00efdes.","og_url":"https:\/\/naturalpoland.com\/fr\/produkty\/extraits-de-plantes\/extrait-de-racine-de-pissenlit\/","og_site_name":"NATURAL POLAND - Distributeur de mati\u00e8res premi\u00e8res en gros","article_publisher":"https:\/\/www.facebook.com\/naturalpoland.b2b","article_modified_time":"2021-09-21T12:58:39+00:00","og_image":[{"width":417,"height":288,"url":"https:\/\/naturalpoland.com\/wp-content\/uploads\/2021\/05\/dandelion-root-extract.jpg","type":"image\/jpeg"}],"schema":{"@context":"https:\/\/schema.org","@graph":[{"@type":"WebPage","@id":"https:\/\/naturalpoland.com\/fr\/produkty\/extraits-de-plantes\/extrait-de-racine-de-pissenlit\/","url":"https:\/\/naturalpoland.com\/fr\/produkty\/extraits-de-plantes\/extrait-de-racine-de-pissenlit\/","name":"Extrait de racine de pissenlit - Distributeur en gros","isPartOf":{"@id":"https:\/\/naturalpoland.com\/fr\/#website"},"primaryImageOfPage":{"@id":"https:\/\/naturalpoland.com\/fr\/produkty\/extraits-de-plantes\/extrait-de-racine-de-pissenlit\/#primaryimage"},"image":{"@id":"https:\/\/naturalpoland.com\/fr\/produkty\/extraits-de-plantes\/extrait-de-racine-de-pissenlit\/#primaryimage"},"thumbnailUrl":"https:\/\/naturalpoland.com\/wp-content\/uploads\/ekstrakt-z-mniszka-lekarskiego.webp","datePublished":"2021-05-11T11:39:48+00:00","dateModified":"2021-09-21T12:58:39+00:00","breadcrumb":{"@id":"https:\/\/naturalpoland.com\/fr\/produkty\/extraits-de-plantes\/extrait-de-racine-de-pissenlit\/#breadcrumb"},"inLanguage":"fr-FR","potentialAction":[{"@type":"ReadAction","target":["https:\/\/naturalpoland.com\/fr\/produkty\/extraits-de-plantes\/extrait-de-racine-de-pissenlit\/"]}]},{"@type":"ImageObject","inLanguage":"fr-FR","@id":"https:\/\/naturalpoland.com\/fr\/produkty\/extraits-de-plantes\/extrait-de-racine-de-pissenlit\/#primaryimage","url":"https:\/\/naturalpoland.com\/wp-content\/uploads\/ekstrakt-z-mniszka-lekarskiego.webp","contentUrl":"https:\/\/naturalpoland.com\/wp-content\/uploads\/ekstrakt-z-mniszka-lekarskiego.webp","width":1024,"height":1024,"caption":"ekstrakt z korzenia mniszka lekarskiego w formie p\u0142ynnej"},{"@type":"BreadcrumbList","@id":"https:\/\/naturalpoland.com\/fr\/produkty\/extraits-de-plantes\/extrait-de-racine-de-pissenlit\/#breadcrumb","itemListElement":[{"@type":"ListItem","position":1,"name":"Accueil","item":"https:\/\/naturalpoland.com\/fr\/"},{"@type":"ListItem","position":2,"name":"Produits","item":"https:\/\/naturalpoland.com\/fr\/produits\/"},{"@type":"ListItem","position":3,"name":"Extrait de racine de pissenlit"}]},{"@type":"WebSite","@id":"https:\/\/naturalpoland.com\/fr\/#website","url":"https:\/\/naturalpoland.com\/fr\/","name":"NATURAL POLAND - Distributeur de mati\u00e8res premi\u00e8res en gros","description":"Surowce dla przemys\u0142u spo\u017cywczego, kosmetycznego i farmaceutycznego","publisher":{"@id":"https:\/\/naturalpoland.com\/fr\/#organization"},"potentialAction":[{"@type":"SearchAction","target":{"@type":"EntryPoint","urlTemplate":"https:\/\/naturalpoland.com\/fr\/?s={search_term_string}"},"query-input":{"@type":"PropertyValueSpecification","valueRequired":true,"valueName":"search_term_string"}}],"inLanguage":"fr-FR"},{"@type":"Organization","@id":"https:\/\/naturalpoland.com\/fr\/#organization","name":"Natural Poland","url":"https:\/\/naturalpoland.com\/fr\/","logo":{"@type":"ImageObject","inLanguage":"fr-FR","@id":"https:\/\/naturalpoland.com\/fr\/#\/schema\/logo\/image\/","url":"https:\/\/naturalpoland.com\/wp-content\/uploads\/2021\/05\/natural-poland-icon.png","contentUrl":"https:\/\/naturalpoland.com\/wp-content\/uploads\/2021\/05\/natural-poland-icon.png","width":512,"height":512,"caption":"Natural Poland"},"image":{"@id":"https:\/\/naturalpoland.com\/fr\/#\/schema\/logo\/image\/"},"sameAs":["https:\/\/www.facebook.com\/naturalpoland.b2b","https:\/\/pl.linkedin.com\/company\/natural-poland","https:\/\/www.youtube.com\/channel\/UCgeGGkvOMahZo-xu_MSEWxg"]}]}},"_links":{"self":[{"href":"https:\/\/naturalpoland.com\/fr\/wp-json\/wp\/v2\/product\/12291","targetHints":{"allow":["GET"]}}],"collection":[{"href":"https:\/\/naturalpoland.com\/fr\/wp-json\/wp\/v2\/product"}],"about":[{"href":"https:\/\/naturalpoland.com\/fr\/wp-json\/wp\/v2\/types\/product"}],"wp:featuredmedia":[{"embeddable":true,"href":"https:\/\/naturalpoland.com\/fr\/wp-json\/wp\/v2\/media\/42271"}],"wp:attachment":[{"href":"https:\/\/naturalpoland.com\/fr\/wp-json\/wp\/v2\/media?parent=12291"}],"wp:term":[{"taxonomy":"product_brand","embeddable":true,"href":"https:\/\/naturalpoland.com\/fr\/wp-json\/wp\/v2\/product_brand?post=12291"},{"taxonomy":"product_cat","embeddable":true,"href":"https:\/\/naturalpoland.com\/fr\/wp-json\/wp\/v2\/product_cat?post=12291"},{"taxonomy":"product_tag","embeddable":true,"href":"https:\/\/naturalpoland.com\/fr\/wp-json\/wp\/v2\/product_tag?post=12291"}],"curies":[{"name":"wp","href":"https:\/\/api.w.org\/{rel}","templated":true}]}}