{"id":12350,"date":"2021-05-11T13:40:58","date_gmt":"2021-09-21T13:00:00","guid":{"rendered":"https:\/\/naturalpoland.pl\/produkty\/non class\u00e9\/extrait-dorange-geante\/"},"modified":"2021-09-21T15:00:00","modified_gmt":"2021-09-21T13:00:00","slug":"extrait-dorange-geant","status":"publish","type":"product","link":"https:\/\/naturalpoland.com\/fr\/produkty\/extraits-de-plantes\/extrait-dorange-geant\/","title":{"rendered":"Extrait d&rsquo;orange g\u00e9ante"},"content":{"rendered":"<p>L&rsquo;extrait d&rsquo;orange est utilis\u00e9 en cosm\u00e9tique avec un effet nourrissant, rajeunissant et rafra\u00eechissant. Il est parfait en compl\u00e9ment des toniques, gels nettoyants, cr\u00e8mes et masques. Cet extrait peut \u00e9galement jouer un r\u00f4le important dans la suppl\u00e9mentation, car il augmente la r\u00e9sistance du corps et affecte positivement l&rsquo;apparence de la peau, lui donnant une teinte plus fonc\u00e9e et plus saine.<\/p>\n","protected":false},"excerpt":{"rendered":"<p>L&rsquo;extrait d&rsquo;orange g\u00e9ante est un produit qui, selon le mode de production, peut \u00eatre utilis\u00e9 comme additif aux cosm\u00e9tiques ou aux compl\u00e9ments et aliments. Cet extrait a un ar\u00f4me et une saveur forts caract\u00e9ristiques des agrumes. C&rsquo;est \u00e9galement une source tr\u00e8s pr\u00e9cieuse de vitamine C naturelle, de b\u00eata-carot\u00e8ne et de vitamines B.<\/p>\n","protected":false},"featured_media":12353,"template":"","meta":{"_acf_changed":false},"product_brand":[],"product_cat":[1293],"product_tag":[],"class_list":{"0":"post-12350","1":"product","2":"type-product","3":"status-publish","4":"has-post-thumbnail","6":"product_cat-extraits-de-plantes","8":"first","9":"instock","10":"shipping-taxable","11":"product-type-simple"},"acf":[],"yoast_head":"<!-- This site is optimized with the Yoast SEO plugin v27.4 - https:\/\/yoast.com\/product\/yoast-seo-wordpress\/ -->\n<title>Extrait d&#039;orange g\u00e9ante - Distributeur en gros<\/title>\n<meta name=\"robots\" content=\"index, follow, max-snippet:-1, max-image-preview:large, max-video-preview:-1\" \/>\n<link rel=\"canonical\" href=\"https:\/\/naturalpoland.com\/fr\/produkty\/extraits-de-plantes\/extrait-dorange-geant\/\" \/>\n<meta property=\"og:locale\" content=\"fr_FR\" \/>\n<meta property=\"og:type\" content=\"article\" \/>\n<meta property=\"og:title\" content=\"Extrait d&#039;orange g\u00e9ante - Distributeur en gros\" \/>\n<meta property=\"og:description\" content=\"L&#039;extrait d&#039;orange g\u00e9ante est un produit qui, selon le mode de production, peut \u00eatre utilis\u00e9 comme additif aux cosm\u00e9tiques ou aux compl\u00e9ments et aliments. Cet extrait a un ar\u00f4me et une saveur forts caract\u00e9ristiques des agrumes. C&#039;est \u00e9galement une source tr\u00e8s pr\u00e9cieuse de vitamine C naturelle, de b\u00eata-carot\u00e8ne et de vitamines B.\" \/>\n<meta property=\"og:url\" content=\"https:\/\/naturalpoland.com\/fr\/produkty\/extraits-de-plantes\/extrait-dorange-geant\/\" \/>\n<meta property=\"og:site_name\" content=\"NATURAL POLAND - Distributeur de mati\u00e8res premi\u00e8res en gros\" \/>\n<meta property=\"article:publisher\" content=\"https:\/\/www.facebook.com\/naturalpoland.b2b\" \/>\n<meta property=\"og:image\" content=\"https:\/\/naturalpoland.com\/wp-content\/uploads\/2021\/05\/pomelo-extract.jpg\" \/>\n\t<meta property=\"og:image:width\" content=\"368\" \/>\n\t<meta property=\"og:image:height\" content=\"351\" \/>\n\t<meta property=\"og:image:type\" content=\"image\/jpeg\" \/>\n<script type=\"application\/ld+json\" class=\"yoast-schema-graph\">{\"@context\":\"https:\\\/\\\/schema.org\",\"@graph\":[{\"@type\":\"WebPage\",\"@id\":\"https:\\\/\\\/naturalpoland.com\\\/fr\\\/produkty\\\/extraits-de-plantes\\\/extrait-dorange-geant\\\/\",\"url\":\"https:\\\/\\\/naturalpoland.com\\\/fr\\\/produkty\\\/extraits-de-plantes\\\/extrait-dorange-geant\\\/\",\"name\":\"Extrait d'orange g\u00e9ante - Distributeur en gros\",\"isPartOf\":{\"@id\":\"https:\\\/\\\/naturalpoland.com\\\/fr\\\/#website\"},\"primaryImageOfPage\":{\"@id\":\"https:\\\/\\\/naturalpoland.com\\\/fr\\\/produkty\\\/extraits-de-plantes\\\/extrait-dorange-geant\\\/#primaryimage\"},\"image\":{\"@id\":\"https:\\\/\\\/naturalpoland.com\\\/fr\\\/produkty\\\/extraits-de-plantes\\\/extrait-dorange-geant\\\/#primaryimage\"},\"thumbnailUrl\":\"https:\\\/\\\/naturalpoland.com\\\/wp-content\\\/uploads\\\/2021\\\/05\\\/pomelo-extract.jpg\",\"datePublished\":\"2021-09-21T13:00:00+00:00\",\"breadcrumb\":{\"@id\":\"https:\\\/\\\/naturalpoland.com\\\/fr\\\/produkty\\\/extraits-de-plantes\\\/extrait-dorange-geant\\\/#breadcrumb\"},\"inLanguage\":\"fr-FR\",\"potentialAction\":[{\"@type\":\"ReadAction\",\"target\":[\"https:\\\/\\\/naturalpoland.com\\\/fr\\\/produkty\\\/extraits-de-plantes\\\/extrait-dorange-geant\\\/\"]}]},{\"@type\":\"ImageObject\",\"inLanguage\":\"fr-FR\",\"@id\":\"https:\\\/\\\/naturalpoland.com\\\/fr\\\/produkty\\\/extraits-de-plantes\\\/extrait-dorange-geant\\\/#primaryimage\",\"url\":\"https:\\\/\\\/naturalpoland.com\\\/wp-content\\\/uploads\\\/2021\\\/05\\\/pomelo-extract.jpg\",\"contentUrl\":\"https:\\\/\\\/naturalpoland.com\\\/wp-content\\\/uploads\\\/2021\\\/05\\\/pomelo-extract.jpg\",\"width\":368,\"height\":351},{\"@type\":\"BreadcrumbList\",\"@id\":\"https:\\\/\\\/naturalpoland.com\\\/fr\\\/produkty\\\/extraits-de-plantes\\\/extrait-dorange-geant\\\/#breadcrumb\",\"itemListElement\":[{\"@type\":\"ListItem\",\"position\":1,\"name\":\"Accueil\",\"item\":\"https:\\\/\\\/naturalpoland.com\\\/fr\\\/\"},{\"@type\":\"ListItem\",\"position\":2,\"name\":\"Produits\",\"item\":\"https:\\\/\\\/naturalpoland.com\\\/fr\\\/produits\\\/\"},{\"@type\":\"ListItem\",\"position\":3,\"name\":\"Extrait d&#8217;orange g\u00e9ante\"}]},{\"@type\":\"WebSite\",\"@id\":\"https:\\\/\\\/naturalpoland.com\\\/fr\\\/#website\",\"url\":\"https:\\\/\\\/naturalpoland.com\\\/fr\\\/\",\"name\":\"NATURAL POLAND - Distributeur de mati\u00e8res premi\u00e8res en gros\",\"description\":\"Surowce dla przemys\u0142u spo\u017cywczego, kosmetycznego i farmaceutycznego\",\"publisher\":{\"@id\":\"https:\\\/\\\/naturalpoland.com\\\/fr\\\/#organization\"},\"potentialAction\":[{\"@type\":\"SearchAction\",\"target\":{\"@type\":\"EntryPoint\",\"urlTemplate\":\"https:\\\/\\\/naturalpoland.com\\\/fr\\\/?s={search_term_string}\"},\"query-input\":{\"@type\":\"PropertyValueSpecification\",\"valueRequired\":true,\"valueName\":\"search_term_string\"}}],\"inLanguage\":\"fr-FR\"},{\"@type\":\"Organization\",\"@id\":\"https:\\\/\\\/naturalpoland.com\\\/fr\\\/#organization\",\"name\":\"Natural Poland\",\"url\":\"https:\\\/\\\/naturalpoland.com\\\/fr\\\/\",\"logo\":{\"@type\":\"ImageObject\",\"inLanguage\":\"fr-FR\",\"@id\":\"https:\\\/\\\/naturalpoland.com\\\/fr\\\/#\\\/schema\\\/logo\\\/image\\\/\",\"url\":\"https:\\\/\\\/naturalpoland.com\\\/wp-content\\\/uploads\\\/2021\\\/05\\\/natural-poland-icon.png\",\"contentUrl\":\"https:\\\/\\\/naturalpoland.com\\\/wp-content\\\/uploads\\\/2021\\\/05\\\/natural-poland-icon.png\",\"width\":512,\"height\":512,\"caption\":\"Natural Poland\"},\"image\":{\"@id\":\"https:\\\/\\\/naturalpoland.com\\\/fr\\\/#\\\/schema\\\/logo\\\/image\\\/\"},\"sameAs\":[\"https:\\\/\\\/www.facebook.com\\\/naturalpoland.b2b\",\"https:\\\/\\\/pl.linkedin.com\\\/company\\\/natural-poland\",\"https:\\\/\\\/www.youtube.com\\\/channel\\\/UCgeGGkvOMahZo-xu_MSEWxg\"]}]}<\/script>\n<!-- \/ Yoast SEO plugin. -->","yoast_head_json":{"title":"Extrait d'orange g\u00e9ante - Distributeur en gros","robots":{"index":"index","follow":"follow","max-snippet":"max-snippet:-1","max-image-preview":"max-image-preview:large","max-video-preview":"max-video-preview:-1"},"canonical":"https:\/\/naturalpoland.com\/fr\/produkty\/extraits-de-plantes\/extrait-dorange-geant\/","og_locale":"fr_FR","og_type":"article","og_title":"Extrait d'orange g\u00e9ante - Distributeur en gros","og_description":"L'extrait d'orange g\u00e9ante est un produit qui, selon le mode de production, peut \u00eatre utilis\u00e9 comme additif aux cosm\u00e9tiques ou aux compl\u00e9ments et aliments. Cet extrait a un ar\u00f4me et une saveur forts caract\u00e9ristiques des agrumes. C'est \u00e9galement une source tr\u00e8s pr\u00e9cieuse de vitamine C naturelle, de b\u00eata-carot\u00e8ne et de vitamines B.","og_url":"https:\/\/naturalpoland.com\/fr\/produkty\/extraits-de-plantes\/extrait-dorange-geant\/","og_site_name":"NATURAL POLAND - Distributeur de mati\u00e8res premi\u00e8res en gros","article_publisher":"https:\/\/www.facebook.com\/naturalpoland.b2b","og_image":[{"width":368,"height":351,"url":"https:\/\/naturalpoland.com\/wp-content\/uploads\/2021\/05\/pomelo-extract.jpg","type":"image\/jpeg"}],"schema":{"@context":"https:\/\/schema.org","@graph":[{"@type":"WebPage","@id":"https:\/\/naturalpoland.com\/fr\/produkty\/extraits-de-plantes\/extrait-dorange-geant\/","url":"https:\/\/naturalpoland.com\/fr\/produkty\/extraits-de-plantes\/extrait-dorange-geant\/","name":"Extrait d'orange g\u00e9ante - Distributeur en gros","isPartOf":{"@id":"https:\/\/naturalpoland.com\/fr\/#website"},"primaryImageOfPage":{"@id":"https:\/\/naturalpoland.com\/fr\/produkty\/extraits-de-plantes\/extrait-dorange-geant\/#primaryimage"},"image":{"@id":"https:\/\/naturalpoland.com\/fr\/produkty\/extraits-de-plantes\/extrait-dorange-geant\/#primaryimage"},"thumbnailUrl":"https:\/\/naturalpoland.com\/wp-content\/uploads\/2021\/05\/pomelo-extract.jpg","datePublished":"2021-09-21T13:00:00+00:00","breadcrumb":{"@id":"https:\/\/naturalpoland.com\/fr\/produkty\/extraits-de-plantes\/extrait-dorange-geant\/#breadcrumb"},"inLanguage":"fr-FR","potentialAction":[{"@type":"ReadAction","target":["https:\/\/naturalpoland.com\/fr\/produkty\/extraits-de-plantes\/extrait-dorange-geant\/"]}]},{"@type":"ImageObject","inLanguage":"fr-FR","@id":"https:\/\/naturalpoland.com\/fr\/produkty\/extraits-de-plantes\/extrait-dorange-geant\/#primaryimage","url":"https:\/\/naturalpoland.com\/wp-content\/uploads\/2021\/05\/pomelo-extract.jpg","contentUrl":"https:\/\/naturalpoland.com\/wp-content\/uploads\/2021\/05\/pomelo-extract.jpg","width":368,"height":351},{"@type":"BreadcrumbList","@id":"https:\/\/naturalpoland.com\/fr\/produkty\/extraits-de-plantes\/extrait-dorange-geant\/#breadcrumb","itemListElement":[{"@type":"ListItem","position":1,"name":"Accueil","item":"https:\/\/naturalpoland.com\/fr\/"},{"@type":"ListItem","position":2,"name":"Produits","item":"https:\/\/naturalpoland.com\/fr\/produits\/"},{"@type":"ListItem","position":3,"name":"Extrait d&#8217;orange g\u00e9ante"}]},{"@type":"WebSite","@id":"https:\/\/naturalpoland.com\/fr\/#website","url":"https:\/\/naturalpoland.com\/fr\/","name":"NATURAL POLAND - Distributeur de mati\u00e8res premi\u00e8res en gros","description":"Surowce dla przemys\u0142u spo\u017cywczego, kosmetycznego i farmaceutycznego","publisher":{"@id":"https:\/\/naturalpoland.com\/fr\/#organization"},"potentialAction":[{"@type":"SearchAction","target":{"@type":"EntryPoint","urlTemplate":"https:\/\/naturalpoland.com\/fr\/?s={search_term_string}"},"query-input":{"@type":"PropertyValueSpecification","valueRequired":true,"valueName":"search_term_string"}}],"inLanguage":"fr-FR"},{"@type":"Organization","@id":"https:\/\/naturalpoland.com\/fr\/#organization","name":"Natural Poland","url":"https:\/\/naturalpoland.com\/fr\/","logo":{"@type":"ImageObject","inLanguage":"fr-FR","@id":"https:\/\/naturalpoland.com\/fr\/#\/schema\/logo\/image\/","url":"https:\/\/naturalpoland.com\/wp-content\/uploads\/2021\/05\/natural-poland-icon.png","contentUrl":"https:\/\/naturalpoland.com\/wp-content\/uploads\/2021\/05\/natural-poland-icon.png","width":512,"height":512,"caption":"Natural Poland"},"image":{"@id":"https:\/\/naturalpoland.com\/fr\/#\/schema\/logo\/image\/"},"sameAs":["https:\/\/www.facebook.com\/naturalpoland.b2b","https:\/\/pl.linkedin.com\/company\/natural-poland","https:\/\/www.youtube.com\/channel\/UCgeGGkvOMahZo-xu_MSEWxg"]}]}},"_links":{"self":[{"href":"https:\/\/naturalpoland.com\/fr\/wp-json\/wp\/v2\/product\/12350","targetHints":{"allow":["GET"]}}],"collection":[{"href":"https:\/\/naturalpoland.com\/fr\/wp-json\/wp\/v2\/product"}],"about":[{"href":"https:\/\/naturalpoland.com\/fr\/wp-json\/wp\/v2\/types\/product"}],"wp:featuredmedia":[{"embeddable":true,"href":"https:\/\/naturalpoland.com\/fr\/wp-json\/wp\/v2\/media\/12353"}],"wp:attachment":[{"href":"https:\/\/naturalpoland.com\/fr\/wp-json\/wp\/v2\/media?parent=12350"}],"wp:term":[{"taxonomy":"product_brand","embeddable":true,"href":"https:\/\/naturalpoland.com\/fr\/wp-json\/wp\/v2\/product_brand?post=12350"},{"taxonomy":"product_cat","embeddable":true,"href":"https:\/\/naturalpoland.com\/fr\/wp-json\/wp\/v2\/product_cat?post=12350"},{"taxonomy":"product_tag","embeddable":true,"href":"https:\/\/naturalpoland.com\/fr\/wp-json\/wp\/v2\/product_tag?post=12350"}],"curies":[{"name":"wp","href":"https:\/\/api.w.org\/{rel}","templated":true}]}}