{"id":12370,"date":"2021-05-11T13:41:45","date_gmt":"2021-09-21T13:00:11","guid":{"rendered":"https:\/\/naturalpoland.pl\/produkty\/non%20class\u00e9\/extrait-de-ginseng\/"},"modified":"2024-08-20T11:31:59","modified_gmt":"2024-08-20T09:31:59","slug":"extrait-de-ginseng","status":"publish","type":"product","link":"https:\/\/naturalpoland.com\/fr\/produkty\/extraits-de-plantes\/extrait-de-ginseng\/","title":{"rendered":"Extrait de ginseng"},"content":{"rendered":"<p>Les principaux composants actifs du <strong>ginseng<\/strong> sont les <strong>gins\u00e9nosides<\/strong>, qui pr\u00e9sentent une s\u00e9rie d&rsquo;activit\u00e9s b\u00e9n\u00e9fiques pour la sant\u00e9. L&rsquo;une d&rsquo;entre elles est un effet inhibiteur sur les cellules canc\u00e9reuses, contribuant \u00e0 leur \u00e9limination. En outre, les gins\u00e9nosides renforcent le syst\u00e8me immunitaire, augmentant ainsi la r\u00e9sistance de l&rsquo;organisme aux infections et aux maladies.<\/p>\n<p><a href=\"https:\/\/naturalpoland.com\/fr\/cat%C3%A9gorie\/produits-pour-lindustrie-cosmetique\/\">Dans l&rsquo;industrie cosm\u00e9tique<\/a>, l&rsquo;extrait de ginseng est tr\u00e8s appr\u00e9ci\u00e9 pour ses propri\u00e9t\u00e9s anti-\u00e2ge. Les antioxydants contenus dans l&rsquo;extrait prot\u00e8gent la peau des dommages caus\u00e9s par les radicaux libres, contribuant ainsi \u00e0 retarder le processus de vieillissement. L&rsquo;utilisation r\u00e9guli\u00e8re de l&rsquo;extrait am\u00e9liore la circulation sanguine et la r\u00e9g\u00e9n\u00e9ration de la peau, ce qui permet une meilleure nutrition et un renouvellement des cellules. Il a \u00e9galement un effet anticellulite, contribuant \u00e0 r\u00e9duire l&rsquo;exc\u00e8s de graisse corporelle, ce qui constitue un avantage suppl\u00e9mentaire pour les produits de soins de la peau et de remodelage du corps.<\/p>\n<p>L&rsquo;extrait de ginseng est \u00e9galement utilis\u00e9 dans le secteur alimentaire en tant qu&rsquo;<a href=\"https:\/\/naturalpoland.com\/fr\/cat%C3%A9gorie\/produits-pour-les-industries-pharmaceutiques-et-medicales\/additifs-de-complements-alimentaires\/\">ingr\u00e9dient dans les compl\u00e9ments alimentaires<\/a> pour soutenir la vitalit\u00e9 et les performances g\u00e9n\u00e9rales. Il a un effet adaptog\u00e8ne, c&rsquo;est-\u00e0-dire qu&rsquo;il aide l&rsquo;organisme \u00e0 faire face au stress et \u00e0 la fatigue.<\/p>\n<p>Le contr\u00f4le de la qualit\u00e9 de ce produit est rigoureux. Les tests HPLC confirment la teneur \u00e9lev\u00e9e en gins\u00e9nosides, et les analyses microbiologiques et chimiques garantissent la s\u00e9curit\u00e9 d&rsquo;utilisation. Le produit est exempt d&rsquo;OGM, de m\u00e9taux lourds, de bact\u00e9ries et de moisissures, comme le confirment les tests AOAC et USP.<\/p>\n","protected":false},"excerpt":{"rendered":"<p>L&rsquo;<strong>extrait de<\/strong> <em>ginseng<\/em> est extrait de la racine du <em>Panax Ginseng C.A.. Meyer<\/em>. Il a des propri\u00e9t\u00e9s de sant\u00e9 et de rajeunissement.<\/p>\n","protected":false},"featured_media":31566,"template":"","meta":{"_acf_changed":false},"product_brand":[],"product_cat":[1293],"product_tag":[],"class_list":{"0":"post-12370","1":"product","2":"type-product","3":"status-publish","4":"has-post-thumbnail","6":"product_cat-extraits-de-plantes","7":"pa_czesc-rosliny-racine","8":"pa_skladnik-aktywny-ginsenosides","10":"first","11":"instock","12":"shipping-taxable","13":"product-type-simple"},"acf":[],"yoast_head":"<!-- This site is optimized with the Yoast SEO plugin v27.5 - https:\/\/yoast.com\/product\/yoast-seo-wordpress\/ -->\n<title>Extrait de ginseng - NATURAL POLAND - Distributeur de mati\u00e8res premi\u00e8res en gros<\/title>\n<meta name=\"description\" content=\"L&#039;extrait de ginseng est appr\u00e9ci\u00e9 pour ses puissantes propri\u00e9t\u00e9s cytotoxiques, antivirales et rajeunissantes, souvent appel\u00e9es &quot;\u00e9lixir de jeunesse&quot;.\" \/>\n<meta name=\"robots\" content=\"index, follow, max-snippet:-1, max-image-preview:large, max-video-preview:-1\" \/>\n<link rel=\"canonical\" href=\"https:\/\/naturalpoland.com\/fr\/produkty\/extraits-de-plantes\/extrait-de-ginseng\/\" \/>\n<meta property=\"og:locale\" content=\"fr_FR\" \/>\n<meta property=\"og:type\" content=\"article\" \/>\n<meta property=\"og:title\" content=\"Extrait de ginseng - NATURAL POLAND - Distributeur de mati\u00e8res premi\u00e8res en gros\" \/>\n<meta property=\"og:description\" content=\"L&#039;extrait de ginseng est appr\u00e9ci\u00e9 pour ses puissantes propri\u00e9t\u00e9s cytotoxiques, antivirales et rajeunissantes, souvent appel\u00e9es &quot;\u00e9lixir de jeunesse&quot;.\" \/>\n<meta property=\"og:url\" content=\"https:\/\/naturalpoland.com\/fr\/produkty\/extraits-de-plantes\/extrait-de-ginseng\/\" \/>\n<meta property=\"og:site_name\" content=\"NATURAL POLAND - Distributeur de mati\u00e8res premi\u00e8res en gros\" \/>\n<meta property=\"article:publisher\" content=\"https:\/\/www.facebook.com\/naturalpoland.b2b\" \/>\n<meta property=\"article:modified_time\" content=\"2024-08-20T09:31:59+00:00\" \/>\n<meta property=\"og:image\" content=\"https:\/\/naturalpoland.com\/wp-content\/uploads\/panax_ginseng_extract.webp\" \/>\n\t<meta property=\"og:image:width\" content=\"426\" \/>\n\t<meta property=\"og:image:height\" content=\"426\" \/>\n\t<meta property=\"og:image:type\" content=\"image\/webp\" \/>\n<script type=\"application\/ld+json\" class=\"yoast-schema-graph\">{\"@context\":\"https:\\\/\\\/schema.org\",\"@graph\":[{\"@type\":\"WebPage\",\"@id\":\"https:\\\/\\\/naturalpoland.com\\\/fr\\\/produkty\\\/extraits-de-plantes\\\/extrait-de-ginseng\\\/\",\"url\":\"https:\\\/\\\/naturalpoland.com\\\/fr\\\/produkty\\\/extraits-de-plantes\\\/extrait-de-ginseng\\\/\",\"name\":\"Extrait de ginseng - NATURAL POLAND - Distributeur de mati\u00e8res premi\u00e8res en gros\",\"isPartOf\":{\"@id\":\"https:\\\/\\\/naturalpoland.com\\\/fr\\\/#website\"},\"primaryImageOfPage\":{\"@id\":\"https:\\\/\\\/naturalpoland.com\\\/fr\\\/produkty\\\/extraits-de-plantes\\\/extrait-de-ginseng\\\/#primaryimage\"},\"image\":{\"@id\":\"https:\\\/\\\/naturalpoland.com\\\/fr\\\/produkty\\\/extraits-de-plantes\\\/extrait-de-ginseng\\\/#primaryimage\"},\"thumbnailUrl\":\"https:\\\/\\\/naturalpoland.com\\\/wp-content\\\/uploads\\\/panax_ginseng_extract.webp\",\"datePublished\":\"2021-09-21T13:00:11+00:00\",\"dateModified\":\"2024-08-20T09:31:59+00:00\",\"description\":\"L'extrait de ginseng est appr\u00e9ci\u00e9 pour ses puissantes propri\u00e9t\u00e9s cytotoxiques, antivirales et rajeunissantes, souvent appel\u00e9es \\\"\u00e9lixir de jeunesse\\\".\",\"breadcrumb\":{\"@id\":\"https:\\\/\\\/naturalpoland.com\\\/fr\\\/produkty\\\/extraits-de-plantes\\\/extrait-de-ginseng\\\/#breadcrumb\"},\"inLanguage\":\"fr-FR\",\"potentialAction\":[{\"@type\":\"ReadAction\",\"target\":[\"https:\\\/\\\/naturalpoland.com\\\/fr\\\/produkty\\\/extraits-de-plantes\\\/extrait-de-ginseng\\\/\"]}]},{\"@type\":\"ImageObject\",\"inLanguage\":\"fr-FR\",\"@id\":\"https:\\\/\\\/naturalpoland.com\\\/fr\\\/produkty\\\/extraits-de-plantes\\\/extrait-de-ginseng\\\/#primaryimage\",\"url\":\"https:\\\/\\\/naturalpoland.com\\\/wp-content\\\/uploads\\\/panax_ginseng_extract.webp\",\"contentUrl\":\"https:\\\/\\\/naturalpoland.com\\\/wp-content\\\/uploads\\\/panax_ginseng_extract.webp\",\"width\":426,\"height\":426,\"caption\":\"proszkowy ekstrakt z \u017ce\u0144-szenia\"},{\"@type\":\"BreadcrumbList\",\"@id\":\"https:\\\/\\\/naturalpoland.com\\\/fr\\\/produkty\\\/extraits-de-plantes\\\/extrait-de-ginseng\\\/#breadcrumb\",\"itemListElement\":[{\"@type\":\"ListItem\",\"position\":1,\"name\":\"Accueil\",\"item\":\"https:\\\/\\\/naturalpoland.com\\\/fr\\\/\"},{\"@type\":\"ListItem\",\"position\":2,\"name\":\"Produits\",\"item\":\"https:\\\/\\\/naturalpoland.com\\\/fr\\\/produits\\\/\"},{\"@type\":\"ListItem\",\"position\":3,\"name\":\"Extrait de ginseng\"}]},{\"@type\":\"WebSite\",\"@id\":\"https:\\\/\\\/naturalpoland.com\\\/fr\\\/#website\",\"url\":\"https:\\\/\\\/naturalpoland.com\\\/fr\\\/\",\"name\":\"NATURAL POLAND - Distributeur de mati\u00e8res premi\u00e8res en gros\",\"description\":\"Surowce dla przemys\u0142u spo\u017cywczego, kosmetycznego i farmaceutycznego\",\"publisher\":{\"@id\":\"https:\\\/\\\/naturalpoland.com\\\/fr\\\/#organization\"},\"potentialAction\":[{\"@type\":\"SearchAction\",\"target\":{\"@type\":\"EntryPoint\",\"urlTemplate\":\"https:\\\/\\\/naturalpoland.com\\\/fr\\\/?s={search_term_string}\"},\"query-input\":{\"@type\":\"PropertyValueSpecification\",\"valueRequired\":true,\"valueName\":\"search_term_string\"}}],\"inLanguage\":\"fr-FR\"},{\"@type\":\"Organization\",\"@id\":\"https:\\\/\\\/naturalpoland.com\\\/fr\\\/#organization\",\"name\":\"Natural Poland\",\"url\":\"https:\\\/\\\/naturalpoland.com\\\/fr\\\/\",\"logo\":{\"@type\":\"ImageObject\",\"inLanguage\":\"fr-FR\",\"@id\":\"https:\\\/\\\/naturalpoland.com\\\/fr\\\/#\\\/schema\\\/logo\\\/image\\\/\",\"url\":\"https:\\\/\\\/naturalpoland.com\\\/wp-content\\\/uploads\\\/2021\\\/05\\\/natural-poland-icon.png\",\"contentUrl\":\"https:\\\/\\\/naturalpoland.com\\\/wp-content\\\/uploads\\\/2021\\\/05\\\/natural-poland-icon.png\",\"width\":512,\"height\":512,\"caption\":\"Natural Poland\"},\"image\":{\"@id\":\"https:\\\/\\\/naturalpoland.com\\\/fr\\\/#\\\/schema\\\/logo\\\/image\\\/\"},\"sameAs\":[\"https:\\\/\\\/www.facebook.com\\\/naturalpoland.b2b\",\"https:\\\/\\\/pl.linkedin.com\\\/company\\\/natural-poland\",\"https:\\\/\\\/www.youtube.com\\\/channel\\\/UCgeGGkvOMahZo-xu_MSEWxg\"]}]}<\/script>\n<!-- \/ Yoast SEO plugin. -->","yoast_head_json":{"title":"Extrait de ginseng - NATURAL POLAND - Distributeur de mati\u00e8res premi\u00e8res en gros","description":"L'extrait de ginseng est appr\u00e9ci\u00e9 pour ses puissantes propri\u00e9t\u00e9s cytotoxiques, antivirales et rajeunissantes, souvent appel\u00e9es \"\u00e9lixir de jeunesse\".","robots":{"index":"index","follow":"follow","max-snippet":"max-snippet:-1","max-image-preview":"max-image-preview:large","max-video-preview":"max-video-preview:-1"},"canonical":"https:\/\/naturalpoland.com\/fr\/produkty\/extraits-de-plantes\/extrait-de-ginseng\/","og_locale":"fr_FR","og_type":"article","og_title":"Extrait de ginseng - NATURAL POLAND - Distributeur de mati\u00e8res premi\u00e8res en gros","og_description":"L'extrait de ginseng est appr\u00e9ci\u00e9 pour ses puissantes propri\u00e9t\u00e9s cytotoxiques, antivirales et rajeunissantes, souvent appel\u00e9es \"\u00e9lixir de jeunesse\".","og_url":"https:\/\/naturalpoland.com\/fr\/produkty\/extraits-de-plantes\/extrait-de-ginseng\/","og_site_name":"NATURAL POLAND - Distributeur de mati\u00e8res premi\u00e8res en gros","article_publisher":"https:\/\/www.facebook.com\/naturalpoland.b2b","article_modified_time":"2024-08-20T09:31:59+00:00","og_image":[{"width":426,"height":426,"url":"https:\/\/naturalpoland.com\/wp-content\/uploads\/panax_ginseng_extract.webp","type":"image\/webp"}],"schema":{"@context":"https:\/\/schema.org","@graph":[{"@type":"WebPage","@id":"https:\/\/naturalpoland.com\/fr\/produkty\/extraits-de-plantes\/extrait-de-ginseng\/","url":"https:\/\/naturalpoland.com\/fr\/produkty\/extraits-de-plantes\/extrait-de-ginseng\/","name":"Extrait de ginseng - NATURAL POLAND - Distributeur de mati\u00e8res premi\u00e8res en gros","isPartOf":{"@id":"https:\/\/naturalpoland.com\/fr\/#website"},"primaryImageOfPage":{"@id":"https:\/\/naturalpoland.com\/fr\/produkty\/extraits-de-plantes\/extrait-de-ginseng\/#primaryimage"},"image":{"@id":"https:\/\/naturalpoland.com\/fr\/produkty\/extraits-de-plantes\/extrait-de-ginseng\/#primaryimage"},"thumbnailUrl":"https:\/\/naturalpoland.com\/wp-content\/uploads\/panax_ginseng_extract.webp","datePublished":"2021-09-21T13:00:11+00:00","dateModified":"2024-08-20T09:31:59+00:00","description":"L'extrait de ginseng est appr\u00e9ci\u00e9 pour ses puissantes propri\u00e9t\u00e9s cytotoxiques, antivirales et rajeunissantes, souvent appel\u00e9es \"\u00e9lixir de jeunesse\".","breadcrumb":{"@id":"https:\/\/naturalpoland.com\/fr\/produkty\/extraits-de-plantes\/extrait-de-ginseng\/#breadcrumb"},"inLanguage":"fr-FR","potentialAction":[{"@type":"ReadAction","target":["https:\/\/naturalpoland.com\/fr\/produkty\/extraits-de-plantes\/extrait-de-ginseng\/"]}]},{"@type":"ImageObject","inLanguage":"fr-FR","@id":"https:\/\/naturalpoland.com\/fr\/produkty\/extraits-de-plantes\/extrait-de-ginseng\/#primaryimage","url":"https:\/\/naturalpoland.com\/wp-content\/uploads\/panax_ginseng_extract.webp","contentUrl":"https:\/\/naturalpoland.com\/wp-content\/uploads\/panax_ginseng_extract.webp","width":426,"height":426,"caption":"proszkowy ekstrakt z \u017ce\u0144-szenia"},{"@type":"BreadcrumbList","@id":"https:\/\/naturalpoland.com\/fr\/produkty\/extraits-de-plantes\/extrait-de-ginseng\/#breadcrumb","itemListElement":[{"@type":"ListItem","position":1,"name":"Accueil","item":"https:\/\/naturalpoland.com\/fr\/"},{"@type":"ListItem","position":2,"name":"Produits","item":"https:\/\/naturalpoland.com\/fr\/produits\/"},{"@type":"ListItem","position":3,"name":"Extrait de ginseng"}]},{"@type":"WebSite","@id":"https:\/\/naturalpoland.com\/fr\/#website","url":"https:\/\/naturalpoland.com\/fr\/","name":"NATURAL POLAND - Distributeur de mati\u00e8res premi\u00e8res en gros","description":"Surowce dla przemys\u0142u spo\u017cywczego, kosmetycznego i farmaceutycznego","publisher":{"@id":"https:\/\/naturalpoland.com\/fr\/#organization"},"potentialAction":[{"@type":"SearchAction","target":{"@type":"EntryPoint","urlTemplate":"https:\/\/naturalpoland.com\/fr\/?s={search_term_string}"},"query-input":{"@type":"PropertyValueSpecification","valueRequired":true,"valueName":"search_term_string"}}],"inLanguage":"fr-FR"},{"@type":"Organization","@id":"https:\/\/naturalpoland.com\/fr\/#organization","name":"Natural Poland","url":"https:\/\/naturalpoland.com\/fr\/","logo":{"@type":"ImageObject","inLanguage":"fr-FR","@id":"https:\/\/naturalpoland.com\/fr\/#\/schema\/logo\/image\/","url":"https:\/\/naturalpoland.com\/wp-content\/uploads\/2021\/05\/natural-poland-icon.png","contentUrl":"https:\/\/naturalpoland.com\/wp-content\/uploads\/2021\/05\/natural-poland-icon.png","width":512,"height":512,"caption":"Natural Poland"},"image":{"@id":"https:\/\/naturalpoland.com\/fr\/#\/schema\/logo\/image\/"},"sameAs":["https:\/\/www.facebook.com\/naturalpoland.b2b","https:\/\/pl.linkedin.com\/company\/natural-poland","https:\/\/www.youtube.com\/channel\/UCgeGGkvOMahZo-xu_MSEWxg"]}]}},"_links":{"self":[{"href":"https:\/\/naturalpoland.com\/fr\/wp-json\/wp\/v2\/product\/12370","targetHints":{"allow":["GET"]}}],"collection":[{"href":"https:\/\/naturalpoland.com\/fr\/wp-json\/wp\/v2\/product"}],"about":[{"href":"https:\/\/naturalpoland.com\/fr\/wp-json\/wp\/v2\/types\/product"}],"wp:featuredmedia":[{"embeddable":true,"href":"https:\/\/naturalpoland.com\/fr\/wp-json\/wp\/v2\/media\/31566"}],"wp:attachment":[{"href":"https:\/\/naturalpoland.com\/fr\/wp-json\/wp\/v2\/media?parent=12370"}],"wp:term":[{"taxonomy":"product_brand","embeddable":true,"href":"https:\/\/naturalpoland.com\/fr\/wp-json\/wp\/v2\/product_brand?post=12370"},{"taxonomy":"product_cat","embeddable":true,"href":"https:\/\/naturalpoland.com\/fr\/wp-json\/wp\/v2\/product_cat?post=12370"},{"taxonomy":"product_tag","embeddable":true,"href":"https:\/\/naturalpoland.com\/fr\/wp-json\/wp\/v2\/product_tag?post=12370"}],"curies":[{"name":"wp","href":"https:\/\/api.w.org\/{rel}","templated":true}]}}