{"id":12382,"date":"2021-05-11T13:41:47","date_gmt":"2021-09-21T13:00:26","guid":{"rendered":"https:\/\/naturalpoland.pl\/produkty\/non%20class\u00e9\/extrait-de-canneberge-5-pac\/"},"modified":"2024-08-20T11:29:46","modified_gmt":"2024-08-20T09:29:46","slug":"extrait-de-canneberge-5-pac","status":"publish","type":"product","link":"https:\/\/naturalpoland.com\/fr\/produkty\/extraits-de-plantes\/extrait-de-canneberge-5-pac\/","title":{"rendered":"Extrait de canneberge 5% PAC"},"content":{"rendered":"<p>Le produit se pr\u00e9sente sous la forme d&rsquo;une poudre rouge pourpre, qui est le r\u00e9sultat de la couleur naturelle des canneberges. Il se caract\u00e9rise par un go\u00fbt et une odeur distinctifs, confirm\u00e9s par des tests organoleptiques. Gr\u00e2ce \u00e0 des contr\u00f4les de qualit\u00e9 stricts, l&rsquo;extrait est exempt d&rsquo;OGM, de m\u00e9taux lourds et de micro-organismes.<\/p>\n<p>L&rsquo;extrait est stable et durable, offrant une efficacit\u00e9 de longue dur\u00e9e lorsqu&rsquo;il est conserv\u00e9 correctement dans un endroit sec et sombre.<\/p>\n<p>L&rsquo;extrait de canneberge est obtenu par un processus d&rsquo;extraction \u00e0 l&rsquo;aide d&rsquo;\u00e9thanol et d&rsquo;eau. Ce proc\u00e9d\u00e9 garantit une extraction efficace des composants bioactifs, principalement les <strong>proanthocyanidines<\/strong> (PAC), dont la teneur est sup\u00e9rieure \u00e0 5 %.<\/p>\n<h2>Que sont les proanthocyanidines ?<\/h2>\n<p>Les proanthocyanidines sont des compos\u00e9s aux propri\u00e9t\u00e9s antioxydantes et anti-inflammatoires av\u00e9r\u00e9es. Ils jouent un r\u00f4le cl\u00e9 dans la <strong>protection contre les infections des voies urinaires<\/strong> en emp\u00eachant l&rsquo;adh\u00e9sion des bact\u00e9ries aux parois des voies urinaires. L&rsquo;extrait est donc pr\u00e9cieux pour la production de suppl\u00e9ments destin\u00e9s \u00e0 soutenir la sant\u00e9 urinaire.<\/p>\n<h2>Propri\u00e9t\u00e9s de l&rsquo;extrait de canneberge<\/h2>\n<p>Outre ses propri\u00e9t\u00e9s de soutien urinaire, l&rsquo;extrait de canneberge est \u00e9galement appr\u00e9ci\u00e9 pour ses propri\u00e9t\u00e9s <strong>antimicrobiennes<\/strong> et antioxydantes et sa capacit\u00e9 \u00e0 soutenir la <strong>sant\u00e9 cardiovasculaire<\/strong>. Il contient non seulement des proanthocyanidines, mais aussi des vitamines A, C et E, ainsi que des micronutriments tels que le s\u00e9l\u00e9nium, le calcium et le potassium, qui, ensemble, renforcent l&rsquo;immunit\u00e9 de l&rsquo;organisme et sont b\u00e9n\u00e9fiques pour la sant\u00e9 en g\u00e9n\u00e9ral.<\/p>\n<h2>L&rsquo;extrait de canneberge dans les cosm\u00e9tiques<\/h2>\n<p>L&rsquo;extrait de canneberge est \u00e9galement largement utilis\u00e9 dans l&rsquo;<a href=\"https:\/\/naturalpoland.com\/fr\/cat%C3%A9gorie\/produits-pour-lindustrie-cosmetique\/\">industrie cosm\u00e9tique<\/a>, o\u00f9 il est employ\u00e9 pour ses <strong>propri\u00e9t\u00e9s hydratantes<\/strong>, r\u00e9g\u00e9n\u00e9rantes et nourrissantes pour la peau. Riche en vitamines A et E, elle entre dans la composition de nombreuses cr\u00e8mes, s\u00e9rums et produits de soins corporels, contribuant \u00e0 am\u00e9liorer l&rsquo;\u00e9lasticit\u00e9 de la peau, \u00e0 r\u00e9duire l&rsquo;apparence des rides et \u00e0 am\u00e9liorer l&rsquo;aspect g\u00e9n\u00e9ral du teint.<\/p>\n","protected":false},"excerpt":{"rendered":"<p>L&rsquo;extrait de canneberge 5% PAC est produit \u00e0 partir du fruit du <em>Vaccinium Macrocarpon L.<\/em> Gr\u00e2ce \u00e0 ses propri\u00e9t\u00e9s de sant\u00e9 et de soin, il est utilis\u00e9 dans une large gamme d&rsquo;applications, des compl\u00e9ments alimentaires aux produits pharmaceutiques en passant par les cosm\u00e9tiques avanc\u00e9s.<\/p>\n","protected":false},"featured_media":31580,"template":"","meta":{"_acf_changed":false},"product_brand":[],"product_cat":[1293],"product_tag":[],"class_list":{"0":"post-12382","1":"product","2":"type-product","3":"status-publish","4":"has-post-thumbnail","6":"product_cat-extraits-de-plantes","7":"pa_czesc-rosliny-fruits","8":"pa_skladnik-aktywny-proanthocyanidines","10":"first","11":"instock","12":"shipping-taxable","13":"product-type-simple"},"acf":[],"yoast_head":"<!-- This site is optimized with the Yoast SEO plugin v27.6 - https:\/\/yoast.com\/product\/yoast-seo-wordpress\/ -->\n<title>Extrait de canneberge 5% PAC - NATURAL POLAND - Distributeur de mati\u00e8res premi\u00e8res en gros<\/title>\n<meta name=\"description\" content=\"L&#039;extrait de canneberge 5% PAC est utilis\u00e9 dans une large gamme d&#039;applications, des compl\u00e9ments alimentaires aux produits pharmaceutiques en passant par les cosm\u00e9tiques avanc\u00e9s.\" \/>\n<meta name=\"robots\" content=\"index, follow, max-snippet:-1, max-image-preview:large, max-video-preview:-1\" \/>\n<link rel=\"canonical\" href=\"https:\/\/naturalpoland.com\/fr\/produkty\/extraits-de-plantes\/extrait-de-canneberge-5-pac\/\" \/>\n<meta property=\"og:locale\" content=\"fr_FR\" \/>\n<meta property=\"og:type\" content=\"article\" \/>\n<meta property=\"og:title\" content=\"Extrait de canneberge 5% PAC - NATURAL POLAND - Distributeur de mati\u00e8res premi\u00e8res en gros\" \/>\n<meta property=\"og:description\" content=\"L&#039;extrait de canneberge 5% PAC est utilis\u00e9 dans une large gamme d&#039;applications, des compl\u00e9ments alimentaires aux produits pharmaceutiques en passant par les cosm\u00e9tiques avanc\u00e9s.\" \/>\n<meta property=\"og:url\" content=\"https:\/\/naturalpoland.com\/fr\/produkty\/extraits-de-plantes\/extrait-de-canneberge-5-pac\/\" \/>\n<meta property=\"og:site_name\" content=\"NATURAL POLAND - Distributeur de mati\u00e8res premi\u00e8res en gros\" \/>\n<meta property=\"article:publisher\" content=\"https:\/\/www.facebook.com\/naturalpoland.b2b\" \/>\n<meta property=\"article:modified_time\" content=\"2024-08-20T09:29:46+00:00\" \/>\n<meta property=\"og:image\" content=\"https:\/\/naturalpoland.com\/wp-content\/uploads\/ekstrakt-z-zurawiny.webp\" \/>\n\t<meta property=\"og:image:width\" content=\"426\" \/>\n\t<meta property=\"og:image:height\" content=\"426\" \/>\n\t<meta property=\"og:image:type\" content=\"image\/webp\" \/>\n<script type=\"application\/ld+json\" class=\"yoast-schema-graph\">{\"@context\":\"https:\\\/\\\/schema.org\",\"@graph\":[{\"@type\":\"WebPage\",\"@id\":\"https:\\\/\\\/naturalpoland.com\\\/fr\\\/produkty\\\/extraits-de-plantes\\\/extrait-de-canneberge-5-pac\\\/\",\"url\":\"https:\\\/\\\/naturalpoland.com\\\/fr\\\/produkty\\\/extraits-de-plantes\\\/extrait-de-canneberge-5-pac\\\/\",\"name\":\"Extrait de canneberge 5% PAC - NATURAL POLAND - Distributeur de mati\u00e8res premi\u00e8res en gros\",\"isPartOf\":{\"@id\":\"https:\\\/\\\/naturalpoland.com\\\/fr\\\/#website\"},\"primaryImageOfPage\":{\"@id\":\"https:\\\/\\\/naturalpoland.com\\\/fr\\\/produkty\\\/extraits-de-plantes\\\/extrait-de-canneberge-5-pac\\\/#primaryimage\"},\"image\":{\"@id\":\"https:\\\/\\\/naturalpoland.com\\\/fr\\\/produkty\\\/extraits-de-plantes\\\/extrait-de-canneberge-5-pac\\\/#primaryimage\"},\"thumbnailUrl\":\"https:\\\/\\\/naturalpoland.com\\\/wp-content\\\/uploads\\\/ekstrakt-z-zurawiny.webp\",\"datePublished\":\"2021-09-21T13:00:26+00:00\",\"dateModified\":\"2024-08-20T09:29:46+00:00\",\"description\":\"L'extrait de canneberge 5% PAC est utilis\u00e9 dans une large gamme d'applications, des compl\u00e9ments alimentaires aux produits pharmaceutiques en passant par les cosm\u00e9tiques avanc\u00e9s.\",\"breadcrumb\":{\"@id\":\"https:\\\/\\\/naturalpoland.com\\\/fr\\\/produkty\\\/extraits-de-plantes\\\/extrait-de-canneberge-5-pac\\\/#breadcrumb\"},\"inLanguage\":\"fr-FR\",\"potentialAction\":[{\"@type\":\"ReadAction\",\"target\":[\"https:\\\/\\\/naturalpoland.com\\\/fr\\\/produkty\\\/extraits-de-plantes\\\/extrait-de-canneberge-5-pac\\\/\"]}]},{\"@type\":\"ImageObject\",\"inLanguage\":\"fr-FR\",\"@id\":\"https:\\\/\\\/naturalpoland.com\\\/fr\\\/produkty\\\/extraits-de-plantes\\\/extrait-de-canneberge-5-pac\\\/#primaryimage\",\"url\":\"https:\\\/\\\/naturalpoland.com\\\/wp-content\\\/uploads\\\/ekstrakt-z-zurawiny.webp\",\"contentUrl\":\"https:\\\/\\\/naturalpoland.com\\\/wp-content\\\/uploads\\\/ekstrakt-z-zurawiny.webp\",\"width\":426,\"height\":426,\"caption\":\"proszkowy Ekstrakt z \u017curawiny 5% PAC\"},{\"@type\":\"BreadcrumbList\",\"@id\":\"https:\\\/\\\/naturalpoland.com\\\/fr\\\/produkty\\\/extraits-de-plantes\\\/extrait-de-canneberge-5-pac\\\/#breadcrumb\",\"itemListElement\":[{\"@type\":\"ListItem\",\"position\":1,\"name\":\"Accueil\",\"item\":\"https:\\\/\\\/naturalpoland.com\\\/fr\\\/\"},{\"@type\":\"ListItem\",\"position\":2,\"name\":\"Produits\",\"item\":\"https:\\\/\\\/naturalpoland.com\\\/fr\\\/produits\\\/\"},{\"@type\":\"ListItem\",\"position\":3,\"name\":\"Extrait de canneberge 5% PAC\"}]},{\"@type\":\"WebSite\",\"@id\":\"https:\\\/\\\/naturalpoland.com\\\/fr\\\/#website\",\"url\":\"https:\\\/\\\/naturalpoland.com\\\/fr\\\/\",\"name\":\"NATURAL POLAND - Distributeur de mati\u00e8res premi\u00e8res en gros\",\"description\":\"Surowce dla przemys\u0142u spo\u017cywczego, kosmetycznego i farmaceutycznego\",\"publisher\":{\"@id\":\"https:\\\/\\\/naturalpoland.com\\\/fr\\\/#organization\"},\"potentialAction\":[{\"@type\":\"SearchAction\",\"target\":{\"@type\":\"EntryPoint\",\"urlTemplate\":\"https:\\\/\\\/naturalpoland.com\\\/fr\\\/?s={search_term_string}\"},\"query-input\":{\"@type\":\"PropertyValueSpecification\",\"valueRequired\":true,\"valueName\":\"search_term_string\"}}],\"inLanguage\":\"fr-FR\"},{\"@type\":\"Organization\",\"@id\":\"https:\\\/\\\/naturalpoland.com\\\/fr\\\/#organization\",\"name\":\"Natural Poland\",\"url\":\"https:\\\/\\\/naturalpoland.com\\\/fr\\\/\",\"logo\":{\"@type\":\"ImageObject\",\"inLanguage\":\"fr-FR\",\"@id\":\"https:\\\/\\\/naturalpoland.com\\\/fr\\\/#\\\/schema\\\/logo\\\/image\\\/\",\"url\":\"https:\\\/\\\/naturalpoland.com\\\/wp-content\\\/uploads\\\/2021\\\/05\\\/natural-poland-icon.png\",\"contentUrl\":\"https:\\\/\\\/naturalpoland.com\\\/wp-content\\\/uploads\\\/2021\\\/05\\\/natural-poland-icon.png\",\"width\":512,\"height\":512,\"caption\":\"Natural Poland\"},\"image\":{\"@id\":\"https:\\\/\\\/naturalpoland.com\\\/fr\\\/#\\\/schema\\\/logo\\\/image\\\/\"},\"sameAs\":[\"https:\\\/\\\/www.facebook.com\\\/naturalpoland.b2b\",\"https:\\\/\\\/pl.linkedin.com\\\/company\\\/natural-poland\",\"https:\\\/\\\/www.youtube.com\\\/channel\\\/UCgeGGkvOMahZo-xu_MSEWxg\"]}]}<\/script>\n<!-- \/ Yoast SEO plugin. -->","yoast_head_json":{"title":"Extrait de canneberge 5% PAC - NATURAL POLAND - Distributeur de mati\u00e8res premi\u00e8res en gros","description":"L'extrait de canneberge 5% PAC est utilis\u00e9 dans une large gamme d'applications, des compl\u00e9ments alimentaires aux produits pharmaceutiques en passant par les cosm\u00e9tiques avanc\u00e9s.","robots":{"index":"index","follow":"follow","max-snippet":"max-snippet:-1","max-image-preview":"max-image-preview:large","max-video-preview":"max-video-preview:-1"},"canonical":"https:\/\/naturalpoland.com\/fr\/produkty\/extraits-de-plantes\/extrait-de-canneberge-5-pac\/","og_locale":"fr_FR","og_type":"article","og_title":"Extrait de canneberge 5% PAC - NATURAL POLAND - Distributeur de mati\u00e8res premi\u00e8res en gros","og_description":"L'extrait de canneberge 5% PAC est utilis\u00e9 dans une large gamme d'applications, des compl\u00e9ments alimentaires aux produits pharmaceutiques en passant par les cosm\u00e9tiques avanc\u00e9s.","og_url":"https:\/\/naturalpoland.com\/fr\/produkty\/extraits-de-plantes\/extrait-de-canneberge-5-pac\/","og_site_name":"NATURAL POLAND - Distributeur de mati\u00e8res premi\u00e8res en gros","article_publisher":"https:\/\/www.facebook.com\/naturalpoland.b2b","article_modified_time":"2024-08-20T09:29:46+00:00","og_image":[{"width":426,"height":426,"url":"https:\/\/naturalpoland.com\/wp-content\/uploads\/ekstrakt-z-zurawiny.webp","type":"image\/webp"}],"schema":{"@context":"https:\/\/schema.org","@graph":[{"@type":"WebPage","@id":"https:\/\/naturalpoland.com\/fr\/produkty\/extraits-de-plantes\/extrait-de-canneberge-5-pac\/","url":"https:\/\/naturalpoland.com\/fr\/produkty\/extraits-de-plantes\/extrait-de-canneberge-5-pac\/","name":"Extrait de canneberge 5% PAC - NATURAL POLAND - Distributeur de mati\u00e8res premi\u00e8res en gros","isPartOf":{"@id":"https:\/\/naturalpoland.com\/fr\/#website"},"primaryImageOfPage":{"@id":"https:\/\/naturalpoland.com\/fr\/produkty\/extraits-de-plantes\/extrait-de-canneberge-5-pac\/#primaryimage"},"image":{"@id":"https:\/\/naturalpoland.com\/fr\/produkty\/extraits-de-plantes\/extrait-de-canneberge-5-pac\/#primaryimage"},"thumbnailUrl":"https:\/\/naturalpoland.com\/wp-content\/uploads\/ekstrakt-z-zurawiny.webp","datePublished":"2021-09-21T13:00:26+00:00","dateModified":"2024-08-20T09:29:46+00:00","description":"L'extrait de canneberge 5% PAC est utilis\u00e9 dans une large gamme d'applications, des compl\u00e9ments alimentaires aux produits pharmaceutiques en passant par les cosm\u00e9tiques avanc\u00e9s.","breadcrumb":{"@id":"https:\/\/naturalpoland.com\/fr\/produkty\/extraits-de-plantes\/extrait-de-canneberge-5-pac\/#breadcrumb"},"inLanguage":"fr-FR","potentialAction":[{"@type":"ReadAction","target":["https:\/\/naturalpoland.com\/fr\/produkty\/extraits-de-plantes\/extrait-de-canneberge-5-pac\/"]}]},{"@type":"ImageObject","inLanguage":"fr-FR","@id":"https:\/\/naturalpoland.com\/fr\/produkty\/extraits-de-plantes\/extrait-de-canneberge-5-pac\/#primaryimage","url":"https:\/\/naturalpoland.com\/wp-content\/uploads\/ekstrakt-z-zurawiny.webp","contentUrl":"https:\/\/naturalpoland.com\/wp-content\/uploads\/ekstrakt-z-zurawiny.webp","width":426,"height":426,"caption":"proszkowy Ekstrakt z \u017curawiny 5% PAC"},{"@type":"BreadcrumbList","@id":"https:\/\/naturalpoland.com\/fr\/produkty\/extraits-de-plantes\/extrait-de-canneberge-5-pac\/#breadcrumb","itemListElement":[{"@type":"ListItem","position":1,"name":"Accueil","item":"https:\/\/naturalpoland.com\/fr\/"},{"@type":"ListItem","position":2,"name":"Produits","item":"https:\/\/naturalpoland.com\/fr\/produits\/"},{"@type":"ListItem","position":3,"name":"Extrait de canneberge 5% PAC"}]},{"@type":"WebSite","@id":"https:\/\/naturalpoland.com\/fr\/#website","url":"https:\/\/naturalpoland.com\/fr\/","name":"NATURAL POLAND - Distributeur de mati\u00e8res premi\u00e8res en gros","description":"Surowce dla przemys\u0142u spo\u017cywczego, kosmetycznego i farmaceutycznego","publisher":{"@id":"https:\/\/naturalpoland.com\/fr\/#organization"},"potentialAction":[{"@type":"SearchAction","target":{"@type":"EntryPoint","urlTemplate":"https:\/\/naturalpoland.com\/fr\/?s={search_term_string}"},"query-input":{"@type":"PropertyValueSpecification","valueRequired":true,"valueName":"search_term_string"}}],"inLanguage":"fr-FR"},{"@type":"Organization","@id":"https:\/\/naturalpoland.com\/fr\/#organization","name":"Natural Poland","url":"https:\/\/naturalpoland.com\/fr\/","logo":{"@type":"ImageObject","inLanguage":"fr-FR","@id":"https:\/\/naturalpoland.com\/fr\/#\/schema\/logo\/image\/","url":"https:\/\/naturalpoland.com\/wp-content\/uploads\/2021\/05\/natural-poland-icon.png","contentUrl":"https:\/\/naturalpoland.com\/wp-content\/uploads\/2021\/05\/natural-poland-icon.png","width":512,"height":512,"caption":"Natural Poland"},"image":{"@id":"https:\/\/naturalpoland.com\/fr\/#\/schema\/logo\/image\/"},"sameAs":["https:\/\/www.facebook.com\/naturalpoland.b2b","https:\/\/pl.linkedin.com\/company\/natural-poland","https:\/\/www.youtube.com\/channel\/UCgeGGkvOMahZo-xu_MSEWxg"]}]}},"_links":{"self":[{"href":"https:\/\/naturalpoland.com\/fr\/wp-json\/wp\/v2\/product\/12382","targetHints":{"allow":["GET"]}}],"collection":[{"href":"https:\/\/naturalpoland.com\/fr\/wp-json\/wp\/v2\/product"}],"about":[{"href":"https:\/\/naturalpoland.com\/fr\/wp-json\/wp\/v2\/types\/product"}],"wp:featuredmedia":[{"embeddable":true,"href":"https:\/\/naturalpoland.com\/fr\/wp-json\/wp\/v2\/media\/31580"}],"wp:attachment":[{"href":"https:\/\/naturalpoland.com\/fr\/wp-json\/wp\/v2\/media?parent=12382"}],"wp:term":[{"taxonomy":"product_brand","embeddable":true,"href":"https:\/\/naturalpoland.com\/fr\/wp-json\/wp\/v2\/product_brand?post=12382"},{"taxonomy":"product_cat","embeddable":true,"href":"https:\/\/naturalpoland.com\/fr\/wp-json\/wp\/v2\/product_cat?post=12382"},{"taxonomy":"product_tag","embeddable":true,"href":"https:\/\/naturalpoland.com\/fr\/wp-json\/wp\/v2\/product_tag?post=12382"}],"curies":[{"name":"wp","href":"https:\/\/api.w.org\/{rel}","templated":true}]}}