{"id":12618,"date":"2021-05-11T13:50:09","date_gmt":"2021-09-21T13:05:00","guid":{"rendered":"https:\/\/naturalpoland.pl\/produkty\/non%20class\u00e9\/huile-de-graines-de-cumin-noir\/"},"modified":"2024-06-13T13:20:29","modified_gmt":"2024-06-13T11:20:29","slug":"huile-de-graines-de-nigelle","status":"publish","type":"product","link":"https:\/\/naturalpoland.com\/fr\/produkty\/produits-pour-lindustrie-alimentaire\/huiles-alimentaires-insaturees\/huile-de-graines-de-nigelle\/","title":{"rendered":"Huile de cumin noir"},"content":{"rendered":"<h2>Processus de production<\/h2>\n<p><strong>Press\u00e9e \u00e0 froid et non raffin\u00e9e,<\/strong> cette huile conserve tous ses pr\u00e9cieux nutriments, ce qui la rend extr\u00eamement utile pour de nombreuses applications. La pression \u00e0 froid, qui pr\u00e9serve tous les nutriments pr\u00e9cieux et garantit que l&rsquo;huile reste non raffin\u00e9e et exempte d&rsquo;additifs chimiques.<\/p>\n<h2>Nutriments<\/h2>\n<p>L&rsquo;huile de nigelle contient de fortes concentrations d&rsquo;acides gras <strong>om\u00e9ga-3<\/strong> et <strong>om\u00e9ga-6<\/strong> et d&rsquo;<strong>acide linol\u00e9ique<\/strong>, connus pour leurs effets b\u00e9n\u00e9fiques sur la sant\u00e9 cardiovasculaire.<br \/>\nEn outre, elle contient de la <strong>thymoquinone<\/strong> et de la <strong>nigellone<\/strong>, des compos\u00e9s bioactifs efficaces pour traiter les allergies en bloquant la s\u00e9cr\u00e9tion d&rsquo;histamine. <\/p>\n<h2>Propri\u00e9t\u00e9s de l&rsquo;huile de cumin pour la sant\u00e9<\/h2>\n<p>Ce produit est particuli\u00e8rement recommand\u00e9 pour les personnes souhaitant contr\u00f4ler leur taux de cholest\u00e9rol et de sucre dans le sang.<br \/>\nL&rsquo;huile de nigelle r\u00e9gule le m\u00e9tabolisme des glucides et abaisse le taux de sucre apr\u00e8s un repas, ce qui la rend utile dans la pr\u00e9vention de la r\u00e9sistance \u00e0 l&rsquo;insuline et du diab\u00e8te de type 2.<br \/>\nEn outre, son action antihistaminique la rend utile dans le traitement des allergies.  <\/p>\n<h2>Usage cosm\u00e9tique<\/h2>\n<p>Dans l&rsquo;industrie cosm\u00e9tique, l&rsquo;huile de nigelle est appr\u00e9ci\u00e9e pour ses propri\u00e9t\u00e9s hydratantes, r\u00e9g\u00e9n\u00e9rantes et anti-inflammatoires.<br \/>\nElle est id\u00e9ale pour les peaux s\u00e8ches, sensibles et \u00e0 probl\u00e8mes.<br \/>\nUtilis\u00e9e r\u00e9guli\u00e8rement, elle peut aider \u00e0 soulager l&rsquo;inflammation de la peau et soutenir les processus naturels de r\u00e9g\u00e9n\u00e9ration.  <\/p>\n<h2>Soutien immunitaire<\/h2>\n<p>L&rsquo;huile de graine de nigelle soutient \u00e9galement le syst\u00e8me immunitaire gr\u00e2ce \u00e0 ses propri\u00e9t\u00e9s antivirales et antibact\u00e9riennes.<br \/>\nElle contribue \u00e0 prot\u00e9ger l&rsquo;organisme contre divers agents pathog\u00e8nes. <\/p>\n<h2>Stockage et emballage<\/h2>\n<p>L&rsquo;huile de nigelle doit \u00eatre conserv\u00e9e \u00e0 des temp\u00e9ratures inf\u00e9rieures \u00e0 20\u00b0C, dans un endroit sombre, \u00e0 l&rsquo;abri de la lumi\u00e8re du soleil. Apr\u00e8s ouverture, conserver au r\u00e9frig\u00e9rateur. Le produit est conditionn\u00e9 dans des seaux en plastique approuv\u00e9s (20 litres) et des bouteilles en verre fonc\u00e9 (250 ml, 500 ml, 1000 ml). L&#8217;emballage est conforme au r\u00e8glement (CE) n\u00b0 1935\/2004.<\/p>\n<h3><\/h3>\n<h2>Propri\u00e9t\u00e9s nutritionnelles (pour 100g)<\/h2>\n<ul>\n<li><strong>Valeur \u00e9nerg\u00e9tique :<\/strong> 3620 kJ\/864 kcal<\/li>\n<li><strong>Mati\u00e8res grasses :<\/strong> 96,2 g\n<ul>\n<li><strong>Acides gras satur\u00e9s :<\/strong> 14.6g<\/li>\n<li><strong>Acides gras mono-insatur\u00e9s :<\/strong> 23,8 g<\/li>\n<li><strong>Acides gras polyinsatur\u00e9s :<\/strong> 53,3 g (dont om\u00e9ga-6 : 52,8 g)<\/li>\n<\/ul>\n<\/li>\n<li><strong>Glucides :<\/strong> 2,6g (dont sucres : 0g)<\/li>\n<li><strong>Prot\u00e9ines :<\/strong> 0,7 g<\/li>\n<li><strong>Sel :<\/strong> 0g<\/li>\n<\/ul>\n","protected":false},"excerpt":{"rendered":"<p>En tant que distributeur en gros d&rsquo;huile de graines de nigelle, nous proposons un produit de la plus haute qualit\u00e9 alimentaire, qui est utilis\u00e9 dans une vari\u00e9t\u00e9 d&rsquo;industries &#8211; de l&rsquo;alimentation aux produits pharmaceutiques en passant par les cosm\u00e9tiques.<\/p>\n","protected":false},"featured_media":12624,"template":"","meta":[],"product_brand":[],"product_cat":[1311,1296,1307],"product_tag":[],"class_list":{"0":"post-12618","1":"product","2":"type-product","3":"status-publish","4":"has-post-thumbnail","6":"product_cat-huiles-alimentaires-insaturees","7":"product_cat-huiles-alimentaires-et-cosmetiques","8":"product_cat-huiles-cosmetiques","9":"pa_czesc-rosliny-des-graines","10":"pa_metoda-pozyskiwania-pressage-a-froid","12":"first","13":"instock","14":"shipping-taxable","15":"product-type-simple"},"yoast_head":"<!-- This site is optimized with the Yoast SEO plugin v27.3 - https:\/\/yoast.com\/product\/yoast-seo-wordpress\/ -->\n<title>Huile de cumin noir - NATURAL POLAND - Distributeur de mati\u00e8res premi\u00e8res en gros<\/title>\n<meta name=\"description\" content=\"L&#039;huile de nigelle est non raffin\u00e9e et conserve donc de nombreuses propri\u00e9t\u00e9s naturelles. L&#039;huile contient une forte concentration d&#039;acides insatur\u00e9s.\" \/>\n<meta name=\"robots\" content=\"index, follow, max-snippet:-1, max-image-preview:large, max-video-preview:-1\" \/>\n<link rel=\"canonical\" href=\"https:\/\/naturalpoland.com\/fr\/produkty\/produits-pour-lindustrie-alimentaire\/huiles-alimentaires-insaturees\/huile-de-graines-de-nigelle\/\" \/>\n<meta property=\"og:locale\" content=\"fr_FR\" \/>\n<meta property=\"og:type\" content=\"article\" \/>\n<meta property=\"og:title\" content=\"Huile de cumin noir - NATURAL POLAND - Distributeur de mati\u00e8res premi\u00e8res en gros\" \/>\n<meta property=\"og:description\" content=\"L&#039;huile de nigelle est non raffin\u00e9e et conserve donc de nombreuses propri\u00e9t\u00e9s naturelles. L&#039;huile contient une forte concentration d&#039;acides insatur\u00e9s.\" \/>\n<meta property=\"og:url\" content=\"https:\/\/naturalpoland.com\/fr\/produkty\/produits-pour-lindustrie-alimentaire\/huiles-alimentaires-insaturees\/huile-de-graines-de-nigelle\/\" \/>\n<meta property=\"og:site_name\" content=\"NATURAL POLAND - Distributeur de mati\u00e8res premi\u00e8res en gros\" \/>\n<meta property=\"article:publisher\" content=\"https:\/\/www.facebook.com\/naturalpoland.b2b\" \/>\n<meta property=\"article:modified_time\" content=\"2024-06-13T11:20:29+00:00\" \/>\n<meta property=\"og:image\" content=\"https:\/\/naturalpoland.com\/wp-content\/uploads\/kminek-1.jpg\" \/>\n\t<meta property=\"og:image:width\" content=\"650\" \/>\n\t<meta property=\"og:image:height\" content=\"650\" \/>\n\t<meta property=\"og:image:type\" content=\"image\/jpeg\" \/>\n<script type=\"application\/ld+json\" class=\"yoast-schema-graph\">{\"@context\":\"https:\\\/\\\/schema.org\",\"@graph\":[{\"@type\":\"WebPage\",\"@id\":\"https:\\\/\\\/naturalpoland.com\\\/fr\\\/produkty\\\/produits-pour-lindustrie-alimentaire\\\/huiles-alimentaires-insaturees\\\/huile-de-graines-de-nigelle\\\/\",\"url\":\"https:\\\/\\\/naturalpoland.com\\\/fr\\\/produkty\\\/produits-pour-lindustrie-alimentaire\\\/huiles-alimentaires-insaturees\\\/huile-de-graines-de-nigelle\\\/\",\"name\":\"Huile de cumin noir - NATURAL POLAND - Distributeur de mati\u00e8res premi\u00e8res en gros\",\"isPartOf\":{\"@id\":\"https:\\\/\\\/naturalpoland.com\\\/fr\\\/#website\"},\"primaryImageOfPage\":{\"@id\":\"https:\\\/\\\/naturalpoland.com\\\/fr\\\/produkty\\\/produits-pour-lindustrie-alimentaire\\\/huiles-alimentaires-insaturees\\\/huile-de-graines-de-nigelle\\\/#primaryimage\"},\"image\":{\"@id\":\"https:\\\/\\\/naturalpoland.com\\\/fr\\\/produkty\\\/produits-pour-lindustrie-alimentaire\\\/huiles-alimentaires-insaturees\\\/huile-de-graines-de-nigelle\\\/#primaryimage\"},\"thumbnailUrl\":\"https:\\\/\\\/naturalpoland.com\\\/wp-content\\\/uploads\\\/kminek-1.jpg\",\"datePublished\":\"2021-09-21T13:05:00+00:00\",\"dateModified\":\"2024-06-13T11:20:29+00:00\",\"description\":\"L'huile de nigelle est non raffin\u00e9e et conserve donc de nombreuses propri\u00e9t\u00e9s naturelles. L'huile contient une forte concentration d'acides insatur\u00e9s.\",\"breadcrumb\":{\"@id\":\"https:\\\/\\\/naturalpoland.com\\\/fr\\\/produkty\\\/produits-pour-lindustrie-alimentaire\\\/huiles-alimentaires-insaturees\\\/huile-de-graines-de-nigelle\\\/#breadcrumb\"},\"inLanguage\":\"fr-FR\",\"potentialAction\":[{\"@type\":\"ReadAction\",\"target\":[\"https:\\\/\\\/naturalpoland.com\\\/fr\\\/produkty\\\/produits-pour-lindustrie-alimentaire\\\/huiles-alimentaires-insaturees\\\/huile-de-graines-de-nigelle\\\/\"]}]},{\"@type\":\"ImageObject\",\"inLanguage\":\"fr-FR\",\"@id\":\"https:\\\/\\\/naturalpoland.com\\\/fr\\\/produkty\\\/produits-pour-lindustrie-alimentaire\\\/huiles-alimentaires-insaturees\\\/huile-de-graines-de-nigelle\\\/#primaryimage\",\"url\":\"https:\\\/\\\/naturalpoland.com\\\/wp-content\\\/uploads\\\/kminek-1.jpg\",\"contentUrl\":\"https:\\\/\\\/naturalpoland.com\\\/wp-content\\\/uploads\\\/kminek-1.jpg\",\"width\":650,\"height\":650,\"caption\":\"Huile de graines de nigelle\"},{\"@type\":\"BreadcrumbList\",\"@id\":\"https:\\\/\\\/naturalpoland.com\\\/fr\\\/produkty\\\/produits-pour-lindustrie-alimentaire\\\/huiles-alimentaires-insaturees\\\/huile-de-graines-de-nigelle\\\/#breadcrumb\",\"itemListElement\":[{\"@type\":\"ListItem\",\"position\":1,\"name\":\"Accueil\",\"item\":\"https:\\\/\\\/naturalpoland.com\\\/fr\\\/\"},{\"@type\":\"ListItem\",\"position\":2,\"name\":\"Produits\",\"item\":\"https:\\\/\\\/naturalpoland.com\\\/fr\\\/produits\\\/\"},{\"@type\":\"ListItem\",\"position\":3,\"name\":\"Huile de cumin noir\"}]},{\"@type\":\"WebSite\",\"@id\":\"https:\\\/\\\/naturalpoland.com\\\/fr\\\/#website\",\"url\":\"https:\\\/\\\/naturalpoland.com\\\/fr\\\/\",\"name\":\"NATURAL POLAND - Distributeur de mati\u00e8res premi\u00e8res en gros\",\"description\":\"Surowce dla przemys\u0142u spo\u017cywczego, kosmetycznego i farmaceutycznego\",\"publisher\":{\"@id\":\"https:\\\/\\\/naturalpoland.com\\\/fr\\\/#organization\"},\"potentialAction\":[{\"@type\":\"SearchAction\",\"target\":{\"@type\":\"EntryPoint\",\"urlTemplate\":\"https:\\\/\\\/naturalpoland.com\\\/fr\\\/?s={search_term_string}\"},\"query-input\":{\"@type\":\"PropertyValueSpecification\",\"valueRequired\":true,\"valueName\":\"search_term_string\"}}],\"inLanguage\":\"fr-FR\"},{\"@type\":\"Organization\",\"@id\":\"https:\\\/\\\/naturalpoland.com\\\/fr\\\/#organization\",\"name\":\"Natural Poland\",\"url\":\"https:\\\/\\\/naturalpoland.com\\\/fr\\\/\",\"logo\":{\"@type\":\"ImageObject\",\"inLanguage\":\"fr-FR\",\"@id\":\"https:\\\/\\\/naturalpoland.com\\\/fr\\\/#\\\/schema\\\/logo\\\/image\\\/\",\"url\":\"https:\\\/\\\/naturalpoland.com\\\/wp-content\\\/uploads\\\/2021\\\/05\\\/natural-poland-icon.png\",\"contentUrl\":\"https:\\\/\\\/naturalpoland.com\\\/wp-content\\\/uploads\\\/2021\\\/05\\\/natural-poland-icon.png\",\"width\":512,\"height\":512,\"caption\":\"Natural Poland\"},\"image\":{\"@id\":\"https:\\\/\\\/naturalpoland.com\\\/fr\\\/#\\\/schema\\\/logo\\\/image\\\/\"},\"sameAs\":[\"https:\\\/\\\/www.facebook.com\\\/naturalpoland.b2b\",\"https:\\\/\\\/pl.linkedin.com\\\/company\\\/natural-poland\",\"https:\\\/\\\/www.youtube.com\\\/channel\\\/UCgeGGkvOMahZo-xu_MSEWxg\"]}]}<\/script>\n<!-- \/ Yoast SEO plugin. -->","yoast_head_json":{"title":"Huile de cumin noir - NATURAL POLAND - Distributeur de mati\u00e8res premi\u00e8res en gros","description":"L'huile de nigelle est non raffin\u00e9e et conserve donc de nombreuses propri\u00e9t\u00e9s naturelles. L'huile contient une forte concentration d'acides insatur\u00e9s.","robots":{"index":"index","follow":"follow","max-snippet":"max-snippet:-1","max-image-preview":"max-image-preview:large","max-video-preview":"max-video-preview:-1"},"canonical":"https:\/\/naturalpoland.com\/fr\/produkty\/produits-pour-lindustrie-alimentaire\/huiles-alimentaires-insaturees\/huile-de-graines-de-nigelle\/","og_locale":"fr_FR","og_type":"article","og_title":"Huile de cumin noir - NATURAL POLAND - Distributeur de mati\u00e8res premi\u00e8res en gros","og_description":"L'huile de nigelle est non raffin\u00e9e et conserve donc de nombreuses propri\u00e9t\u00e9s naturelles. L'huile contient une forte concentration d'acides insatur\u00e9s.","og_url":"https:\/\/naturalpoland.com\/fr\/produkty\/produits-pour-lindustrie-alimentaire\/huiles-alimentaires-insaturees\/huile-de-graines-de-nigelle\/","og_site_name":"NATURAL POLAND - Distributeur de mati\u00e8res premi\u00e8res en gros","article_publisher":"https:\/\/www.facebook.com\/naturalpoland.b2b","article_modified_time":"2024-06-13T11:20:29+00:00","og_image":[{"width":650,"height":650,"url":"https:\/\/naturalpoland.com\/wp-content\/uploads\/kminek-1.jpg","type":"image\/jpeg"}],"schema":{"@context":"https:\/\/schema.org","@graph":[{"@type":"WebPage","@id":"https:\/\/naturalpoland.com\/fr\/produkty\/produits-pour-lindustrie-alimentaire\/huiles-alimentaires-insaturees\/huile-de-graines-de-nigelle\/","url":"https:\/\/naturalpoland.com\/fr\/produkty\/produits-pour-lindustrie-alimentaire\/huiles-alimentaires-insaturees\/huile-de-graines-de-nigelle\/","name":"Huile de cumin noir - NATURAL POLAND - Distributeur de mati\u00e8res premi\u00e8res en gros","isPartOf":{"@id":"https:\/\/naturalpoland.com\/fr\/#website"},"primaryImageOfPage":{"@id":"https:\/\/naturalpoland.com\/fr\/produkty\/produits-pour-lindustrie-alimentaire\/huiles-alimentaires-insaturees\/huile-de-graines-de-nigelle\/#primaryimage"},"image":{"@id":"https:\/\/naturalpoland.com\/fr\/produkty\/produits-pour-lindustrie-alimentaire\/huiles-alimentaires-insaturees\/huile-de-graines-de-nigelle\/#primaryimage"},"thumbnailUrl":"https:\/\/naturalpoland.com\/wp-content\/uploads\/kminek-1.jpg","datePublished":"2021-09-21T13:05:00+00:00","dateModified":"2024-06-13T11:20:29+00:00","description":"L'huile de nigelle est non raffin\u00e9e et conserve donc de nombreuses propri\u00e9t\u00e9s naturelles. L'huile contient une forte concentration d'acides insatur\u00e9s.","breadcrumb":{"@id":"https:\/\/naturalpoland.com\/fr\/produkty\/produits-pour-lindustrie-alimentaire\/huiles-alimentaires-insaturees\/huile-de-graines-de-nigelle\/#breadcrumb"},"inLanguage":"fr-FR","potentialAction":[{"@type":"ReadAction","target":["https:\/\/naturalpoland.com\/fr\/produkty\/produits-pour-lindustrie-alimentaire\/huiles-alimentaires-insaturees\/huile-de-graines-de-nigelle\/"]}]},{"@type":"ImageObject","inLanguage":"fr-FR","@id":"https:\/\/naturalpoland.com\/fr\/produkty\/produits-pour-lindustrie-alimentaire\/huiles-alimentaires-insaturees\/huile-de-graines-de-nigelle\/#primaryimage","url":"https:\/\/naturalpoland.com\/wp-content\/uploads\/kminek-1.jpg","contentUrl":"https:\/\/naturalpoland.com\/wp-content\/uploads\/kminek-1.jpg","width":650,"height":650,"caption":"Huile de graines de nigelle"},{"@type":"BreadcrumbList","@id":"https:\/\/naturalpoland.com\/fr\/produkty\/produits-pour-lindustrie-alimentaire\/huiles-alimentaires-insaturees\/huile-de-graines-de-nigelle\/#breadcrumb","itemListElement":[{"@type":"ListItem","position":1,"name":"Accueil","item":"https:\/\/naturalpoland.com\/fr\/"},{"@type":"ListItem","position":2,"name":"Produits","item":"https:\/\/naturalpoland.com\/fr\/produits\/"},{"@type":"ListItem","position":3,"name":"Huile de cumin noir"}]},{"@type":"WebSite","@id":"https:\/\/naturalpoland.com\/fr\/#website","url":"https:\/\/naturalpoland.com\/fr\/","name":"NATURAL POLAND - Distributeur de mati\u00e8res premi\u00e8res en gros","description":"Surowce dla przemys\u0142u spo\u017cywczego, kosmetycznego i farmaceutycznego","publisher":{"@id":"https:\/\/naturalpoland.com\/fr\/#organization"},"potentialAction":[{"@type":"SearchAction","target":{"@type":"EntryPoint","urlTemplate":"https:\/\/naturalpoland.com\/fr\/?s={search_term_string}"},"query-input":{"@type":"PropertyValueSpecification","valueRequired":true,"valueName":"search_term_string"}}],"inLanguage":"fr-FR"},{"@type":"Organization","@id":"https:\/\/naturalpoland.com\/fr\/#organization","name":"Natural Poland","url":"https:\/\/naturalpoland.com\/fr\/","logo":{"@type":"ImageObject","inLanguage":"fr-FR","@id":"https:\/\/naturalpoland.com\/fr\/#\/schema\/logo\/image\/","url":"https:\/\/naturalpoland.com\/wp-content\/uploads\/2021\/05\/natural-poland-icon.png","contentUrl":"https:\/\/naturalpoland.com\/wp-content\/uploads\/2021\/05\/natural-poland-icon.png","width":512,"height":512,"caption":"Natural Poland"},"image":{"@id":"https:\/\/naturalpoland.com\/fr\/#\/schema\/logo\/image\/"},"sameAs":["https:\/\/www.facebook.com\/naturalpoland.b2b","https:\/\/pl.linkedin.com\/company\/natural-poland","https:\/\/www.youtube.com\/channel\/UCgeGGkvOMahZo-xu_MSEWxg"]}]}},"_links":{"self":[{"href":"https:\/\/naturalpoland.com\/fr\/wp-json\/wp\/v2\/product\/12618","targetHints":{"allow":["GET"]}}],"collection":[{"href":"https:\/\/naturalpoland.com\/fr\/wp-json\/wp\/v2\/product"}],"about":[{"href":"https:\/\/naturalpoland.com\/fr\/wp-json\/wp\/v2\/types\/product"}],"wp:featuredmedia":[{"embeddable":true,"href":"https:\/\/naturalpoland.com\/fr\/wp-json\/wp\/v2\/media\/12624"}],"wp:attachment":[{"href":"https:\/\/naturalpoland.com\/fr\/wp-json\/wp\/v2\/media?parent=12618"}],"wp:term":[{"taxonomy":"product_brand","embeddable":true,"href":"https:\/\/naturalpoland.com\/fr\/wp-json\/wp\/v2\/product_brand?post=12618"},{"taxonomy":"product_cat","embeddable":true,"href":"https:\/\/naturalpoland.com\/fr\/wp-json\/wp\/v2\/product_cat?post=12618"},{"taxonomy":"product_tag","embeddable":true,"href":"https:\/\/naturalpoland.com\/fr\/wp-json\/wp\/v2\/product_tag?post=12618"}],"curies":[{"name":"wp","href":"https:\/\/api.w.org\/{rel}","templated":true}]}}