{"id":12686,"date":"2021-05-11T13:50:56","date_gmt":"2021-09-21T13:05:56","guid":{"rendered":"https:\/\/naturalpoland.pl\/produkty\/non%20class\u00e9\/huile-de-graines-de-carotte\/"},"modified":"2023-07-14T11:39:50","modified_gmt":"2023-07-14T09:39:50","slug":"huile-de-graines-de-carotte","status":"publish","type":"product","link":"https:\/\/naturalpoland.com\/fr\/produkty\/produits-pour-lindustrie-alimentaire\/huiles-alimentaires-insaturees\/huile-de-graines-de-carotte\/","title":{"rendered":"Huile de graines de carotte"},"content":{"rendered":"<h3>Teneur en acides gras<\/h3>\n<table>\n<tbody>\n<tr>\n<th>NOM D&rsquo;ACIDE<\/th>\n<th>C-CHAIN<\/th>\n<th>PLAGE (%)<\/th>\n<th>M\u00c9THODE DE R\u00c9SULTAT : PB-191\/LF<\/th>\n<\/tr>\n<tr>\n<td>PALMITIC<\/td>\n<td>C16:0<\/td>\n<td>3,0-7,0<\/td>\n<td>4,5<\/td>\n<\/tr>\n<tr>\n<td>STEARIC<\/td>\n<td>C18:0<\/td>\n<td>0,05-4,0<\/td>\n<td>0,7<\/td>\n<\/tr>\n<tr>\n<td>OLEIC<\/td>\n<td>C18:1<\/td>\n<td>73,0-85,0<\/td>\n<td>79,9<\/td>\n<\/tr>\n<tr>\n<td>LINOLEIC<\/td>\n<td>C18:2<\/td>\n<td>5,0-15,0<\/td>\n<td>10,3<\/td>\n<\/tr>\n<tr>\n<td>LINOLENIC<\/td>\n<td>C18:3<\/td>\n<td>0,0-1,0<\/td>\n<td>0,6<\/td>\n<\/tr>\n<\/tbody>\n<\/table>\n<p>Recommand\u00e9e pour diff\u00e9rents types de peau, notamment les peaux s\u00e8ches, normales ou matures. L&rsquo;huile de graines de carotte a une couleur verd\u00e2tre et un parfum herbac\u00e9 et \u00e9pic\u00e9. Elle peut \u00eatre appliqu\u00e9e directement sur la peau, sur les pointes des cheveux ou comme s\u00e9rum pour les ongles. Ce produit est tr\u00e8s efficace. Quelques gouttes appliqu\u00e9es r\u00e9guli\u00e8rement dans le cadre de votre routine quotidienne de soins de la peau peuvent avoir l&rsquo;effet d\u00e9sir\u00e9. Il peut \u00eatre utilis\u00e9 avec d&rsquo;autres huiles et cosm\u00e9tiques de soin de la peau que vous utilisez tous les jours.     <\/p>\n<p>&nbsp;<\/p>\n<h2 class=\"entry-title\"><strong>Quels sont les effets de l&rsquo;utilisation de l&rsquo;huile de carotte ?<\/strong><\/h2>\n<p>L&rsquo;huile de carotte (en latin : <em>dacus carota<\/em>) devient de plus en plus populaire. Ses ingr\u00e9dients sont tr\u00e8s b\u00e9n\u00e9fiques pour la sant\u00e9 de la peau et des cheveux. Bien entendu, l&rsquo;huile de carotte poss\u00e8de de nombreuses autres propri\u00e9t\u00e9s. Comment utiliser et quels sont les bienfaits d&rsquo;un traitement \u00e0 base d\u2019huile de carotte ?    <\/p>\n<h3 class=\"wp-block-heading\"><strong>Qu&rsquo;est-ce que l&rsquo;huile de carotte ?<\/strong><\/h3>\n<p><a href=\"\">L&rsquo;huile de carotte<\/a> est fabriqu\u00e9e par pression \u00e0 froid des graines de carotte. Dans la plupart des cas, c\u2019est un mac\u00e9rat \u00e0 base d&rsquo;huile de tournesol ce qui augmente davantage ses effets b\u00e9n\u00e9fiques sur la sant\u00e9. Il se distingue par son odeur terreuse captivante et sa couleur orange intense. Il est \u00e9galement important de savoir qu\u2019il existe aussi sous une forme jaune p\u00e2le.   <\/p>\n<h3 class=\"wp-block-heading\"><strong>Quelles sont les bienfaits de l\u2019huile de carotte ?<\/strong><\/h3>\n<p>L&rsquo;huile de carotte d\u00e9tient une multitude de vertus b\u00e9n\u00e9fiques pour l&rsquo;organisme. Sa couleur orange intense indique qu\u2019elle est riche en b\u00eata-carot\u00e8ne. De plus, l\u2019huile contient de nombreux acides gras, dont les acides st\u00e9ariques et linol\u00e9iques ainsi qu&rsquo;une quantit\u00e9 importante d&rsquo;antioxydants. Les principaux ingr\u00e9dients de l&rsquo;huile de carotte ont \u00e9t\u00e9 r\u00e9unis ci-dessus.    <\/p>\n<p><strong><a href=\"https:\/\/naturalpoland.pl\/produkty\/produkty-dla-przemyslu-farmaceutycznego-i-medycznego\/witaminy\/beta-karoten-100-naturalny\/\">B\u00eata-carot\u00e8ne<\/a> (provitamine A)<\/strong> : c\u2019est une substance extr\u00eamement importante (pigment v\u00e9g\u00e9tal) responsable de la production de vitamine A. Il apporte \u00e9galement une protection solaire et agit comme un soin apaisant pour la peau apr\u00e8s une journ\u00e9e au soleil. Le b\u00eata-carot\u00e8ne est un tr\u00e8s bon antioxydant qui ralentit le vieillissement de la peau. Il unifie le teint de la peau, prot\u00e8ge contre les d\u00e9colorations et agit comme un anti-inflammatoire. Il retard \u00e9galement la progression des maladies oculaires, notamment il aide \u00e0 pr\u00e9venir la d\u00e9g\u00e9n\u00e9rescence maculaire.    <\/p>\n<p><strong>Vitamine A<\/strong> : Elle est \u00e9galement un tr\u00e8s bon antioxydant. Elle est connue pour ses effets b\u00e9n\u00e9fiques sur la peau, les cheveux et les ongles. De plus, la vitamine A ralentit le processus de vieillissement et renforce la r\u00e9sistance de l&rsquo;organisme. Elle participe \u00e0 la production de globules rouges et joue un r\u00f4le important dans la vision. En outre, elle aide l&rsquo;organisme \u00e0 lutter contre les bact\u00e9ries et les virus.   <\/p>\n<p><strong>Vitamine B<\/strong> : Elle est extr\u00eamement pr\u00e9cieuse pour les fonctions c\u00e9r\u00e9brales et le bon fonctionnement g\u00e9n\u00e9ral du syst\u00e8me nerveux. La vitamine B est \u00e9galement connue pour ses nombreuses autres vertus, notamment elle favorise la sant\u00e9 cardio-vasculaire et permet d\u2019entretenir la peau et le tonus musculaire. Elles contribuent \u00e9galement au m\u00e9tabolisme. Elle am\u00e9liore la concentration et la m\u00e9moire. Enfin, c\u2019est une vitamine qui apporte le coup de pouce \u00e9nerg\u00e9tique qui donne la force et la bonne humeur pour la journ\u00e9e.    <\/p>\n<p><strong>Vitamine C<\/strong> : Cette vitamine n&rsquo;a probablement pas besoin d&rsquo;\u00eatre pr\u00e9sent\u00e9e. Elle a pour mission de soutenir le syst\u00e8me immunitaire et de favoriser les processus de gu\u00e9rison. En outre, cette vitamine ralentit le processus de vieillissement. Elle participe \u00e0 la synth\u00e8se du collag\u00e8ne, facilite l&rsquo;absorption du fer et active de nombreuses enzymes. La vitamine C est une vitamine qui agit sur le stress et tout atteinte psychologique. Elle est alli\u00e9e privil\u00e9gi\u00e9e pour la sant\u00e9 bucco-dentaire qui prot\u00e8ge les dents et renforce les gencives. La vitamine C aide aussi \u00e0 la cicatrisation des blessures.      <\/p>\n<p><strong>Vitamine F<\/strong> : C\u2019est un ingr\u00e9dient naturel fr\u00e9quemment utilis\u00e9 en cosm\u00e9tique et encore peu connu pour ses nombreux bienfaits. Elle intervient dans le renouvellement des cellules de la peau, des cheveux et des ongles. Elle r\u00e9duit la production du s\u00e9bum et l&rsquo;acn\u00e9. Elle assure un bon niveau d&rsquo;hydratation de la peau et ralentit le processus de vieillissement. Elle pr\u00e9sente \u00e9galement un atout pour la sant\u00e9 de notre corps : elle lutte contre les maladies cardio-vasculaires et les allergies, calme les rhumatismes et aide soigner les sympt\u00f4mes de la scl\u00e9rose en plaques. Elle assiste \u00e9galement le syst\u00e8me nerveux et le syst\u00e8me immunitaire.      <\/p>\n<p><strong><a href=\"https:\/\/naturalpoland.pl\/produkty\/produkty-dla-przemyslu-kosmetycznego\/surowce-kosmetyczne\/witamina-e\/\">Vitamine E<\/a><\/strong> \u2013 Elle a \u00e9t\u00e9 consid\u00e9r\u00e9e comme une vitamine de la jeunesse et de la fertilit\u00e9. Elle est un puissant antioxydant. Elle soutient le syst\u00e8me immunitaire ainsi que r\u00e9duit le taux de mauvais cholest\u00e9rol et le risque de maladies ath\u00e9roscl\u00e9rotiques. Elle prot\u00e8ge les globules rouges d&rsquo;une d\u00e9gradation pr\u00e9matur\u00e9e. Elle ralentit le processus de vieillissement et la d\u00e9shydratation cutan\u00e9e. Enfin, la vitamine E contribue \u00e0 am\u00e9liorer et \u00e0 pr\u00e9server la vision.     <\/p>\n<h3 class=\"wp-block-heading\"><strong>L&rsquo;huile de carotte ralentit les effets du vieillissement de la peau (et non seulement).<\/strong><\/h3>\n<p>Gr\u00e2ce aux nombreux composants antioxydants qu&rsquo;elle contient, l&rsquo;huile de carotte est un produit naturel b\u00e9n\u00e9fique pour la peau. Elle embellit la peau jusqu\u2019\u00e0 la rendre lisse, hydrat\u00e9e et prot\u00e9g\u00e9e des facteurs atmosph\u00e9riques tels que le vent et le soleil. L&rsquo;huile de carotte stimule la croissance des cellules, rajeunit et rehausse l\u2019\u00e9clat naturel de la peau. Enfin, la peau devient plus ferme et les rides moins visibles.   <\/p>\n<h3 class=\"wp-block-heading\"><strong>Lotion \u00e0 la carotte pour les probl\u00e8mes cutan\u00e9s<\/strong><\/h3>\n<p>L&rsquo;huile de carotte se distingue \u00e9galement par ses effets antiseptiques, anti-inflammatoires et antiviraux. Elle est donc id\u00e9ale pour les peaux \u00e0 probl\u00e8mes tels que : le psoriasis, l&rsquo;acn\u00e9, l&rsquo;atopie, l&rsquo;ecz\u00e9ma, les cicatrices et l&rsquo;hyperpigmentation. L&rsquo;huile de carotte est fr\u00e9quemment utilis\u00e9e pour les peaux n\u00e9cessitant des soins particuliers comme p.ex. l\u2019ecz\u00e9ma ou la dilatation des capillaires. Elle aide apaiser la peau apr\u00e8s une longue exposition au soleil.   <\/p>\n<h3 class=\"wp-block-heading\"><strong>Les vertus antibact\u00e9riennes et anti-inflammatoire<\/strong><\/h3>\n<p>L\u2019huile de carotte peut aussi \u00eatre utilis\u00e9e par voie interne. Gr\u00e2ce \u00e0 ses propri\u00e9t\u00e9s anti-inflammatoires, antiseptiques et antibact\u00e9riennes, elle adoucit les inflammations telles que les rhumes, les pharyngites et les grippes. C\u2019est un v\u00e9ritable rem\u00e8de pour la toux et la rhinite allergique. Elle apaise les gonflements, \u00e9limine les mucosit\u00e9s et prot\u00e8ge efficacement contre les agents pathog\u00e8nes.   <\/p>\n<h3 class=\"wp-block-heading\"><strong>Les effets b\u00e9n\u00e9fiques sur les cheveux<\/strong><\/h3>\n<p>L&rsquo;huile de carotte est un excellent soin capillaire, particuli\u00e8rement appr\u00e9ci\u00e9 des cheveux fragiles, cassants et fourchus. Son action antioxydante leur octroie plus \u00e9clat. L\u2019huile de carotte aide les racines \u00e0 se r\u00e9g\u00e9n\u00e9rer. Les cheveux deviennent renforc\u00e9s, souples et faciles \u00e0 coiffer. Les cheveux, mais aussi le cuir chevelu, sont correctement hydrat\u00e9s et nettoy\u00e9s.    <\/p>\n<h3 class=\"wp-block-heading\"><strong>Utilisation de l\u2019huile de carotte<\/strong><\/h3>\n<p>L&rsquo;huile de carotte peut \u00eatre utilis\u00e9e par voie externe de diff\u00e9rentes mani\u00e8res. L\u2019avantage de l\u2019huile de carotte est qu\u2019elle p\u00e9n\u00e8tre rapidement dans l\u2019\u00e9piderme et ne laisse pas de film gras sur la peau. Appliqu\u00e9e apr\u00e8s le bain, elle agit comme une lotion qui hydrate et rend la peau parfaitement souple.  <\/p>\n<p>L&rsquo;huile de carotte est \u00e9galement utilis\u00e9e en aromath\u00e9rapie. Dans l\u2019eau du bain, quelques gouttes d\u2019huile donnent une peau douce et satin\u00e9e et offre un bon moment de d\u00e9tente. <\/p>\n<div class=\"blog-share text-center\"><\/div>\n","protected":false},"excerpt":{"rendered":"<p>L\u2019huile de graines de carotte (<em>Daucus Carota Sativa Seed Oil<\/em>) est produite par pression \u00e0 froid. Ce produit retarde les effets du vieillissement cutan\u00e9, revitalise et redonne de la fermet\u00e9 \u00e0 la peau. <\/p>\n","protected":false},"featured_media":13572,"template":"","meta":{"_acf_changed":false},"product_brand":[],"product_cat":[1311,1296,1307],"product_tag":[],"class_list":{"0":"post-12686","1":"product","2":"type-product","3":"status-publish","4":"has-post-thumbnail","6":"product_cat-huiles-alimentaires-insaturees","7":"product_cat-huiles-alimentaires-et-cosmetiques","8":"product_cat-huiles-cosmetiques","10":"first","11":"instock","12":"shipping-taxable","13":"product-type-simple"},"acf":[],"yoast_head":"<!-- This site is optimized with the Yoast SEO plugin v27.6 - https:\/\/yoast.com\/product\/yoast-seo-wordpress\/ -->\n<title>Huile de graines de carotte - Distributeur en gros<\/title>\n<meta name=\"description\" content=\"L\u2019huile de graines de carotte (Daucus Carota Sativa Seed Oil) est produite par pression \u00e0 froid. Ce produit retarde les effets du vieillissement cutan\u00e9.\" \/>\n<meta name=\"robots\" content=\"index, follow, max-snippet:-1, max-image-preview:large, max-video-preview:-1\" \/>\n<link rel=\"canonical\" href=\"https:\/\/naturalpoland.com\/fr\/produkty\/produits-pour-lindustrie-alimentaire\/huiles-alimentaires-insaturees\/huile-de-graines-de-carotte\/\" \/>\n<meta property=\"og:locale\" content=\"fr_FR\" \/>\n<meta property=\"og:type\" content=\"article\" \/>\n<meta property=\"og:title\" content=\"Huile de graines de carotte - Distributeur en gros\" \/>\n<meta property=\"og:description\" content=\"L\u2019huile de graines de carotte (Daucus Carota Sativa Seed Oil) est produite par pression \u00e0 froid. Ce produit retarde les effets du vieillissement cutan\u00e9.\" \/>\n<meta property=\"og:url\" content=\"https:\/\/naturalpoland.com\/fr\/produkty\/produits-pour-lindustrie-alimentaire\/huiles-alimentaires-insaturees\/huile-de-graines-de-carotte\/\" \/>\n<meta property=\"og:site_name\" content=\"NATURAL POLAND - Distributeur de mati\u00e8res premi\u00e8res en gros\" \/>\n<meta property=\"article:publisher\" content=\"https:\/\/www.facebook.com\/naturalpoland.b2b\" \/>\n<meta property=\"article:modified_time\" content=\"2023-07-14T09:39:50+00:00\" \/>\n<meta property=\"og:image\" content=\"https:\/\/naturalpoland.com\/wp-content\/uploads\/olej-z-nasion-marchwi-1.jpg\" \/>\n\t<meta property=\"og:image:width\" content=\"650\" \/>\n\t<meta property=\"og:image:height\" content=\"650\" \/>\n\t<meta property=\"og:image:type\" content=\"image\/jpeg\" \/>\n<script type=\"application\/ld+json\" class=\"yoast-schema-graph\">{\"@context\":\"https:\\\/\\\/schema.org\",\"@graph\":[{\"@type\":\"WebPage\",\"@id\":\"https:\\\/\\\/naturalpoland.com\\\/fr\\\/produkty\\\/produits-pour-lindustrie-alimentaire\\\/huiles-alimentaires-insaturees\\\/huile-de-graines-de-carotte\\\/\",\"url\":\"https:\\\/\\\/naturalpoland.com\\\/fr\\\/produkty\\\/produits-pour-lindustrie-alimentaire\\\/huiles-alimentaires-insaturees\\\/huile-de-graines-de-carotte\\\/\",\"name\":\"Huile de graines de carotte - Distributeur en gros\",\"isPartOf\":{\"@id\":\"https:\\\/\\\/naturalpoland.com\\\/fr\\\/#website\"},\"primaryImageOfPage\":{\"@id\":\"https:\\\/\\\/naturalpoland.com\\\/fr\\\/produkty\\\/produits-pour-lindustrie-alimentaire\\\/huiles-alimentaires-insaturees\\\/huile-de-graines-de-carotte\\\/#primaryimage\"},\"image\":{\"@id\":\"https:\\\/\\\/naturalpoland.com\\\/fr\\\/produkty\\\/produits-pour-lindustrie-alimentaire\\\/huiles-alimentaires-insaturees\\\/huile-de-graines-de-carotte\\\/#primaryimage\"},\"thumbnailUrl\":\"https:\\\/\\\/naturalpoland.com\\\/wp-content\\\/uploads\\\/olej-z-nasion-marchwi-1.jpg\",\"datePublished\":\"2021-09-21T13:05:56+00:00\",\"dateModified\":\"2023-07-14T09:39:50+00:00\",\"description\":\"L\u2019huile de graines de carotte (Daucus Carota Sativa Seed Oil) est produite par pression \u00e0 froid. Ce produit retarde les effets du vieillissement cutan\u00e9.\",\"breadcrumb\":{\"@id\":\"https:\\\/\\\/naturalpoland.com\\\/fr\\\/produkty\\\/produits-pour-lindustrie-alimentaire\\\/huiles-alimentaires-insaturees\\\/huile-de-graines-de-carotte\\\/#breadcrumb\"},\"inLanguage\":\"fr-FR\",\"potentialAction\":[{\"@type\":\"ReadAction\",\"target\":[\"https:\\\/\\\/naturalpoland.com\\\/fr\\\/produkty\\\/produits-pour-lindustrie-alimentaire\\\/huiles-alimentaires-insaturees\\\/huile-de-graines-de-carotte\\\/\"]}]},{\"@type\":\"ImageObject\",\"inLanguage\":\"fr-FR\",\"@id\":\"https:\\\/\\\/naturalpoland.com\\\/fr\\\/produkty\\\/produits-pour-lindustrie-alimentaire\\\/huiles-alimentaires-insaturees\\\/huile-de-graines-de-carotte\\\/#primaryimage\",\"url\":\"https:\\\/\\\/naturalpoland.com\\\/wp-content\\\/uploads\\\/olej-z-nasion-marchwi-1.jpg\",\"contentUrl\":\"https:\\\/\\\/naturalpoland.com\\\/wp-content\\\/uploads\\\/olej-z-nasion-marchwi-1.jpg\",\"width\":650,\"height\":650,\"caption\":\"Huile de graines de carotte\"},{\"@type\":\"BreadcrumbList\",\"@id\":\"https:\\\/\\\/naturalpoland.com\\\/fr\\\/produkty\\\/produits-pour-lindustrie-alimentaire\\\/huiles-alimentaires-insaturees\\\/huile-de-graines-de-carotte\\\/#breadcrumb\",\"itemListElement\":[{\"@type\":\"ListItem\",\"position\":1,\"name\":\"Accueil\",\"item\":\"https:\\\/\\\/naturalpoland.com\\\/fr\\\/\"},{\"@type\":\"ListItem\",\"position\":2,\"name\":\"Produits\",\"item\":\"https:\\\/\\\/naturalpoland.com\\\/fr\\\/produits\\\/\"},{\"@type\":\"ListItem\",\"position\":3,\"name\":\"Huile de graines de carotte\"}]},{\"@type\":\"WebSite\",\"@id\":\"https:\\\/\\\/naturalpoland.com\\\/fr\\\/#website\",\"url\":\"https:\\\/\\\/naturalpoland.com\\\/fr\\\/\",\"name\":\"NATURAL POLAND - Distributeur de mati\u00e8res premi\u00e8res en gros\",\"description\":\"Surowce dla przemys\u0142u spo\u017cywczego, kosmetycznego i farmaceutycznego\",\"publisher\":{\"@id\":\"https:\\\/\\\/naturalpoland.com\\\/fr\\\/#organization\"},\"potentialAction\":[{\"@type\":\"SearchAction\",\"target\":{\"@type\":\"EntryPoint\",\"urlTemplate\":\"https:\\\/\\\/naturalpoland.com\\\/fr\\\/?s={search_term_string}\"},\"query-input\":{\"@type\":\"PropertyValueSpecification\",\"valueRequired\":true,\"valueName\":\"search_term_string\"}}],\"inLanguage\":\"fr-FR\"},{\"@type\":\"Organization\",\"@id\":\"https:\\\/\\\/naturalpoland.com\\\/fr\\\/#organization\",\"name\":\"Natural Poland\",\"url\":\"https:\\\/\\\/naturalpoland.com\\\/fr\\\/\",\"logo\":{\"@type\":\"ImageObject\",\"inLanguage\":\"fr-FR\",\"@id\":\"https:\\\/\\\/naturalpoland.com\\\/fr\\\/#\\\/schema\\\/logo\\\/image\\\/\",\"url\":\"https:\\\/\\\/naturalpoland.com\\\/wp-content\\\/uploads\\\/2021\\\/05\\\/natural-poland-icon.png\",\"contentUrl\":\"https:\\\/\\\/naturalpoland.com\\\/wp-content\\\/uploads\\\/2021\\\/05\\\/natural-poland-icon.png\",\"width\":512,\"height\":512,\"caption\":\"Natural Poland\"},\"image\":{\"@id\":\"https:\\\/\\\/naturalpoland.com\\\/fr\\\/#\\\/schema\\\/logo\\\/image\\\/\"},\"sameAs\":[\"https:\\\/\\\/www.facebook.com\\\/naturalpoland.b2b\",\"https:\\\/\\\/pl.linkedin.com\\\/company\\\/natural-poland\",\"https:\\\/\\\/www.youtube.com\\\/channel\\\/UCgeGGkvOMahZo-xu_MSEWxg\"]}]}<\/script>\n<!-- \/ Yoast SEO plugin. -->","yoast_head_json":{"title":"Huile de graines de carotte - Distributeur en gros","description":"L\u2019huile de graines de carotte (Daucus Carota Sativa Seed Oil) est produite par pression \u00e0 froid. Ce produit retarde les effets du vieillissement cutan\u00e9.","robots":{"index":"index","follow":"follow","max-snippet":"max-snippet:-1","max-image-preview":"max-image-preview:large","max-video-preview":"max-video-preview:-1"},"canonical":"https:\/\/naturalpoland.com\/fr\/produkty\/produits-pour-lindustrie-alimentaire\/huiles-alimentaires-insaturees\/huile-de-graines-de-carotte\/","og_locale":"fr_FR","og_type":"article","og_title":"Huile de graines de carotte - Distributeur en gros","og_description":"L\u2019huile de graines de carotte (Daucus Carota Sativa Seed Oil) est produite par pression \u00e0 froid. Ce produit retarde les effets du vieillissement cutan\u00e9.","og_url":"https:\/\/naturalpoland.com\/fr\/produkty\/produits-pour-lindustrie-alimentaire\/huiles-alimentaires-insaturees\/huile-de-graines-de-carotte\/","og_site_name":"NATURAL POLAND - Distributeur de mati\u00e8res premi\u00e8res en gros","article_publisher":"https:\/\/www.facebook.com\/naturalpoland.b2b","article_modified_time":"2023-07-14T09:39:50+00:00","og_image":[{"width":650,"height":650,"url":"https:\/\/naturalpoland.com\/wp-content\/uploads\/olej-z-nasion-marchwi-1.jpg","type":"image\/jpeg"}],"schema":{"@context":"https:\/\/schema.org","@graph":[{"@type":"WebPage","@id":"https:\/\/naturalpoland.com\/fr\/produkty\/produits-pour-lindustrie-alimentaire\/huiles-alimentaires-insaturees\/huile-de-graines-de-carotte\/","url":"https:\/\/naturalpoland.com\/fr\/produkty\/produits-pour-lindustrie-alimentaire\/huiles-alimentaires-insaturees\/huile-de-graines-de-carotte\/","name":"Huile de graines de carotte - Distributeur en gros","isPartOf":{"@id":"https:\/\/naturalpoland.com\/fr\/#website"},"primaryImageOfPage":{"@id":"https:\/\/naturalpoland.com\/fr\/produkty\/produits-pour-lindustrie-alimentaire\/huiles-alimentaires-insaturees\/huile-de-graines-de-carotte\/#primaryimage"},"image":{"@id":"https:\/\/naturalpoland.com\/fr\/produkty\/produits-pour-lindustrie-alimentaire\/huiles-alimentaires-insaturees\/huile-de-graines-de-carotte\/#primaryimage"},"thumbnailUrl":"https:\/\/naturalpoland.com\/wp-content\/uploads\/olej-z-nasion-marchwi-1.jpg","datePublished":"2021-09-21T13:05:56+00:00","dateModified":"2023-07-14T09:39:50+00:00","description":"L\u2019huile de graines de carotte (Daucus Carota Sativa Seed Oil) est produite par pression \u00e0 froid. Ce produit retarde les effets du vieillissement cutan\u00e9.","breadcrumb":{"@id":"https:\/\/naturalpoland.com\/fr\/produkty\/produits-pour-lindustrie-alimentaire\/huiles-alimentaires-insaturees\/huile-de-graines-de-carotte\/#breadcrumb"},"inLanguage":"fr-FR","potentialAction":[{"@type":"ReadAction","target":["https:\/\/naturalpoland.com\/fr\/produkty\/produits-pour-lindustrie-alimentaire\/huiles-alimentaires-insaturees\/huile-de-graines-de-carotte\/"]}]},{"@type":"ImageObject","inLanguage":"fr-FR","@id":"https:\/\/naturalpoland.com\/fr\/produkty\/produits-pour-lindustrie-alimentaire\/huiles-alimentaires-insaturees\/huile-de-graines-de-carotte\/#primaryimage","url":"https:\/\/naturalpoland.com\/wp-content\/uploads\/olej-z-nasion-marchwi-1.jpg","contentUrl":"https:\/\/naturalpoland.com\/wp-content\/uploads\/olej-z-nasion-marchwi-1.jpg","width":650,"height":650,"caption":"Huile de graines de carotte"},{"@type":"BreadcrumbList","@id":"https:\/\/naturalpoland.com\/fr\/produkty\/produits-pour-lindustrie-alimentaire\/huiles-alimentaires-insaturees\/huile-de-graines-de-carotte\/#breadcrumb","itemListElement":[{"@type":"ListItem","position":1,"name":"Accueil","item":"https:\/\/naturalpoland.com\/fr\/"},{"@type":"ListItem","position":2,"name":"Produits","item":"https:\/\/naturalpoland.com\/fr\/produits\/"},{"@type":"ListItem","position":3,"name":"Huile de graines de carotte"}]},{"@type":"WebSite","@id":"https:\/\/naturalpoland.com\/fr\/#website","url":"https:\/\/naturalpoland.com\/fr\/","name":"NATURAL POLAND - Distributeur de mati\u00e8res premi\u00e8res en gros","description":"Surowce dla przemys\u0142u spo\u017cywczego, kosmetycznego i farmaceutycznego","publisher":{"@id":"https:\/\/naturalpoland.com\/fr\/#organization"},"potentialAction":[{"@type":"SearchAction","target":{"@type":"EntryPoint","urlTemplate":"https:\/\/naturalpoland.com\/fr\/?s={search_term_string}"},"query-input":{"@type":"PropertyValueSpecification","valueRequired":true,"valueName":"search_term_string"}}],"inLanguage":"fr-FR"},{"@type":"Organization","@id":"https:\/\/naturalpoland.com\/fr\/#organization","name":"Natural Poland","url":"https:\/\/naturalpoland.com\/fr\/","logo":{"@type":"ImageObject","inLanguage":"fr-FR","@id":"https:\/\/naturalpoland.com\/fr\/#\/schema\/logo\/image\/","url":"https:\/\/naturalpoland.com\/wp-content\/uploads\/2021\/05\/natural-poland-icon.png","contentUrl":"https:\/\/naturalpoland.com\/wp-content\/uploads\/2021\/05\/natural-poland-icon.png","width":512,"height":512,"caption":"Natural Poland"},"image":{"@id":"https:\/\/naturalpoland.com\/fr\/#\/schema\/logo\/image\/"},"sameAs":["https:\/\/www.facebook.com\/naturalpoland.b2b","https:\/\/pl.linkedin.com\/company\/natural-poland","https:\/\/www.youtube.com\/channel\/UCgeGGkvOMahZo-xu_MSEWxg"]}]}},"_links":{"self":[{"href":"https:\/\/naturalpoland.com\/fr\/wp-json\/wp\/v2\/product\/12686","targetHints":{"allow":["GET"]}}],"collection":[{"href":"https:\/\/naturalpoland.com\/fr\/wp-json\/wp\/v2\/product"}],"about":[{"href":"https:\/\/naturalpoland.com\/fr\/wp-json\/wp\/v2\/types\/product"}],"wp:featuredmedia":[{"embeddable":true,"href":"https:\/\/naturalpoland.com\/fr\/wp-json\/wp\/v2\/media\/13572"}],"wp:attachment":[{"href":"https:\/\/naturalpoland.com\/fr\/wp-json\/wp\/v2\/media?parent=12686"}],"wp:term":[{"taxonomy":"product_brand","embeddable":true,"href":"https:\/\/naturalpoland.com\/fr\/wp-json\/wp\/v2\/product_brand?post=12686"},{"taxonomy":"product_cat","embeddable":true,"href":"https:\/\/naturalpoland.com\/fr\/wp-json\/wp\/v2\/product_cat?post=12686"},{"taxonomy":"product_tag","embeddable":true,"href":"https:\/\/naturalpoland.com\/fr\/wp-json\/wp\/v2\/product_tag?post=12686"}],"curies":[{"name":"wp","href":"https:\/\/api.w.org\/{rel}","templated":true}]}}