{"id":13670,"date":"2021-10-22T15:20:22","date_gmt":"2021-11-02T15:46:49","guid":{"rendered":"https:\/\/naturalpoland.pl\/produkty\/non%20class\u00e9\/eau-glaciaire\/"},"modified":"2024-09-17T12:13:06","modified_gmt":"2024-09-17T10:13:06","slug":"eau-glaciaire","status":"publish","type":"product","link":"https:\/\/naturalpoland.com\/fr\/produkty\/produits-pour-lindustrie-cosmetique\/matieres-premieres-cosmetiques\/eau-glaciaire\/","title":{"rendered":"Eau glaciaire"},"content":{"rendered":"<h2>Origine et propri\u00e9t\u00e9s de l&rsquo;eau glaciaire :<\/h2>\n<p>  L&rsquo;eau de glacier est produite par la fonte des glaciers situ\u00e9s en Islande.<br \/>\nIl n&rsquo;est pas facile d&rsquo;obtenir de l&rsquo;eau de glacier, car il faut trouver le bon endroit o\u00f9 les roches des glaciers commencent \u00e0 fondre.<br \/>\nCes endroits sont g\u00e9n\u00e9ralement difficiles d&rsquo;acc\u00e8s.<br \/>\nVous devez trouver un endroit o\u00f9 vous pouvez trouver un gros morceau de glace qui s&rsquo;est d\u00e9tach\u00e9 du glacier.<br \/>\nLa glace doit \u00eatre transport\u00e9e jusqu&rsquo;\u00e0 un endroit o\u00f9 elle est nettoy\u00e9e, fondue et o\u00f9 commence le processus d&#8217;embouteillage dans des conteneurs d\u00e9finitifs.<br \/>\nL&rsquo;eau est soumise \u00e0 une filtration naturelle.<br \/>\nSon pH est de 8.        <\/p>\n<h2>L&rsquo;eau glac\u00e9e dans les cosm\u00e9tiques :<\/h2>\n<p>  En cosm\u00e9tique, le retour au naturel et l&rsquo;utilisation de mati\u00e8res premi\u00e8res naturelles sont valoris\u00e9s.<br \/>\n<strong>L&rsquo;eau de glacier est la base de nombreux produits cosm\u00e9tiques, en raison de sa puret\u00e9 li\u00e9e \u00e0 sa basse temp\u00e9rature et \u00e0 son mode d&rsquo;extraction<\/strong>.<br \/>\nC&rsquo;est une mati\u00e8re premi\u00e8re hypoallerg\u00e9nique, qui permet d&rsquo;assurer une bonne hydratation et d&rsquo;assouplir la peau.<br \/>\nElle convient aux peaux sensibles, allergiques et \u00e0 imperfections.<br \/>\nLa composition de l&rsquo;eau glaciaire contient des min\u00e9raux qui vont nourrir, hydrater, renforcer la peau, l&rsquo;adoucir et la r\u00e9g\u00e9n\u00e9rer.      <\/p>\n<h2>Eau de glacier \u00e0 boire :<\/h2>\n<p>  L&rsquo;eau de glacier a un go\u00fbt l\u00e9ger et caract\u00e9ristique.<br \/>\nCe n&rsquo;est pas un produit bon march\u00e9, c&rsquo;est pourquoi il est consid\u00e9r\u00e9 comme un produit exclusif.<br \/>\nLe go\u00fbt de l&rsquo;eau est similaire \u00e0 celui de l&rsquo;eau de source et de l&rsquo;eau cristalline.<br \/>\nLe prix \u00e9lev\u00e9 de l&rsquo;eau est li\u00e9 \u00e0 son mode d&rsquo;approvisionnement, qui est assez risqu\u00e9.<br \/>\nVous pouvez \u00e9galement trouver des variantes moins ch\u00e8res de cette eau en ligne, mais vous devez \u00eatre vigilant et v\u00e9rifier son authenticit\u00e9.      <\/p>\n<h2>L&rsquo;utilisation de l&rsquo;eau glaciaire :<\/h2>\n<ul>\n<li>les cr\u00e8mes,<\/li>\n<li>gels,<\/li>\n<li>lotions,<\/li>\n<li>brumes,<\/li>\n<li>les masques de protection,<\/li>\n<li>l&rsquo;eau potable.<\/li>\n<\/ul>\n<p>  L&rsquo;eau glaciaire que nous proposons est utilis\u00e9e <strong>dans l&rsquo;industrie cosm\u00e9tique <\/strong>et dans <strong>l&rsquo;industrie alimentaire<\/strong>. Il a une composition propre et r\u00e9pond aux normes de s\u00e9curit\u00e9 alimentaire et de qualit\u00e9.  <\/p>\n<h2>L&rsquo;eau des glaciers est-elle saine ?<\/h2>\n<p>  L&rsquo;eau de glacier propos\u00e9e par Natural Poland se caract\u00e9rise par sa puret\u00e9 exceptionnelle et son pH neutre.<br \/>\nL&rsquo;eau est exempte de nombreux polluants modernes tels que les pesticides, les produits chimiques et les microplastiques, car les glaciers sont isol\u00e9s de la pollution industrielle et agricole. <\/p>\n<hr>\n<p><strong>Bibliographie<\/strong> L&rsquo;eau des glaciers &#8211; pourquoi la boire ?<br \/>\n&#8211; L&rsquo;eau des glaciers de Familion &#8211; pour la sant\u00e9 et la beaut\u00e9 &#8211; Vorg.co.uk  <\/p>\n","protected":false},"excerpt":{"rendered":"<p>Nous sommes un grossiste d&rsquo;eau glac\u00e9e d&rsquo;origine islandaise, directement du fabricant. Elle est extraite de blocs de glace congel\u00e9s, ce qui rend l&rsquo;eau microbiologiquement pure et permet d&rsquo;obtenir une eau cosm\u00e9tique et une eau potable de grande qualit\u00e9.<\/p>\n","protected":false},"featured_media":13510,"template":"","meta":[],"product_brand":[],"product_cat":[1310,1309,1313],"product_tag":[],"class_list":{"0":"post-13670","1":"product","2":"type-product","3":"status-publish","4":"has-post-thumbnail","6":"product_cat-produits-pour-lindustrie-alimentaire","7":"product_cat-matieres-premieres-cosmetiques","8":"product_cat-produits-finis","10":"first","11":"instock","12":"shipping-taxable","13":"product-type-simple"},"yoast_head":"<!-- This site is optimized with the Yoast SEO plugin v27.3 - https:\/\/yoast.com\/product\/yoast-seo-wordpress\/ -->\n<title>Eau glaciaire - NATURAL POLAND - Distributeur de mati\u00e8res premi\u00e8res en gros<\/title>\n<meta name=\"description\" content=\"Nous sommes un grossiste d&#039;eau glac\u00e9e d&#039;origine islandaise, directement du fabricant. Il est extrait de blocs de glace congel\u00e9s.\" \/>\n<meta name=\"robots\" content=\"index, follow, max-snippet:-1, max-image-preview:large, max-video-preview:-1\" \/>\n<link rel=\"canonical\" href=\"https:\/\/naturalpoland.com\/fr\/produkty\/produits-pour-lindustrie-cosmetique\/matieres-premieres-cosmetiques\/eau-glaciaire\/\" \/>\n<meta property=\"og:locale\" content=\"fr_FR\" \/>\n<meta property=\"og:type\" content=\"article\" \/>\n<meta property=\"og:title\" content=\"Eau glaciaire - NATURAL POLAND - Distributeur de mati\u00e8res premi\u00e8res en gros\" \/>\n<meta property=\"og:description\" content=\"Nous sommes un grossiste d&#039;eau glac\u00e9e d&#039;origine islandaise, directement du fabricant. Il est extrait de blocs de glace congel\u00e9s.\" \/>\n<meta property=\"og:url\" content=\"https:\/\/naturalpoland.com\/fr\/produkty\/produits-pour-lindustrie-cosmetique\/matieres-premieres-cosmetiques\/eau-glaciaire\/\" \/>\n<meta property=\"og:site_name\" content=\"NATURAL POLAND - Distributeur de mati\u00e8res premi\u00e8res en gros\" \/>\n<meta property=\"article:publisher\" content=\"https:\/\/www.facebook.com\/naturalpoland.b2b\" \/>\n<meta property=\"article:modified_time\" content=\"2024-09-17T10:13:06+00:00\" \/>\n<meta property=\"og:image\" content=\"https:\/\/naturalpoland.com\/wp-content\/uploads\/woda-lodowcowa.jpg\" \/>\n\t<meta property=\"og:image:width\" content=\"650\" \/>\n\t<meta property=\"og:image:height\" content=\"650\" \/>\n\t<meta property=\"og:image:type\" content=\"image\/jpeg\" \/>\n<script type=\"application\/ld+json\" class=\"yoast-schema-graph\">{\"@context\":\"https:\\\/\\\/schema.org\",\"@graph\":[{\"@type\":\"WebPage\",\"@id\":\"https:\\\/\\\/naturalpoland.com\\\/fr\\\/produkty\\\/produits-pour-lindustrie-cosmetique\\\/matieres-premieres-cosmetiques\\\/eau-glaciaire\\\/\",\"url\":\"https:\\\/\\\/naturalpoland.com\\\/fr\\\/produkty\\\/produits-pour-lindustrie-cosmetique\\\/matieres-premieres-cosmetiques\\\/eau-glaciaire\\\/\",\"name\":\"Eau glaciaire - NATURAL POLAND - Distributeur de mati\u00e8res premi\u00e8res en gros\",\"isPartOf\":{\"@id\":\"https:\\\/\\\/naturalpoland.com\\\/fr\\\/#website\"},\"primaryImageOfPage\":{\"@id\":\"https:\\\/\\\/naturalpoland.com\\\/fr\\\/produkty\\\/produits-pour-lindustrie-cosmetique\\\/matieres-premieres-cosmetiques\\\/eau-glaciaire\\\/#primaryimage\"},\"image\":{\"@id\":\"https:\\\/\\\/naturalpoland.com\\\/fr\\\/produkty\\\/produits-pour-lindustrie-cosmetique\\\/matieres-premieres-cosmetiques\\\/eau-glaciaire\\\/#primaryimage\"},\"thumbnailUrl\":\"https:\\\/\\\/naturalpoland.com\\\/wp-content\\\/uploads\\\/woda-lodowcowa.jpg\",\"datePublished\":\"2021-11-02T15:46:49+00:00\",\"dateModified\":\"2024-09-17T10:13:06+00:00\",\"description\":\"Nous sommes un grossiste d'eau glac\u00e9e d'origine islandaise, directement du fabricant. Il est extrait de blocs de glace congel\u00e9s.\",\"breadcrumb\":{\"@id\":\"https:\\\/\\\/naturalpoland.com\\\/fr\\\/produkty\\\/produits-pour-lindustrie-cosmetique\\\/matieres-premieres-cosmetiques\\\/eau-glaciaire\\\/#breadcrumb\"},\"inLanguage\":\"fr-FR\",\"potentialAction\":[{\"@type\":\"ReadAction\",\"target\":[\"https:\\\/\\\/naturalpoland.com\\\/fr\\\/produkty\\\/produits-pour-lindustrie-cosmetique\\\/matieres-premieres-cosmetiques\\\/eau-glaciaire\\\/\"]}]},{\"@type\":\"ImageObject\",\"inLanguage\":\"fr-FR\",\"@id\":\"https:\\\/\\\/naturalpoland.com\\\/fr\\\/produkty\\\/produits-pour-lindustrie-cosmetique\\\/matieres-premieres-cosmetiques\\\/eau-glaciaire\\\/#primaryimage\",\"url\":\"https:\\\/\\\/naturalpoland.com\\\/wp-content\\\/uploads\\\/woda-lodowcowa.jpg\",\"contentUrl\":\"https:\\\/\\\/naturalpoland.com\\\/wp-content\\\/uploads\\\/woda-lodowcowa.jpg\",\"width\":650,\"height\":650,\"caption\":\"eau-glaciaire\"},{\"@type\":\"BreadcrumbList\",\"@id\":\"https:\\\/\\\/naturalpoland.com\\\/fr\\\/produkty\\\/produits-pour-lindustrie-cosmetique\\\/matieres-premieres-cosmetiques\\\/eau-glaciaire\\\/#breadcrumb\",\"itemListElement\":[{\"@type\":\"ListItem\",\"position\":1,\"name\":\"Accueil\",\"item\":\"https:\\\/\\\/naturalpoland.com\\\/fr\\\/\"},{\"@type\":\"ListItem\",\"position\":2,\"name\":\"Produits\",\"item\":\"https:\\\/\\\/naturalpoland.com\\\/fr\\\/produits\\\/\"},{\"@type\":\"ListItem\",\"position\":3,\"name\":\"Eau glaciaire\"}]},{\"@type\":\"WebSite\",\"@id\":\"https:\\\/\\\/naturalpoland.com\\\/fr\\\/#website\",\"url\":\"https:\\\/\\\/naturalpoland.com\\\/fr\\\/\",\"name\":\"NATURAL POLAND - Distributeur de mati\u00e8res premi\u00e8res en gros\",\"description\":\"Surowce dla przemys\u0142u spo\u017cywczego, kosmetycznego i farmaceutycznego\",\"publisher\":{\"@id\":\"https:\\\/\\\/naturalpoland.com\\\/fr\\\/#organization\"},\"potentialAction\":[{\"@type\":\"SearchAction\",\"target\":{\"@type\":\"EntryPoint\",\"urlTemplate\":\"https:\\\/\\\/naturalpoland.com\\\/fr\\\/?s={search_term_string}\"},\"query-input\":{\"@type\":\"PropertyValueSpecification\",\"valueRequired\":true,\"valueName\":\"search_term_string\"}}],\"inLanguage\":\"fr-FR\"},{\"@type\":\"Organization\",\"@id\":\"https:\\\/\\\/naturalpoland.com\\\/fr\\\/#organization\",\"name\":\"Natural Poland\",\"url\":\"https:\\\/\\\/naturalpoland.com\\\/fr\\\/\",\"logo\":{\"@type\":\"ImageObject\",\"inLanguage\":\"fr-FR\",\"@id\":\"https:\\\/\\\/naturalpoland.com\\\/fr\\\/#\\\/schema\\\/logo\\\/image\\\/\",\"url\":\"https:\\\/\\\/naturalpoland.com\\\/wp-content\\\/uploads\\\/2021\\\/05\\\/natural-poland-icon.png\",\"contentUrl\":\"https:\\\/\\\/naturalpoland.com\\\/wp-content\\\/uploads\\\/2021\\\/05\\\/natural-poland-icon.png\",\"width\":512,\"height\":512,\"caption\":\"Natural Poland\"},\"image\":{\"@id\":\"https:\\\/\\\/naturalpoland.com\\\/fr\\\/#\\\/schema\\\/logo\\\/image\\\/\"},\"sameAs\":[\"https:\\\/\\\/www.facebook.com\\\/naturalpoland.b2b\",\"https:\\\/\\\/pl.linkedin.com\\\/company\\\/natural-poland\",\"https:\\\/\\\/www.youtube.com\\\/channel\\\/UCgeGGkvOMahZo-xu_MSEWxg\"]}]}<\/script>\n<!-- \/ Yoast SEO plugin. -->","yoast_head_json":{"title":"Eau glaciaire - NATURAL POLAND - Distributeur de mati\u00e8res premi\u00e8res en gros","description":"Nous sommes un grossiste d'eau glac\u00e9e d'origine islandaise, directement du fabricant. Il est extrait de blocs de glace congel\u00e9s.","robots":{"index":"index","follow":"follow","max-snippet":"max-snippet:-1","max-image-preview":"max-image-preview:large","max-video-preview":"max-video-preview:-1"},"canonical":"https:\/\/naturalpoland.com\/fr\/produkty\/produits-pour-lindustrie-cosmetique\/matieres-premieres-cosmetiques\/eau-glaciaire\/","og_locale":"fr_FR","og_type":"article","og_title":"Eau glaciaire - NATURAL POLAND - Distributeur de mati\u00e8res premi\u00e8res en gros","og_description":"Nous sommes un grossiste d'eau glac\u00e9e d'origine islandaise, directement du fabricant. Il est extrait de blocs de glace congel\u00e9s.","og_url":"https:\/\/naturalpoland.com\/fr\/produkty\/produits-pour-lindustrie-cosmetique\/matieres-premieres-cosmetiques\/eau-glaciaire\/","og_site_name":"NATURAL POLAND - Distributeur de mati\u00e8res premi\u00e8res en gros","article_publisher":"https:\/\/www.facebook.com\/naturalpoland.b2b","article_modified_time":"2024-09-17T10:13:06+00:00","og_image":[{"width":650,"height":650,"url":"https:\/\/naturalpoland.com\/wp-content\/uploads\/woda-lodowcowa.jpg","type":"image\/jpeg"}],"schema":{"@context":"https:\/\/schema.org","@graph":[{"@type":"WebPage","@id":"https:\/\/naturalpoland.com\/fr\/produkty\/produits-pour-lindustrie-cosmetique\/matieres-premieres-cosmetiques\/eau-glaciaire\/","url":"https:\/\/naturalpoland.com\/fr\/produkty\/produits-pour-lindustrie-cosmetique\/matieres-premieres-cosmetiques\/eau-glaciaire\/","name":"Eau glaciaire - NATURAL POLAND - Distributeur de mati\u00e8res premi\u00e8res en gros","isPartOf":{"@id":"https:\/\/naturalpoland.com\/fr\/#website"},"primaryImageOfPage":{"@id":"https:\/\/naturalpoland.com\/fr\/produkty\/produits-pour-lindustrie-cosmetique\/matieres-premieres-cosmetiques\/eau-glaciaire\/#primaryimage"},"image":{"@id":"https:\/\/naturalpoland.com\/fr\/produkty\/produits-pour-lindustrie-cosmetique\/matieres-premieres-cosmetiques\/eau-glaciaire\/#primaryimage"},"thumbnailUrl":"https:\/\/naturalpoland.com\/wp-content\/uploads\/woda-lodowcowa.jpg","datePublished":"2021-11-02T15:46:49+00:00","dateModified":"2024-09-17T10:13:06+00:00","description":"Nous sommes un grossiste d'eau glac\u00e9e d'origine islandaise, directement du fabricant. Il est extrait de blocs de glace congel\u00e9s.","breadcrumb":{"@id":"https:\/\/naturalpoland.com\/fr\/produkty\/produits-pour-lindustrie-cosmetique\/matieres-premieres-cosmetiques\/eau-glaciaire\/#breadcrumb"},"inLanguage":"fr-FR","potentialAction":[{"@type":"ReadAction","target":["https:\/\/naturalpoland.com\/fr\/produkty\/produits-pour-lindustrie-cosmetique\/matieres-premieres-cosmetiques\/eau-glaciaire\/"]}]},{"@type":"ImageObject","inLanguage":"fr-FR","@id":"https:\/\/naturalpoland.com\/fr\/produkty\/produits-pour-lindustrie-cosmetique\/matieres-premieres-cosmetiques\/eau-glaciaire\/#primaryimage","url":"https:\/\/naturalpoland.com\/wp-content\/uploads\/woda-lodowcowa.jpg","contentUrl":"https:\/\/naturalpoland.com\/wp-content\/uploads\/woda-lodowcowa.jpg","width":650,"height":650,"caption":"eau-glaciaire"},{"@type":"BreadcrumbList","@id":"https:\/\/naturalpoland.com\/fr\/produkty\/produits-pour-lindustrie-cosmetique\/matieres-premieres-cosmetiques\/eau-glaciaire\/#breadcrumb","itemListElement":[{"@type":"ListItem","position":1,"name":"Accueil","item":"https:\/\/naturalpoland.com\/fr\/"},{"@type":"ListItem","position":2,"name":"Produits","item":"https:\/\/naturalpoland.com\/fr\/produits\/"},{"@type":"ListItem","position":3,"name":"Eau glaciaire"}]},{"@type":"WebSite","@id":"https:\/\/naturalpoland.com\/fr\/#website","url":"https:\/\/naturalpoland.com\/fr\/","name":"NATURAL POLAND - Distributeur de mati\u00e8res premi\u00e8res en gros","description":"Surowce dla przemys\u0142u spo\u017cywczego, kosmetycznego i farmaceutycznego","publisher":{"@id":"https:\/\/naturalpoland.com\/fr\/#organization"},"potentialAction":[{"@type":"SearchAction","target":{"@type":"EntryPoint","urlTemplate":"https:\/\/naturalpoland.com\/fr\/?s={search_term_string}"},"query-input":{"@type":"PropertyValueSpecification","valueRequired":true,"valueName":"search_term_string"}}],"inLanguage":"fr-FR"},{"@type":"Organization","@id":"https:\/\/naturalpoland.com\/fr\/#organization","name":"Natural Poland","url":"https:\/\/naturalpoland.com\/fr\/","logo":{"@type":"ImageObject","inLanguage":"fr-FR","@id":"https:\/\/naturalpoland.com\/fr\/#\/schema\/logo\/image\/","url":"https:\/\/naturalpoland.com\/wp-content\/uploads\/2021\/05\/natural-poland-icon.png","contentUrl":"https:\/\/naturalpoland.com\/wp-content\/uploads\/2021\/05\/natural-poland-icon.png","width":512,"height":512,"caption":"Natural Poland"},"image":{"@id":"https:\/\/naturalpoland.com\/fr\/#\/schema\/logo\/image\/"},"sameAs":["https:\/\/www.facebook.com\/naturalpoland.b2b","https:\/\/pl.linkedin.com\/company\/natural-poland","https:\/\/www.youtube.com\/channel\/UCgeGGkvOMahZo-xu_MSEWxg"]}]}},"_links":{"self":[{"href":"https:\/\/naturalpoland.com\/fr\/wp-json\/wp\/v2\/product\/13670","targetHints":{"allow":["GET"]}}],"collection":[{"href":"https:\/\/naturalpoland.com\/fr\/wp-json\/wp\/v2\/product"}],"about":[{"href":"https:\/\/naturalpoland.com\/fr\/wp-json\/wp\/v2\/types\/product"}],"wp:featuredmedia":[{"embeddable":true,"href":"https:\/\/naturalpoland.com\/fr\/wp-json\/wp\/v2\/media\/13510"}],"wp:attachment":[{"href":"https:\/\/naturalpoland.com\/fr\/wp-json\/wp\/v2\/media?parent=13670"}],"wp:term":[{"taxonomy":"product_brand","embeddable":true,"href":"https:\/\/naturalpoland.com\/fr\/wp-json\/wp\/v2\/product_brand?post=13670"},{"taxonomy":"product_cat","embeddable":true,"href":"https:\/\/naturalpoland.com\/fr\/wp-json\/wp\/v2\/product_cat?post=13670"},{"taxonomy":"product_tag","embeddable":true,"href":"https:\/\/naturalpoland.com\/fr\/wp-json\/wp\/v2\/product_tag?post=13670"}],"curies":[{"name":"wp","href":"https:\/\/api.w.org\/{rel}","templated":true}]}}