{"id":15188,"date":"2021-05-11T13:51:43","date_gmt":"2021-05-11T11:51:43","guid":{"rendered":"https:\/\/naturalpoland.pl\/produkty\/non%20class\u00e9\/huile-de-noix-du-bresil\/"},"modified":"2024-10-09T15:48:46","modified_gmt":"2024-10-09T13:48:46","slug":"huile-de-noix-du-bresil","status":"publish","type":"product","link":"https:\/\/naturalpoland.com\/fr\/produkty\/huiles-alimentaires-et-cosmetiques\/huile-de-noix-du-bresil\/","title":{"rendered":"Huile de noix du Br\u00e9sil"},"content":{"rendered":"<h2>Propri\u00e9t\u00e9s de l&rsquo;huile de noix du Br\u00e9sil :<\/h2>\n<p>L&rsquo;huile de noix du Br\u00e9sil est connue pour ses pr\u00e9cieux ingr\u00e9dients b\u00e9n\u00e9fiques pour la sant\u00e9 et pour sa large utilisation dans les industries alimentaire et cosm\u00e9tique. Elle contient de pr\u00e9cieuses <strong>graisses<\/strong>, qui repr\u00e9sentent environ 50 \u00e0 67 % du poids de la noix du Br\u00e9sil, telles que l&rsquo;acide linol\u00e9ique, l&rsquo;acide ol\u00e9ique, l&rsquo;acide palmitique et l&rsquo;acide st\u00e9arique, ainsi que des acides om\u00e9ga 9 et om\u00e9ga 6. Les noix du Br\u00e9sil contiennent \u00e9galement beaucoup de <strong>phytost\u00e9rols<\/strong>, des compos\u00e9s v\u00e9g\u00e9taux qui ont un effet sur la r\u00e9duction du taux de cholest\u00e9rol sanguin. L&rsquo;huile de noix du Br\u00e9sil est une source de micronutriments pr\u00e9cieux tels que le <strong>zinc<\/strong> (un \u00e9l\u00e9ment important pour la peau, les cheveux et les ongles), le <strong>cuivre<\/strong> (qui soutient les syst\u00e8mes circulatoire, immunitaire et nerveux) et le <strong>s\u00e9l\u00e9nium<\/strong> (un antioxydant puissant, qui renforce le syst\u00e8me immunitaire et soutient la fonction thyro\u00efdienne). Le s\u00e9l\u00e9nium est particuli\u00e8rement int\u00e9ressant, car il se trouve en grande quantit\u00e9 dans la noix du Br\u00e9sil. Il suffit de manger 1 ou 2 noix pour fournir \u00e0 l&rsquo;organisme une quantit\u00e9 ad\u00e9quate de cet \u00e9l\u00e9ment. L&rsquo;huile de noix du Br\u00e9sil contient \u00e9galement des <strong>vitamines<\/strong> importantes telles que la vitamine A (b\u00e9n\u00e9fique pour la peau, les cheveux et les ongles, soutient la vision et le syst\u00e8me immunitaire), la vitamine C (un tr\u00e8s bon antioxydant, soutient l&rsquo;immunit\u00e9, le syst\u00e8me circulatoire), la vitamine D (soutient le squelette et le syst\u00e8me immunitaire) et la vitamine E (l&rsquo;un des antioxydants les plus puissants, inhibe le mauvais cholest\u00e9rol). Les noix du Br\u00e9sil contiennent \u00e9galement une abondance d&rsquo;<strong>acides amin\u00e9s<\/strong> et de <strong>prot\u00e9ines<\/strong> n\u00e9cessaires \u00e0 la croissance des tissus, ainsi que des <strong>hydrates de carbone<\/strong>. Gr\u00e2ce \u00e0 ces ingr\u00e9dients, l&rsquo;organisme re\u00e7oit la quantit\u00e9 d&rsquo;\u00e9nergie n\u00e9cessaire. En r\u00e9sum\u00e9, la noix du Br\u00e9sil est un d\u00e9licieux en-cas rempli \u00e0 ras bord de min\u00e9raux, de vitamines et d&rsquo;autres nutriments pr\u00e9cieux pour la sant\u00e9.   <\/p>\n<h2>Propri\u00e9t\u00e9s de l&rsquo;huile de noix du Br\u00e9sil<\/h2>\n<p>La consommation r\u00e9guli\u00e8re d&rsquo;huile de noix du Br\u00e9sil <strong>renforce le syst\u00e8me immunitaire<\/strong>, ce qui se traduit par une protection contre les rhumes et la grippe. En outre, <strong>le m\u00e9tabolisme des hormones thyro\u00efdiennes<\/strong> et le <strong>profil lipidique<\/strong> (r\u00e9duction du mauvais cholest\u00e9rol) <strong>sont am\u00e9lior\u00e9s<\/strong>. L&rsquo;huile est b\u00e9n\u00e9fique pour la <strong>vue<\/strong> et le <strong>syst\u00e8me cardiovasculaire<\/strong>. La consommation de l&rsquo;huile est recommand\u00e9e aux hommes pour am\u00e9liorer leur fertilit\u00e9. Les ingr\u00e9dients contenus dans les noix du Br\u00e9sil ont \u00e9galement un effet b\u00e9n\u00e9fique sur le syst\u00e8me nerveux, notamment sur l&rsquo;efficacit\u00e9 des fonctions c\u00e9r\u00e9brales.     <\/p>\n<h2>Propri\u00e9t\u00e9s cosm\u00e9tiques de l&rsquo;huile<\/h2>\n<p>L&rsquo;effet de l&rsquo;huile de noix du Br\u00e9sil sur la peau, en particulier sur les peaux matures et ab\u00eem\u00e9es, est inestimable. Les peaux tendues, rugueuses ou squameuses b\u00e9n\u00e9ficient d&rsquo;une solide r\u00e9g\u00e9n\u00e9ration. Quelques gouttes d&rsquo;huile ajout\u00e9es au bain<strong> hydrateront et lubrifieront<\/strong> bien la peau, la rendant plus douce, plus lisse et bien nourrie. Elle peut \u00e9galement \u00eatre utilis\u00e9e <strong>apr\u00e8s un bain de soleil<\/strong> sur une peau irrit\u00e9e et s\u00e8che. L&rsquo;huile de noix du Br\u00e9sil est un rem\u00e8de naturel contre les taches de vieillesse et l&rsquo;hyperpigmentation et prot\u00e8ge contre le psoriasis et l&rsquo;ecz\u00e9ma. En plus de traiter l&rsquo;acn\u00e9, elle a un effet anti-inflammatoire sur d&rsquo;autres affections cutan\u00e9es, comme l&rsquo;ecz\u00e9ma. En revanche, appliqu\u00e9e sur les cheveux, elle <strong>pr\u00e9vient les pellicules<\/strong> et lutte contre le dess\u00e8chement du cuir chevelu.      <\/p>\n<h2>Usage cosm\u00e9tique :<\/h2>\n<p>L&rsquo;huile de noix du Br\u00e9sil est un <strong>produit de soin<\/strong> \u00e0 part enti\u00e8re et entre dans la composition de nombreux cosm\u00e9tiques, notamment anti-\u00e2ge. Elle est \u00e9galement utilis\u00e9e comme <strong>huile de massage<\/strong> et comme<strong> \u00e9mulsifiant dans les <a href=\"\/kategoria\/produkty-dla-przemyslu-kosmetycznego\/masla-kosmetyczne\/\">beurres<\/a> et les cr\u00e8mes pour le corps<\/strong>. On la trouve \u00e9galement dans les <strong>savons<\/strong>, les <strong>lotions<\/strong>, les <strong>rouges \u00e0 l\u00e8vres<\/strong> et les <strong>revitalisants capillaires<\/strong>. Il est int\u00e9ressant d&rsquo;ajouter l&rsquo;huile \u00e0 des masques, des huiles essentielles ou des cr\u00e8mes pour combiner l&rsquo;action de plusieurs nutriments. De plus, l&rsquo;huile de noix du Br\u00e9sil est \u00e9galement utilis\u00e9e pour huiler les cheveux afin de leur redonner \u00e9clat et rebond.    <\/p>\n<h2>Utilisation alimentaire :<\/h2>\n<p>L&rsquo;huile de noix du Br\u00e9sil r\u00e8gne \u00e9galement en ma\u00eetre dans le monde culinaire, comme on peut le constater en l&rsquo;ajoutant aux salades, aux salades ou aux fromages. Elle est id\u00e9ale dans les plats froids compos\u00e9s de fruits et de l\u00e9gumes. Sa texture cr\u00e9meuse et son ar\u00f4me de noisette la rendent d\u00e9licieuse dans toutes les \u00e9ditions. Lorsque vous utilisez l&rsquo;huile, n&rsquo;oubliez pas de ne pas la chauffer, car elle perdrait sa pr\u00e9cieuse valeur nutritionnelle. Cependant, malgr\u00e9 son caract\u00e8re unique et ses pr\u00e9cieux nutriments, il faut veiller \u00e0 ne pas la consommer en exc\u00e8s en raison des quantit\u00e9s consid\u00e9rables de s\u00e9l\u00e9nium qu&rsquo;elle contient. L&rsquo;utiliser avec mod\u00e9ration apportera de nombreux bienfaits \u00e0 l&rsquo;organisme, notamment le renforcement de l&rsquo;immunit\u00e9 et le maintien d&rsquo;une peau et de cheveux sains.   <\/p>\n<h2>Faits int\u00e9ressants sur la noix du Br\u00e9sil :<\/h2>\n<ul>\n<li>Les noix du Br\u00e9sil sont utilis\u00e9es pour fabriquer des produits utilitaires tels que des lubrifiants et des savons. L&rsquo;huile qui en est tir\u00e9e est utilis\u00e9e pour huiler les montres, par exemple. <\/li>\n<li>Le pacanier brun est utilis\u00e9 pour fabriquer des meubles de luxe. L&rsquo;aspect du bois est ph\u00e9nom\u00e9nal : il a une couleur brun-rouge et son \u00e9corce est un tr\u00e9sor de tanins. <\/li>\n<li>Les arbres sur lesquels poussent les noix du Br\u00e9sil sont \u00e0 feuilles persistantes et peuvent atteindre 50 m de haut. Tout aussi int\u00e9ressantes que le bois sont les feuilles, qui mesurent environ 60 cm de long, sont coriaces et brillantes. Ce sont les plus grands arbres de la for\u00eat amazonienne.   <\/li>\n<li>Vous rencontrerez peut-\u00eatre un autre nom pour les noix du Br\u00e9sil : \u00ab\u00a0para\u00a0\u00bb. Il provient du nom de la r\u00e9gion du Br\u00e9sil o\u00f9 poussent les pacaniers. <\/li>\n<\/ul>\n<hr>\n<h4 class=\"wp-block-heading\"><strong>Bibliografia:<\/strong><\/h4>\n<p>https:\/\/gazetamedycyna.pl\/olej-z-orzechow-wloskich-wlasciwosci-zastosowanie-i-dawkowanie\/ https:\/\/www.poradnikzdrowie.pl\/diety-i-zywienie\/co-jesz\/orzechy-brazylijskie-wlasciwosci-zdrowotne-i-wartosci-odzywcze-aa-NnU9-iPMW-AVVf.html https:\/\/www.medonet.pl\/zdrowie,orzechy-brazylijskie-wlasciwosci-zdrowotne-wartosci-odzywcze-zastosowanie,artykul,1729267.html<\/p>\n","protected":false},"excerpt":{"rendered":"<p>L&rsquo;huile de noix du Br\u00e9sil est utilis\u00e9e dans les savons, les lotions, les revitalisants capillaires et les cr\u00e8mes pour le visage.<br \/>\nElle est recommand\u00e9e pour les peaux matures, les peaux s\u00e8ches et squameuses et les peaux pr\u00e9sentant des signes de fatigue.<br \/>\nL&rsquo;huile de noix du Br\u00e9sil a des effets anti-inflammatoires et r\u00e9g\u00e9n\u00e9rateurs.<br \/>\nElle poss\u00e8de \u00e9galement des propri\u00e9t\u00e9s antioxydantes.   <\/p>\n","protected":false},"featured_media":35659,"template":"","meta":{"_acf_changed":false},"product_brand":[],"product_cat":[1296],"product_tag":[],"class_list":{"0":"post-15188","1":"product","2":"type-product","3":"status-publish","4":"has-post-thumbnail","6":"product_cat-huiles-alimentaires-et-cosmetiques","8":"first","9":"instock","10":"shipping-taxable","11":"product-type-simple"},"acf":[],"yoast_head":"<!-- This site is optimized with the Yoast SEO plugin v27.5 - https:\/\/yoast.com\/product\/yoast-seo-wordpress\/ -->\n<title>Huile de noix du Br\u00e9sil - NATURAL POLAND - Distributeur de mati\u00e8res premi\u00e8res en gros<\/title>\n<meta name=\"description\" content=\"L&#039;huile de noix du Br\u00e9sil est utilis\u00e9e dans les savons, les lotions, les revitalisants capillaires et les cr\u00e8mes pour le visage. Elle est recommand\u00e9e pour les soins des peaux matures.\" \/>\n<meta name=\"robots\" content=\"index, follow, max-snippet:-1, max-image-preview:large, max-video-preview:-1\" \/>\n<link rel=\"canonical\" href=\"https:\/\/naturalpoland.com\/fr\/produkty\/huiles-alimentaires-et-cosmetiques\/huile-de-noix-du-bresil\/\" \/>\n<meta property=\"og:locale\" content=\"fr_FR\" \/>\n<meta property=\"og:type\" content=\"article\" \/>\n<meta property=\"og:title\" content=\"Huile de noix du Br\u00e9sil - NATURAL POLAND - Distributeur de mati\u00e8res premi\u00e8res en gros\" \/>\n<meta property=\"og:description\" content=\"L&#039;huile de noix du Br\u00e9sil est utilis\u00e9e dans les savons, les lotions, les revitalisants capillaires et les cr\u00e8mes pour le visage. Elle est recommand\u00e9e pour les soins des peaux matures.\" \/>\n<meta property=\"og:url\" content=\"https:\/\/naturalpoland.com\/fr\/produkty\/huiles-alimentaires-et-cosmetiques\/huile-de-noix-du-bresil\/\" \/>\n<meta property=\"og:site_name\" content=\"NATURAL POLAND - Distributeur de mati\u00e8res premi\u00e8res en gros\" \/>\n<meta property=\"article:publisher\" content=\"https:\/\/www.facebook.com\/naturalpoland.b2b\" \/>\n<meta property=\"article:modified_time\" content=\"2024-10-09T13:48:46+00:00\" \/>\n<meta property=\"og:image\" content=\"https:\/\/naturalpoland.com\/wp-content\/uploads\/olej-z-orzechow-brazylijskich.webp\" \/>\n\t<meta property=\"og:image:width\" content=\"619\" \/>\n\t<meta property=\"og:image:height\" content=\"619\" \/>\n\t<meta property=\"og:image:type\" content=\"image\/webp\" \/>\n<script type=\"application\/ld+json\" class=\"yoast-schema-graph\">{\"@context\":\"https:\\\/\\\/schema.org\",\"@graph\":[{\"@type\":\"WebPage\",\"@id\":\"https:\\\/\\\/naturalpoland.com\\\/fr\\\/produkty\\\/huiles-alimentaires-et-cosmetiques\\\/huile-de-noix-du-bresil\\\/\",\"url\":\"https:\\\/\\\/naturalpoland.com\\\/fr\\\/produkty\\\/huiles-alimentaires-et-cosmetiques\\\/huile-de-noix-du-bresil\\\/\",\"name\":\"Huile de noix du Br\u00e9sil - NATURAL POLAND - Distributeur de mati\u00e8res premi\u00e8res en gros\",\"isPartOf\":{\"@id\":\"https:\\\/\\\/naturalpoland.com\\\/fr\\\/#website\"},\"primaryImageOfPage\":{\"@id\":\"https:\\\/\\\/naturalpoland.com\\\/fr\\\/produkty\\\/huiles-alimentaires-et-cosmetiques\\\/huile-de-noix-du-bresil\\\/#primaryimage\"},\"image\":{\"@id\":\"https:\\\/\\\/naturalpoland.com\\\/fr\\\/produkty\\\/huiles-alimentaires-et-cosmetiques\\\/huile-de-noix-du-bresil\\\/#primaryimage\"},\"thumbnailUrl\":\"https:\\\/\\\/naturalpoland.com\\\/wp-content\\\/uploads\\\/olej-z-orzechow-brazylijskich.webp\",\"datePublished\":\"2021-05-11T11:51:43+00:00\",\"dateModified\":\"2024-10-09T13:48:46+00:00\",\"description\":\"L'huile de noix du Br\u00e9sil est utilis\u00e9e dans les savons, les lotions, les revitalisants capillaires et les cr\u00e8mes pour le visage. Elle est recommand\u00e9e pour les soins des peaux matures.\",\"breadcrumb\":{\"@id\":\"https:\\\/\\\/naturalpoland.com\\\/fr\\\/produkty\\\/huiles-alimentaires-et-cosmetiques\\\/huile-de-noix-du-bresil\\\/#breadcrumb\"},\"inLanguage\":\"fr-FR\",\"potentialAction\":[{\"@type\":\"ReadAction\",\"target\":[\"https:\\\/\\\/naturalpoland.com\\\/fr\\\/produkty\\\/huiles-alimentaires-et-cosmetiques\\\/huile-de-noix-du-bresil\\\/\"]}]},{\"@type\":\"ImageObject\",\"inLanguage\":\"fr-FR\",\"@id\":\"https:\\\/\\\/naturalpoland.com\\\/fr\\\/produkty\\\/huiles-alimentaires-et-cosmetiques\\\/huile-de-noix-du-bresil\\\/#primaryimage\",\"url\":\"https:\\\/\\\/naturalpoland.com\\\/wp-content\\\/uploads\\\/olej-z-orzechow-brazylijskich.webp\",\"contentUrl\":\"https:\\\/\\\/naturalpoland.com\\\/wp-content\\\/uploads\\\/olej-z-orzechow-brazylijskich.webp\",\"width\":619,\"height\":619,\"caption\":\"olej z orzech\u00f3w brazylijskich\"},{\"@type\":\"BreadcrumbList\",\"@id\":\"https:\\\/\\\/naturalpoland.com\\\/fr\\\/produkty\\\/huiles-alimentaires-et-cosmetiques\\\/huile-de-noix-du-bresil\\\/#breadcrumb\",\"itemListElement\":[{\"@type\":\"ListItem\",\"position\":1,\"name\":\"Accueil\",\"item\":\"https:\\\/\\\/naturalpoland.com\\\/fr\\\/\"},{\"@type\":\"ListItem\",\"position\":2,\"name\":\"Produits\",\"item\":\"https:\\\/\\\/naturalpoland.com\\\/fr\\\/produits\\\/\"},{\"@type\":\"ListItem\",\"position\":3,\"name\":\"Huile de noix du Br\u00e9sil\"}]},{\"@type\":\"WebSite\",\"@id\":\"https:\\\/\\\/naturalpoland.com\\\/fr\\\/#website\",\"url\":\"https:\\\/\\\/naturalpoland.com\\\/fr\\\/\",\"name\":\"NATURAL POLAND - Distributeur de mati\u00e8res premi\u00e8res en gros\",\"description\":\"Surowce dla przemys\u0142u spo\u017cywczego, kosmetycznego i farmaceutycznego\",\"publisher\":{\"@id\":\"https:\\\/\\\/naturalpoland.com\\\/fr\\\/#organization\"},\"potentialAction\":[{\"@type\":\"SearchAction\",\"target\":{\"@type\":\"EntryPoint\",\"urlTemplate\":\"https:\\\/\\\/naturalpoland.com\\\/fr\\\/?s={search_term_string}\"},\"query-input\":{\"@type\":\"PropertyValueSpecification\",\"valueRequired\":true,\"valueName\":\"search_term_string\"}}],\"inLanguage\":\"fr-FR\"},{\"@type\":\"Organization\",\"@id\":\"https:\\\/\\\/naturalpoland.com\\\/fr\\\/#organization\",\"name\":\"Natural Poland\",\"url\":\"https:\\\/\\\/naturalpoland.com\\\/fr\\\/\",\"logo\":{\"@type\":\"ImageObject\",\"inLanguage\":\"fr-FR\",\"@id\":\"https:\\\/\\\/naturalpoland.com\\\/fr\\\/#\\\/schema\\\/logo\\\/image\\\/\",\"url\":\"https:\\\/\\\/naturalpoland.com\\\/wp-content\\\/uploads\\\/2021\\\/05\\\/natural-poland-icon.png\",\"contentUrl\":\"https:\\\/\\\/naturalpoland.com\\\/wp-content\\\/uploads\\\/2021\\\/05\\\/natural-poland-icon.png\",\"width\":512,\"height\":512,\"caption\":\"Natural Poland\"},\"image\":{\"@id\":\"https:\\\/\\\/naturalpoland.com\\\/fr\\\/#\\\/schema\\\/logo\\\/image\\\/\"},\"sameAs\":[\"https:\\\/\\\/www.facebook.com\\\/naturalpoland.b2b\",\"https:\\\/\\\/pl.linkedin.com\\\/company\\\/natural-poland\",\"https:\\\/\\\/www.youtube.com\\\/channel\\\/UCgeGGkvOMahZo-xu_MSEWxg\"]}]}<\/script>\n<!-- \/ Yoast SEO plugin. -->","yoast_head_json":{"title":"Huile de noix du Br\u00e9sil - NATURAL POLAND - Distributeur de mati\u00e8res premi\u00e8res en gros","description":"L'huile de noix du Br\u00e9sil est utilis\u00e9e dans les savons, les lotions, les revitalisants capillaires et les cr\u00e8mes pour le visage. Elle est recommand\u00e9e pour les soins des peaux matures.","robots":{"index":"index","follow":"follow","max-snippet":"max-snippet:-1","max-image-preview":"max-image-preview:large","max-video-preview":"max-video-preview:-1"},"canonical":"https:\/\/naturalpoland.com\/fr\/produkty\/huiles-alimentaires-et-cosmetiques\/huile-de-noix-du-bresil\/","og_locale":"fr_FR","og_type":"article","og_title":"Huile de noix du Br\u00e9sil - NATURAL POLAND - Distributeur de mati\u00e8res premi\u00e8res en gros","og_description":"L'huile de noix du Br\u00e9sil est utilis\u00e9e dans les savons, les lotions, les revitalisants capillaires et les cr\u00e8mes pour le visage. Elle est recommand\u00e9e pour les soins des peaux matures.","og_url":"https:\/\/naturalpoland.com\/fr\/produkty\/huiles-alimentaires-et-cosmetiques\/huile-de-noix-du-bresil\/","og_site_name":"NATURAL POLAND - Distributeur de mati\u00e8res premi\u00e8res en gros","article_publisher":"https:\/\/www.facebook.com\/naturalpoland.b2b","article_modified_time":"2024-10-09T13:48:46+00:00","og_image":[{"width":619,"height":619,"url":"https:\/\/naturalpoland.com\/wp-content\/uploads\/olej-z-orzechow-brazylijskich.webp","type":"image\/webp"}],"schema":{"@context":"https:\/\/schema.org","@graph":[{"@type":"WebPage","@id":"https:\/\/naturalpoland.com\/fr\/produkty\/huiles-alimentaires-et-cosmetiques\/huile-de-noix-du-bresil\/","url":"https:\/\/naturalpoland.com\/fr\/produkty\/huiles-alimentaires-et-cosmetiques\/huile-de-noix-du-bresil\/","name":"Huile de noix du Br\u00e9sil - NATURAL POLAND - Distributeur de mati\u00e8res premi\u00e8res en gros","isPartOf":{"@id":"https:\/\/naturalpoland.com\/fr\/#website"},"primaryImageOfPage":{"@id":"https:\/\/naturalpoland.com\/fr\/produkty\/huiles-alimentaires-et-cosmetiques\/huile-de-noix-du-bresil\/#primaryimage"},"image":{"@id":"https:\/\/naturalpoland.com\/fr\/produkty\/huiles-alimentaires-et-cosmetiques\/huile-de-noix-du-bresil\/#primaryimage"},"thumbnailUrl":"https:\/\/naturalpoland.com\/wp-content\/uploads\/olej-z-orzechow-brazylijskich.webp","datePublished":"2021-05-11T11:51:43+00:00","dateModified":"2024-10-09T13:48:46+00:00","description":"L'huile de noix du Br\u00e9sil est utilis\u00e9e dans les savons, les lotions, les revitalisants capillaires et les cr\u00e8mes pour le visage. Elle est recommand\u00e9e pour les soins des peaux matures.","breadcrumb":{"@id":"https:\/\/naturalpoland.com\/fr\/produkty\/huiles-alimentaires-et-cosmetiques\/huile-de-noix-du-bresil\/#breadcrumb"},"inLanguage":"fr-FR","potentialAction":[{"@type":"ReadAction","target":["https:\/\/naturalpoland.com\/fr\/produkty\/huiles-alimentaires-et-cosmetiques\/huile-de-noix-du-bresil\/"]}]},{"@type":"ImageObject","inLanguage":"fr-FR","@id":"https:\/\/naturalpoland.com\/fr\/produkty\/huiles-alimentaires-et-cosmetiques\/huile-de-noix-du-bresil\/#primaryimage","url":"https:\/\/naturalpoland.com\/wp-content\/uploads\/olej-z-orzechow-brazylijskich.webp","contentUrl":"https:\/\/naturalpoland.com\/wp-content\/uploads\/olej-z-orzechow-brazylijskich.webp","width":619,"height":619,"caption":"olej z orzech\u00f3w brazylijskich"},{"@type":"BreadcrumbList","@id":"https:\/\/naturalpoland.com\/fr\/produkty\/huiles-alimentaires-et-cosmetiques\/huile-de-noix-du-bresil\/#breadcrumb","itemListElement":[{"@type":"ListItem","position":1,"name":"Accueil","item":"https:\/\/naturalpoland.com\/fr\/"},{"@type":"ListItem","position":2,"name":"Produits","item":"https:\/\/naturalpoland.com\/fr\/produits\/"},{"@type":"ListItem","position":3,"name":"Huile de noix du Br\u00e9sil"}]},{"@type":"WebSite","@id":"https:\/\/naturalpoland.com\/fr\/#website","url":"https:\/\/naturalpoland.com\/fr\/","name":"NATURAL POLAND - Distributeur de mati\u00e8res premi\u00e8res en gros","description":"Surowce dla przemys\u0142u spo\u017cywczego, kosmetycznego i farmaceutycznego","publisher":{"@id":"https:\/\/naturalpoland.com\/fr\/#organization"},"potentialAction":[{"@type":"SearchAction","target":{"@type":"EntryPoint","urlTemplate":"https:\/\/naturalpoland.com\/fr\/?s={search_term_string}"},"query-input":{"@type":"PropertyValueSpecification","valueRequired":true,"valueName":"search_term_string"}}],"inLanguage":"fr-FR"},{"@type":"Organization","@id":"https:\/\/naturalpoland.com\/fr\/#organization","name":"Natural Poland","url":"https:\/\/naturalpoland.com\/fr\/","logo":{"@type":"ImageObject","inLanguage":"fr-FR","@id":"https:\/\/naturalpoland.com\/fr\/#\/schema\/logo\/image\/","url":"https:\/\/naturalpoland.com\/wp-content\/uploads\/2021\/05\/natural-poland-icon.png","contentUrl":"https:\/\/naturalpoland.com\/wp-content\/uploads\/2021\/05\/natural-poland-icon.png","width":512,"height":512,"caption":"Natural Poland"},"image":{"@id":"https:\/\/naturalpoland.com\/fr\/#\/schema\/logo\/image\/"},"sameAs":["https:\/\/www.facebook.com\/naturalpoland.b2b","https:\/\/pl.linkedin.com\/company\/natural-poland","https:\/\/www.youtube.com\/channel\/UCgeGGkvOMahZo-xu_MSEWxg"]}]}},"_links":{"self":[{"href":"https:\/\/naturalpoland.com\/fr\/wp-json\/wp\/v2\/product\/15188","targetHints":{"allow":["GET"]}}],"collection":[{"href":"https:\/\/naturalpoland.com\/fr\/wp-json\/wp\/v2\/product"}],"about":[{"href":"https:\/\/naturalpoland.com\/fr\/wp-json\/wp\/v2\/types\/product"}],"wp:featuredmedia":[{"embeddable":true,"href":"https:\/\/naturalpoland.com\/fr\/wp-json\/wp\/v2\/media\/35659"}],"wp:attachment":[{"href":"https:\/\/naturalpoland.com\/fr\/wp-json\/wp\/v2\/media?parent=15188"}],"wp:term":[{"taxonomy":"product_brand","embeddable":true,"href":"https:\/\/naturalpoland.com\/fr\/wp-json\/wp\/v2\/product_brand?post=15188"},{"taxonomy":"product_cat","embeddable":true,"href":"https:\/\/naturalpoland.com\/fr\/wp-json\/wp\/v2\/product_cat?post=15188"},{"taxonomy":"product_tag","embeddable":true,"href":"https:\/\/naturalpoland.com\/fr\/wp-json\/wp\/v2\/product_tag?post=15188"}],"curies":[{"name":"wp","href":"https:\/\/api.w.org\/{rel}","templated":true}]}}