{"id":15620,"date":"2021-08-05T12:59:38","date_gmt":"2021-12-20T12:31:30","guid":{"rendered":"https:\/\/naturalpoland.pl\/produkty\/non class\u00e9\/huile-de-graines-de-piment\/"},"modified":"2021-12-20T13:31:30","modified_gmt":"2021-12-20T12:31:30","slug":"huile-de-graines-de-piment","status":"publish","type":"product","link":"https:\/\/naturalpoland.com\/fr\/produkty\/huiles-alimentaires-et-cosmetiques\/huile-de-graines-de-piment\/","title":{"rendered":"Huile de graines de piment"},"content":{"rendered":"<p>Le principal ingr\u00e9dient actif du piment est la capsa\u00efcine. Appliqu\u00e9 en externe (\u00e0 dose raisonnable), le piment stimule la circulation sanguine, il est parfait pour, entre autres, en cosm\u00e9tique anti-cellulite. Des tests \u00e9picutan\u00e9s ont montr\u00e9 qu&rsquo;il n&rsquo;y avait pas \u00ab\u00a0d&rsquo;irritation importante ou de dermatite de contact\u00a0\u00bb, donc il n&rsquo;irrite pas la peau lorsqu&rsquo;il est utilis\u00e9 correctement.<\/p>\n<p>La capsa\u00efcine est \u00e9galement capable de stimuler le syst\u00e8me immunitaire, et l&rsquo;huile de piment a un niveau mod\u00e9r\u00e9 de vitamine C. Cela peut aider \u00e0 augmenter la production de globules blancs tout en agissant comme un antioxydant pour all\u00e9ger le fardeau du syst\u00e8me immunitaire.<\/p>\n","protected":false},"excerpt":{"rendered":"<p>Nous sommes un grossiste en huile de graines de piment saine et press\u00e9e \u00e0 froid. L&rsquo;huile peut \u00eatre utilis\u00e9e dans les industries cosm\u00e9tiques et alimentaires.<\/p>\n<p>Le piment (INCI : Capsicum frutescens) est un stimulant et thermog\u00e9nique (il provoque une sensation de chaleur) et favorise la circulation sanguine. Il d\u00e9sensibilise \u00e9galement les r\u00e9cepteurs nerveux, ce qui en fait une substance utile <span style=\"font-size: 14.4px;\">pour soulager la douleur.<\/span><\/p>\n","protected":false},"featured_media":15622,"template":"","meta":{"_acf_changed":false},"product_brand":[],"product_cat":[1296],"product_tag":[],"class_list":{"0":"post-15620","1":"product","2":"type-product","3":"status-publish","4":"has-post-thumbnail","6":"product_cat-huiles-alimentaires-et-cosmetiques","8":"first","9":"instock","10":"shipping-taxable","11":"product-type-simple"},"acf":[],"yoast_head":"<!-- This site is optimized with the Yoast SEO plugin v27.4 - https:\/\/yoast.com\/product\/yoast-seo-wordpress\/ -->\n<title>Huile de graines de piment - Distributeur en gros<\/title>\n<meta name=\"robots\" content=\"index, follow, max-snippet:-1, max-image-preview:large, max-video-preview:-1\" \/>\n<link rel=\"canonical\" href=\"https:\/\/naturalpoland.com\/fr\/produkty\/huiles-alimentaires-et-cosmetiques\/huile-de-graines-de-piment\/\" \/>\n<meta property=\"og:locale\" content=\"fr_FR\" \/>\n<meta property=\"og:type\" content=\"article\" \/>\n<meta property=\"og:title\" content=\"Huile de graines de piment - Distributeur en gros\" \/>\n<meta property=\"og:description\" content=\"Nous sommes un grossiste en huile de graines de piment saine et press\u00e9e \u00e0 froid. L&#039;huile peut \u00eatre utilis\u00e9e dans les industries cosm\u00e9tiques et alimentaires. Le piment (INCI : Capsicum frutescens) est un stimulant et thermog\u00e9nique (il provoque une sensation de chaleur) et favorise la circulation sanguine. Il d\u00e9sensibilise \u00e9galement les r\u00e9cepteurs nerveux, ce qui en fait une substance utile pour soulager la douleur.\" \/>\n<meta property=\"og:url\" content=\"https:\/\/naturalpoland.com\/fr\/produkty\/huiles-alimentaires-et-cosmetiques\/huile-de-graines-de-piment\/\" \/>\n<meta property=\"og:site_name\" content=\"NATURAL POLAND - Distributeur de mati\u00e8res premi\u00e8res en gros\" \/>\n<meta property=\"article:publisher\" content=\"https:\/\/www.facebook.com\/naturalpoland.b2b\" \/>\n<meta property=\"og:image\" content=\"https:\/\/naturalpoland.com\/wp-content\/uploads\/olej-z-nasion-chili.jpg\" \/>\n\t<meta property=\"og:image:width\" content=\"650\" \/>\n\t<meta property=\"og:image:height\" content=\"650\" \/>\n\t<meta property=\"og:image:type\" content=\"image\/jpeg\" \/>\n<script type=\"application\/ld+json\" class=\"yoast-schema-graph\">{\"@context\":\"https:\\\/\\\/schema.org\",\"@graph\":[{\"@type\":\"WebPage\",\"@id\":\"https:\\\/\\\/naturalpoland.com\\\/fr\\\/produkty\\\/huiles-alimentaires-et-cosmetiques\\\/huile-de-graines-de-piment\\\/\",\"url\":\"https:\\\/\\\/naturalpoland.com\\\/fr\\\/produkty\\\/huiles-alimentaires-et-cosmetiques\\\/huile-de-graines-de-piment\\\/\",\"name\":\"Huile de graines de piment - Distributeur en gros\",\"isPartOf\":{\"@id\":\"https:\\\/\\\/naturalpoland.com\\\/fr\\\/#website\"},\"primaryImageOfPage\":{\"@id\":\"https:\\\/\\\/naturalpoland.com\\\/fr\\\/produkty\\\/huiles-alimentaires-et-cosmetiques\\\/huile-de-graines-de-piment\\\/#primaryimage\"},\"image\":{\"@id\":\"https:\\\/\\\/naturalpoland.com\\\/fr\\\/produkty\\\/huiles-alimentaires-et-cosmetiques\\\/huile-de-graines-de-piment\\\/#primaryimage\"},\"thumbnailUrl\":\"https:\\\/\\\/naturalpoland.com\\\/wp-content\\\/uploads\\\/olej-z-nasion-chili.jpg\",\"datePublished\":\"2021-12-20T12:31:30+00:00\",\"breadcrumb\":{\"@id\":\"https:\\\/\\\/naturalpoland.com\\\/fr\\\/produkty\\\/huiles-alimentaires-et-cosmetiques\\\/huile-de-graines-de-piment\\\/#breadcrumb\"},\"inLanguage\":\"fr-FR\",\"potentialAction\":[{\"@type\":\"ReadAction\",\"target\":[\"https:\\\/\\\/naturalpoland.com\\\/fr\\\/produkty\\\/huiles-alimentaires-et-cosmetiques\\\/huile-de-graines-de-piment\\\/\"]}]},{\"@type\":\"ImageObject\",\"inLanguage\":\"fr-FR\",\"@id\":\"https:\\\/\\\/naturalpoland.com\\\/fr\\\/produkty\\\/huiles-alimentaires-et-cosmetiques\\\/huile-de-graines-de-piment\\\/#primaryimage\",\"url\":\"https:\\\/\\\/naturalpoland.com\\\/wp-content\\\/uploads\\\/olej-z-nasion-chili.jpg\",\"contentUrl\":\"https:\\\/\\\/naturalpoland.com\\\/wp-content\\\/uploads\\\/olej-z-nasion-chili.jpg\",\"width\":650,\"height\":650},{\"@type\":\"BreadcrumbList\",\"@id\":\"https:\\\/\\\/naturalpoland.com\\\/fr\\\/produkty\\\/huiles-alimentaires-et-cosmetiques\\\/huile-de-graines-de-piment\\\/#breadcrumb\",\"itemListElement\":[{\"@type\":\"ListItem\",\"position\":1,\"name\":\"Accueil\",\"item\":\"https:\\\/\\\/naturalpoland.com\\\/fr\\\/\"},{\"@type\":\"ListItem\",\"position\":2,\"name\":\"Produits\",\"item\":\"https:\\\/\\\/naturalpoland.com\\\/fr\\\/produits\\\/\"},{\"@type\":\"ListItem\",\"position\":3,\"name\":\"Huile de graines de piment\"}]},{\"@type\":\"WebSite\",\"@id\":\"https:\\\/\\\/naturalpoland.com\\\/fr\\\/#website\",\"url\":\"https:\\\/\\\/naturalpoland.com\\\/fr\\\/\",\"name\":\"NATURAL POLAND - Distributeur de mati\u00e8res premi\u00e8res en gros\",\"description\":\"Surowce dla przemys\u0142u spo\u017cywczego, kosmetycznego i farmaceutycznego\",\"publisher\":{\"@id\":\"https:\\\/\\\/naturalpoland.com\\\/fr\\\/#organization\"},\"potentialAction\":[{\"@type\":\"SearchAction\",\"target\":{\"@type\":\"EntryPoint\",\"urlTemplate\":\"https:\\\/\\\/naturalpoland.com\\\/fr\\\/?s={search_term_string}\"},\"query-input\":{\"@type\":\"PropertyValueSpecification\",\"valueRequired\":true,\"valueName\":\"search_term_string\"}}],\"inLanguage\":\"fr-FR\"},{\"@type\":\"Organization\",\"@id\":\"https:\\\/\\\/naturalpoland.com\\\/fr\\\/#organization\",\"name\":\"Natural Poland\",\"url\":\"https:\\\/\\\/naturalpoland.com\\\/fr\\\/\",\"logo\":{\"@type\":\"ImageObject\",\"inLanguage\":\"fr-FR\",\"@id\":\"https:\\\/\\\/naturalpoland.com\\\/fr\\\/#\\\/schema\\\/logo\\\/image\\\/\",\"url\":\"https:\\\/\\\/naturalpoland.com\\\/wp-content\\\/uploads\\\/2021\\\/05\\\/natural-poland-icon.png\",\"contentUrl\":\"https:\\\/\\\/naturalpoland.com\\\/wp-content\\\/uploads\\\/2021\\\/05\\\/natural-poland-icon.png\",\"width\":512,\"height\":512,\"caption\":\"Natural Poland\"},\"image\":{\"@id\":\"https:\\\/\\\/naturalpoland.com\\\/fr\\\/#\\\/schema\\\/logo\\\/image\\\/\"},\"sameAs\":[\"https:\\\/\\\/www.facebook.com\\\/naturalpoland.b2b\",\"https:\\\/\\\/pl.linkedin.com\\\/company\\\/natural-poland\",\"https:\\\/\\\/www.youtube.com\\\/channel\\\/UCgeGGkvOMahZo-xu_MSEWxg\"]}]}<\/script>\n<!-- \/ Yoast SEO plugin. -->","yoast_head_json":{"title":"Huile de graines de piment - Distributeur en gros","robots":{"index":"index","follow":"follow","max-snippet":"max-snippet:-1","max-image-preview":"max-image-preview:large","max-video-preview":"max-video-preview:-1"},"canonical":"https:\/\/naturalpoland.com\/fr\/produkty\/huiles-alimentaires-et-cosmetiques\/huile-de-graines-de-piment\/","og_locale":"fr_FR","og_type":"article","og_title":"Huile de graines de piment - Distributeur en gros","og_description":"Nous sommes un grossiste en huile de graines de piment saine et press\u00e9e \u00e0 froid. L'huile peut \u00eatre utilis\u00e9e dans les industries cosm\u00e9tiques et alimentaires. Le piment (INCI : Capsicum frutescens) est un stimulant et thermog\u00e9nique (il provoque une sensation de chaleur) et favorise la circulation sanguine. Il d\u00e9sensibilise \u00e9galement les r\u00e9cepteurs nerveux, ce qui en fait une substance utile pour soulager la douleur.","og_url":"https:\/\/naturalpoland.com\/fr\/produkty\/huiles-alimentaires-et-cosmetiques\/huile-de-graines-de-piment\/","og_site_name":"NATURAL POLAND - Distributeur de mati\u00e8res premi\u00e8res en gros","article_publisher":"https:\/\/www.facebook.com\/naturalpoland.b2b","og_image":[{"width":650,"height":650,"url":"https:\/\/naturalpoland.com\/wp-content\/uploads\/olej-z-nasion-chili.jpg","type":"image\/jpeg"}],"schema":{"@context":"https:\/\/schema.org","@graph":[{"@type":"WebPage","@id":"https:\/\/naturalpoland.com\/fr\/produkty\/huiles-alimentaires-et-cosmetiques\/huile-de-graines-de-piment\/","url":"https:\/\/naturalpoland.com\/fr\/produkty\/huiles-alimentaires-et-cosmetiques\/huile-de-graines-de-piment\/","name":"Huile de graines de piment - Distributeur en gros","isPartOf":{"@id":"https:\/\/naturalpoland.com\/fr\/#website"},"primaryImageOfPage":{"@id":"https:\/\/naturalpoland.com\/fr\/produkty\/huiles-alimentaires-et-cosmetiques\/huile-de-graines-de-piment\/#primaryimage"},"image":{"@id":"https:\/\/naturalpoland.com\/fr\/produkty\/huiles-alimentaires-et-cosmetiques\/huile-de-graines-de-piment\/#primaryimage"},"thumbnailUrl":"https:\/\/naturalpoland.com\/wp-content\/uploads\/olej-z-nasion-chili.jpg","datePublished":"2021-12-20T12:31:30+00:00","breadcrumb":{"@id":"https:\/\/naturalpoland.com\/fr\/produkty\/huiles-alimentaires-et-cosmetiques\/huile-de-graines-de-piment\/#breadcrumb"},"inLanguage":"fr-FR","potentialAction":[{"@type":"ReadAction","target":["https:\/\/naturalpoland.com\/fr\/produkty\/huiles-alimentaires-et-cosmetiques\/huile-de-graines-de-piment\/"]}]},{"@type":"ImageObject","inLanguage":"fr-FR","@id":"https:\/\/naturalpoland.com\/fr\/produkty\/huiles-alimentaires-et-cosmetiques\/huile-de-graines-de-piment\/#primaryimage","url":"https:\/\/naturalpoland.com\/wp-content\/uploads\/olej-z-nasion-chili.jpg","contentUrl":"https:\/\/naturalpoland.com\/wp-content\/uploads\/olej-z-nasion-chili.jpg","width":650,"height":650},{"@type":"BreadcrumbList","@id":"https:\/\/naturalpoland.com\/fr\/produkty\/huiles-alimentaires-et-cosmetiques\/huile-de-graines-de-piment\/#breadcrumb","itemListElement":[{"@type":"ListItem","position":1,"name":"Accueil","item":"https:\/\/naturalpoland.com\/fr\/"},{"@type":"ListItem","position":2,"name":"Produits","item":"https:\/\/naturalpoland.com\/fr\/produits\/"},{"@type":"ListItem","position":3,"name":"Huile de graines de piment"}]},{"@type":"WebSite","@id":"https:\/\/naturalpoland.com\/fr\/#website","url":"https:\/\/naturalpoland.com\/fr\/","name":"NATURAL POLAND - Distributeur de mati\u00e8res premi\u00e8res en gros","description":"Surowce dla przemys\u0142u spo\u017cywczego, kosmetycznego i farmaceutycznego","publisher":{"@id":"https:\/\/naturalpoland.com\/fr\/#organization"},"potentialAction":[{"@type":"SearchAction","target":{"@type":"EntryPoint","urlTemplate":"https:\/\/naturalpoland.com\/fr\/?s={search_term_string}"},"query-input":{"@type":"PropertyValueSpecification","valueRequired":true,"valueName":"search_term_string"}}],"inLanguage":"fr-FR"},{"@type":"Organization","@id":"https:\/\/naturalpoland.com\/fr\/#organization","name":"Natural Poland","url":"https:\/\/naturalpoland.com\/fr\/","logo":{"@type":"ImageObject","inLanguage":"fr-FR","@id":"https:\/\/naturalpoland.com\/fr\/#\/schema\/logo\/image\/","url":"https:\/\/naturalpoland.com\/wp-content\/uploads\/2021\/05\/natural-poland-icon.png","contentUrl":"https:\/\/naturalpoland.com\/wp-content\/uploads\/2021\/05\/natural-poland-icon.png","width":512,"height":512,"caption":"Natural Poland"},"image":{"@id":"https:\/\/naturalpoland.com\/fr\/#\/schema\/logo\/image\/"},"sameAs":["https:\/\/www.facebook.com\/naturalpoland.b2b","https:\/\/pl.linkedin.com\/company\/natural-poland","https:\/\/www.youtube.com\/channel\/UCgeGGkvOMahZo-xu_MSEWxg"]}]}},"_links":{"self":[{"href":"https:\/\/naturalpoland.com\/fr\/wp-json\/wp\/v2\/product\/15620","targetHints":{"allow":["GET"]}}],"collection":[{"href":"https:\/\/naturalpoland.com\/fr\/wp-json\/wp\/v2\/product"}],"about":[{"href":"https:\/\/naturalpoland.com\/fr\/wp-json\/wp\/v2\/types\/product"}],"wp:featuredmedia":[{"embeddable":true,"href":"https:\/\/naturalpoland.com\/fr\/wp-json\/wp\/v2\/media\/15622"}],"wp:attachment":[{"href":"https:\/\/naturalpoland.com\/fr\/wp-json\/wp\/v2\/media?parent=15620"}],"wp:term":[{"taxonomy":"product_brand","embeddable":true,"href":"https:\/\/naturalpoland.com\/fr\/wp-json\/wp\/v2\/product_brand?post=15620"},{"taxonomy":"product_cat","embeddable":true,"href":"https:\/\/naturalpoland.com\/fr\/wp-json\/wp\/v2\/product_cat?post=15620"},{"taxonomy":"product_tag","embeddable":true,"href":"https:\/\/naturalpoland.com\/fr\/wp-json\/wp\/v2\/product_tag?post=15620"}],"curies":[{"name":"wp","href":"https:\/\/api.w.org\/{rel}","templated":true}]}}