{"id":16230,"date":"2021-05-11T13:48:56","date_gmt":"2021-12-21T12:01:20","guid":{"rendered":"https:\/\/naturalpoland.pl\/produkty\/non%20class\u00e9\/huile-damande\/"},"modified":"2024-10-07T12:11:14","modified_gmt":"2024-10-07T10:11:14","slug":"huile-damande","status":"publish","type":"product","link":"https:\/\/naturalpoland.com\/fr\/produkty\/produits-pour-lindustrie-alimentaire\/huiles-alimentaires-insaturees\/huile-damande\/","title":{"rendered":"Huile d&rsquo;amande"},"content":{"rendered":"<p>L&rsquo;huile d&rsquo;amande utilis\u00e9e dans l&rsquo;alimentation donne aux plats un go\u00fbt sucr\u00e9 et une couleur dor\u00e9e. Il a un ar\u00f4me neutre, il se marie donc bien avec d&rsquo;autres ingr\u00e9dients. En cosm\u00e9tique, l&rsquo;huile d&rsquo;amande est excellente pour nettoyer la peau des toxines, ouvrir les pores et retenir l&rsquo;humidit\u00e9, ce qui bloque l&rsquo;entr\u00e9e des micro-organismes.  <\/p>\n<h2>Propri\u00e9t\u00e9s de l&rsquo;huile d&rsquo;amande douce :<\/h2>\n<ol>\n<li>L&rsquo;huile d&rsquo;amande douce est riche en acides ol\u00e9ique et linol\u00e9ique et poss\u00e8de des propri\u00e9t\u00e9s hydratantes et protectrices.<br \/>\nElle forme une barri\u00e8re protectrice sur la peau, emp\u00eachant la perte d&rsquo;humidit\u00e9 et prot\u00e9geant contre les facteurs externes nocifs. <\/li>\n<li>Gr\u00e2ce \u00e0 sa teneur en vitamines (A, E) et en min\u00e9raux, l&rsquo;huile d&rsquo;amande favorise la r\u00e9g\u00e9n\u00e9ration des cellules de la peau, am\u00e9liorant ainsi son \u00e9lasticit\u00e9 et sa fermet\u00e9.<br \/>\nElle contribue \u00e9galement \u00e0 apaiser les irritations et les inflammations, ce qui la rend id\u00e9ale pour les peaux sensibles et s\u00e8ches. <\/li>\n<li>L&rsquo;huile d&rsquo;amande douce a une texture l\u00e9g\u00e8re et est facilement absorb\u00e9e, sans laisser de film gras sur la peau.<br \/>\nC&rsquo;est une excellente huile de support, id\u00e9ale pour l&rsquo;aromath\u00e9rapie et comme base de dilution des huiles essentielles. <\/li>\n<\/ol>\n<h2>Application<\/h2>\n<ol>\n<li><strong>Produits cosm\u00e9tiques pour les soins de la peau<\/strong>: cr\u00e8mes, lotions, huiles de massage, masques pour le visage<\/li>\n<li><strong>Produits de soins capillaires<\/strong>: shampooings, apr\u00e8s-shampooings, masques<\/li>\n<li><strong>Pr\u00e9parations pharmaceutiques<\/strong>: ingr\u00e9dient de base des pommades et des cr\u00e8mes m\u00e9dicinales<\/li>\n<li><strong>Industrie alimentaire<\/strong>: ajout\u00e9 aux salades, vinaigrettes et autres plats<\/li>\n<\/ol>\n<hr>\n<h2>Teneur en acides gras<\/h2>\n<ul>\n<li><strong>Acide palmitique (C16) :<\/strong> 4 &#8211; 9% (r\u00e9sultat : 4,2%)<\/li>\n<li><strong>Acide ol\u00e9opalmitique (C16:1) :<\/strong> max.<br \/>\n0,8 % (r\u00e9sultat : 0,15 %) <\/li>\n<li><strong>Acide st\u00e9arique (C18) :<\/strong> max.<br \/>\n3% (compatible) <\/li>\n<li><strong>Acide ol\u00e9ique (C18:1) :<\/strong> 62 &#8211; 86% (r\u00e9sultat : 67.41%)<\/li>\n<li><strong>Acide linol\u00e9ique (C18:2) :<\/strong> 20 &#8211; 30% (r\u00e9sultat : 24,2%)<\/li>\n<li><strong>Acide linol\u00e9nique (C18:3) :<\/strong> max.<br \/>\n0,4% (r\u00e9sultat : 0,06%) <\/li>\n<li><strong>Acide \u00e9rucique (C22:1) :<\/strong> &lt;0,1 % (conforme)<\/li>\n<\/ul>\n<p>&nbsp;<\/p>\n","protected":false},"excerpt":{"rendered":"<p>L&rsquo;huile d&rsquo;amande douce raffin\u00e9e est une huile v\u00e9g\u00e9tale de haute qualit\u00e9 extraite des graines de l&rsquo;amandier commun<em>(Prunus amygdalus dulcis<\/em>).<br \/>\nElle contient des vitamines E et A ainsi que des acides gras essentiels, des prot\u00e9ines, du potassium et du zinc.<br \/>\nElle est utilis\u00e9e dans les industries cosm\u00e9tiques, pharmaceutiques et alimentaires.  <\/p>\n","protected":false},"featured_media":16233,"template":"","meta":{"_acf_changed":false},"product_brand":[],"product_cat":[1311,1296,1307],"product_tag":[],"class_list":{"0":"post-16230","1":"product","2":"type-product","3":"status-publish","4":"has-post-thumbnail","6":"product_cat-huiles-alimentaires-insaturees","7":"product_cat-huiles-alimentaires-et-cosmetiques","8":"product_cat-huiles-cosmetiques","9":"pa_grupa-substancji-emollients-fr","11":"first","12":"instock","13":"shipping-taxable","14":"product-type-simple"},"acf":[],"yoast_head":"<!-- This site is optimized with the Yoast SEO plugin v27.5 - https:\/\/yoast.com\/product\/yoast-seo-wordpress\/ -->\n<title>Huile d&#039;amande - NATURAL POLAND - Distributeur de mati\u00e8res premi\u00e8res en gros<\/title>\n<meta name=\"description\" content=\"L&#039;huile d&#039;amande douce raffin\u00e9e est obtenue \u00e0 partir des graines de l&#039;amandier commun utilis\u00e9 dans l&#039;industrie cosm\u00e9tique et alimentaire.\" \/>\n<meta name=\"robots\" content=\"index, follow, max-snippet:-1, max-image-preview:large, max-video-preview:-1\" \/>\n<link rel=\"canonical\" href=\"https:\/\/naturalpoland.com\/fr\/produkty\/produits-pour-lindustrie-alimentaire\/huiles-alimentaires-insaturees\/huile-damande\/\" \/>\n<meta property=\"og:locale\" content=\"fr_FR\" \/>\n<meta property=\"og:type\" content=\"article\" \/>\n<meta property=\"og:title\" content=\"Huile d&#039;amande - NATURAL POLAND - Distributeur de mati\u00e8res premi\u00e8res en gros\" \/>\n<meta property=\"og:description\" content=\"L&#039;huile d&#039;amande douce raffin\u00e9e est obtenue \u00e0 partir des graines de l&#039;amandier commun utilis\u00e9 dans l&#039;industrie cosm\u00e9tique et alimentaire.\" \/>\n<meta property=\"og:url\" content=\"https:\/\/naturalpoland.com\/fr\/produkty\/produits-pour-lindustrie-alimentaire\/huiles-alimentaires-insaturees\/huile-damande\/\" \/>\n<meta property=\"og:site_name\" content=\"NATURAL POLAND - Distributeur de mati\u00e8res premi\u00e8res en gros\" \/>\n<meta property=\"article:publisher\" content=\"https:\/\/www.facebook.com\/naturalpoland.b2b\" \/>\n<meta property=\"article:modified_time\" content=\"2024-10-07T10:11:14+00:00\" \/>\n<meta property=\"og:image\" content=\"https:\/\/naturalpoland.com\/wp-content\/uploads\/olej-migdalowy-natural-poland.jpg\" \/>\n\t<meta property=\"og:image:width\" content=\"650\" \/>\n\t<meta property=\"og:image:height\" content=\"650\" \/>\n\t<meta property=\"og:image:type\" content=\"image\/jpeg\" \/>\n<script type=\"application\/ld+json\" class=\"yoast-schema-graph\">{\"@context\":\"https:\\\/\\\/schema.org\",\"@graph\":[{\"@type\":\"WebPage\",\"@id\":\"https:\\\/\\\/naturalpoland.com\\\/fr\\\/produkty\\\/produits-pour-lindustrie-alimentaire\\\/huiles-alimentaires-insaturees\\\/huile-damande\\\/\",\"url\":\"https:\\\/\\\/naturalpoland.com\\\/fr\\\/produkty\\\/produits-pour-lindustrie-alimentaire\\\/huiles-alimentaires-insaturees\\\/huile-damande\\\/\",\"name\":\"Huile d'amande - NATURAL POLAND - Distributeur de mati\u00e8res premi\u00e8res en gros\",\"isPartOf\":{\"@id\":\"https:\\\/\\\/naturalpoland.com\\\/fr\\\/#website\"},\"primaryImageOfPage\":{\"@id\":\"https:\\\/\\\/naturalpoland.com\\\/fr\\\/produkty\\\/produits-pour-lindustrie-alimentaire\\\/huiles-alimentaires-insaturees\\\/huile-damande\\\/#primaryimage\"},\"image\":{\"@id\":\"https:\\\/\\\/naturalpoland.com\\\/fr\\\/produkty\\\/produits-pour-lindustrie-alimentaire\\\/huiles-alimentaires-insaturees\\\/huile-damande\\\/#primaryimage\"},\"thumbnailUrl\":\"https:\\\/\\\/naturalpoland.com\\\/wp-content\\\/uploads\\\/olej-migdalowy-natural-poland.jpg\",\"datePublished\":\"2021-12-21T12:01:20+00:00\",\"dateModified\":\"2024-10-07T10:11:14+00:00\",\"description\":\"L'huile d'amande douce raffin\u00e9e est obtenue \u00e0 partir des graines de l'amandier commun utilis\u00e9 dans l'industrie cosm\u00e9tique et alimentaire.\",\"breadcrumb\":{\"@id\":\"https:\\\/\\\/naturalpoland.com\\\/fr\\\/produkty\\\/produits-pour-lindustrie-alimentaire\\\/huiles-alimentaires-insaturees\\\/huile-damande\\\/#breadcrumb\"},\"inLanguage\":\"fr-FR\",\"potentialAction\":[{\"@type\":\"ReadAction\",\"target\":[\"https:\\\/\\\/naturalpoland.com\\\/fr\\\/produkty\\\/produits-pour-lindustrie-alimentaire\\\/huiles-alimentaires-insaturees\\\/huile-damande\\\/\"]}]},{\"@type\":\"ImageObject\",\"inLanguage\":\"fr-FR\",\"@id\":\"https:\\\/\\\/naturalpoland.com\\\/fr\\\/produkty\\\/produits-pour-lindustrie-alimentaire\\\/huiles-alimentaires-insaturees\\\/huile-damande\\\/#primaryimage\",\"url\":\"https:\\\/\\\/naturalpoland.com\\\/wp-content\\\/uploads\\\/olej-migdalowy-natural-poland.jpg\",\"contentUrl\":\"https:\\\/\\\/naturalpoland.com\\\/wp-content\\\/uploads\\\/olej-migdalowy-natural-poland.jpg\",\"width\":650,\"height\":650},{\"@type\":\"BreadcrumbList\",\"@id\":\"https:\\\/\\\/naturalpoland.com\\\/fr\\\/produkty\\\/produits-pour-lindustrie-alimentaire\\\/huiles-alimentaires-insaturees\\\/huile-damande\\\/#breadcrumb\",\"itemListElement\":[{\"@type\":\"ListItem\",\"position\":1,\"name\":\"Accueil\",\"item\":\"https:\\\/\\\/naturalpoland.com\\\/fr\\\/\"},{\"@type\":\"ListItem\",\"position\":2,\"name\":\"Produits\",\"item\":\"https:\\\/\\\/naturalpoland.com\\\/fr\\\/produits\\\/\"},{\"@type\":\"ListItem\",\"position\":3,\"name\":\"Huile d&rsquo;amande\"}]},{\"@type\":\"WebSite\",\"@id\":\"https:\\\/\\\/naturalpoland.com\\\/fr\\\/#website\",\"url\":\"https:\\\/\\\/naturalpoland.com\\\/fr\\\/\",\"name\":\"NATURAL POLAND - Distributeur de mati\u00e8res premi\u00e8res en gros\",\"description\":\"Surowce dla przemys\u0142u spo\u017cywczego, kosmetycznego i farmaceutycznego\",\"publisher\":{\"@id\":\"https:\\\/\\\/naturalpoland.com\\\/fr\\\/#organization\"},\"potentialAction\":[{\"@type\":\"SearchAction\",\"target\":{\"@type\":\"EntryPoint\",\"urlTemplate\":\"https:\\\/\\\/naturalpoland.com\\\/fr\\\/?s={search_term_string}\"},\"query-input\":{\"@type\":\"PropertyValueSpecification\",\"valueRequired\":true,\"valueName\":\"search_term_string\"}}],\"inLanguage\":\"fr-FR\"},{\"@type\":\"Organization\",\"@id\":\"https:\\\/\\\/naturalpoland.com\\\/fr\\\/#organization\",\"name\":\"Natural Poland\",\"url\":\"https:\\\/\\\/naturalpoland.com\\\/fr\\\/\",\"logo\":{\"@type\":\"ImageObject\",\"inLanguage\":\"fr-FR\",\"@id\":\"https:\\\/\\\/naturalpoland.com\\\/fr\\\/#\\\/schema\\\/logo\\\/image\\\/\",\"url\":\"https:\\\/\\\/naturalpoland.com\\\/wp-content\\\/uploads\\\/2021\\\/05\\\/natural-poland-icon.png\",\"contentUrl\":\"https:\\\/\\\/naturalpoland.com\\\/wp-content\\\/uploads\\\/2021\\\/05\\\/natural-poland-icon.png\",\"width\":512,\"height\":512,\"caption\":\"Natural Poland\"},\"image\":{\"@id\":\"https:\\\/\\\/naturalpoland.com\\\/fr\\\/#\\\/schema\\\/logo\\\/image\\\/\"},\"sameAs\":[\"https:\\\/\\\/www.facebook.com\\\/naturalpoland.b2b\",\"https:\\\/\\\/pl.linkedin.com\\\/company\\\/natural-poland\",\"https:\\\/\\\/www.youtube.com\\\/channel\\\/UCgeGGkvOMahZo-xu_MSEWxg\"]}]}<\/script>\n<!-- \/ Yoast SEO plugin. -->","yoast_head_json":{"title":"Huile d'amande - NATURAL POLAND - Distributeur de mati\u00e8res premi\u00e8res en gros","description":"L'huile d'amande douce raffin\u00e9e est obtenue \u00e0 partir des graines de l'amandier commun utilis\u00e9 dans l'industrie cosm\u00e9tique et alimentaire.","robots":{"index":"index","follow":"follow","max-snippet":"max-snippet:-1","max-image-preview":"max-image-preview:large","max-video-preview":"max-video-preview:-1"},"canonical":"https:\/\/naturalpoland.com\/fr\/produkty\/produits-pour-lindustrie-alimentaire\/huiles-alimentaires-insaturees\/huile-damande\/","og_locale":"fr_FR","og_type":"article","og_title":"Huile d'amande - NATURAL POLAND - Distributeur de mati\u00e8res premi\u00e8res en gros","og_description":"L'huile d'amande douce raffin\u00e9e est obtenue \u00e0 partir des graines de l'amandier commun utilis\u00e9 dans l'industrie cosm\u00e9tique et alimentaire.","og_url":"https:\/\/naturalpoland.com\/fr\/produkty\/produits-pour-lindustrie-alimentaire\/huiles-alimentaires-insaturees\/huile-damande\/","og_site_name":"NATURAL POLAND - Distributeur de mati\u00e8res premi\u00e8res en gros","article_publisher":"https:\/\/www.facebook.com\/naturalpoland.b2b","article_modified_time":"2024-10-07T10:11:14+00:00","og_image":[{"width":650,"height":650,"url":"https:\/\/naturalpoland.com\/wp-content\/uploads\/olej-migdalowy-natural-poland.jpg","type":"image\/jpeg"}],"schema":{"@context":"https:\/\/schema.org","@graph":[{"@type":"WebPage","@id":"https:\/\/naturalpoland.com\/fr\/produkty\/produits-pour-lindustrie-alimentaire\/huiles-alimentaires-insaturees\/huile-damande\/","url":"https:\/\/naturalpoland.com\/fr\/produkty\/produits-pour-lindustrie-alimentaire\/huiles-alimentaires-insaturees\/huile-damande\/","name":"Huile d'amande - NATURAL POLAND - Distributeur de mati\u00e8res premi\u00e8res en gros","isPartOf":{"@id":"https:\/\/naturalpoland.com\/fr\/#website"},"primaryImageOfPage":{"@id":"https:\/\/naturalpoland.com\/fr\/produkty\/produits-pour-lindustrie-alimentaire\/huiles-alimentaires-insaturees\/huile-damande\/#primaryimage"},"image":{"@id":"https:\/\/naturalpoland.com\/fr\/produkty\/produits-pour-lindustrie-alimentaire\/huiles-alimentaires-insaturees\/huile-damande\/#primaryimage"},"thumbnailUrl":"https:\/\/naturalpoland.com\/wp-content\/uploads\/olej-migdalowy-natural-poland.jpg","datePublished":"2021-12-21T12:01:20+00:00","dateModified":"2024-10-07T10:11:14+00:00","description":"L'huile d'amande douce raffin\u00e9e est obtenue \u00e0 partir des graines de l'amandier commun utilis\u00e9 dans l'industrie cosm\u00e9tique et alimentaire.","breadcrumb":{"@id":"https:\/\/naturalpoland.com\/fr\/produkty\/produits-pour-lindustrie-alimentaire\/huiles-alimentaires-insaturees\/huile-damande\/#breadcrumb"},"inLanguage":"fr-FR","potentialAction":[{"@type":"ReadAction","target":["https:\/\/naturalpoland.com\/fr\/produkty\/produits-pour-lindustrie-alimentaire\/huiles-alimentaires-insaturees\/huile-damande\/"]}]},{"@type":"ImageObject","inLanguage":"fr-FR","@id":"https:\/\/naturalpoland.com\/fr\/produkty\/produits-pour-lindustrie-alimentaire\/huiles-alimentaires-insaturees\/huile-damande\/#primaryimage","url":"https:\/\/naturalpoland.com\/wp-content\/uploads\/olej-migdalowy-natural-poland.jpg","contentUrl":"https:\/\/naturalpoland.com\/wp-content\/uploads\/olej-migdalowy-natural-poland.jpg","width":650,"height":650},{"@type":"BreadcrumbList","@id":"https:\/\/naturalpoland.com\/fr\/produkty\/produits-pour-lindustrie-alimentaire\/huiles-alimentaires-insaturees\/huile-damande\/#breadcrumb","itemListElement":[{"@type":"ListItem","position":1,"name":"Accueil","item":"https:\/\/naturalpoland.com\/fr\/"},{"@type":"ListItem","position":2,"name":"Produits","item":"https:\/\/naturalpoland.com\/fr\/produits\/"},{"@type":"ListItem","position":3,"name":"Huile d&rsquo;amande"}]},{"@type":"WebSite","@id":"https:\/\/naturalpoland.com\/fr\/#website","url":"https:\/\/naturalpoland.com\/fr\/","name":"NATURAL POLAND - Distributeur de mati\u00e8res premi\u00e8res en gros","description":"Surowce dla przemys\u0142u spo\u017cywczego, kosmetycznego i farmaceutycznego","publisher":{"@id":"https:\/\/naturalpoland.com\/fr\/#organization"},"potentialAction":[{"@type":"SearchAction","target":{"@type":"EntryPoint","urlTemplate":"https:\/\/naturalpoland.com\/fr\/?s={search_term_string}"},"query-input":{"@type":"PropertyValueSpecification","valueRequired":true,"valueName":"search_term_string"}}],"inLanguage":"fr-FR"},{"@type":"Organization","@id":"https:\/\/naturalpoland.com\/fr\/#organization","name":"Natural Poland","url":"https:\/\/naturalpoland.com\/fr\/","logo":{"@type":"ImageObject","inLanguage":"fr-FR","@id":"https:\/\/naturalpoland.com\/fr\/#\/schema\/logo\/image\/","url":"https:\/\/naturalpoland.com\/wp-content\/uploads\/2021\/05\/natural-poland-icon.png","contentUrl":"https:\/\/naturalpoland.com\/wp-content\/uploads\/2021\/05\/natural-poland-icon.png","width":512,"height":512,"caption":"Natural Poland"},"image":{"@id":"https:\/\/naturalpoland.com\/fr\/#\/schema\/logo\/image\/"},"sameAs":["https:\/\/www.facebook.com\/naturalpoland.b2b","https:\/\/pl.linkedin.com\/company\/natural-poland","https:\/\/www.youtube.com\/channel\/UCgeGGkvOMahZo-xu_MSEWxg"]}]}},"_links":{"self":[{"href":"https:\/\/naturalpoland.com\/fr\/wp-json\/wp\/v2\/product\/16230","targetHints":{"allow":["GET"]}}],"collection":[{"href":"https:\/\/naturalpoland.com\/fr\/wp-json\/wp\/v2\/product"}],"about":[{"href":"https:\/\/naturalpoland.com\/fr\/wp-json\/wp\/v2\/types\/product"}],"wp:featuredmedia":[{"embeddable":true,"href":"https:\/\/naturalpoland.com\/fr\/wp-json\/wp\/v2\/media\/16233"}],"wp:attachment":[{"href":"https:\/\/naturalpoland.com\/fr\/wp-json\/wp\/v2\/media?parent=16230"}],"wp:term":[{"taxonomy":"product_brand","embeddable":true,"href":"https:\/\/naturalpoland.com\/fr\/wp-json\/wp\/v2\/product_brand?post=16230"},{"taxonomy":"product_cat","embeddable":true,"href":"https:\/\/naturalpoland.com\/fr\/wp-json\/wp\/v2\/product_cat?post=16230"},{"taxonomy":"product_tag","embeddable":true,"href":"https:\/\/naturalpoland.com\/fr\/wp-json\/wp\/v2\/product_tag?post=16230"}],"curies":[{"name":"wp","href":"https:\/\/api.w.org\/{rel}","templated":true}]}}