{"id":16270,"date":"2021-05-11T13:49:22","date_gmt":"2021-12-21T12:01:43","guid":{"rendered":"https:\/\/naturalpoland.pl\/produkty\/non%20class\u00e9\/huile-davocat\/"},"modified":"2024-04-29T13:16:26","modified_gmt":"2024-04-29T11:16:26","slug":"huile-davocat","status":"publish","type":"product","link":"https:\/\/naturalpoland.com\/fr\/produkty\/huiles-alimentaires-et-cosmetiques\/huile-davocat\/","title":{"rendered":"Huile d&rsquo;avocat"},"content":{"rendered":"<p>L&rsquo;huile d&rsquo;avocat est obtenue \u00e0 partir de la chair de ces fruits.<br \/>\nElle est press\u00e9e de mani\u00e8re \u00e0 ce que l&rsquo;huile contienne le plus grand nombre possible d&rsquo;ingr\u00e9dients b\u00e9n\u00e9fiques.<br \/>\nL&rsquo;huile est riche en graisses insatur\u00e9es.<br \/>\nLa plus grande partie de ces graisses est l&rsquo;acide ol\u00e9ique, qui est utilis\u00e9 pour traiter les maladies cardiovasculaires.<br \/>\nLa teneur \u00e9lev\u00e9e en bonnes graisses am\u00e9liore \u00e9galement l&rsquo;\u00e9tat de la peau et des cheveux, en augmentant leur niveau d&rsquo;hydratation et en am\u00e9liorant leur apparence.<\/p>\n<h1>Huile d&rsquo;avocat &#8211; propri\u00e9t\u00e9s et utilisations en cosm\u00e9tique<\/h1>\n<p>L&rsquo;avocat est consid\u00e9r\u00e9 comme l&rsquo;un des fruits les plus sains au monde.<br \/>\nCependant, ses propri\u00e9t\u00e9s uniques peuvent \u00eatre appr\u00e9ci\u00e9es non seulement en consommant le fruit lui-m\u00eame.<br \/>\nL&rsquo;huile d&rsquo;avocat est utilis\u00e9e en cuisine, en m\u00e9decine naturelle et en cosm\u00e9tique.<\/p>\n<h2>Huile d&rsquo;avocat &#8211; composition chimique<\/h2>\n<p>Contrairement \u00e0 la plupart des huiles v\u00e9g\u00e9tales, l&rsquo;huile d&rsquo;avocat est extraite non pas de la graine mais de la chair du fruit.<br \/>\nElle peut \u00eatre obtenue soit par pression \u00e0 froid (ce qui pr\u00e9serve la plupart de ses propri\u00e9t\u00e9s b\u00e9n\u00e9fiques pour la sant\u00e9), soit par raffinage \u00e0 haute temp\u00e9rature, \u00e0 l&rsquo;aide d&rsquo;enzymes ou de solvants organiques.<br \/>\nL&rsquo;huile d&rsquo;avocat est compos\u00e9e de nombreuses <strong><a href=\"\/fr\/cat\u00e9gorie\/produits-pour-les-industries-pharmaceutiques-et-medicales\/vitamines\/\">vitamines\u00a0<\/a><\/strong>&#8211; vitamine A, groupe B (B1, B2, B3, B5, B6, B7), D, E, K et des sels min\u00e9raux actifs sur le plan nutritionnel.<\/p>\n<p>Comme toute huile, elle contient \u00e9galement des acides gras pr\u00e9cieux.<br \/>\nIl s&rsquo;agit notamment d&rsquo;acides satur\u00e9s (acide palmitique, acide st\u00e9arique), ainsi que d&rsquo;acides om\u00e9ga-3, om\u00e9ga-6 et om\u00e9ga-9, dont les acides ol\u00e9ique, linol\u00e9ique et linol\u00e9nique.<br \/>\nL&rsquo;huile d&rsquo;avocat contient \u00e9galement de la l\u00e9cithine, des phytost\u00e9rols, des prot\u00e9ines et du <strong><a href=\"https:\/\/naturalpoland.com\/fr\/produkty\/produits-pour-lindustrie-cosmetique\/matieres-premieres-cosmetiques\/squalane-olive\/\">squalane<\/a><br \/>\n<\/strong>.<\/p>\n<h3>Teneur en acides gras<\/h3>\n<table>\n<tbody>\n<tr>\n<th>NOM D&rsquo;ACIDE<\/th>\n<th>C-CHAIN<\/th>\n<th>PLAGE (%)<\/th>\n<\/tr>\n<tr>\n<td>PALMITIC<\/td>\n<td>C16:0<\/td>\n<td>5.0 &#8211; 25.0<\/td>\n<\/tr>\n<tr>\n<td>PALMITOLEIC<\/td>\n<td>C16\u00a0:\u00a01<\/td>\n<td>1.0 &#8211; 12.0<\/td>\n<\/tr>\n<tr>\n<td>STEARIC<\/td>\n<td>C18:0<\/td>\n<td>\u22643.0<\/td>\n<\/tr>\n<tr>\n<td>OLEIC<\/td>\n<td>C18:1<\/td>\n<td>50.0 &#8211; 74.0<\/td>\n<\/tr>\n<tr>\n<td>LINOLEIC<\/td>\n<td>C18:2<\/td>\n<td>6.0 &#8211; 20.0<\/td>\n<\/tr>\n<tr>\n<td>LINOLENIC<\/td>\n<td>C18:3<\/td>\n<td>&lt; 3.0<\/td>\n<\/tr>\n<\/tbody>\n<\/table>\n<h2>Propri\u00e9t\u00e9s cosm\u00e9tiques de l&rsquo;huile d&rsquo;avocat<\/h2>\n<p>L&rsquo;abondance des ingr\u00e9dients biologiquement actifs fait que l&rsquo;huile d&rsquo;avocat n&rsquo;est pas seulement utilis\u00e9e dans l&rsquo;industrie alimentaire.<br \/>\nSi ses propri\u00e9t\u00e9s hypocholest\u00e9rol\u00e9miantes et ses effets b\u00e9n\u00e9fiques sur le syst\u00e8me cardiovasculaire sont surtout appr\u00e9ci\u00e9s en cuisine, l&rsquo;huile d&rsquo;avocat jouit \u00e9galement d&rsquo;une popularit\u00e9 croissante en cosm\u00e9tique.<\/p>\n<p>Gr\u00e2ce \u00e0 sa teneur en acides gras, l&rsquo;<strong>huile d&rsquo;avocat renforce la barri\u00e8re protectrice naturelle de la peau,<\/strong> am\u00e9liore son \u00e9lasticit\u00e9, apaise les irritations et favorise la r\u00e9g\u00e9n\u00e9ration de l&rsquo;\u00e9piderme. D&rsquo;autres compos\u00e9s pr\u00e9sents, dont le squalane, les tocoph\u00e9rols, puissants antioxydants, ou le b\u00eata-sitost\u00e9rol, prolongent les effets cosm\u00e9tiques de l&rsquo;huile d&rsquo;avocat. Elle pr\u00e9sente notamment des propri\u00e9t\u00e9s antibact\u00e9riennes et antifongiques, stimule la production de collag\u00e8ne, adoucit et hydrate la peau et a un effet protecteur contre les rayons UV nocifs.<\/p>\n<h2>Utilisation de l&rsquo;huile d&rsquo;avocat dans les cosm\u00e9tiques<\/h2>\n<p>Gr\u00e2ce \u00e0 son action multidirectionnelle et \u00e0 sa richesse en principes actifs, l&rsquo;huile d&rsquo;avocat est largement utilis\u00e9e en cosm\u00e9tique.<\/p>\n<h3>Huile d&rsquo;avocat pour le visage<\/h3>\n<p>Les cosm\u00e9tiques contenant de l&rsquo;huile d&rsquo;avocat sont particuli\u00e8rement recommand\u00e9s pour les soins du visage, y compris pour les peaux matures, acn\u00e9iques, s\u00e8ches et irrit\u00e9es.<br \/>\nNon seulement elle hydrate la peau et apaise les irritations, mais gr\u00e2ce \u00e0 sa teneur \u00e9lev\u00e9e en antioxydants, elle pr\u00e9sente \u00e9galement des propri\u00e9t\u00e9s anti-\u00e2ge.<br \/>\nEn outre, les propri\u00e9t\u00e9s antimicrobiennes et anti-inflammatoires de l&rsquo;huile d&rsquo;avocat en font une aide efficace pour le traitement de l&rsquo;acn\u00e9 et des affections cutan\u00e9es telles que l&rsquo;ecz\u00e9ma, le psoriasis et la dermatite atopique.<\/p>\n<h3>L&rsquo;huile d&rsquo;avocat dans les soins corporels<\/h3>\n<p>Les produits contenant de l&rsquo;huile d&rsquo;avocat peuvent \u00e9galement \u00eatre utilis\u00e9s avec succ\u00e8s dans les soins quotidiens du corps entier.<br \/>\nOutre ses propri\u00e9t\u00e9s hydratantes et de renforcement de la barri\u00e8re cutan\u00e9e, ses propri\u00e9t\u00e9s nettoyantes sont \u00e9galement appr\u00e9ci\u00e9es &#8211; elle peut \u00eatre utilis\u00e9e non seulement comme ingr\u00e9dient dans les cr\u00e8mes et beurres pour le corps, mais aussi dans les gels douche.<br \/>\nEn tant qu&rsquo;ingr\u00e9dient doux et rarement allerg\u00e8ne, il peut \u00eatre utilis\u00e9 en toute s\u00e9curit\u00e9 dans les soins pour peaux sensibles ainsi que par les femmes enceintes.<br \/>\nIl est int\u00e9ressant de noter que des rapports cliniques r\u00e9cents indiquent \u00e9galement que la fraction insaponifiable de l&rsquo;huile d&rsquo;avocat peut att\u00e9nuer les sympt\u00f4mes de l&rsquo;arthrose.<\/p>\n<h3>Huile d&rsquo;avocat pour les cheveux<\/h3>\n<p>Cependant, l&rsquo;huile d&rsquo;avocat dans les cosm\u00e9tiques n&rsquo;est pas seulement destin\u00e9e aux produits de soins de la peau, mais aussi aux cheveux.<br \/>\nElle peut \u00eatre incluse dans les shampooings, les apr\u00e8s-shampooings et les masques capillaires.<br \/>\nOutre ses propri\u00e9t\u00e9s protectrices et hydratantes, l&rsquo;huile d&rsquo;avocat a \u00e9galement des effets antipelliculaires, donne de la brillance aux cheveux et nourrit le cuir chevelu, et sa texture l\u00e9g\u00e8re n&rsquo;alourdit pas les cheveux.<\/p>\n<hr \/>\n<p><small><br \/>\n<strong>Litt\u00e9rature<\/strong><\/small><\/p>\n<ol>\n<li>Schafer N, Sobczyk M, Burczyk D et al.<br \/>\nPotential use of vegetable oils in acne skin care. <em>Aesthetic Cosmetology and Medicine<\/em> (2022), 2(11) : 49-55.<\/li>\n<li>Walewska E. Efficacit\u00e9 de l&rsquo;utilisation des fractions insaponifiables des huiles d&rsquo;avocat et de soja dans l&rsquo;arthrose. <em>Medicine Facts <\/em>(2021), 2(51) : 188-192.<\/li>\n<li>Mo\u017cd\u017ce\u0144 K, Barabasz-Krasny B, Szymacha K et al.<br \/>\nPlants used in cosmetic masks (Plantes utilis\u00e9es dans les masques cosm\u00e9tiques). <em>Pol J Cosmetol<\/em>(2016), 19(4) : 372-379.<\/li>\n<li>https:\/\/informatormasarski.pl\/maszyny-i-technologie\/moda-a-moze-koniecznosc-wykorzystanie-odpadow-w-przemysle-miesnym\/<\/li>\n<\/ol>\n<p>&nbsp;<\/p>\n<hr \/>\n<p>&nbsp;<\/p>\n","protected":false},"excerpt":{"rendered":"<p>L&rsquo;huile d&rsquo;avocat est de plus en plus populaire.<br \/>\nElle est utilis\u00e9e comme huile alimentaire pour la consommation brute et pour la friture.<br \/>\nElle est \u00e9galement un ingr\u00e9dient tr\u00e8s important dans les produits cosm\u00e9tiques, y compris ceux destin\u00e9s aux plus jeunes et aux peaux particuli\u00e8rement exigeantes.<\/p>\n","protected":false},"featured_media":16273,"template":"","meta":[],"product_brand":[],"product_cat":[1296],"product_tag":[],"class_list":{"0":"post-16270","1":"product","2":"type-product","3":"status-publish","4":"has-post-thumbnail","6":"product_cat-huiles-alimentaires-et-cosmetiques","7":"pa_grupa-substancji-emollients-fr","8":"pa_metoda-pozyskiwania-pressage-a-froid","10":"first","11":"instock","12":"shipping-taxable","13":"product-type-simple"},"yoast_head":"<!-- This site is optimized with the Yoast SEO plugin v27.3 - https:\/\/yoast.com\/product\/yoast-seo-wordpress\/ -->\n<title>Huile d&#039;avocat - Distributeur en gros<\/title>\n<meta name=\"robots\" content=\"index, follow, max-snippet:-1, max-image-preview:large, max-video-preview:-1\" \/>\n<link rel=\"canonical\" href=\"https:\/\/naturalpoland.com\/fr\/produkty\/huiles-alimentaires-et-cosmetiques\/huile-davocat\/\" \/>\n<meta property=\"og:locale\" content=\"fr_FR\" \/>\n<meta property=\"og:type\" content=\"article\" \/>\n<meta property=\"og:title\" content=\"Huile d&#039;avocat - Distributeur en gros\" \/>\n<meta property=\"og:description\" content=\"L&#039;huile d&#039;avocat est de plus en plus populaire. Elle est utilis\u00e9e comme huile alimentaire pour la consommation brute et pour la friture. Elle est \u00e9galement un ingr\u00e9dient tr\u00e8s important dans les produits cosm\u00e9tiques, y compris ceux destin\u00e9s aux plus jeunes et aux peaux particuli\u00e8rement exigeantes.\" \/>\n<meta property=\"og:url\" content=\"https:\/\/naturalpoland.com\/fr\/produkty\/huiles-alimentaires-et-cosmetiques\/huile-davocat\/\" \/>\n<meta property=\"og:site_name\" content=\"NATURAL POLAND - Distributeur de mati\u00e8res premi\u00e8res en gros\" \/>\n<meta property=\"article:publisher\" content=\"https:\/\/www.facebook.com\/naturalpoland.b2b\" \/>\n<meta property=\"article:modified_time\" content=\"2024-04-29T11:16:26+00:00\" \/>\n<meta property=\"og:image\" content=\"https:\/\/naturalpoland.com\/wp-content\/uploads\/2021\/05\/avocado-oil.jpg\" \/>\n\t<meta property=\"og:image:width\" content=\"2533\" \/>\n\t<meta property=\"og:image:height\" content=\"1980\" \/>\n\t<meta property=\"og:image:type\" content=\"image\/jpeg\" \/>\n<script type=\"application\/ld+json\" class=\"yoast-schema-graph\">{\"@context\":\"https:\\\/\\\/schema.org\",\"@graph\":[{\"@type\":\"WebPage\",\"@id\":\"https:\\\/\\\/naturalpoland.com\\\/fr\\\/produkty\\\/huiles-alimentaires-et-cosmetiques\\\/huile-davocat\\\/\",\"url\":\"https:\\\/\\\/naturalpoland.com\\\/fr\\\/produkty\\\/huiles-alimentaires-et-cosmetiques\\\/huile-davocat\\\/\",\"name\":\"Huile d'avocat - Distributeur en gros\",\"isPartOf\":{\"@id\":\"https:\\\/\\\/naturalpoland.com\\\/fr\\\/#website\"},\"primaryImageOfPage\":{\"@id\":\"https:\\\/\\\/naturalpoland.com\\\/fr\\\/produkty\\\/huiles-alimentaires-et-cosmetiques\\\/huile-davocat\\\/#primaryimage\"},\"image\":{\"@id\":\"https:\\\/\\\/naturalpoland.com\\\/fr\\\/produkty\\\/huiles-alimentaires-et-cosmetiques\\\/huile-davocat\\\/#primaryimage\"},\"thumbnailUrl\":\"https:\\\/\\\/naturalpoland.com\\\/wp-content\\\/uploads\\\/2021\\\/05\\\/avocado-oil.jpg\",\"datePublished\":\"2021-12-21T12:01:43+00:00\",\"dateModified\":\"2024-04-29T11:16:26+00:00\",\"breadcrumb\":{\"@id\":\"https:\\\/\\\/naturalpoland.com\\\/fr\\\/produkty\\\/huiles-alimentaires-et-cosmetiques\\\/huile-davocat\\\/#breadcrumb\"},\"inLanguage\":\"fr-FR\",\"potentialAction\":[{\"@type\":\"ReadAction\",\"target\":[\"https:\\\/\\\/naturalpoland.com\\\/fr\\\/produkty\\\/huiles-alimentaires-et-cosmetiques\\\/huile-davocat\\\/\"]}]},{\"@type\":\"ImageObject\",\"inLanguage\":\"fr-FR\",\"@id\":\"https:\\\/\\\/naturalpoland.com\\\/fr\\\/produkty\\\/huiles-alimentaires-et-cosmetiques\\\/huile-davocat\\\/#primaryimage\",\"url\":\"https:\\\/\\\/naturalpoland.com\\\/wp-content\\\/uploads\\\/2021\\\/05\\\/avocado-oil.jpg\",\"contentUrl\":\"https:\\\/\\\/naturalpoland.com\\\/wp-content\\\/uploads\\\/2021\\\/05\\\/avocado-oil.jpg\",\"width\":2533,\"height\":1980},{\"@type\":\"BreadcrumbList\",\"@id\":\"https:\\\/\\\/naturalpoland.com\\\/fr\\\/produkty\\\/huiles-alimentaires-et-cosmetiques\\\/huile-davocat\\\/#breadcrumb\",\"itemListElement\":[{\"@type\":\"ListItem\",\"position\":1,\"name\":\"Accueil\",\"item\":\"https:\\\/\\\/naturalpoland.com\\\/fr\\\/\"},{\"@type\":\"ListItem\",\"position\":2,\"name\":\"Produits\",\"item\":\"https:\\\/\\\/naturalpoland.com\\\/fr\\\/produits\\\/\"},{\"@type\":\"ListItem\",\"position\":3,\"name\":\"Huile d&rsquo;avocat\"}]},{\"@type\":\"WebSite\",\"@id\":\"https:\\\/\\\/naturalpoland.com\\\/fr\\\/#website\",\"url\":\"https:\\\/\\\/naturalpoland.com\\\/fr\\\/\",\"name\":\"NATURAL POLAND - Distributeur de mati\u00e8res premi\u00e8res en gros\",\"description\":\"Surowce dla przemys\u0142u spo\u017cywczego, kosmetycznego i farmaceutycznego\",\"publisher\":{\"@id\":\"https:\\\/\\\/naturalpoland.com\\\/fr\\\/#organization\"},\"potentialAction\":[{\"@type\":\"SearchAction\",\"target\":{\"@type\":\"EntryPoint\",\"urlTemplate\":\"https:\\\/\\\/naturalpoland.com\\\/fr\\\/?s={search_term_string}\"},\"query-input\":{\"@type\":\"PropertyValueSpecification\",\"valueRequired\":true,\"valueName\":\"search_term_string\"}}],\"inLanguage\":\"fr-FR\"},{\"@type\":\"Organization\",\"@id\":\"https:\\\/\\\/naturalpoland.com\\\/fr\\\/#organization\",\"name\":\"Natural Poland\",\"url\":\"https:\\\/\\\/naturalpoland.com\\\/fr\\\/\",\"logo\":{\"@type\":\"ImageObject\",\"inLanguage\":\"fr-FR\",\"@id\":\"https:\\\/\\\/naturalpoland.com\\\/fr\\\/#\\\/schema\\\/logo\\\/image\\\/\",\"url\":\"https:\\\/\\\/naturalpoland.com\\\/wp-content\\\/uploads\\\/2021\\\/05\\\/natural-poland-icon.png\",\"contentUrl\":\"https:\\\/\\\/naturalpoland.com\\\/wp-content\\\/uploads\\\/2021\\\/05\\\/natural-poland-icon.png\",\"width\":512,\"height\":512,\"caption\":\"Natural Poland\"},\"image\":{\"@id\":\"https:\\\/\\\/naturalpoland.com\\\/fr\\\/#\\\/schema\\\/logo\\\/image\\\/\"},\"sameAs\":[\"https:\\\/\\\/www.facebook.com\\\/naturalpoland.b2b\",\"https:\\\/\\\/pl.linkedin.com\\\/company\\\/natural-poland\",\"https:\\\/\\\/www.youtube.com\\\/channel\\\/UCgeGGkvOMahZo-xu_MSEWxg\"]}]}<\/script>\n<!-- \/ Yoast SEO plugin. -->","yoast_head_json":{"title":"Huile d'avocat - Distributeur en gros","robots":{"index":"index","follow":"follow","max-snippet":"max-snippet:-1","max-image-preview":"max-image-preview:large","max-video-preview":"max-video-preview:-1"},"canonical":"https:\/\/naturalpoland.com\/fr\/produkty\/huiles-alimentaires-et-cosmetiques\/huile-davocat\/","og_locale":"fr_FR","og_type":"article","og_title":"Huile d'avocat - Distributeur en gros","og_description":"L'huile d'avocat est de plus en plus populaire. Elle est utilis\u00e9e comme huile alimentaire pour la consommation brute et pour la friture. Elle est \u00e9galement un ingr\u00e9dient tr\u00e8s important dans les produits cosm\u00e9tiques, y compris ceux destin\u00e9s aux plus jeunes et aux peaux particuli\u00e8rement exigeantes.","og_url":"https:\/\/naturalpoland.com\/fr\/produkty\/huiles-alimentaires-et-cosmetiques\/huile-davocat\/","og_site_name":"NATURAL POLAND - Distributeur de mati\u00e8res premi\u00e8res en gros","article_publisher":"https:\/\/www.facebook.com\/naturalpoland.b2b","article_modified_time":"2024-04-29T11:16:26+00:00","og_image":[{"width":2533,"height":1980,"url":"https:\/\/naturalpoland.com\/wp-content\/uploads\/2021\/05\/avocado-oil.jpg","type":"image\/jpeg"}],"schema":{"@context":"https:\/\/schema.org","@graph":[{"@type":"WebPage","@id":"https:\/\/naturalpoland.com\/fr\/produkty\/huiles-alimentaires-et-cosmetiques\/huile-davocat\/","url":"https:\/\/naturalpoland.com\/fr\/produkty\/huiles-alimentaires-et-cosmetiques\/huile-davocat\/","name":"Huile d'avocat - Distributeur en gros","isPartOf":{"@id":"https:\/\/naturalpoland.com\/fr\/#website"},"primaryImageOfPage":{"@id":"https:\/\/naturalpoland.com\/fr\/produkty\/huiles-alimentaires-et-cosmetiques\/huile-davocat\/#primaryimage"},"image":{"@id":"https:\/\/naturalpoland.com\/fr\/produkty\/huiles-alimentaires-et-cosmetiques\/huile-davocat\/#primaryimage"},"thumbnailUrl":"https:\/\/naturalpoland.com\/wp-content\/uploads\/2021\/05\/avocado-oil.jpg","datePublished":"2021-12-21T12:01:43+00:00","dateModified":"2024-04-29T11:16:26+00:00","breadcrumb":{"@id":"https:\/\/naturalpoland.com\/fr\/produkty\/huiles-alimentaires-et-cosmetiques\/huile-davocat\/#breadcrumb"},"inLanguage":"fr-FR","potentialAction":[{"@type":"ReadAction","target":["https:\/\/naturalpoland.com\/fr\/produkty\/huiles-alimentaires-et-cosmetiques\/huile-davocat\/"]}]},{"@type":"ImageObject","inLanguage":"fr-FR","@id":"https:\/\/naturalpoland.com\/fr\/produkty\/huiles-alimentaires-et-cosmetiques\/huile-davocat\/#primaryimage","url":"https:\/\/naturalpoland.com\/wp-content\/uploads\/2021\/05\/avocado-oil.jpg","contentUrl":"https:\/\/naturalpoland.com\/wp-content\/uploads\/2021\/05\/avocado-oil.jpg","width":2533,"height":1980},{"@type":"BreadcrumbList","@id":"https:\/\/naturalpoland.com\/fr\/produkty\/huiles-alimentaires-et-cosmetiques\/huile-davocat\/#breadcrumb","itemListElement":[{"@type":"ListItem","position":1,"name":"Accueil","item":"https:\/\/naturalpoland.com\/fr\/"},{"@type":"ListItem","position":2,"name":"Produits","item":"https:\/\/naturalpoland.com\/fr\/produits\/"},{"@type":"ListItem","position":3,"name":"Huile d&rsquo;avocat"}]},{"@type":"WebSite","@id":"https:\/\/naturalpoland.com\/fr\/#website","url":"https:\/\/naturalpoland.com\/fr\/","name":"NATURAL POLAND - Distributeur de mati\u00e8res premi\u00e8res en gros","description":"Surowce dla przemys\u0142u spo\u017cywczego, kosmetycznego i farmaceutycznego","publisher":{"@id":"https:\/\/naturalpoland.com\/fr\/#organization"},"potentialAction":[{"@type":"SearchAction","target":{"@type":"EntryPoint","urlTemplate":"https:\/\/naturalpoland.com\/fr\/?s={search_term_string}"},"query-input":{"@type":"PropertyValueSpecification","valueRequired":true,"valueName":"search_term_string"}}],"inLanguage":"fr-FR"},{"@type":"Organization","@id":"https:\/\/naturalpoland.com\/fr\/#organization","name":"Natural Poland","url":"https:\/\/naturalpoland.com\/fr\/","logo":{"@type":"ImageObject","inLanguage":"fr-FR","@id":"https:\/\/naturalpoland.com\/fr\/#\/schema\/logo\/image\/","url":"https:\/\/naturalpoland.com\/wp-content\/uploads\/2021\/05\/natural-poland-icon.png","contentUrl":"https:\/\/naturalpoland.com\/wp-content\/uploads\/2021\/05\/natural-poland-icon.png","width":512,"height":512,"caption":"Natural Poland"},"image":{"@id":"https:\/\/naturalpoland.com\/fr\/#\/schema\/logo\/image\/"},"sameAs":["https:\/\/www.facebook.com\/naturalpoland.b2b","https:\/\/pl.linkedin.com\/company\/natural-poland","https:\/\/www.youtube.com\/channel\/UCgeGGkvOMahZo-xu_MSEWxg"]}]}},"_links":{"self":[{"href":"https:\/\/naturalpoland.com\/fr\/wp-json\/wp\/v2\/product\/16270","targetHints":{"allow":["GET"]}}],"collection":[{"href":"https:\/\/naturalpoland.com\/fr\/wp-json\/wp\/v2\/product"}],"about":[{"href":"https:\/\/naturalpoland.com\/fr\/wp-json\/wp\/v2\/types\/product"}],"wp:featuredmedia":[{"embeddable":true,"href":"https:\/\/naturalpoland.com\/fr\/wp-json\/wp\/v2\/media\/16273"}],"wp:attachment":[{"href":"https:\/\/naturalpoland.com\/fr\/wp-json\/wp\/v2\/media?parent=16270"}],"wp:term":[{"taxonomy":"product_brand","embeddable":true,"href":"https:\/\/naturalpoland.com\/fr\/wp-json\/wp\/v2\/product_brand?post=16270"},{"taxonomy":"product_cat","embeddable":true,"href":"https:\/\/naturalpoland.com\/fr\/wp-json\/wp\/v2\/product_cat?post=16270"},{"taxonomy":"product_tag","embeddable":true,"href":"https:\/\/naturalpoland.com\/fr\/wp-json\/wp\/v2\/product_tag?post=16270"}],"curies":[{"name":"wp","href":"https:\/\/api.w.org\/{rel}","templated":true}]}}