{"id":16322,"date":"2021-05-11T13:50:10","date_gmt":"2021-05-11T11:50:10","guid":{"rendered":"https:\/\/naturalpoland.pl\/produkty\/non%20class\u00e9\/huile-de-graines-de-moutarde\/"},"modified":"2025-07-09T12:07:04","modified_gmt":"2025-07-09T10:07:04","slug":"huile-de-graines-de-moutarde","status":"publish","type":"product","link":"https:\/\/naturalpoland.com\/fr\/produkty\/produits-pour-lindustrie-alimentaire\/huiles-alimentaires-insaturees\/huile-de-graines-de-moutarde\/","title":{"rendered":"Huile de graines de moutarde"},"content":{"rendered":"<p>L&rsquo;huile de graines de moutarde est un produit pr\u00e9cieux largement utilis\u00e9 dans l&rsquo;industrie alimentaire et cosm\u00e9tique.<\/p>\n<h2>Propri\u00e9t\u00e9s nutritionnelles<\/h2>\n<p>L&rsquo;huile de moutarde se distingue des autres huiles v\u00e9g\u00e9tales par sa couleur jaune ou ambr\u00e9e et son ar\u00f4me distinct, l\u00e9g\u00e8rement piquant. Elle contient des concentrations \u00e9lev\u00e9es d&rsquo;acides gras om\u00e9ga-3 et om\u00e9ga-6, essentiels pour la sant\u00e9 cardiaque et le bon fonctionnement du syst\u00e8me circulatoire. La consommation r\u00e9guli\u00e8re d&rsquo;huile de graines de moutarde peut contribuer \u00e0 r\u00e9duire le taux de cholest\u00e9rol LDL (\u00ab mauvais cholest\u00e9rol \u00bb) et favoriser la circulation sanguine, ce qui est important dans la pr\u00e9vention des maladies cardiovasculaires.  <\/p>\n<h2>Utilisation en m\u00e9decine naturelle<\/h2>\n<p>Traditionnellement, l&rsquo;huile de moutarde \u00e9tait \u00e9galement utilis\u00e9e comme aide au traitement des infections, de la toux et des rhumes en raison de ses propri\u00e9t\u00e9s antibact\u00e9riennes et anti-inflammatoires. Son application externe peut soulager les inflammations respiratoires, offrant un effet apaisant et r\u00e9chauffant. <\/p>\n<h2>Usage cosm\u00e9tique<\/h2>\n<p>Dans l&rsquo;industrie cosm\u00e9tique, l&rsquo;huile de graines de moutarde est appr\u00e9ci\u00e9e pour ses propri\u00e9t\u00e9s hydratantes et r\u00e9g\u00e9n\u00e9rantes. Elle est riche en <a href=\"https:\/\/naturalpoland.com\/fr\/cat\u00e9gorie\/produits-pour-les-industries-pharmaceutiques-et-medicales\/vitamines\/\">vitamines<\/a> A et E, qui sont des antioxydants reconnus. Elle aide \u00e0 maintenir l&rsquo;\u00e9lasticit\u00e9 de la peau, \u00e0 r\u00e9duire les rides fines et \u00e0 am\u00e9liorer la texture g\u00e9n\u00e9rale de la peau. Cette huile est \u00e9galement utilis\u00e9e pour les soins capillaires, o\u00f9 son action est nourrissante et fortifiante.   <\/p>\n<p>L&rsquo;huile de moutarde est \u00e9galement recommand\u00e9e pour les talons secs et fissur\u00e9s ainsi que pour les ongles cassants, ce qui en fait un ingr\u00e9dient efficace pour les baumes, les cr\u00e8mes et autres produits de soin corporel. Cette huile peut \u00e9galement offrir une protection contre les effets nocifs des rayons UV. <\/p>\n<hr>\n<h2>Teneur en acides gras :<\/h2>\n<table>\n<thead>\n<tr>\n<th>Nom de l&rsquo;acide<\/th>\n<th>C-Chain<\/th>\n<th>Plage (%)<\/th>\n<th>R\u00e9sultat<\/th>\n<\/tr>\n<\/thead>\n<tbody>\n<tr>\n<td>PALMITIQUE<\/td>\n<td>C16:0<\/td>\n<td>1,0-5,0<\/td>\n<td>2,7<\/td>\n<\/tr>\n<tr>\n<td>ST\u00c9ARIQUE<\/td>\n<td>C18:0<\/td>\n<td>0,5-3,0<\/td>\n<td>0,9<\/td>\n<\/tr>\n<tr>\n<td>OL\u00c9IQUE<\/td>\n<td>C18:1<\/td>\n<td>17,0-26,0<\/td>\n<td>21,9<\/td>\n<\/tr>\n<tr>\n<td>LINOL\u00c9IQUE<\/td>\n<td>C18:2<\/td>\n<td>7,0-12,0<\/td>\n<td>19,8<\/td>\n<\/tr>\n<tr>\n<td>LINOL\u00c9NIQUE<\/td>\n<td>C18:3<\/td>\n<td>5,0-16,0<\/td>\n<td>8,1<\/td>\n<\/tr>\n<tr>\n<td>EICOS\u00c9NO\u00cfQUE<\/td>\n<td>C20:1<\/td>\n<td>5,0-16,0<\/td>\n<td>13,2<\/td>\n<\/tr>\n<tr>\n<td>\u00c9RUCIQUE (22:1n9)<\/td>\n<td>C22:1n9<\/td>\n<td>34,0-49,0<\/td>\n<td>39,8<\/td>\n<\/tr>\n<\/tbody>\n<\/table>\n<p>&nbsp;<\/p>\n","protected":false},"excerpt":{"rendered":"<p><strong>L&rsquo;huile de graines de moutarde blanche<\/strong> (huile de moutarde) obtenue par pressage \u00e0 froid est connue sous le nom de <strong>Brassica Alba Seed Oil<\/strong> ou <strong>Sinapis Alba Seed Oil.<\/strong><\/p>\n","protected":false},"featured_media":37453,"template":"","meta":{"_acf_changed":false},"product_brand":[],"product_cat":[1311,1296,1307],"product_tag":[],"class_list":{"0":"post-16322","1":"product","2":"type-product","3":"status-publish","4":"has-post-thumbnail","6":"product_cat-huiles-alimentaires-insaturees","7":"product_cat-huiles-alimentaires-et-cosmetiques","8":"product_cat-huiles-cosmetiques","9":"pa_metoda-pozyskiwania-pressage-a-froid","11":"first","12":"instock","13":"shipping-taxable","14":"product-type-simple"},"acf":[],"yoast_head":"<!-- This site is optimized with the Yoast SEO plugin v27.4 - https:\/\/yoast.com\/product\/yoast-seo-wordpress\/ -->\n<title>Huile de graines de moutarde - NATURAL POLAND - Distributeur de mati\u00e8res premi\u00e8res en gros<\/title>\n<meta name=\"description\" content=\"L&#039;huile de graines de moutarde blanche se caract\u00e9rise par une couleur rouge-brun ou ambr\u00e9e et un ar\u00f4me distinct, l\u00e9g\u00e8rement piquant.\" \/>\n<meta name=\"robots\" content=\"index, follow, max-snippet:-1, max-image-preview:large, max-video-preview:-1\" \/>\n<link rel=\"canonical\" href=\"https:\/\/naturalpoland.com\/fr\/produkty\/produits-pour-lindustrie-alimentaire\/huiles-alimentaires-insaturees\/huile-de-graines-de-moutarde\/\" \/>\n<meta property=\"og:locale\" content=\"fr_FR\" \/>\n<meta property=\"og:type\" content=\"article\" \/>\n<meta property=\"og:title\" content=\"Huile de graines de moutarde - NATURAL POLAND - Distributeur de mati\u00e8res premi\u00e8res en gros\" \/>\n<meta property=\"og:description\" content=\"L&#039;huile de graines de moutarde blanche se caract\u00e9rise par une couleur rouge-brun ou ambr\u00e9e et un ar\u00f4me distinct, l\u00e9g\u00e8rement piquant.\" \/>\n<meta property=\"og:url\" content=\"https:\/\/naturalpoland.com\/fr\/produkty\/produits-pour-lindustrie-alimentaire\/huiles-alimentaires-insaturees\/huile-de-graines-de-moutarde\/\" \/>\n<meta property=\"og:site_name\" content=\"NATURAL POLAND - Distributeur de mati\u00e8res premi\u00e8res en gros\" \/>\n<meta property=\"article:publisher\" content=\"https:\/\/www.facebook.com\/naturalpoland.b2b\" \/>\n<meta property=\"article:modified_time\" content=\"2025-07-09T10:07:04+00:00\" \/>\n<meta property=\"og:image\" content=\"https:\/\/naturalpoland.com\/wp-content\/uploads\/olej-z-nasion-gorczycy-bialej.webp\" \/>\n\t<meta property=\"og:image:width\" content=\"614\" \/>\n\t<meta property=\"og:image:height\" content=\"614\" \/>\n\t<meta property=\"og:image:type\" content=\"image\/webp\" \/>\n<script type=\"application\/ld+json\" class=\"yoast-schema-graph\">{\"@context\":\"https:\\\/\\\/schema.org\",\"@graph\":[{\"@type\":\"WebPage\",\"@id\":\"https:\\\/\\\/naturalpoland.com\\\/fr\\\/produkty\\\/produits-pour-lindustrie-alimentaire\\\/huiles-alimentaires-insaturees\\\/huile-de-graines-de-moutarde\\\/\",\"url\":\"https:\\\/\\\/naturalpoland.com\\\/fr\\\/produkty\\\/produits-pour-lindustrie-alimentaire\\\/huiles-alimentaires-insaturees\\\/huile-de-graines-de-moutarde\\\/\",\"name\":\"Huile de graines de moutarde - NATURAL POLAND - Distributeur de mati\u00e8res premi\u00e8res en gros\",\"isPartOf\":{\"@id\":\"https:\\\/\\\/naturalpoland.com\\\/fr\\\/#website\"},\"primaryImageOfPage\":{\"@id\":\"https:\\\/\\\/naturalpoland.com\\\/fr\\\/produkty\\\/produits-pour-lindustrie-alimentaire\\\/huiles-alimentaires-insaturees\\\/huile-de-graines-de-moutarde\\\/#primaryimage\"},\"image\":{\"@id\":\"https:\\\/\\\/naturalpoland.com\\\/fr\\\/produkty\\\/produits-pour-lindustrie-alimentaire\\\/huiles-alimentaires-insaturees\\\/huile-de-graines-de-moutarde\\\/#primaryimage\"},\"thumbnailUrl\":\"https:\\\/\\\/naturalpoland.com\\\/wp-content\\\/uploads\\\/olej-z-nasion-gorczycy-bialej.webp\",\"datePublished\":\"2021-05-11T11:50:10+00:00\",\"dateModified\":\"2025-07-09T10:07:04+00:00\",\"description\":\"L'huile de graines de moutarde blanche se caract\u00e9rise par une couleur rouge-brun ou ambr\u00e9e et un ar\u00f4me distinct, l\u00e9g\u00e8rement piquant.\",\"breadcrumb\":{\"@id\":\"https:\\\/\\\/naturalpoland.com\\\/fr\\\/produkty\\\/produits-pour-lindustrie-alimentaire\\\/huiles-alimentaires-insaturees\\\/huile-de-graines-de-moutarde\\\/#breadcrumb\"},\"inLanguage\":\"fr-FR\",\"potentialAction\":[{\"@type\":\"ReadAction\",\"target\":[\"https:\\\/\\\/naturalpoland.com\\\/fr\\\/produkty\\\/produits-pour-lindustrie-alimentaire\\\/huiles-alimentaires-insaturees\\\/huile-de-graines-de-moutarde\\\/\"]}]},{\"@type\":\"ImageObject\",\"inLanguage\":\"fr-FR\",\"@id\":\"https:\\\/\\\/naturalpoland.com\\\/fr\\\/produkty\\\/produits-pour-lindustrie-alimentaire\\\/huiles-alimentaires-insaturees\\\/huile-de-graines-de-moutarde\\\/#primaryimage\",\"url\":\"https:\\\/\\\/naturalpoland.com\\\/wp-content\\\/uploads\\\/olej-z-nasion-gorczycy-bialej.webp\",\"contentUrl\":\"https:\\\/\\\/naturalpoland.com\\\/wp-content\\\/uploads\\\/olej-z-nasion-gorczycy-bialej.webp\",\"width\":614,\"height\":614,\"caption\":\"o\"},{\"@type\":\"BreadcrumbList\",\"@id\":\"https:\\\/\\\/naturalpoland.com\\\/fr\\\/produkty\\\/produits-pour-lindustrie-alimentaire\\\/huiles-alimentaires-insaturees\\\/huile-de-graines-de-moutarde\\\/#breadcrumb\",\"itemListElement\":[{\"@type\":\"ListItem\",\"position\":1,\"name\":\"Accueil\",\"item\":\"https:\\\/\\\/naturalpoland.com\\\/fr\\\/\"},{\"@type\":\"ListItem\",\"position\":2,\"name\":\"Produits\",\"item\":\"https:\\\/\\\/naturalpoland.com\\\/fr\\\/produits\\\/\"},{\"@type\":\"ListItem\",\"position\":3,\"name\":\"Huile de graines de moutarde\"}]},{\"@type\":\"WebSite\",\"@id\":\"https:\\\/\\\/naturalpoland.com\\\/fr\\\/#website\",\"url\":\"https:\\\/\\\/naturalpoland.com\\\/fr\\\/\",\"name\":\"NATURAL POLAND - Distributeur de mati\u00e8res premi\u00e8res en gros\",\"description\":\"Surowce dla przemys\u0142u spo\u017cywczego, kosmetycznego i farmaceutycznego\",\"publisher\":{\"@id\":\"https:\\\/\\\/naturalpoland.com\\\/fr\\\/#organization\"},\"potentialAction\":[{\"@type\":\"SearchAction\",\"target\":{\"@type\":\"EntryPoint\",\"urlTemplate\":\"https:\\\/\\\/naturalpoland.com\\\/fr\\\/?s={search_term_string}\"},\"query-input\":{\"@type\":\"PropertyValueSpecification\",\"valueRequired\":true,\"valueName\":\"search_term_string\"}}],\"inLanguage\":\"fr-FR\"},{\"@type\":\"Organization\",\"@id\":\"https:\\\/\\\/naturalpoland.com\\\/fr\\\/#organization\",\"name\":\"Natural Poland\",\"url\":\"https:\\\/\\\/naturalpoland.com\\\/fr\\\/\",\"logo\":{\"@type\":\"ImageObject\",\"inLanguage\":\"fr-FR\",\"@id\":\"https:\\\/\\\/naturalpoland.com\\\/fr\\\/#\\\/schema\\\/logo\\\/image\\\/\",\"url\":\"https:\\\/\\\/naturalpoland.com\\\/wp-content\\\/uploads\\\/2021\\\/05\\\/natural-poland-icon.png\",\"contentUrl\":\"https:\\\/\\\/naturalpoland.com\\\/wp-content\\\/uploads\\\/2021\\\/05\\\/natural-poland-icon.png\",\"width\":512,\"height\":512,\"caption\":\"Natural Poland\"},\"image\":{\"@id\":\"https:\\\/\\\/naturalpoland.com\\\/fr\\\/#\\\/schema\\\/logo\\\/image\\\/\"},\"sameAs\":[\"https:\\\/\\\/www.facebook.com\\\/naturalpoland.b2b\",\"https:\\\/\\\/pl.linkedin.com\\\/company\\\/natural-poland\",\"https:\\\/\\\/www.youtube.com\\\/channel\\\/UCgeGGkvOMahZo-xu_MSEWxg\"]}]}<\/script>\n<!-- \/ Yoast SEO plugin. -->","yoast_head_json":{"title":"Huile de graines de moutarde - NATURAL POLAND - Distributeur de mati\u00e8res premi\u00e8res en gros","description":"L'huile de graines de moutarde blanche se caract\u00e9rise par une couleur rouge-brun ou ambr\u00e9e et un ar\u00f4me distinct, l\u00e9g\u00e8rement piquant.","robots":{"index":"index","follow":"follow","max-snippet":"max-snippet:-1","max-image-preview":"max-image-preview:large","max-video-preview":"max-video-preview:-1"},"canonical":"https:\/\/naturalpoland.com\/fr\/produkty\/produits-pour-lindustrie-alimentaire\/huiles-alimentaires-insaturees\/huile-de-graines-de-moutarde\/","og_locale":"fr_FR","og_type":"article","og_title":"Huile de graines de moutarde - NATURAL POLAND - Distributeur de mati\u00e8res premi\u00e8res en gros","og_description":"L'huile de graines de moutarde blanche se caract\u00e9rise par une couleur rouge-brun ou ambr\u00e9e et un ar\u00f4me distinct, l\u00e9g\u00e8rement piquant.","og_url":"https:\/\/naturalpoland.com\/fr\/produkty\/produits-pour-lindustrie-alimentaire\/huiles-alimentaires-insaturees\/huile-de-graines-de-moutarde\/","og_site_name":"NATURAL POLAND - Distributeur de mati\u00e8res premi\u00e8res en gros","article_publisher":"https:\/\/www.facebook.com\/naturalpoland.b2b","article_modified_time":"2025-07-09T10:07:04+00:00","og_image":[{"width":614,"height":614,"url":"https:\/\/naturalpoland.com\/wp-content\/uploads\/olej-z-nasion-gorczycy-bialej.webp","type":"image\/webp"}],"schema":{"@context":"https:\/\/schema.org","@graph":[{"@type":"WebPage","@id":"https:\/\/naturalpoland.com\/fr\/produkty\/produits-pour-lindustrie-alimentaire\/huiles-alimentaires-insaturees\/huile-de-graines-de-moutarde\/","url":"https:\/\/naturalpoland.com\/fr\/produkty\/produits-pour-lindustrie-alimentaire\/huiles-alimentaires-insaturees\/huile-de-graines-de-moutarde\/","name":"Huile de graines de moutarde - NATURAL POLAND - Distributeur de mati\u00e8res premi\u00e8res en gros","isPartOf":{"@id":"https:\/\/naturalpoland.com\/fr\/#website"},"primaryImageOfPage":{"@id":"https:\/\/naturalpoland.com\/fr\/produkty\/produits-pour-lindustrie-alimentaire\/huiles-alimentaires-insaturees\/huile-de-graines-de-moutarde\/#primaryimage"},"image":{"@id":"https:\/\/naturalpoland.com\/fr\/produkty\/produits-pour-lindustrie-alimentaire\/huiles-alimentaires-insaturees\/huile-de-graines-de-moutarde\/#primaryimage"},"thumbnailUrl":"https:\/\/naturalpoland.com\/wp-content\/uploads\/olej-z-nasion-gorczycy-bialej.webp","datePublished":"2021-05-11T11:50:10+00:00","dateModified":"2025-07-09T10:07:04+00:00","description":"L'huile de graines de moutarde blanche se caract\u00e9rise par une couleur rouge-brun ou ambr\u00e9e et un ar\u00f4me distinct, l\u00e9g\u00e8rement piquant.","breadcrumb":{"@id":"https:\/\/naturalpoland.com\/fr\/produkty\/produits-pour-lindustrie-alimentaire\/huiles-alimentaires-insaturees\/huile-de-graines-de-moutarde\/#breadcrumb"},"inLanguage":"fr-FR","potentialAction":[{"@type":"ReadAction","target":["https:\/\/naturalpoland.com\/fr\/produkty\/produits-pour-lindustrie-alimentaire\/huiles-alimentaires-insaturees\/huile-de-graines-de-moutarde\/"]}]},{"@type":"ImageObject","inLanguage":"fr-FR","@id":"https:\/\/naturalpoland.com\/fr\/produkty\/produits-pour-lindustrie-alimentaire\/huiles-alimentaires-insaturees\/huile-de-graines-de-moutarde\/#primaryimage","url":"https:\/\/naturalpoland.com\/wp-content\/uploads\/olej-z-nasion-gorczycy-bialej.webp","contentUrl":"https:\/\/naturalpoland.com\/wp-content\/uploads\/olej-z-nasion-gorczycy-bialej.webp","width":614,"height":614,"caption":"o"},{"@type":"BreadcrumbList","@id":"https:\/\/naturalpoland.com\/fr\/produkty\/produits-pour-lindustrie-alimentaire\/huiles-alimentaires-insaturees\/huile-de-graines-de-moutarde\/#breadcrumb","itemListElement":[{"@type":"ListItem","position":1,"name":"Accueil","item":"https:\/\/naturalpoland.com\/fr\/"},{"@type":"ListItem","position":2,"name":"Produits","item":"https:\/\/naturalpoland.com\/fr\/produits\/"},{"@type":"ListItem","position":3,"name":"Huile de graines de moutarde"}]},{"@type":"WebSite","@id":"https:\/\/naturalpoland.com\/fr\/#website","url":"https:\/\/naturalpoland.com\/fr\/","name":"NATURAL POLAND - Distributeur de mati\u00e8res premi\u00e8res en gros","description":"Surowce dla przemys\u0142u spo\u017cywczego, kosmetycznego i farmaceutycznego","publisher":{"@id":"https:\/\/naturalpoland.com\/fr\/#organization"},"potentialAction":[{"@type":"SearchAction","target":{"@type":"EntryPoint","urlTemplate":"https:\/\/naturalpoland.com\/fr\/?s={search_term_string}"},"query-input":{"@type":"PropertyValueSpecification","valueRequired":true,"valueName":"search_term_string"}}],"inLanguage":"fr-FR"},{"@type":"Organization","@id":"https:\/\/naturalpoland.com\/fr\/#organization","name":"Natural Poland","url":"https:\/\/naturalpoland.com\/fr\/","logo":{"@type":"ImageObject","inLanguage":"fr-FR","@id":"https:\/\/naturalpoland.com\/fr\/#\/schema\/logo\/image\/","url":"https:\/\/naturalpoland.com\/wp-content\/uploads\/2021\/05\/natural-poland-icon.png","contentUrl":"https:\/\/naturalpoland.com\/wp-content\/uploads\/2021\/05\/natural-poland-icon.png","width":512,"height":512,"caption":"Natural Poland"},"image":{"@id":"https:\/\/naturalpoland.com\/fr\/#\/schema\/logo\/image\/"},"sameAs":["https:\/\/www.facebook.com\/naturalpoland.b2b","https:\/\/pl.linkedin.com\/company\/natural-poland","https:\/\/www.youtube.com\/channel\/UCgeGGkvOMahZo-xu_MSEWxg"]}]}},"_links":{"self":[{"href":"https:\/\/naturalpoland.com\/fr\/wp-json\/wp\/v2\/product\/16322","targetHints":{"allow":["GET"]}}],"collection":[{"href":"https:\/\/naturalpoland.com\/fr\/wp-json\/wp\/v2\/product"}],"about":[{"href":"https:\/\/naturalpoland.com\/fr\/wp-json\/wp\/v2\/types\/product"}],"wp:featuredmedia":[{"embeddable":true,"href":"https:\/\/naturalpoland.com\/fr\/wp-json\/wp\/v2\/media\/37453"}],"wp:attachment":[{"href":"https:\/\/naturalpoland.com\/fr\/wp-json\/wp\/v2\/media?parent=16322"}],"wp:term":[{"taxonomy":"product_brand","embeddable":true,"href":"https:\/\/naturalpoland.com\/fr\/wp-json\/wp\/v2\/product_brand?post=16322"},{"taxonomy":"product_cat","embeddable":true,"href":"https:\/\/naturalpoland.com\/fr\/wp-json\/wp\/v2\/product_cat?post=16322"},{"taxonomy":"product_tag","embeddable":true,"href":"https:\/\/naturalpoland.com\/fr\/wp-json\/wp\/v2\/product_tag?post=16322"}],"curies":[{"name":"wp","href":"https:\/\/api.w.org\/{rel}","templated":true}]}}