{"id":16428,"date":"2021-05-11T13:52:09","date_gmt":"2021-12-21T12:03:22","guid":{"rendered":"https:\/\/naturalpoland.pl\/produkty\/non class\u00e9\/huile-de-graines-de-kukui\/"},"modified":"2021-12-21T13:03:22","modified_gmt":"2021-12-21T12:03:22","slug":"huile-de-graines-de-kukui","status":"publish","type":"product","link":"https:\/\/naturalpoland.com\/fr\/produkty\/huiles-alimentaires-et-cosmetiques\/huile-de-graines-de-kukui\/","title":{"rendered":"huile de graines de kukui"},"content":{"rendered":"<p>Pour les peaux s\u00e8ches :<br \/>\nL&rsquo;huile de graines de Kukui fonctionne particuli\u00e8rement bien dans le soin des peaux s\u00e8ches. Il p\u00e9n\u00e8tre rapidement et ne laisse pas de film gras sur la peau. Prot\u00e8ge efficacement la peau contre le vent, le froid et le rayonnement solaire. Traditionnellement, il a \u00e9t\u00e9 utilis\u00e9 pour soulager les d\u00e9mangeaisons et gu\u00e9rir les plaies.<\/p>\n","protected":false},"excerpt":{"rendered":"<p><strong>L&rsquo;huile de graines de Kukui<\/strong> est obtenue \u00e0 partir des graines du tungst\u00e8ne Malusan. \u00ab\u00a0Kukui\u00a0\u00bb en hawa\u00efen signifie illumination. Cette huile n&rsquo;est pas tr\u00e8s souvent utilis\u00e9e dans la production de cosm\u00e9tiques, malgr\u00e9 le fait qu&rsquo;elle a toutes les pr\u00e9dispositions pour devenir un hit. Cette huile est une riche source de : acides gras insatur\u00e9s &#8211; principalement l&rsquo;acide linol\u00e9ique, l&rsquo;acide ol\u00e9ique et l&rsquo;acide alpha-linol\u00e9nique (ALA).<\/p>\n","protected":false},"featured_media":16431,"template":"","meta":{"_acf_changed":false},"product_brand":[],"product_cat":[1296],"product_tag":[],"class_list":{"0":"post-16428","1":"product","2":"type-product","3":"status-publish","4":"has-post-thumbnail","6":"product_cat-huiles-alimentaires-et-cosmetiques","8":"first","9":"instock","10":"shipping-taxable","11":"product-type-simple"},"acf":[],"yoast_head":"<!-- This site is optimized with the Yoast SEO plugin v27.5 - https:\/\/yoast.com\/product\/yoast-seo-wordpress\/ -->\n<title>huile de graines de kukui - Distributeur en gros<\/title>\n<meta name=\"robots\" content=\"index, follow, max-snippet:-1, max-image-preview:large, max-video-preview:-1\" \/>\n<link rel=\"canonical\" href=\"https:\/\/naturalpoland.com\/fr\/produkty\/huiles-alimentaires-et-cosmetiques\/huile-de-graines-de-kukui\/\" \/>\n<meta property=\"og:locale\" content=\"fr_FR\" \/>\n<meta property=\"og:type\" content=\"article\" \/>\n<meta property=\"og:title\" content=\"huile de graines de kukui - Distributeur en gros\" \/>\n<meta property=\"og:description\" content=\"L&#039;huile de graines de Kukui est obtenue \u00e0 partir des graines du tungst\u00e8ne Malusan. &quot;Kukui&quot; en hawa\u00efen signifie illumination. Cette huile n&#039;est pas tr\u00e8s souvent utilis\u00e9e dans la production de cosm\u00e9tiques, malgr\u00e9 le fait qu&#039;elle a toutes les pr\u00e9dispositions pour devenir un hit. Cette huile est une riche source de : acides gras insatur\u00e9s - principalement l&#039;acide linol\u00e9ique, l&#039;acide ol\u00e9ique et l&#039;acide alpha-linol\u00e9nique (ALA).\" \/>\n<meta property=\"og:url\" content=\"https:\/\/naturalpoland.com\/fr\/produkty\/huiles-alimentaires-et-cosmetiques\/huile-de-graines-de-kukui\/\" \/>\n<meta property=\"og:site_name\" content=\"NATURAL POLAND - Distributeur de mati\u00e8res premi\u00e8res en gros\" \/>\n<meta property=\"article:publisher\" content=\"https:\/\/www.facebook.com\/naturalpoland.b2b\" \/>\n<meta property=\"og:image\" content=\"https:\/\/naturalpoland.com\/wp-content\/uploads\/2021\/05\/kukui-nut-oil.jpg\" \/>\n\t<meta property=\"og:image:width\" content=\"380\" \/>\n\t<meta property=\"og:image:height\" content=\"249\" \/>\n\t<meta property=\"og:image:type\" content=\"image\/jpeg\" \/>\n<script type=\"application\/ld+json\" class=\"yoast-schema-graph\">{\"@context\":\"https:\\\/\\\/schema.org\",\"@graph\":[{\"@type\":\"WebPage\",\"@id\":\"https:\\\/\\\/naturalpoland.com\\\/fr\\\/produkty\\\/huiles-alimentaires-et-cosmetiques\\\/huile-de-graines-de-kukui\\\/\",\"url\":\"https:\\\/\\\/naturalpoland.com\\\/fr\\\/produkty\\\/huiles-alimentaires-et-cosmetiques\\\/huile-de-graines-de-kukui\\\/\",\"name\":\"huile de graines de kukui - Distributeur en gros\",\"isPartOf\":{\"@id\":\"https:\\\/\\\/naturalpoland.com\\\/fr\\\/#website\"},\"primaryImageOfPage\":{\"@id\":\"https:\\\/\\\/naturalpoland.com\\\/fr\\\/produkty\\\/huiles-alimentaires-et-cosmetiques\\\/huile-de-graines-de-kukui\\\/#primaryimage\"},\"image\":{\"@id\":\"https:\\\/\\\/naturalpoland.com\\\/fr\\\/produkty\\\/huiles-alimentaires-et-cosmetiques\\\/huile-de-graines-de-kukui\\\/#primaryimage\"},\"thumbnailUrl\":\"https:\\\/\\\/naturalpoland.com\\\/wp-content\\\/uploads\\\/2021\\\/05\\\/kukui-nut-oil.jpg\",\"datePublished\":\"2021-12-21T12:03:22+00:00\",\"breadcrumb\":{\"@id\":\"https:\\\/\\\/naturalpoland.com\\\/fr\\\/produkty\\\/huiles-alimentaires-et-cosmetiques\\\/huile-de-graines-de-kukui\\\/#breadcrumb\"},\"inLanguage\":\"fr-FR\",\"potentialAction\":[{\"@type\":\"ReadAction\",\"target\":[\"https:\\\/\\\/naturalpoland.com\\\/fr\\\/produkty\\\/huiles-alimentaires-et-cosmetiques\\\/huile-de-graines-de-kukui\\\/\"]}]},{\"@type\":\"ImageObject\",\"inLanguage\":\"fr-FR\",\"@id\":\"https:\\\/\\\/naturalpoland.com\\\/fr\\\/produkty\\\/huiles-alimentaires-et-cosmetiques\\\/huile-de-graines-de-kukui\\\/#primaryimage\",\"url\":\"https:\\\/\\\/naturalpoland.com\\\/wp-content\\\/uploads\\\/2021\\\/05\\\/kukui-nut-oil.jpg\",\"contentUrl\":\"https:\\\/\\\/naturalpoland.com\\\/wp-content\\\/uploads\\\/2021\\\/05\\\/kukui-nut-oil.jpg\",\"width\":380,\"height\":249},{\"@type\":\"BreadcrumbList\",\"@id\":\"https:\\\/\\\/naturalpoland.com\\\/fr\\\/produkty\\\/huiles-alimentaires-et-cosmetiques\\\/huile-de-graines-de-kukui\\\/#breadcrumb\",\"itemListElement\":[{\"@type\":\"ListItem\",\"position\":1,\"name\":\"Accueil\",\"item\":\"https:\\\/\\\/naturalpoland.com\\\/fr\\\/\"},{\"@type\":\"ListItem\",\"position\":2,\"name\":\"Produits\",\"item\":\"https:\\\/\\\/naturalpoland.com\\\/fr\\\/produits\\\/\"},{\"@type\":\"ListItem\",\"position\":3,\"name\":\"huile de graines de kukui\"}]},{\"@type\":\"WebSite\",\"@id\":\"https:\\\/\\\/naturalpoland.com\\\/fr\\\/#website\",\"url\":\"https:\\\/\\\/naturalpoland.com\\\/fr\\\/\",\"name\":\"NATURAL POLAND - Distributeur de mati\u00e8res premi\u00e8res en gros\",\"description\":\"Surowce dla przemys\u0142u spo\u017cywczego, kosmetycznego i farmaceutycznego\",\"publisher\":{\"@id\":\"https:\\\/\\\/naturalpoland.com\\\/fr\\\/#organization\"},\"potentialAction\":[{\"@type\":\"SearchAction\",\"target\":{\"@type\":\"EntryPoint\",\"urlTemplate\":\"https:\\\/\\\/naturalpoland.com\\\/fr\\\/?s={search_term_string}\"},\"query-input\":{\"@type\":\"PropertyValueSpecification\",\"valueRequired\":true,\"valueName\":\"search_term_string\"}}],\"inLanguage\":\"fr-FR\"},{\"@type\":\"Organization\",\"@id\":\"https:\\\/\\\/naturalpoland.com\\\/fr\\\/#organization\",\"name\":\"Natural Poland\",\"url\":\"https:\\\/\\\/naturalpoland.com\\\/fr\\\/\",\"logo\":{\"@type\":\"ImageObject\",\"inLanguage\":\"fr-FR\",\"@id\":\"https:\\\/\\\/naturalpoland.com\\\/fr\\\/#\\\/schema\\\/logo\\\/image\\\/\",\"url\":\"https:\\\/\\\/naturalpoland.com\\\/wp-content\\\/uploads\\\/2021\\\/05\\\/natural-poland-icon.png\",\"contentUrl\":\"https:\\\/\\\/naturalpoland.com\\\/wp-content\\\/uploads\\\/2021\\\/05\\\/natural-poland-icon.png\",\"width\":512,\"height\":512,\"caption\":\"Natural Poland\"},\"image\":{\"@id\":\"https:\\\/\\\/naturalpoland.com\\\/fr\\\/#\\\/schema\\\/logo\\\/image\\\/\"},\"sameAs\":[\"https:\\\/\\\/www.facebook.com\\\/naturalpoland.b2b\",\"https:\\\/\\\/pl.linkedin.com\\\/company\\\/natural-poland\",\"https:\\\/\\\/www.youtube.com\\\/channel\\\/UCgeGGkvOMahZo-xu_MSEWxg\"]}]}<\/script>\n<!-- \/ Yoast SEO plugin. -->","yoast_head_json":{"title":"huile de graines de kukui - Distributeur en gros","robots":{"index":"index","follow":"follow","max-snippet":"max-snippet:-1","max-image-preview":"max-image-preview:large","max-video-preview":"max-video-preview:-1"},"canonical":"https:\/\/naturalpoland.com\/fr\/produkty\/huiles-alimentaires-et-cosmetiques\/huile-de-graines-de-kukui\/","og_locale":"fr_FR","og_type":"article","og_title":"huile de graines de kukui - Distributeur en gros","og_description":"L'huile de graines de Kukui est obtenue \u00e0 partir des graines du tungst\u00e8ne Malusan. \"Kukui\" en hawa\u00efen signifie illumination. Cette huile n'est pas tr\u00e8s souvent utilis\u00e9e dans la production de cosm\u00e9tiques, malgr\u00e9 le fait qu'elle a toutes les pr\u00e9dispositions pour devenir un hit. Cette huile est une riche source de : acides gras insatur\u00e9s - principalement l'acide linol\u00e9ique, l'acide ol\u00e9ique et l'acide alpha-linol\u00e9nique (ALA).","og_url":"https:\/\/naturalpoland.com\/fr\/produkty\/huiles-alimentaires-et-cosmetiques\/huile-de-graines-de-kukui\/","og_site_name":"NATURAL POLAND - Distributeur de mati\u00e8res premi\u00e8res en gros","article_publisher":"https:\/\/www.facebook.com\/naturalpoland.b2b","og_image":[{"width":380,"height":249,"url":"https:\/\/naturalpoland.com\/wp-content\/uploads\/2021\/05\/kukui-nut-oil.jpg","type":"image\/jpeg"}],"schema":{"@context":"https:\/\/schema.org","@graph":[{"@type":"WebPage","@id":"https:\/\/naturalpoland.com\/fr\/produkty\/huiles-alimentaires-et-cosmetiques\/huile-de-graines-de-kukui\/","url":"https:\/\/naturalpoland.com\/fr\/produkty\/huiles-alimentaires-et-cosmetiques\/huile-de-graines-de-kukui\/","name":"huile de graines de kukui - Distributeur en gros","isPartOf":{"@id":"https:\/\/naturalpoland.com\/fr\/#website"},"primaryImageOfPage":{"@id":"https:\/\/naturalpoland.com\/fr\/produkty\/huiles-alimentaires-et-cosmetiques\/huile-de-graines-de-kukui\/#primaryimage"},"image":{"@id":"https:\/\/naturalpoland.com\/fr\/produkty\/huiles-alimentaires-et-cosmetiques\/huile-de-graines-de-kukui\/#primaryimage"},"thumbnailUrl":"https:\/\/naturalpoland.com\/wp-content\/uploads\/2021\/05\/kukui-nut-oil.jpg","datePublished":"2021-12-21T12:03:22+00:00","breadcrumb":{"@id":"https:\/\/naturalpoland.com\/fr\/produkty\/huiles-alimentaires-et-cosmetiques\/huile-de-graines-de-kukui\/#breadcrumb"},"inLanguage":"fr-FR","potentialAction":[{"@type":"ReadAction","target":["https:\/\/naturalpoland.com\/fr\/produkty\/huiles-alimentaires-et-cosmetiques\/huile-de-graines-de-kukui\/"]}]},{"@type":"ImageObject","inLanguage":"fr-FR","@id":"https:\/\/naturalpoland.com\/fr\/produkty\/huiles-alimentaires-et-cosmetiques\/huile-de-graines-de-kukui\/#primaryimage","url":"https:\/\/naturalpoland.com\/wp-content\/uploads\/2021\/05\/kukui-nut-oil.jpg","contentUrl":"https:\/\/naturalpoland.com\/wp-content\/uploads\/2021\/05\/kukui-nut-oil.jpg","width":380,"height":249},{"@type":"BreadcrumbList","@id":"https:\/\/naturalpoland.com\/fr\/produkty\/huiles-alimentaires-et-cosmetiques\/huile-de-graines-de-kukui\/#breadcrumb","itemListElement":[{"@type":"ListItem","position":1,"name":"Accueil","item":"https:\/\/naturalpoland.com\/fr\/"},{"@type":"ListItem","position":2,"name":"Produits","item":"https:\/\/naturalpoland.com\/fr\/produits\/"},{"@type":"ListItem","position":3,"name":"huile de graines de kukui"}]},{"@type":"WebSite","@id":"https:\/\/naturalpoland.com\/fr\/#website","url":"https:\/\/naturalpoland.com\/fr\/","name":"NATURAL POLAND - Distributeur de mati\u00e8res premi\u00e8res en gros","description":"Surowce dla przemys\u0142u spo\u017cywczego, kosmetycznego i farmaceutycznego","publisher":{"@id":"https:\/\/naturalpoland.com\/fr\/#organization"},"potentialAction":[{"@type":"SearchAction","target":{"@type":"EntryPoint","urlTemplate":"https:\/\/naturalpoland.com\/fr\/?s={search_term_string}"},"query-input":{"@type":"PropertyValueSpecification","valueRequired":true,"valueName":"search_term_string"}}],"inLanguage":"fr-FR"},{"@type":"Organization","@id":"https:\/\/naturalpoland.com\/fr\/#organization","name":"Natural Poland","url":"https:\/\/naturalpoland.com\/fr\/","logo":{"@type":"ImageObject","inLanguage":"fr-FR","@id":"https:\/\/naturalpoland.com\/fr\/#\/schema\/logo\/image\/","url":"https:\/\/naturalpoland.com\/wp-content\/uploads\/2021\/05\/natural-poland-icon.png","contentUrl":"https:\/\/naturalpoland.com\/wp-content\/uploads\/2021\/05\/natural-poland-icon.png","width":512,"height":512,"caption":"Natural Poland"},"image":{"@id":"https:\/\/naturalpoland.com\/fr\/#\/schema\/logo\/image\/"},"sameAs":["https:\/\/www.facebook.com\/naturalpoland.b2b","https:\/\/pl.linkedin.com\/company\/natural-poland","https:\/\/www.youtube.com\/channel\/UCgeGGkvOMahZo-xu_MSEWxg"]}]}},"_links":{"self":[{"href":"https:\/\/naturalpoland.com\/fr\/wp-json\/wp\/v2\/product\/16428","targetHints":{"allow":["GET"]}}],"collection":[{"href":"https:\/\/naturalpoland.com\/fr\/wp-json\/wp\/v2\/product"}],"about":[{"href":"https:\/\/naturalpoland.com\/fr\/wp-json\/wp\/v2\/types\/product"}],"wp:featuredmedia":[{"embeddable":true,"href":"https:\/\/naturalpoland.com\/fr\/wp-json\/wp\/v2\/media\/16431"}],"wp:attachment":[{"href":"https:\/\/naturalpoland.com\/fr\/wp-json\/wp\/v2\/media?parent=16428"}],"wp:term":[{"taxonomy":"product_brand","embeddable":true,"href":"https:\/\/naturalpoland.com\/fr\/wp-json\/wp\/v2\/product_brand?post=16428"},{"taxonomy":"product_cat","embeddable":true,"href":"https:\/\/naturalpoland.com\/fr\/wp-json\/wp\/v2\/product_cat?post=16428"},{"taxonomy":"product_tag","embeddable":true,"href":"https:\/\/naturalpoland.com\/fr\/wp-json\/wp\/v2\/product_tag?post=16428"}],"curies":[{"name":"wp","href":"https:\/\/api.w.org\/{rel}","templated":true}]}}