{"id":18869,"date":"2022-03-24T13:16:25","date_gmt":"2022-05-25T12:38:59","guid":{"rendered":"https:\/\/naturalpoland.pl\/produkty\/non%20class\u00e9\/huile-de-grains-de-cafe-vert\/"},"modified":"2023-01-20T12:42:09","modified_gmt":"2023-01-20T11:42:09","slug":"huile-des-grains-de-cafe-verts","status":"publish","type":"product","link":"https:\/\/naturalpoland.com\/fr\/produkty\/produits-pour-lindustrie-cosmetique\/huiles-cosmetiques\/huile-des-grains-de-cafe-verts\/","title":{"rendered":"Huile de grains de caf\u00e9 vert"},"content":{"rendered":"<p><strong>L&rsquo;huile de caf\u00e9 vert<\/strong> est press\u00e9e \u00e0 partir de grains de caf\u00e9 non torr\u00e9fi\u00e9s. Il a une texture fine et est tr\u00e8s efficace. Capture parfaitement les radicaux libres. L&rsquo;huile de grain de caf\u00e9 vert a un effet hydratant, anti-rides, anti-inflammatoire et hydratant, elle aidera \u00e0 soulager l&rsquo;inflammation. L&rsquo;huile de caf\u00e9 vert est recommand\u00e9e pour le soin des peaux s\u00e8ches, \u00e0 probl\u00e8mes et sensibles.<\/p>\n<h3><\/h3>\n<h3>Teneur en acides gras de l&rsquo;huile de caf\u00e9 vert :<\/h3>\n<table>\n<tbody>\n<tr>\n<th>NOM D&rsquo;ACIDE<\/th>\n<th>C-CHAIN<\/th>\n<th>PLAGE (%)<\/th>\n<th>M\u00c9THODE DE R\u00c9SULTAT : PB-191\/LF<\/th>\n<\/tr>\n<tr>\n<td>LESS<\/td>\n<td>&lt; C16:0<\/td>\n<td><\/td>\n<td><\/td>\n<\/tr>\n<tr>\n<td>PALMITIC<\/td>\n<td>C16:0<\/td>\n<td>5,0-11,0<\/td>\n<td>10,2<\/td>\n<\/tr>\n<tr>\n<td>PALMITOLEIC<\/td>\n<td>C16&nbsp;:&nbsp;1<\/td>\n<td><\/td>\n<td><\/td>\n<\/tr>\n<tr>\n<td>STEARIC<\/td>\n<td>C18:0<\/td>\n<td>1,0-7,0<\/td>\n<td>4,3<\/td>\n<\/tr>\n<tr>\n<td>OLEIC<\/td>\n<td>C18:1<\/td>\n<td>20,0-35,0<\/td>\n<td>33,3<\/td>\n<\/tr>\n<tr>\n<td>LINOLEIC<\/td>\n<td>C18:2<\/td>\n<td>47,0-65,0<\/td>\n<td>48,7<\/td>\n<\/tr>\n<tr>\n<td>LINOLENIC<\/td>\n<td>C18:3<\/td>\n<td><\/td>\n<td><\/td>\n<\/tr>\n<tr>\n<td>LINOLENIC (GLA)<\/td>\n<td>C18:3<\/td>\n<td><\/td>\n<td><\/td>\n<\/tr>\n<tr>\n<td>ICOSANOIC<\/td>\n<td>C20&nbsp;:&nbsp;0<\/td>\n<td><\/td>\n<td><\/td>\n<\/tr>\n<tr>\n<td>ICOSENOIC<\/td>\n<td>C20&nbsp;:&nbsp;1<\/td>\n<td><\/td>\n<td><\/td>\n<\/tr>\n<tr>\n<td>DOCOSANOIC<\/td>\n<td>C22:0<\/td>\n<td><\/td>\n<td><\/td>\n<\/tr>\n<tr>\n<td>ERUCIC<\/td>\n<td>C22&nbsp;:&nbsp;1<\/td>\n<td><\/td>\n<td><\/td>\n<\/tr>\n<tr>\n<td>TETRACOSANOIC<\/td>\n<td>C24:0<\/td>\n<td><\/td>\n<td><\/td>\n<\/tr>\n<\/tbody>\n<\/table>\n<p>&nbsp;<\/p>\n<h2>Huile de caf\u00e9 vert &#8211; propri\u00e9t\u00e9s<\/h2>\n<p>L&rsquo;huile de grains de caf\u00e9 vert est r\u00e9put\u00e9e pour sa grande efficacit\u00e9. Des \u00e9tudes ont montr\u00e9 qu&rsquo;il fonctionne six fois plus efficacement que <strong><br \/>\n  <a href=\"https:\/\/naturalpoland.pl\/fr\/produkty\/produits-pour-lindustrie-cosmetique\/huiles-cosmetiques\/huile-jojoba-dore\/\">huile de jojoba<\/a><br \/>\n<\/strong> et <strong><br \/>\n  <a href=\"https:\/\/naturalpoland.pl\/fr\/produkty\/produits-pour-lindustrie-alimentaire\/huiles-alimentaires-insaturees\/huile-damande\/\">huile d&rsquo;amande douce<\/a><br \/>\n<\/strong>. C&rsquo;est une source tr\u00e8s riche en acide linol\u00e9ique et en vitamine E. Cette huile a un fort <strong>effet anti-\u00e2ge<\/strong>. Les phytost\u00e9rols contenus dans les grains de caf\u00e9 vert ont un effet raffermissant sur la peau, ce qui contribue \u00e9galement \u00e0 son aspect jeune.<\/p>\n<h2>Huile de caf\u00e9 vert &#8211; applications<\/h2>\n<p>Cette huile est un <strong>ingr\u00e9dient<\/strong> pr\u00e9cieux <strong>dans les cosm\u00e9tiques<\/strong> appliqu\u00e9s sur la peau. Convient aux peaux \u00e0 tendance acn\u00e9ique et aux peaux vieillissantes. Il a des effets r\u00e9g\u00e9n\u00e9rateurs, anti-inflammatoires et hydratants. Il prot\u00e8ge \u00e9galement efficacement contre les facteurs externes et les rayons UV.<\/p>\n","protected":false},"excerpt":{"rendered":"<p><strong>Huile de grains de caf\u00e9 vert<\/strong> , press\u00e9e \u00e0 froid, non raffin\u00e9e. Cette huile est utilis\u00e9e dans l&rsquo;industrie cosm\u00e9tique et alimentaire.<\/p>\n","protected":false},"featured_media":18481,"template":"","meta":{"_acf_changed":false},"product_brand":[],"product_cat":[1296,1307],"product_tag":[],"class_list":{"0":"post-18869","1":"product","2":"type-product","3":"status-publish","4":"has-post-thumbnail","6":"product_cat-huiles-alimentaires-et-cosmetiques","7":"product_cat-huiles-cosmetiques","9":"first","10":"instock","11":"shipping-taxable","12":"product-type-simple"},"acf":[],"yoast_head":"<!-- This site is optimized with the Yoast SEO plugin v27.4 - https:\/\/yoast.com\/product\/yoast-seo-wordpress\/ -->\n<title>Huile de grains de caf\u00e9 vert - Distributeur en gros<\/title>\n<meta name=\"robots\" content=\"index, follow, max-snippet:-1, max-image-preview:large, max-video-preview:-1\" \/>\n<link rel=\"canonical\" href=\"https:\/\/naturalpoland.com\/fr\/produkty\/produits-pour-lindustrie-cosmetique\/huiles-cosmetiques\/huile-des-grains-de-cafe-verts\/\" \/>\n<meta property=\"og:locale\" content=\"fr_FR\" \/>\n<meta property=\"og:type\" content=\"article\" \/>\n<meta property=\"og:title\" content=\"Huile de grains de caf\u00e9 vert - Distributeur en gros\" \/>\n<meta property=\"og:description\" content=\"Huile de grains de caf\u00e9 vert , press\u00e9e \u00e0 froid, non raffin\u00e9e. Cette huile est utilis\u00e9e dans l&#039;industrie cosm\u00e9tique et alimentaire.\" \/>\n<meta property=\"og:url\" content=\"https:\/\/naturalpoland.com\/fr\/produkty\/produits-pour-lindustrie-cosmetique\/huiles-cosmetiques\/huile-des-grains-de-cafe-verts\/\" \/>\n<meta property=\"og:site_name\" content=\"NATURAL POLAND - Distributeur de mati\u00e8res premi\u00e8res en gros\" \/>\n<meta property=\"article:publisher\" content=\"https:\/\/www.facebook.com\/naturalpoland.b2b\" \/>\n<meta property=\"article:modified_time\" content=\"2023-01-20T11:42:09+00:00\" \/>\n<meta property=\"og:image\" content=\"https:\/\/naturalpoland.com\/wp-content\/uploads\/olej-z-nasion-zielonej-kawy.jpg\" \/>\n\t<meta property=\"og:image:width\" content=\"500\" \/>\n\t<meta property=\"og:image:height\" content=\"500\" \/>\n\t<meta property=\"og:image:type\" content=\"image\/jpeg\" \/>\n<script type=\"application\/ld+json\" class=\"yoast-schema-graph\">{\"@context\":\"https:\\\/\\\/schema.org\",\"@graph\":[{\"@type\":\"WebPage\",\"@id\":\"https:\\\/\\\/naturalpoland.com\\\/fr\\\/produkty\\\/produits-pour-lindustrie-cosmetique\\\/huiles-cosmetiques\\\/huile-des-grains-de-cafe-verts\\\/\",\"url\":\"https:\\\/\\\/naturalpoland.com\\\/fr\\\/produkty\\\/produits-pour-lindustrie-cosmetique\\\/huiles-cosmetiques\\\/huile-des-grains-de-cafe-verts\\\/\",\"name\":\"Huile de grains de caf\u00e9 vert - Distributeur en gros\",\"isPartOf\":{\"@id\":\"https:\\\/\\\/naturalpoland.com\\\/fr\\\/#website\"},\"primaryImageOfPage\":{\"@id\":\"https:\\\/\\\/naturalpoland.com\\\/fr\\\/produkty\\\/produits-pour-lindustrie-cosmetique\\\/huiles-cosmetiques\\\/huile-des-grains-de-cafe-verts\\\/#primaryimage\"},\"image\":{\"@id\":\"https:\\\/\\\/naturalpoland.com\\\/fr\\\/produkty\\\/produits-pour-lindustrie-cosmetique\\\/huiles-cosmetiques\\\/huile-des-grains-de-cafe-verts\\\/#primaryimage\"},\"thumbnailUrl\":\"https:\\\/\\\/naturalpoland.com\\\/wp-content\\\/uploads\\\/olej-z-nasion-zielonej-kawy.jpg\",\"datePublished\":\"2022-05-25T12:38:59+00:00\",\"dateModified\":\"2023-01-20T11:42:09+00:00\",\"breadcrumb\":{\"@id\":\"https:\\\/\\\/naturalpoland.com\\\/fr\\\/produkty\\\/produits-pour-lindustrie-cosmetique\\\/huiles-cosmetiques\\\/huile-des-grains-de-cafe-verts\\\/#breadcrumb\"},\"inLanguage\":\"fr-FR\",\"potentialAction\":[{\"@type\":\"ReadAction\",\"target\":[\"https:\\\/\\\/naturalpoland.com\\\/fr\\\/produkty\\\/produits-pour-lindustrie-cosmetique\\\/huiles-cosmetiques\\\/huile-des-grains-de-cafe-verts\\\/\"]}]},{\"@type\":\"ImageObject\",\"inLanguage\":\"fr-FR\",\"@id\":\"https:\\\/\\\/naturalpoland.com\\\/fr\\\/produkty\\\/produits-pour-lindustrie-cosmetique\\\/huiles-cosmetiques\\\/huile-des-grains-de-cafe-verts\\\/#primaryimage\",\"url\":\"https:\\\/\\\/naturalpoland.com\\\/wp-content\\\/uploads\\\/olej-z-nasion-zielonej-kawy.jpg\",\"contentUrl\":\"https:\\\/\\\/naturalpoland.com\\\/wp-content\\\/uploads\\\/olej-z-nasion-zielonej-kawy.jpg\",\"width\":500,\"height\":500,\"caption\":\"Huile de grains de caf\u00e9 vert\"},{\"@type\":\"BreadcrumbList\",\"@id\":\"https:\\\/\\\/naturalpoland.com\\\/fr\\\/produkty\\\/produits-pour-lindustrie-cosmetique\\\/huiles-cosmetiques\\\/huile-des-grains-de-cafe-verts\\\/#breadcrumb\",\"itemListElement\":[{\"@type\":\"ListItem\",\"position\":1,\"name\":\"Accueil\",\"item\":\"https:\\\/\\\/naturalpoland.com\\\/fr\\\/\"},{\"@type\":\"ListItem\",\"position\":2,\"name\":\"Produits\",\"item\":\"https:\\\/\\\/naturalpoland.com\\\/fr\\\/produits\\\/\"},{\"@type\":\"ListItem\",\"position\":3,\"name\":\"Huile de grains de caf\u00e9 vert\"}]},{\"@type\":\"WebSite\",\"@id\":\"https:\\\/\\\/naturalpoland.com\\\/fr\\\/#website\",\"url\":\"https:\\\/\\\/naturalpoland.com\\\/fr\\\/\",\"name\":\"NATURAL POLAND - Distributeur de mati\u00e8res premi\u00e8res en gros\",\"description\":\"Surowce dla przemys\u0142u spo\u017cywczego, kosmetycznego i farmaceutycznego\",\"publisher\":{\"@id\":\"https:\\\/\\\/naturalpoland.com\\\/fr\\\/#organization\"},\"potentialAction\":[{\"@type\":\"SearchAction\",\"target\":{\"@type\":\"EntryPoint\",\"urlTemplate\":\"https:\\\/\\\/naturalpoland.com\\\/fr\\\/?s={search_term_string}\"},\"query-input\":{\"@type\":\"PropertyValueSpecification\",\"valueRequired\":true,\"valueName\":\"search_term_string\"}}],\"inLanguage\":\"fr-FR\"},{\"@type\":\"Organization\",\"@id\":\"https:\\\/\\\/naturalpoland.com\\\/fr\\\/#organization\",\"name\":\"Natural Poland\",\"url\":\"https:\\\/\\\/naturalpoland.com\\\/fr\\\/\",\"logo\":{\"@type\":\"ImageObject\",\"inLanguage\":\"fr-FR\",\"@id\":\"https:\\\/\\\/naturalpoland.com\\\/fr\\\/#\\\/schema\\\/logo\\\/image\\\/\",\"url\":\"https:\\\/\\\/naturalpoland.com\\\/wp-content\\\/uploads\\\/2021\\\/05\\\/natural-poland-icon.png\",\"contentUrl\":\"https:\\\/\\\/naturalpoland.com\\\/wp-content\\\/uploads\\\/2021\\\/05\\\/natural-poland-icon.png\",\"width\":512,\"height\":512,\"caption\":\"Natural Poland\"},\"image\":{\"@id\":\"https:\\\/\\\/naturalpoland.com\\\/fr\\\/#\\\/schema\\\/logo\\\/image\\\/\"},\"sameAs\":[\"https:\\\/\\\/www.facebook.com\\\/naturalpoland.b2b\",\"https:\\\/\\\/pl.linkedin.com\\\/company\\\/natural-poland\",\"https:\\\/\\\/www.youtube.com\\\/channel\\\/UCgeGGkvOMahZo-xu_MSEWxg\"]}]}<\/script>\n<!-- \/ Yoast SEO plugin. -->","yoast_head_json":{"title":"Huile de grains de caf\u00e9 vert - Distributeur en gros","robots":{"index":"index","follow":"follow","max-snippet":"max-snippet:-1","max-image-preview":"max-image-preview:large","max-video-preview":"max-video-preview:-1"},"canonical":"https:\/\/naturalpoland.com\/fr\/produkty\/produits-pour-lindustrie-cosmetique\/huiles-cosmetiques\/huile-des-grains-de-cafe-verts\/","og_locale":"fr_FR","og_type":"article","og_title":"Huile de grains de caf\u00e9 vert - Distributeur en gros","og_description":"Huile de grains de caf\u00e9 vert , press\u00e9e \u00e0 froid, non raffin\u00e9e. Cette huile est utilis\u00e9e dans l'industrie cosm\u00e9tique et alimentaire.","og_url":"https:\/\/naturalpoland.com\/fr\/produkty\/produits-pour-lindustrie-cosmetique\/huiles-cosmetiques\/huile-des-grains-de-cafe-verts\/","og_site_name":"NATURAL POLAND - Distributeur de mati\u00e8res premi\u00e8res en gros","article_publisher":"https:\/\/www.facebook.com\/naturalpoland.b2b","article_modified_time":"2023-01-20T11:42:09+00:00","og_image":[{"width":500,"height":500,"url":"https:\/\/naturalpoland.com\/wp-content\/uploads\/olej-z-nasion-zielonej-kawy.jpg","type":"image\/jpeg"}],"schema":{"@context":"https:\/\/schema.org","@graph":[{"@type":"WebPage","@id":"https:\/\/naturalpoland.com\/fr\/produkty\/produits-pour-lindustrie-cosmetique\/huiles-cosmetiques\/huile-des-grains-de-cafe-verts\/","url":"https:\/\/naturalpoland.com\/fr\/produkty\/produits-pour-lindustrie-cosmetique\/huiles-cosmetiques\/huile-des-grains-de-cafe-verts\/","name":"Huile de grains de caf\u00e9 vert - Distributeur en gros","isPartOf":{"@id":"https:\/\/naturalpoland.com\/fr\/#website"},"primaryImageOfPage":{"@id":"https:\/\/naturalpoland.com\/fr\/produkty\/produits-pour-lindustrie-cosmetique\/huiles-cosmetiques\/huile-des-grains-de-cafe-verts\/#primaryimage"},"image":{"@id":"https:\/\/naturalpoland.com\/fr\/produkty\/produits-pour-lindustrie-cosmetique\/huiles-cosmetiques\/huile-des-grains-de-cafe-verts\/#primaryimage"},"thumbnailUrl":"https:\/\/naturalpoland.com\/wp-content\/uploads\/olej-z-nasion-zielonej-kawy.jpg","datePublished":"2022-05-25T12:38:59+00:00","dateModified":"2023-01-20T11:42:09+00:00","breadcrumb":{"@id":"https:\/\/naturalpoland.com\/fr\/produkty\/produits-pour-lindustrie-cosmetique\/huiles-cosmetiques\/huile-des-grains-de-cafe-verts\/#breadcrumb"},"inLanguage":"fr-FR","potentialAction":[{"@type":"ReadAction","target":["https:\/\/naturalpoland.com\/fr\/produkty\/produits-pour-lindustrie-cosmetique\/huiles-cosmetiques\/huile-des-grains-de-cafe-verts\/"]}]},{"@type":"ImageObject","inLanguage":"fr-FR","@id":"https:\/\/naturalpoland.com\/fr\/produkty\/produits-pour-lindustrie-cosmetique\/huiles-cosmetiques\/huile-des-grains-de-cafe-verts\/#primaryimage","url":"https:\/\/naturalpoland.com\/wp-content\/uploads\/olej-z-nasion-zielonej-kawy.jpg","contentUrl":"https:\/\/naturalpoland.com\/wp-content\/uploads\/olej-z-nasion-zielonej-kawy.jpg","width":500,"height":500,"caption":"Huile de grains de caf\u00e9 vert"},{"@type":"BreadcrumbList","@id":"https:\/\/naturalpoland.com\/fr\/produkty\/produits-pour-lindustrie-cosmetique\/huiles-cosmetiques\/huile-des-grains-de-cafe-verts\/#breadcrumb","itemListElement":[{"@type":"ListItem","position":1,"name":"Accueil","item":"https:\/\/naturalpoland.com\/fr\/"},{"@type":"ListItem","position":2,"name":"Produits","item":"https:\/\/naturalpoland.com\/fr\/produits\/"},{"@type":"ListItem","position":3,"name":"Huile de grains de caf\u00e9 vert"}]},{"@type":"WebSite","@id":"https:\/\/naturalpoland.com\/fr\/#website","url":"https:\/\/naturalpoland.com\/fr\/","name":"NATURAL POLAND - Distributeur de mati\u00e8res premi\u00e8res en gros","description":"Surowce dla przemys\u0142u spo\u017cywczego, kosmetycznego i farmaceutycznego","publisher":{"@id":"https:\/\/naturalpoland.com\/fr\/#organization"},"potentialAction":[{"@type":"SearchAction","target":{"@type":"EntryPoint","urlTemplate":"https:\/\/naturalpoland.com\/fr\/?s={search_term_string}"},"query-input":{"@type":"PropertyValueSpecification","valueRequired":true,"valueName":"search_term_string"}}],"inLanguage":"fr-FR"},{"@type":"Organization","@id":"https:\/\/naturalpoland.com\/fr\/#organization","name":"Natural Poland","url":"https:\/\/naturalpoland.com\/fr\/","logo":{"@type":"ImageObject","inLanguage":"fr-FR","@id":"https:\/\/naturalpoland.com\/fr\/#\/schema\/logo\/image\/","url":"https:\/\/naturalpoland.com\/wp-content\/uploads\/2021\/05\/natural-poland-icon.png","contentUrl":"https:\/\/naturalpoland.com\/wp-content\/uploads\/2021\/05\/natural-poland-icon.png","width":512,"height":512,"caption":"Natural Poland"},"image":{"@id":"https:\/\/naturalpoland.com\/fr\/#\/schema\/logo\/image\/"},"sameAs":["https:\/\/www.facebook.com\/naturalpoland.b2b","https:\/\/pl.linkedin.com\/company\/natural-poland","https:\/\/www.youtube.com\/channel\/UCgeGGkvOMahZo-xu_MSEWxg"]}]}},"_links":{"self":[{"href":"https:\/\/naturalpoland.com\/fr\/wp-json\/wp\/v2\/product\/18869","targetHints":{"allow":["GET"]}}],"collection":[{"href":"https:\/\/naturalpoland.com\/fr\/wp-json\/wp\/v2\/product"}],"about":[{"href":"https:\/\/naturalpoland.com\/fr\/wp-json\/wp\/v2\/types\/product"}],"wp:featuredmedia":[{"embeddable":true,"href":"https:\/\/naturalpoland.com\/fr\/wp-json\/wp\/v2\/media\/18481"}],"wp:attachment":[{"href":"https:\/\/naturalpoland.com\/fr\/wp-json\/wp\/v2\/media?parent=18869"}],"wp:term":[{"taxonomy":"product_brand","embeddable":true,"href":"https:\/\/naturalpoland.com\/fr\/wp-json\/wp\/v2\/product_brand?post=18869"},{"taxonomy":"product_cat","embeddable":true,"href":"https:\/\/naturalpoland.com\/fr\/wp-json\/wp\/v2\/product_cat?post=18869"},{"taxonomy":"product_tag","embeddable":true,"href":"https:\/\/naturalpoland.com\/fr\/wp-json\/wp\/v2\/product_tag?post=18869"}],"curies":[{"name":"wp","href":"https:\/\/api.w.org\/{rel}","templated":true}]}}