{"id":20700,"date":"2023-01-17T12:07:05","date_gmt":"2023-01-17T11:32:47","guid":{"rendered":"https:\/\/naturalpoland.pl\/produkty\/non class\u00e9\/huile-de-foie-de-morue\/"},"modified":"2023-01-17T12:32:47","modified_gmt":"2023-01-17T11:32:47","slug":"huile-de-foie-orchide","status":"publish","type":"product","link":"https:\/\/naturalpoland.com\/fr\/produkty\/produits-pour-lindustrie-alimentaire\/huiles-alimentaires-insaturees\/huile-de-foie-orchide\/","title":{"rendered":"Huile de foie de morue"},"content":{"rendered":"<p>L&rsquo;huile de foie de morue est produite en purifiant d\u00e9licatement le foie de morue. Le contenu nutritionnel exact varie en fonction de l&rsquo;esp\u00e8ce de poisson et de l&rsquo;endroit o\u00f9 il est p\u00each\u00e9. L&rsquo;huile de foie de morue naturelle se compose de<strong> plus de 50 acides gras diff\u00e9rents<\/strong> et constitue une <strong>source<\/strong> pr\u00e9cieuse <strong>de vitamine D et de vitamine A<\/strong>. L&rsquo;un des plus grands fournisseurs de ce poisson est la Norv\u00e8ge, et ses habitants prennent de l&rsquo;huile de foie de morue en hiver pour pr\u00e9venir toute carence en vitamine D.<\/p>\n<h3>Huile riche en acides gras om\u00e9ga 3<\/h3>\n<p>Les acides gras polyinsatur\u00e9s om\u00e9ga-3 sont des nutriments essentiels qui ne sont pas synth\u00e9tis\u00e9s dans le corps humain et doivent donc \u00eatre apport\u00e9s par l&rsquo;alimentation. Les principaux acides gras om\u00e9ga 3 sont l&rsquo;<strong> acide eicosapenta\u00e9no\u00efque (EPA)<\/strong>, l&rsquo;acide <strong>docosapenta\u00e9no\u00efque<\/strong> et l&rsquo;<strong> acide docosahexa\u00e9no\u00efque (DHA<\/strong>), que l&rsquo;on trouve notamment dans les poissons gras et les fruits de mer.<\/p>\n<h3>Huile de foie de morue &#8211; propri\u00e9t\u00e9s m\u00e9dicinales<\/h3>\n<p>En tant que riche source d&rsquo;acides gras om\u00e9ga-3, l&rsquo;huile de foie de morue a un effet th\u00e9rapeutique sur de nombreuses entit\u00e9s pathologiques, notamment : les maladies cardiovasculaires, le diab\u00e8te ou la d\u00e9pression. En outre, de nombreux articles scientifiques d\u00e9montrent \u00e9galement les effets b\u00e9n\u00e9fiques de l&rsquo;huile de foie de morue sur la cicatrisation des plaies.<\/p>\n","protected":false},"excerpt":{"rendered":"<p>L&rsquo;huile de foie de morue est produite \u00e0 partir d&rsquo;une esp\u00e8ce de <strong>morue norv\u00e9gienne sauvage<\/strong><em>(Gadus Morhua<\/em>). L&rsquo;un des plus grands fournisseurs de ce poisson est la Norv\u00e8ge. Le cabillaud est captur\u00e9 dans les p\u00eacheries durables de Norv\u00e8ge par des p\u00eacheurs certifi\u00e9s MSC.<\/p>\n","protected":false},"featured_media":20691,"template":"","meta":[],"product_brand":[],"product_cat":[1300,1311],"product_tag":[],"class_list":{"0":"post-20700","1":"product","2":"type-product","3":"status-publish","4":"has-post-thumbnail","6":"product_cat-additifs-de-complements-alimentaires","7":"product_cat-huiles-alimentaires-insaturees","9":"first","10":"instock","11":"shipping-taxable","12":"product-type-simple"},"yoast_head":"<!-- This site is optimized with the Yoast SEO plugin v27.3 - https:\/\/yoast.com\/product\/yoast-seo-wordpress\/ -->\n<title>Huile de foie de morue - Distributeur en gros<\/title>\n<meta name=\"description\" content=\"L&#039;huile de foie de morue est produite \u00e0 partir d&#039;une esp\u00e8ce de morue norv\u00e9gienne sauvage (Gadus Morhua). L&#039;un des plus grands fournisseurs de ce poisson est la Norv\u00e8ge.\" \/>\n<meta name=\"robots\" content=\"index, follow, max-snippet:-1, max-image-preview:large, max-video-preview:-1\" \/>\n<link rel=\"canonical\" href=\"https:\/\/naturalpoland.com\/fr\/produkty\/produits-pour-lindustrie-alimentaire\/huiles-alimentaires-insaturees\/huile-de-foie-orchide\/\" \/>\n<meta property=\"og:locale\" content=\"fr_FR\" \/>\n<meta property=\"og:type\" content=\"article\" \/>\n<meta property=\"og:title\" content=\"Huile de foie de morue - Distributeur en gros\" \/>\n<meta property=\"og:description\" content=\"L&#039;huile de foie de morue est produite \u00e0 partir d&#039;une esp\u00e8ce de morue norv\u00e9gienne sauvage (Gadus Morhua). L&#039;un des plus grands fournisseurs de ce poisson est la Norv\u00e8ge.\" \/>\n<meta property=\"og:url\" content=\"https:\/\/naturalpoland.com\/fr\/produkty\/produits-pour-lindustrie-alimentaire\/huiles-alimentaires-insaturees\/huile-de-foie-orchide\/\" \/>\n<meta property=\"og:site_name\" content=\"NATURAL POLAND - Distributeur de mati\u00e8res premi\u00e8res en gros\" \/>\n<meta property=\"article:publisher\" content=\"https:\/\/www.facebook.com\/naturalpoland.b2b\" \/>\n<meta property=\"og:image\" content=\"https:\/\/naturalpoland.com\/wp-content\/uploads\/olej-z-watroby-dorsza.jpg\" \/>\n\t<meta property=\"og:image:width\" content=\"700\" \/>\n\t<meta property=\"og:image:height\" content=\"700\" \/>\n\t<meta property=\"og:image:type\" content=\"image\/jpeg\" \/>\n<script type=\"application\/ld+json\" class=\"yoast-schema-graph\">{\"@context\":\"https:\\\/\\\/schema.org\",\"@graph\":[{\"@type\":\"WebPage\",\"@id\":\"https:\\\/\\\/naturalpoland.com\\\/fr\\\/produkty\\\/produits-pour-lindustrie-alimentaire\\\/huiles-alimentaires-insaturees\\\/huile-de-foie-orchide\\\/\",\"url\":\"https:\\\/\\\/naturalpoland.com\\\/fr\\\/produkty\\\/produits-pour-lindustrie-alimentaire\\\/huiles-alimentaires-insaturees\\\/huile-de-foie-orchide\\\/\",\"name\":\"Huile de foie de morue - Distributeur en gros\",\"isPartOf\":{\"@id\":\"https:\\\/\\\/naturalpoland.com\\\/fr\\\/#website\"},\"primaryImageOfPage\":{\"@id\":\"https:\\\/\\\/naturalpoland.com\\\/fr\\\/produkty\\\/produits-pour-lindustrie-alimentaire\\\/huiles-alimentaires-insaturees\\\/huile-de-foie-orchide\\\/#primaryimage\"},\"image\":{\"@id\":\"https:\\\/\\\/naturalpoland.com\\\/fr\\\/produkty\\\/produits-pour-lindustrie-alimentaire\\\/huiles-alimentaires-insaturees\\\/huile-de-foie-orchide\\\/#primaryimage\"},\"thumbnailUrl\":\"https:\\\/\\\/naturalpoland.com\\\/wp-content\\\/uploads\\\/olej-z-watroby-dorsza.jpg\",\"datePublished\":\"2023-01-17T11:32:47+00:00\",\"description\":\"L'huile de foie de morue est produite \u00e0 partir d'une esp\u00e8ce de morue norv\u00e9gienne sauvage (Gadus Morhua). L'un des plus grands fournisseurs de ce poisson est la Norv\u00e8ge.\",\"breadcrumb\":{\"@id\":\"https:\\\/\\\/naturalpoland.com\\\/fr\\\/produkty\\\/produits-pour-lindustrie-alimentaire\\\/huiles-alimentaires-insaturees\\\/huile-de-foie-orchide\\\/#breadcrumb\"},\"inLanguage\":\"fr-FR\",\"potentialAction\":[{\"@type\":\"ReadAction\",\"target\":[\"https:\\\/\\\/naturalpoland.com\\\/fr\\\/produkty\\\/produits-pour-lindustrie-alimentaire\\\/huiles-alimentaires-insaturees\\\/huile-de-foie-orchide\\\/\"]}]},{\"@type\":\"ImageObject\",\"inLanguage\":\"fr-FR\",\"@id\":\"https:\\\/\\\/naturalpoland.com\\\/fr\\\/produkty\\\/produits-pour-lindustrie-alimentaire\\\/huiles-alimentaires-insaturees\\\/huile-de-foie-orchide\\\/#primaryimage\",\"url\":\"https:\\\/\\\/naturalpoland.com\\\/wp-content\\\/uploads\\\/olej-z-watroby-dorsza.jpg\",\"contentUrl\":\"https:\\\/\\\/naturalpoland.com\\\/wp-content\\\/uploads\\\/olej-z-watroby-dorsza.jpg\",\"width\":700,\"height\":700,\"caption\":\"huile de foie de morue\"},{\"@type\":\"BreadcrumbList\",\"@id\":\"https:\\\/\\\/naturalpoland.com\\\/fr\\\/produkty\\\/produits-pour-lindustrie-alimentaire\\\/huiles-alimentaires-insaturees\\\/huile-de-foie-orchide\\\/#breadcrumb\",\"itemListElement\":[{\"@type\":\"ListItem\",\"position\":1,\"name\":\"Accueil\",\"item\":\"https:\\\/\\\/naturalpoland.com\\\/fr\\\/\"},{\"@type\":\"ListItem\",\"position\":2,\"name\":\"Produits\",\"item\":\"https:\\\/\\\/naturalpoland.com\\\/fr\\\/produits\\\/\"},{\"@type\":\"ListItem\",\"position\":3,\"name\":\"Huile de foie de morue\"}]},{\"@type\":\"WebSite\",\"@id\":\"https:\\\/\\\/naturalpoland.com\\\/fr\\\/#website\",\"url\":\"https:\\\/\\\/naturalpoland.com\\\/fr\\\/\",\"name\":\"NATURAL POLAND - Distributeur de mati\u00e8res premi\u00e8res en gros\",\"description\":\"Surowce dla przemys\u0142u spo\u017cywczego, kosmetycznego i farmaceutycznego\",\"publisher\":{\"@id\":\"https:\\\/\\\/naturalpoland.com\\\/fr\\\/#organization\"},\"potentialAction\":[{\"@type\":\"SearchAction\",\"target\":{\"@type\":\"EntryPoint\",\"urlTemplate\":\"https:\\\/\\\/naturalpoland.com\\\/fr\\\/?s={search_term_string}\"},\"query-input\":{\"@type\":\"PropertyValueSpecification\",\"valueRequired\":true,\"valueName\":\"search_term_string\"}}],\"inLanguage\":\"fr-FR\"},{\"@type\":\"Organization\",\"@id\":\"https:\\\/\\\/naturalpoland.com\\\/fr\\\/#organization\",\"name\":\"Natural Poland\",\"url\":\"https:\\\/\\\/naturalpoland.com\\\/fr\\\/\",\"logo\":{\"@type\":\"ImageObject\",\"inLanguage\":\"fr-FR\",\"@id\":\"https:\\\/\\\/naturalpoland.com\\\/fr\\\/#\\\/schema\\\/logo\\\/image\\\/\",\"url\":\"https:\\\/\\\/naturalpoland.com\\\/wp-content\\\/uploads\\\/2021\\\/05\\\/natural-poland-icon.png\",\"contentUrl\":\"https:\\\/\\\/naturalpoland.com\\\/wp-content\\\/uploads\\\/2021\\\/05\\\/natural-poland-icon.png\",\"width\":512,\"height\":512,\"caption\":\"Natural Poland\"},\"image\":{\"@id\":\"https:\\\/\\\/naturalpoland.com\\\/fr\\\/#\\\/schema\\\/logo\\\/image\\\/\"},\"sameAs\":[\"https:\\\/\\\/www.facebook.com\\\/naturalpoland.b2b\",\"https:\\\/\\\/pl.linkedin.com\\\/company\\\/natural-poland\",\"https:\\\/\\\/www.youtube.com\\\/channel\\\/UCgeGGkvOMahZo-xu_MSEWxg\"]}]}<\/script>\n<!-- \/ Yoast SEO plugin. -->","yoast_head_json":{"title":"Huile de foie de morue - Distributeur en gros","description":"L'huile de foie de morue est produite \u00e0 partir d'une esp\u00e8ce de morue norv\u00e9gienne sauvage (Gadus Morhua). L'un des plus grands fournisseurs de ce poisson est la Norv\u00e8ge.","robots":{"index":"index","follow":"follow","max-snippet":"max-snippet:-1","max-image-preview":"max-image-preview:large","max-video-preview":"max-video-preview:-1"},"canonical":"https:\/\/naturalpoland.com\/fr\/produkty\/produits-pour-lindustrie-alimentaire\/huiles-alimentaires-insaturees\/huile-de-foie-orchide\/","og_locale":"fr_FR","og_type":"article","og_title":"Huile de foie de morue - Distributeur en gros","og_description":"L'huile de foie de morue est produite \u00e0 partir d'une esp\u00e8ce de morue norv\u00e9gienne sauvage (Gadus Morhua). L'un des plus grands fournisseurs de ce poisson est la Norv\u00e8ge.","og_url":"https:\/\/naturalpoland.com\/fr\/produkty\/produits-pour-lindustrie-alimentaire\/huiles-alimentaires-insaturees\/huile-de-foie-orchide\/","og_site_name":"NATURAL POLAND - Distributeur de mati\u00e8res premi\u00e8res en gros","article_publisher":"https:\/\/www.facebook.com\/naturalpoland.b2b","og_image":[{"width":700,"height":700,"url":"https:\/\/naturalpoland.com\/wp-content\/uploads\/olej-z-watroby-dorsza.jpg","type":"image\/jpeg"}],"schema":{"@context":"https:\/\/schema.org","@graph":[{"@type":"WebPage","@id":"https:\/\/naturalpoland.com\/fr\/produkty\/produits-pour-lindustrie-alimentaire\/huiles-alimentaires-insaturees\/huile-de-foie-orchide\/","url":"https:\/\/naturalpoland.com\/fr\/produkty\/produits-pour-lindustrie-alimentaire\/huiles-alimentaires-insaturees\/huile-de-foie-orchide\/","name":"Huile de foie de morue - Distributeur en gros","isPartOf":{"@id":"https:\/\/naturalpoland.com\/fr\/#website"},"primaryImageOfPage":{"@id":"https:\/\/naturalpoland.com\/fr\/produkty\/produits-pour-lindustrie-alimentaire\/huiles-alimentaires-insaturees\/huile-de-foie-orchide\/#primaryimage"},"image":{"@id":"https:\/\/naturalpoland.com\/fr\/produkty\/produits-pour-lindustrie-alimentaire\/huiles-alimentaires-insaturees\/huile-de-foie-orchide\/#primaryimage"},"thumbnailUrl":"https:\/\/naturalpoland.com\/wp-content\/uploads\/olej-z-watroby-dorsza.jpg","datePublished":"2023-01-17T11:32:47+00:00","description":"L'huile de foie de morue est produite \u00e0 partir d'une esp\u00e8ce de morue norv\u00e9gienne sauvage (Gadus Morhua). L'un des plus grands fournisseurs de ce poisson est la Norv\u00e8ge.","breadcrumb":{"@id":"https:\/\/naturalpoland.com\/fr\/produkty\/produits-pour-lindustrie-alimentaire\/huiles-alimentaires-insaturees\/huile-de-foie-orchide\/#breadcrumb"},"inLanguage":"fr-FR","potentialAction":[{"@type":"ReadAction","target":["https:\/\/naturalpoland.com\/fr\/produkty\/produits-pour-lindustrie-alimentaire\/huiles-alimentaires-insaturees\/huile-de-foie-orchide\/"]}]},{"@type":"ImageObject","inLanguage":"fr-FR","@id":"https:\/\/naturalpoland.com\/fr\/produkty\/produits-pour-lindustrie-alimentaire\/huiles-alimentaires-insaturees\/huile-de-foie-orchide\/#primaryimage","url":"https:\/\/naturalpoland.com\/wp-content\/uploads\/olej-z-watroby-dorsza.jpg","contentUrl":"https:\/\/naturalpoland.com\/wp-content\/uploads\/olej-z-watroby-dorsza.jpg","width":700,"height":700,"caption":"huile de foie de morue"},{"@type":"BreadcrumbList","@id":"https:\/\/naturalpoland.com\/fr\/produkty\/produits-pour-lindustrie-alimentaire\/huiles-alimentaires-insaturees\/huile-de-foie-orchide\/#breadcrumb","itemListElement":[{"@type":"ListItem","position":1,"name":"Accueil","item":"https:\/\/naturalpoland.com\/fr\/"},{"@type":"ListItem","position":2,"name":"Produits","item":"https:\/\/naturalpoland.com\/fr\/produits\/"},{"@type":"ListItem","position":3,"name":"Huile de foie de morue"}]},{"@type":"WebSite","@id":"https:\/\/naturalpoland.com\/fr\/#website","url":"https:\/\/naturalpoland.com\/fr\/","name":"NATURAL POLAND - Distributeur de mati\u00e8res premi\u00e8res en gros","description":"Surowce dla przemys\u0142u spo\u017cywczego, kosmetycznego i farmaceutycznego","publisher":{"@id":"https:\/\/naturalpoland.com\/fr\/#organization"},"potentialAction":[{"@type":"SearchAction","target":{"@type":"EntryPoint","urlTemplate":"https:\/\/naturalpoland.com\/fr\/?s={search_term_string}"},"query-input":{"@type":"PropertyValueSpecification","valueRequired":true,"valueName":"search_term_string"}}],"inLanguage":"fr-FR"},{"@type":"Organization","@id":"https:\/\/naturalpoland.com\/fr\/#organization","name":"Natural Poland","url":"https:\/\/naturalpoland.com\/fr\/","logo":{"@type":"ImageObject","inLanguage":"fr-FR","@id":"https:\/\/naturalpoland.com\/fr\/#\/schema\/logo\/image\/","url":"https:\/\/naturalpoland.com\/wp-content\/uploads\/2021\/05\/natural-poland-icon.png","contentUrl":"https:\/\/naturalpoland.com\/wp-content\/uploads\/2021\/05\/natural-poland-icon.png","width":512,"height":512,"caption":"Natural Poland"},"image":{"@id":"https:\/\/naturalpoland.com\/fr\/#\/schema\/logo\/image\/"},"sameAs":["https:\/\/www.facebook.com\/naturalpoland.b2b","https:\/\/pl.linkedin.com\/company\/natural-poland","https:\/\/www.youtube.com\/channel\/UCgeGGkvOMahZo-xu_MSEWxg"]}]}},"_links":{"self":[{"href":"https:\/\/naturalpoland.com\/fr\/wp-json\/wp\/v2\/product\/20700","targetHints":{"allow":["GET"]}}],"collection":[{"href":"https:\/\/naturalpoland.com\/fr\/wp-json\/wp\/v2\/product"}],"about":[{"href":"https:\/\/naturalpoland.com\/fr\/wp-json\/wp\/v2\/types\/product"}],"wp:featuredmedia":[{"embeddable":true,"href":"https:\/\/naturalpoland.com\/fr\/wp-json\/wp\/v2\/media\/20691"}],"wp:attachment":[{"href":"https:\/\/naturalpoland.com\/fr\/wp-json\/wp\/v2\/media?parent=20700"}],"wp:term":[{"taxonomy":"product_brand","embeddable":true,"href":"https:\/\/naturalpoland.com\/fr\/wp-json\/wp\/v2\/product_brand?post=20700"},{"taxonomy":"product_cat","embeddable":true,"href":"https:\/\/naturalpoland.com\/fr\/wp-json\/wp\/v2\/product_cat?post=20700"},{"taxonomy":"product_tag","embeddable":true,"href":"https:\/\/naturalpoland.com\/fr\/wp-json\/wp\/v2\/product_tag?post=20700"}],"curies":[{"name":"wp","href":"https:\/\/api.w.org\/{rel}","templated":true}]}}