{"id":21131,"date":"2023-03-16T11:45:33","date_gmt":"2023-03-23T14:26:38","guid":{"rendered":"https:\/\/naturalpoland.pl\/produkty\/non class\u00e9\/champignon-tremella-tremella-fuciformis-tremblante-du-mouton\/"},"modified":"2023-03-23T15:26:38","modified_gmt":"2023-03-23T14:26:38","slug":"fungus-tremella-tremella-fuciformis-fungus-tremella-fuciformis","status":"publish","type":"product","link":"https:\/\/naturalpoland.com\/fr\/produkty\/produits-pour-les-industries-pharmaceutiques-et-medicales\/extraits-de-champignons\/fungus-tremella-tremella-fuciformis-fungus-tremella-fuciformis\/","title":{"rendered":"Champignon Tremella &#8211; Tremella fuciformis, tremblante du mouton"},"content":{"rendered":"<p>Parmi ses principaux atouts, citons ses fortes propri\u00e9t\u00e9s antioxydantes et anti-\u00e2ge, ainsi que ses propri\u00e9t\u00e9s hydratantes. Le champignon tremella est consid\u00e9r\u00e9 comme la meilleure alternative naturelle et v\u00e9g\u00e9tale \u00e0 l&rsquo;acide hyaluronique. De plus, des \u00e9tudes indiquent qu&rsquo;il peut m\u00eame le surpasser en termes d&rsquo;hydratation de la peau. Id\u00e9al pour les produits anti-\u00e2ge et anti-rides, il nourrit et hydrate efficacement la peau et la rend douce et soyeuse.<\/p>\n<p>Le champignon tremella est \u00e9galement un adaptog\u00e8ne efficace. Elle influence positivement les fonctions c\u00e9r\u00e9brales, augmente la r\u00e9sistance de l&rsquo;organisme aux facteurs de stress et favorise la m\u00e9moire et la concentration. En m\u00eame temps, il est riche en compos\u00e9s qui soutiennent l&rsquo;immunit\u00e9 et le fonctionnement de l&rsquo;organisme &#8211; il a un effet b\u00e9n\u00e9fique sur les niveaux de cholest\u00e9rol et de sucre dans le sang, soutient la sant\u00e9 intestinale et les processus de d\u00e9sintoxication. Il peut donc \u00eatre un ingr\u00e9dient pr\u00e9cieux dans les compl\u00e9ments alimentaires ayant des effets adaptog\u00e8nes et r\u00e9duisant le risque de maladies li\u00e9es au mode de vie.<\/p>\n","protected":false},"excerpt":{"rendered":"<p>Originaire d&rsquo;Asie, le champignon tremella<em>(Tremella fuciformis<\/em>) est utilis\u00e9 depuis des milliers d&rsquo;ann\u00e9es dans la m\u00e9decine traditionnelle chinoise et suscite aujourd&rsquo;hui un int\u00e9r\u00eat croissant dans les industries cosm\u00e9tiques et pharmaceutiques.<\/p>\n","protected":false},"featured_media":21072,"template":"","meta":{"_acf_changed":false},"product_brand":[],"product_cat":[2053],"product_tag":[],"class_list":{"0":"post-21131","1":"product","2":"type-product","3":"status-publish","4":"has-post-thumbnail","6":"product_cat-extraits-de-champignons","7":"pa_czesc-rosliny-corps-fructifere","9":"first","10":"instock","11":"shipping-taxable","12":"product-type-simple"},"acf":[],"yoast_head":"<!-- This site is optimized with the Yoast SEO plugin v27.6 - https:\/\/yoast.com\/product\/yoast-seo-wordpress\/ -->\n<title>Champignon Tremella - Tremella fuciformis, tremblante du mouton - Distributeur en gros<\/title>\n<meta name=\"robots\" content=\"index, follow, max-snippet:-1, max-image-preview:large, max-video-preview:-1\" \/>\n<link rel=\"canonical\" href=\"https:\/\/naturalpoland.com\/fr\/produkty\/produits-pour-les-industries-pharmaceutiques-et-medicales\/extraits-de-champignons\/fungus-tremella-tremella-fuciformis-fungus-tremella-fuciformis\/\" \/>\n<meta property=\"og:locale\" content=\"fr_FR\" \/>\n<meta property=\"og:type\" content=\"article\" \/>\n<meta property=\"og:title\" content=\"Champignon Tremella - Tremella fuciformis, tremblante du mouton - Distributeur en gros\" \/>\n<meta property=\"og:description\" content=\"Originaire d&#039;Asie, le champignon tremella(Tremella fuciformis) est utilis\u00e9 depuis des milliers d&#039;ann\u00e9es dans la m\u00e9decine traditionnelle chinoise et suscite aujourd&#039;hui un int\u00e9r\u00eat croissant dans les industries cosm\u00e9tiques et pharmaceutiques.\" \/>\n<meta property=\"og:url\" content=\"https:\/\/naturalpoland.com\/fr\/produkty\/produits-pour-les-industries-pharmaceutiques-et-medicales\/extraits-de-champignons\/fungus-tremella-tremella-fuciformis-fungus-tremella-fuciformis\/\" \/>\n<meta property=\"og:site_name\" content=\"NATURAL POLAND - Distributeur de mati\u00e8res premi\u00e8res en gros\" \/>\n<meta property=\"article:publisher\" content=\"https:\/\/www.facebook.com\/naturalpoland.b2b\" \/>\n<meta property=\"og:image\" content=\"https:\/\/naturalpoland.com\/wp-content\/uploads\/grzyb-tremella.jpg\" \/>\n\t<meta property=\"og:image:width\" content=\"600\" \/>\n\t<meta property=\"og:image:height\" content=\"600\" \/>\n\t<meta property=\"og:image:type\" content=\"image\/jpeg\" \/>\n<script type=\"application\/ld+json\" class=\"yoast-schema-graph\">{\"@context\":\"https:\\\/\\\/schema.org\",\"@graph\":[{\"@type\":\"WebPage\",\"@id\":\"https:\\\/\\\/naturalpoland.com\\\/fr\\\/produkty\\\/produits-pour-les-industries-pharmaceutiques-et-medicales\\\/extraits-de-champignons\\\/fungus-tremella-tremella-fuciformis-fungus-tremella-fuciformis\\\/\",\"url\":\"https:\\\/\\\/naturalpoland.com\\\/fr\\\/produkty\\\/produits-pour-les-industries-pharmaceutiques-et-medicales\\\/extraits-de-champignons\\\/fungus-tremella-tremella-fuciformis-fungus-tremella-fuciformis\\\/\",\"name\":\"Champignon Tremella - Tremella fuciformis, tremblante du mouton - Distributeur en gros\",\"isPartOf\":{\"@id\":\"https:\\\/\\\/naturalpoland.com\\\/fr\\\/#website\"},\"primaryImageOfPage\":{\"@id\":\"https:\\\/\\\/naturalpoland.com\\\/fr\\\/produkty\\\/produits-pour-les-industries-pharmaceutiques-et-medicales\\\/extraits-de-champignons\\\/fungus-tremella-tremella-fuciformis-fungus-tremella-fuciformis\\\/#primaryimage\"},\"image\":{\"@id\":\"https:\\\/\\\/naturalpoland.com\\\/fr\\\/produkty\\\/produits-pour-les-industries-pharmaceutiques-et-medicales\\\/extraits-de-champignons\\\/fungus-tremella-tremella-fuciformis-fungus-tremella-fuciformis\\\/#primaryimage\"},\"thumbnailUrl\":\"https:\\\/\\\/naturalpoland.com\\\/wp-content\\\/uploads\\\/grzyb-tremella.jpg\",\"datePublished\":\"2023-03-23T14:26:38+00:00\",\"breadcrumb\":{\"@id\":\"https:\\\/\\\/naturalpoland.com\\\/fr\\\/produkty\\\/produits-pour-les-industries-pharmaceutiques-et-medicales\\\/extraits-de-champignons\\\/fungus-tremella-tremella-fuciformis-fungus-tremella-fuciformis\\\/#breadcrumb\"},\"inLanguage\":\"fr-FR\",\"potentialAction\":[{\"@type\":\"ReadAction\",\"target\":[\"https:\\\/\\\/naturalpoland.com\\\/fr\\\/produkty\\\/produits-pour-les-industries-pharmaceutiques-et-medicales\\\/extraits-de-champignons\\\/fungus-tremella-tremella-fuciformis-fungus-tremella-fuciformis\\\/\"]}]},{\"@type\":\"ImageObject\",\"inLanguage\":\"fr-FR\",\"@id\":\"https:\\\/\\\/naturalpoland.com\\\/fr\\\/produkty\\\/produits-pour-les-industries-pharmaceutiques-et-medicales\\\/extraits-de-champignons\\\/fungus-tremella-tremella-fuciformis-fungus-tremella-fuciformis\\\/#primaryimage\",\"url\":\"https:\\\/\\\/naturalpoland.com\\\/wp-content\\\/uploads\\\/grzyb-tremella.jpg\",\"contentUrl\":\"https:\\\/\\\/naturalpoland.com\\\/wp-content\\\/uploads\\\/grzyb-tremella.jpg\",\"width\":600,\"height\":600,\"caption\":\"champignon tremella\"},{\"@type\":\"BreadcrumbList\",\"@id\":\"https:\\\/\\\/naturalpoland.com\\\/fr\\\/produkty\\\/produits-pour-les-industries-pharmaceutiques-et-medicales\\\/extraits-de-champignons\\\/fungus-tremella-tremella-fuciformis-fungus-tremella-fuciformis\\\/#breadcrumb\",\"itemListElement\":[{\"@type\":\"ListItem\",\"position\":1,\"name\":\"Accueil\",\"item\":\"https:\\\/\\\/naturalpoland.com\\\/fr\\\/\"},{\"@type\":\"ListItem\",\"position\":2,\"name\":\"Produits\",\"item\":\"https:\\\/\\\/naturalpoland.com\\\/fr\\\/produits\\\/\"},{\"@type\":\"ListItem\",\"position\":3,\"name\":\"Champignon Tremella &#8211; Tremella fuciformis, tremblante du mouton\"}]},{\"@type\":\"WebSite\",\"@id\":\"https:\\\/\\\/naturalpoland.com\\\/fr\\\/#website\",\"url\":\"https:\\\/\\\/naturalpoland.com\\\/fr\\\/\",\"name\":\"NATURAL POLAND - Distributeur de mati\u00e8res premi\u00e8res en gros\",\"description\":\"Surowce dla przemys\u0142u spo\u017cywczego, kosmetycznego i farmaceutycznego\",\"publisher\":{\"@id\":\"https:\\\/\\\/naturalpoland.com\\\/fr\\\/#organization\"},\"potentialAction\":[{\"@type\":\"SearchAction\",\"target\":{\"@type\":\"EntryPoint\",\"urlTemplate\":\"https:\\\/\\\/naturalpoland.com\\\/fr\\\/?s={search_term_string}\"},\"query-input\":{\"@type\":\"PropertyValueSpecification\",\"valueRequired\":true,\"valueName\":\"search_term_string\"}}],\"inLanguage\":\"fr-FR\"},{\"@type\":\"Organization\",\"@id\":\"https:\\\/\\\/naturalpoland.com\\\/fr\\\/#organization\",\"name\":\"Natural Poland\",\"url\":\"https:\\\/\\\/naturalpoland.com\\\/fr\\\/\",\"logo\":{\"@type\":\"ImageObject\",\"inLanguage\":\"fr-FR\",\"@id\":\"https:\\\/\\\/naturalpoland.com\\\/fr\\\/#\\\/schema\\\/logo\\\/image\\\/\",\"url\":\"https:\\\/\\\/naturalpoland.com\\\/wp-content\\\/uploads\\\/2021\\\/05\\\/natural-poland-icon.png\",\"contentUrl\":\"https:\\\/\\\/naturalpoland.com\\\/wp-content\\\/uploads\\\/2021\\\/05\\\/natural-poland-icon.png\",\"width\":512,\"height\":512,\"caption\":\"Natural Poland\"},\"image\":{\"@id\":\"https:\\\/\\\/naturalpoland.com\\\/fr\\\/#\\\/schema\\\/logo\\\/image\\\/\"},\"sameAs\":[\"https:\\\/\\\/www.facebook.com\\\/naturalpoland.b2b\",\"https:\\\/\\\/pl.linkedin.com\\\/company\\\/natural-poland\",\"https:\\\/\\\/www.youtube.com\\\/channel\\\/UCgeGGkvOMahZo-xu_MSEWxg\"]}]}<\/script>\n<!-- \/ Yoast SEO plugin. -->","yoast_head_json":{"title":"Champignon Tremella - Tremella fuciformis, tremblante du mouton - Distributeur en gros","robots":{"index":"index","follow":"follow","max-snippet":"max-snippet:-1","max-image-preview":"max-image-preview:large","max-video-preview":"max-video-preview:-1"},"canonical":"https:\/\/naturalpoland.com\/fr\/produkty\/produits-pour-les-industries-pharmaceutiques-et-medicales\/extraits-de-champignons\/fungus-tremella-tremella-fuciformis-fungus-tremella-fuciformis\/","og_locale":"fr_FR","og_type":"article","og_title":"Champignon Tremella - Tremella fuciformis, tremblante du mouton - Distributeur en gros","og_description":"Originaire d'Asie, le champignon tremella(Tremella fuciformis) est utilis\u00e9 depuis des milliers d'ann\u00e9es dans la m\u00e9decine traditionnelle chinoise et suscite aujourd'hui un int\u00e9r\u00eat croissant dans les industries cosm\u00e9tiques et pharmaceutiques.","og_url":"https:\/\/naturalpoland.com\/fr\/produkty\/produits-pour-les-industries-pharmaceutiques-et-medicales\/extraits-de-champignons\/fungus-tremella-tremella-fuciformis-fungus-tremella-fuciformis\/","og_site_name":"NATURAL POLAND - Distributeur de mati\u00e8res premi\u00e8res en gros","article_publisher":"https:\/\/www.facebook.com\/naturalpoland.b2b","og_image":[{"width":600,"height":600,"url":"https:\/\/naturalpoland.com\/wp-content\/uploads\/grzyb-tremella.jpg","type":"image\/jpeg"}],"schema":{"@context":"https:\/\/schema.org","@graph":[{"@type":"WebPage","@id":"https:\/\/naturalpoland.com\/fr\/produkty\/produits-pour-les-industries-pharmaceutiques-et-medicales\/extraits-de-champignons\/fungus-tremella-tremella-fuciformis-fungus-tremella-fuciformis\/","url":"https:\/\/naturalpoland.com\/fr\/produkty\/produits-pour-les-industries-pharmaceutiques-et-medicales\/extraits-de-champignons\/fungus-tremella-tremella-fuciformis-fungus-tremella-fuciformis\/","name":"Champignon Tremella - Tremella fuciformis, tremblante du mouton - Distributeur en gros","isPartOf":{"@id":"https:\/\/naturalpoland.com\/fr\/#website"},"primaryImageOfPage":{"@id":"https:\/\/naturalpoland.com\/fr\/produkty\/produits-pour-les-industries-pharmaceutiques-et-medicales\/extraits-de-champignons\/fungus-tremella-tremella-fuciformis-fungus-tremella-fuciformis\/#primaryimage"},"image":{"@id":"https:\/\/naturalpoland.com\/fr\/produkty\/produits-pour-les-industries-pharmaceutiques-et-medicales\/extraits-de-champignons\/fungus-tremella-tremella-fuciformis-fungus-tremella-fuciformis\/#primaryimage"},"thumbnailUrl":"https:\/\/naturalpoland.com\/wp-content\/uploads\/grzyb-tremella.jpg","datePublished":"2023-03-23T14:26:38+00:00","breadcrumb":{"@id":"https:\/\/naturalpoland.com\/fr\/produkty\/produits-pour-les-industries-pharmaceutiques-et-medicales\/extraits-de-champignons\/fungus-tremella-tremella-fuciformis-fungus-tremella-fuciformis\/#breadcrumb"},"inLanguage":"fr-FR","potentialAction":[{"@type":"ReadAction","target":["https:\/\/naturalpoland.com\/fr\/produkty\/produits-pour-les-industries-pharmaceutiques-et-medicales\/extraits-de-champignons\/fungus-tremella-tremella-fuciformis-fungus-tremella-fuciformis\/"]}]},{"@type":"ImageObject","inLanguage":"fr-FR","@id":"https:\/\/naturalpoland.com\/fr\/produkty\/produits-pour-les-industries-pharmaceutiques-et-medicales\/extraits-de-champignons\/fungus-tremella-tremella-fuciformis-fungus-tremella-fuciformis\/#primaryimage","url":"https:\/\/naturalpoland.com\/wp-content\/uploads\/grzyb-tremella.jpg","contentUrl":"https:\/\/naturalpoland.com\/wp-content\/uploads\/grzyb-tremella.jpg","width":600,"height":600,"caption":"champignon tremella"},{"@type":"BreadcrumbList","@id":"https:\/\/naturalpoland.com\/fr\/produkty\/produits-pour-les-industries-pharmaceutiques-et-medicales\/extraits-de-champignons\/fungus-tremella-tremella-fuciformis-fungus-tremella-fuciformis\/#breadcrumb","itemListElement":[{"@type":"ListItem","position":1,"name":"Accueil","item":"https:\/\/naturalpoland.com\/fr\/"},{"@type":"ListItem","position":2,"name":"Produits","item":"https:\/\/naturalpoland.com\/fr\/produits\/"},{"@type":"ListItem","position":3,"name":"Champignon Tremella &#8211; Tremella fuciformis, tremblante du mouton"}]},{"@type":"WebSite","@id":"https:\/\/naturalpoland.com\/fr\/#website","url":"https:\/\/naturalpoland.com\/fr\/","name":"NATURAL POLAND - Distributeur de mati\u00e8res premi\u00e8res en gros","description":"Surowce dla przemys\u0142u spo\u017cywczego, kosmetycznego i farmaceutycznego","publisher":{"@id":"https:\/\/naturalpoland.com\/fr\/#organization"},"potentialAction":[{"@type":"SearchAction","target":{"@type":"EntryPoint","urlTemplate":"https:\/\/naturalpoland.com\/fr\/?s={search_term_string}"},"query-input":{"@type":"PropertyValueSpecification","valueRequired":true,"valueName":"search_term_string"}}],"inLanguage":"fr-FR"},{"@type":"Organization","@id":"https:\/\/naturalpoland.com\/fr\/#organization","name":"Natural Poland","url":"https:\/\/naturalpoland.com\/fr\/","logo":{"@type":"ImageObject","inLanguage":"fr-FR","@id":"https:\/\/naturalpoland.com\/fr\/#\/schema\/logo\/image\/","url":"https:\/\/naturalpoland.com\/wp-content\/uploads\/2021\/05\/natural-poland-icon.png","contentUrl":"https:\/\/naturalpoland.com\/wp-content\/uploads\/2021\/05\/natural-poland-icon.png","width":512,"height":512,"caption":"Natural Poland"},"image":{"@id":"https:\/\/naturalpoland.com\/fr\/#\/schema\/logo\/image\/"},"sameAs":["https:\/\/www.facebook.com\/naturalpoland.b2b","https:\/\/pl.linkedin.com\/company\/natural-poland","https:\/\/www.youtube.com\/channel\/UCgeGGkvOMahZo-xu_MSEWxg"]}]}},"_links":{"self":[{"href":"https:\/\/naturalpoland.com\/fr\/wp-json\/wp\/v2\/product\/21131","targetHints":{"allow":["GET"]}}],"collection":[{"href":"https:\/\/naturalpoland.com\/fr\/wp-json\/wp\/v2\/product"}],"about":[{"href":"https:\/\/naturalpoland.com\/fr\/wp-json\/wp\/v2\/types\/product"}],"wp:featuredmedia":[{"embeddable":true,"href":"https:\/\/naturalpoland.com\/fr\/wp-json\/wp\/v2\/media\/21072"}],"wp:attachment":[{"href":"https:\/\/naturalpoland.com\/fr\/wp-json\/wp\/v2\/media?parent=21131"}],"wp:term":[{"taxonomy":"product_brand","embeddable":true,"href":"https:\/\/naturalpoland.com\/fr\/wp-json\/wp\/v2\/product_brand?post=21131"},{"taxonomy":"product_cat","embeddable":true,"href":"https:\/\/naturalpoland.com\/fr\/wp-json\/wp\/v2\/product_cat?post=21131"},{"taxonomy":"product_tag","embeddable":true,"href":"https:\/\/naturalpoland.com\/fr\/wp-json\/wp\/v2\/product_tag?post=21131"}],"curies":[{"name":"wp","href":"https:\/\/api.w.org\/{rel}","templated":true}]}}