{"id":21185,"date":"2023-03-06T14:56:55","date_gmt":"2023-03-24T07:39:10","guid":{"rendered":"https:\/\/naturalpoland.pl\/produkty\/non class\u00e9\/criniere-de-herisson-criniere-de-lion\/"},"modified":"2023-03-24T08:39:10","modified_gmt":"2023-03-24T07:39:10","slug":"soplow-jewel-lions-mane","status":"publish","type":"product","link":"https:\/\/naturalpoland.com\/fr\/produkty\/produits-pour-les-industries-pharmaceutiques-et-medicales\/extraits-de-champignons\/soplow-jewel-lions-mane\/","title":{"rendered":"Crini\u00e8re de h\u00e9risson &#8211; Crini\u00e8re de lion"},"content":{"rendered":"<p>Les terp\u00e9no\u00efdes contenus dans la fleur de conif\u00e8re &#8211; les heric\u00e9nones et les \u00e9rinacines &#8211; stimulent la synth\u00e8se du facteur de croissance des nerfs (NGF), ce qui affecte la formation de nouvelles connexions synaptiques dans le cerveau et peut donc inhiber le d\u00e9veloppement de maladies neurod\u00e9g\u00e9n\u00e9ratives. La crini\u00e8re de lion peut \u00e9galement avoir des effets antid\u00e9presseurs et anxiolytiques.<\/p>\n<h3>Propri\u00e9t\u00e9s du spolia du h\u00e9risson &#8211; Crini\u00e8re de lion<\/h3>\n<ul>\n<li>a un effet nootropique, augmentant la production neuronale et la neuroplasticit\u00e9 dans le cerveau<\/li>\n<li>am\u00e9liore la m\u00e9moire et les capacit\u00e9s cognitives<\/li>\n<li>peut am\u00e9liorer l&rsquo;humeur et r\u00e9duire l&rsquo;anxi\u00e9t\u00e9<\/li>\n<li>r\u00e9duit l&rsquo;inflammation, prot\u00e8ge la muqueuse gastrique<\/li>\n<\/ul>\n","protected":false},"excerpt":{"rendered":"<p>Le champignon et le <strong><em data-rich-text-format-boundary=\"true\">myc\u00e9lium<\/em><\/strong> ferment\u00e9 produisent plusieurs classes de mol\u00e9cules bioactives, notamment des polysaccharides, des prot\u00e9ines, des lectines, des ph\u00e9nols et des terp\u00e9no\u00efdes.<\/p>\n","protected":false},"featured_media":20952,"template":"","meta":{"_acf_changed":false},"product_brand":[],"product_cat":[2053],"product_tag":[],"class_list":{"0":"post-21185","1":"product","2":"type-product","3":"status-publish","4":"has-post-thumbnail","6":"product_cat-extraits-de-champignons","7":"pa_czesc-rosliny-corps-fructifere","8":"pa_skladnik-aktywny-polysaccharides-fr","10":"first","11":"instock","12":"shipping-taxable","13":"product-type-simple"},"acf":[],"yoast_head":"<!-- This site is optimized with the Yoast SEO plugin v27.5 - https:\/\/yoast.com\/product\/yoast-seo-wordpress\/ -->\n<title>Crini\u00e8re de h\u00e9risson - Crini\u00e8re de lion - Distributeur en gros<\/title>\n<meta name=\"robots\" content=\"index, follow, max-snippet:-1, max-image-preview:large, max-video-preview:-1\" \/>\n<link rel=\"canonical\" href=\"https:\/\/naturalpoland.com\/fr\/produkty\/produits-pour-les-industries-pharmaceutiques-et-medicales\/extraits-de-champignons\/soplow-jewel-lions-mane\/\" \/>\n<meta property=\"og:locale\" content=\"fr_FR\" \/>\n<meta property=\"og:type\" content=\"article\" \/>\n<meta property=\"og:title\" content=\"Crini\u00e8re de h\u00e9risson - Crini\u00e8re de lion - Distributeur en gros\" \/>\n<meta property=\"og:description\" content=\"Le champignon et le myc\u00e9lium ferment\u00e9 produisent plusieurs classes de mol\u00e9cules bioactives, notamment des polysaccharides, des prot\u00e9ines, des lectines, des ph\u00e9nols et des terp\u00e9no\u00efdes.\" \/>\n<meta property=\"og:url\" content=\"https:\/\/naturalpoland.com\/fr\/produkty\/produits-pour-les-industries-pharmaceutiques-et-medicales\/extraits-de-champignons\/soplow-jewel-lions-mane\/\" \/>\n<meta property=\"og:site_name\" content=\"NATURAL POLAND - Distributeur de mati\u00e8res premi\u00e8res en gros\" \/>\n<meta property=\"article:publisher\" content=\"https:\/\/www.facebook.com\/naturalpoland.b2b\" \/>\n<meta property=\"og:image\" content=\"https:\/\/naturalpoland.com\/wp-content\/uploads\/soplowka-jezowata-Lions-mane.jpg\" \/>\n\t<meta property=\"og:image:width\" content=\"650\" \/>\n\t<meta property=\"og:image:height\" content=\"650\" \/>\n\t<meta property=\"og:image:type\" content=\"image\/jpeg\" \/>\n<script type=\"application\/ld+json\" class=\"yoast-schema-graph\">{\"@context\":\"https:\\\/\\\/schema.org\",\"@graph\":[{\"@type\":\"WebPage\",\"@id\":\"https:\\\/\\\/naturalpoland.com\\\/fr\\\/produkty\\\/produits-pour-les-industries-pharmaceutiques-et-medicales\\\/extraits-de-champignons\\\/soplow-jewel-lions-mane\\\/\",\"url\":\"https:\\\/\\\/naturalpoland.com\\\/fr\\\/produkty\\\/produits-pour-les-industries-pharmaceutiques-et-medicales\\\/extraits-de-champignons\\\/soplow-jewel-lions-mane\\\/\",\"name\":\"Crini\u00e8re de h\u00e9risson - Crini\u00e8re de lion - Distributeur en gros\",\"isPartOf\":{\"@id\":\"https:\\\/\\\/naturalpoland.com\\\/fr\\\/#website\"},\"primaryImageOfPage\":{\"@id\":\"https:\\\/\\\/naturalpoland.com\\\/fr\\\/produkty\\\/produits-pour-les-industries-pharmaceutiques-et-medicales\\\/extraits-de-champignons\\\/soplow-jewel-lions-mane\\\/#primaryimage\"},\"image\":{\"@id\":\"https:\\\/\\\/naturalpoland.com\\\/fr\\\/produkty\\\/produits-pour-les-industries-pharmaceutiques-et-medicales\\\/extraits-de-champignons\\\/soplow-jewel-lions-mane\\\/#primaryimage\"},\"thumbnailUrl\":\"https:\\\/\\\/naturalpoland.com\\\/wp-content\\\/uploads\\\/soplowka-jezowata-Lions-mane.jpg\",\"datePublished\":\"2023-03-24T07:39:10+00:00\",\"breadcrumb\":{\"@id\":\"https:\\\/\\\/naturalpoland.com\\\/fr\\\/produkty\\\/produits-pour-les-industries-pharmaceutiques-et-medicales\\\/extraits-de-champignons\\\/soplow-jewel-lions-mane\\\/#breadcrumb\"},\"inLanguage\":\"fr-FR\",\"potentialAction\":[{\"@type\":\"ReadAction\",\"target\":[\"https:\\\/\\\/naturalpoland.com\\\/fr\\\/produkty\\\/produits-pour-les-industries-pharmaceutiques-et-medicales\\\/extraits-de-champignons\\\/soplow-jewel-lions-mane\\\/\"]}]},{\"@type\":\"ImageObject\",\"inLanguage\":\"fr-FR\",\"@id\":\"https:\\\/\\\/naturalpoland.com\\\/fr\\\/produkty\\\/produits-pour-les-industries-pharmaceutiques-et-medicales\\\/extraits-de-champignons\\\/soplow-jewel-lions-mane\\\/#primaryimage\",\"url\":\"https:\\\/\\\/naturalpoland.com\\\/wp-content\\\/uploads\\\/soplowka-jezowata-Lions-mane.jpg\",\"contentUrl\":\"https:\\\/\\\/naturalpoland.com\\\/wp-content\\\/uploads\\\/soplowka-jezowata-Lions-mane.jpg\",\"width\":650,\"height\":650,\"caption\":\"Crini\u00e8re de h\u00e9risson - Crini\u00e8re de lion (Hericium erinaceus)\"},{\"@type\":\"BreadcrumbList\",\"@id\":\"https:\\\/\\\/naturalpoland.com\\\/fr\\\/produkty\\\/produits-pour-les-industries-pharmaceutiques-et-medicales\\\/extraits-de-champignons\\\/soplow-jewel-lions-mane\\\/#breadcrumb\",\"itemListElement\":[{\"@type\":\"ListItem\",\"position\":1,\"name\":\"Accueil\",\"item\":\"https:\\\/\\\/naturalpoland.com\\\/fr\\\/\"},{\"@type\":\"ListItem\",\"position\":2,\"name\":\"Produits\",\"item\":\"https:\\\/\\\/naturalpoland.com\\\/fr\\\/produits\\\/\"},{\"@type\":\"ListItem\",\"position\":3,\"name\":\"Crini\u00e8re de h\u00e9risson &#8211; Crini\u00e8re de lion\"}]},{\"@type\":\"WebSite\",\"@id\":\"https:\\\/\\\/naturalpoland.com\\\/fr\\\/#website\",\"url\":\"https:\\\/\\\/naturalpoland.com\\\/fr\\\/\",\"name\":\"NATURAL POLAND - Distributeur de mati\u00e8res premi\u00e8res en gros\",\"description\":\"Surowce dla przemys\u0142u spo\u017cywczego, kosmetycznego i farmaceutycznego\",\"publisher\":{\"@id\":\"https:\\\/\\\/naturalpoland.com\\\/fr\\\/#organization\"},\"potentialAction\":[{\"@type\":\"SearchAction\",\"target\":{\"@type\":\"EntryPoint\",\"urlTemplate\":\"https:\\\/\\\/naturalpoland.com\\\/fr\\\/?s={search_term_string}\"},\"query-input\":{\"@type\":\"PropertyValueSpecification\",\"valueRequired\":true,\"valueName\":\"search_term_string\"}}],\"inLanguage\":\"fr-FR\"},{\"@type\":\"Organization\",\"@id\":\"https:\\\/\\\/naturalpoland.com\\\/fr\\\/#organization\",\"name\":\"Natural Poland\",\"url\":\"https:\\\/\\\/naturalpoland.com\\\/fr\\\/\",\"logo\":{\"@type\":\"ImageObject\",\"inLanguage\":\"fr-FR\",\"@id\":\"https:\\\/\\\/naturalpoland.com\\\/fr\\\/#\\\/schema\\\/logo\\\/image\\\/\",\"url\":\"https:\\\/\\\/naturalpoland.com\\\/wp-content\\\/uploads\\\/2021\\\/05\\\/natural-poland-icon.png\",\"contentUrl\":\"https:\\\/\\\/naturalpoland.com\\\/wp-content\\\/uploads\\\/2021\\\/05\\\/natural-poland-icon.png\",\"width\":512,\"height\":512,\"caption\":\"Natural Poland\"},\"image\":{\"@id\":\"https:\\\/\\\/naturalpoland.com\\\/fr\\\/#\\\/schema\\\/logo\\\/image\\\/\"},\"sameAs\":[\"https:\\\/\\\/www.facebook.com\\\/naturalpoland.b2b\",\"https:\\\/\\\/pl.linkedin.com\\\/company\\\/natural-poland\",\"https:\\\/\\\/www.youtube.com\\\/channel\\\/UCgeGGkvOMahZo-xu_MSEWxg\"]}]}<\/script>\n<!-- \/ Yoast SEO plugin. -->","yoast_head_json":{"title":"Crini\u00e8re de h\u00e9risson - Crini\u00e8re de lion - Distributeur en gros","robots":{"index":"index","follow":"follow","max-snippet":"max-snippet:-1","max-image-preview":"max-image-preview:large","max-video-preview":"max-video-preview:-1"},"canonical":"https:\/\/naturalpoland.com\/fr\/produkty\/produits-pour-les-industries-pharmaceutiques-et-medicales\/extraits-de-champignons\/soplow-jewel-lions-mane\/","og_locale":"fr_FR","og_type":"article","og_title":"Crini\u00e8re de h\u00e9risson - Crini\u00e8re de lion - Distributeur en gros","og_description":"Le champignon et le myc\u00e9lium ferment\u00e9 produisent plusieurs classes de mol\u00e9cules bioactives, notamment des polysaccharides, des prot\u00e9ines, des lectines, des ph\u00e9nols et des terp\u00e9no\u00efdes.","og_url":"https:\/\/naturalpoland.com\/fr\/produkty\/produits-pour-les-industries-pharmaceutiques-et-medicales\/extraits-de-champignons\/soplow-jewel-lions-mane\/","og_site_name":"NATURAL POLAND - Distributeur de mati\u00e8res premi\u00e8res en gros","article_publisher":"https:\/\/www.facebook.com\/naturalpoland.b2b","og_image":[{"width":650,"height":650,"url":"https:\/\/naturalpoland.com\/wp-content\/uploads\/soplowka-jezowata-Lions-mane.jpg","type":"image\/jpeg"}],"schema":{"@context":"https:\/\/schema.org","@graph":[{"@type":"WebPage","@id":"https:\/\/naturalpoland.com\/fr\/produkty\/produits-pour-les-industries-pharmaceutiques-et-medicales\/extraits-de-champignons\/soplow-jewel-lions-mane\/","url":"https:\/\/naturalpoland.com\/fr\/produkty\/produits-pour-les-industries-pharmaceutiques-et-medicales\/extraits-de-champignons\/soplow-jewel-lions-mane\/","name":"Crini\u00e8re de h\u00e9risson - Crini\u00e8re de lion - Distributeur en gros","isPartOf":{"@id":"https:\/\/naturalpoland.com\/fr\/#website"},"primaryImageOfPage":{"@id":"https:\/\/naturalpoland.com\/fr\/produkty\/produits-pour-les-industries-pharmaceutiques-et-medicales\/extraits-de-champignons\/soplow-jewel-lions-mane\/#primaryimage"},"image":{"@id":"https:\/\/naturalpoland.com\/fr\/produkty\/produits-pour-les-industries-pharmaceutiques-et-medicales\/extraits-de-champignons\/soplow-jewel-lions-mane\/#primaryimage"},"thumbnailUrl":"https:\/\/naturalpoland.com\/wp-content\/uploads\/soplowka-jezowata-Lions-mane.jpg","datePublished":"2023-03-24T07:39:10+00:00","breadcrumb":{"@id":"https:\/\/naturalpoland.com\/fr\/produkty\/produits-pour-les-industries-pharmaceutiques-et-medicales\/extraits-de-champignons\/soplow-jewel-lions-mane\/#breadcrumb"},"inLanguage":"fr-FR","potentialAction":[{"@type":"ReadAction","target":["https:\/\/naturalpoland.com\/fr\/produkty\/produits-pour-les-industries-pharmaceutiques-et-medicales\/extraits-de-champignons\/soplow-jewel-lions-mane\/"]}]},{"@type":"ImageObject","inLanguage":"fr-FR","@id":"https:\/\/naturalpoland.com\/fr\/produkty\/produits-pour-les-industries-pharmaceutiques-et-medicales\/extraits-de-champignons\/soplow-jewel-lions-mane\/#primaryimage","url":"https:\/\/naturalpoland.com\/wp-content\/uploads\/soplowka-jezowata-Lions-mane.jpg","contentUrl":"https:\/\/naturalpoland.com\/wp-content\/uploads\/soplowka-jezowata-Lions-mane.jpg","width":650,"height":650,"caption":"Crini\u00e8re de h\u00e9risson - Crini\u00e8re de lion (Hericium erinaceus)"},{"@type":"BreadcrumbList","@id":"https:\/\/naturalpoland.com\/fr\/produkty\/produits-pour-les-industries-pharmaceutiques-et-medicales\/extraits-de-champignons\/soplow-jewel-lions-mane\/#breadcrumb","itemListElement":[{"@type":"ListItem","position":1,"name":"Accueil","item":"https:\/\/naturalpoland.com\/fr\/"},{"@type":"ListItem","position":2,"name":"Produits","item":"https:\/\/naturalpoland.com\/fr\/produits\/"},{"@type":"ListItem","position":3,"name":"Crini\u00e8re de h\u00e9risson &#8211; Crini\u00e8re de lion"}]},{"@type":"WebSite","@id":"https:\/\/naturalpoland.com\/fr\/#website","url":"https:\/\/naturalpoland.com\/fr\/","name":"NATURAL POLAND - Distributeur de mati\u00e8res premi\u00e8res en gros","description":"Surowce dla przemys\u0142u spo\u017cywczego, kosmetycznego i farmaceutycznego","publisher":{"@id":"https:\/\/naturalpoland.com\/fr\/#organization"},"potentialAction":[{"@type":"SearchAction","target":{"@type":"EntryPoint","urlTemplate":"https:\/\/naturalpoland.com\/fr\/?s={search_term_string}"},"query-input":{"@type":"PropertyValueSpecification","valueRequired":true,"valueName":"search_term_string"}}],"inLanguage":"fr-FR"},{"@type":"Organization","@id":"https:\/\/naturalpoland.com\/fr\/#organization","name":"Natural Poland","url":"https:\/\/naturalpoland.com\/fr\/","logo":{"@type":"ImageObject","inLanguage":"fr-FR","@id":"https:\/\/naturalpoland.com\/fr\/#\/schema\/logo\/image\/","url":"https:\/\/naturalpoland.com\/wp-content\/uploads\/2021\/05\/natural-poland-icon.png","contentUrl":"https:\/\/naturalpoland.com\/wp-content\/uploads\/2021\/05\/natural-poland-icon.png","width":512,"height":512,"caption":"Natural Poland"},"image":{"@id":"https:\/\/naturalpoland.com\/fr\/#\/schema\/logo\/image\/"},"sameAs":["https:\/\/www.facebook.com\/naturalpoland.b2b","https:\/\/pl.linkedin.com\/company\/natural-poland","https:\/\/www.youtube.com\/channel\/UCgeGGkvOMahZo-xu_MSEWxg"]}]}},"_links":{"self":[{"href":"https:\/\/naturalpoland.com\/fr\/wp-json\/wp\/v2\/product\/21185","targetHints":{"allow":["GET"]}}],"collection":[{"href":"https:\/\/naturalpoland.com\/fr\/wp-json\/wp\/v2\/product"}],"about":[{"href":"https:\/\/naturalpoland.com\/fr\/wp-json\/wp\/v2\/types\/product"}],"wp:featuredmedia":[{"embeddable":true,"href":"https:\/\/naturalpoland.com\/fr\/wp-json\/wp\/v2\/media\/20952"}],"wp:attachment":[{"href":"https:\/\/naturalpoland.com\/fr\/wp-json\/wp\/v2\/media?parent=21185"}],"wp:term":[{"taxonomy":"product_brand","embeddable":true,"href":"https:\/\/naturalpoland.com\/fr\/wp-json\/wp\/v2\/product_brand?post=21185"},{"taxonomy":"product_cat","embeddable":true,"href":"https:\/\/naturalpoland.com\/fr\/wp-json\/wp\/v2\/product_cat?post=21185"},{"taxonomy":"product_tag","embeddable":true,"href":"https:\/\/naturalpoland.com\/fr\/wp-json\/wp\/v2\/product_tag?post=21185"}],"curies":[{"name":"wp","href":"https:\/\/api.w.org\/{rel}","templated":true}]}}