{"id":21216,"date":"2023-02-15T15:04:34","date_gmt":"2023-03-24T08:34:16","guid":{"rendered":"https:\/\/naturalpoland.pl\/produkty\/non class\u00e9\/tremella-fuciformis-tremblante-macerat\/"},"modified":"2023-03-24T09:34:16","modified_gmt":"2023-03-24T08:34:16","slug":"fungus-tremella-tremella-fuciformis-fungus-tremella-fuciformis-macerat","status":"publish","type":"product","link":"https:\/\/naturalpoland.com\/fr\/produkty\/produits-pour-lindustrie-alimentaire\/matieres-premieres-pour-la-production\/fungus-tremella-tremella-fuciformis-fungus-tremella-fuciformis-macerat\/","title":{"rendered":"Tremella fuciformis, tremblante &#8211; mac\u00e9rat"},"content":{"rendered":"<p>En raison de son go\u00fbt et de son ar\u00f4me agr\u00e9ables, la tr\u00e9melle est parfois utilis\u00e9e comme ingr\u00e9dient dans divers plats et desserts. Du point de vue des industries di\u00e9t\u00e9tique et pharmaceutique, la fraction polysaccharide extraite est toutefois la plus importante. Elle se compose de xylose, de mannose et d&rsquo;acide glucuronique li\u00e9s par une liaison \u03b1-1,3-glycosidique, avec des cha\u00eenes lat\u00e9rales compos\u00e9es de galactose, d&rsquo;arabinose et de petites quantit\u00e9s de fucose.<\/p>\n<p>Le mac\u00e9rat obtenu est connu en cosm\u00e9tique comme un <strong>substitut naturel de l&rsquo;<a href=\"https:\/\/naturalpoland.pl\/fr\/produkty\/produits-pour-lindustrie-cosmetique\/matieres-premieres-cosmetiques\/acide-hyaluronique\/\">acide hyaluronique<\/a><\/strong>, car il poss\u00e8de de fortes propri\u00e9t\u00e9s hydratantes et anti-\u00e2ge.<\/p>\n<p>Dans les m\u00e9dicaments et les compl\u00e9ments alimentaires, en revanche, on appr\u00e9cie les propri\u00e9t\u00e9s adaptog\u00e8nes du serpent de mer, qui prot\u00e8ge l&rsquo;organisme des effets n\u00e9gatifs du stress et favorise la concentration et la m\u00e9moire. Il est \u00e9galement connu pour \u00eatre largement b\u00e9n\u00e9fique dans la pr\u00e9vention des maladies de civilisation. Les substances contenues dans l&rsquo;extrait abaissent les taux de glucose et de cholest\u00e9rol dans le sang, favorisent la d\u00e9sintoxication de l&rsquo;organisme et soutiennent le fonctionnement normal de l&rsquo;intestin.<\/p>\n","protected":false},"excerpt":{"rendered":"<p>Le champignon tremella, \u00e9galement connu sous le nom de <em>Tremella fu<\/em> ciformis ou <em>tremella fuciformis<\/em>, est une plante d&rsquo;origine asiatique utilis\u00e9e dans la m\u00e9decine traditionnelle chinoise. Gr\u00e2ce \u00e0 son action multidirectionnelle, il peut \u00eatre utilis\u00e9 dans les domaines suivants <strong><br \/>\n  <a href=\"\/kategoria\/produkty-dla-przemyslu-kosmetycznego\/\">l&rsquo;industrie cosm\u00e9tique<\/a><br \/>\n<\/strong>que dans <strong><br \/>\n  <a href=\"\/kategoria\/produkty-dla-przemyslu-spozywczego\/\">l&rsquo;industrie alimentaire<\/a><br \/>\n<\/strong> i <strong><br \/>\n  <a href=\"\/kategoria\/produkty-dla-przemyslu-farmaceutycznego-i-medycznego\/\">l&rsquo;industrie pharmaceutique<\/a><br \/>\n<\/strong>.<\/p>\n","protected":false},"featured_media":20870,"template":"","meta":[],"product_brand":[],"product_cat":[1300,1305,1312],"product_tag":[],"class_list":{"0":"post-21216","1":"product","2":"type-product","3":"status-publish","4":"has-post-thumbnail","6":"product_cat-additifs-de-complements-alimentaires","7":"product_cat-macerat","8":"product_cat-matieres-premieres-pour-la-production","10":"first","11":"instock","12":"shipping-taxable","13":"product-type-simple"},"yoast_head":"<!-- This site is optimized with the Yoast SEO plugin v27.3 - https:\/\/yoast.com\/product\/yoast-seo-wordpress\/ -->\n<title>Tremella fuciformis, tremblante - mac\u00e9rat - Distributeur en gros<\/title>\n<meta name=\"robots\" content=\"index, follow, max-snippet:-1, max-image-preview:large, max-video-preview:-1\" \/>\n<link rel=\"canonical\" href=\"https:\/\/naturalpoland.com\/fr\/produkty\/produits-pour-lindustrie-alimentaire\/matieres-premieres-pour-la-production\/fungus-tremella-tremella-fuciformis-fungus-tremella-fuciformis-macerat\/\" \/>\n<meta property=\"og:locale\" content=\"fr_FR\" \/>\n<meta property=\"og:type\" content=\"article\" \/>\n<meta property=\"og:title\" content=\"Tremella fuciformis, tremblante - mac\u00e9rat - Distributeur en gros\" \/>\n<meta property=\"og:description\" content=\"Le champignon tremella, \u00e9galement connu sous le nom de Tremella fu ciformis ou tremella fuciformis, est une plante d&#039;origine asiatique utilis\u00e9e dans la m\u00e9decine traditionnelle chinoise. Gr\u00e2ce \u00e0 son action multidirectionnelle, il peut \u00eatre utilis\u00e9 dans les domaines suivants  l&#039;industrie cosm\u00e9tique que dans  l&#039;industrie alimentaire i  l&#039;industrie pharmaceutique .\" \/>\n<meta property=\"og:url\" content=\"https:\/\/naturalpoland.com\/fr\/produkty\/produits-pour-lindustrie-alimentaire\/matieres-premieres-pour-la-production\/fungus-tremella-tremella-fuciformis-fungus-tremella-fuciformis-macerat\/\" \/>\n<meta property=\"og:site_name\" content=\"NATURAL POLAND - Distributeur de mati\u00e8res premi\u00e8res en gros\" \/>\n<meta property=\"article:publisher\" content=\"https:\/\/www.facebook.com\/naturalpoland.b2b\" \/>\n<meta property=\"og:image\" content=\"https:\/\/naturalpoland.com\/wp-content\/uploads\/Grzyb-tremella-Tremella-fuciformis-trzesak-morszczynowaty-macerat.jpg\" \/>\n\t<meta property=\"og:image:width\" content=\"600\" \/>\n\t<meta property=\"og:image:height\" content=\"600\" \/>\n\t<meta property=\"og:image:type\" content=\"image\/jpeg\" \/>\n<script type=\"application\/ld+json\" class=\"yoast-schema-graph\">{\"@context\":\"https:\\\/\\\/schema.org\",\"@graph\":[{\"@type\":\"WebPage\",\"@id\":\"https:\\\/\\\/naturalpoland.com\\\/fr\\\/produkty\\\/produits-pour-lindustrie-alimentaire\\\/matieres-premieres-pour-la-production\\\/fungus-tremella-tremella-fuciformis-fungus-tremella-fuciformis-macerat\\\/\",\"url\":\"https:\\\/\\\/naturalpoland.com\\\/fr\\\/produkty\\\/produits-pour-lindustrie-alimentaire\\\/matieres-premieres-pour-la-production\\\/fungus-tremella-tremella-fuciformis-fungus-tremella-fuciformis-macerat\\\/\",\"name\":\"Tremella fuciformis, tremblante - mac\u00e9rat - Distributeur en gros\",\"isPartOf\":{\"@id\":\"https:\\\/\\\/naturalpoland.com\\\/fr\\\/#website\"},\"primaryImageOfPage\":{\"@id\":\"https:\\\/\\\/naturalpoland.com\\\/fr\\\/produkty\\\/produits-pour-lindustrie-alimentaire\\\/matieres-premieres-pour-la-production\\\/fungus-tremella-tremella-fuciformis-fungus-tremella-fuciformis-macerat\\\/#primaryimage\"},\"image\":{\"@id\":\"https:\\\/\\\/naturalpoland.com\\\/fr\\\/produkty\\\/produits-pour-lindustrie-alimentaire\\\/matieres-premieres-pour-la-production\\\/fungus-tremella-tremella-fuciformis-fungus-tremella-fuciformis-macerat\\\/#primaryimage\"},\"thumbnailUrl\":\"https:\\\/\\\/naturalpoland.com\\\/wp-content\\\/uploads\\\/Grzyb-tremella-Tremella-fuciformis-trzesak-morszczynowaty-macerat.jpg\",\"datePublished\":\"2023-03-24T08:34:16+00:00\",\"breadcrumb\":{\"@id\":\"https:\\\/\\\/naturalpoland.com\\\/fr\\\/produkty\\\/produits-pour-lindustrie-alimentaire\\\/matieres-premieres-pour-la-production\\\/fungus-tremella-tremella-fuciformis-fungus-tremella-fuciformis-macerat\\\/#breadcrumb\"},\"inLanguage\":\"fr-FR\",\"potentialAction\":[{\"@type\":\"ReadAction\",\"target\":[\"https:\\\/\\\/naturalpoland.com\\\/fr\\\/produkty\\\/produits-pour-lindustrie-alimentaire\\\/matieres-premieres-pour-la-production\\\/fungus-tremella-tremella-fuciformis-fungus-tremella-fuciformis-macerat\\\/\"]}]},{\"@type\":\"ImageObject\",\"inLanguage\":\"fr-FR\",\"@id\":\"https:\\\/\\\/naturalpoland.com\\\/fr\\\/produkty\\\/produits-pour-lindustrie-alimentaire\\\/matieres-premieres-pour-la-production\\\/fungus-tremella-tremella-fuciformis-fungus-tremella-fuciformis-macerat\\\/#primaryimage\",\"url\":\"https:\\\/\\\/naturalpoland.com\\\/wp-content\\\/uploads\\\/Grzyb-tremella-Tremella-fuciformis-trzesak-morszczynowaty-macerat.jpg\",\"contentUrl\":\"https:\\\/\\\/naturalpoland.com\\\/wp-content\\\/uploads\\\/Grzyb-tremella-Tremella-fuciformis-trzesak-morszczynowaty-macerat.jpg\",\"width\":600,\"height\":600,\"caption\":\"Champignon Tremella - Tremella fuciformis, tremblante - mac\u00e9rat\"},{\"@type\":\"BreadcrumbList\",\"@id\":\"https:\\\/\\\/naturalpoland.com\\\/fr\\\/produkty\\\/produits-pour-lindustrie-alimentaire\\\/matieres-premieres-pour-la-production\\\/fungus-tremella-tremella-fuciformis-fungus-tremella-fuciformis-macerat\\\/#breadcrumb\",\"itemListElement\":[{\"@type\":\"ListItem\",\"position\":1,\"name\":\"Accueil\",\"item\":\"https:\\\/\\\/naturalpoland.com\\\/fr\\\/\"},{\"@type\":\"ListItem\",\"position\":2,\"name\":\"Produits\",\"item\":\"https:\\\/\\\/naturalpoland.com\\\/fr\\\/produits\\\/\"},{\"@type\":\"ListItem\",\"position\":3,\"name\":\"Tremella fuciformis, tremblante &#8211; mac\u00e9rat\"}]},{\"@type\":\"WebSite\",\"@id\":\"https:\\\/\\\/naturalpoland.com\\\/fr\\\/#website\",\"url\":\"https:\\\/\\\/naturalpoland.com\\\/fr\\\/\",\"name\":\"NATURAL POLAND - Distributeur de mati\u00e8res premi\u00e8res en gros\",\"description\":\"Surowce dla przemys\u0142u spo\u017cywczego, kosmetycznego i farmaceutycznego\",\"publisher\":{\"@id\":\"https:\\\/\\\/naturalpoland.com\\\/fr\\\/#organization\"},\"potentialAction\":[{\"@type\":\"SearchAction\",\"target\":{\"@type\":\"EntryPoint\",\"urlTemplate\":\"https:\\\/\\\/naturalpoland.com\\\/fr\\\/?s={search_term_string}\"},\"query-input\":{\"@type\":\"PropertyValueSpecification\",\"valueRequired\":true,\"valueName\":\"search_term_string\"}}],\"inLanguage\":\"fr-FR\"},{\"@type\":\"Organization\",\"@id\":\"https:\\\/\\\/naturalpoland.com\\\/fr\\\/#organization\",\"name\":\"Natural Poland\",\"url\":\"https:\\\/\\\/naturalpoland.com\\\/fr\\\/\",\"logo\":{\"@type\":\"ImageObject\",\"inLanguage\":\"fr-FR\",\"@id\":\"https:\\\/\\\/naturalpoland.com\\\/fr\\\/#\\\/schema\\\/logo\\\/image\\\/\",\"url\":\"https:\\\/\\\/naturalpoland.com\\\/wp-content\\\/uploads\\\/2021\\\/05\\\/natural-poland-icon.png\",\"contentUrl\":\"https:\\\/\\\/naturalpoland.com\\\/wp-content\\\/uploads\\\/2021\\\/05\\\/natural-poland-icon.png\",\"width\":512,\"height\":512,\"caption\":\"Natural Poland\"},\"image\":{\"@id\":\"https:\\\/\\\/naturalpoland.com\\\/fr\\\/#\\\/schema\\\/logo\\\/image\\\/\"},\"sameAs\":[\"https:\\\/\\\/www.facebook.com\\\/naturalpoland.b2b\",\"https:\\\/\\\/pl.linkedin.com\\\/company\\\/natural-poland\",\"https:\\\/\\\/www.youtube.com\\\/channel\\\/UCgeGGkvOMahZo-xu_MSEWxg\"]}]}<\/script>\n<!-- \/ Yoast SEO plugin. -->","yoast_head_json":{"title":"Tremella fuciformis, tremblante - mac\u00e9rat - Distributeur en gros","robots":{"index":"index","follow":"follow","max-snippet":"max-snippet:-1","max-image-preview":"max-image-preview:large","max-video-preview":"max-video-preview:-1"},"canonical":"https:\/\/naturalpoland.com\/fr\/produkty\/produits-pour-lindustrie-alimentaire\/matieres-premieres-pour-la-production\/fungus-tremella-tremella-fuciformis-fungus-tremella-fuciformis-macerat\/","og_locale":"fr_FR","og_type":"article","og_title":"Tremella fuciformis, tremblante - mac\u00e9rat - Distributeur en gros","og_description":"Le champignon tremella, \u00e9galement connu sous le nom de Tremella fu ciformis ou tremella fuciformis, est une plante d'origine asiatique utilis\u00e9e dans la m\u00e9decine traditionnelle chinoise. Gr\u00e2ce \u00e0 son action multidirectionnelle, il peut \u00eatre utilis\u00e9 dans les domaines suivants  l'industrie cosm\u00e9tique que dans  l'industrie alimentaire i  l'industrie pharmaceutique .","og_url":"https:\/\/naturalpoland.com\/fr\/produkty\/produits-pour-lindustrie-alimentaire\/matieres-premieres-pour-la-production\/fungus-tremella-tremella-fuciformis-fungus-tremella-fuciformis-macerat\/","og_site_name":"NATURAL POLAND - Distributeur de mati\u00e8res premi\u00e8res en gros","article_publisher":"https:\/\/www.facebook.com\/naturalpoland.b2b","og_image":[{"width":600,"height":600,"url":"https:\/\/naturalpoland.com\/wp-content\/uploads\/Grzyb-tremella-Tremella-fuciformis-trzesak-morszczynowaty-macerat.jpg","type":"image\/jpeg"}],"schema":{"@context":"https:\/\/schema.org","@graph":[{"@type":"WebPage","@id":"https:\/\/naturalpoland.com\/fr\/produkty\/produits-pour-lindustrie-alimentaire\/matieres-premieres-pour-la-production\/fungus-tremella-tremella-fuciformis-fungus-tremella-fuciformis-macerat\/","url":"https:\/\/naturalpoland.com\/fr\/produkty\/produits-pour-lindustrie-alimentaire\/matieres-premieres-pour-la-production\/fungus-tremella-tremella-fuciformis-fungus-tremella-fuciformis-macerat\/","name":"Tremella fuciformis, tremblante - mac\u00e9rat - Distributeur en gros","isPartOf":{"@id":"https:\/\/naturalpoland.com\/fr\/#website"},"primaryImageOfPage":{"@id":"https:\/\/naturalpoland.com\/fr\/produkty\/produits-pour-lindustrie-alimentaire\/matieres-premieres-pour-la-production\/fungus-tremella-tremella-fuciformis-fungus-tremella-fuciformis-macerat\/#primaryimage"},"image":{"@id":"https:\/\/naturalpoland.com\/fr\/produkty\/produits-pour-lindustrie-alimentaire\/matieres-premieres-pour-la-production\/fungus-tremella-tremella-fuciformis-fungus-tremella-fuciformis-macerat\/#primaryimage"},"thumbnailUrl":"https:\/\/naturalpoland.com\/wp-content\/uploads\/Grzyb-tremella-Tremella-fuciformis-trzesak-morszczynowaty-macerat.jpg","datePublished":"2023-03-24T08:34:16+00:00","breadcrumb":{"@id":"https:\/\/naturalpoland.com\/fr\/produkty\/produits-pour-lindustrie-alimentaire\/matieres-premieres-pour-la-production\/fungus-tremella-tremella-fuciformis-fungus-tremella-fuciformis-macerat\/#breadcrumb"},"inLanguage":"fr-FR","potentialAction":[{"@type":"ReadAction","target":["https:\/\/naturalpoland.com\/fr\/produkty\/produits-pour-lindustrie-alimentaire\/matieres-premieres-pour-la-production\/fungus-tremella-tremella-fuciformis-fungus-tremella-fuciformis-macerat\/"]}]},{"@type":"ImageObject","inLanguage":"fr-FR","@id":"https:\/\/naturalpoland.com\/fr\/produkty\/produits-pour-lindustrie-alimentaire\/matieres-premieres-pour-la-production\/fungus-tremella-tremella-fuciformis-fungus-tremella-fuciformis-macerat\/#primaryimage","url":"https:\/\/naturalpoland.com\/wp-content\/uploads\/Grzyb-tremella-Tremella-fuciformis-trzesak-morszczynowaty-macerat.jpg","contentUrl":"https:\/\/naturalpoland.com\/wp-content\/uploads\/Grzyb-tremella-Tremella-fuciformis-trzesak-morszczynowaty-macerat.jpg","width":600,"height":600,"caption":"Champignon Tremella - Tremella fuciformis, tremblante - mac\u00e9rat"},{"@type":"BreadcrumbList","@id":"https:\/\/naturalpoland.com\/fr\/produkty\/produits-pour-lindustrie-alimentaire\/matieres-premieres-pour-la-production\/fungus-tremella-tremella-fuciformis-fungus-tremella-fuciformis-macerat\/#breadcrumb","itemListElement":[{"@type":"ListItem","position":1,"name":"Accueil","item":"https:\/\/naturalpoland.com\/fr\/"},{"@type":"ListItem","position":2,"name":"Produits","item":"https:\/\/naturalpoland.com\/fr\/produits\/"},{"@type":"ListItem","position":3,"name":"Tremella fuciformis, tremblante &#8211; mac\u00e9rat"}]},{"@type":"WebSite","@id":"https:\/\/naturalpoland.com\/fr\/#website","url":"https:\/\/naturalpoland.com\/fr\/","name":"NATURAL POLAND - Distributeur de mati\u00e8res premi\u00e8res en gros","description":"Surowce dla przemys\u0142u spo\u017cywczego, kosmetycznego i farmaceutycznego","publisher":{"@id":"https:\/\/naturalpoland.com\/fr\/#organization"},"potentialAction":[{"@type":"SearchAction","target":{"@type":"EntryPoint","urlTemplate":"https:\/\/naturalpoland.com\/fr\/?s={search_term_string}"},"query-input":{"@type":"PropertyValueSpecification","valueRequired":true,"valueName":"search_term_string"}}],"inLanguage":"fr-FR"},{"@type":"Organization","@id":"https:\/\/naturalpoland.com\/fr\/#organization","name":"Natural Poland","url":"https:\/\/naturalpoland.com\/fr\/","logo":{"@type":"ImageObject","inLanguage":"fr-FR","@id":"https:\/\/naturalpoland.com\/fr\/#\/schema\/logo\/image\/","url":"https:\/\/naturalpoland.com\/wp-content\/uploads\/2021\/05\/natural-poland-icon.png","contentUrl":"https:\/\/naturalpoland.com\/wp-content\/uploads\/2021\/05\/natural-poland-icon.png","width":512,"height":512,"caption":"Natural Poland"},"image":{"@id":"https:\/\/naturalpoland.com\/fr\/#\/schema\/logo\/image\/"},"sameAs":["https:\/\/www.facebook.com\/naturalpoland.b2b","https:\/\/pl.linkedin.com\/company\/natural-poland","https:\/\/www.youtube.com\/channel\/UCgeGGkvOMahZo-xu_MSEWxg"]}]}},"_links":{"self":[{"href":"https:\/\/naturalpoland.com\/fr\/wp-json\/wp\/v2\/product\/21216","targetHints":{"allow":["GET"]}}],"collection":[{"href":"https:\/\/naturalpoland.com\/fr\/wp-json\/wp\/v2\/product"}],"about":[{"href":"https:\/\/naturalpoland.com\/fr\/wp-json\/wp\/v2\/types\/product"}],"wp:featuredmedia":[{"embeddable":true,"href":"https:\/\/naturalpoland.com\/fr\/wp-json\/wp\/v2\/media\/20870"}],"wp:attachment":[{"href":"https:\/\/naturalpoland.com\/fr\/wp-json\/wp\/v2\/media?parent=21216"}],"wp:term":[{"taxonomy":"product_brand","embeddable":true,"href":"https:\/\/naturalpoland.com\/fr\/wp-json\/wp\/v2\/product_brand?post=21216"},{"taxonomy":"product_cat","embeddable":true,"href":"https:\/\/naturalpoland.com\/fr\/wp-json\/wp\/v2\/product_cat?post=21216"},{"taxonomy":"product_tag","embeddable":true,"href":"https:\/\/naturalpoland.com\/fr\/wp-json\/wp\/v2\/product_tag?post=21216"}],"curies":[{"name":"wp","href":"https:\/\/api.w.org\/{rel}","templated":true}]}}