{"id":22733,"date":"2023-04-13T14:07:50","date_gmt":"2023-04-21T11:49:21","guid":{"rendered":"https:\/\/naturalpoland.pl\/produkty\/non class\u00e9\/huile-de-pepins-de-canneberge\/"},"modified":"2023-04-21T13:49:21","modified_gmt":"2023-04-21T11:49:21","slug":"huile-de-pepins-de-canneberge","status":"publish","type":"product","link":"https:\/\/naturalpoland.com\/fr\/produkty\/huiles-alimentaires-et-cosmetiques\/huile-de-pepins-de-canneberge\/","title":{"rendered":"Huile de p\u00e9pins de canneberge"},"content":{"rendered":"<p>L&rsquo;huile de p\u00e9pins de canneberge poss\u00e8de \u00e9galement de fortes propri\u00e9t\u00e9s antioxydantes, qui aident \u00e0 lutter contre les radicaux libres et \u00e0 pr\u00e9venir le vieillissement de la peau.<br \/>\n<strong>Utilis\u00e9e en cosm\u00e9tique<\/strong>, l&rsquo;huile de p\u00e9pins de canneberge peut contribuer \u00e0 l&rsquo;hydratation et \u00e0 la r\u00e9g\u00e9n\u00e9ration de la peau, ainsi qu&rsquo;au renforcement de sa barri\u00e8re protectrice et \u00e0 l&rsquo;am\u00e9lioration de son \u00e9lasticit\u00e9.<br \/>\n<strong>En m\u00e9decine naturelle, l<\/strong> &lsquo;huile de p\u00e9pins de canneberge est utilis\u00e9e pour traiter les infections urinaires et les cystites, en raison de ses propri\u00e9t\u00e9s antibact\u00e9riennes et anti-inflammatoires.<\/p>\n","protected":false},"excerpt":{"rendered":"<p>L&rsquo;huile de p\u00e9pins de canneberge est une huile v\u00e9g\u00e9tale naturelle extraite des graines du fruit de la canneberge<em>(Vaccinium macrocarpon<\/em>).<br \/>\nCette huile est riche en acides gras tels que les acides linol\u00e9ique, ol\u00e9ique et palmitique, ce qui en fait un excellent \u00e9mollient et hydratant pour la peau. <\/p>\n","protected":false},"featured_media":21877,"template":"","meta":{"_acf_changed":false},"product_brand":[],"product_cat":[1296],"product_tag":[2247],"class_list":{"0":"post-22733","1":"product","2":"type-product","3":"status-publish","4":"has-post-thumbnail","6":"product_cat-huiles-alimentaires-et-cosmetiques","7":"product_tag-huile-de-fruit","9":"first","10":"instock","11":"shipping-taxable","12":"product-type-simple"},"acf":[],"yoast_head":"<!-- This site is optimized with the Yoast SEO plugin v27.4 - https:\/\/yoast.com\/product\/yoast-seo-wordpress\/ -->\n<title>Huile de p\u00e9pins de canneberge - Distributeur en gros<\/title>\n<meta name=\"robots\" content=\"index, follow, max-snippet:-1, max-image-preview:large, max-video-preview:-1\" \/>\n<link rel=\"canonical\" href=\"https:\/\/naturalpoland.com\/fr\/produkty\/huiles-alimentaires-et-cosmetiques\/huile-de-pepins-de-canneberge\/\" \/>\n<meta property=\"og:locale\" content=\"fr_FR\" \/>\n<meta property=\"og:type\" content=\"article\" \/>\n<meta property=\"og:title\" content=\"Huile de p\u00e9pins de canneberge - Distributeur en gros\" \/>\n<meta property=\"og:description\" content=\"L&#039;huile de p\u00e9pins de canneberge est une huile v\u00e9g\u00e9tale naturelle extraite des graines du fruit de la canneberge(Vaccinium macrocarpon). Cette huile est riche en acides gras tels que les acides linol\u00e9ique, ol\u00e9ique et palmitique, ce qui en fait un excellent \u00e9mollient et hydratant pour la peau.\" \/>\n<meta property=\"og:url\" content=\"https:\/\/naturalpoland.com\/fr\/produkty\/huiles-alimentaires-et-cosmetiques\/huile-de-pepins-de-canneberge\/\" \/>\n<meta property=\"og:site_name\" content=\"NATURAL POLAND - Distributeur de mati\u00e8res premi\u00e8res en gros\" \/>\n<meta property=\"article:publisher\" content=\"https:\/\/www.facebook.com\/naturalpoland.b2b\" \/>\n<meta property=\"og:image\" content=\"https:\/\/naturalpoland.com\/wp-content\/uploads\/Cranberry-seed-oil.png\" \/>\n\t<meta property=\"og:image:width\" content=\"500\" \/>\n\t<meta property=\"og:image:height\" content=\"500\" \/>\n\t<meta property=\"og:image:type\" content=\"image\/png\" \/>\n<script type=\"application\/ld+json\" class=\"yoast-schema-graph\">{\"@context\":\"https:\\\/\\\/schema.org\",\"@graph\":[{\"@type\":\"WebPage\",\"@id\":\"https:\\\/\\\/naturalpoland.com\\\/fr\\\/produkty\\\/huiles-alimentaires-et-cosmetiques\\\/huile-de-pepins-de-canneberge\\\/\",\"url\":\"https:\\\/\\\/naturalpoland.com\\\/fr\\\/produkty\\\/huiles-alimentaires-et-cosmetiques\\\/huile-de-pepins-de-canneberge\\\/\",\"name\":\"Huile de p\u00e9pins de canneberge - Distributeur en gros\",\"isPartOf\":{\"@id\":\"https:\\\/\\\/naturalpoland.com\\\/fr\\\/#website\"},\"primaryImageOfPage\":{\"@id\":\"https:\\\/\\\/naturalpoland.com\\\/fr\\\/produkty\\\/huiles-alimentaires-et-cosmetiques\\\/huile-de-pepins-de-canneberge\\\/#primaryimage\"},\"image\":{\"@id\":\"https:\\\/\\\/naturalpoland.com\\\/fr\\\/produkty\\\/huiles-alimentaires-et-cosmetiques\\\/huile-de-pepins-de-canneberge\\\/#primaryimage\"},\"thumbnailUrl\":\"https:\\\/\\\/naturalpoland.com\\\/wp-content\\\/uploads\\\/Cranberry-seed-oil.png\",\"datePublished\":\"2023-04-21T11:49:21+00:00\",\"breadcrumb\":{\"@id\":\"https:\\\/\\\/naturalpoland.com\\\/fr\\\/produkty\\\/huiles-alimentaires-et-cosmetiques\\\/huile-de-pepins-de-canneberge\\\/#breadcrumb\"},\"inLanguage\":\"fr-FR\",\"potentialAction\":[{\"@type\":\"ReadAction\",\"target\":[\"https:\\\/\\\/naturalpoland.com\\\/fr\\\/produkty\\\/huiles-alimentaires-et-cosmetiques\\\/huile-de-pepins-de-canneberge\\\/\"]}]},{\"@type\":\"ImageObject\",\"inLanguage\":\"fr-FR\",\"@id\":\"https:\\\/\\\/naturalpoland.com\\\/fr\\\/produkty\\\/huiles-alimentaires-et-cosmetiques\\\/huile-de-pepins-de-canneberge\\\/#primaryimage\",\"url\":\"https:\\\/\\\/naturalpoland.com\\\/wp-content\\\/uploads\\\/Cranberry-seed-oil.png\",\"contentUrl\":\"https:\\\/\\\/naturalpoland.com\\\/wp-content\\\/uploads\\\/Cranberry-seed-oil.png\",\"width\":500,\"height\":500,\"caption\":\"huile de graines de gyrus\"},{\"@type\":\"BreadcrumbList\",\"@id\":\"https:\\\/\\\/naturalpoland.com\\\/fr\\\/produkty\\\/huiles-alimentaires-et-cosmetiques\\\/huile-de-pepins-de-canneberge\\\/#breadcrumb\",\"itemListElement\":[{\"@type\":\"ListItem\",\"position\":1,\"name\":\"Accueil\",\"item\":\"https:\\\/\\\/naturalpoland.com\\\/fr\\\/\"},{\"@type\":\"ListItem\",\"position\":2,\"name\":\"Produits\",\"item\":\"https:\\\/\\\/naturalpoland.com\\\/fr\\\/produits\\\/\"},{\"@type\":\"ListItem\",\"position\":3,\"name\":\"Huile de p\u00e9pins de canneberge\"}]},{\"@type\":\"WebSite\",\"@id\":\"https:\\\/\\\/naturalpoland.com\\\/fr\\\/#website\",\"url\":\"https:\\\/\\\/naturalpoland.com\\\/fr\\\/\",\"name\":\"NATURAL POLAND - Distributeur de mati\u00e8res premi\u00e8res en gros\",\"description\":\"Surowce dla przemys\u0142u spo\u017cywczego, kosmetycznego i farmaceutycznego\",\"publisher\":{\"@id\":\"https:\\\/\\\/naturalpoland.com\\\/fr\\\/#organization\"},\"potentialAction\":[{\"@type\":\"SearchAction\",\"target\":{\"@type\":\"EntryPoint\",\"urlTemplate\":\"https:\\\/\\\/naturalpoland.com\\\/fr\\\/?s={search_term_string}\"},\"query-input\":{\"@type\":\"PropertyValueSpecification\",\"valueRequired\":true,\"valueName\":\"search_term_string\"}}],\"inLanguage\":\"fr-FR\"},{\"@type\":\"Organization\",\"@id\":\"https:\\\/\\\/naturalpoland.com\\\/fr\\\/#organization\",\"name\":\"Natural Poland\",\"url\":\"https:\\\/\\\/naturalpoland.com\\\/fr\\\/\",\"logo\":{\"@type\":\"ImageObject\",\"inLanguage\":\"fr-FR\",\"@id\":\"https:\\\/\\\/naturalpoland.com\\\/fr\\\/#\\\/schema\\\/logo\\\/image\\\/\",\"url\":\"https:\\\/\\\/naturalpoland.com\\\/wp-content\\\/uploads\\\/2021\\\/05\\\/natural-poland-icon.png\",\"contentUrl\":\"https:\\\/\\\/naturalpoland.com\\\/wp-content\\\/uploads\\\/2021\\\/05\\\/natural-poland-icon.png\",\"width\":512,\"height\":512,\"caption\":\"Natural Poland\"},\"image\":{\"@id\":\"https:\\\/\\\/naturalpoland.com\\\/fr\\\/#\\\/schema\\\/logo\\\/image\\\/\"},\"sameAs\":[\"https:\\\/\\\/www.facebook.com\\\/naturalpoland.b2b\",\"https:\\\/\\\/pl.linkedin.com\\\/company\\\/natural-poland\",\"https:\\\/\\\/www.youtube.com\\\/channel\\\/UCgeGGkvOMahZo-xu_MSEWxg\"]}]}<\/script>\n<!-- \/ Yoast SEO plugin. -->","yoast_head_json":{"title":"Huile de p\u00e9pins de canneberge - Distributeur en gros","robots":{"index":"index","follow":"follow","max-snippet":"max-snippet:-1","max-image-preview":"max-image-preview:large","max-video-preview":"max-video-preview:-1"},"canonical":"https:\/\/naturalpoland.com\/fr\/produkty\/huiles-alimentaires-et-cosmetiques\/huile-de-pepins-de-canneberge\/","og_locale":"fr_FR","og_type":"article","og_title":"Huile de p\u00e9pins de canneberge - Distributeur en gros","og_description":"L'huile de p\u00e9pins de canneberge est une huile v\u00e9g\u00e9tale naturelle extraite des graines du fruit de la canneberge(Vaccinium macrocarpon). Cette huile est riche en acides gras tels que les acides linol\u00e9ique, ol\u00e9ique et palmitique, ce qui en fait un excellent \u00e9mollient et hydratant pour la peau.","og_url":"https:\/\/naturalpoland.com\/fr\/produkty\/huiles-alimentaires-et-cosmetiques\/huile-de-pepins-de-canneberge\/","og_site_name":"NATURAL POLAND - Distributeur de mati\u00e8res premi\u00e8res en gros","article_publisher":"https:\/\/www.facebook.com\/naturalpoland.b2b","og_image":[{"width":500,"height":500,"url":"https:\/\/naturalpoland.com\/wp-content\/uploads\/Cranberry-seed-oil.png","type":"image\/png"}],"schema":{"@context":"https:\/\/schema.org","@graph":[{"@type":"WebPage","@id":"https:\/\/naturalpoland.com\/fr\/produkty\/huiles-alimentaires-et-cosmetiques\/huile-de-pepins-de-canneberge\/","url":"https:\/\/naturalpoland.com\/fr\/produkty\/huiles-alimentaires-et-cosmetiques\/huile-de-pepins-de-canneberge\/","name":"Huile de p\u00e9pins de canneberge - Distributeur en gros","isPartOf":{"@id":"https:\/\/naturalpoland.com\/fr\/#website"},"primaryImageOfPage":{"@id":"https:\/\/naturalpoland.com\/fr\/produkty\/huiles-alimentaires-et-cosmetiques\/huile-de-pepins-de-canneberge\/#primaryimage"},"image":{"@id":"https:\/\/naturalpoland.com\/fr\/produkty\/huiles-alimentaires-et-cosmetiques\/huile-de-pepins-de-canneberge\/#primaryimage"},"thumbnailUrl":"https:\/\/naturalpoland.com\/wp-content\/uploads\/Cranberry-seed-oil.png","datePublished":"2023-04-21T11:49:21+00:00","breadcrumb":{"@id":"https:\/\/naturalpoland.com\/fr\/produkty\/huiles-alimentaires-et-cosmetiques\/huile-de-pepins-de-canneberge\/#breadcrumb"},"inLanguage":"fr-FR","potentialAction":[{"@type":"ReadAction","target":["https:\/\/naturalpoland.com\/fr\/produkty\/huiles-alimentaires-et-cosmetiques\/huile-de-pepins-de-canneberge\/"]}]},{"@type":"ImageObject","inLanguage":"fr-FR","@id":"https:\/\/naturalpoland.com\/fr\/produkty\/huiles-alimentaires-et-cosmetiques\/huile-de-pepins-de-canneberge\/#primaryimage","url":"https:\/\/naturalpoland.com\/wp-content\/uploads\/Cranberry-seed-oil.png","contentUrl":"https:\/\/naturalpoland.com\/wp-content\/uploads\/Cranberry-seed-oil.png","width":500,"height":500,"caption":"huile de graines de gyrus"},{"@type":"BreadcrumbList","@id":"https:\/\/naturalpoland.com\/fr\/produkty\/huiles-alimentaires-et-cosmetiques\/huile-de-pepins-de-canneberge\/#breadcrumb","itemListElement":[{"@type":"ListItem","position":1,"name":"Accueil","item":"https:\/\/naturalpoland.com\/fr\/"},{"@type":"ListItem","position":2,"name":"Produits","item":"https:\/\/naturalpoland.com\/fr\/produits\/"},{"@type":"ListItem","position":3,"name":"Huile de p\u00e9pins de canneberge"}]},{"@type":"WebSite","@id":"https:\/\/naturalpoland.com\/fr\/#website","url":"https:\/\/naturalpoland.com\/fr\/","name":"NATURAL POLAND - Distributeur de mati\u00e8res premi\u00e8res en gros","description":"Surowce dla przemys\u0142u spo\u017cywczego, kosmetycznego i farmaceutycznego","publisher":{"@id":"https:\/\/naturalpoland.com\/fr\/#organization"},"potentialAction":[{"@type":"SearchAction","target":{"@type":"EntryPoint","urlTemplate":"https:\/\/naturalpoland.com\/fr\/?s={search_term_string}"},"query-input":{"@type":"PropertyValueSpecification","valueRequired":true,"valueName":"search_term_string"}}],"inLanguage":"fr-FR"},{"@type":"Organization","@id":"https:\/\/naturalpoland.com\/fr\/#organization","name":"Natural Poland","url":"https:\/\/naturalpoland.com\/fr\/","logo":{"@type":"ImageObject","inLanguage":"fr-FR","@id":"https:\/\/naturalpoland.com\/fr\/#\/schema\/logo\/image\/","url":"https:\/\/naturalpoland.com\/wp-content\/uploads\/2021\/05\/natural-poland-icon.png","contentUrl":"https:\/\/naturalpoland.com\/wp-content\/uploads\/2021\/05\/natural-poland-icon.png","width":512,"height":512,"caption":"Natural Poland"},"image":{"@id":"https:\/\/naturalpoland.com\/fr\/#\/schema\/logo\/image\/"},"sameAs":["https:\/\/www.facebook.com\/naturalpoland.b2b","https:\/\/pl.linkedin.com\/company\/natural-poland","https:\/\/www.youtube.com\/channel\/UCgeGGkvOMahZo-xu_MSEWxg"]}]}},"_links":{"self":[{"href":"https:\/\/naturalpoland.com\/fr\/wp-json\/wp\/v2\/product\/22733","targetHints":{"allow":["GET"]}}],"collection":[{"href":"https:\/\/naturalpoland.com\/fr\/wp-json\/wp\/v2\/product"}],"about":[{"href":"https:\/\/naturalpoland.com\/fr\/wp-json\/wp\/v2\/types\/product"}],"wp:featuredmedia":[{"embeddable":true,"href":"https:\/\/naturalpoland.com\/fr\/wp-json\/wp\/v2\/media\/21877"}],"wp:attachment":[{"href":"https:\/\/naturalpoland.com\/fr\/wp-json\/wp\/v2\/media?parent=22733"}],"wp:term":[{"taxonomy":"product_brand","embeddable":true,"href":"https:\/\/naturalpoland.com\/fr\/wp-json\/wp\/v2\/product_brand?post=22733"},{"taxonomy":"product_cat","embeddable":true,"href":"https:\/\/naturalpoland.com\/fr\/wp-json\/wp\/v2\/product_cat?post=22733"},{"taxonomy":"product_tag","embeddable":true,"href":"https:\/\/naturalpoland.com\/fr\/wp-json\/wp\/v2\/product_tag?post=22733"}],"curies":[{"name":"wp","href":"https:\/\/api.w.org\/{rel}","templated":true}]}}