{"id":22827,"date":"2023-04-21T14:59:22","date_gmt":"2023-04-21T13:03:38","guid":{"rendered":"https:\/\/naturalpoland.pl\/produkty\/non class\u00e9\/macerat-de-centella-asiatica\/"},"modified":"2023-04-21T15:03:38","modified_gmt":"2023-04-21T13:03:38","slug":"macerat-dacrota-asie","status":"publish","type":"product","link":"https:\/\/naturalpoland.com\/fr\/produkty\/produits-pour-lindustrie-cosmetique\/macerat\/macerat-dacrota-asie\/","title":{"rendered":"Mac\u00e9rat de Centella Asiatica"},"content":{"rendered":"<p>Le mac\u00e9rat fabriqu\u00e9 \u00e0 partir des parties a\u00e9riennes de Centella Asiatica est largement utilis\u00e9 dans l&rsquo;industrie cosm\u00e9tique et en dermatologie, comme le confirment des \u00e9tudes contemporaines. En exer\u00e7ant une action b\u00e9n\u00e9fique sur les fibroblastes et la synth\u00e8se du collag\u00e8ne et de l&rsquo;\u00e9lastine, le mac\u00e9rat de moutarde favorise la r\u00e9g\u00e9n\u00e9ration de la peau, lui conf\u00e8re \u00e9lasticit\u00e9, fermet\u00e9 et a un effet hydratant. En outre, les scientifiques soulignent ses propri\u00e9t\u00e9s antibact\u00e9riennes et anti-inflammatoires. Il sera donc utile dans les produits cosm\u00e9tiques anti-\u00e2ge ainsi que dans les pr\u00e9parations pour les peaux acn\u00e9iques ou pour favoriser la cicatrisation des plaies.<\/p>\n<p>Les propri\u00e9t\u00e9s du mac\u00e9rat de Centella Asiatica peuvent \u00e9galement \u00eatre utilis\u00e9es dans la production de compl\u00e9ments alimentaires. Cet ingr\u00e9dient, gr\u00e2ce \u00e0 son action sur l&rsquo;\u00e9lasticit\u00e9 des vaisseaux sanguins, s&rsquo;av\u00e9rera utile dans les pr\u00e9parations utilis\u00e9es pour la pr\u00e9vention de l&rsquo;hypertension et de l&rsquo;ath\u00e9roscl\u00e9rose. En outre, la recherche indique qu&rsquo;il a un effet adaptog\u00e8ne, c&rsquo;est-\u00e0-dire un impact positif sur le syst\u00e8me nerveux central et les fonctions c\u00e9r\u00e9brales.<\/p>\n","protected":false},"excerpt":{"rendered":"<p>Le mac\u00e9rat de<em>Centella asiatica<\/em>, \u00e9galement connu sous le nom d'\u00a0\u00bbherbe du tigre\u00a0\u00bb et de \u00ab\u00a0gotu kola\u00a0\u00bb, est un ingr\u00e9dient d&rsquo;origine asiatique dont les applications dans les industries cosm\u00e9tiques et pharmaceutiques sont vastes et multidirectionnelles. Elle doit ses propri\u00e9t\u00e9s remarquables, d\u00e9j\u00e0 appr\u00e9ci\u00e9es par les praticiens de la m\u00e9decine traditionnelle chinoise ou de l&rsquo;Ayurveda indien, principalement \u00e0 un complexe de saponines triterp\u00e9niques pentacycliques.<\/p>\n","protected":false},"featured_media":22820,"template":"","meta":[],"product_brand":[],"product_cat":[1305],"product_tag":[],"class_list":{"0":"post-22827","1":"product","2":"type-product","3":"status-publish","4":"has-post-thumbnail","6":"product_cat-macerat","8":"first","9":"instock","10":"shipping-taxable","11":"product-type-simple"},"yoast_head":"<!-- This site is optimized with the Yoast SEO plugin v27.3 - https:\/\/yoast.com\/product\/yoast-seo-wordpress\/ -->\n<title>Mac\u00e9rat de Centella Asiatica - Distributeur en gros<\/title>\n<meta name=\"robots\" content=\"index, follow, max-snippet:-1, max-image-preview:large, max-video-preview:-1\" \/>\n<link rel=\"canonical\" href=\"https:\/\/naturalpoland.com\/fr\/produkty\/produits-pour-lindustrie-cosmetique\/macerat\/macerat-dacrota-asie\/\" \/>\n<meta property=\"og:locale\" content=\"fr_FR\" \/>\n<meta property=\"og:type\" content=\"article\" \/>\n<meta property=\"og:title\" content=\"Mac\u00e9rat de Centella Asiatica - Distributeur en gros\" \/>\n<meta property=\"og:description\" content=\"Le mac\u00e9rat deCentella asiatica, \u00e9galement connu sous le nom d&#039;&quot;herbe du tigre&quot; et de &quot;gotu kola&quot;, est un ingr\u00e9dient d&#039;origine asiatique dont les applications dans les industries cosm\u00e9tiques et pharmaceutiques sont vastes et multidirectionnelles. Elle doit ses propri\u00e9t\u00e9s remarquables, d\u00e9j\u00e0 appr\u00e9ci\u00e9es par les praticiens de la m\u00e9decine traditionnelle chinoise ou de l&#039;Ayurveda indien, principalement \u00e0 un complexe de saponines triterp\u00e9niques pentacycliques.\" \/>\n<meta property=\"og:url\" content=\"https:\/\/naturalpoland.com\/fr\/produkty\/produits-pour-lindustrie-cosmetique\/macerat\/macerat-dacrota-asie\/\" \/>\n<meta property=\"og:site_name\" content=\"NATURAL POLAND - Distributeur de mati\u00e8res premi\u00e8res en gros\" \/>\n<meta property=\"article:publisher\" content=\"https:\/\/www.facebook.com\/naturalpoland.b2b\" \/>\n<meta property=\"og:image\" content=\"https:\/\/naturalpoland.com\/wp-content\/uploads\/macerat-z-wakroty-azjatyckiej.jpg\" \/>\n\t<meta property=\"og:image:width\" content=\"500\" \/>\n\t<meta property=\"og:image:height\" content=\"500\" \/>\n\t<meta property=\"og:image:type\" content=\"image\/jpeg\" \/>\n<script type=\"application\/ld+json\" class=\"yoast-schema-graph\">{\"@context\":\"https:\\\/\\\/schema.org\",\"@graph\":[{\"@type\":\"WebPage\",\"@id\":\"https:\\\/\\\/naturalpoland.com\\\/fr\\\/produkty\\\/produits-pour-lindustrie-cosmetique\\\/macerat\\\/macerat-dacrota-asie\\\/\",\"url\":\"https:\\\/\\\/naturalpoland.com\\\/fr\\\/produkty\\\/produits-pour-lindustrie-cosmetique\\\/macerat\\\/macerat-dacrota-asie\\\/\",\"name\":\"Mac\u00e9rat de Centella Asiatica - Distributeur en gros\",\"isPartOf\":{\"@id\":\"https:\\\/\\\/naturalpoland.com\\\/fr\\\/#website\"},\"primaryImageOfPage\":{\"@id\":\"https:\\\/\\\/naturalpoland.com\\\/fr\\\/produkty\\\/produits-pour-lindustrie-cosmetique\\\/macerat\\\/macerat-dacrota-asie\\\/#primaryimage\"},\"image\":{\"@id\":\"https:\\\/\\\/naturalpoland.com\\\/fr\\\/produkty\\\/produits-pour-lindustrie-cosmetique\\\/macerat\\\/macerat-dacrota-asie\\\/#primaryimage\"},\"thumbnailUrl\":\"https:\\\/\\\/naturalpoland.com\\\/wp-content\\\/uploads\\\/macerat-z-wakroty-azjatyckiej.jpg\",\"datePublished\":\"2023-04-21T13:03:38+00:00\",\"breadcrumb\":{\"@id\":\"https:\\\/\\\/naturalpoland.com\\\/fr\\\/produkty\\\/produits-pour-lindustrie-cosmetique\\\/macerat\\\/macerat-dacrota-asie\\\/#breadcrumb\"},\"inLanguage\":\"fr-FR\",\"potentialAction\":[{\"@type\":\"ReadAction\",\"target\":[\"https:\\\/\\\/naturalpoland.com\\\/fr\\\/produkty\\\/produits-pour-lindustrie-cosmetique\\\/macerat\\\/macerat-dacrota-asie\\\/\"]}]},{\"@type\":\"ImageObject\",\"inLanguage\":\"fr-FR\",\"@id\":\"https:\\\/\\\/naturalpoland.com\\\/fr\\\/produkty\\\/produits-pour-lindustrie-cosmetique\\\/macerat\\\/macerat-dacrota-asie\\\/#primaryimage\",\"url\":\"https:\\\/\\\/naturalpoland.com\\\/wp-content\\\/uploads\\\/macerat-z-wakroty-azjatyckiej.jpg\",\"contentUrl\":\"https:\\\/\\\/naturalpoland.com\\\/wp-content\\\/uploads\\\/macerat-z-wakroty-azjatyckiej.jpg\",\"width\":500,\"height\":500,\"caption\":\"Mac\u00e9rat de Centella Asiatica\"},{\"@type\":\"BreadcrumbList\",\"@id\":\"https:\\\/\\\/naturalpoland.com\\\/fr\\\/produkty\\\/produits-pour-lindustrie-cosmetique\\\/macerat\\\/macerat-dacrota-asie\\\/#breadcrumb\",\"itemListElement\":[{\"@type\":\"ListItem\",\"position\":1,\"name\":\"Accueil\",\"item\":\"https:\\\/\\\/naturalpoland.com\\\/fr\\\/\"},{\"@type\":\"ListItem\",\"position\":2,\"name\":\"Produits\",\"item\":\"https:\\\/\\\/naturalpoland.com\\\/fr\\\/produits\\\/\"},{\"@type\":\"ListItem\",\"position\":3,\"name\":\"Mac\u00e9rat de Centella Asiatica\"}]},{\"@type\":\"WebSite\",\"@id\":\"https:\\\/\\\/naturalpoland.com\\\/fr\\\/#website\",\"url\":\"https:\\\/\\\/naturalpoland.com\\\/fr\\\/\",\"name\":\"NATURAL POLAND - Distributeur de mati\u00e8res premi\u00e8res en gros\",\"description\":\"Surowce dla przemys\u0142u spo\u017cywczego, kosmetycznego i farmaceutycznego\",\"publisher\":{\"@id\":\"https:\\\/\\\/naturalpoland.com\\\/fr\\\/#organization\"},\"potentialAction\":[{\"@type\":\"SearchAction\",\"target\":{\"@type\":\"EntryPoint\",\"urlTemplate\":\"https:\\\/\\\/naturalpoland.com\\\/fr\\\/?s={search_term_string}\"},\"query-input\":{\"@type\":\"PropertyValueSpecification\",\"valueRequired\":true,\"valueName\":\"search_term_string\"}}],\"inLanguage\":\"fr-FR\"},{\"@type\":\"Organization\",\"@id\":\"https:\\\/\\\/naturalpoland.com\\\/fr\\\/#organization\",\"name\":\"Natural Poland\",\"url\":\"https:\\\/\\\/naturalpoland.com\\\/fr\\\/\",\"logo\":{\"@type\":\"ImageObject\",\"inLanguage\":\"fr-FR\",\"@id\":\"https:\\\/\\\/naturalpoland.com\\\/fr\\\/#\\\/schema\\\/logo\\\/image\\\/\",\"url\":\"https:\\\/\\\/naturalpoland.com\\\/wp-content\\\/uploads\\\/2021\\\/05\\\/natural-poland-icon.png\",\"contentUrl\":\"https:\\\/\\\/naturalpoland.com\\\/wp-content\\\/uploads\\\/2021\\\/05\\\/natural-poland-icon.png\",\"width\":512,\"height\":512,\"caption\":\"Natural Poland\"},\"image\":{\"@id\":\"https:\\\/\\\/naturalpoland.com\\\/fr\\\/#\\\/schema\\\/logo\\\/image\\\/\"},\"sameAs\":[\"https:\\\/\\\/www.facebook.com\\\/naturalpoland.b2b\",\"https:\\\/\\\/pl.linkedin.com\\\/company\\\/natural-poland\",\"https:\\\/\\\/www.youtube.com\\\/channel\\\/UCgeGGkvOMahZo-xu_MSEWxg\"]}]}<\/script>\n<!-- \/ Yoast SEO plugin. -->","yoast_head_json":{"title":"Mac\u00e9rat de Centella Asiatica - Distributeur en gros","robots":{"index":"index","follow":"follow","max-snippet":"max-snippet:-1","max-image-preview":"max-image-preview:large","max-video-preview":"max-video-preview:-1"},"canonical":"https:\/\/naturalpoland.com\/fr\/produkty\/produits-pour-lindustrie-cosmetique\/macerat\/macerat-dacrota-asie\/","og_locale":"fr_FR","og_type":"article","og_title":"Mac\u00e9rat de Centella Asiatica - Distributeur en gros","og_description":"Le mac\u00e9rat deCentella asiatica, \u00e9galement connu sous le nom d'\"herbe du tigre\" et de \"gotu kola\", est un ingr\u00e9dient d'origine asiatique dont les applications dans les industries cosm\u00e9tiques et pharmaceutiques sont vastes et multidirectionnelles. Elle doit ses propri\u00e9t\u00e9s remarquables, d\u00e9j\u00e0 appr\u00e9ci\u00e9es par les praticiens de la m\u00e9decine traditionnelle chinoise ou de l'Ayurveda indien, principalement \u00e0 un complexe de saponines triterp\u00e9niques pentacycliques.","og_url":"https:\/\/naturalpoland.com\/fr\/produkty\/produits-pour-lindustrie-cosmetique\/macerat\/macerat-dacrota-asie\/","og_site_name":"NATURAL POLAND - Distributeur de mati\u00e8res premi\u00e8res en gros","article_publisher":"https:\/\/www.facebook.com\/naturalpoland.b2b","og_image":[{"width":500,"height":500,"url":"https:\/\/naturalpoland.com\/wp-content\/uploads\/macerat-z-wakroty-azjatyckiej.jpg","type":"image\/jpeg"}],"schema":{"@context":"https:\/\/schema.org","@graph":[{"@type":"WebPage","@id":"https:\/\/naturalpoland.com\/fr\/produkty\/produits-pour-lindustrie-cosmetique\/macerat\/macerat-dacrota-asie\/","url":"https:\/\/naturalpoland.com\/fr\/produkty\/produits-pour-lindustrie-cosmetique\/macerat\/macerat-dacrota-asie\/","name":"Mac\u00e9rat de Centella Asiatica - Distributeur en gros","isPartOf":{"@id":"https:\/\/naturalpoland.com\/fr\/#website"},"primaryImageOfPage":{"@id":"https:\/\/naturalpoland.com\/fr\/produkty\/produits-pour-lindustrie-cosmetique\/macerat\/macerat-dacrota-asie\/#primaryimage"},"image":{"@id":"https:\/\/naturalpoland.com\/fr\/produkty\/produits-pour-lindustrie-cosmetique\/macerat\/macerat-dacrota-asie\/#primaryimage"},"thumbnailUrl":"https:\/\/naturalpoland.com\/wp-content\/uploads\/macerat-z-wakroty-azjatyckiej.jpg","datePublished":"2023-04-21T13:03:38+00:00","breadcrumb":{"@id":"https:\/\/naturalpoland.com\/fr\/produkty\/produits-pour-lindustrie-cosmetique\/macerat\/macerat-dacrota-asie\/#breadcrumb"},"inLanguage":"fr-FR","potentialAction":[{"@type":"ReadAction","target":["https:\/\/naturalpoland.com\/fr\/produkty\/produits-pour-lindustrie-cosmetique\/macerat\/macerat-dacrota-asie\/"]}]},{"@type":"ImageObject","inLanguage":"fr-FR","@id":"https:\/\/naturalpoland.com\/fr\/produkty\/produits-pour-lindustrie-cosmetique\/macerat\/macerat-dacrota-asie\/#primaryimage","url":"https:\/\/naturalpoland.com\/wp-content\/uploads\/macerat-z-wakroty-azjatyckiej.jpg","contentUrl":"https:\/\/naturalpoland.com\/wp-content\/uploads\/macerat-z-wakroty-azjatyckiej.jpg","width":500,"height":500,"caption":"Mac\u00e9rat de Centella Asiatica"},{"@type":"BreadcrumbList","@id":"https:\/\/naturalpoland.com\/fr\/produkty\/produits-pour-lindustrie-cosmetique\/macerat\/macerat-dacrota-asie\/#breadcrumb","itemListElement":[{"@type":"ListItem","position":1,"name":"Accueil","item":"https:\/\/naturalpoland.com\/fr\/"},{"@type":"ListItem","position":2,"name":"Produits","item":"https:\/\/naturalpoland.com\/fr\/produits\/"},{"@type":"ListItem","position":3,"name":"Mac\u00e9rat de Centella Asiatica"}]},{"@type":"WebSite","@id":"https:\/\/naturalpoland.com\/fr\/#website","url":"https:\/\/naturalpoland.com\/fr\/","name":"NATURAL POLAND - Distributeur de mati\u00e8res premi\u00e8res en gros","description":"Surowce dla przemys\u0142u spo\u017cywczego, kosmetycznego i farmaceutycznego","publisher":{"@id":"https:\/\/naturalpoland.com\/fr\/#organization"},"potentialAction":[{"@type":"SearchAction","target":{"@type":"EntryPoint","urlTemplate":"https:\/\/naturalpoland.com\/fr\/?s={search_term_string}"},"query-input":{"@type":"PropertyValueSpecification","valueRequired":true,"valueName":"search_term_string"}}],"inLanguage":"fr-FR"},{"@type":"Organization","@id":"https:\/\/naturalpoland.com\/fr\/#organization","name":"Natural Poland","url":"https:\/\/naturalpoland.com\/fr\/","logo":{"@type":"ImageObject","inLanguage":"fr-FR","@id":"https:\/\/naturalpoland.com\/fr\/#\/schema\/logo\/image\/","url":"https:\/\/naturalpoland.com\/wp-content\/uploads\/2021\/05\/natural-poland-icon.png","contentUrl":"https:\/\/naturalpoland.com\/wp-content\/uploads\/2021\/05\/natural-poland-icon.png","width":512,"height":512,"caption":"Natural Poland"},"image":{"@id":"https:\/\/naturalpoland.com\/fr\/#\/schema\/logo\/image\/"},"sameAs":["https:\/\/www.facebook.com\/naturalpoland.b2b","https:\/\/pl.linkedin.com\/company\/natural-poland","https:\/\/www.youtube.com\/channel\/UCgeGGkvOMahZo-xu_MSEWxg"]}]}},"_links":{"self":[{"href":"https:\/\/naturalpoland.com\/fr\/wp-json\/wp\/v2\/product\/22827","targetHints":{"allow":["GET"]}}],"collection":[{"href":"https:\/\/naturalpoland.com\/fr\/wp-json\/wp\/v2\/product"}],"about":[{"href":"https:\/\/naturalpoland.com\/fr\/wp-json\/wp\/v2\/types\/product"}],"wp:featuredmedia":[{"embeddable":true,"href":"https:\/\/naturalpoland.com\/fr\/wp-json\/wp\/v2\/media\/22820"}],"wp:attachment":[{"href":"https:\/\/naturalpoland.com\/fr\/wp-json\/wp\/v2\/media?parent=22827"}],"wp:term":[{"taxonomy":"product_brand","embeddable":true,"href":"https:\/\/naturalpoland.com\/fr\/wp-json\/wp\/v2\/product_brand?post=22827"},{"taxonomy":"product_cat","embeddable":true,"href":"https:\/\/naturalpoland.com\/fr\/wp-json\/wp\/v2\/product_cat?post=22827"},{"taxonomy":"product_tag","embeddable":true,"href":"https:\/\/naturalpoland.com\/fr\/wp-json\/wp\/v2\/product_tag?post=22827"}],"curies":[{"name":"wp","href":"https:\/\/api.w.org\/{rel}","templated":true}]}}