{"id":22829,"date":"2023-04-21T14:52:48","date_gmt":"2023-04-21T12:52:48","guid":{"rendered":"https:\/\/naturalpoland.pl\/produkty\/non%20class\u00e9\/extrait-de-centella-asiatica\/"},"modified":"2026-02-09T12:49:42","modified_gmt":"2026-02-09T11:49:42","slug":"extrait-de-vacrota-asiatique","status":"publish","type":"product","link":"https:\/\/naturalpoland.com\/fr\/produkty\/produits-pour-les-industries-pharmaceutiques-et-medicales\/additifs-de-complements-alimentaires\/extrait-de-vacrota-asiatique\/","title":{"rendered":"Extrait de centella asiatica"},"content":{"rendered":"<h2>Propri\u00e9t\u00e9s et utilisations de l&rsquo;extrait de Centella Asiatica<\/h2>\n<p>Ses propri\u00e9t\u00e9s uniques r\u00e9sultent de la pr\u00e9sence de <strong>saponines triterp\u00e9niques<\/strong> pentacycliques, de <strong>g\u00e9nine triterp\u00e9nique<\/strong>, de <strong><a href=\"https:\/\/naturalpoland.com\/artykuly\/produkty-naturalne\/czym-sa-i-jak-dzialaja-flawonoidy\/\">flavono\u00efdes<\/a><\/strong>, de <strong>phytost\u00e9rols<\/strong> ainsi que de <strong>tanins<\/strong>, dont la composition peut varier selon le pays de culture de la plante. Les saponines triterp\u00e9niques sont connues pour leur action de soutien du syst\u00e8me circulatoire, en augmentant la r\u00e9sistance des vaisseaux sanguins, ce qui pr\u00e9vient la formation de varices. L&rsquo;utilisation de l&rsquo;extrait est recommand\u00e9e pour les peaux couperos\u00e9es, matures, sensibles et s\u00e8ches, car il ne fait pas seulement <strong>renforcer les capillaires<\/strong>, mais aide \u00e9galement \u00e0 <strong>la r\u00e9g\u00e9n\u00e9ration de la peau gerc\u00e9e et ab\u00eem\u00e9e,<\/strong> lisse, purifie et apaise les irritations.   <\/p>\n<p>En dermatologie et cosm\u00e9tique, l&rsquo;extrait de centella asiatica <strong>favorise les processus de cicatrisation<\/strong>, agit de mani\u00e8re antibact\u00e9rienne, anti-inflammatoire, hydratante et anti-\u0153d\u00e9mateuse. C&rsquo;est un ingr\u00e9dient efficace dans les produits anti-acn\u00e9, anti-\u00e2ge, ainsi que dans les pr\u00e9parations destin\u00e9es au soin des peaux s\u00e8ches, sujettes aux irritations et du contour des yeux. De plus,<strong> il stimule la production de collag\u00e8ne et favorise la pousse des cheveux<\/strong> en am\u00e9liorant la circulation dans le cuir chevelu.  <\/p>\n<h2>Utilisation :<\/h2>\n<p>L&rsquo;extrait de centella asiatica peut \u00eatre utilis\u00e9 comme ingr\u00e9dient de cr\u00e8mes, s\u00e9rums, toniques, masques, ainsi que comme substance active dans les cosm\u00e9tiques pour le soin du contour des yeux, les \u00e9mulsions hydratantes et les cosm\u00e9tiques anti-rides. Il convient parfaitement aussi dans les pr\u00e9parations apaisantes apr\u00e8s-rasage et les produits pour peaux matures et couperos\u00e9es. <\/p>\n<h2>L&rsquo;extrait de Gotu Kola dans les compl\u00e9ments alimentaires<\/h2>\n<p>Les compl\u00e9ments alimentaires \u00e0 base d&rsquo;extrait de centella asiatica sont recommand\u00e9s dans <strong>le traitement des troubles du syst\u00e8me digestif<\/strong>, tels que les diarrh\u00e9es ou l&rsquo;indigestion, ainsi qu&rsquo;en cas d&rsquo;<strong>inflammations des voies urinaires<\/strong>, d&rsquo;<strong>hypertension<\/strong> et de <strong>diab\u00e8te<\/strong>. Cet extrait est \u00e9galement utile dans la th\u00e9rapie de diverses <strong>affections cutan\u00e9es<\/strong>, notamment le psoriasis, l&rsquo;ecz\u00e9ma, la l\u00e8pre, le vitiligo ou les l\u00e9sions cutan\u00e9es li\u00e9es \u00e0 l&rsquo;\u00e2ge. <\/p>\n<h2>Composition de l&rsquo;extrait :<\/h2>\n<ul>\n<li><strong>Centella Asiatica Extract<\/strong> (5 %) \u2013 ingr\u00e9dient actif principal, riche en saponines \u00e0 action anti-inflammatoire et antibact\u00e9rienne,<\/li>\n<li><strong>Aqua<\/strong> (40-50 %) \u2013 solvant,<\/li>\n<li><strong>Glycerin<\/strong> (40-50 %) \u2013 humectant hydratant,<\/li>\n<li><strong>Sodium Benzoate<\/strong> (0,4 %) et <strong>Potassium Sorbate<\/strong> (0,2 %) \u2013 conservateurs qui prot\u00e8gent le produit contre le d\u00e9veloppement de micro-organismes et prolongent sa durabilit\u00e9.<\/li>\n<\/ul>\n","protected":false},"excerpt":{"rendered":"<p>L&rsquo;<strong>extrait de la partie a\u00e9rienne de centella asiatica<\/strong>, \u00e9galement connue sous les noms de <strong>gotu kola<\/strong>, <strong>hydrocotyle asiatique<\/strong> ou <strong>herbe du tigre<\/strong> est obtenu \u00e0 partir des parties a\u00e9riennes de cette plante exotique pr\u00e9sente dans les r\u00e9gions tropicales et subtropicales. Ce produit est destin\u00e9 \u00e0 une utilisation en cosm\u00e9tique et pharmacie. <\/p>\n","protected":false},"featured_media":22808,"template":"","meta":[],"product_brand":[],"product_cat":[1300,1293],"product_tag":[],"class_list":{"0":"post-22829","1":"product","2":"type-product","3":"status-publish","4":"has-post-thumbnail","6":"product_cat-additifs-de-complements-alimentaires","7":"product_cat-extraits-de-plantes","9":"first","10":"instock","11":"shipping-taxable","12":"product-type-simple"},"yoast_head":"<!-- This site is optimized with the Yoast SEO plugin v27.3 - https:\/\/yoast.com\/product\/yoast-seo-wordpress\/ -->\n<title>Extrait de centella asiatica - NATURAL POLAND - Distributeur de mati\u00e8res premi\u00e8res en gros<\/title>\n<meta name=\"description\" content=\"L\u2019extrait de Centella asiatica est largement utilis\u00e9 dans les cosm\u00e9tiques, la m\u00e9decine traditionnelle et moderne en raison de ses nombreuses propri\u00e9t\u00e9s b\u00e9n\u00e9fiques.\" \/>\n<meta name=\"robots\" content=\"index, follow, max-snippet:-1, max-image-preview:large, max-video-preview:-1\" \/>\n<link rel=\"canonical\" href=\"https:\/\/naturalpoland.com\/fr\/produkty\/produits-pour-les-industries-pharmaceutiques-et-medicales\/additifs-de-complements-alimentaires\/extrait-de-vacrota-asiatique\/\" \/>\n<meta property=\"og:locale\" content=\"fr_FR\" \/>\n<meta property=\"og:type\" content=\"article\" \/>\n<meta property=\"og:title\" content=\"Extrait de centella asiatica - NATURAL POLAND - Distributeur de mati\u00e8res premi\u00e8res en gros\" \/>\n<meta property=\"og:description\" content=\"L\u2019extrait de Centella asiatica est largement utilis\u00e9 dans les cosm\u00e9tiques, la m\u00e9decine traditionnelle et moderne en raison de ses nombreuses propri\u00e9t\u00e9s b\u00e9n\u00e9fiques.\" \/>\n<meta property=\"og:url\" content=\"https:\/\/naturalpoland.com\/fr\/produkty\/produits-pour-les-industries-pharmaceutiques-et-medicales\/additifs-de-complements-alimentaires\/extrait-de-vacrota-asiatique\/\" \/>\n<meta property=\"og:site_name\" content=\"NATURAL POLAND - Distributeur de mati\u00e8res premi\u00e8res en gros\" \/>\n<meta property=\"article:publisher\" content=\"https:\/\/www.facebook.com\/naturalpoland.b2b\" \/>\n<meta property=\"article:modified_time\" content=\"2026-02-09T11:49:42+00:00\" \/>\n<meta property=\"og:image\" content=\"https:\/\/naturalpoland.com\/wp-content\/uploads\/ekstrakt-z-wakroty-azjatyckiej.jpg\" \/>\n\t<meta property=\"og:image:width\" content=\"500\" \/>\n\t<meta property=\"og:image:height\" content=\"500\" \/>\n\t<meta property=\"og:image:type\" content=\"image\/jpeg\" \/>\n<script type=\"application\/ld+json\" class=\"yoast-schema-graph\">{\"@context\":\"https:\\\/\\\/schema.org\",\"@graph\":[{\"@type\":\"WebPage\",\"@id\":\"https:\\\/\\\/naturalpoland.com\\\/fr\\\/produkty\\\/produits-pour-les-industries-pharmaceutiques-et-medicales\\\/additifs-de-complements-alimentaires\\\/extrait-de-vacrota-asiatique\\\/\",\"url\":\"https:\\\/\\\/naturalpoland.com\\\/fr\\\/produkty\\\/produits-pour-les-industries-pharmaceutiques-et-medicales\\\/additifs-de-complements-alimentaires\\\/extrait-de-vacrota-asiatique\\\/\",\"name\":\"Extrait de centella asiatica - NATURAL POLAND - Distributeur de mati\u00e8res premi\u00e8res en gros\",\"isPartOf\":{\"@id\":\"https:\\\/\\\/naturalpoland.com\\\/fr\\\/#website\"},\"primaryImageOfPage\":{\"@id\":\"https:\\\/\\\/naturalpoland.com\\\/fr\\\/produkty\\\/produits-pour-les-industries-pharmaceutiques-et-medicales\\\/additifs-de-complements-alimentaires\\\/extrait-de-vacrota-asiatique\\\/#primaryimage\"},\"image\":{\"@id\":\"https:\\\/\\\/naturalpoland.com\\\/fr\\\/produkty\\\/produits-pour-les-industries-pharmaceutiques-et-medicales\\\/additifs-de-complements-alimentaires\\\/extrait-de-vacrota-asiatique\\\/#primaryimage\"},\"thumbnailUrl\":\"https:\\\/\\\/naturalpoland.com\\\/wp-content\\\/uploads\\\/ekstrakt-z-wakroty-azjatyckiej.jpg\",\"datePublished\":\"2023-04-21T12:52:48+00:00\",\"dateModified\":\"2026-02-09T11:49:42+00:00\",\"description\":\"L\u2019extrait de Centella asiatica est largement utilis\u00e9 dans les cosm\u00e9tiques, la m\u00e9decine traditionnelle et moderne en raison de ses nombreuses propri\u00e9t\u00e9s b\u00e9n\u00e9fiques.\",\"breadcrumb\":{\"@id\":\"https:\\\/\\\/naturalpoland.com\\\/fr\\\/produkty\\\/produits-pour-les-industries-pharmaceutiques-et-medicales\\\/additifs-de-complements-alimentaires\\\/extrait-de-vacrota-asiatique\\\/#breadcrumb\"},\"inLanguage\":\"fr-FR\",\"potentialAction\":[{\"@type\":\"ReadAction\",\"target\":[\"https:\\\/\\\/naturalpoland.com\\\/fr\\\/produkty\\\/produits-pour-les-industries-pharmaceutiques-et-medicales\\\/additifs-de-complements-alimentaires\\\/extrait-de-vacrota-asiatique\\\/\"]}]},{\"@type\":\"ImageObject\",\"inLanguage\":\"fr-FR\",\"@id\":\"https:\\\/\\\/naturalpoland.com\\\/fr\\\/produkty\\\/produits-pour-les-industries-pharmaceutiques-et-medicales\\\/additifs-de-complements-alimentaires\\\/extrait-de-vacrota-asiatique\\\/#primaryimage\",\"url\":\"https:\\\/\\\/naturalpoland.com\\\/wp-content\\\/uploads\\\/ekstrakt-z-wakroty-azjatyckiej.jpg\",\"contentUrl\":\"https:\\\/\\\/naturalpoland.com\\\/wp-content\\\/uploads\\\/ekstrakt-z-wakroty-azjatyckiej.jpg\",\"width\":500,\"height\":500,\"caption\":\"Extrait de centella asiatica\"},{\"@type\":\"BreadcrumbList\",\"@id\":\"https:\\\/\\\/naturalpoland.com\\\/fr\\\/produkty\\\/produits-pour-les-industries-pharmaceutiques-et-medicales\\\/additifs-de-complements-alimentaires\\\/extrait-de-vacrota-asiatique\\\/#breadcrumb\",\"itemListElement\":[{\"@type\":\"ListItem\",\"position\":1,\"name\":\"Accueil\",\"item\":\"https:\\\/\\\/naturalpoland.com\\\/fr\\\/\"},{\"@type\":\"ListItem\",\"position\":2,\"name\":\"Produits\",\"item\":\"https:\\\/\\\/naturalpoland.com\\\/fr\\\/produits\\\/\"},{\"@type\":\"ListItem\",\"position\":3,\"name\":\"Extrait de centella asiatica\"}]},{\"@type\":\"WebSite\",\"@id\":\"https:\\\/\\\/naturalpoland.com\\\/fr\\\/#website\",\"url\":\"https:\\\/\\\/naturalpoland.com\\\/fr\\\/\",\"name\":\"NATURAL POLAND - Distributeur de mati\u00e8res premi\u00e8res en gros\",\"description\":\"Surowce dla przemys\u0142u spo\u017cywczego, kosmetycznego i farmaceutycznego\",\"publisher\":{\"@id\":\"https:\\\/\\\/naturalpoland.com\\\/fr\\\/#organization\"},\"potentialAction\":[{\"@type\":\"SearchAction\",\"target\":{\"@type\":\"EntryPoint\",\"urlTemplate\":\"https:\\\/\\\/naturalpoland.com\\\/fr\\\/?s={search_term_string}\"},\"query-input\":{\"@type\":\"PropertyValueSpecification\",\"valueRequired\":true,\"valueName\":\"search_term_string\"}}],\"inLanguage\":\"fr-FR\"},{\"@type\":\"Organization\",\"@id\":\"https:\\\/\\\/naturalpoland.com\\\/fr\\\/#organization\",\"name\":\"Natural Poland\",\"url\":\"https:\\\/\\\/naturalpoland.com\\\/fr\\\/\",\"logo\":{\"@type\":\"ImageObject\",\"inLanguage\":\"fr-FR\",\"@id\":\"https:\\\/\\\/naturalpoland.com\\\/fr\\\/#\\\/schema\\\/logo\\\/image\\\/\",\"url\":\"https:\\\/\\\/naturalpoland.com\\\/wp-content\\\/uploads\\\/2021\\\/05\\\/natural-poland-icon.png\",\"contentUrl\":\"https:\\\/\\\/naturalpoland.com\\\/wp-content\\\/uploads\\\/2021\\\/05\\\/natural-poland-icon.png\",\"width\":512,\"height\":512,\"caption\":\"Natural Poland\"},\"image\":{\"@id\":\"https:\\\/\\\/naturalpoland.com\\\/fr\\\/#\\\/schema\\\/logo\\\/image\\\/\"},\"sameAs\":[\"https:\\\/\\\/www.facebook.com\\\/naturalpoland.b2b\",\"https:\\\/\\\/pl.linkedin.com\\\/company\\\/natural-poland\",\"https:\\\/\\\/www.youtube.com\\\/channel\\\/UCgeGGkvOMahZo-xu_MSEWxg\"]}]}<\/script>\n<!-- \/ Yoast SEO plugin. -->","yoast_head_json":{"title":"Extrait de centella asiatica - NATURAL POLAND - Distributeur de mati\u00e8res premi\u00e8res en gros","description":"L\u2019extrait de Centella asiatica est largement utilis\u00e9 dans les cosm\u00e9tiques, la m\u00e9decine traditionnelle et moderne en raison de ses nombreuses propri\u00e9t\u00e9s b\u00e9n\u00e9fiques.","robots":{"index":"index","follow":"follow","max-snippet":"max-snippet:-1","max-image-preview":"max-image-preview:large","max-video-preview":"max-video-preview:-1"},"canonical":"https:\/\/naturalpoland.com\/fr\/produkty\/produits-pour-les-industries-pharmaceutiques-et-medicales\/additifs-de-complements-alimentaires\/extrait-de-vacrota-asiatique\/","og_locale":"fr_FR","og_type":"article","og_title":"Extrait de centella asiatica - NATURAL POLAND - Distributeur de mati\u00e8res premi\u00e8res en gros","og_description":"L\u2019extrait de Centella asiatica est largement utilis\u00e9 dans les cosm\u00e9tiques, la m\u00e9decine traditionnelle et moderne en raison de ses nombreuses propri\u00e9t\u00e9s b\u00e9n\u00e9fiques.","og_url":"https:\/\/naturalpoland.com\/fr\/produkty\/produits-pour-les-industries-pharmaceutiques-et-medicales\/additifs-de-complements-alimentaires\/extrait-de-vacrota-asiatique\/","og_site_name":"NATURAL POLAND - Distributeur de mati\u00e8res premi\u00e8res en gros","article_publisher":"https:\/\/www.facebook.com\/naturalpoland.b2b","article_modified_time":"2026-02-09T11:49:42+00:00","og_image":[{"width":500,"height":500,"url":"https:\/\/naturalpoland.com\/wp-content\/uploads\/ekstrakt-z-wakroty-azjatyckiej.jpg","type":"image\/jpeg"}],"schema":{"@context":"https:\/\/schema.org","@graph":[{"@type":"WebPage","@id":"https:\/\/naturalpoland.com\/fr\/produkty\/produits-pour-les-industries-pharmaceutiques-et-medicales\/additifs-de-complements-alimentaires\/extrait-de-vacrota-asiatique\/","url":"https:\/\/naturalpoland.com\/fr\/produkty\/produits-pour-les-industries-pharmaceutiques-et-medicales\/additifs-de-complements-alimentaires\/extrait-de-vacrota-asiatique\/","name":"Extrait de centella asiatica - NATURAL POLAND - Distributeur de mati\u00e8res premi\u00e8res en gros","isPartOf":{"@id":"https:\/\/naturalpoland.com\/fr\/#website"},"primaryImageOfPage":{"@id":"https:\/\/naturalpoland.com\/fr\/produkty\/produits-pour-les-industries-pharmaceutiques-et-medicales\/additifs-de-complements-alimentaires\/extrait-de-vacrota-asiatique\/#primaryimage"},"image":{"@id":"https:\/\/naturalpoland.com\/fr\/produkty\/produits-pour-les-industries-pharmaceutiques-et-medicales\/additifs-de-complements-alimentaires\/extrait-de-vacrota-asiatique\/#primaryimage"},"thumbnailUrl":"https:\/\/naturalpoland.com\/wp-content\/uploads\/ekstrakt-z-wakroty-azjatyckiej.jpg","datePublished":"2023-04-21T12:52:48+00:00","dateModified":"2026-02-09T11:49:42+00:00","description":"L\u2019extrait de Centella asiatica est largement utilis\u00e9 dans les cosm\u00e9tiques, la m\u00e9decine traditionnelle et moderne en raison de ses nombreuses propri\u00e9t\u00e9s b\u00e9n\u00e9fiques.","breadcrumb":{"@id":"https:\/\/naturalpoland.com\/fr\/produkty\/produits-pour-les-industries-pharmaceutiques-et-medicales\/additifs-de-complements-alimentaires\/extrait-de-vacrota-asiatique\/#breadcrumb"},"inLanguage":"fr-FR","potentialAction":[{"@type":"ReadAction","target":["https:\/\/naturalpoland.com\/fr\/produkty\/produits-pour-les-industries-pharmaceutiques-et-medicales\/additifs-de-complements-alimentaires\/extrait-de-vacrota-asiatique\/"]}]},{"@type":"ImageObject","inLanguage":"fr-FR","@id":"https:\/\/naturalpoland.com\/fr\/produkty\/produits-pour-les-industries-pharmaceutiques-et-medicales\/additifs-de-complements-alimentaires\/extrait-de-vacrota-asiatique\/#primaryimage","url":"https:\/\/naturalpoland.com\/wp-content\/uploads\/ekstrakt-z-wakroty-azjatyckiej.jpg","contentUrl":"https:\/\/naturalpoland.com\/wp-content\/uploads\/ekstrakt-z-wakroty-azjatyckiej.jpg","width":500,"height":500,"caption":"Extrait de centella asiatica"},{"@type":"BreadcrumbList","@id":"https:\/\/naturalpoland.com\/fr\/produkty\/produits-pour-les-industries-pharmaceutiques-et-medicales\/additifs-de-complements-alimentaires\/extrait-de-vacrota-asiatique\/#breadcrumb","itemListElement":[{"@type":"ListItem","position":1,"name":"Accueil","item":"https:\/\/naturalpoland.com\/fr\/"},{"@type":"ListItem","position":2,"name":"Produits","item":"https:\/\/naturalpoland.com\/fr\/produits\/"},{"@type":"ListItem","position":3,"name":"Extrait de centella asiatica"}]},{"@type":"WebSite","@id":"https:\/\/naturalpoland.com\/fr\/#website","url":"https:\/\/naturalpoland.com\/fr\/","name":"NATURAL POLAND - Distributeur de mati\u00e8res premi\u00e8res en gros","description":"Surowce dla przemys\u0142u spo\u017cywczego, kosmetycznego i farmaceutycznego","publisher":{"@id":"https:\/\/naturalpoland.com\/fr\/#organization"},"potentialAction":[{"@type":"SearchAction","target":{"@type":"EntryPoint","urlTemplate":"https:\/\/naturalpoland.com\/fr\/?s={search_term_string}"},"query-input":{"@type":"PropertyValueSpecification","valueRequired":true,"valueName":"search_term_string"}}],"inLanguage":"fr-FR"},{"@type":"Organization","@id":"https:\/\/naturalpoland.com\/fr\/#organization","name":"Natural Poland","url":"https:\/\/naturalpoland.com\/fr\/","logo":{"@type":"ImageObject","inLanguage":"fr-FR","@id":"https:\/\/naturalpoland.com\/fr\/#\/schema\/logo\/image\/","url":"https:\/\/naturalpoland.com\/wp-content\/uploads\/2021\/05\/natural-poland-icon.png","contentUrl":"https:\/\/naturalpoland.com\/wp-content\/uploads\/2021\/05\/natural-poland-icon.png","width":512,"height":512,"caption":"Natural Poland"},"image":{"@id":"https:\/\/naturalpoland.com\/fr\/#\/schema\/logo\/image\/"},"sameAs":["https:\/\/www.facebook.com\/naturalpoland.b2b","https:\/\/pl.linkedin.com\/company\/natural-poland","https:\/\/www.youtube.com\/channel\/UCgeGGkvOMahZo-xu_MSEWxg"]}]}},"_links":{"self":[{"href":"https:\/\/naturalpoland.com\/fr\/wp-json\/wp\/v2\/product\/22829","targetHints":{"allow":["GET"]}}],"collection":[{"href":"https:\/\/naturalpoland.com\/fr\/wp-json\/wp\/v2\/product"}],"about":[{"href":"https:\/\/naturalpoland.com\/fr\/wp-json\/wp\/v2\/types\/product"}],"wp:featuredmedia":[{"embeddable":true,"href":"https:\/\/naturalpoland.com\/fr\/wp-json\/wp\/v2\/media\/22808"}],"wp:attachment":[{"href":"https:\/\/naturalpoland.com\/fr\/wp-json\/wp\/v2\/media?parent=22829"}],"wp:term":[{"taxonomy":"product_brand","embeddable":true,"href":"https:\/\/naturalpoland.com\/fr\/wp-json\/wp\/v2\/product_brand?post=22829"},{"taxonomy":"product_cat","embeddable":true,"href":"https:\/\/naturalpoland.com\/fr\/wp-json\/wp\/v2\/product_cat?post=22829"},{"taxonomy":"product_tag","embeddable":true,"href":"https:\/\/naturalpoland.com\/fr\/wp-json\/wp\/v2\/product_tag?post=22829"}],"curies":[{"name":"wp","href":"https:\/\/api.w.org\/{rel}","templated":true}]}}