{"id":23426,"date":"2023-05-12T16:36:22","date_gmt":"2023-05-12T14:36:22","guid":{"rendered":"https:\/\/naturalpoland.pl\/produkty\/non class\u00e9\/shiitake-lentinus-edodes\/"},"modified":"2023-05-24T14:57:28","modified_gmt":"2023-05-24T12:57:28","slug":"shiitake-lentinus-edodes","status":"publish","type":"product","link":"https:\/\/naturalpoland.com\/fr\/produkty\/produits-pour-les-industries-pharmaceutiques-et-medicales\/extraits-de-champignons\/shiitake-lentinus-edodes\/","title":{"rendered":"Shiitake (Lentinus edodes)"},"content":{"rendered":"<p>Dans la m\u00e9decine traditionnelle chinoise, le shiitake est parfois appel\u00e9 \u00ab\u00a0\u00e9lixir de vie\u00a0\u00bb et est consid\u00e9r\u00e9 comme ayant un effet global sur l&rsquo;organisme : il renforce l&rsquo;immunit\u00e9, stimule la vitalit\u00e9 et purifie le sang. C&rsquo;est \u00e9galement une source pr\u00e9cieuse de nutriments et de vitamines, en particulier de vitamines B qui sont d\u00e9ficientes dans le cadre d&rsquo;un r\u00e9gime v\u00e9g\u00e9talien.<\/p>\n<h2>Utilisation de l&rsquo;extrait de champignon shiitake<\/h2>\n<p><em>Lentinus edodes<\/em> peut \u00eatre utilis\u00e9 dans des pr\u00e9parations :<\/p>\n<ul>\n<li>Renforcement de l&rsquo;immunit\u00e9 et lutte contre les infections<\/li>\n<li>R\u00e9duction du cholest\u00e9rol et de la tension art\u00e9rielle<\/li>\n<li>Soulager les sympt\u00f4mes des maladies rhumatismales<\/li>\n<li>Adaptog\u00e8ne &#8211; soulage le stress, soutient le syst\u00e8me nerveux<\/li>\n<li>Compl\u00e9ter les carences en vitamine D, en vitamines B et en min\u00e9raux<\/li>\n<\/ul>\n","protected":false},"excerpt":{"rendered":"<p>Le <strong><em>Lentinus edodes<\/em> (scl\u00e9ractiniaire japonais)<\/strong> est un champignon comestible plus connu sous le nom de \u00ab\u00a0shiitake\u00a0\u00bb, originaire d&rsquo;Asie. Outre sa valeur alimentaire, qui en fait un ingr\u00e9dient populaire de la cuisine asiatique \u00e9galement appr\u00e9ci\u00e9e en Pologne, il s&rsquo;agit \u00e9galement d&rsquo;une ressource m\u00e9dicinale appr\u00e9ci\u00e9e.<\/p>\n","protected":false},"featured_media":42115,"template":"","meta":{"_acf_changed":false},"product_brand":[],"product_cat":[2053],"product_tag":[],"class_list":{"0":"post-23426","1":"product","2":"type-product","3":"status-publish","4":"has-post-thumbnail","6":"product_cat-extraits-de-champignons","7":"pa_czesc-rosliny-corps-fructifere","8":"pa_skladnik-aktywny-polysaccharides-fr","10":"first","11":"instock","12":"shipping-taxable","13":"product-type-simple"},"acf":[],"yoast_head":"<!-- This site is optimized with the Yoast SEO plugin v27.4 - https:\/\/yoast.com\/product\/yoast-seo-wordpress\/ -->\n<title>Shiitake (Lentinus edodes) - Distributeur en gros<\/title>\n<meta name=\"robots\" content=\"index, follow, max-snippet:-1, max-image-preview:large, max-video-preview:-1\" \/>\n<link rel=\"canonical\" href=\"https:\/\/naturalpoland.com\/fr\/produkty\/produits-pour-les-industries-pharmaceutiques-et-medicales\/extraits-de-champignons\/shiitake-lentinus-edodes\/\" \/>\n<meta property=\"og:locale\" content=\"fr_FR\" \/>\n<meta property=\"og:type\" content=\"article\" \/>\n<meta property=\"og:title\" content=\"Shiitake (Lentinus edodes) - Distributeur en gros\" \/>\n<meta property=\"og:description\" content=\"Le Lentinus edodes (scl\u00e9ractiniaire japonais) est un champignon comestible plus connu sous le nom de &quot;shiitake&quot;, originaire d&#039;Asie. Outre sa valeur alimentaire, qui en fait un ingr\u00e9dient populaire de la cuisine asiatique \u00e9galement appr\u00e9ci\u00e9e en Pologne, il s&#039;agit \u00e9galement d&#039;une ressource m\u00e9dicinale appr\u00e9ci\u00e9e.\" \/>\n<meta property=\"og:url\" content=\"https:\/\/naturalpoland.com\/fr\/produkty\/produits-pour-les-industries-pharmaceutiques-et-medicales\/extraits-de-champignons\/shiitake-lentinus-edodes\/\" \/>\n<meta property=\"og:site_name\" content=\"NATURAL POLAND - Distributeur de mati\u00e8res premi\u00e8res en gros\" \/>\n<meta property=\"article:publisher\" content=\"https:\/\/www.facebook.com\/naturalpoland.b2b\" \/>\n<meta property=\"article:modified_time\" content=\"2023-05-24T12:57:28+00:00\" \/>\n<meta property=\"og:image\" content=\"https:\/\/naturalpoland.com\/wp-content\/uploads\/shiitake.jpg\" \/>\n\t<meta property=\"og:image:width\" content=\"600\" \/>\n\t<meta property=\"og:image:height\" content=\"600\" \/>\n\t<meta property=\"og:image:type\" content=\"image\/jpeg\" \/>\n<script type=\"application\/ld+json\" class=\"yoast-schema-graph\">{\"@context\":\"https:\\\/\\\/schema.org\",\"@graph\":[{\"@type\":\"WebPage\",\"@id\":\"https:\\\/\\\/naturalpoland.com\\\/fr\\\/produkty\\\/produits-pour-les-industries-pharmaceutiques-et-medicales\\\/extraits-de-champignons\\\/shiitake-lentinus-edodes\\\/\",\"url\":\"https:\\\/\\\/naturalpoland.com\\\/fr\\\/produkty\\\/produits-pour-les-industries-pharmaceutiques-et-medicales\\\/extraits-de-champignons\\\/shiitake-lentinus-edodes\\\/\",\"name\":\"Shiitake (Lentinus edodes) - Distributeur en gros\",\"isPartOf\":{\"@id\":\"https:\\\/\\\/naturalpoland.com\\\/fr\\\/#website\"},\"primaryImageOfPage\":{\"@id\":\"https:\\\/\\\/naturalpoland.com\\\/fr\\\/produkty\\\/produits-pour-les-industries-pharmaceutiques-et-medicales\\\/extraits-de-champignons\\\/shiitake-lentinus-edodes\\\/#primaryimage\"},\"image\":{\"@id\":\"https:\\\/\\\/naturalpoland.com\\\/fr\\\/produkty\\\/produits-pour-les-industries-pharmaceutiques-et-medicales\\\/extraits-de-champignons\\\/shiitake-lentinus-edodes\\\/#primaryimage\"},\"thumbnailUrl\":\"https:\\\/\\\/naturalpoland.com\\\/wp-content\\\/uploads\\\/ekstrakt-z-shiitake.webp\",\"datePublished\":\"2023-05-12T14:36:22+00:00\",\"dateModified\":\"2023-05-24T12:57:28+00:00\",\"breadcrumb\":{\"@id\":\"https:\\\/\\\/naturalpoland.com\\\/fr\\\/produkty\\\/produits-pour-les-industries-pharmaceutiques-et-medicales\\\/extraits-de-champignons\\\/shiitake-lentinus-edodes\\\/#breadcrumb\"},\"inLanguage\":\"fr-FR\",\"potentialAction\":[{\"@type\":\"ReadAction\",\"target\":[\"https:\\\/\\\/naturalpoland.com\\\/fr\\\/produkty\\\/produits-pour-les-industries-pharmaceutiques-et-medicales\\\/extraits-de-champignons\\\/shiitake-lentinus-edodes\\\/\"]}]},{\"@type\":\"ImageObject\",\"inLanguage\":\"fr-FR\",\"@id\":\"https:\\\/\\\/naturalpoland.com\\\/fr\\\/produkty\\\/produits-pour-les-industries-pharmaceutiques-et-medicales\\\/extraits-de-champignons\\\/shiitake-lentinus-edodes\\\/#primaryimage\",\"url\":\"https:\\\/\\\/naturalpoland.com\\\/wp-content\\\/uploads\\\/ekstrakt-z-shiitake.webp\",\"contentUrl\":\"https:\\\/\\\/naturalpoland.com\\\/wp-content\\\/uploads\\\/ekstrakt-z-shiitake.webp\",\"width\":1024,\"height\":1024,\"caption\":\"Proszkowy ekstrakt z grzyba shiitake (Lentinus edodes)\"},{\"@type\":\"BreadcrumbList\",\"@id\":\"https:\\\/\\\/naturalpoland.com\\\/fr\\\/produkty\\\/produits-pour-les-industries-pharmaceutiques-et-medicales\\\/extraits-de-champignons\\\/shiitake-lentinus-edodes\\\/#breadcrumb\",\"itemListElement\":[{\"@type\":\"ListItem\",\"position\":1,\"name\":\"Accueil\",\"item\":\"https:\\\/\\\/naturalpoland.com\\\/fr\\\/\"},{\"@type\":\"ListItem\",\"position\":2,\"name\":\"Produits\",\"item\":\"https:\\\/\\\/naturalpoland.com\\\/fr\\\/produits\\\/\"},{\"@type\":\"ListItem\",\"position\":3,\"name\":\"Shiitake (Lentinus edodes)\"}]},{\"@type\":\"WebSite\",\"@id\":\"https:\\\/\\\/naturalpoland.com\\\/fr\\\/#website\",\"url\":\"https:\\\/\\\/naturalpoland.com\\\/fr\\\/\",\"name\":\"NATURAL POLAND - Distributeur de mati\u00e8res premi\u00e8res en gros\",\"description\":\"Surowce dla przemys\u0142u spo\u017cywczego, kosmetycznego i farmaceutycznego\",\"publisher\":{\"@id\":\"https:\\\/\\\/naturalpoland.com\\\/fr\\\/#organization\"},\"potentialAction\":[{\"@type\":\"SearchAction\",\"target\":{\"@type\":\"EntryPoint\",\"urlTemplate\":\"https:\\\/\\\/naturalpoland.com\\\/fr\\\/?s={search_term_string}\"},\"query-input\":{\"@type\":\"PropertyValueSpecification\",\"valueRequired\":true,\"valueName\":\"search_term_string\"}}],\"inLanguage\":\"fr-FR\"},{\"@type\":\"Organization\",\"@id\":\"https:\\\/\\\/naturalpoland.com\\\/fr\\\/#organization\",\"name\":\"Natural Poland\",\"url\":\"https:\\\/\\\/naturalpoland.com\\\/fr\\\/\",\"logo\":{\"@type\":\"ImageObject\",\"inLanguage\":\"fr-FR\",\"@id\":\"https:\\\/\\\/naturalpoland.com\\\/fr\\\/#\\\/schema\\\/logo\\\/image\\\/\",\"url\":\"https:\\\/\\\/naturalpoland.com\\\/wp-content\\\/uploads\\\/2021\\\/05\\\/natural-poland-icon.png\",\"contentUrl\":\"https:\\\/\\\/naturalpoland.com\\\/wp-content\\\/uploads\\\/2021\\\/05\\\/natural-poland-icon.png\",\"width\":512,\"height\":512,\"caption\":\"Natural Poland\"},\"image\":{\"@id\":\"https:\\\/\\\/naturalpoland.com\\\/fr\\\/#\\\/schema\\\/logo\\\/image\\\/\"},\"sameAs\":[\"https:\\\/\\\/www.facebook.com\\\/naturalpoland.b2b\",\"https:\\\/\\\/pl.linkedin.com\\\/company\\\/natural-poland\",\"https:\\\/\\\/www.youtube.com\\\/channel\\\/UCgeGGkvOMahZo-xu_MSEWxg\"]}]}<\/script>\n<!-- \/ Yoast SEO plugin. -->","yoast_head_json":{"title":"Shiitake (Lentinus edodes) - Distributeur en gros","robots":{"index":"index","follow":"follow","max-snippet":"max-snippet:-1","max-image-preview":"max-image-preview:large","max-video-preview":"max-video-preview:-1"},"canonical":"https:\/\/naturalpoland.com\/fr\/produkty\/produits-pour-les-industries-pharmaceutiques-et-medicales\/extraits-de-champignons\/shiitake-lentinus-edodes\/","og_locale":"fr_FR","og_type":"article","og_title":"Shiitake (Lentinus edodes) - Distributeur en gros","og_description":"Le Lentinus edodes (scl\u00e9ractiniaire japonais) est un champignon comestible plus connu sous le nom de \"shiitake\", originaire d'Asie. Outre sa valeur alimentaire, qui en fait un ingr\u00e9dient populaire de la cuisine asiatique \u00e9galement appr\u00e9ci\u00e9e en Pologne, il s'agit \u00e9galement d'une ressource m\u00e9dicinale appr\u00e9ci\u00e9e.","og_url":"https:\/\/naturalpoland.com\/fr\/produkty\/produits-pour-les-industries-pharmaceutiques-et-medicales\/extraits-de-champignons\/shiitake-lentinus-edodes\/","og_site_name":"NATURAL POLAND - Distributeur de mati\u00e8res premi\u00e8res en gros","article_publisher":"https:\/\/www.facebook.com\/naturalpoland.b2b","article_modified_time":"2023-05-24T12:57:28+00:00","og_image":[{"width":600,"height":600,"url":"https:\/\/naturalpoland.com\/wp-content\/uploads\/shiitake.jpg","type":"image\/jpeg"}],"schema":{"@context":"https:\/\/schema.org","@graph":[{"@type":"WebPage","@id":"https:\/\/naturalpoland.com\/fr\/produkty\/produits-pour-les-industries-pharmaceutiques-et-medicales\/extraits-de-champignons\/shiitake-lentinus-edodes\/","url":"https:\/\/naturalpoland.com\/fr\/produkty\/produits-pour-les-industries-pharmaceutiques-et-medicales\/extraits-de-champignons\/shiitake-lentinus-edodes\/","name":"Shiitake (Lentinus edodes) - Distributeur en gros","isPartOf":{"@id":"https:\/\/naturalpoland.com\/fr\/#website"},"primaryImageOfPage":{"@id":"https:\/\/naturalpoland.com\/fr\/produkty\/produits-pour-les-industries-pharmaceutiques-et-medicales\/extraits-de-champignons\/shiitake-lentinus-edodes\/#primaryimage"},"image":{"@id":"https:\/\/naturalpoland.com\/fr\/produkty\/produits-pour-les-industries-pharmaceutiques-et-medicales\/extraits-de-champignons\/shiitake-lentinus-edodes\/#primaryimage"},"thumbnailUrl":"https:\/\/naturalpoland.com\/wp-content\/uploads\/ekstrakt-z-shiitake.webp","datePublished":"2023-05-12T14:36:22+00:00","dateModified":"2023-05-24T12:57:28+00:00","breadcrumb":{"@id":"https:\/\/naturalpoland.com\/fr\/produkty\/produits-pour-les-industries-pharmaceutiques-et-medicales\/extraits-de-champignons\/shiitake-lentinus-edodes\/#breadcrumb"},"inLanguage":"fr-FR","potentialAction":[{"@type":"ReadAction","target":["https:\/\/naturalpoland.com\/fr\/produkty\/produits-pour-les-industries-pharmaceutiques-et-medicales\/extraits-de-champignons\/shiitake-lentinus-edodes\/"]}]},{"@type":"ImageObject","inLanguage":"fr-FR","@id":"https:\/\/naturalpoland.com\/fr\/produkty\/produits-pour-les-industries-pharmaceutiques-et-medicales\/extraits-de-champignons\/shiitake-lentinus-edodes\/#primaryimage","url":"https:\/\/naturalpoland.com\/wp-content\/uploads\/ekstrakt-z-shiitake.webp","contentUrl":"https:\/\/naturalpoland.com\/wp-content\/uploads\/ekstrakt-z-shiitake.webp","width":1024,"height":1024,"caption":"Proszkowy ekstrakt z grzyba shiitake (Lentinus edodes)"},{"@type":"BreadcrumbList","@id":"https:\/\/naturalpoland.com\/fr\/produkty\/produits-pour-les-industries-pharmaceutiques-et-medicales\/extraits-de-champignons\/shiitake-lentinus-edodes\/#breadcrumb","itemListElement":[{"@type":"ListItem","position":1,"name":"Accueil","item":"https:\/\/naturalpoland.com\/fr\/"},{"@type":"ListItem","position":2,"name":"Produits","item":"https:\/\/naturalpoland.com\/fr\/produits\/"},{"@type":"ListItem","position":3,"name":"Shiitake (Lentinus edodes)"}]},{"@type":"WebSite","@id":"https:\/\/naturalpoland.com\/fr\/#website","url":"https:\/\/naturalpoland.com\/fr\/","name":"NATURAL POLAND - Distributeur de mati\u00e8res premi\u00e8res en gros","description":"Surowce dla przemys\u0142u spo\u017cywczego, kosmetycznego i farmaceutycznego","publisher":{"@id":"https:\/\/naturalpoland.com\/fr\/#organization"},"potentialAction":[{"@type":"SearchAction","target":{"@type":"EntryPoint","urlTemplate":"https:\/\/naturalpoland.com\/fr\/?s={search_term_string}"},"query-input":{"@type":"PropertyValueSpecification","valueRequired":true,"valueName":"search_term_string"}}],"inLanguage":"fr-FR"},{"@type":"Organization","@id":"https:\/\/naturalpoland.com\/fr\/#organization","name":"Natural Poland","url":"https:\/\/naturalpoland.com\/fr\/","logo":{"@type":"ImageObject","inLanguage":"fr-FR","@id":"https:\/\/naturalpoland.com\/fr\/#\/schema\/logo\/image\/","url":"https:\/\/naturalpoland.com\/wp-content\/uploads\/2021\/05\/natural-poland-icon.png","contentUrl":"https:\/\/naturalpoland.com\/wp-content\/uploads\/2021\/05\/natural-poland-icon.png","width":512,"height":512,"caption":"Natural Poland"},"image":{"@id":"https:\/\/naturalpoland.com\/fr\/#\/schema\/logo\/image\/"},"sameAs":["https:\/\/www.facebook.com\/naturalpoland.b2b","https:\/\/pl.linkedin.com\/company\/natural-poland","https:\/\/www.youtube.com\/channel\/UCgeGGkvOMahZo-xu_MSEWxg"]}]}},"_links":{"self":[{"href":"https:\/\/naturalpoland.com\/fr\/wp-json\/wp\/v2\/product\/23426","targetHints":{"allow":["GET"]}}],"collection":[{"href":"https:\/\/naturalpoland.com\/fr\/wp-json\/wp\/v2\/product"}],"about":[{"href":"https:\/\/naturalpoland.com\/fr\/wp-json\/wp\/v2\/types\/product"}],"wp:featuredmedia":[{"embeddable":true,"href":"https:\/\/naturalpoland.com\/fr\/wp-json\/wp\/v2\/media\/42115"}],"wp:attachment":[{"href":"https:\/\/naturalpoland.com\/fr\/wp-json\/wp\/v2\/media?parent=23426"}],"wp:term":[{"taxonomy":"product_brand","embeddable":true,"href":"https:\/\/naturalpoland.com\/fr\/wp-json\/wp\/v2\/product_brand?post=23426"},{"taxonomy":"product_cat","embeddable":true,"href":"https:\/\/naturalpoland.com\/fr\/wp-json\/wp\/v2\/product_cat?post=23426"},{"taxonomy":"product_tag","embeddable":true,"href":"https:\/\/naturalpoland.com\/fr\/wp-json\/wp\/v2\/product_tag?post=23426"}],"curies":[{"name":"wp","href":"https:\/\/api.w.org\/{rel}","templated":true}]}}