{"id":23464,"date":"2023-05-12T16:17:55","date_gmt":"2023-05-24T12:57:42","guid":{"rendered":"https:\/\/naturalpoland.pl\/produkty\/non class\u00e9\/polyporus-umbellatus-polyporus-umbellatus\/"},"modified":"2023-05-24T14:57:42","modified_gmt":"2023-05-24T12:57:42","slug":"zagiew-multiple-polyporus-umbellatus","status":"publish","type":"product","link":"https:\/\/naturalpoland.com\/fr\/produkty\/produits-pour-les-industries-pharmaceutiques-et-medicales\/extraits-de-champignons\/zagiew-multiple-polyporus-umbellatus\/","title":{"rendered":"Polyporus umbellatus (Polyporus umbellatus)"},"content":{"rendered":"<p>Les utilisations traditionnelles de <em>Polyporus<\/em> <em>umbellatus<\/em> comprennent principalement une action \u00ab\u00a0ass\u00e9chante\u00a0\u00bb. Il est utilis\u00e9 pour traiter les affections caus\u00e9es par la stagnation de l&rsquo;eau dans l&rsquo;organisme, telles que les \u0153d\u00e8mes, les urines peu abondantes, les \u00e9coulements et les diarrh\u00e9es. La recherche contemporaine confirme \u00e9galement ces utilisations.<\/p>\n<h2>Utilisation de l&rsquo;extrait de <em>Polyporus umbellatus<\/em><\/h2>\n<p>L&rsquo;extrait de <em>Polyporus umbellatus <\/em>peut \u00eatre utilis\u00e9 dans des pr\u00e9parations :<\/p>\n<ul>\n<li>Favoriser le traitement des calculs r\u00e9naux et de l&rsquo;inflammation des voies urinaires<\/li>\n<li>Diminution de la pression art\u00e9rielle, r\u00e9duction de l&rsquo;enflure<\/li>\n<li>Faciliter le drainage de l&rsquo;eau et de la lymphe du corps<\/li>\n<li>Antidiarrh\u00e9ique<\/li>\n<li>Renforcement de l&rsquo;immunit\u00e9<\/li>\n<li>Renforcement des cheveux et de la peau<\/li>\n<li>Soutien des fonctions h\u00e9patiques et r\u00e9nales<\/li>\n<li>Soutien au traitement du cancer<\/li>\n<\/ul>\n","protected":false},"excerpt":{"rendered":"<p><strong><em>Polyporus<\/em><\/strong> umbellatus <strong>(<em>polyporus umbellatus<\/em> )<\/strong> est un champignon comestible rare, inscrit sur la liste des esp\u00e8ces menac\u00e9es dans de nombreux pays d&rsquo;Europe, et en Pologne depuis 2014. sous protection partielle. On le trouve \u00e9galement en Asie, o\u00f9 il est utilis\u00e9 dans la m\u00e9decine traditionnelle chinoise depuis plus de 2 000 ans.<\/p>\n","protected":false},"featured_media":23244,"template":"","meta":{"_acf_changed":false},"product_brand":[],"product_cat":[2053],"product_tag":[],"class_list":{"0":"post-23464","1":"product","2":"type-product","3":"status-publish","4":"has-post-thumbnail","6":"product_cat-extraits-de-champignons","8":"first","9":"instock","10":"shipping-taxable","11":"product-type-simple"},"acf":[],"yoast_head":"<!-- This site is optimized with the Yoast SEO plugin v27.5 - https:\/\/yoast.com\/product\/yoast-seo-wordpress\/ -->\n<title>Polyporus umbellatus (Polyporus umbellatus) - Distributeur en gros<\/title>\n<meta name=\"robots\" content=\"index, follow, max-snippet:-1, max-image-preview:large, max-video-preview:-1\" \/>\n<link rel=\"canonical\" href=\"https:\/\/naturalpoland.com\/fr\/produkty\/produits-pour-les-industries-pharmaceutiques-et-medicales\/extraits-de-champignons\/zagiew-multiple-polyporus-umbellatus\/\" \/>\n<meta property=\"og:locale\" content=\"fr_FR\" \/>\n<meta property=\"og:type\" content=\"article\" \/>\n<meta property=\"og:title\" content=\"Polyporus umbellatus (Polyporus umbellatus) - Distributeur en gros\" \/>\n<meta property=\"og:description\" content=\"Polyporus umbellatus (polyporus umbellatus ) est un champignon comestible rare, inscrit sur la liste des esp\u00e8ces menac\u00e9es dans de nombreux pays d&#039;Europe, et en Pologne depuis 2014. sous protection partielle. On le trouve \u00e9galement en Asie, o\u00f9 il est utilis\u00e9 dans la m\u00e9decine traditionnelle chinoise depuis plus de 2 000 ans.\" \/>\n<meta property=\"og:url\" content=\"https:\/\/naturalpoland.com\/fr\/produkty\/produits-pour-les-industries-pharmaceutiques-et-medicales\/extraits-de-champignons\/zagiew-multiple-polyporus-umbellatus\/\" \/>\n<meta property=\"og:site_name\" content=\"NATURAL POLAND - Distributeur de mati\u00e8res premi\u00e8res en gros\" \/>\n<meta property=\"article:publisher\" content=\"https:\/\/www.facebook.com\/naturalpoland.b2b\" \/>\n<meta property=\"og:image\" content=\"https:\/\/naturalpoland.com\/wp-content\/uploads\/Polyporus-umbellatus.jpg\" \/>\n\t<meta property=\"og:image:width\" content=\"600\" \/>\n\t<meta property=\"og:image:height\" content=\"600\" \/>\n\t<meta property=\"og:image:type\" content=\"image\/jpeg\" \/>\n<script type=\"application\/ld+json\" class=\"yoast-schema-graph\">{\"@context\":\"https:\\\/\\\/schema.org\",\"@graph\":[{\"@type\":\"WebPage\",\"@id\":\"https:\\\/\\\/naturalpoland.com\\\/fr\\\/produkty\\\/produits-pour-les-industries-pharmaceutiques-et-medicales\\\/extraits-de-champignons\\\/zagiew-multiple-polyporus-umbellatus\\\/\",\"url\":\"https:\\\/\\\/naturalpoland.com\\\/fr\\\/produkty\\\/produits-pour-les-industries-pharmaceutiques-et-medicales\\\/extraits-de-champignons\\\/zagiew-multiple-polyporus-umbellatus\\\/\",\"name\":\"Polyporus umbellatus (Polyporus umbellatus) - Distributeur en gros\",\"isPartOf\":{\"@id\":\"https:\\\/\\\/naturalpoland.com\\\/fr\\\/#website\"},\"primaryImageOfPage\":{\"@id\":\"https:\\\/\\\/naturalpoland.com\\\/fr\\\/produkty\\\/produits-pour-les-industries-pharmaceutiques-et-medicales\\\/extraits-de-champignons\\\/zagiew-multiple-polyporus-umbellatus\\\/#primaryimage\"},\"image\":{\"@id\":\"https:\\\/\\\/naturalpoland.com\\\/fr\\\/produkty\\\/produits-pour-les-industries-pharmaceutiques-et-medicales\\\/extraits-de-champignons\\\/zagiew-multiple-polyporus-umbellatus\\\/#primaryimage\"},\"thumbnailUrl\":\"https:\\\/\\\/naturalpoland.com\\\/wp-content\\\/uploads\\\/Polyporus-umbellatus.jpg\",\"datePublished\":\"2023-05-24T12:57:42+00:00\",\"breadcrumb\":{\"@id\":\"https:\\\/\\\/naturalpoland.com\\\/fr\\\/produkty\\\/produits-pour-les-industries-pharmaceutiques-et-medicales\\\/extraits-de-champignons\\\/zagiew-multiple-polyporus-umbellatus\\\/#breadcrumb\"},\"inLanguage\":\"fr-FR\",\"potentialAction\":[{\"@type\":\"ReadAction\",\"target\":[\"https:\\\/\\\/naturalpoland.com\\\/fr\\\/produkty\\\/produits-pour-les-industries-pharmaceutiques-et-medicales\\\/extraits-de-champignons\\\/zagiew-multiple-polyporus-umbellatus\\\/\"]}]},{\"@type\":\"ImageObject\",\"inLanguage\":\"fr-FR\",\"@id\":\"https:\\\/\\\/naturalpoland.com\\\/fr\\\/produkty\\\/produits-pour-les-industries-pharmaceutiques-et-medicales\\\/extraits-de-champignons\\\/zagiew-multiple-polyporus-umbellatus\\\/#primaryimage\",\"url\":\"https:\\\/\\\/naturalpoland.com\\\/wp-content\\\/uploads\\\/Polyporus-umbellatus.jpg\",\"contentUrl\":\"https:\\\/\\\/naturalpoland.com\\\/wp-content\\\/uploads\\\/Polyporus-umbellatus.jpg\",\"width\":600,\"height\":600,\"caption\":\"Polyporus umbellatus\"},{\"@type\":\"BreadcrumbList\",\"@id\":\"https:\\\/\\\/naturalpoland.com\\\/fr\\\/produkty\\\/produits-pour-les-industries-pharmaceutiques-et-medicales\\\/extraits-de-champignons\\\/zagiew-multiple-polyporus-umbellatus\\\/#breadcrumb\",\"itemListElement\":[{\"@type\":\"ListItem\",\"position\":1,\"name\":\"Accueil\",\"item\":\"https:\\\/\\\/naturalpoland.com\\\/fr\\\/\"},{\"@type\":\"ListItem\",\"position\":2,\"name\":\"Produits\",\"item\":\"https:\\\/\\\/naturalpoland.com\\\/fr\\\/produits\\\/\"},{\"@type\":\"ListItem\",\"position\":3,\"name\":\"Polyporus umbellatus (Polyporus umbellatus)\"}]},{\"@type\":\"WebSite\",\"@id\":\"https:\\\/\\\/naturalpoland.com\\\/fr\\\/#website\",\"url\":\"https:\\\/\\\/naturalpoland.com\\\/fr\\\/\",\"name\":\"NATURAL POLAND - Distributeur de mati\u00e8res premi\u00e8res en gros\",\"description\":\"Surowce dla przemys\u0142u spo\u017cywczego, kosmetycznego i farmaceutycznego\",\"publisher\":{\"@id\":\"https:\\\/\\\/naturalpoland.com\\\/fr\\\/#organization\"},\"potentialAction\":[{\"@type\":\"SearchAction\",\"target\":{\"@type\":\"EntryPoint\",\"urlTemplate\":\"https:\\\/\\\/naturalpoland.com\\\/fr\\\/?s={search_term_string}\"},\"query-input\":{\"@type\":\"PropertyValueSpecification\",\"valueRequired\":true,\"valueName\":\"search_term_string\"}}],\"inLanguage\":\"fr-FR\"},{\"@type\":\"Organization\",\"@id\":\"https:\\\/\\\/naturalpoland.com\\\/fr\\\/#organization\",\"name\":\"Natural Poland\",\"url\":\"https:\\\/\\\/naturalpoland.com\\\/fr\\\/\",\"logo\":{\"@type\":\"ImageObject\",\"inLanguage\":\"fr-FR\",\"@id\":\"https:\\\/\\\/naturalpoland.com\\\/fr\\\/#\\\/schema\\\/logo\\\/image\\\/\",\"url\":\"https:\\\/\\\/naturalpoland.com\\\/wp-content\\\/uploads\\\/2021\\\/05\\\/natural-poland-icon.png\",\"contentUrl\":\"https:\\\/\\\/naturalpoland.com\\\/wp-content\\\/uploads\\\/2021\\\/05\\\/natural-poland-icon.png\",\"width\":512,\"height\":512,\"caption\":\"Natural Poland\"},\"image\":{\"@id\":\"https:\\\/\\\/naturalpoland.com\\\/fr\\\/#\\\/schema\\\/logo\\\/image\\\/\"},\"sameAs\":[\"https:\\\/\\\/www.facebook.com\\\/naturalpoland.b2b\",\"https:\\\/\\\/pl.linkedin.com\\\/company\\\/natural-poland\",\"https:\\\/\\\/www.youtube.com\\\/channel\\\/UCgeGGkvOMahZo-xu_MSEWxg\"]}]}<\/script>\n<!-- \/ Yoast SEO plugin. -->","yoast_head_json":{"title":"Polyporus umbellatus (Polyporus umbellatus) - Distributeur en gros","robots":{"index":"index","follow":"follow","max-snippet":"max-snippet:-1","max-image-preview":"max-image-preview:large","max-video-preview":"max-video-preview:-1"},"canonical":"https:\/\/naturalpoland.com\/fr\/produkty\/produits-pour-les-industries-pharmaceutiques-et-medicales\/extraits-de-champignons\/zagiew-multiple-polyporus-umbellatus\/","og_locale":"fr_FR","og_type":"article","og_title":"Polyporus umbellatus (Polyporus umbellatus) - Distributeur en gros","og_description":"Polyporus umbellatus (polyporus umbellatus ) est un champignon comestible rare, inscrit sur la liste des esp\u00e8ces menac\u00e9es dans de nombreux pays d'Europe, et en Pologne depuis 2014. sous protection partielle. On le trouve \u00e9galement en Asie, o\u00f9 il est utilis\u00e9 dans la m\u00e9decine traditionnelle chinoise depuis plus de 2 000 ans.","og_url":"https:\/\/naturalpoland.com\/fr\/produkty\/produits-pour-les-industries-pharmaceutiques-et-medicales\/extraits-de-champignons\/zagiew-multiple-polyporus-umbellatus\/","og_site_name":"NATURAL POLAND - Distributeur de mati\u00e8res premi\u00e8res en gros","article_publisher":"https:\/\/www.facebook.com\/naturalpoland.b2b","og_image":[{"width":600,"height":600,"url":"https:\/\/naturalpoland.com\/wp-content\/uploads\/Polyporus-umbellatus.jpg","type":"image\/jpeg"}],"schema":{"@context":"https:\/\/schema.org","@graph":[{"@type":"WebPage","@id":"https:\/\/naturalpoland.com\/fr\/produkty\/produits-pour-les-industries-pharmaceutiques-et-medicales\/extraits-de-champignons\/zagiew-multiple-polyporus-umbellatus\/","url":"https:\/\/naturalpoland.com\/fr\/produkty\/produits-pour-les-industries-pharmaceutiques-et-medicales\/extraits-de-champignons\/zagiew-multiple-polyporus-umbellatus\/","name":"Polyporus umbellatus (Polyporus umbellatus) - Distributeur en gros","isPartOf":{"@id":"https:\/\/naturalpoland.com\/fr\/#website"},"primaryImageOfPage":{"@id":"https:\/\/naturalpoland.com\/fr\/produkty\/produits-pour-les-industries-pharmaceutiques-et-medicales\/extraits-de-champignons\/zagiew-multiple-polyporus-umbellatus\/#primaryimage"},"image":{"@id":"https:\/\/naturalpoland.com\/fr\/produkty\/produits-pour-les-industries-pharmaceutiques-et-medicales\/extraits-de-champignons\/zagiew-multiple-polyporus-umbellatus\/#primaryimage"},"thumbnailUrl":"https:\/\/naturalpoland.com\/wp-content\/uploads\/Polyporus-umbellatus.jpg","datePublished":"2023-05-24T12:57:42+00:00","breadcrumb":{"@id":"https:\/\/naturalpoland.com\/fr\/produkty\/produits-pour-les-industries-pharmaceutiques-et-medicales\/extraits-de-champignons\/zagiew-multiple-polyporus-umbellatus\/#breadcrumb"},"inLanguage":"fr-FR","potentialAction":[{"@type":"ReadAction","target":["https:\/\/naturalpoland.com\/fr\/produkty\/produits-pour-les-industries-pharmaceutiques-et-medicales\/extraits-de-champignons\/zagiew-multiple-polyporus-umbellatus\/"]}]},{"@type":"ImageObject","inLanguage":"fr-FR","@id":"https:\/\/naturalpoland.com\/fr\/produkty\/produits-pour-les-industries-pharmaceutiques-et-medicales\/extraits-de-champignons\/zagiew-multiple-polyporus-umbellatus\/#primaryimage","url":"https:\/\/naturalpoland.com\/wp-content\/uploads\/Polyporus-umbellatus.jpg","contentUrl":"https:\/\/naturalpoland.com\/wp-content\/uploads\/Polyporus-umbellatus.jpg","width":600,"height":600,"caption":"Polyporus umbellatus"},{"@type":"BreadcrumbList","@id":"https:\/\/naturalpoland.com\/fr\/produkty\/produits-pour-les-industries-pharmaceutiques-et-medicales\/extraits-de-champignons\/zagiew-multiple-polyporus-umbellatus\/#breadcrumb","itemListElement":[{"@type":"ListItem","position":1,"name":"Accueil","item":"https:\/\/naturalpoland.com\/fr\/"},{"@type":"ListItem","position":2,"name":"Produits","item":"https:\/\/naturalpoland.com\/fr\/produits\/"},{"@type":"ListItem","position":3,"name":"Polyporus umbellatus (Polyporus umbellatus)"}]},{"@type":"WebSite","@id":"https:\/\/naturalpoland.com\/fr\/#website","url":"https:\/\/naturalpoland.com\/fr\/","name":"NATURAL POLAND - Distributeur de mati\u00e8res premi\u00e8res en gros","description":"Surowce dla przemys\u0142u spo\u017cywczego, kosmetycznego i farmaceutycznego","publisher":{"@id":"https:\/\/naturalpoland.com\/fr\/#organization"},"potentialAction":[{"@type":"SearchAction","target":{"@type":"EntryPoint","urlTemplate":"https:\/\/naturalpoland.com\/fr\/?s={search_term_string}"},"query-input":{"@type":"PropertyValueSpecification","valueRequired":true,"valueName":"search_term_string"}}],"inLanguage":"fr-FR"},{"@type":"Organization","@id":"https:\/\/naturalpoland.com\/fr\/#organization","name":"Natural Poland","url":"https:\/\/naturalpoland.com\/fr\/","logo":{"@type":"ImageObject","inLanguage":"fr-FR","@id":"https:\/\/naturalpoland.com\/fr\/#\/schema\/logo\/image\/","url":"https:\/\/naturalpoland.com\/wp-content\/uploads\/2021\/05\/natural-poland-icon.png","contentUrl":"https:\/\/naturalpoland.com\/wp-content\/uploads\/2021\/05\/natural-poland-icon.png","width":512,"height":512,"caption":"Natural Poland"},"image":{"@id":"https:\/\/naturalpoland.com\/fr\/#\/schema\/logo\/image\/"},"sameAs":["https:\/\/www.facebook.com\/naturalpoland.b2b","https:\/\/pl.linkedin.com\/company\/natural-poland","https:\/\/www.youtube.com\/channel\/UCgeGGkvOMahZo-xu_MSEWxg"]}]}},"_links":{"self":[{"href":"https:\/\/naturalpoland.com\/fr\/wp-json\/wp\/v2\/product\/23464","targetHints":{"allow":["GET"]}}],"collection":[{"href":"https:\/\/naturalpoland.com\/fr\/wp-json\/wp\/v2\/product"}],"about":[{"href":"https:\/\/naturalpoland.com\/fr\/wp-json\/wp\/v2\/types\/product"}],"wp:featuredmedia":[{"embeddable":true,"href":"https:\/\/naturalpoland.com\/fr\/wp-json\/wp\/v2\/media\/23244"}],"wp:attachment":[{"href":"https:\/\/naturalpoland.com\/fr\/wp-json\/wp\/v2\/media?parent=23464"}],"wp:term":[{"taxonomy":"product_brand","embeddable":true,"href":"https:\/\/naturalpoland.com\/fr\/wp-json\/wp\/v2\/product_brand?post=23464"},{"taxonomy":"product_cat","embeddable":true,"href":"https:\/\/naturalpoland.com\/fr\/wp-json\/wp\/v2\/product_cat?post=23464"},{"taxonomy":"product_tag","embeddable":true,"href":"https:\/\/naturalpoland.com\/fr\/wp-json\/wp\/v2\/product_tag?post=23464"}],"curies":[{"name":"wp","href":"https:\/\/api.w.org\/{rel}","templated":true}]}}