{"id":23475,"date":"2023-05-12T14:40:41","date_gmt":"2023-05-24T14:39:27","guid":{"rendered":"https:\/\/naturalpoland.pl\/produkty\/non class\u00e9\/champignon-camphre-antrodia-camphorata\/"},"modified":"2023-05-24T16:39:27","modified_gmt":"2023-05-24T14:39:27","slug":"champignon-camphorata-antrodia-camphorata","status":"publish","type":"product","link":"https:\/\/naturalpoland.com\/fr\/produkty\/produits-pour-les-industries-pharmaceutiques-et-medicales\/extraits-de-champignons\/champignon-camphorata-antrodia-camphorata\/","title":{"rendered":"Champignon camphr\u00e9 (Antrodia Camphorata)"},"content":{"rendered":"<p>L&rsquo;<strong>extrait d&rsquo;<em>Antrodia Camphorata<\/em><\/strong> est traditionnellement utilis\u00e9 pour traiter les intoxications alcooliques, la fatigue excessive et pour d\u00e9toxifier le foie. La recherche moderne a confirm\u00e9 que les compos\u00e9s pr\u00e9sents dans l&rsquo;extrait ont non seulement des effets de soutien et de r\u00e9g\u00e9n\u00e9ration du foie, mais aussi des effets anti-inflammatoires et antioxydants, et qu&rsquo;ils peuvent contribuer au traitement du cancer.<\/p>\n<h2>Utilisation de l&rsquo;extrait d&rsquo;<em>Antrodia camphorata<\/em><\/h2>\n<p>L&rsquo;extrait de champignon camphr\u00e9 sera utilis\u00e9 dans des pr\u00e9parations :<\/p>\n<ul>\n<li>Renforcement de l&rsquo;immunit\u00e9<\/li>\n<li>Renforcement et r\u00e9g\u00e9n\u00e9ration du foie<\/li>\n<li>Renforcement de la fonction cardiaque<\/li>\n<li>D\u00e9sintoxication (alcool, drogue, intoxication alimentaire)<\/li>\n<li>Am\u00e9lioration de la fonction r\u00e9nale<\/li>\n<li>Combat la fatigue, donne de l&rsquo;\u00e9nergie<\/li>\n<\/ul>\n","protected":false},"excerpt":{"rendered":"<p><strong><br \/>\n  <em>Antrodia camphorata<\/em><br \/>\n<\/strong> est un champignon unique que l&rsquo;on ne trouve qu&rsquo;\u00e0 Ta\u00efwan, o\u00f9 il parasite des camphriers end\u00e9miques poussant \u00e0 des altitudes de 400 \u00e0 2000 m au-dessus du niveau de la mer. Ses propri\u00e9t\u00e9s curatives sont appr\u00e9ci\u00e9es depuis des centaines d&rsquo;ann\u00e9es par les gu\u00e9risseurs ta\u00efwanais et les experts de la m\u00e9decine traditionnelle chinoise.<\/p>\n","protected":false},"featured_media":23171,"template":"","meta":[],"product_brand":[],"product_cat":[2053],"product_tag":[],"class_list":{"0":"post-23475","1":"product","2":"type-product","3":"status-publish","4":"has-post-thumbnail","6":"product_cat-extraits-de-champignons","8":"first","9":"instock","10":"shipping-taxable","11":"product-type-simple"},"yoast_head":"<!-- This site is optimized with the Yoast SEO plugin v27.3 - https:\/\/yoast.com\/product\/yoast-seo-wordpress\/ -->\n<title>Champignon camphr\u00e9 (Antrodia Camphorata) - Distributeur en gros<\/title>\n<meta name=\"robots\" content=\"index, follow, max-snippet:-1, max-image-preview:large, max-video-preview:-1\" \/>\n<link rel=\"canonical\" href=\"https:\/\/naturalpoland.com\/fr\/produkty\/produits-pour-les-industries-pharmaceutiques-et-medicales\/extraits-de-champignons\/champignon-camphorata-antrodia-camphorata\/\" \/>\n<meta property=\"og:locale\" content=\"fr_FR\" \/>\n<meta property=\"og:type\" content=\"article\" \/>\n<meta property=\"og:title\" content=\"Champignon camphr\u00e9 (Antrodia Camphorata) - Distributeur en gros\" \/>\n<meta property=\"og:description\" content=\"Antrodia camphorata est un champignon unique que l&#039;on ne trouve qu&#039;\u00e0 Ta\u00efwan, o\u00f9 il parasite des camphriers end\u00e9miques poussant \u00e0 des altitudes de 400 \u00e0 2000 m au-dessus du niveau de la mer. Ses propri\u00e9t\u00e9s curatives sont appr\u00e9ci\u00e9es depuis des centaines d&#039;ann\u00e9es par les gu\u00e9risseurs ta\u00efwanais et les experts de la m\u00e9decine traditionnelle chinoise.\" \/>\n<meta property=\"og:url\" content=\"https:\/\/naturalpoland.com\/fr\/produkty\/produits-pour-les-industries-pharmaceutiques-et-medicales\/extraits-de-champignons\/champignon-camphorata-antrodia-camphorata\/\" \/>\n<meta property=\"og:site_name\" content=\"NATURAL POLAND - Distributeur de mati\u00e8res premi\u00e8res en gros\" \/>\n<meta property=\"article:publisher\" content=\"https:\/\/www.facebook.com\/naturalpoland.b2b\" \/>\n<meta property=\"og:image\" content=\"https:\/\/naturalpoland.com\/wp-content\/uploads\/Antrodia-Camphorata.jpg\" \/>\n\t<meta property=\"og:image:width\" content=\"600\" \/>\n\t<meta property=\"og:image:height\" content=\"600\" \/>\n\t<meta property=\"og:image:type\" content=\"image\/jpeg\" \/>\n<script type=\"application\/ld+json\" class=\"yoast-schema-graph\">{\"@context\":\"https:\\\/\\\/schema.org\",\"@graph\":[{\"@type\":\"WebPage\",\"@id\":\"https:\\\/\\\/naturalpoland.com\\\/fr\\\/produkty\\\/produits-pour-les-industries-pharmaceutiques-et-medicales\\\/extraits-de-champignons\\\/champignon-camphorata-antrodia-camphorata\\\/\",\"url\":\"https:\\\/\\\/naturalpoland.com\\\/fr\\\/produkty\\\/produits-pour-les-industries-pharmaceutiques-et-medicales\\\/extraits-de-champignons\\\/champignon-camphorata-antrodia-camphorata\\\/\",\"name\":\"Champignon camphr\u00e9 (Antrodia Camphorata) - Distributeur en gros\",\"isPartOf\":{\"@id\":\"https:\\\/\\\/naturalpoland.com\\\/fr\\\/#website\"},\"primaryImageOfPage\":{\"@id\":\"https:\\\/\\\/naturalpoland.com\\\/fr\\\/produkty\\\/produits-pour-les-industries-pharmaceutiques-et-medicales\\\/extraits-de-champignons\\\/champignon-camphorata-antrodia-camphorata\\\/#primaryimage\"},\"image\":{\"@id\":\"https:\\\/\\\/naturalpoland.com\\\/fr\\\/produkty\\\/produits-pour-les-industries-pharmaceutiques-et-medicales\\\/extraits-de-champignons\\\/champignon-camphorata-antrodia-camphorata\\\/#primaryimage\"},\"thumbnailUrl\":\"https:\\\/\\\/naturalpoland.com\\\/wp-content\\\/uploads\\\/Antrodia-Camphorata.jpg\",\"datePublished\":\"2023-05-24T14:39:27+00:00\",\"breadcrumb\":{\"@id\":\"https:\\\/\\\/naturalpoland.com\\\/fr\\\/produkty\\\/produits-pour-les-industries-pharmaceutiques-et-medicales\\\/extraits-de-champignons\\\/champignon-camphorata-antrodia-camphorata\\\/#breadcrumb\"},\"inLanguage\":\"fr-FR\",\"potentialAction\":[{\"@type\":\"ReadAction\",\"target\":[\"https:\\\/\\\/naturalpoland.com\\\/fr\\\/produkty\\\/produits-pour-les-industries-pharmaceutiques-et-medicales\\\/extraits-de-champignons\\\/champignon-camphorata-antrodia-camphorata\\\/\"]}]},{\"@type\":\"ImageObject\",\"inLanguage\":\"fr-FR\",\"@id\":\"https:\\\/\\\/naturalpoland.com\\\/fr\\\/produkty\\\/produits-pour-les-industries-pharmaceutiques-et-medicales\\\/extraits-de-champignons\\\/champignon-camphorata-antrodia-camphorata\\\/#primaryimage\",\"url\":\"https:\\\/\\\/naturalpoland.com\\\/wp-content\\\/uploads\\\/Antrodia-Camphorata.jpg\",\"contentUrl\":\"https:\\\/\\\/naturalpoland.com\\\/wp-content\\\/uploads\\\/Antrodia-Camphorata.jpg\",\"width\":600,\"height\":600,\"caption\":\"Antrodia Camphorata\"},{\"@type\":\"BreadcrumbList\",\"@id\":\"https:\\\/\\\/naturalpoland.com\\\/fr\\\/produkty\\\/produits-pour-les-industries-pharmaceutiques-et-medicales\\\/extraits-de-champignons\\\/champignon-camphorata-antrodia-camphorata\\\/#breadcrumb\",\"itemListElement\":[{\"@type\":\"ListItem\",\"position\":1,\"name\":\"Accueil\",\"item\":\"https:\\\/\\\/naturalpoland.com\\\/fr\\\/\"},{\"@type\":\"ListItem\",\"position\":2,\"name\":\"Produits\",\"item\":\"https:\\\/\\\/naturalpoland.com\\\/fr\\\/produits\\\/\"},{\"@type\":\"ListItem\",\"position\":3,\"name\":\"Champignon camphr\u00e9 (Antrodia Camphorata)\"}]},{\"@type\":\"WebSite\",\"@id\":\"https:\\\/\\\/naturalpoland.com\\\/fr\\\/#website\",\"url\":\"https:\\\/\\\/naturalpoland.com\\\/fr\\\/\",\"name\":\"NATURAL POLAND - Distributeur de mati\u00e8res premi\u00e8res en gros\",\"description\":\"Surowce dla przemys\u0142u spo\u017cywczego, kosmetycznego i farmaceutycznego\",\"publisher\":{\"@id\":\"https:\\\/\\\/naturalpoland.com\\\/fr\\\/#organization\"},\"potentialAction\":[{\"@type\":\"SearchAction\",\"target\":{\"@type\":\"EntryPoint\",\"urlTemplate\":\"https:\\\/\\\/naturalpoland.com\\\/fr\\\/?s={search_term_string}\"},\"query-input\":{\"@type\":\"PropertyValueSpecification\",\"valueRequired\":true,\"valueName\":\"search_term_string\"}}],\"inLanguage\":\"fr-FR\"},{\"@type\":\"Organization\",\"@id\":\"https:\\\/\\\/naturalpoland.com\\\/fr\\\/#organization\",\"name\":\"Natural Poland\",\"url\":\"https:\\\/\\\/naturalpoland.com\\\/fr\\\/\",\"logo\":{\"@type\":\"ImageObject\",\"inLanguage\":\"fr-FR\",\"@id\":\"https:\\\/\\\/naturalpoland.com\\\/fr\\\/#\\\/schema\\\/logo\\\/image\\\/\",\"url\":\"https:\\\/\\\/naturalpoland.com\\\/wp-content\\\/uploads\\\/2021\\\/05\\\/natural-poland-icon.png\",\"contentUrl\":\"https:\\\/\\\/naturalpoland.com\\\/wp-content\\\/uploads\\\/2021\\\/05\\\/natural-poland-icon.png\",\"width\":512,\"height\":512,\"caption\":\"Natural Poland\"},\"image\":{\"@id\":\"https:\\\/\\\/naturalpoland.com\\\/fr\\\/#\\\/schema\\\/logo\\\/image\\\/\"},\"sameAs\":[\"https:\\\/\\\/www.facebook.com\\\/naturalpoland.b2b\",\"https:\\\/\\\/pl.linkedin.com\\\/company\\\/natural-poland\",\"https:\\\/\\\/www.youtube.com\\\/channel\\\/UCgeGGkvOMahZo-xu_MSEWxg\"]}]}<\/script>\n<!-- \/ Yoast SEO plugin. -->","yoast_head_json":{"title":"Champignon camphr\u00e9 (Antrodia Camphorata) - Distributeur en gros","robots":{"index":"index","follow":"follow","max-snippet":"max-snippet:-1","max-image-preview":"max-image-preview:large","max-video-preview":"max-video-preview:-1"},"canonical":"https:\/\/naturalpoland.com\/fr\/produkty\/produits-pour-les-industries-pharmaceutiques-et-medicales\/extraits-de-champignons\/champignon-camphorata-antrodia-camphorata\/","og_locale":"fr_FR","og_type":"article","og_title":"Champignon camphr\u00e9 (Antrodia Camphorata) - Distributeur en gros","og_description":"Antrodia camphorata est un champignon unique que l'on ne trouve qu'\u00e0 Ta\u00efwan, o\u00f9 il parasite des camphriers end\u00e9miques poussant \u00e0 des altitudes de 400 \u00e0 2000 m au-dessus du niveau de la mer. Ses propri\u00e9t\u00e9s curatives sont appr\u00e9ci\u00e9es depuis des centaines d'ann\u00e9es par les gu\u00e9risseurs ta\u00efwanais et les experts de la m\u00e9decine traditionnelle chinoise.","og_url":"https:\/\/naturalpoland.com\/fr\/produkty\/produits-pour-les-industries-pharmaceutiques-et-medicales\/extraits-de-champignons\/champignon-camphorata-antrodia-camphorata\/","og_site_name":"NATURAL POLAND - Distributeur de mati\u00e8res premi\u00e8res en gros","article_publisher":"https:\/\/www.facebook.com\/naturalpoland.b2b","og_image":[{"width":600,"height":600,"url":"https:\/\/naturalpoland.com\/wp-content\/uploads\/Antrodia-Camphorata.jpg","type":"image\/jpeg"}],"schema":{"@context":"https:\/\/schema.org","@graph":[{"@type":"WebPage","@id":"https:\/\/naturalpoland.com\/fr\/produkty\/produits-pour-les-industries-pharmaceutiques-et-medicales\/extraits-de-champignons\/champignon-camphorata-antrodia-camphorata\/","url":"https:\/\/naturalpoland.com\/fr\/produkty\/produits-pour-les-industries-pharmaceutiques-et-medicales\/extraits-de-champignons\/champignon-camphorata-antrodia-camphorata\/","name":"Champignon camphr\u00e9 (Antrodia Camphorata) - Distributeur en gros","isPartOf":{"@id":"https:\/\/naturalpoland.com\/fr\/#website"},"primaryImageOfPage":{"@id":"https:\/\/naturalpoland.com\/fr\/produkty\/produits-pour-les-industries-pharmaceutiques-et-medicales\/extraits-de-champignons\/champignon-camphorata-antrodia-camphorata\/#primaryimage"},"image":{"@id":"https:\/\/naturalpoland.com\/fr\/produkty\/produits-pour-les-industries-pharmaceutiques-et-medicales\/extraits-de-champignons\/champignon-camphorata-antrodia-camphorata\/#primaryimage"},"thumbnailUrl":"https:\/\/naturalpoland.com\/wp-content\/uploads\/Antrodia-Camphorata.jpg","datePublished":"2023-05-24T14:39:27+00:00","breadcrumb":{"@id":"https:\/\/naturalpoland.com\/fr\/produkty\/produits-pour-les-industries-pharmaceutiques-et-medicales\/extraits-de-champignons\/champignon-camphorata-antrodia-camphorata\/#breadcrumb"},"inLanguage":"fr-FR","potentialAction":[{"@type":"ReadAction","target":["https:\/\/naturalpoland.com\/fr\/produkty\/produits-pour-les-industries-pharmaceutiques-et-medicales\/extraits-de-champignons\/champignon-camphorata-antrodia-camphorata\/"]}]},{"@type":"ImageObject","inLanguage":"fr-FR","@id":"https:\/\/naturalpoland.com\/fr\/produkty\/produits-pour-les-industries-pharmaceutiques-et-medicales\/extraits-de-champignons\/champignon-camphorata-antrodia-camphorata\/#primaryimage","url":"https:\/\/naturalpoland.com\/wp-content\/uploads\/Antrodia-Camphorata.jpg","contentUrl":"https:\/\/naturalpoland.com\/wp-content\/uploads\/Antrodia-Camphorata.jpg","width":600,"height":600,"caption":"Antrodia Camphorata"},{"@type":"BreadcrumbList","@id":"https:\/\/naturalpoland.com\/fr\/produkty\/produits-pour-les-industries-pharmaceutiques-et-medicales\/extraits-de-champignons\/champignon-camphorata-antrodia-camphorata\/#breadcrumb","itemListElement":[{"@type":"ListItem","position":1,"name":"Accueil","item":"https:\/\/naturalpoland.com\/fr\/"},{"@type":"ListItem","position":2,"name":"Produits","item":"https:\/\/naturalpoland.com\/fr\/produits\/"},{"@type":"ListItem","position":3,"name":"Champignon camphr\u00e9 (Antrodia Camphorata)"}]},{"@type":"WebSite","@id":"https:\/\/naturalpoland.com\/fr\/#website","url":"https:\/\/naturalpoland.com\/fr\/","name":"NATURAL POLAND - Distributeur de mati\u00e8res premi\u00e8res en gros","description":"Surowce dla przemys\u0142u spo\u017cywczego, kosmetycznego i farmaceutycznego","publisher":{"@id":"https:\/\/naturalpoland.com\/fr\/#organization"},"potentialAction":[{"@type":"SearchAction","target":{"@type":"EntryPoint","urlTemplate":"https:\/\/naturalpoland.com\/fr\/?s={search_term_string}"},"query-input":{"@type":"PropertyValueSpecification","valueRequired":true,"valueName":"search_term_string"}}],"inLanguage":"fr-FR"},{"@type":"Organization","@id":"https:\/\/naturalpoland.com\/fr\/#organization","name":"Natural Poland","url":"https:\/\/naturalpoland.com\/fr\/","logo":{"@type":"ImageObject","inLanguage":"fr-FR","@id":"https:\/\/naturalpoland.com\/fr\/#\/schema\/logo\/image\/","url":"https:\/\/naturalpoland.com\/wp-content\/uploads\/2021\/05\/natural-poland-icon.png","contentUrl":"https:\/\/naturalpoland.com\/wp-content\/uploads\/2021\/05\/natural-poland-icon.png","width":512,"height":512,"caption":"Natural Poland"},"image":{"@id":"https:\/\/naturalpoland.com\/fr\/#\/schema\/logo\/image\/"},"sameAs":["https:\/\/www.facebook.com\/naturalpoland.b2b","https:\/\/pl.linkedin.com\/company\/natural-poland","https:\/\/www.youtube.com\/channel\/UCgeGGkvOMahZo-xu_MSEWxg"]}]}},"_links":{"self":[{"href":"https:\/\/naturalpoland.com\/fr\/wp-json\/wp\/v2\/product\/23475","targetHints":{"allow":["GET"]}}],"collection":[{"href":"https:\/\/naturalpoland.com\/fr\/wp-json\/wp\/v2\/product"}],"about":[{"href":"https:\/\/naturalpoland.com\/fr\/wp-json\/wp\/v2\/types\/product"}],"wp:featuredmedia":[{"embeddable":true,"href":"https:\/\/naturalpoland.com\/fr\/wp-json\/wp\/v2\/media\/23171"}],"wp:attachment":[{"href":"https:\/\/naturalpoland.com\/fr\/wp-json\/wp\/v2\/media?parent=23475"}],"wp:term":[{"taxonomy":"product_brand","embeddable":true,"href":"https:\/\/naturalpoland.com\/fr\/wp-json\/wp\/v2\/product_brand?post=23475"},{"taxonomy":"product_cat","embeddable":true,"href":"https:\/\/naturalpoland.com\/fr\/wp-json\/wp\/v2\/product_cat?post=23475"},{"taxonomy":"product_tag","embeddable":true,"href":"https:\/\/naturalpoland.com\/fr\/wp-json\/wp\/v2\/product_tag?post=23475"}],"curies":[{"name":"wp","href":"https:\/\/api.w.org\/{rel}","templated":true}]}}