{"id":23742,"date":"2023-06-21T12:56:49","date_gmt":"2023-06-21T11:15:29","guid":{"rendered":"https:\/\/naturalpoland.com\/produkty\/non class\u00e9\/extrait-dajuga-turkestanica\/"},"modified":"2023-06-21T13:15:29","modified_gmt":"2023-06-21T11:15:29","slug":"extrait-d-ajuga-turkestanica","status":"publish","type":"product","link":"https:\/\/naturalpoland.com\/fr\/produkty\/extraits-de-plantes\/extrait-d-ajuga-turkestanica\/","title":{"rendered":"Extrait d&rsquo;Ajuga Turkestanica"},"content":{"rendered":"<p>L&rsquo;extrait d&rsquo;Ajuga Turkestanica est un concentr\u00e9 de force et de vitalit\u00e9. Sa composition comprend des ecdyst\u00e9ro\u00efdes, des st\u00e9ro\u00efdes v\u00e9g\u00e9taux naturels, qui ont un effet anabolisant, aidant \u00e0 la construction musculaire. De plus, l&rsquo;Ajuga Turkestanica contient des phytoecdyst\u00e9ro\u00efdes, qui acc\u00e9l\u00e8rent la r\u00e9g\u00e9n\u00e9ration de l&rsquo;organisme apr\u00e8s un effort physique, ce qui en fait un compl\u00e9ment id\u00e9al \u00e0 l&rsquo;alimentation des sportifs et des personnes actives. De plus, l&rsquo;Ajuga Turkestanica a la capacit\u00e9 de renforcer le syst\u00e8me immunitaire, gr\u00e2ce \u00e0 la pr\u00e9sence d&rsquo;ingr\u00e9dients uniques tels que le turkest\u00e9rone et le cyast\u00e9rone.   <\/p>\n<h2>Qu&rsquo;est-ce que le turkest\u00e9rone?<\/h2>\n<p>Le turkest\u00e9rone est un phytoecdyst\u00e9ro\u00efde naturellement pr\u00e9sent dans l&rsquo;Ajuga Turkestanica. C&rsquo;est un compos\u00e9 bioactif puissant qui montre une activit\u00e9 anabolisante. Il influence le corps humain de mani\u00e8re similaire \u00e0 l&rsquo;hormone de croissance, acc\u00e9l\u00e9rant les processus de r\u00e9g\u00e9n\u00e9ration et stimulant le d\u00e9veloppement des tissus musculaires. C&rsquo;est pourquoi l&rsquo;extrait d&rsquo;Ajuga Turkestanica est particuli\u00e8rement appr\u00e9ci\u00e9 des sportifs et des personnes menant une vie active. Notre standardisation \u00e0 un <strong>minimum de 10% de contenu en turkest\u00e9rone<\/strong> assure que chaque dose du produit fournit une quantit\u00e9 optimale de cette substance. C&rsquo;est essentiel pour obtenir les effets souhait\u00e9s et assurer la s\u00e9curit\u00e9 de l&rsquo;utilisation. Mais le turkest\u00e9rone a une application beaucoup plus large que simplement soutenir la construction de la masse musculaire. Ce compos\u00e9 influe \u00e9galement sur les performances globales de l&rsquo;organisme, aide \u00e0 maintenir un poids corporel ad\u00e9quat et a un impact positif sur le syst\u00e8me immunitaire. Il peut \u00e9galement soutenir le syst\u00e8me cardiovasculaire et contribuer \u00e0 am\u00e9liorer la qualit\u00e9 du sommeil, la r\u00e9silience psychologique et la gestion du stress.   <\/p>\n<h2>Application de l&rsquo;extrait d&rsquo;Ajuga Turkestanica<\/h2>\n<p>L&rsquo;utilisation de l&rsquo;extrait peut contribuer \u00e0 am\u00e9liorer le bien-\u00eatre, fournir de l&rsquo;\u00e9nergie et contrer les effets du stress oxydatif. L&rsquo;extrait peut \u00eatre utilis\u00e9 comme compl\u00e9ment alimentaire naturel pour soutenir la sant\u00e9 de chaque individu. Il a un effet positif sur le fonctionnement du syst\u00e8me cardiovasculaire, soutient la digestion et peut contribuer \u00e0 am\u00e9liorer la qualit\u00e9 du sommeil. Notre extrait d&rsquo;Ajuga Turkestanica est produit selon les normes de qualit\u00e9 les plus \u00e9lev\u00e9es. Nous veillons \u00e0 ce que chaque lot de produit soit soigneusement v\u00e9rifi\u00e9 pour la pr\u00e9sence d&rsquo;ingr\u00e9dients actifs, garantissant son efficacit\u00e9 et sa s\u00e9curit\u00e9.<\/p>\n","protected":false},"excerpt":{"rendered":"<p><span class=\"ui-provider gs b c d e f g h i j k l m n o p q r s t u v w x y z ab ac ae af ag ah ai aj ak\" dir=\"ltr\">L&rsquo;Ajuga Turkestanica est un extrait unique qui provient du c\u0153ur de l&rsquo;Asie centrale. Il contient une richesse d&rsquo;ingr\u00e9dients actifs, dont l&rsquo;un des plus efficaces ingr\u00e9dients actifs naturels &#8211; le turkest\u00e9rone. Notre produit est une source de cette substance extraordinaire, dont la teneur est garantie \u00e0 un niveau minimum de 10%.  <\/span><\/p>\n","protected":false},"featured_media":23734,"template":"","meta":[],"product_brand":[],"product_cat":[1293],"product_tag":[],"class_list":{"0":"post-23742","1":"product","2":"type-product","3":"status-publish","4":"has-post-thumbnail","6":"product_cat-extraits-de-plantes","7":"pa_certyfikaty-certification-cachere","8":"pa_certyfikaty-halal-fr","9":"pa_czesc-rosliny-plante-entiere","11":"first","12":"instock","13":"shipping-taxable","14":"product-type-simple"},"yoast_head":"<!-- This site is optimized with the Yoast SEO plugin v27.4 - https:\/\/yoast.com\/product\/yoast-seo-wordpress\/ -->\n<title>Extrait d&#039;Ajuga Turkestanica - Distributeur en gros<\/title>\n<meta name=\"description\" content=\"Notre extrait d&#039;Ajuga Turkestanica est produit selon les normes de qualit\u00e9 les plus \u00e9lev\u00e9es. Nous veillons \u00e0 ce que chaque lot de produit soit v\u00e9rifi\u00e9 pour la pr\u00e9sence d&#039;ingr\u00e9dients actifs.\" \/>\n<meta name=\"robots\" content=\"index, follow, max-snippet:-1, max-image-preview:large, max-video-preview:-1\" \/>\n<link rel=\"canonical\" href=\"https:\/\/naturalpoland.com\/fr\/produkty\/extraits-de-plantes\/extrait-d-ajuga-turkestanica\/\" \/>\n<meta property=\"og:locale\" content=\"fr_FR\" \/>\n<meta property=\"og:type\" content=\"article\" \/>\n<meta property=\"og:title\" content=\"Extrait d&#039;Ajuga Turkestanica - Distributeur en gros\" \/>\n<meta property=\"og:description\" content=\"Notre extrait d&#039;Ajuga Turkestanica est produit selon les normes de qualit\u00e9 les plus \u00e9lev\u00e9es. Nous veillons \u00e0 ce que chaque lot de produit soit v\u00e9rifi\u00e9 pour la pr\u00e9sence d&#039;ingr\u00e9dients actifs.\" \/>\n<meta property=\"og:url\" content=\"https:\/\/naturalpoland.com\/fr\/produkty\/extraits-de-plantes\/extrait-d-ajuga-turkestanica\/\" \/>\n<meta property=\"og:site_name\" content=\"NATURAL POLAND - Distributeur de mati\u00e8res premi\u00e8res en gros\" \/>\n<meta property=\"article:publisher\" content=\"https:\/\/www.facebook.com\/naturalpoland.b2b\" \/>\n<meta property=\"og:image\" content=\"https:\/\/naturalpoland.com\/wp-content\/uploads\/sjuga-turkestanica-ekstrakt.jpg\" \/>\n\t<meta property=\"og:image:width\" content=\"650\" \/>\n\t<meta property=\"og:image:height\" content=\"650\" \/>\n\t<meta property=\"og:image:type\" content=\"image\/jpeg\" \/>\n<script type=\"application\/ld+json\" class=\"yoast-schema-graph\">{\"@context\":\"https:\\\/\\\/schema.org\",\"@graph\":[{\"@type\":\"WebPage\",\"@id\":\"https:\\\/\\\/naturalpoland.com\\\/fr\\\/produkty\\\/extraits-de-plantes\\\/extrait-d-ajuga-turkestanica\\\/\",\"url\":\"https:\\\/\\\/naturalpoland.com\\\/fr\\\/produkty\\\/extraits-de-plantes\\\/extrait-d-ajuga-turkestanica\\\/\",\"name\":\"Extrait d'Ajuga Turkestanica - Distributeur en gros\",\"isPartOf\":{\"@id\":\"https:\\\/\\\/naturalpoland.com\\\/fr\\\/#website\"},\"primaryImageOfPage\":{\"@id\":\"https:\\\/\\\/naturalpoland.com\\\/fr\\\/produkty\\\/extraits-de-plantes\\\/extrait-d-ajuga-turkestanica\\\/#primaryimage\"},\"image\":{\"@id\":\"https:\\\/\\\/naturalpoland.com\\\/fr\\\/produkty\\\/extraits-de-plantes\\\/extrait-d-ajuga-turkestanica\\\/#primaryimage\"},\"thumbnailUrl\":\"https:\\\/\\\/naturalpoland.com\\\/wp-content\\\/uploads\\\/sjuga-turkestanica-ekstrakt.jpg\",\"datePublished\":\"2023-06-21T11:15:29+00:00\",\"description\":\"Notre extrait d'Ajuga Turkestanica est produit selon les normes de qualit\u00e9 les plus \u00e9lev\u00e9es. Nous veillons \u00e0 ce que chaque lot de produit soit v\u00e9rifi\u00e9 pour la pr\u00e9sence d'ingr\u00e9dients actifs.\",\"breadcrumb\":{\"@id\":\"https:\\\/\\\/naturalpoland.com\\\/fr\\\/produkty\\\/extraits-de-plantes\\\/extrait-d-ajuga-turkestanica\\\/#breadcrumb\"},\"inLanguage\":\"fr-FR\",\"potentialAction\":[{\"@type\":\"ReadAction\",\"target\":[\"https:\\\/\\\/naturalpoland.com\\\/fr\\\/produkty\\\/extraits-de-plantes\\\/extrait-d-ajuga-turkestanica\\\/\"]}]},{\"@type\":\"ImageObject\",\"inLanguage\":\"fr-FR\",\"@id\":\"https:\\\/\\\/naturalpoland.com\\\/fr\\\/produkty\\\/extraits-de-plantes\\\/extrait-d-ajuga-turkestanica\\\/#primaryimage\",\"url\":\"https:\\\/\\\/naturalpoland.com\\\/wp-content\\\/uploads\\\/sjuga-turkestanica-ekstrakt.jpg\",\"contentUrl\":\"https:\\\/\\\/naturalpoland.com\\\/wp-content\\\/uploads\\\/sjuga-turkestanica-ekstrakt.jpg\",\"width\":650,\"height\":650,\"caption\":\"Extrait d'Ajuga Turkestanica\"},{\"@type\":\"BreadcrumbList\",\"@id\":\"https:\\\/\\\/naturalpoland.com\\\/fr\\\/produkty\\\/extraits-de-plantes\\\/extrait-d-ajuga-turkestanica\\\/#breadcrumb\",\"itemListElement\":[{\"@type\":\"ListItem\",\"position\":1,\"name\":\"Accueil\",\"item\":\"https:\\\/\\\/naturalpoland.com\\\/fr\\\/\"},{\"@type\":\"ListItem\",\"position\":2,\"name\":\"Produits\",\"item\":\"https:\\\/\\\/naturalpoland.com\\\/fr\\\/produits\\\/\"},{\"@type\":\"ListItem\",\"position\":3,\"name\":\"Extrait d&rsquo;Ajuga Turkestanica\"}]},{\"@type\":\"WebSite\",\"@id\":\"https:\\\/\\\/naturalpoland.com\\\/fr\\\/#website\",\"url\":\"https:\\\/\\\/naturalpoland.com\\\/fr\\\/\",\"name\":\"NATURAL POLAND - Distributeur de mati\u00e8res premi\u00e8res en gros\",\"description\":\"Surowce dla przemys\u0142u spo\u017cywczego, kosmetycznego i farmaceutycznego\",\"publisher\":{\"@id\":\"https:\\\/\\\/naturalpoland.com\\\/fr\\\/#organization\"},\"potentialAction\":[{\"@type\":\"SearchAction\",\"target\":{\"@type\":\"EntryPoint\",\"urlTemplate\":\"https:\\\/\\\/naturalpoland.com\\\/fr\\\/?s={search_term_string}\"},\"query-input\":{\"@type\":\"PropertyValueSpecification\",\"valueRequired\":true,\"valueName\":\"search_term_string\"}}],\"inLanguage\":\"fr-FR\"},{\"@type\":\"Organization\",\"@id\":\"https:\\\/\\\/naturalpoland.com\\\/fr\\\/#organization\",\"name\":\"Natural Poland\",\"url\":\"https:\\\/\\\/naturalpoland.com\\\/fr\\\/\",\"logo\":{\"@type\":\"ImageObject\",\"inLanguage\":\"fr-FR\",\"@id\":\"https:\\\/\\\/naturalpoland.com\\\/fr\\\/#\\\/schema\\\/logo\\\/image\\\/\",\"url\":\"https:\\\/\\\/naturalpoland.com\\\/wp-content\\\/uploads\\\/2021\\\/05\\\/natural-poland-icon.png\",\"contentUrl\":\"https:\\\/\\\/naturalpoland.com\\\/wp-content\\\/uploads\\\/2021\\\/05\\\/natural-poland-icon.png\",\"width\":512,\"height\":512,\"caption\":\"Natural Poland\"},\"image\":{\"@id\":\"https:\\\/\\\/naturalpoland.com\\\/fr\\\/#\\\/schema\\\/logo\\\/image\\\/\"},\"sameAs\":[\"https:\\\/\\\/www.facebook.com\\\/naturalpoland.b2b\",\"https:\\\/\\\/pl.linkedin.com\\\/company\\\/natural-poland\",\"https:\\\/\\\/www.youtube.com\\\/channel\\\/UCgeGGkvOMahZo-xu_MSEWxg\"]}]}<\/script>\n<!-- \/ Yoast SEO plugin. -->","yoast_head_json":{"title":"Extrait d'Ajuga Turkestanica - Distributeur en gros","description":"Notre extrait d'Ajuga Turkestanica est produit selon les normes de qualit\u00e9 les plus \u00e9lev\u00e9es. Nous veillons \u00e0 ce que chaque lot de produit soit v\u00e9rifi\u00e9 pour la pr\u00e9sence d'ingr\u00e9dients actifs.","robots":{"index":"index","follow":"follow","max-snippet":"max-snippet:-1","max-image-preview":"max-image-preview:large","max-video-preview":"max-video-preview:-1"},"canonical":"https:\/\/naturalpoland.com\/fr\/produkty\/extraits-de-plantes\/extrait-d-ajuga-turkestanica\/","og_locale":"fr_FR","og_type":"article","og_title":"Extrait d'Ajuga Turkestanica - Distributeur en gros","og_description":"Notre extrait d'Ajuga Turkestanica est produit selon les normes de qualit\u00e9 les plus \u00e9lev\u00e9es. Nous veillons \u00e0 ce que chaque lot de produit soit v\u00e9rifi\u00e9 pour la pr\u00e9sence d'ingr\u00e9dients actifs.","og_url":"https:\/\/naturalpoland.com\/fr\/produkty\/extraits-de-plantes\/extrait-d-ajuga-turkestanica\/","og_site_name":"NATURAL POLAND - Distributeur de mati\u00e8res premi\u00e8res en gros","article_publisher":"https:\/\/www.facebook.com\/naturalpoland.b2b","og_image":[{"width":650,"height":650,"url":"https:\/\/naturalpoland.com\/wp-content\/uploads\/sjuga-turkestanica-ekstrakt.jpg","type":"image\/jpeg"}],"schema":{"@context":"https:\/\/schema.org","@graph":[{"@type":"WebPage","@id":"https:\/\/naturalpoland.com\/fr\/produkty\/extraits-de-plantes\/extrait-d-ajuga-turkestanica\/","url":"https:\/\/naturalpoland.com\/fr\/produkty\/extraits-de-plantes\/extrait-d-ajuga-turkestanica\/","name":"Extrait d'Ajuga Turkestanica - Distributeur en gros","isPartOf":{"@id":"https:\/\/naturalpoland.com\/fr\/#website"},"primaryImageOfPage":{"@id":"https:\/\/naturalpoland.com\/fr\/produkty\/extraits-de-plantes\/extrait-d-ajuga-turkestanica\/#primaryimage"},"image":{"@id":"https:\/\/naturalpoland.com\/fr\/produkty\/extraits-de-plantes\/extrait-d-ajuga-turkestanica\/#primaryimage"},"thumbnailUrl":"https:\/\/naturalpoland.com\/wp-content\/uploads\/sjuga-turkestanica-ekstrakt.jpg","datePublished":"2023-06-21T11:15:29+00:00","description":"Notre extrait d'Ajuga Turkestanica est produit selon les normes de qualit\u00e9 les plus \u00e9lev\u00e9es. Nous veillons \u00e0 ce que chaque lot de produit soit v\u00e9rifi\u00e9 pour la pr\u00e9sence d'ingr\u00e9dients actifs.","breadcrumb":{"@id":"https:\/\/naturalpoland.com\/fr\/produkty\/extraits-de-plantes\/extrait-d-ajuga-turkestanica\/#breadcrumb"},"inLanguage":"fr-FR","potentialAction":[{"@type":"ReadAction","target":["https:\/\/naturalpoland.com\/fr\/produkty\/extraits-de-plantes\/extrait-d-ajuga-turkestanica\/"]}]},{"@type":"ImageObject","inLanguage":"fr-FR","@id":"https:\/\/naturalpoland.com\/fr\/produkty\/extraits-de-plantes\/extrait-d-ajuga-turkestanica\/#primaryimage","url":"https:\/\/naturalpoland.com\/wp-content\/uploads\/sjuga-turkestanica-ekstrakt.jpg","contentUrl":"https:\/\/naturalpoland.com\/wp-content\/uploads\/sjuga-turkestanica-ekstrakt.jpg","width":650,"height":650,"caption":"Extrait d'Ajuga Turkestanica"},{"@type":"BreadcrumbList","@id":"https:\/\/naturalpoland.com\/fr\/produkty\/extraits-de-plantes\/extrait-d-ajuga-turkestanica\/#breadcrumb","itemListElement":[{"@type":"ListItem","position":1,"name":"Accueil","item":"https:\/\/naturalpoland.com\/fr\/"},{"@type":"ListItem","position":2,"name":"Produits","item":"https:\/\/naturalpoland.com\/fr\/produits\/"},{"@type":"ListItem","position":3,"name":"Extrait d&rsquo;Ajuga Turkestanica"}]},{"@type":"WebSite","@id":"https:\/\/naturalpoland.com\/fr\/#website","url":"https:\/\/naturalpoland.com\/fr\/","name":"NATURAL POLAND - Distributeur de mati\u00e8res premi\u00e8res en gros","description":"Surowce dla przemys\u0142u spo\u017cywczego, kosmetycznego i farmaceutycznego","publisher":{"@id":"https:\/\/naturalpoland.com\/fr\/#organization"},"potentialAction":[{"@type":"SearchAction","target":{"@type":"EntryPoint","urlTemplate":"https:\/\/naturalpoland.com\/fr\/?s={search_term_string}"},"query-input":{"@type":"PropertyValueSpecification","valueRequired":true,"valueName":"search_term_string"}}],"inLanguage":"fr-FR"},{"@type":"Organization","@id":"https:\/\/naturalpoland.com\/fr\/#organization","name":"Natural Poland","url":"https:\/\/naturalpoland.com\/fr\/","logo":{"@type":"ImageObject","inLanguage":"fr-FR","@id":"https:\/\/naturalpoland.com\/fr\/#\/schema\/logo\/image\/","url":"https:\/\/naturalpoland.com\/wp-content\/uploads\/2021\/05\/natural-poland-icon.png","contentUrl":"https:\/\/naturalpoland.com\/wp-content\/uploads\/2021\/05\/natural-poland-icon.png","width":512,"height":512,"caption":"Natural Poland"},"image":{"@id":"https:\/\/naturalpoland.com\/fr\/#\/schema\/logo\/image\/"},"sameAs":["https:\/\/www.facebook.com\/naturalpoland.b2b","https:\/\/pl.linkedin.com\/company\/natural-poland","https:\/\/www.youtube.com\/channel\/UCgeGGkvOMahZo-xu_MSEWxg"]}]}},"_links":{"self":[{"href":"https:\/\/naturalpoland.com\/fr\/wp-json\/wp\/v2\/product\/23742","targetHints":{"allow":["GET"]}}],"collection":[{"href":"https:\/\/naturalpoland.com\/fr\/wp-json\/wp\/v2\/product"}],"about":[{"href":"https:\/\/naturalpoland.com\/fr\/wp-json\/wp\/v2\/types\/product"}],"wp:featuredmedia":[{"embeddable":true,"href":"https:\/\/naturalpoland.com\/fr\/wp-json\/wp\/v2\/media\/23734"}],"wp:attachment":[{"href":"https:\/\/naturalpoland.com\/fr\/wp-json\/wp\/v2\/media?parent=23742"}],"wp:term":[{"taxonomy":"product_brand","embeddable":true,"href":"https:\/\/naturalpoland.com\/fr\/wp-json\/wp\/v2\/product_brand?post=23742"},{"taxonomy":"product_cat","embeddable":true,"href":"https:\/\/naturalpoland.com\/fr\/wp-json\/wp\/v2\/product_cat?post=23742"},{"taxonomy":"product_tag","embeddable":true,"href":"https:\/\/naturalpoland.com\/fr\/wp-json\/wp\/v2\/product_tag?post=23742"}],"curies":[{"name":"wp","href":"https:\/\/api.w.org\/{rel}","templated":true}]}}