{"id":24331,"date":"2023-07-20T10:54:49","date_gmt":"2023-07-20T13:32:19","guid":{"rendered":"https:\/\/naturalpoland.com\/produkty\/non class\u00e9\/probiotiques-inactives\/"},"modified":"2023-07-20T15:32:19","modified_gmt":"2023-07-20T13:32:19","slug":"probiotiques-actives","status":"publish","type":"product","link":"https:\/\/naturalpoland.com\/fr\/produkty\/produits-pour-lindustrie-cosmetique\/probiotiques\/probiotiques-actives\/","title":{"rendered":"Probiotiques inactiv\u00e9s"},"content":{"rendered":"<p>Bien que les probiotiques inactiv\u00e9s soient \u00ab\u00a0inactifs\u00a0\u00bb, leur capacit\u00e9 \u00e0 interagir avec le microbiome de la peau reste inchang\u00e9e. Ils ne colonisent pas la peau comme les <strong><br \/>\n  <a href=\"https:\/\/naturalpoland.com\/fr\/produkty\/produits-pour-lindustrie-cosmetique\/probiotiques\/probiotiques\/\">probiotiques vivants<\/a><br \/>\n<\/strong>mais ils cr\u00e9ent un environnement favorable aux bact\u00e9ries saines, contribuant ainsi \u00e0 maintenir l&rsquo;\u00e9quilibre naturel de la peau.<\/p>\n<p>Les probiotiques tyndalis\u00e9s offrent de nombreux avantages pour la peau. Elles ont un effet anti-inflammatoire, apaisent les irritations et les rougeurs, ce qui en fait un excellent ingr\u00e9dient pour les peaux sensibles sujettes \u00e0 l&rsquo;inflammation ou pr\u00e9sentant des probl\u00e8mes tels que l&rsquo;acn\u00e9 ou l&rsquo;ecz\u00e9ma. En interagissant avec le microbiome de la peau, les probiotiques renforcent la barri\u00e8re naturelle de la peau, aidant \u00e0 retenir l&rsquo;humidit\u00e9 et \u00e0 prot\u00e9ger contre les facteurs externes n\u00e9gatifs.<\/p>\n<p>Les probiotiques inactiv\u00e9s peuvent \u00eatre facilement incorpor\u00e9s dans diverses formulations cosm\u00e9tiques. Ajout\u00e9s aux cr\u00e8mes, s\u00e9rums, masques ou lotions, ils cr\u00e9ent des produits qui \u00ab\u00a0nourrissent\u00a0\u00bb litt\u00e9ralement la peau, lui apportant les ingr\u00e9dients dont elle a besoin pour rester saine et belle.<\/p>\n","protected":false},"excerpt":{"rendered":"<p>Les probiotiques sont r\u00e9put\u00e9s pour leurs bienfaits sur la sant\u00e9 intestinale, mais de plus en plus de preuves scientifiques soulignent leur importance pour la sant\u00e9 de la peau \u00e9galement. Les <strong>probiotiques<\/strong> <strong>tyndalis\u00e9s<\/strong>, \u00e9galement connus sous le nom de <strong>probiotiques inactiv\u00e9s<\/strong>, repr\u00e9sentent une \u00e8re innovante dans le domaine de la cosm\u00e9tologie.<\/p>\n","protected":false},"featured_media":24302,"template":"","meta":[],"product_brand":[],"product_cat":[2091],"product_tag":[],"class_list":{"0":"post-24331","1":"product","2":"type-product","3":"status-publish","4":"has-post-thumbnail","6":"product_cat-probiotiques","8":"first","9":"instock","10":"shipping-taxable","11":"product-type-simple"},"yoast_head":"<!-- This site is optimized with the Yoast SEO plugin v27.3 - https:\/\/yoast.com\/product\/yoast-seo-wordpress\/ -->\n<title>Probiotiques inactiv\u00e9s - Distributeur en gros<\/title>\n<meta name=\"description\" content=\"Probiotiques inactiv\u00e9s, est un ingr\u00e9dient cosm\u00e9tique innovant qui maintient l&#039;\u00e9quilibre du microbiome cutan\u00e9 et apaise les irritations.\" \/>\n<meta name=\"robots\" content=\"index, follow, max-snippet:-1, max-image-preview:large, max-video-preview:-1\" \/>\n<link rel=\"canonical\" href=\"https:\/\/naturalpoland.com\/fr\/produkty\/produits-pour-lindustrie-cosmetique\/probiotiques\/probiotiques-actives\/\" \/>\n<meta property=\"og:locale\" content=\"fr_FR\" \/>\n<meta property=\"og:type\" content=\"article\" \/>\n<meta property=\"og:title\" content=\"Probiotiques inactiv\u00e9s - Distributeur en gros\" \/>\n<meta property=\"og:description\" content=\"Probiotiques inactiv\u00e9s, est un ingr\u00e9dient cosm\u00e9tique innovant qui maintient l&#039;\u00e9quilibre du microbiome cutan\u00e9 et apaise les irritations.\" \/>\n<meta property=\"og:url\" content=\"https:\/\/naturalpoland.com\/fr\/produkty\/produits-pour-lindustrie-cosmetique\/probiotiques\/probiotiques-actives\/\" \/>\n<meta property=\"og:site_name\" content=\"NATURAL POLAND - Distributeur de mati\u00e8res premi\u00e8res en gros\" \/>\n<meta property=\"article:publisher\" content=\"https:\/\/www.facebook.com\/naturalpoland.b2b\" \/>\n<meta property=\"og:image\" content=\"https:\/\/naturalpoland.com\/wp-content\/uploads\/tyndallized-probiotics.png\" \/>\n\t<meta property=\"og:image:width\" content=\"595\" \/>\n\t<meta property=\"og:image:height\" content=\"595\" \/>\n\t<meta property=\"og:image:type\" content=\"image\/png\" \/>\n<script type=\"application\/ld+json\" class=\"yoast-schema-graph\">{\"@context\":\"https:\\\/\\\/schema.org\",\"@graph\":[{\"@type\":\"WebPage\",\"@id\":\"https:\\\/\\\/naturalpoland.com\\\/fr\\\/produkty\\\/produits-pour-lindustrie-cosmetique\\\/probiotiques\\\/probiotiques-actives\\\/\",\"url\":\"https:\\\/\\\/naturalpoland.com\\\/fr\\\/produkty\\\/produits-pour-lindustrie-cosmetique\\\/probiotiques\\\/probiotiques-actives\\\/\",\"name\":\"Probiotiques inactiv\u00e9s - Distributeur en gros\",\"isPartOf\":{\"@id\":\"https:\\\/\\\/naturalpoland.com\\\/fr\\\/#website\"},\"primaryImageOfPage\":{\"@id\":\"https:\\\/\\\/naturalpoland.com\\\/fr\\\/produkty\\\/produits-pour-lindustrie-cosmetique\\\/probiotiques\\\/probiotiques-actives\\\/#primaryimage\"},\"image\":{\"@id\":\"https:\\\/\\\/naturalpoland.com\\\/fr\\\/produkty\\\/produits-pour-lindustrie-cosmetique\\\/probiotiques\\\/probiotiques-actives\\\/#primaryimage\"},\"thumbnailUrl\":\"https:\\\/\\\/naturalpoland.com\\\/wp-content\\\/uploads\\\/tyndallized-probiotics.png\",\"datePublished\":\"2023-07-20T13:32:19+00:00\",\"description\":\"Probiotiques inactiv\u00e9s, est un ingr\u00e9dient cosm\u00e9tique innovant qui maintient l'\u00e9quilibre du microbiome cutan\u00e9 et apaise les irritations.\",\"breadcrumb\":{\"@id\":\"https:\\\/\\\/naturalpoland.com\\\/fr\\\/produkty\\\/produits-pour-lindustrie-cosmetique\\\/probiotiques\\\/probiotiques-actives\\\/#breadcrumb\"},\"inLanguage\":\"fr-FR\",\"potentialAction\":[{\"@type\":\"ReadAction\",\"target\":[\"https:\\\/\\\/naturalpoland.com\\\/fr\\\/produkty\\\/produits-pour-lindustrie-cosmetique\\\/probiotiques\\\/probiotiques-actives\\\/\"]}]},{\"@type\":\"ImageObject\",\"inLanguage\":\"fr-FR\",\"@id\":\"https:\\\/\\\/naturalpoland.com\\\/fr\\\/produkty\\\/produits-pour-lindustrie-cosmetique\\\/probiotiques\\\/probiotiques-actives\\\/#primaryimage\",\"url\":\"https:\\\/\\\/naturalpoland.com\\\/wp-content\\\/uploads\\\/tyndallized-probiotics.png\",\"contentUrl\":\"https:\\\/\\\/naturalpoland.com\\\/wp-content\\\/uploads\\\/tyndallized-probiotics.png\",\"width\":595,\"height\":595,\"caption\":\"probiotiques inactiv\u00e9s\"},{\"@type\":\"BreadcrumbList\",\"@id\":\"https:\\\/\\\/naturalpoland.com\\\/fr\\\/produkty\\\/produits-pour-lindustrie-cosmetique\\\/probiotiques\\\/probiotiques-actives\\\/#breadcrumb\",\"itemListElement\":[{\"@type\":\"ListItem\",\"position\":1,\"name\":\"Accueil\",\"item\":\"https:\\\/\\\/naturalpoland.com\\\/fr\\\/\"},{\"@type\":\"ListItem\",\"position\":2,\"name\":\"Produits\",\"item\":\"https:\\\/\\\/naturalpoland.com\\\/fr\\\/produits\\\/\"},{\"@type\":\"ListItem\",\"position\":3,\"name\":\"Probiotiques inactiv\u00e9s\"}]},{\"@type\":\"WebSite\",\"@id\":\"https:\\\/\\\/naturalpoland.com\\\/fr\\\/#website\",\"url\":\"https:\\\/\\\/naturalpoland.com\\\/fr\\\/\",\"name\":\"NATURAL POLAND - Distributeur de mati\u00e8res premi\u00e8res en gros\",\"description\":\"Surowce dla przemys\u0142u spo\u017cywczego, kosmetycznego i farmaceutycznego\",\"publisher\":{\"@id\":\"https:\\\/\\\/naturalpoland.com\\\/fr\\\/#organization\"},\"potentialAction\":[{\"@type\":\"SearchAction\",\"target\":{\"@type\":\"EntryPoint\",\"urlTemplate\":\"https:\\\/\\\/naturalpoland.com\\\/fr\\\/?s={search_term_string}\"},\"query-input\":{\"@type\":\"PropertyValueSpecification\",\"valueRequired\":true,\"valueName\":\"search_term_string\"}}],\"inLanguage\":\"fr-FR\"},{\"@type\":\"Organization\",\"@id\":\"https:\\\/\\\/naturalpoland.com\\\/fr\\\/#organization\",\"name\":\"Natural Poland\",\"url\":\"https:\\\/\\\/naturalpoland.com\\\/fr\\\/\",\"logo\":{\"@type\":\"ImageObject\",\"inLanguage\":\"fr-FR\",\"@id\":\"https:\\\/\\\/naturalpoland.com\\\/fr\\\/#\\\/schema\\\/logo\\\/image\\\/\",\"url\":\"https:\\\/\\\/naturalpoland.com\\\/wp-content\\\/uploads\\\/2021\\\/05\\\/natural-poland-icon.png\",\"contentUrl\":\"https:\\\/\\\/naturalpoland.com\\\/wp-content\\\/uploads\\\/2021\\\/05\\\/natural-poland-icon.png\",\"width\":512,\"height\":512,\"caption\":\"Natural Poland\"},\"image\":{\"@id\":\"https:\\\/\\\/naturalpoland.com\\\/fr\\\/#\\\/schema\\\/logo\\\/image\\\/\"},\"sameAs\":[\"https:\\\/\\\/www.facebook.com\\\/naturalpoland.b2b\",\"https:\\\/\\\/pl.linkedin.com\\\/company\\\/natural-poland\",\"https:\\\/\\\/www.youtube.com\\\/channel\\\/UCgeGGkvOMahZo-xu_MSEWxg\"]}]}<\/script>\n<!-- \/ Yoast SEO plugin. -->","yoast_head_json":{"title":"Probiotiques inactiv\u00e9s - Distributeur en gros","description":"Probiotiques inactiv\u00e9s, est un ingr\u00e9dient cosm\u00e9tique innovant qui maintient l'\u00e9quilibre du microbiome cutan\u00e9 et apaise les irritations.","robots":{"index":"index","follow":"follow","max-snippet":"max-snippet:-1","max-image-preview":"max-image-preview:large","max-video-preview":"max-video-preview:-1"},"canonical":"https:\/\/naturalpoland.com\/fr\/produkty\/produits-pour-lindustrie-cosmetique\/probiotiques\/probiotiques-actives\/","og_locale":"fr_FR","og_type":"article","og_title":"Probiotiques inactiv\u00e9s - Distributeur en gros","og_description":"Probiotiques inactiv\u00e9s, est un ingr\u00e9dient cosm\u00e9tique innovant qui maintient l'\u00e9quilibre du microbiome cutan\u00e9 et apaise les irritations.","og_url":"https:\/\/naturalpoland.com\/fr\/produkty\/produits-pour-lindustrie-cosmetique\/probiotiques\/probiotiques-actives\/","og_site_name":"NATURAL POLAND - Distributeur de mati\u00e8res premi\u00e8res en gros","article_publisher":"https:\/\/www.facebook.com\/naturalpoland.b2b","og_image":[{"width":595,"height":595,"url":"https:\/\/naturalpoland.com\/wp-content\/uploads\/tyndallized-probiotics.png","type":"image\/png"}],"schema":{"@context":"https:\/\/schema.org","@graph":[{"@type":"WebPage","@id":"https:\/\/naturalpoland.com\/fr\/produkty\/produits-pour-lindustrie-cosmetique\/probiotiques\/probiotiques-actives\/","url":"https:\/\/naturalpoland.com\/fr\/produkty\/produits-pour-lindustrie-cosmetique\/probiotiques\/probiotiques-actives\/","name":"Probiotiques inactiv\u00e9s - Distributeur en gros","isPartOf":{"@id":"https:\/\/naturalpoland.com\/fr\/#website"},"primaryImageOfPage":{"@id":"https:\/\/naturalpoland.com\/fr\/produkty\/produits-pour-lindustrie-cosmetique\/probiotiques\/probiotiques-actives\/#primaryimage"},"image":{"@id":"https:\/\/naturalpoland.com\/fr\/produkty\/produits-pour-lindustrie-cosmetique\/probiotiques\/probiotiques-actives\/#primaryimage"},"thumbnailUrl":"https:\/\/naturalpoland.com\/wp-content\/uploads\/tyndallized-probiotics.png","datePublished":"2023-07-20T13:32:19+00:00","description":"Probiotiques inactiv\u00e9s, est un ingr\u00e9dient cosm\u00e9tique innovant qui maintient l'\u00e9quilibre du microbiome cutan\u00e9 et apaise les irritations.","breadcrumb":{"@id":"https:\/\/naturalpoland.com\/fr\/produkty\/produits-pour-lindustrie-cosmetique\/probiotiques\/probiotiques-actives\/#breadcrumb"},"inLanguage":"fr-FR","potentialAction":[{"@type":"ReadAction","target":["https:\/\/naturalpoland.com\/fr\/produkty\/produits-pour-lindustrie-cosmetique\/probiotiques\/probiotiques-actives\/"]}]},{"@type":"ImageObject","inLanguage":"fr-FR","@id":"https:\/\/naturalpoland.com\/fr\/produkty\/produits-pour-lindustrie-cosmetique\/probiotiques\/probiotiques-actives\/#primaryimage","url":"https:\/\/naturalpoland.com\/wp-content\/uploads\/tyndallized-probiotics.png","contentUrl":"https:\/\/naturalpoland.com\/wp-content\/uploads\/tyndallized-probiotics.png","width":595,"height":595,"caption":"probiotiques inactiv\u00e9s"},{"@type":"BreadcrumbList","@id":"https:\/\/naturalpoland.com\/fr\/produkty\/produits-pour-lindustrie-cosmetique\/probiotiques\/probiotiques-actives\/#breadcrumb","itemListElement":[{"@type":"ListItem","position":1,"name":"Accueil","item":"https:\/\/naturalpoland.com\/fr\/"},{"@type":"ListItem","position":2,"name":"Produits","item":"https:\/\/naturalpoland.com\/fr\/produits\/"},{"@type":"ListItem","position":3,"name":"Probiotiques inactiv\u00e9s"}]},{"@type":"WebSite","@id":"https:\/\/naturalpoland.com\/fr\/#website","url":"https:\/\/naturalpoland.com\/fr\/","name":"NATURAL POLAND - Distributeur de mati\u00e8res premi\u00e8res en gros","description":"Surowce dla przemys\u0142u spo\u017cywczego, kosmetycznego i farmaceutycznego","publisher":{"@id":"https:\/\/naturalpoland.com\/fr\/#organization"},"potentialAction":[{"@type":"SearchAction","target":{"@type":"EntryPoint","urlTemplate":"https:\/\/naturalpoland.com\/fr\/?s={search_term_string}"},"query-input":{"@type":"PropertyValueSpecification","valueRequired":true,"valueName":"search_term_string"}}],"inLanguage":"fr-FR"},{"@type":"Organization","@id":"https:\/\/naturalpoland.com\/fr\/#organization","name":"Natural Poland","url":"https:\/\/naturalpoland.com\/fr\/","logo":{"@type":"ImageObject","inLanguage":"fr-FR","@id":"https:\/\/naturalpoland.com\/fr\/#\/schema\/logo\/image\/","url":"https:\/\/naturalpoland.com\/wp-content\/uploads\/2021\/05\/natural-poland-icon.png","contentUrl":"https:\/\/naturalpoland.com\/wp-content\/uploads\/2021\/05\/natural-poland-icon.png","width":512,"height":512,"caption":"Natural Poland"},"image":{"@id":"https:\/\/naturalpoland.com\/fr\/#\/schema\/logo\/image\/"},"sameAs":["https:\/\/www.facebook.com\/naturalpoland.b2b","https:\/\/pl.linkedin.com\/company\/natural-poland","https:\/\/www.youtube.com\/channel\/UCgeGGkvOMahZo-xu_MSEWxg"]}]}},"_links":{"self":[{"href":"https:\/\/naturalpoland.com\/fr\/wp-json\/wp\/v2\/product\/24331","targetHints":{"allow":["GET"]}}],"collection":[{"href":"https:\/\/naturalpoland.com\/fr\/wp-json\/wp\/v2\/product"}],"about":[{"href":"https:\/\/naturalpoland.com\/fr\/wp-json\/wp\/v2\/types\/product"}],"wp:featuredmedia":[{"embeddable":true,"href":"https:\/\/naturalpoland.com\/fr\/wp-json\/wp\/v2\/media\/24302"}],"wp:attachment":[{"href":"https:\/\/naturalpoland.com\/fr\/wp-json\/wp\/v2\/media?parent=24331"}],"wp:term":[{"taxonomy":"product_brand","embeddable":true,"href":"https:\/\/naturalpoland.com\/fr\/wp-json\/wp\/v2\/product_brand?post=24331"},{"taxonomy":"product_cat","embeddable":true,"href":"https:\/\/naturalpoland.com\/fr\/wp-json\/wp\/v2\/product_cat?post=24331"},{"taxonomy":"product_tag","embeddable":true,"href":"https:\/\/naturalpoland.com\/fr\/wp-json\/wp\/v2\/product_tag?post=24331"}],"curies":[{"name":"wp","href":"https:\/\/api.w.org\/{rel}","templated":true}]}}