{"id":24620,"date":"2023-08-02T14:51:10","date_gmt":"2023-08-02T12:53:13","guid":{"rendered":"https:\/\/naturalpoland.com\/produkty\/non class\u00e9\/cire-de-chaux\/"},"modified":"2023-08-02T14:53:13","modified_gmt":"2023-08-02T12:53:13","slug":"cire-citron-vert","status":"publish","type":"product","link":"https:\/\/naturalpoland.com\/fr\/produkty\/cires\/cire-citron-vert\/","title":{"rendered":"Cire de chaux"},"content":{"rendered":"<p>Les p\u00e9pins de citron vert sont une source naturelle d&rsquo;antioxydants puissants tels que la vitamine C, qui aident \u00e0 lutter contre les radicaux libres et \u00e0 prot\u00e9ger la peau des dommages caus\u00e9s par l&rsquo;environnement.<\/p>\n<p>La cire de citron vert est \u00e9galement riche en acides gras, qui contribuent \u00e0 l&rsquo;hydratation et \u00e0 la douceur de la peau. Gr\u00e2ce \u00e0 sa capacit\u00e9 \u00e0 former une barri\u00e8re sur la peau, la cire de chaux aide \u00e0 retenir l&rsquo;humidit\u00e9 pour une hydratation durable.<\/p>\n<p>Avec son ar\u00f4me de citron vert rafra\u00eechissant et vivifiant, cette cire est le compl\u00e9ment id\u00e9al des produits parfum\u00e9s tels que les lotions corporelles et les bougies. Sa texture lisse et douce lui permet de se m\u00e9langer facilement \u00e0 d&rsquo;autres ingr\u00e9dients, ce qui en fait un ingr\u00e9dient id\u00e9al pour la cr\u00e9ation d&rsquo;une grande vari\u00e9t\u00e9 de cosm\u00e9tiques.<\/p>\n<p>La cire de citron vert est un ingr\u00e9dient cosm\u00e9tique unique qui hydrate, prot\u00e8ge et nourrit intens\u00e9ment la peau tout en lui conf\u00e9rant un ar\u00f4me unique d&rsquo;agrumes. Par cons\u00e9quent, les produits qui en contiennent am\u00e9liorent non seulement la peau, mais stimulent \u00e9galement les sens.<\/p>\n","protected":false},"excerpt":{"rendered":"<p>La cire de chaux cosm\u00e9tique est un ingr\u00e9dient cosm\u00e9tique extr\u00eamement efficace d\u00e9riv\u00e9 des graines de chaux. Il s&rsquo;agit d&rsquo;un compl\u00e9ment polyvalent \u00e0 diverses formules cosm\u00e9tiques.<\/p>\n","protected":false},"featured_media":24614,"template":"","meta":{"_acf_changed":false},"product_brand":[],"product_cat":[1315],"product_tag":[],"class_list":{"0":"post-24620","1":"product","2":"type-product","3":"status-publish","4":"has-post-thumbnail","6":"product_cat-cires","8":"first","9":"instock","10":"shipping-taxable","11":"product-type-simple"},"acf":[],"yoast_head":"<!-- This site is optimized with the Yoast SEO plugin v27.4 - https:\/\/yoast.com\/product\/yoast-seo-wordpress\/ -->\n<title>Cire de chaux - Distributeur en gros<\/title>\n<meta name=\"description\" content=\"La cire de chaux cosm\u00e9tique est produite \u00e0 partir de graines de chaux. Il s&#039;agit d&#039;un compl\u00e9ment efficace et polyvalent \u00e0 une vari\u00e9t\u00e9 de formulations cosm\u00e9tiques.\" \/>\n<meta name=\"robots\" content=\"index, follow, max-snippet:-1, max-image-preview:large, max-video-preview:-1\" \/>\n<link rel=\"canonical\" href=\"https:\/\/naturalpoland.com\/fr\/produkty\/cires\/cire-citron-vert\/\" \/>\n<meta property=\"og:locale\" content=\"fr_FR\" \/>\n<meta property=\"og:type\" content=\"article\" \/>\n<meta property=\"og:title\" content=\"Cire de chaux - Distributeur en gros\" \/>\n<meta property=\"og:description\" content=\"La cire de chaux cosm\u00e9tique est produite \u00e0 partir de graines de chaux. Il s&#039;agit d&#039;un compl\u00e9ment efficace et polyvalent \u00e0 une vari\u00e9t\u00e9 de formulations cosm\u00e9tiques.\" \/>\n<meta property=\"og:url\" content=\"https:\/\/naturalpoland.com\/fr\/produkty\/cires\/cire-citron-vert\/\" \/>\n<meta property=\"og:site_name\" content=\"NATURAL POLAND - Distributeur de mati\u00e8res premi\u00e8res en gros\" \/>\n<meta property=\"article:publisher\" content=\"https:\/\/www.facebook.com\/naturalpoland.b2b\" \/>\n<meta property=\"og:image\" content=\"https:\/\/naturalpoland.com\/wp-content\/uploads\/citrus_aurantifolia_wax.png\" \/>\n\t<meta property=\"og:image:width\" content=\"1024\" \/>\n\t<meta property=\"og:image:height\" content=\"1024\" \/>\n\t<meta property=\"og:image:type\" content=\"image\/png\" \/>\n<script type=\"application\/ld+json\" class=\"yoast-schema-graph\">{\"@context\":\"https:\\\/\\\/schema.org\",\"@graph\":[{\"@type\":\"WebPage\",\"@id\":\"https:\\\/\\\/naturalpoland.com\\\/fr\\\/produkty\\\/cires\\\/cire-citron-vert\\\/\",\"url\":\"https:\\\/\\\/naturalpoland.com\\\/fr\\\/produkty\\\/cires\\\/cire-citron-vert\\\/\",\"name\":\"Cire de chaux - Distributeur en gros\",\"isPartOf\":{\"@id\":\"https:\\\/\\\/naturalpoland.com\\\/fr\\\/#website\"},\"primaryImageOfPage\":{\"@id\":\"https:\\\/\\\/naturalpoland.com\\\/fr\\\/produkty\\\/cires\\\/cire-citron-vert\\\/#primaryimage\"},\"image\":{\"@id\":\"https:\\\/\\\/naturalpoland.com\\\/fr\\\/produkty\\\/cires\\\/cire-citron-vert\\\/#primaryimage\"},\"thumbnailUrl\":\"https:\\\/\\\/naturalpoland.com\\\/wp-content\\\/uploads\\\/citrus_aurantifolia_wax.png\",\"datePublished\":\"2023-08-02T12:53:13+00:00\",\"description\":\"La cire de chaux cosm\u00e9tique est produite \u00e0 partir de graines de chaux. Il s'agit d'un compl\u00e9ment efficace et polyvalent \u00e0 une vari\u00e9t\u00e9 de formulations cosm\u00e9tiques.\",\"breadcrumb\":{\"@id\":\"https:\\\/\\\/naturalpoland.com\\\/fr\\\/produkty\\\/cires\\\/cire-citron-vert\\\/#breadcrumb\"},\"inLanguage\":\"fr-FR\",\"potentialAction\":[{\"@type\":\"ReadAction\",\"target\":[\"https:\\\/\\\/naturalpoland.com\\\/fr\\\/produkty\\\/cires\\\/cire-citron-vert\\\/\"]}]},{\"@type\":\"ImageObject\",\"inLanguage\":\"fr-FR\",\"@id\":\"https:\\\/\\\/naturalpoland.com\\\/fr\\\/produkty\\\/cires\\\/cire-citron-vert\\\/#primaryimage\",\"url\":\"https:\\\/\\\/naturalpoland.com\\\/wp-content\\\/uploads\\\/citrus_aurantifolia_wax.png\",\"contentUrl\":\"https:\\\/\\\/naturalpoland.com\\\/wp-content\\\/uploads\\\/citrus_aurantifolia_wax.png\",\"width\":1024,\"height\":1024,\"caption\":\"cire de chaux\"},{\"@type\":\"BreadcrumbList\",\"@id\":\"https:\\\/\\\/naturalpoland.com\\\/fr\\\/produkty\\\/cires\\\/cire-citron-vert\\\/#breadcrumb\",\"itemListElement\":[{\"@type\":\"ListItem\",\"position\":1,\"name\":\"Accueil\",\"item\":\"https:\\\/\\\/naturalpoland.com\\\/fr\\\/\"},{\"@type\":\"ListItem\",\"position\":2,\"name\":\"Produits\",\"item\":\"https:\\\/\\\/naturalpoland.com\\\/fr\\\/produits\\\/\"},{\"@type\":\"ListItem\",\"position\":3,\"name\":\"Cire de chaux\"}]},{\"@type\":\"WebSite\",\"@id\":\"https:\\\/\\\/naturalpoland.com\\\/fr\\\/#website\",\"url\":\"https:\\\/\\\/naturalpoland.com\\\/fr\\\/\",\"name\":\"NATURAL POLAND - Distributeur de mati\u00e8res premi\u00e8res en gros\",\"description\":\"Surowce dla przemys\u0142u spo\u017cywczego, kosmetycznego i farmaceutycznego\",\"publisher\":{\"@id\":\"https:\\\/\\\/naturalpoland.com\\\/fr\\\/#organization\"},\"potentialAction\":[{\"@type\":\"SearchAction\",\"target\":{\"@type\":\"EntryPoint\",\"urlTemplate\":\"https:\\\/\\\/naturalpoland.com\\\/fr\\\/?s={search_term_string}\"},\"query-input\":{\"@type\":\"PropertyValueSpecification\",\"valueRequired\":true,\"valueName\":\"search_term_string\"}}],\"inLanguage\":\"fr-FR\"},{\"@type\":\"Organization\",\"@id\":\"https:\\\/\\\/naturalpoland.com\\\/fr\\\/#organization\",\"name\":\"Natural Poland\",\"url\":\"https:\\\/\\\/naturalpoland.com\\\/fr\\\/\",\"logo\":{\"@type\":\"ImageObject\",\"inLanguage\":\"fr-FR\",\"@id\":\"https:\\\/\\\/naturalpoland.com\\\/fr\\\/#\\\/schema\\\/logo\\\/image\\\/\",\"url\":\"https:\\\/\\\/naturalpoland.com\\\/wp-content\\\/uploads\\\/2021\\\/05\\\/natural-poland-icon.png\",\"contentUrl\":\"https:\\\/\\\/naturalpoland.com\\\/wp-content\\\/uploads\\\/2021\\\/05\\\/natural-poland-icon.png\",\"width\":512,\"height\":512,\"caption\":\"Natural Poland\"},\"image\":{\"@id\":\"https:\\\/\\\/naturalpoland.com\\\/fr\\\/#\\\/schema\\\/logo\\\/image\\\/\"},\"sameAs\":[\"https:\\\/\\\/www.facebook.com\\\/naturalpoland.b2b\",\"https:\\\/\\\/pl.linkedin.com\\\/company\\\/natural-poland\",\"https:\\\/\\\/www.youtube.com\\\/channel\\\/UCgeGGkvOMahZo-xu_MSEWxg\"]}]}<\/script>\n<!-- \/ Yoast SEO plugin. -->","yoast_head_json":{"title":"Cire de chaux - Distributeur en gros","description":"La cire de chaux cosm\u00e9tique est produite \u00e0 partir de graines de chaux. Il s'agit d'un compl\u00e9ment efficace et polyvalent \u00e0 une vari\u00e9t\u00e9 de formulations cosm\u00e9tiques.","robots":{"index":"index","follow":"follow","max-snippet":"max-snippet:-1","max-image-preview":"max-image-preview:large","max-video-preview":"max-video-preview:-1"},"canonical":"https:\/\/naturalpoland.com\/fr\/produkty\/cires\/cire-citron-vert\/","og_locale":"fr_FR","og_type":"article","og_title":"Cire de chaux - Distributeur en gros","og_description":"La cire de chaux cosm\u00e9tique est produite \u00e0 partir de graines de chaux. Il s'agit d'un compl\u00e9ment efficace et polyvalent \u00e0 une vari\u00e9t\u00e9 de formulations cosm\u00e9tiques.","og_url":"https:\/\/naturalpoland.com\/fr\/produkty\/cires\/cire-citron-vert\/","og_site_name":"NATURAL POLAND - Distributeur de mati\u00e8res premi\u00e8res en gros","article_publisher":"https:\/\/www.facebook.com\/naturalpoland.b2b","og_image":[{"width":1024,"height":1024,"url":"https:\/\/naturalpoland.com\/wp-content\/uploads\/citrus_aurantifolia_wax.png","type":"image\/png"}],"schema":{"@context":"https:\/\/schema.org","@graph":[{"@type":"WebPage","@id":"https:\/\/naturalpoland.com\/fr\/produkty\/cires\/cire-citron-vert\/","url":"https:\/\/naturalpoland.com\/fr\/produkty\/cires\/cire-citron-vert\/","name":"Cire de chaux - Distributeur en gros","isPartOf":{"@id":"https:\/\/naturalpoland.com\/fr\/#website"},"primaryImageOfPage":{"@id":"https:\/\/naturalpoland.com\/fr\/produkty\/cires\/cire-citron-vert\/#primaryimage"},"image":{"@id":"https:\/\/naturalpoland.com\/fr\/produkty\/cires\/cire-citron-vert\/#primaryimage"},"thumbnailUrl":"https:\/\/naturalpoland.com\/wp-content\/uploads\/citrus_aurantifolia_wax.png","datePublished":"2023-08-02T12:53:13+00:00","description":"La cire de chaux cosm\u00e9tique est produite \u00e0 partir de graines de chaux. Il s'agit d'un compl\u00e9ment efficace et polyvalent \u00e0 une vari\u00e9t\u00e9 de formulations cosm\u00e9tiques.","breadcrumb":{"@id":"https:\/\/naturalpoland.com\/fr\/produkty\/cires\/cire-citron-vert\/#breadcrumb"},"inLanguage":"fr-FR","potentialAction":[{"@type":"ReadAction","target":["https:\/\/naturalpoland.com\/fr\/produkty\/cires\/cire-citron-vert\/"]}]},{"@type":"ImageObject","inLanguage":"fr-FR","@id":"https:\/\/naturalpoland.com\/fr\/produkty\/cires\/cire-citron-vert\/#primaryimage","url":"https:\/\/naturalpoland.com\/wp-content\/uploads\/citrus_aurantifolia_wax.png","contentUrl":"https:\/\/naturalpoland.com\/wp-content\/uploads\/citrus_aurantifolia_wax.png","width":1024,"height":1024,"caption":"cire de chaux"},{"@type":"BreadcrumbList","@id":"https:\/\/naturalpoland.com\/fr\/produkty\/cires\/cire-citron-vert\/#breadcrumb","itemListElement":[{"@type":"ListItem","position":1,"name":"Accueil","item":"https:\/\/naturalpoland.com\/fr\/"},{"@type":"ListItem","position":2,"name":"Produits","item":"https:\/\/naturalpoland.com\/fr\/produits\/"},{"@type":"ListItem","position":3,"name":"Cire de chaux"}]},{"@type":"WebSite","@id":"https:\/\/naturalpoland.com\/fr\/#website","url":"https:\/\/naturalpoland.com\/fr\/","name":"NATURAL POLAND - Distributeur de mati\u00e8res premi\u00e8res en gros","description":"Surowce dla przemys\u0142u spo\u017cywczego, kosmetycznego i farmaceutycznego","publisher":{"@id":"https:\/\/naturalpoland.com\/fr\/#organization"},"potentialAction":[{"@type":"SearchAction","target":{"@type":"EntryPoint","urlTemplate":"https:\/\/naturalpoland.com\/fr\/?s={search_term_string}"},"query-input":{"@type":"PropertyValueSpecification","valueRequired":true,"valueName":"search_term_string"}}],"inLanguage":"fr-FR"},{"@type":"Organization","@id":"https:\/\/naturalpoland.com\/fr\/#organization","name":"Natural Poland","url":"https:\/\/naturalpoland.com\/fr\/","logo":{"@type":"ImageObject","inLanguage":"fr-FR","@id":"https:\/\/naturalpoland.com\/fr\/#\/schema\/logo\/image\/","url":"https:\/\/naturalpoland.com\/wp-content\/uploads\/2021\/05\/natural-poland-icon.png","contentUrl":"https:\/\/naturalpoland.com\/wp-content\/uploads\/2021\/05\/natural-poland-icon.png","width":512,"height":512,"caption":"Natural Poland"},"image":{"@id":"https:\/\/naturalpoland.com\/fr\/#\/schema\/logo\/image\/"},"sameAs":["https:\/\/www.facebook.com\/naturalpoland.b2b","https:\/\/pl.linkedin.com\/company\/natural-poland","https:\/\/www.youtube.com\/channel\/UCgeGGkvOMahZo-xu_MSEWxg"]}]}},"_links":{"self":[{"href":"https:\/\/naturalpoland.com\/fr\/wp-json\/wp\/v2\/product\/24620","targetHints":{"allow":["GET"]}}],"collection":[{"href":"https:\/\/naturalpoland.com\/fr\/wp-json\/wp\/v2\/product"}],"about":[{"href":"https:\/\/naturalpoland.com\/fr\/wp-json\/wp\/v2\/types\/product"}],"wp:featuredmedia":[{"embeddable":true,"href":"https:\/\/naturalpoland.com\/fr\/wp-json\/wp\/v2\/media\/24614"}],"wp:attachment":[{"href":"https:\/\/naturalpoland.com\/fr\/wp-json\/wp\/v2\/media?parent=24620"}],"wp:term":[{"taxonomy":"product_brand","embeddable":true,"href":"https:\/\/naturalpoland.com\/fr\/wp-json\/wp\/v2\/product_brand?post=24620"},{"taxonomy":"product_cat","embeddable":true,"href":"https:\/\/naturalpoland.com\/fr\/wp-json\/wp\/v2\/product_cat?post=24620"},{"taxonomy":"product_tag","embeddable":true,"href":"https:\/\/naturalpoland.com\/fr\/wp-json\/wp\/v2\/product_tag?post=24620"}],"curies":[{"name":"wp","href":"https:\/\/api.w.org\/{rel}","templated":true}]}}