{"id":24664,"date":"2023-08-08T11:09:05","date_gmt":"2023-08-08T09:14:37","guid":{"rendered":"https:\/\/naturalpoland.com\/produkty\/non class\u00e9\/crustaces\/"},"modified":"2023-08-08T11:14:37","modified_gmt":"2023-08-08T09:14:37","slug":"crustaces","status":"publish","type":"product","link":"https:\/\/naturalpoland.com\/fr\/produkty\/produits-pour-lalimentation-animale\/crustaces\/","title":{"rendered":"Crustac\u00e9s"},"content":{"rendered":"<p>Notre gamme comprend des <strong>Gammarus (goujon<\/strong> ) &#8211; petits crustac\u00e9s qui constituent une excellente source de prot\u00e9ines et d&rsquo;acides gras pour de nombreuses esp\u00e8ces animales. Nous proposons \u00e9galement une vari\u00e9t\u00e9 de tailles de <strong>crevettes<\/strong>, de 1 \u00e0 2 cm jusqu&rsquo;\u00e0 3 \u00e0 5 cm, qui constituent une nourriture id\u00e9ale pour les poissons d&rsquo;aquarium, les oiseaux aquatiques et de nombreux autres animaux.<\/p>\n<p>Nous proposons \u00e9galement des <strong>crevettes de saumure (FD)<\/strong>, qui constituent une excellente source de min\u00e9raux et de vitamines. Les <strong>art\u00e9mias d\u00e9capsul\u00e9es<\/strong> et les <strong>\u0153ufs d&rsquo;art\u00e9mias<\/strong> sont d&rsquo;autres produits qui peuvent \u00eatre utilis\u00e9s avec succ\u00e8s pour compl\u00e9ter l&rsquo;alimentation des animaux.<\/p>\n<p>En outre, pour r\u00e9pondre \u00e0 la demande croissante du march\u00e9, nous avons introduit des <strong>escargots de mer<\/strong>. Bien qu&rsquo;elles ne soient pas des crustac\u00e9s, elles constituent une source pr\u00e9cieuse de calcium et d&rsquo;autres min\u00e9raux. Les escargots de mer sont excellents comme nourriture pour de nombreuses esp\u00e8ces de poissons et comme ingr\u00e9dient dans la nourriture pour reptiles.<\/p>\n","protected":false},"excerpt":{"rendered":"<p>Les mollusques et crustac\u00e9s destin\u00e9s \u00e0 l&rsquo;alimentation des animaux de compagnie offrent aux animaux une qualit\u00e9 nutritionnelle optimale.<\/p>\n","protected":false},"featured_media":24659,"template":"","meta":{"_acf_changed":false},"product_brand":[],"product_cat":[2510],"product_tag":[],"class_list":{"0":"post-24664","1":"product","2":"type-product","3":"status-publish","4":"has-post-thumbnail","6":"product_cat-produits-pour-lalimentation-animale","8":"first","9":"instock","10":"shipping-taxable","11":"product-type-simple"},"acf":[],"yoast_head":"<!-- This site is optimized with the Yoast SEO plugin v27.5 - https:\/\/yoast.com\/product\/yoast-seo-wordpress\/ -->\n<title>Crustac\u00e9s - Distributeur en gros<\/title>\n<meta name=\"description\" content=\"Les mollusques et crustac\u00e9s destin\u00e9s \u00e0 l&#039;alimentation des animaux de compagnie offrent aux animaux une qualit\u00e9 nutritionnelle optimale. Offre : gammarus (goujon), crevettes. art\u00e9mies d\u00e9capsul\u00e9es, \u0153ufs d&#039;art\u00e9mies.\" \/>\n<meta name=\"robots\" content=\"index, follow, max-snippet:-1, max-image-preview:large, max-video-preview:-1\" \/>\n<link rel=\"canonical\" href=\"https:\/\/naturalpoland.com\/fr\/produkty\/produits-pour-lalimentation-animale\/crustaces\/\" \/>\n<meta property=\"og:locale\" content=\"fr_FR\" \/>\n<meta property=\"og:type\" content=\"article\" \/>\n<meta property=\"og:title\" content=\"Crustac\u00e9s - Distributeur en gros\" \/>\n<meta property=\"og:description\" content=\"Les mollusques et crustac\u00e9s destin\u00e9s \u00e0 l&#039;alimentation des animaux de compagnie offrent aux animaux une qualit\u00e9 nutritionnelle optimale. Offre : gammarus (goujon), crevettes. art\u00e9mies d\u00e9capsul\u00e9es, \u0153ufs d&#039;art\u00e9mies.\" \/>\n<meta property=\"og:url\" content=\"https:\/\/naturalpoland.com\/fr\/produkty\/produits-pour-lalimentation-animale\/crustaces\/\" \/>\n<meta property=\"og:site_name\" content=\"NATURAL POLAND - Distributeur de mati\u00e8res premi\u00e8res en gros\" \/>\n<meta property=\"article:publisher\" content=\"https:\/\/www.facebook.com\/naturalpoland.b2b\" \/>\n<meta property=\"og:image\" content=\"https:\/\/naturalpoland.com\/wp-content\/uploads\/skorupiaki-do-karm-dla-zwierzat.png\" \/>\n\t<meta property=\"og:image:width\" content=\"575\" \/>\n\t<meta property=\"og:image:height\" content=\"575\" \/>\n\t<meta property=\"og:image:type\" content=\"image\/png\" \/>\n<script type=\"application\/ld+json\" class=\"yoast-schema-graph\">{\"@context\":\"https:\\\/\\\/schema.org\",\"@graph\":[{\"@type\":\"WebPage\",\"@id\":\"https:\\\/\\\/naturalpoland.com\\\/fr\\\/produkty\\\/produits-pour-lalimentation-animale\\\/crustaces\\\/\",\"url\":\"https:\\\/\\\/naturalpoland.com\\\/fr\\\/produkty\\\/produits-pour-lalimentation-animale\\\/crustaces\\\/\",\"name\":\"Crustac\u00e9s - Distributeur en gros\",\"isPartOf\":{\"@id\":\"https:\\\/\\\/naturalpoland.com\\\/fr\\\/#website\"},\"primaryImageOfPage\":{\"@id\":\"https:\\\/\\\/naturalpoland.com\\\/fr\\\/produkty\\\/produits-pour-lalimentation-animale\\\/crustaces\\\/#primaryimage\"},\"image\":{\"@id\":\"https:\\\/\\\/naturalpoland.com\\\/fr\\\/produkty\\\/produits-pour-lalimentation-animale\\\/crustaces\\\/#primaryimage\"},\"thumbnailUrl\":\"https:\\\/\\\/naturalpoland.com\\\/wp-content\\\/uploads\\\/skorupiaki-do-karm-dla-zwierzat.png\",\"datePublished\":\"2023-08-08T09:14:37+00:00\",\"description\":\"Les mollusques et crustac\u00e9s destin\u00e9s \u00e0 l'alimentation des animaux de compagnie offrent aux animaux une qualit\u00e9 nutritionnelle optimale. Offre : gammarus (goujon), crevettes. art\u00e9mies d\u00e9capsul\u00e9es, \u0153ufs d'art\u00e9mies.\",\"breadcrumb\":{\"@id\":\"https:\\\/\\\/naturalpoland.com\\\/fr\\\/produkty\\\/produits-pour-lalimentation-animale\\\/crustaces\\\/#breadcrumb\"},\"inLanguage\":\"fr-FR\",\"potentialAction\":[{\"@type\":\"ReadAction\",\"target\":[\"https:\\\/\\\/naturalpoland.com\\\/fr\\\/produkty\\\/produits-pour-lalimentation-animale\\\/crustaces\\\/\"]}]},{\"@type\":\"ImageObject\",\"inLanguage\":\"fr-FR\",\"@id\":\"https:\\\/\\\/naturalpoland.com\\\/fr\\\/produkty\\\/produits-pour-lalimentation-animale\\\/crustaces\\\/#primaryimage\",\"url\":\"https:\\\/\\\/naturalpoland.com\\\/wp-content\\\/uploads\\\/skorupiaki-do-karm-dla-zwierzat.png\",\"contentUrl\":\"https:\\\/\\\/naturalpoland.com\\\/wp-content\\\/uploads\\\/skorupiaki-do-karm-dla-zwierzat.png\",\"width\":575,\"height\":575,\"caption\":\"crustac\u00e9s pour l'alimentation animale\"},{\"@type\":\"BreadcrumbList\",\"@id\":\"https:\\\/\\\/naturalpoland.com\\\/fr\\\/produkty\\\/produits-pour-lalimentation-animale\\\/crustaces\\\/#breadcrumb\",\"itemListElement\":[{\"@type\":\"ListItem\",\"position\":1,\"name\":\"Accueil\",\"item\":\"https:\\\/\\\/naturalpoland.com\\\/fr\\\/\"},{\"@type\":\"ListItem\",\"position\":2,\"name\":\"Produits\",\"item\":\"https:\\\/\\\/naturalpoland.com\\\/fr\\\/produits\\\/\"},{\"@type\":\"ListItem\",\"position\":3,\"name\":\"Crustac\u00e9s\"}]},{\"@type\":\"WebSite\",\"@id\":\"https:\\\/\\\/naturalpoland.com\\\/fr\\\/#website\",\"url\":\"https:\\\/\\\/naturalpoland.com\\\/fr\\\/\",\"name\":\"NATURAL POLAND - Distributeur de mati\u00e8res premi\u00e8res en gros\",\"description\":\"Surowce dla przemys\u0142u spo\u017cywczego, kosmetycznego i farmaceutycznego\",\"publisher\":{\"@id\":\"https:\\\/\\\/naturalpoland.com\\\/fr\\\/#organization\"},\"potentialAction\":[{\"@type\":\"SearchAction\",\"target\":{\"@type\":\"EntryPoint\",\"urlTemplate\":\"https:\\\/\\\/naturalpoland.com\\\/fr\\\/?s={search_term_string}\"},\"query-input\":{\"@type\":\"PropertyValueSpecification\",\"valueRequired\":true,\"valueName\":\"search_term_string\"}}],\"inLanguage\":\"fr-FR\"},{\"@type\":\"Organization\",\"@id\":\"https:\\\/\\\/naturalpoland.com\\\/fr\\\/#organization\",\"name\":\"Natural Poland\",\"url\":\"https:\\\/\\\/naturalpoland.com\\\/fr\\\/\",\"logo\":{\"@type\":\"ImageObject\",\"inLanguage\":\"fr-FR\",\"@id\":\"https:\\\/\\\/naturalpoland.com\\\/fr\\\/#\\\/schema\\\/logo\\\/image\\\/\",\"url\":\"https:\\\/\\\/naturalpoland.com\\\/wp-content\\\/uploads\\\/2021\\\/05\\\/natural-poland-icon.png\",\"contentUrl\":\"https:\\\/\\\/naturalpoland.com\\\/wp-content\\\/uploads\\\/2021\\\/05\\\/natural-poland-icon.png\",\"width\":512,\"height\":512,\"caption\":\"Natural Poland\"},\"image\":{\"@id\":\"https:\\\/\\\/naturalpoland.com\\\/fr\\\/#\\\/schema\\\/logo\\\/image\\\/\"},\"sameAs\":[\"https:\\\/\\\/www.facebook.com\\\/naturalpoland.b2b\",\"https:\\\/\\\/pl.linkedin.com\\\/company\\\/natural-poland\",\"https:\\\/\\\/www.youtube.com\\\/channel\\\/UCgeGGkvOMahZo-xu_MSEWxg\"]}]}<\/script>\n<!-- \/ Yoast SEO plugin. -->","yoast_head_json":{"title":"Crustac\u00e9s - Distributeur en gros","description":"Les mollusques et crustac\u00e9s destin\u00e9s \u00e0 l'alimentation des animaux de compagnie offrent aux animaux une qualit\u00e9 nutritionnelle optimale. Offre : gammarus (goujon), crevettes. art\u00e9mies d\u00e9capsul\u00e9es, \u0153ufs d'art\u00e9mies.","robots":{"index":"index","follow":"follow","max-snippet":"max-snippet:-1","max-image-preview":"max-image-preview:large","max-video-preview":"max-video-preview:-1"},"canonical":"https:\/\/naturalpoland.com\/fr\/produkty\/produits-pour-lalimentation-animale\/crustaces\/","og_locale":"fr_FR","og_type":"article","og_title":"Crustac\u00e9s - Distributeur en gros","og_description":"Les mollusques et crustac\u00e9s destin\u00e9s \u00e0 l'alimentation des animaux de compagnie offrent aux animaux une qualit\u00e9 nutritionnelle optimale. Offre : gammarus (goujon), crevettes. art\u00e9mies d\u00e9capsul\u00e9es, \u0153ufs d'art\u00e9mies.","og_url":"https:\/\/naturalpoland.com\/fr\/produkty\/produits-pour-lalimentation-animale\/crustaces\/","og_site_name":"NATURAL POLAND - Distributeur de mati\u00e8res premi\u00e8res en gros","article_publisher":"https:\/\/www.facebook.com\/naturalpoland.b2b","og_image":[{"width":575,"height":575,"url":"https:\/\/naturalpoland.com\/wp-content\/uploads\/skorupiaki-do-karm-dla-zwierzat.png","type":"image\/png"}],"schema":{"@context":"https:\/\/schema.org","@graph":[{"@type":"WebPage","@id":"https:\/\/naturalpoland.com\/fr\/produkty\/produits-pour-lalimentation-animale\/crustaces\/","url":"https:\/\/naturalpoland.com\/fr\/produkty\/produits-pour-lalimentation-animale\/crustaces\/","name":"Crustac\u00e9s - Distributeur en gros","isPartOf":{"@id":"https:\/\/naturalpoland.com\/fr\/#website"},"primaryImageOfPage":{"@id":"https:\/\/naturalpoland.com\/fr\/produkty\/produits-pour-lalimentation-animale\/crustaces\/#primaryimage"},"image":{"@id":"https:\/\/naturalpoland.com\/fr\/produkty\/produits-pour-lalimentation-animale\/crustaces\/#primaryimage"},"thumbnailUrl":"https:\/\/naturalpoland.com\/wp-content\/uploads\/skorupiaki-do-karm-dla-zwierzat.png","datePublished":"2023-08-08T09:14:37+00:00","description":"Les mollusques et crustac\u00e9s destin\u00e9s \u00e0 l'alimentation des animaux de compagnie offrent aux animaux une qualit\u00e9 nutritionnelle optimale. Offre : gammarus (goujon), crevettes. art\u00e9mies d\u00e9capsul\u00e9es, \u0153ufs d'art\u00e9mies.","breadcrumb":{"@id":"https:\/\/naturalpoland.com\/fr\/produkty\/produits-pour-lalimentation-animale\/crustaces\/#breadcrumb"},"inLanguage":"fr-FR","potentialAction":[{"@type":"ReadAction","target":["https:\/\/naturalpoland.com\/fr\/produkty\/produits-pour-lalimentation-animale\/crustaces\/"]}]},{"@type":"ImageObject","inLanguage":"fr-FR","@id":"https:\/\/naturalpoland.com\/fr\/produkty\/produits-pour-lalimentation-animale\/crustaces\/#primaryimage","url":"https:\/\/naturalpoland.com\/wp-content\/uploads\/skorupiaki-do-karm-dla-zwierzat.png","contentUrl":"https:\/\/naturalpoland.com\/wp-content\/uploads\/skorupiaki-do-karm-dla-zwierzat.png","width":575,"height":575,"caption":"crustac\u00e9s pour l'alimentation animale"},{"@type":"BreadcrumbList","@id":"https:\/\/naturalpoland.com\/fr\/produkty\/produits-pour-lalimentation-animale\/crustaces\/#breadcrumb","itemListElement":[{"@type":"ListItem","position":1,"name":"Accueil","item":"https:\/\/naturalpoland.com\/fr\/"},{"@type":"ListItem","position":2,"name":"Produits","item":"https:\/\/naturalpoland.com\/fr\/produits\/"},{"@type":"ListItem","position":3,"name":"Crustac\u00e9s"}]},{"@type":"WebSite","@id":"https:\/\/naturalpoland.com\/fr\/#website","url":"https:\/\/naturalpoland.com\/fr\/","name":"NATURAL POLAND - Distributeur de mati\u00e8res premi\u00e8res en gros","description":"Surowce dla przemys\u0142u spo\u017cywczego, kosmetycznego i farmaceutycznego","publisher":{"@id":"https:\/\/naturalpoland.com\/fr\/#organization"},"potentialAction":[{"@type":"SearchAction","target":{"@type":"EntryPoint","urlTemplate":"https:\/\/naturalpoland.com\/fr\/?s={search_term_string}"},"query-input":{"@type":"PropertyValueSpecification","valueRequired":true,"valueName":"search_term_string"}}],"inLanguage":"fr-FR"},{"@type":"Organization","@id":"https:\/\/naturalpoland.com\/fr\/#organization","name":"Natural Poland","url":"https:\/\/naturalpoland.com\/fr\/","logo":{"@type":"ImageObject","inLanguage":"fr-FR","@id":"https:\/\/naturalpoland.com\/fr\/#\/schema\/logo\/image\/","url":"https:\/\/naturalpoland.com\/wp-content\/uploads\/2021\/05\/natural-poland-icon.png","contentUrl":"https:\/\/naturalpoland.com\/wp-content\/uploads\/2021\/05\/natural-poland-icon.png","width":512,"height":512,"caption":"Natural Poland"},"image":{"@id":"https:\/\/naturalpoland.com\/fr\/#\/schema\/logo\/image\/"},"sameAs":["https:\/\/www.facebook.com\/naturalpoland.b2b","https:\/\/pl.linkedin.com\/company\/natural-poland","https:\/\/www.youtube.com\/channel\/UCgeGGkvOMahZo-xu_MSEWxg"]}]}},"_links":{"self":[{"href":"https:\/\/naturalpoland.com\/fr\/wp-json\/wp\/v2\/product\/24664","targetHints":{"allow":["GET"]}}],"collection":[{"href":"https:\/\/naturalpoland.com\/fr\/wp-json\/wp\/v2\/product"}],"about":[{"href":"https:\/\/naturalpoland.com\/fr\/wp-json\/wp\/v2\/types\/product"}],"wp:featuredmedia":[{"embeddable":true,"href":"https:\/\/naturalpoland.com\/fr\/wp-json\/wp\/v2\/media\/24659"}],"wp:attachment":[{"href":"https:\/\/naturalpoland.com\/fr\/wp-json\/wp\/v2\/media?parent=24664"}],"wp:term":[{"taxonomy":"product_brand","embeddable":true,"href":"https:\/\/naturalpoland.com\/fr\/wp-json\/wp\/v2\/product_brand?post=24664"},{"taxonomy":"product_cat","embeddable":true,"href":"https:\/\/naturalpoland.com\/fr\/wp-json\/wp\/v2\/product_cat?post=24664"},{"taxonomy":"product_tag","embeddable":true,"href":"https:\/\/naturalpoland.com\/fr\/wp-json\/wp\/v2\/product_tag?post=24664"}],"curies":[{"name":"wp","href":"https:\/\/api.w.org\/{rel}","templated":true}]}}