{"id":24773,"date":"2023-08-10T10:11:35","date_gmt":"2023-08-10T09:13:19","guid":{"rendered":"https:\/\/naturalpoland.com\/produkty\/non class\u00e9\/aliments-pour-poissons\/"},"modified":"2023-08-10T11:13:19","modified_gmt":"2023-08-10T09:13:19","slug":"nourriture-pour-les-poissons","status":"publish","type":"product","link":"https:\/\/naturalpoland.com\/fr\/produkty\/produits-pour-lalimentation-animale\/nourriture-pour-les-poissons\/","title":{"rendered":"Aliments pour poissons"},"content":{"rendered":"<p>La <strong>nourriture pour tortues<\/strong> a \u00e9t\u00e9 formul\u00e9e en tenant compte de leurs besoins m\u00e9taboliques sp\u00e9cifiques et en leur apportant la bonne quantit\u00e9 de vitamines et de min\u00e9raux n\u00e9cessaires \u00e0 une croissance saine.<\/p>\n<p>Nos <strong>aliments pour \u00e9tangs<\/strong>, en version de base ou de qualit\u00e9 sup\u00e9rieure, ont \u00e9t\u00e9 con\u00e7us pour r\u00e9pondre aux besoins d&rsquo;une grande vari\u00e9t\u00e9 d&rsquo;esp\u00e8ces, des carpes aux poissons d&rsquo;ornement plus d\u00e9licats.<\/p>\n<p>Les <strong>granul\u00e9s pour poissons exotiques et cichlid\u00e9s<\/strong> fournissent les nutriments n\u00e9cessaires pour que ces cr\u00e9atures fascinantes conservent des couleurs \u00e9clatantes et soient en bonne sant\u00e9.<\/p>\n<p>&nbsp;<\/p>\n<h2><strong>Extrud\u00e9s<\/strong><\/h2>\n<p>Dans l&rsquo;\u00e9levage moderne des poissons, les extrud\u00e9s font partie int\u00e9grante du r\u00e9gime alimentaire. Il s&rsquo;agit de produits ayant subi un traitement thermique sp\u00e9cial qui augmente leur digestibilit\u00e9 et leur valeur nutritionnelle.<\/p>\n<p>Notre <strong>extrud\u00e9 pour poissons Koi<\/strong> est formul\u00e9 pour fournir une nourriture saine qui non seulement r\u00e9pond \u00e0 leurs besoins nutritionnels, mais contribue \u00e9galement \u00e0 leur croissance saine et \u00e0 leur belle coloration. En proposant diff\u00e9rentes variantes &#8211; de basique \u00e0 premium &#8211; nous visons \u00e0 r\u00e9pondre aux besoins des cultivateurs les plus exigeants.<\/p>\n<p>&nbsp;<\/p>\n<h2><strong>  Algues<\/strong><\/h2>\n<p>Dans le monde de l&rsquo;aquaculture, les algues gagnent en popularit\u00e9 en tant qu&rsquo;\u00e9l\u00e9ment cl\u00e9 du r\u00e9gime alimentaire des poissons. Leur valeur nutritionnelle et leur richesse en vitamines et en min\u00e9raux en font non seulement un aliment, mais aussi un compl\u00e9ment naturel qui contribue \u00e0 la sant\u00e9 et \u00e0 la vitalit\u00e9 du poisson.<\/p>\n<p>La poudre de <strong>spiruline<\/strong> est une excellente source de prot\u00e9ines et contient tous les acides amin\u00e9s essentiels \u00e0 la croissance des poissons. Sa couleur intense contribue \u00e9galement \u00e0 enrichir la couleur des poissons, ce qui les rend plus attrayants visuellement.<\/p>\n<p>La <strong>farine d&rsquo;ascophylle<\/strong>, quant \u00e0 elle, fournit des min\u00e9raux tels que l&rsquo;iode, qui est essentiel au bon fonctionnement de la glande thyro\u00efde du poisson.<\/p>\n<p>En outre, les algues agissent comme des probiotiques naturels, soutenant la microflore saine du tube digestif du poisson. Introduire des algues dans l&rsquo;alimentation d&rsquo;un poisson est un investissement dans sa sant\u00e9, sa vitalit\u00e9 et l&rsquo;am\u00e9lioration de son \u00e9levage.<\/p>\n<p>&nbsp;<\/p>\n<h2><strong>Flocons de poisson<\/strong><\/h2>\n<p>Les flocons sont l&rsquo;une des solutions les plus traditionnelles et les plus courantes pour l&rsquo;alimentation des poissons. Leur diversit\u00e9 et leur richesse en nutriments en font un excellent choix pour les \u00e9leveurs et les aquariophiles.<\/p>\n<p>Les <strong>Tropical Fish Flakes<\/strong> et leur version premium sont con\u00e7us pour fournir tous les nutriments essentiels n\u00e9cessaires \u00e0 la croissance saine des poissons.<\/p>\n<p>Les vari\u00e9t\u00e9s <strong>Malawi Flake<\/strong> et <strong>Tanganyika Flake<\/strong> ont \u00e9t\u00e9 d\u00e9velopp\u00e9es pour les poissons de ces r\u00e9gions africaines, en tenant compte de leurs besoins nutritionnels sp\u00e9cifiques.<\/p>\n<p>Les <strong>flocons \u00e0 base de plantes<\/strong>, avec de la <strong>spiruline<\/strong> ou des <strong>art\u00e9mias<\/strong>, fournissent aux poissons des vitamines et des min\u00e9raux suppl\u00e9mentaires pour favoriser leur digestion, leur croissance et leur \u00e9tat g\u00e9n\u00e9ral.<\/p>\n<p>Le calmar, le <strong>krill<\/strong> ou les <strong>flocons pour<\/strong> <strong>poissons rouges<\/strong> sont des friandises savoureuses qui enrichissent le r\u00e9gime alimentaire des poissons et leur fournissent les prot\u00e9ines et les graisses dont ils ont besoin pour se d\u00e9velopper.<\/p>\n<p>Les <strong>flocons pour<\/strong> \u00e9tang sont id\u00e9aux pour les poissons vivant dans des \u00e9tangs et des bassins, en leur fournissant un r\u00e9gime alimentaire complet pour chaque jour.<\/p>\n<p>&nbsp;<\/p>\n<h2><strong>Comprim\u00e9s de poisson<\/strong><\/h2>\n<p>Les comprim\u00e9s sont un aliment extr\u00eamement concentr\u00e9 qui fournit aux poissons une riche dose de nutriments sous une forme compacte.<\/p>\n<p>Les <strong>comprim\u00e9s de<\/strong> base <strong>rouges<\/strong> et <strong>verts<\/strong> fournissent le juste \u00e9quilibre de nutriments essentiels \u00e0 la sant\u00e9 des poissons.<\/p>\n<p>Les <strong>comprim\u00e9s FD<\/strong> sont une excellente source de prot\u00e9ines et sont id\u00e9aux pour les poissons pr\u00e9dateurs.<\/p>\n<p>Les <strong>comprim\u00e9s de spiruline<\/strong> ne sont pas seulement une riche source de prot\u00e9ines, mais aussi une source naturelle de vitamines, de min\u00e9raux et d&rsquo;antioxydants qui contribuent \u00e0 la sant\u00e9 des poissons et au maintien d&rsquo;une belle couleur.<\/p>\n<p><strong>Les tablettes premium pour poissons tropicaux<\/strong>, en revanche, sont la solution pour les \u00e9leveurs les plus exigeants qui veulent donner \u00e0 leurs poissons la meilleure alimentation possible.<\/p>\n<p>Tous les comprim\u00e9s ont \u00e9t\u00e9 con\u00e7us pour r\u00e9pondre aux besoins sp\u00e9cifiques des diff\u00e9rentes esp\u00e8ces de poissons, de sorte que chaque pisciculteur trouvera un produit adapt\u00e9 \u00e0 son \u00e9levage.<\/p>\n<p>&nbsp;<\/p>\n","protected":false},"excerpt":{"rendered":"<p>Dans l&rsquo;aquaculture d&rsquo;aujourd&rsquo;hui, la qualit\u00e9 des aliments pour poissons d\u00e9termine la sant\u00e9, la vitalit\u00e9 et l&rsquo;efficacit\u00e9 de la ferme. Une alimentation adapt\u00e9e fournit aux poissons un r\u00e9gime sain qui favorise leur croissance, leur couleur et leur \u00e9tat g\u00e9n\u00e9ral.<\/p>\n","protected":false},"featured_media":31318,"template":"","meta":{"_acf_changed":false},"product_brand":[],"product_cat":[2510],"product_tag":[],"class_list":{"0":"post-24773","1":"product","2":"type-product","3":"status-publish","4":"has-post-thumbnail","6":"product_cat-produits-pour-lalimentation-animale","8":"first","9":"instock","10":"shipping-taxable","11":"product-type-simple"},"acf":[],"yoast_head":"<!-- This site is optimized with the Yoast SEO plugin v27.4 - https:\/\/yoast.com\/product\/yoast-seo-wordpress\/ -->\n<title>Aliments pour poissons - Distributeur en gros<\/title>\n<meta name=\"description\" content=\"Les aliments pour poissons ad\u00e9quats fournissent aux poissons une alimentation saine qui favorise leur croissance, leur couleur et leur \u00e9tat g\u00e9n\u00e9ral. Consultez notre offre de gros.\" \/>\n<meta name=\"robots\" content=\"index, follow, max-snippet:-1, max-image-preview:large, max-video-preview:-1\" \/>\n<link rel=\"canonical\" href=\"https:\/\/naturalpoland.com\/fr\/produkty\/produits-pour-lalimentation-animale\/nourriture-pour-les-poissons\/\" \/>\n<meta property=\"og:locale\" content=\"fr_FR\" \/>\n<meta property=\"og:type\" content=\"article\" \/>\n<meta property=\"og:title\" content=\"Aliments pour poissons - Distributeur en gros\" \/>\n<meta property=\"og:description\" content=\"Les aliments pour poissons ad\u00e9quats fournissent aux poissons une alimentation saine qui favorise leur croissance, leur couleur et leur \u00e9tat g\u00e9n\u00e9ral. Consultez notre offre de gros.\" \/>\n<meta property=\"og:url\" content=\"https:\/\/naturalpoland.com\/fr\/produkty\/produits-pour-lalimentation-animale\/nourriture-pour-les-poissons\/\" \/>\n<meta property=\"og:site_name\" content=\"NATURAL POLAND - Distributeur de mati\u00e8res premi\u00e8res en gros\" \/>\n<meta property=\"article:publisher\" content=\"https:\/\/www.facebook.com\/naturalpoland.b2b\" \/>\n<meta property=\"og:image\" content=\"https:\/\/naturalpoland.com\/wp-content\/uploads\/fish-food.jpg\" \/>\n\t<meta property=\"og:image:width\" content=\"500\" \/>\n\t<meta property=\"og:image:height\" content=\"500\" \/>\n\t<meta property=\"og:image:type\" content=\"image\/jpeg\" \/>\n<script type=\"application\/ld+json\" class=\"yoast-schema-graph\">{\"@context\":\"https:\\\/\\\/schema.org\",\"@graph\":[{\"@type\":\"WebPage\",\"@id\":\"https:\\\/\\\/naturalpoland.com\\\/fr\\\/produkty\\\/produits-pour-lalimentation-animale\\\/nourriture-pour-les-poissons\\\/\",\"url\":\"https:\\\/\\\/naturalpoland.com\\\/fr\\\/produkty\\\/produits-pour-lalimentation-animale\\\/nourriture-pour-les-poissons\\\/\",\"name\":\"Aliments pour poissons - Distributeur en gros\",\"isPartOf\":{\"@id\":\"https:\\\/\\\/naturalpoland.com\\\/fr\\\/#website\"},\"primaryImageOfPage\":{\"@id\":\"https:\\\/\\\/naturalpoland.com\\\/fr\\\/produkty\\\/produits-pour-lalimentation-animale\\\/nourriture-pour-les-poissons\\\/#primaryimage\"},\"image\":{\"@id\":\"https:\\\/\\\/naturalpoland.com\\\/fr\\\/produkty\\\/produits-pour-lalimentation-animale\\\/nourriture-pour-les-poissons\\\/#primaryimage\"},\"thumbnailUrl\":\"https:\\\/\\\/naturalpoland.com\\\/wp-content\\\/uploads\\\/fish-food.jpg\",\"datePublished\":\"2023-08-10T09:13:19+00:00\",\"description\":\"Les aliments pour poissons ad\u00e9quats fournissent aux poissons une alimentation saine qui favorise leur croissance, leur couleur et leur \u00e9tat g\u00e9n\u00e9ral. Consultez notre offre de gros.\",\"breadcrumb\":{\"@id\":\"https:\\\/\\\/naturalpoland.com\\\/fr\\\/produkty\\\/produits-pour-lalimentation-animale\\\/nourriture-pour-les-poissons\\\/#breadcrumb\"},\"inLanguage\":\"fr-FR\",\"potentialAction\":[{\"@type\":\"ReadAction\",\"target\":[\"https:\\\/\\\/naturalpoland.com\\\/fr\\\/produkty\\\/produits-pour-lalimentation-animale\\\/nourriture-pour-les-poissons\\\/\"]}]},{\"@type\":\"ImageObject\",\"inLanguage\":\"fr-FR\",\"@id\":\"https:\\\/\\\/naturalpoland.com\\\/fr\\\/produkty\\\/produits-pour-lalimentation-animale\\\/nourriture-pour-les-poissons\\\/#primaryimage\",\"url\":\"https:\\\/\\\/naturalpoland.com\\\/wp-content\\\/uploads\\\/fish-food.jpg\",\"contentUrl\":\"https:\\\/\\\/naturalpoland.com\\\/wp-content\\\/uploads\\\/fish-food.jpg\",\"width\":500,\"height\":500,\"caption\":\"fish food\"},{\"@type\":\"BreadcrumbList\",\"@id\":\"https:\\\/\\\/naturalpoland.com\\\/fr\\\/produkty\\\/produits-pour-lalimentation-animale\\\/nourriture-pour-les-poissons\\\/#breadcrumb\",\"itemListElement\":[{\"@type\":\"ListItem\",\"position\":1,\"name\":\"Accueil\",\"item\":\"https:\\\/\\\/naturalpoland.com\\\/fr\\\/\"},{\"@type\":\"ListItem\",\"position\":2,\"name\":\"Produits\",\"item\":\"https:\\\/\\\/naturalpoland.com\\\/fr\\\/produits\\\/\"},{\"@type\":\"ListItem\",\"position\":3,\"name\":\"Aliments pour poissons\"}]},{\"@type\":\"WebSite\",\"@id\":\"https:\\\/\\\/naturalpoland.com\\\/fr\\\/#website\",\"url\":\"https:\\\/\\\/naturalpoland.com\\\/fr\\\/\",\"name\":\"NATURAL POLAND - Distributeur de mati\u00e8res premi\u00e8res en gros\",\"description\":\"Surowce dla przemys\u0142u spo\u017cywczego, kosmetycznego i farmaceutycznego\",\"publisher\":{\"@id\":\"https:\\\/\\\/naturalpoland.com\\\/fr\\\/#organization\"},\"potentialAction\":[{\"@type\":\"SearchAction\",\"target\":{\"@type\":\"EntryPoint\",\"urlTemplate\":\"https:\\\/\\\/naturalpoland.com\\\/fr\\\/?s={search_term_string}\"},\"query-input\":{\"@type\":\"PropertyValueSpecification\",\"valueRequired\":true,\"valueName\":\"search_term_string\"}}],\"inLanguage\":\"fr-FR\"},{\"@type\":\"Organization\",\"@id\":\"https:\\\/\\\/naturalpoland.com\\\/fr\\\/#organization\",\"name\":\"Natural Poland\",\"url\":\"https:\\\/\\\/naturalpoland.com\\\/fr\\\/\",\"logo\":{\"@type\":\"ImageObject\",\"inLanguage\":\"fr-FR\",\"@id\":\"https:\\\/\\\/naturalpoland.com\\\/fr\\\/#\\\/schema\\\/logo\\\/image\\\/\",\"url\":\"https:\\\/\\\/naturalpoland.com\\\/wp-content\\\/uploads\\\/2021\\\/05\\\/natural-poland-icon.png\",\"contentUrl\":\"https:\\\/\\\/naturalpoland.com\\\/wp-content\\\/uploads\\\/2021\\\/05\\\/natural-poland-icon.png\",\"width\":512,\"height\":512,\"caption\":\"Natural Poland\"},\"image\":{\"@id\":\"https:\\\/\\\/naturalpoland.com\\\/fr\\\/#\\\/schema\\\/logo\\\/image\\\/\"},\"sameAs\":[\"https:\\\/\\\/www.facebook.com\\\/naturalpoland.b2b\",\"https:\\\/\\\/pl.linkedin.com\\\/company\\\/natural-poland\",\"https:\\\/\\\/www.youtube.com\\\/channel\\\/UCgeGGkvOMahZo-xu_MSEWxg\"]}]}<\/script>\n<!-- \/ Yoast SEO plugin. -->","yoast_head_json":{"title":"Aliments pour poissons - Distributeur en gros","description":"Les aliments pour poissons ad\u00e9quats fournissent aux poissons une alimentation saine qui favorise leur croissance, leur couleur et leur \u00e9tat g\u00e9n\u00e9ral. Consultez notre offre de gros.","robots":{"index":"index","follow":"follow","max-snippet":"max-snippet:-1","max-image-preview":"max-image-preview:large","max-video-preview":"max-video-preview:-1"},"canonical":"https:\/\/naturalpoland.com\/fr\/produkty\/produits-pour-lalimentation-animale\/nourriture-pour-les-poissons\/","og_locale":"fr_FR","og_type":"article","og_title":"Aliments pour poissons - Distributeur en gros","og_description":"Les aliments pour poissons ad\u00e9quats fournissent aux poissons une alimentation saine qui favorise leur croissance, leur couleur et leur \u00e9tat g\u00e9n\u00e9ral. Consultez notre offre de gros.","og_url":"https:\/\/naturalpoland.com\/fr\/produkty\/produits-pour-lalimentation-animale\/nourriture-pour-les-poissons\/","og_site_name":"NATURAL POLAND - Distributeur de mati\u00e8res premi\u00e8res en gros","article_publisher":"https:\/\/www.facebook.com\/naturalpoland.b2b","og_image":[{"width":500,"height":500,"url":"https:\/\/naturalpoland.com\/wp-content\/uploads\/fish-food.jpg","type":"image\/jpeg"}],"schema":{"@context":"https:\/\/schema.org","@graph":[{"@type":"WebPage","@id":"https:\/\/naturalpoland.com\/fr\/produkty\/produits-pour-lalimentation-animale\/nourriture-pour-les-poissons\/","url":"https:\/\/naturalpoland.com\/fr\/produkty\/produits-pour-lalimentation-animale\/nourriture-pour-les-poissons\/","name":"Aliments pour poissons - Distributeur en gros","isPartOf":{"@id":"https:\/\/naturalpoland.com\/fr\/#website"},"primaryImageOfPage":{"@id":"https:\/\/naturalpoland.com\/fr\/produkty\/produits-pour-lalimentation-animale\/nourriture-pour-les-poissons\/#primaryimage"},"image":{"@id":"https:\/\/naturalpoland.com\/fr\/produkty\/produits-pour-lalimentation-animale\/nourriture-pour-les-poissons\/#primaryimage"},"thumbnailUrl":"https:\/\/naturalpoland.com\/wp-content\/uploads\/fish-food.jpg","datePublished":"2023-08-10T09:13:19+00:00","description":"Les aliments pour poissons ad\u00e9quats fournissent aux poissons une alimentation saine qui favorise leur croissance, leur couleur et leur \u00e9tat g\u00e9n\u00e9ral. Consultez notre offre de gros.","breadcrumb":{"@id":"https:\/\/naturalpoland.com\/fr\/produkty\/produits-pour-lalimentation-animale\/nourriture-pour-les-poissons\/#breadcrumb"},"inLanguage":"fr-FR","potentialAction":[{"@type":"ReadAction","target":["https:\/\/naturalpoland.com\/fr\/produkty\/produits-pour-lalimentation-animale\/nourriture-pour-les-poissons\/"]}]},{"@type":"ImageObject","inLanguage":"fr-FR","@id":"https:\/\/naturalpoland.com\/fr\/produkty\/produits-pour-lalimentation-animale\/nourriture-pour-les-poissons\/#primaryimage","url":"https:\/\/naturalpoland.com\/wp-content\/uploads\/fish-food.jpg","contentUrl":"https:\/\/naturalpoland.com\/wp-content\/uploads\/fish-food.jpg","width":500,"height":500,"caption":"fish food"},{"@type":"BreadcrumbList","@id":"https:\/\/naturalpoland.com\/fr\/produkty\/produits-pour-lalimentation-animale\/nourriture-pour-les-poissons\/#breadcrumb","itemListElement":[{"@type":"ListItem","position":1,"name":"Accueil","item":"https:\/\/naturalpoland.com\/fr\/"},{"@type":"ListItem","position":2,"name":"Produits","item":"https:\/\/naturalpoland.com\/fr\/produits\/"},{"@type":"ListItem","position":3,"name":"Aliments pour poissons"}]},{"@type":"WebSite","@id":"https:\/\/naturalpoland.com\/fr\/#website","url":"https:\/\/naturalpoland.com\/fr\/","name":"NATURAL POLAND - Distributeur de mati\u00e8res premi\u00e8res en gros","description":"Surowce dla przemys\u0142u spo\u017cywczego, kosmetycznego i farmaceutycznego","publisher":{"@id":"https:\/\/naturalpoland.com\/fr\/#organization"},"potentialAction":[{"@type":"SearchAction","target":{"@type":"EntryPoint","urlTemplate":"https:\/\/naturalpoland.com\/fr\/?s={search_term_string}"},"query-input":{"@type":"PropertyValueSpecification","valueRequired":true,"valueName":"search_term_string"}}],"inLanguage":"fr-FR"},{"@type":"Organization","@id":"https:\/\/naturalpoland.com\/fr\/#organization","name":"Natural Poland","url":"https:\/\/naturalpoland.com\/fr\/","logo":{"@type":"ImageObject","inLanguage":"fr-FR","@id":"https:\/\/naturalpoland.com\/fr\/#\/schema\/logo\/image\/","url":"https:\/\/naturalpoland.com\/wp-content\/uploads\/2021\/05\/natural-poland-icon.png","contentUrl":"https:\/\/naturalpoland.com\/wp-content\/uploads\/2021\/05\/natural-poland-icon.png","width":512,"height":512,"caption":"Natural Poland"},"image":{"@id":"https:\/\/naturalpoland.com\/fr\/#\/schema\/logo\/image\/"},"sameAs":["https:\/\/www.facebook.com\/naturalpoland.b2b","https:\/\/pl.linkedin.com\/company\/natural-poland","https:\/\/www.youtube.com\/channel\/UCgeGGkvOMahZo-xu_MSEWxg"]}]}},"_links":{"self":[{"href":"https:\/\/naturalpoland.com\/fr\/wp-json\/wp\/v2\/product\/24773","targetHints":{"allow":["GET"]}}],"collection":[{"href":"https:\/\/naturalpoland.com\/fr\/wp-json\/wp\/v2\/product"}],"about":[{"href":"https:\/\/naturalpoland.com\/fr\/wp-json\/wp\/v2\/types\/product"}],"wp:featuredmedia":[{"embeddable":true,"href":"https:\/\/naturalpoland.com\/fr\/wp-json\/wp\/v2\/media\/31318"}],"wp:attachment":[{"href":"https:\/\/naturalpoland.com\/fr\/wp-json\/wp\/v2\/media?parent=24773"}],"wp:term":[{"taxonomy":"product_brand","embeddable":true,"href":"https:\/\/naturalpoland.com\/fr\/wp-json\/wp\/v2\/product_brand?post=24773"},{"taxonomy":"product_cat","embeddable":true,"href":"https:\/\/naturalpoland.com\/fr\/wp-json\/wp\/v2\/product_cat?post=24773"},{"taxonomy":"product_tag","embeddable":true,"href":"https:\/\/naturalpoland.com\/fr\/wp-json\/wp\/v2\/product_tag?post=24773"}],"curies":[{"name":"wp","href":"https:\/\/api.w.org\/{rel}","templated":true}]}}