{"id":24896,"date":"2023-07-21T16:26:52","date_gmt":"2023-07-21T14:26:52","guid":{"rendered":"https:\/\/naturalpoland.com\/produkty\/non class\u00e9\/beurre-de-cassis\/"},"modified":"2023-08-10T12:42:33","modified_gmt":"2023-08-10T10:42:33","slug":"beurre-de-cassis","status":"publish","type":"product","link":"https:\/\/naturalpoland.com\/fr\/produkty\/produits-pour-lindustrie-cosmetique\/beurres-cosmetiques\/beurre-de-cassis\/","title":{"rendered":"Beurre de cassis"},"content":{"rendered":"<h2>Propri\u00e9t\u00e9s du beurre de cassis ?<\/h2>\n<p>La formule unique au beurre de cassis a \u00e9t\u00e9 soigneusement con\u00e7ue pour offrir une hydratation, une nutrition et une protection intenses \u00e0 la peau et aux cheveux.<\/p>\n<p>Le <strong>cassis<\/strong>, connu pour sa richesse en antioxydants, en vitamines C et E et en acide gamma-linol\u00e9nique (AGL), est un v\u00e9ritable superaliment pour la peau. <a href=\"https:\/\/naturalpoland.com\/fr\/produkty\/produits-pour-lindustrie-alimentaire\/huiles-alimentaires-insaturees\/huile-de-cassis\/\"><br \/>\n  <strong>L&rsquo;huile de cassis<\/strong><br \/>\n<\/a>contenue dans notre beurre, est reconnue pour ses effets hydratants, apaisants et anti-\u00e2ge. Il agit \u00e0 plusieurs niveaux, en augmentant l&rsquo;\u00e9lasticit\u00e9 de la peau, en am\u00e9liorant la texture de la peau, en r\u00e9duisant les signes de vieillissement et en soutenant les processus naturels de r\u00e9g\u00e9n\u00e9ration de la peau.<\/p>\n<p>Notre produit tire parti de ces avantages en les associant \u00e0 des huiles v\u00e9g\u00e9tales hydrog\u00e9n\u00e9es pour cr\u00e9er un beurre cr\u00e9meux et facile \u00e0 \u00e9taler. Gr\u00e2ce \u00e0 sa texture, le beurre de cassis est facile \u00e0 utiliser et p\u00e9n\u00e8tre rapidement sans laisser de sensation de gras.<\/p>\n<h2>Utilisation du beurre de cassis<\/h2>\n<p>Ce beurre peut \u00eatre appliqu\u00e9 directement sur la peau et les cheveux, mais il peut \u00e9galement enrichir divers produits cosm\u00e9tiques tels que des cr\u00e8mes, des lotions, des masques ou des shampooings.<\/p>\n<p>En outre, le beurre de cassis est extr\u00eamement polyvalent. Elle peut \u00eatre utilis\u00e9e aussi bien pour les peaux matures, en tant qu&rsquo;ingr\u00e9dient anti-\u00e2ge efficace, que pour les peaux \u00e0 probl\u00e8mes, gr\u00e2ce \u00e0 ses propri\u00e9t\u00e9s apaisantes. Pour les cheveux, le beurre de cassis peut aider \u00e0 lutter contre la s\u00e9cheresse et la fragilit\u00e9, en leur donnant un \u00e9clat sain et de la douceur.<\/p>\n","protected":false},"excerpt":{"rendered":"<p>Le beurre de cassis est un ingr\u00e9dient cosm\u00e9tique de luxe qui associe les bienfaits de l&rsquo;huile de cassis \u00e0 ceux des huiles v\u00e9g\u00e9tales hydrog\u00e9n\u00e9es.<\/p>\n","protected":false},"featured_media":24375,"template":"","meta":[],"product_brand":[],"product_cat":[1306],"product_tag":[],"class_list":{"0":"post-24896","1":"product","2":"type-product","3":"status-publish","4":"has-post-thumbnail","6":"product_cat-beurres-cosmetiques","8":"first","9":"instock","10":"shipping-taxable","11":"product-type-simple"},"yoast_head":"<!-- This site is optimized with the Yoast SEO plugin v27.4 - https:\/\/yoast.com\/product\/yoast-seo-wordpress\/ -->\n<title>Beurre de cassis - Distributeur en gros<\/title>\n<meta name=\"description\" content=\"Le beurre de cassis est un ingr\u00e9dient cosm\u00e9tique unique qui associe la richesse de l&#039;huile de cassis \u00e0 des huiles v\u00e9g\u00e9tales hydrog\u00e9n\u00e9es.\" \/>\n<meta name=\"robots\" content=\"index, follow, max-snippet:-1, max-image-preview:large, max-video-preview:-1\" \/>\n<link rel=\"canonical\" href=\"https:\/\/naturalpoland.com\/fr\/produkty\/produits-pour-lindustrie-cosmetique\/beurres-cosmetiques\/beurre-de-cassis\/\" \/>\n<meta property=\"og:locale\" content=\"fr_FR\" \/>\n<meta property=\"og:type\" content=\"article\" \/>\n<meta property=\"og:title\" content=\"Beurre de cassis - Distributeur en gros\" \/>\n<meta property=\"og:description\" content=\"Le beurre de cassis est un ingr\u00e9dient cosm\u00e9tique unique qui associe la richesse de l&#039;huile de cassis \u00e0 des huiles v\u00e9g\u00e9tales hydrog\u00e9n\u00e9es.\" \/>\n<meta property=\"og:url\" content=\"https:\/\/naturalpoland.com\/fr\/produkty\/produits-pour-lindustrie-cosmetique\/beurres-cosmetiques\/beurre-de-cassis\/\" \/>\n<meta property=\"og:site_name\" content=\"NATURAL POLAND - Distributeur de mati\u00e8res premi\u00e8res en gros\" \/>\n<meta property=\"article:publisher\" content=\"https:\/\/www.facebook.com\/naturalpoland.b2b\" \/>\n<meta property=\"article:modified_time\" content=\"2023-08-10T10:42:33+00:00\" \/>\n<meta property=\"og:image\" content=\"https:\/\/naturalpoland.com\/wp-content\/uploads\/blackcurrant_butter.png\" \/>\n\t<meta property=\"og:image:width\" content=\"595\" \/>\n\t<meta property=\"og:image:height\" content=\"595\" \/>\n\t<meta property=\"og:image:type\" content=\"image\/png\" \/>\n<script type=\"application\/ld+json\" class=\"yoast-schema-graph\">{\"@context\":\"https:\\\/\\\/schema.org\",\"@graph\":[{\"@type\":\"WebPage\",\"@id\":\"https:\\\/\\\/naturalpoland.com\\\/fr\\\/produkty\\\/produits-pour-lindustrie-cosmetique\\\/beurres-cosmetiques\\\/beurre-de-cassis\\\/\",\"url\":\"https:\\\/\\\/naturalpoland.com\\\/fr\\\/produkty\\\/produits-pour-lindustrie-cosmetique\\\/beurres-cosmetiques\\\/beurre-de-cassis\\\/\",\"name\":\"Beurre de cassis - Distributeur en gros\",\"isPartOf\":{\"@id\":\"https:\\\/\\\/naturalpoland.com\\\/fr\\\/#website\"},\"primaryImageOfPage\":{\"@id\":\"https:\\\/\\\/naturalpoland.com\\\/fr\\\/produkty\\\/produits-pour-lindustrie-cosmetique\\\/beurres-cosmetiques\\\/beurre-de-cassis\\\/#primaryimage\"},\"image\":{\"@id\":\"https:\\\/\\\/naturalpoland.com\\\/fr\\\/produkty\\\/produits-pour-lindustrie-cosmetique\\\/beurres-cosmetiques\\\/beurre-de-cassis\\\/#primaryimage\"},\"thumbnailUrl\":\"https:\\\/\\\/naturalpoland.com\\\/wp-content\\\/uploads\\\/blackcurrant_butter.png\",\"datePublished\":\"2023-07-21T14:26:52+00:00\",\"dateModified\":\"2023-08-10T10:42:33+00:00\",\"description\":\"Le beurre de cassis est un ingr\u00e9dient cosm\u00e9tique unique qui associe la richesse de l'huile de cassis \u00e0 des huiles v\u00e9g\u00e9tales hydrog\u00e9n\u00e9es.\",\"breadcrumb\":{\"@id\":\"https:\\\/\\\/naturalpoland.com\\\/fr\\\/produkty\\\/produits-pour-lindustrie-cosmetique\\\/beurres-cosmetiques\\\/beurre-de-cassis\\\/#breadcrumb\"},\"inLanguage\":\"fr-FR\",\"potentialAction\":[{\"@type\":\"ReadAction\",\"target\":[\"https:\\\/\\\/naturalpoland.com\\\/fr\\\/produkty\\\/produits-pour-lindustrie-cosmetique\\\/beurres-cosmetiques\\\/beurre-de-cassis\\\/\"]}]},{\"@type\":\"ImageObject\",\"inLanguage\":\"fr-FR\",\"@id\":\"https:\\\/\\\/naturalpoland.com\\\/fr\\\/produkty\\\/produits-pour-lindustrie-cosmetique\\\/beurres-cosmetiques\\\/beurre-de-cassis\\\/#primaryimage\",\"url\":\"https:\\\/\\\/naturalpoland.com\\\/wp-content\\\/uploads\\\/blackcurrant_butter.png\",\"contentUrl\":\"https:\\\/\\\/naturalpoland.com\\\/wp-content\\\/uploads\\\/blackcurrant_butter.png\",\"width\":595,\"height\":595,\"caption\":\"beurre de cassis\"},{\"@type\":\"BreadcrumbList\",\"@id\":\"https:\\\/\\\/naturalpoland.com\\\/fr\\\/produkty\\\/produits-pour-lindustrie-cosmetique\\\/beurres-cosmetiques\\\/beurre-de-cassis\\\/#breadcrumb\",\"itemListElement\":[{\"@type\":\"ListItem\",\"position\":1,\"name\":\"Accueil\",\"item\":\"https:\\\/\\\/naturalpoland.com\\\/fr\\\/\"},{\"@type\":\"ListItem\",\"position\":2,\"name\":\"Produits\",\"item\":\"https:\\\/\\\/naturalpoland.com\\\/fr\\\/produits\\\/\"},{\"@type\":\"ListItem\",\"position\":3,\"name\":\"Beurre de cassis\"}]},{\"@type\":\"WebSite\",\"@id\":\"https:\\\/\\\/naturalpoland.com\\\/fr\\\/#website\",\"url\":\"https:\\\/\\\/naturalpoland.com\\\/fr\\\/\",\"name\":\"NATURAL POLAND - Distributeur de mati\u00e8res premi\u00e8res en gros\",\"description\":\"Surowce dla przemys\u0142u spo\u017cywczego, kosmetycznego i farmaceutycznego\",\"publisher\":{\"@id\":\"https:\\\/\\\/naturalpoland.com\\\/fr\\\/#organization\"},\"potentialAction\":[{\"@type\":\"SearchAction\",\"target\":{\"@type\":\"EntryPoint\",\"urlTemplate\":\"https:\\\/\\\/naturalpoland.com\\\/fr\\\/?s={search_term_string}\"},\"query-input\":{\"@type\":\"PropertyValueSpecification\",\"valueRequired\":true,\"valueName\":\"search_term_string\"}}],\"inLanguage\":\"fr-FR\"},{\"@type\":\"Organization\",\"@id\":\"https:\\\/\\\/naturalpoland.com\\\/fr\\\/#organization\",\"name\":\"Natural Poland\",\"url\":\"https:\\\/\\\/naturalpoland.com\\\/fr\\\/\",\"logo\":{\"@type\":\"ImageObject\",\"inLanguage\":\"fr-FR\",\"@id\":\"https:\\\/\\\/naturalpoland.com\\\/fr\\\/#\\\/schema\\\/logo\\\/image\\\/\",\"url\":\"https:\\\/\\\/naturalpoland.com\\\/wp-content\\\/uploads\\\/2021\\\/05\\\/natural-poland-icon.png\",\"contentUrl\":\"https:\\\/\\\/naturalpoland.com\\\/wp-content\\\/uploads\\\/2021\\\/05\\\/natural-poland-icon.png\",\"width\":512,\"height\":512,\"caption\":\"Natural Poland\"},\"image\":{\"@id\":\"https:\\\/\\\/naturalpoland.com\\\/fr\\\/#\\\/schema\\\/logo\\\/image\\\/\"},\"sameAs\":[\"https:\\\/\\\/www.facebook.com\\\/naturalpoland.b2b\",\"https:\\\/\\\/pl.linkedin.com\\\/company\\\/natural-poland\",\"https:\\\/\\\/www.youtube.com\\\/channel\\\/UCgeGGkvOMahZo-xu_MSEWxg\"]}]}<\/script>\n<!-- \/ Yoast SEO plugin. -->","yoast_head_json":{"title":"Beurre de cassis - Distributeur en gros","description":"Le beurre de cassis est un ingr\u00e9dient cosm\u00e9tique unique qui associe la richesse de l'huile de cassis \u00e0 des huiles v\u00e9g\u00e9tales hydrog\u00e9n\u00e9es.","robots":{"index":"index","follow":"follow","max-snippet":"max-snippet:-1","max-image-preview":"max-image-preview:large","max-video-preview":"max-video-preview:-1"},"canonical":"https:\/\/naturalpoland.com\/fr\/produkty\/produits-pour-lindustrie-cosmetique\/beurres-cosmetiques\/beurre-de-cassis\/","og_locale":"fr_FR","og_type":"article","og_title":"Beurre de cassis - Distributeur en gros","og_description":"Le beurre de cassis est un ingr\u00e9dient cosm\u00e9tique unique qui associe la richesse de l'huile de cassis \u00e0 des huiles v\u00e9g\u00e9tales hydrog\u00e9n\u00e9es.","og_url":"https:\/\/naturalpoland.com\/fr\/produkty\/produits-pour-lindustrie-cosmetique\/beurres-cosmetiques\/beurre-de-cassis\/","og_site_name":"NATURAL POLAND - Distributeur de mati\u00e8res premi\u00e8res en gros","article_publisher":"https:\/\/www.facebook.com\/naturalpoland.b2b","article_modified_time":"2023-08-10T10:42:33+00:00","og_image":[{"width":595,"height":595,"url":"https:\/\/naturalpoland.com\/wp-content\/uploads\/blackcurrant_butter.png","type":"image\/png"}],"schema":{"@context":"https:\/\/schema.org","@graph":[{"@type":"WebPage","@id":"https:\/\/naturalpoland.com\/fr\/produkty\/produits-pour-lindustrie-cosmetique\/beurres-cosmetiques\/beurre-de-cassis\/","url":"https:\/\/naturalpoland.com\/fr\/produkty\/produits-pour-lindustrie-cosmetique\/beurres-cosmetiques\/beurre-de-cassis\/","name":"Beurre de cassis - Distributeur en gros","isPartOf":{"@id":"https:\/\/naturalpoland.com\/fr\/#website"},"primaryImageOfPage":{"@id":"https:\/\/naturalpoland.com\/fr\/produkty\/produits-pour-lindustrie-cosmetique\/beurres-cosmetiques\/beurre-de-cassis\/#primaryimage"},"image":{"@id":"https:\/\/naturalpoland.com\/fr\/produkty\/produits-pour-lindustrie-cosmetique\/beurres-cosmetiques\/beurre-de-cassis\/#primaryimage"},"thumbnailUrl":"https:\/\/naturalpoland.com\/wp-content\/uploads\/blackcurrant_butter.png","datePublished":"2023-07-21T14:26:52+00:00","dateModified":"2023-08-10T10:42:33+00:00","description":"Le beurre de cassis est un ingr\u00e9dient cosm\u00e9tique unique qui associe la richesse de l'huile de cassis \u00e0 des huiles v\u00e9g\u00e9tales hydrog\u00e9n\u00e9es.","breadcrumb":{"@id":"https:\/\/naturalpoland.com\/fr\/produkty\/produits-pour-lindustrie-cosmetique\/beurres-cosmetiques\/beurre-de-cassis\/#breadcrumb"},"inLanguage":"fr-FR","potentialAction":[{"@type":"ReadAction","target":["https:\/\/naturalpoland.com\/fr\/produkty\/produits-pour-lindustrie-cosmetique\/beurres-cosmetiques\/beurre-de-cassis\/"]}]},{"@type":"ImageObject","inLanguage":"fr-FR","@id":"https:\/\/naturalpoland.com\/fr\/produkty\/produits-pour-lindustrie-cosmetique\/beurres-cosmetiques\/beurre-de-cassis\/#primaryimage","url":"https:\/\/naturalpoland.com\/wp-content\/uploads\/blackcurrant_butter.png","contentUrl":"https:\/\/naturalpoland.com\/wp-content\/uploads\/blackcurrant_butter.png","width":595,"height":595,"caption":"beurre de cassis"},{"@type":"BreadcrumbList","@id":"https:\/\/naturalpoland.com\/fr\/produkty\/produits-pour-lindustrie-cosmetique\/beurres-cosmetiques\/beurre-de-cassis\/#breadcrumb","itemListElement":[{"@type":"ListItem","position":1,"name":"Accueil","item":"https:\/\/naturalpoland.com\/fr\/"},{"@type":"ListItem","position":2,"name":"Produits","item":"https:\/\/naturalpoland.com\/fr\/produits\/"},{"@type":"ListItem","position":3,"name":"Beurre de cassis"}]},{"@type":"WebSite","@id":"https:\/\/naturalpoland.com\/fr\/#website","url":"https:\/\/naturalpoland.com\/fr\/","name":"NATURAL POLAND - Distributeur de mati\u00e8res premi\u00e8res en gros","description":"Surowce dla przemys\u0142u spo\u017cywczego, kosmetycznego i farmaceutycznego","publisher":{"@id":"https:\/\/naturalpoland.com\/fr\/#organization"},"potentialAction":[{"@type":"SearchAction","target":{"@type":"EntryPoint","urlTemplate":"https:\/\/naturalpoland.com\/fr\/?s={search_term_string}"},"query-input":{"@type":"PropertyValueSpecification","valueRequired":true,"valueName":"search_term_string"}}],"inLanguage":"fr-FR"},{"@type":"Organization","@id":"https:\/\/naturalpoland.com\/fr\/#organization","name":"Natural Poland","url":"https:\/\/naturalpoland.com\/fr\/","logo":{"@type":"ImageObject","inLanguage":"fr-FR","@id":"https:\/\/naturalpoland.com\/fr\/#\/schema\/logo\/image\/","url":"https:\/\/naturalpoland.com\/wp-content\/uploads\/2021\/05\/natural-poland-icon.png","contentUrl":"https:\/\/naturalpoland.com\/wp-content\/uploads\/2021\/05\/natural-poland-icon.png","width":512,"height":512,"caption":"Natural Poland"},"image":{"@id":"https:\/\/naturalpoland.com\/fr\/#\/schema\/logo\/image\/"},"sameAs":["https:\/\/www.facebook.com\/naturalpoland.b2b","https:\/\/pl.linkedin.com\/company\/natural-poland","https:\/\/www.youtube.com\/channel\/UCgeGGkvOMahZo-xu_MSEWxg"]}]}},"_links":{"self":[{"href":"https:\/\/naturalpoland.com\/fr\/wp-json\/wp\/v2\/product\/24896","targetHints":{"allow":["GET"]}}],"collection":[{"href":"https:\/\/naturalpoland.com\/fr\/wp-json\/wp\/v2\/product"}],"about":[{"href":"https:\/\/naturalpoland.com\/fr\/wp-json\/wp\/v2\/types\/product"}],"wp:featuredmedia":[{"embeddable":true,"href":"https:\/\/naturalpoland.com\/fr\/wp-json\/wp\/v2\/media\/24375"}],"wp:attachment":[{"href":"https:\/\/naturalpoland.com\/fr\/wp-json\/wp\/v2\/media?parent=24896"}],"wp:term":[{"taxonomy":"product_brand","embeddable":true,"href":"https:\/\/naturalpoland.com\/fr\/wp-json\/wp\/v2\/product_brand?post=24896"},{"taxonomy":"product_cat","embeddable":true,"href":"https:\/\/naturalpoland.com\/fr\/wp-json\/wp\/v2\/product_cat?post=24896"},{"taxonomy":"product_tag","embeddable":true,"href":"https:\/\/naturalpoland.com\/fr\/wp-json\/wp\/v2\/product_tag?post=24896"}],"curies":[{"name":"wp","href":"https:\/\/api.w.org\/{rel}","templated":true}]}}